{"id":34826,"date":"2025-09-03T11:22:55","date_gmt":"2025-09-03T11:22:55","guid":{"rendered":"https:\/\/www.msds-europe.com\/?page_id=34826"},"modified":"2026-02-23T08:40:05","modified_gmt":"2026-02-23T08:40:05","slug":"kuenstliche-intelligenz-in-der-chemikaliensicherheit-sdb-clp-reach","status":"publish","type":"page","link":"https:\/\/www.msds-europe.com\/de\/kuenstliche-intelligenz-in-der-chemikaliensicherheit-sdb-clp-reach\/","title":{"rendered":"Anwendbarkeit von K\u00fcnstlicher Intelligenz in der Chemikaliensicherheit"},"content":{"rendered":"<p style=\"text-align: right;\"><em><a href=\"https:\/\/www.msds-europe.com\/\">MSDS-Europe<\/a> \u2013 <a href=\"https:\/\/www.msds-europe.com\/de\/kompass-zur-chemischen-sicherheit\/\">Kompass zur Chemikaliensicherheit<\/a> \u2013 Die Anwendbarkeit von K\u00fcnstlicher Intelligenz in der Chemikaliensicherheit<\/em><\/p>\n<p style=\"text-align: justify;\">K\u00fcnstliche Intelligenz (KI) hat auch in der chemischen Industrie Einzug gehalten. Im Bereich der <a href=\"https:\/\/www.msds-europe.com\/de\/kompass-zur-chemischen-sicherheit\/\">Chemikaliensicherheit<\/a> besteht daher ein zunehmender Bedarf an effizienterer Datenverarbeitung und der Automatisierung routinem\u00e4\u00dfiger Aufgaben.<\/p>\n<p>&nbsp;<\/p>\n<h3 style=\"text-align: justify;\"><strong>Erstellung von Sicherheitsdatenbl\u00e4ttern mit KI<\/strong><\/h3>\n<p style=\"text-align: justify;\">Die <a href=\"https:\/\/www.msds-europe.com\/de\/zusammenstellung-erstellung-von-sicherheitsdatenblaettern\/\">Erstellung von Sicherheitsdatenbl\u00e4ttern (SDB)<\/a> war traditionell ein manueller, zeit- und arbeitsintensiver Prozess. <strong>KI im Bereich der Chemikaliensicherheit<\/strong> erm\u00f6glicht es, diesen Prozess erheblich zu beschleunigen.<\/p>\n<p style=\"text-align: justify;\">KI-basierte Software existiert bereits, die automatisch SDB anhand bestehender chemischer Datenbanken und gesetzlicher Anforderungen erstellt. Dies reduziert den Zeit- und Personalaufwand f\u00fcr die Erstellung erheblich.<\/p>\n<p style=\"text-align: justify;\">KI-Systeme ber\u00fccksichtigen bei der Erstellung von <a href=\"https:\/\/www.msds-europe.com\/de\/definition-des-sicherheitsdatenblattes\/\">Sicherheitsdatenbl\u00e4ttern<\/a> die relevanten gesetzlichen und normativen Anforderungen, sodass die resultierenden Dokumente im Wesentlichen den geltenden Vorschriften entsprechen.<\/p>\n<p style=\"text-align: justify;\">Dies ist besonders effektiv f\u00fcr neu entwickelte Gemische, bei denen das System mit den neuesten Datenbanken und <a href=\"https:\/\/www.msds-europe.com\/de\/rechtsanderungsverfolger\/\">aktuellen gesetzlichen \u00c4nderungen<\/a> arbeitet.<\/p>\n<p style=\"text-align: justify;\">Es ist jedoch wichtig zu betonen, dass die KI allein bei bestehenden Gemischen mit bereits vorhandenem SDB keine vollst\u00e4ndige Konformit\u00e4t gew\u00e4hrleistet.<\/p>\n<p style=\"text-align: justify;\">In solchen F\u00e4llen m\u00fcssen die Sicherheitsdatenbl\u00e4tter von einem <a href=\"https:\/\/www.msds-europe.com\/de\/kundendienst\/\">menschlichen Experten \u00fcberpr\u00fcft und erg\u00e4nzt<\/a> werden, um sicherzustellen, dass \u00c4nderungen, M\u00e4ngel oder neue gesetzliche Anforderungen ordnungsgem\u00e4\u00df ber\u00fccksichtigt werden.<\/p>\n<p>&nbsp;<\/p>\n<h3 style=\"text-align: justify;\"><strong>KI-basierte Anwendungen in der Chemikaliensicherheit<\/strong><\/h3>\n<p style=\"text-align: justify;\">KI unterst\u00fctzt den Bereich der <strong>Chemikaliensicherheit<\/strong> nicht nur bei der Erstellung von SDB:<\/p>\n<ul style=\"text-align: justify;\">\n<li><strong>Einstufung gef\u00e4hrlicher Gemische<\/strong>: KI kann dabei helfen, komplexe Gemische korrekt in die richtige Gefahrenklasse einzustufen. Anhand der Daten der Gemischbestandteile kann das System bestimmen, in welche <a href=\"https:\/\/www.msds-europe.com\/de\/h-satze\/\">Gefahrenkategorien<\/a> das Gemisch einzustufen ist, und unterst\u00fctzt damit eine schnelle und pr\u00e4zise GHS-Einstufung.<\/li>\n<li><strong>Pr\u00e4diktive Toxikologiemodelle:<\/strong> Mithilfe von maschinellen Lernmodellen k\u00f6nnen potenzielle Gesundheits- oder Umweltrisiken einer neuen chemischen Substanz im Voraus vorhergesagt werden. Auf vorhandenen toxikologischen Daten trainierte Algorithmen sind in der Lage, vorherzusagen, welche potenziellen toxischen Wirkungen eine neu entwickelte Verbindung haben k\u00f6nnte. Auf diese Weise k\u00f6nnen m\u00f6gliche Gefahren bereits vor Beginn von Labortests identifiziert werden, was die Risikobewertung schneller und effizienter macht.<\/li>\n<\/ul>\n<p>&nbsp;<\/p>\n<h3 style=\"text-align: justify;\"><strong>Die Bedeutung der menschlichen \u00dcberpr\u00fcfung<\/strong><\/h3>\n<p style=\"text-align: justify;\">Trotz aller technologischen Fortschritte bleibt <strong>menschliche Fachkenntnis unverzichtbar<\/strong>. Auch wenn KI gro\u00dfe Datenmengen verarbeiten kann, m\u00fcssen automatisch erstellte SDB immer von einem erfahrenen Fachmann \u00fcberpr\u00fcft werden.<\/p>\n<p style=\"text-align: justify;\">KI kann Fehler machen oder Informationen falsch interpretieren; letztlich tr\u00e4gt daher ein Mensch die Verantwortung f\u00fcr die inhaltliche Genauigkeit und die <a href=\"https:\/\/www.msds-europe.com\/de\/reach-wissensbasis\/\">gesetzliche Konformit\u00e4t<\/a>. Aus diesem Grund sollten Sicherheitsdatenbl\u00e4tter, die mithilfe von KI erstellt wurden, erst nach einer Expertenpr\u00fcfung offiziell ausgestellt oder verwendet werden.<\/p>\n<p>&nbsp;<\/p>\n<h3 style=\"text-align: justify;\"><strong>Was sollte ich w\u00e4hlen?<\/strong><\/h3>\n<p style=\"text-align: justify;\">Die Anwendung von KI im Bereich der Chemikaliensicherheit kann erhebliche Vorteile bringen, insbesondere f\u00fcr Aufgaben, die die Verarbeitung gro\u00dfer Datenmengen oder die Ber\u00fccksichtigung komplexer gesetzlicher Anforderungen erfordern.<\/p>\n<p style=\"text-align: justify;\">Die Geschwindigkeit und Datenverarbeitungsf\u00e4higkeit der KI erm\u00f6glichen es, die Arbeitseffizienz zu steigern, aber um die besten Ergebnisse zu erzielen, sind ein sorgf\u00e4ltiger Einsatz dieser Systeme und die \u00dcberpr\u00fcfung durch menschliche Experten unverzichtbar.<\/p>\n<p style=\"text-align: justify;\">Unser Unternehmen untersucht und entwickelt kontinuierlich m\u00f6gliche Anwendungen der K\u00fcnstlichen Intelligenz im Rahmen unserer Innovationsprojekte. Wir sind \u00fcberzeugt, dass KI im Bereich der Chemikaliensicherheit ein gro\u00dfes Potenzial hat; der aktuelle Stand der Technik erlaubt es jedoch noch nicht, menschliche Fachkenntnis vollst\u00e4ndig zu ersetzen.<\/p>\n<p style=\"text-align: justify;\">Daher verfolgen wir die Entwicklung der KI aufmerksam, um k\u00fcnftig die fortschrittlichsten L\u00f6sungen effektiv und zuverl\u00e4ssig in unsere Dienstleistungen zur Chemikaliensicherheit integrieren zu k\u00f6nnen.<\/p>\n<p>&nbsp;<\/p>\n<h3>Weitere Fragen?<\/h3>\n<p>Kontaktieren Sie <a href=\"https:\/\/www.msds-europe.com\/de\/kundendienst\/\">unseren Kundenservice<\/a> oder stellen Sie Ihre Frage <a href=\"https:\/\/www.msds-europe.com\/de\/online-beratung\/\">online<\/a> an unseren Experten.<\/p>\n<a href=\"https:\/\/www.msds-europe.com\/de\/kundendienst\/\" class=\"su-button su-button-style-default\" style=\"color:#ef552d;background-color:#fefefe;border-color:#cccccc;border-radius:6px\" target=\"_self\"><span style=\"color:#ef552d;padding:0px 18px;font-size:14px;line-height:28px;border-color:#ffffff;border-radius:6px;text-shadow:none\"> Kundenservice<\/span><\/a>\n<a href=\"https:\/\/www.msds-europe.com\/de\/angebotsanfrage-sicherheitsdatenblatt\/\" class=\"su-button su-button-style-default\" style=\"color:#ffffff;background-color:#ef552d;border-color:#c04424;border-radius:6px\" target=\"_self\"><span style=\"color:#ffffff;padding:0px 18px;font-size:14px;line-height:28px;border-color:#f4886c;border-radius:6px;text-shadow:0px 0px 2px #ffffff\"> Experten fragen<\/span><\/a>\n<p>&nbsp;<\/p>\n<p><strong>Unsere Dienstleistungen:<\/strong><\/p>\n<ul>\n<li><a href=\"https:\/\/www.msds-europe.com\/de\/sicherheitsdatenblatt-uebersetzung\/\">Sicherheitsdatenblatt-\u00dcbersetzungen<\/a><\/li>\n<li><a href=\"https:\/\/www.msds-europe.com\/de\/zusammenstellung-erstellung-von-sicherheitsdatenblaettern\/\">Sicherheitsdatenblatt-Erstellung<\/a><\/li>\n<li>CLP-<a href=\"https:\/\/www.msds-europe.com\/de\/erstellung-von-etikettenentwuerfen\/\">Etikettenentwurf<\/a><\/li>\n<li><a href=\"https:\/\/www.msds-europe.com\/de\/ufi-dientsleistung\/\">PCN-Meldungen gef\u00e4hrlicher Gemische<\/a><\/li>\n<\/ul>\n<p>&nbsp;<\/p>\n<p><strong>N\u00fctzliche Artikel:<\/strong><\/p>\n<ul>\n<li><a href=\"https:\/\/www.msds-europe.com\/de\/kompass-zur-chemischen-sicherheit\/\">Kompass zur Chemikaliensicherheit<\/a><\/li>\n<li><a href=\"https:\/\/www.msds-europe.com\/de\/faq\/\">FAQ \u2013 H\u00e4ufig gestellte Fragen<\/a><\/li>\n<li><a href=\"https:\/\/www.msds-europe.com\/de\/rechtsanderungsverfolger\/\">\u00dcberblick \u00fcber Rechts\u00e4nderungen<\/a><\/li>\n<\/ul>\n<p>&nbsp;<\/p>\n<h4 style=\"text-align: justify;\"><span style=\"color: #333333;\">H\u00e4ufig gestellte Fragen<\/span><\/h4>\n<div class=\"su-spoiler su-spoiler-style-fancy su-spoiler-icon-chevron su-spoiler-closed\" data-scroll-offset=\"0\" data-anchor-in-url=\"no\"><div class=\"su-spoiler-title\" tabindex=\"0\" role=\"button\"><span class=\"su-spoiler-icon\"><\/span>Wie beschleunigt KI die Erstellung von Sicherheitsdatenbl\u00e4ttern (SDB)?<\/div><div class=\"su-spoiler-content su-u-clearfix su-u-trim\">\n<p style=\"text-align: justify;\">KI-basierte Software nutzt vorhandene chemische Stoffdatenbanken und gesetzliche Anforderungen zur automatischen Erstellung von SDB und reduziert den Zeit- und Arbeitsaufwand im Vergleich zur traditionellen manuellen Erstellung erheblich.<\/p>\n<\/div><\/div>\n<div class=\"su-spoiler su-spoiler-style-fancy su-spoiler-icon-chevron su-spoiler-closed\" data-scroll-offset=\"0\" data-anchor-in-url=\"no\"><div class=\"su-spoiler-title\" tabindex=\"0\" role=\"button\"><span class=\"su-spoiler-icon\"><\/span>Wann bleibt ein menschlicher Experte unverzichtbar?<\/div><div class=\"su-spoiler-content su-u-clearfix su-u-trim\">\n<p style=\"text-align: justify;\">Automatisch erstellte SDB m\u00fcssen stets von einem menschlichen Experten \u00fcberpr\u00fcft werden, um die inhaltliche Richtigkeit und die kontinuierliche Einhaltung der sich st\u00e4ndig \u00e4ndernden Vorschriften sicherzustellen.<\/p>\n<\/div><\/div>\n<div class=\"su-spoiler su-spoiler-style-fancy su-spoiler-icon-chevron su-spoiler-closed\" data-scroll-offset=\"0\" data-anchor-in-url=\"no\"><div class=\"su-spoiler-title\" tabindex=\"0\" role=\"button\"><span class=\"su-spoiler-icon\"><\/span>Wie unterst\u00fctzt KI die Einstufung gef\u00e4hrlicher Gemische?<\/div><div class=\"su-spoiler-content su-u-clearfix su-u-trim\">\n<p style=\"text-align: justify;\">Anhand der Bestandteildaten des Gemisches weist das System schnell die richtigen GHS-Gefahrenklassen zu und unterst\u00fctzt eine pr\u00e4zise und konsistente Einstufung.<\/p>\n<\/div><\/div>\n<div class=\"su-spoiler su-spoiler-style-fancy su-spoiler-icon-chevron su-spoiler-closed\" data-scroll-offset=\"0\" data-anchor-in-url=\"no\"><div class=\"su-spoiler-title\" tabindex=\"0\" role=\"button\"><span class=\"su-spoiler-icon\"><\/span>Wie unterst\u00fctzt KI die \u00dcberwachung gesetzlicher \u00c4nderungen?<\/div><div class=\"su-spoiler-content su-u-clearfix su-u-trim\">\n<p style=\"text-align: justify;\">Bestimmte KI-Plattformen analysieren neue Gesetzgebung in Echtzeit und melden sofort, wenn neue Anforderungen \u00c4nderungen an SDB oder Etiketten erfordern. Dadurch wird die Compliance proaktiv unterst\u00fctzt.<\/p>\n<\/div><\/div>\n","protected":false},"excerpt":{"rendered":"<p>MSDS-Europe \u2013 Kompass zur Chemikaliensicherheit \u2013 Die Anwendbarkeit von K\u00fcnstlicher Intelligenz in der Chemikaliensicherheit K\u00fcnstliche Intelligenz (KI) hat auch in der chemischen Industrie Einzug gehalten. Im Bereich der Chemikaliensicherheit besteht daher ein zunehmender Bedarf an effizienterer Datenverarbeitung und der Automatisierung routinem\u00e4\u00dfiger Aufgaben. &nbsp; Erstellung von Sicherheitsdatenbl\u00e4ttern mit KI Die Erstellung&#8230;<\/p>\n","protected":false},"author":2,"featured_media":0,"parent":0,"menu_order":0,"comment_status":"closed","ping_status":"closed","template":"","meta":{"_acf_changed":false,"footnotes":""},"tags":[],"class_list":["post-34826","page","type-page","status-publish","hentry"],"acf":[],"yoast_head":"<!-- This site is optimized with the Yoast SEO plugin v27.2 - https:\/\/yoast.com\/product\/yoast-seo-wordpress\/ -->\n<title>Anwendbarkeit von KI in der Chemikaliensicherheit<\/title>\n<meta name=\"description\" content=\"Entdecken Sie, wie KI die Chemikaliensicherheit durch die Automatisierung von SDBs, die Einstufung gef\u00e4hrlicher Stoffe.\" \/>\n<meta name=\"robots\" content=\"index, follow, max-snippet:-1, max-image-preview:large, max-video-preview:-1\" \/>\n<link rel=\"canonical\" href=\"https:\/\/www.msds-europe.com\/de\/kuenstliche-intelligenz-in-der-chemikaliensicherheit-sdb-clp-reach\/\" \/>\n<meta property=\"og:locale\" content=\"de_DE\" \/>\n<meta property=\"og:type\" content=\"article\" \/>\n<meta property=\"og:title\" content=\"Anwendbarkeit von KI in der Chemikaliensicherheit\" \/>\n<meta property=\"og:description\" content=\"Entdecken Sie, wie KI die Chemikaliensicherheit durch die Automatisierung von SDBs, die Einstufung gef\u00e4hrlicher Stoffe.\" \/>\n<meta property=\"og:url\" content=\"https:\/\/www.msds-europe.com\/de\/kuenstliche-intelligenz-in-der-chemikaliensicherheit-sdb-clp-reach\/\" \/>\n<meta property=\"og:site_name\" content=\"MSDS Europe\" \/>\n<meta property=\"article:publisher\" content=\"https:\/\/www.facebook.com\/toxinfokft\/\" \/>\n<meta property=\"article:modified_time\" content=\"2026-02-23T08:40:05+00:00\" \/>\n<meta name=\"twitter:card\" content=\"summary_large_image\" \/>\n<meta name=\"twitter:site\" content=\"@ToxInfoKft\" \/>\n<meta name=\"twitter:label1\" content=\"Gesch\u00e4tzte Lesezeit\" \/>\n\t<meta name=\"twitter:data1\" content=\"4\u00a0Minuten\" \/>\n<script type=\"application\/ld+json\" class=\"yoast-schema-graph\">{\"@context\":\"https:\/\/schema.org\",\"@graph\":[{\"@type\":\"WebPage\",\"@id\":\"https:\/\/www.msds-europe.com\/de\/kuenstliche-intelligenz-in-der-chemikaliensicherheit-sdb-clp-reach\/\",\"url\":\"https:\/\/www.msds-europe.com\/de\/kuenstliche-intelligenz-in-der-chemikaliensicherheit-sdb-clp-reach\/\",\"name\":\"Anwendbarkeit von KI in der Chemikaliensicherheit\",\"isPartOf\":{\"@id\":\"https:\/\/www.msds-europe.com\/es\/#website\"},\"datePublished\":\"2025-09-03T11:22:55+00:00\",\"dateModified\":\"2026-02-23T08:40:05+00:00\",\"description\":\"Entdecken Sie, wie KI die Chemikaliensicherheit durch die Automatisierung von SDBs, die Einstufung gef\u00e4hrlicher Stoffe.\",\"breadcrumb\":{\"@id\":\"https:\/\/www.msds-europe.com\/de\/kuenstliche-intelligenz-in-der-chemikaliensicherheit-sdb-clp-reach\/#breadcrumb\"},\"inLanguage\":\"de\",\"potentialAction\":[{\"@type\":\"ReadAction\",\"target\":[\"https:\/\/www.msds-europe.com\/de\/kuenstliche-intelligenz-in-der-chemikaliensicherheit-sdb-clp-reach\/\"]}]},{\"@type\":\"BreadcrumbList\",\"@id\":\"https:\/\/www.msds-europe.com\/de\/kuenstliche-intelligenz-in-der-chemikaliensicherheit-sdb-clp-reach\/#breadcrumb\",\"itemListElement\":[{\"@type\":\"ListItem\",\"position\":1,\"name\":\"F\u0151oldal\",\"item\":\"https:\/\/www.msds-europe.com\/de\/\"},{\"@type\":\"ListItem\",\"position\":2,\"name\":\"Anwendbarkeit von K\u00fcnstlicher Intelligenz in der Chemikaliensicherheit\"}]},{\"@type\":\"WebSite\",\"@id\":\"https:\/\/www.msds-europe.com\/es\/#website\",\"url\":\"https:\/\/www.msds-europe.com\/es\/\",\"name\":\"MSDS Europe\",\"description\":\"\",\"publisher\":{\"@id\":\"https:\/\/www.msds-europe.com\/es\/#organization\"},\"potentialAction\":[{\"@type\":\"SearchAction\",\"target\":{\"@type\":\"EntryPoint\",\"urlTemplate\":\"https:\/\/www.msds-europe.com\/es\/?s={search_term_string}\"},\"query-input\":{\"@type\":\"PropertyValueSpecification\",\"valueRequired\":true,\"valueName\":\"search_term_string\"}}],\"inLanguage\":\"de\"},{\"@type\":\"Organization\",\"@id\":\"https:\/\/www.msds-europe.com\/es\/#organization\",\"name\":\"MSDS-Europe International branch of ToxInfo\",\"url\":\"https:\/\/www.msds-europe.com\/es\/\",\"logo\":{\"@type\":\"ImageObject\",\"inLanguage\":\"de\",\"@id\":\"https:\/\/www.msds-europe.com\/es\/#\/schema\/logo\/image\/\",\"url\":\"https:\/\/www.msds-europe.com\/wp-content\/uploads\/2021\/04\/msds-europe-logo.jpg\",\"contentUrl\":\"https:\/\/www.msds-europe.com\/wp-content\/uploads\/2021\/04\/msds-europe-logo.jpg\",\"width\":2296,\"height\":1067,\"caption\":\"MSDS-Europe International branch of ToxInfo\"},\"image\":{\"@id\":\"https:\/\/www.msds-europe.com\/es\/#\/schema\/logo\/image\/\"},\"sameAs\":[\"https:\/\/www.facebook.com\/toxinfokft\/\",\"https:\/\/x.com\/ToxInfoKft\"]}]}<\/script>\n<!-- \/ Yoast SEO plugin. -->","yoast_head_json":{"title":"Anwendbarkeit von KI in der Chemikaliensicherheit","description":"Entdecken Sie, wie KI die Chemikaliensicherheit durch die Automatisierung von SDBs, die Einstufung gef\u00e4hrlicher Stoffe.","robots":{"index":"index","follow":"follow","max-snippet":"max-snippet:-1","max-image-preview":"max-image-preview:large","max-video-preview":"max-video-preview:-1"},"canonical":"https:\/\/www.msds-europe.com\/de\/kuenstliche-intelligenz-in-der-chemikaliensicherheit-sdb-clp-reach\/","og_locale":"de_DE","og_type":"article","og_title":"Anwendbarkeit von KI in der Chemikaliensicherheit","og_description":"Entdecken Sie, wie KI die Chemikaliensicherheit durch die Automatisierung von SDBs, die Einstufung gef\u00e4hrlicher Stoffe.","og_url":"https:\/\/www.msds-europe.com\/de\/kuenstliche-intelligenz-in-der-chemikaliensicherheit-sdb-clp-reach\/","og_site_name":"MSDS Europe","article_publisher":"https:\/\/www.facebook.com\/toxinfokft\/","article_modified_time":"2026-02-23T08:40:05+00:00","twitter_card":"summary_large_image","twitter_site":"@ToxInfoKft","twitter_misc":{"Gesch\u00e4tzte Lesezeit":"4\u00a0Minuten"},"schema":{"@context":"https:\/\/schema.org","@graph":[{"@type":"WebPage","@id":"https:\/\/www.msds-europe.com\/de\/kuenstliche-intelligenz-in-der-chemikaliensicherheit-sdb-clp-reach\/","url":"https:\/\/www.msds-europe.com\/de\/kuenstliche-intelligenz-in-der-chemikaliensicherheit-sdb-clp-reach\/","name":"Anwendbarkeit von KI in der Chemikaliensicherheit","isPartOf":{"@id":"https:\/\/www.msds-europe.com\/es\/#website"},"datePublished":"2025-09-03T11:22:55+00:00","dateModified":"2026-02-23T08:40:05+00:00","description":"Entdecken Sie, wie KI die Chemikaliensicherheit durch die Automatisierung von SDBs, die Einstufung gef\u00e4hrlicher Stoffe.","breadcrumb":{"@id":"https:\/\/www.msds-europe.com\/de\/kuenstliche-intelligenz-in-der-chemikaliensicherheit-sdb-clp-reach\/#breadcrumb"},"inLanguage":"de","potentialAction":[{"@type":"ReadAction","target":["https:\/\/www.msds-europe.com\/de\/kuenstliche-intelligenz-in-der-chemikaliensicherheit-sdb-clp-reach\/"]}]},{"@type":"BreadcrumbList","@id":"https:\/\/www.msds-europe.com\/de\/kuenstliche-intelligenz-in-der-chemikaliensicherheit-sdb-clp-reach\/#breadcrumb","itemListElement":[{"@type":"ListItem","position":1,"name":"F\u0151oldal","item":"https:\/\/www.msds-europe.com\/de\/"},{"@type":"ListItem","position":2,"name":"Anwendbarkeit von K\u00fcnstlicher Intelligenz in der Chemikaliensicherheit"}]},{"@type":"WebSite","@id":"https:\/\/www.msds-europe.com\/es\/#website","url":"https:\/\/www.msds-europe.com\/es\/","name":"MSDS Europe","description":"","publisher":{"@id":"https:\/\/www.msds-europe.com\/es\/#organization"},"potentialAction":[{"@type":"SearchAction","target":{"@type":"EntryPoint","urlTemplate":"https:\/\/www.msds-europe.com\/es\/?s={search_term_string}"},"query-input":{"@type":"PropertyValueSpecification","valueRequired":true,"valueName":"search_term_string"}}],"inLanguage":"de"},{"@type":"Organization","@id":"https:\/\/www.msds-europe.com\/es\/#organization","name":"MSDS-Europe International branch of ToxInfo","url":"https:\/\/www.msds-europe.com\/es\/","logo":{"@type":"ImageObject","inLanguage":"de","@id":"https:\/\/www.msds-europe.com\/es\/#\/schema\/logo\/image\/","url":"https:\/\/www.msds-europe.com\/wp-content\/uploads\/2021\/04\/msds-europe-logo.jpg","contentUrl":"https:\/\/www.msds-europe.com\/wp-content\/uploads\/2021\/04\/msds-europe-logo.jpg","width":2296,"height":1067,"caption":"MSDS-Europe International branch of ToxInfo"},"image":{"@id":"https:\/\/www.msds-europe.com\/es\/#\/schema\/logo\/image\/"},"sameAs":["https:\/\/www.facebook.com\/toxinfokft\/","https:\/\/x.com\/ToxInfoKft"]}]}},"_links":{"self":[{"href":"https:\/\/www.msds-europe.com\/de\/wp-json\/wp\/v2\/pages\/34826","targetHints":{"allow":["GET"]}}],"collection":[{"href":"https:\/\/www.msds-europe.com\/de\/wp-json\/wp\/v2\/pages"}],"about":[{"href":"https:\/\/www.msds-europe.com\/de\/wp-json\/wp\/v2\/types\/page"}],"author":[{"embeddable":true,"href":"https:\/\/www.msds-europe.com\/de\/wp-json\/wp\/v2\/users\/2"}],"replies":[{"embeddable":true,"href":"https:\/\/www.msds-europe.com\/de\/wp-json\/wp\/v2\/comments?post=34826"}],"version-history":[{"count":7,"href":"https:\/\/www.msds-europe.com\/de\/wp-json\/wp\/v2\/pages\/34826\/revisions"}],"predecessor-version":[{"id":37443,"href":"https:\/\/www.msds-europe.com\/de\/wp-json\/wp\/v2\/pages\/34826\/revisions\/37443"}],"wp:attachment":[{"href":"https:\/\/www.msds-europe.com\/de\/wp-json\/wp\/v2\/media?parent=34826"}],"wp:term":[{"taxonomy":"post_tag","embeddable":true,"href":"https:\/\/www.msds-europe.com\/de\/wp-json\/wp\/v2\/tags?post=34826"}],"curies":[{"name":"wp","href":"https:\/\/api.w.org\/{rel}","templated":true}]}}