{"id":34644,"date":"2025-09-01T14:23:58","date_gmt":"2025-09-01T14:23:58","guid":{"rendered":"https:\/\/www.msds-europe.com\/?page_id=34644"},"modified":"2026-02-24T10:19:15","modified_gmt":"2026-02-24T10:19:15","slug":"brexit-chemikaliensicherheit","status":"publish","type":"page","link":"https:\/\/www.msds-europe.com\/de\/brexit-chemikaliensicherheit\/","title":{"rendered":"Die Auswirkungen des Brexit auf die Chemikaliensicherheit"},"content":{"rendered":"<p style=\"text-align: right;\"><em><a href=\"https:\/\/www.msds-europe.com\/de\/\">MSDS-Europe<\/a> \u2013 <a href=\"https:\/\/www.msds-europe.com\/de\/kompass-zur-chemischen-sicherheit\/\">Kompass zur Chemikaliensicherheit<\/a> \u2013 Die Auswirkungen des Brexit auf die Chemikaliensicherheit<\/em><\/p>\n<p style=\"text-align: justify;\"><strong>Das Vereinigte K\u00f6nigreich hat bisher \u2013 wie jeder andere EWR-Mitgliedstaat \u2013 die EU-Gesetzgebung im Bereich der Chemikaliensicherheit angewendet. Als Folge des Brexit und nach Ablauf der \u00dcbergangsfrist (31. Dezember 2020) ist das Vereinigte K\u00f6nigreich jedoch nicht mehr Teil des EU-Rechtsrahmens zur Chemikaliensicherheit.<\/strong><\/p>\n<p style=\"text-align: justify;\"><strong>Welche \u00c4nderungen ergeben sich dadurch im Bereich der Chemikaliensicherheit f\u00fcr Chemikalien, die aus EWR-L\u00e4ndern importiert oder in diese exportiert werden?<\/strong><\/p>\n<p>&nbsp;<\/p>\n<h2 style=\"text-align: justify;\">Die Auswirkungen des Brexit auf den Handel<\/h2>\n<p style=\"text-align: justify;\">Das Vereinigte K\u00f6nigreich trat am 31. Januar 2020 aus der EU aus. Darauf folgte eine \u00dcbergangsfrist, die am 31. Dezember 2020 endete. Somit trat das neue System am 1. Januar 2021 in Kraft. Dies bedeutet, dass der Handel mit dem Vereinigten K\u00f6nigreich komplexer wird, da er nicht mehr innergemeinschaftlich erfolgt.<\/p>\n<p style=\"text-align: justify;\">Unter anderem gilt das harmonisierte Mehrwertsteuersystem der EU nicht mehr f\u00fcr das Land, das Zollsystem \u00e4ndert sich, und insgesamt steigt die Verwaltungsbelastung.<\/p>\n<p style=\"text-align: justify;\">Wenn also ein Unternehmen im Vereinigten K\u00f6nigreich oder im EWR ans\u00e4ssig ist und als Lieferant\/Anwender\/Vertriebspartner im Vereinigten K\u00f6nigreich t\u00e4tig ist, sollte es sich auf die folgenden \u00c4nderungen vorbereiten.<\/p>\n<p>&nbsp;<\/p>\n<h2 style=\"text-align: justify;\">Vorbereitung auf die \u00c4nderungen<\/h2>\n<p style=\"text-align: justify;\">Zun\u00e4chst sollte die Rolle des Unternehmens im neuen System sowie seine Beziehung zu den M\u00e4rkten im Vereinigten K\u00f6nigreich und im EWR definiert werden. Das Vereinigte K\u00f6nigreich wird f\u00fcr die EU-L\u00e4nder zu einem Drittstaat. Daher werden im Vereinigten K\u00f6nigreich ans\u00e4ssige Anwender und H\u00e4ndler, die Chemikalien\/Gemische aus dem EWR beziehen, zu Importeuren, und diese Rolle unterscheidet sich grundlegend vom bisherigen Status als \u201eH\u00e4ndler\u201c nach der REACH-Verordnung.<\/p>\n<p style=\"text-align: justify;\">Eine Orientierungshilfe zur Definition der Rollen \u2013 die f\u00fcr das grundlegende Verst\u00e4ndnis und die Definition der REACH-Anforderungen unerl\u00e4sslich ist \u2013 finden Sie auf der <a href=\"https:\/\/echa.europa.eu\/hu\/uk-withdrawal-from-the-eu\">ECHA-Website<\/a> oder in unserem Artikel \u201e<a href=\"https:\/\/www.msds-europe.com\/reach-obligations-manufacturers-importers\/\">REACH-Pflichten von Herstellern und Importeuren<\/a>\u201c.<\/p>\n<p style=\"text-align: justify;\">Die Rolle als Importeur\/Exporteur verpflichtet den Lieferanten der Chemikalie, sein <a href=\"https:\/\/www.msds-europe.com\/de\/sds-aktualisierung-ueberarbeitung\/\">Sicherheitsdatenblatt<\/a> und die Kennzeichnung entsprechend zu \u00fcberpr\u00fcfen.<\/p>\n<p style=\"text-align: justify;\">Die CLP-, BPR- und PIC-Verordnungen werden im Vereinigten K\u00f6nigreich durch nationales Recht ersetzt. Dies erfordert eine kontinuierliche Abstimmung der EU- und UK-Vorschriften sowie die Umsetzung von \u00c4nderungen, die sich aus den Unterschieden ergeben.<\/p>\n<p style=\"text-align: justify;\">Allerdings sind zun\u00e4chst keine radikalen \u00c4nderungen zu erwarten, da das Vereinigte K\u00f6nigreich den gr\u00f6\u00dften Teil der Gesetzgebung mit geringf\u00fcgigen Anpassungen \u00fcbernimmt, sodass diese im nationalen Kontext wirksam angewendet werden kann. Beispielsweise wird die CLP-Verordnung durch die GB-CLP-Verordnung und die EU-REACH-Verordnung durch die UK-REACH-Verordnung ersetzt.<\/p>\n<p style=\"text-align: justify;\">Betrachten wir nun die \u00c4nderungen, die wir bei den wichtigsten Chemikaliensicherheitsvorschriften erwarten k\u00f6nnen.<\/p>\n<p>&nbsp;<\/p>\n<h2 style=\"text-align: justify;\">\u00c4nderungen bei grundlegenden Anforderungen an die Chemikaliensicherheit<\/h2>\n<h3 style=\"text-align: justify;\"><span style=\"color: #333333;\">UK REACH<\/span><\/h3>\n<p style=\"text-align: justify;\">Bei der UK-REACH-Verordnung bleiben die Grundprinzipien erhalten (keine Daten \u2013 kein Markt; Minimierung von Tierversuchen; Zugang zu Informationen f\u00fcr Arbeitnehmer; Vorsorgeprinzip usw.). Die UK-REACH- und die EU-REACH-Verordnungen werden jedoch unabh\u00e4ngig voneinander betrieben.<\/p>\n<p style=\"text-align: justify;\">Wenn ein Unternehmen sowohl im EWR als auch im Vereinigten K\u00f6nigreich Chemikalien liefert oder kauft, muss es die beiden unterschiedlichen Rechtsrahmen einhalten.<\/p>\n<p style=\"text-align: justify;\">Eine Orientierungshilfe zur Einhaltung der UK-REACH-Vorschriften finden Sie unter diesem aktuellen <a href=\"https:\/\/www.gov.uk\/guidance\/how-to-comply-with-reach-chemical-regulations\">Link<\/a>.<\/p>\n<p style=\"text-align: justify;\">F\u00fcr Unterst\u00fctzung und weitere Informationen wenden Sie sich an die nationale Beh\u00f6rde (HSE \u2013 The Health and Safety Executive ist die nationale Aufsichtsbeh\u00f6rde f\u00fcr Arbeitsschutz im Vereinigten K\u00f6nigreich).<\/p>\n<h3 style=\"text-align: justify;\"><span style=\"color: #333333;\">Biozide<\/span><\/h3>\n<p style=\"text-align: justify;\">Das Vereinigte K\u00f6nigreich \u00fcbernimmt auch die Biozidprodukte-Verordnung (BPR) mit geringf\u00fcgigen \u00c4nderungen.<\/p>\n<p style=\"text-align: justify;\">Wenn Sie die Zulassung eines Wirkstoffs oder die Genehmigung eines Biozidprodukts im Vereinigten K\u00f6nigreich beantragen m\u00f6chten, m\u00fcssen Sie sich an die HSE wenden, anstatt an die ECHA. Die HSE \u00fcbernimmt die bisherigen Funktionen der ECHA, wird jedoch eigene Verfahren zur Bearbeitung der eingereichten Antr\u00e4ge anwenden.<\/p>\n<p style=\"text-align: justify;\"><strong>Was geschieht, wenn wir bereits eine g\u00fcltige Biozidproduktgenehmigung im Vereinigten K\u00f6nigreich haben?<\/strong><\/p>\n<p style=\"text-align: justify;\">Bisher erteilte Genehmigungen f\u00fcr Biozidprodukte bleiben bis zu ihrem Ablaufdatum g\u00fcltig.<\/p>\n<p style=\"text-align: justify;\">Der Zulassungsinhaber muss jedoch innerhalb eines Jahres (bis zum 1. Januar 2022) im Vereinigten K\u00f6nigreich ans\u00e4ssig sein. Auch die Genehmigung eines Wirkstoffs bleibt bis zum regul\u00e4ren Ablaufdatum g\u00fcltig, jedoch m\u00fcssen die urspr\u00fcnglich eingereichten Informationen ebenfalls an die HSE \u00fcbermittelt werden.<\/p>\n<p style=\"text-align: justify;\"><strong>Was geschieht, wenn unser Antrag derzeit bearbeitet wird?<\/strong><\/p>\n<p style=\"text-align: justify;\">Die HSE wird das Verfahren zur Erteilung einer nationalen Genehmigung fortsetzen; die die urspr\u00fcngliche Antragstellung unterst\u00fctzenden Informationen m\u00fcssen jedoch erneut eingereicht werden.<\/p>\n<p style=\"text-align: justify;\">Die britische Version der Liste der zugelassenen Wirkstofflieferanten (Artikel-95-Liste) wird am Ende der \u00dcbergangsfrist auf der Grundlage der aktuellen EU-Liste erstellt.<\/p>\n<p style=\"text-align: justify;\">Daher wird ein Unternehmen, das auf der EU-Liste steht, automatisch auch in die britische Liste aufgenommen. Um dort zu verbleiben, m\u00fcssen jedoch zus\u00e4tzliche Informationen an die HSE \u00fcbermittelt werden. Es gibt eine Frist von zwei Jahren, um die Anforderungen zu erf\u00fcllen.<\/p>\n<p>&nbsp;<\/p>\n<h3 style=\"text-align: justify;\"><span style=\"color: #333333;\">Die PIC-Verordnung (vorherige Zustimmung nach Inkenntnissetzung)<\/span><\/h3>\n<p style=\"text-align: justify;\">Die PIC-Verordnung (Verordnung (EU) Nr. 649\/2012) regelt die Ein- und Ausfuhr bestimmter gef\u00e4hrlicher Chemikalien und legt Verpflichtungen f\u00fcr Unternehmen fest, die diese Chemikalien in Nicht-EU-L\u00e4nder exportieren m\u00f6chten.<\/p>\n<p style=\"text-align: justify;\">Nach Ablauf der \u00dcbergangsfrist gilt die EU-PIC-Verordnung nicht mehr f\u00fcr im Vereinigten K\u00f6nigreich ans\u00e4ssige Unternehmen; folglich besteht keine Verpflichtung mehr, Ein- und Ausfuhrdaten nach EU-PIC zu melden.<\/p>\n<p style=\"text-align: justify;\"><strong>Wichtig!<\/strong><\/p>\n<p style=\"text-align: justify;\">Sie sollten bei der HSE pr\u00fcfen, ob Sie nach dem neuen nationalen Recht eine Meldepflicht haben.<\/p>\n<p style=\"text-align: justify;\">Andererseits bleibt die Verordnung f\u00fcr Unternehmen mit Sitz in der EU in Kraft. Wenn also eine unter die PIC fallende Chemikalie in das Vereinigte K\u00f6nigreich exportiert oder aus diesem importiert wird, muss sie weiterhin gemeldet werden.<\/p>\n<p>&nbsp;<\/p>\n<h2 style=\"text-align: justify;\">Was sich durch den Brexit nicht \u00e4ndert<\/h2>\n<p style=\"text-align: justify;\">Die EU-CLP-Verordnung wird durch die GB-CLP-Verordnung ersetzt, orientiert sich jedoch weiterhin am UN-GHS-System (Globally Harmonized System of Classification and Labelling of Chemicals). Daher bleiben Unternehmen im Vereinigten K\u00f6nigreich verantwortlich f\u00fcr die Einstufung, Kennzeichnung und Verpackung von Chemikalien, die nach der GB-CLP-Verordnung in Verkehr gebracht werden. Ebenso \u00e4ndert sich nichts an den Anforderungen, wann eine <a href=\"https:\/\/www.msds-europe.com\/de\/clp-kennzeichnung-in-der-praxis\/\">Kennzeichnung<\/a> erforderlich ist (au\u00dfer bei den Transportkennzeichnungen), und auch die Verpackungsanforderungen bleiben unver\u00e4ndert.<\/p>\n<p style=\"text-align: justify;\">Dar\u00fcber hinaus bleiben im Vereinigten K\u00f6nigreich ans\u00e4ssige Lieferanten verantwortlich f\u00fcr die Identifizierung (Einstufung), Pr\u00fcfung und Bewertung potenzieller physikalischer, gesundheits- und umweltgef\u00e4hrlicher Eigenschaften von Chemikalien.<\/p>\n<p>&nbsp;<\/p>\n<h2 style=\"text-align: justify;\">Zusammenfassung der Auswirkungen des Brexit<\/h2>\n<p style=\"text-align: justify;\">Basierend auf den verf\u00fcgbaren offiziellen Informationen wurde ein effizienter und reibungsloser \u00dcbergang erwartet, da das Vereinigte K\u00f6nigreich den gr\u00f6\u00dften Teil der Gesetzgebung mit den oben genannten geringf\u00fcgigen \u00c4nderungen \u00fcbernimmt. Dar\u00fcber hinaus gab es einen gewissen Zeitraum, in dem die Unternehmen alle Anforderungen erf\u00fcllen konnten.<\/p>\n<p style=\"text-align: justify;\">Wir sollten jedoch unsere Situation unter beiden Rechtsrahmen \u00fcberpr\u00fcfen und die erforderlichen zus\u00e4tzlichen Schritte unternehmen (z. B. \u00dcbermittlung von Informationen an die <a href=\"https:\/\/www.hse.gov.uk\/\">HSE<\/a>). Schlie\u00dflich k\u00f6nnen wir uns bei Fragen zum Vereinigten K\u00f6nigreich an die HSE (nationale Beh\u00f6rde des Vereinigten K\u00f6nigreichs) statt an die ECHA wenden.<\/p>\n<h4><span style=\"color: #ff9900;\">Kostenlose Online-Beratung<\/span><\/h4>\n<p><span style=\"color: #000000;\">Wenn Sie die ben\u00f6tigten Informationen nicht auf unserer Website gefunden haben, stellen Sie Ihre Fragen zu Sicherheitsdatenbl\u00e4ttern direkt unserem Experten.<\/span><\/p>\n<p><span style=\"color: #000000;\">Um Fragen zu stellen, verwenden Sie bitte die folgende Nachrichtenanwendung:<\/span><\/p>\n<a href=\"https:\/\/www.msds-europe.com\/de\/online-beratung\/\" class=\"su-button su-button-style-default\" style=\"color:#ffffff;background-color:#ef552d;border-color:#c04424;border-radius:6px\" target=\"_self\"><span style=\"color:#ffffff;padding:0px 18px;font-size:14px;line-height:28px;border-color:#f4886c;border-radius:6px;text-shadow:0px 0px 2px #ffffff\"> Fragen Sie unseren Chemikaliensicherheitsexperten!<\/span><\/a>\n<p>&nbsp;<\/p>\n<p>\u00a0<\/p>\n<h4>H\u00e4ufig gestellte Fragen und Antworten<\/h4>\n<div class=\"su-spoiler su-spoiler-style-fancy su-spoiler-icon-chevron su-spoiler-closed\" data-scroll-offset=\"0\" data-anchor-in-url=\"no\"><div class=\"su-spoiler-title\" tabindex=\"0\" role=\"button\"><span class=\"su-spoiler-icon\"><\/span>Ben\u00f6tige ich eine neue UK-REACH-Registrierung, wenn ich bereits eine EU-REACH-Registrierung f\u00fcr denselben Stoff habe?<\/div><div class=\"su-spoiler-content su-u-clearfix su-u-trim\">\n<p>Ja. Ab dem 1. Januar 2021 ist eine EU-REACH-Registrierung im Vereinigten K\u00f6nigreich nicht mehr g\u00fcltig, sodass der Stoff innerhalb der geltenden \u00dcbergangsfristen separat nach UK REACH registriert werden muss.<\/p>\n<\/div><\/div>\n<div class=\"su-spoiler su-spoiler-style-fancy su-spoiler-icon-chevron su-spoiler-closed\" data-scroll-offset=\"0\" data-anchor-in-url=\"no\"><div class=\"su-spoiler-title\" tabindex=\"0\" role=\"button\"><span class=\"su-spoiler-icon\"><\/span>Was bedeutet der Status \u201eDrittland\u201c f\u00fcr einen EU-Exporteur?<\/div><div class=\"su-spoiler-content su-u-clearfix su-u-trim\">\n<p>Lieferungen in das Vereinigte K\u00f6nigreich sind nun Exporte; der britische Kunde wird zum Importeur, was Zoll-, MwSt.- sowie Pflichten zur \u00dcberpr\u00fcfung von Sicherheitsdatenblatt und Kennzeichnung ausl\u00f6st.<\/p>\n<\/div><\/div>\n<div class=\"su-spoiler su-spoiler-style-fancy su-spoiler-icon-chevron su-spoiler-closed\" data-scroll-offset=\"0\" data-anchor-in-url=\"no\"><div class=\"su-spoiler-title\" tabindex=\"0\" role=\"button\"><span class=\"su-spoiler-icon\"><\/span>\u00c4ndern sich die GHS-Piktogramme auf dem britischen Markt?<\/div><div class=\"su-spoiler-content su-u-clearfix su-u-trim\">\n<p>Nein. Die GB-CLP-Verordnung folgt weiterhin dem UN-GHS, daher bleiben Gefahrensymbole und H-\/P-S\u00e4tze gleich; nur die rechtliche Bezugnahme unterscheidet sich.<\/p>\n<\/div><\/div>\n<div class=\"su-spoiler su-spoiler-style-fancy su-spoiler-icon-chevron su-spoiler-closed\" data-scroll-offset=\"0\" data-anchor-in-url=\"no\"><div class=\"su-spoiler-title\" tabindex=\"0\" role=\"button\"><span class=\"su-spoiler-icon\"><\/span>Was geschieht mit bereits im Vereinigten K\u00f6nigreich erteilten Biozidgenehmigungen?<\/div><div class=\"su-spoiler-content su-u-clearfix su-u-trim\">\n<p>Sie bleiben bis zum Ablauf g\u00fcltig, aber der Zulassungsinhaber musste sich innerhalb eines Jahres (bis 2022) im Vereinigten K\u00f6nigreich ansiedeln; neue Antr\u00e4ge sind direkt bei der britischen Beh\u00f6rde (HSE) einzureichen.<\/p>\n<\/div><\/div>\n<p>\u00a0<\/p>\n","protected":false},"excerpt":{"rendered":"<p>MSDS-Europe \u2013 Kompass zur Chemikaliensicherheit \u2013 Die Auswirkungen des Brexit auf die Chemikaliensicherheit Das Vereinigte K\u00f6nigreich hat bisher \u2013 wie jeder andere EWR-Mitgliedstaat \u2013 die EU-Gesetzgebung im Bereich der Chemikaliensicherheit angewendet. Als Folge des Brexit und nach Ablauf der \u00dcbergangsfrist (31. Dezember 2020) ist das Vereinigte K\u00f6nigreich jedoch nicht mehr&#8230;<\/p>\n","protected":false},"author":2,"featured_media":0,"parent":0,"menu_order":0,"comment_status":"closed","ping_status":"closed","template":"","meta":{"_acf_changed":false,"footnotes":""},"tags":[336],"class_list":["post-34644","page","type-page","status-publish","hentry","tag-chemikaliensicherheit-de"],"acf":[],"yoast_head":"<!-- This site is optimized with the Yoast SEO plugin v27.2 - https:\/\/yoast.com\/product\/yoast-seo-wordpress\/ -->\n<title>Die Auswirkungen des Brexit auf die Chemikaliensicherheit<\/title>\n<meta name=\"description\" content=\"Auswirkungen des Brexit auf die Chemikaliensicherheit in Bezug auf importierte Chemikalien oder Chemikalien, die aus EWR-L\u00e4ndern exportiert werden.\" \/>\n<meta name=\"robots\" content=\"index, follow, max-snippet:-1, max-image-preview:large, max-video-preview:-1\" \/>\n<link rel=\"canonical\" href=\"https:\/\/www.msds-europe.com\/de\/brexit-chemikaliensicherheit\/\" \/>\n<meta property=\"og:locale\" content=\"de_DE\" \/>\n<meta property=\"og:type\" content=\"article\" \/>\n<meta property=\"og:title\" content=\"Die Auswirkungen des Brexit auf die Chemikaliensicherheit\" \/>\n<meta property=\"og:description\" content=\"Auswirkungen des Brexit auf die Chemikaliensicherheit in Bezug auf importierte Chemikalien oder Chemikalien, die aus EWR-L\u00e4ndern exportiert werden.\" \/>\n<meta property=\"og:url\" content=\"https:\/\/www.msds-europe.com\/de\/brexit-chemikaliensicherheit\/\" \/>\n<meta property=\"og:site_name\" content=\"MSDS Europe\" \/>\n<meta property=\"article:publisher\" content=\"https:\/\/www.facebook.com\/toxinfokft\/\" \/>\n<meta property=\"article:modified_time\" content=\"2026-02-24T10:19:15+00:00\" \/>\n<meta name=\"twitter:card\" content=\"summary_large_image\" \/>\n<meta name=\"twitter:site\" content=\"@ToxInfoKft\" \/>\n<meta name=\"twitter:label1\" content=\"Gesch\u00e4tzte Lesezeit\" \/>\n\t<meta name=\"twitter:data1\" content=\"6\u00a0Minuten\" \/>\n<script type=\"application\/ld+json\" class=\"yoast-schema-graph\">{\"@context\":\"https:\/\/schema.org\",\"@graph\":[{\"@type\":\"WebPage\",\"@id\":\"https:\/\/www.msds-europe.com\/de\/brexit-chemikaliensicherheit\/\",\"url\":\"https:\/\/www.msds-europe.com\/de\/brexit-chemikaliensicherheit\/\",\"name\":\"Die Auswirkungen des Brexit auf die Chemikaliensicherheit\",\"isPartOf\":{\"@id\":\"https:\/\/www.msds-europe.com\/es\/#website\"},\"datePublished\":\"2025-09-01T14:23:58+00:00\",\"dateModified\":\"2026-02-24T10:19:15+00:00\",\"description\":\"Auswirkungen des Brexit auf die Chemikaliensicherheit in Bezug auf importierte Chemikalien oder Chemikalien, die aus EWR-L\u00e4ndern exportiert werden.\",\"breadcrumb\":{\"@id\":\"https:\/\/www.msds-europe.com\/de\/brexit-chemikaliensicherheit\/#breadcrumb\"},\"inLanguage\":\"de\",\"potentialAction\":[{\"@type\":\"ReadAction\",\"target\":[\"https:\/\/www.msds-europe.com\/de\/brexit-chemikaliensicherheit\/\"]}]},{\"@type\":\"BreadcrumbList\",\"@id\":\"https:\/\/www.msds-europe.com\/de\/brexit-chemikaliensicherheit\/#breadcrumb\",\"itemListElement\":[{\"@type\":\"ListItem\",\"position\":1,\"name\":\"F\u0151oldal\",\"item\":\"https:\/\/www.msds-europe.com\/de\/\"},{\"@type\":\"ListItem\",\"position\":2,\"name\":\"Die Auswirkungen des Brexit auf die Chemikaliensicherheit\"}]},{\"@type\":\"WebSite\",\"@id\":\"https:\/\/www.msds-europe.com\/es\/#website\",\"url\":\"https:\/\/www.msds-europe.com\/es\/\",\"name\":\"MSDS Europe\",\"description\":\"\",\"publisher\":{\"@id\":\"https:\/\/www.msds-europe.com\/es\/#organization\"},\"potentialAction\":[{\"@type\":\"SearchAction\",\"target\":{\"@type\":\"EntryPoint\",\"urlTemplate\":\"https:\/\/www.msds-europe.com\/es\/?s={search_term_string}\"},\"query-input\":{\"@type\":\"PropertyValueSpecification\",\"valueRequired\":true,\"valueName\":\"search_term_string\"}}],\"inLanguage\":\"de\"},{\"@type\":\"Organization\",\"@id\":\"https:\/\/www.msds-europe.com\/es\/#organization\",\"name\":\"MSDS-Europe International branch of ToxInfo\",\"url\":\"https:\/\/www.msds-europe.com\/es\/\",\"logo\":{\"@type\":\"ImageObject\",\"inLanguage\":\"de\",\"@id\":\"https:\/\/www.msds-europe.com\/es\/#\/schema\/logo\/image\/\",\"url\":\"https:\/\/www.msds-europe.com\/wp-content\/uploads\/2021\/04\/msds-europe-logo.jpg\",\"contentUrl\":\"https:\/\/www.msds-europe.com\/wp-content\/uploads\/2021\/04\/msds-europe-logo.jpg\",\"width\":2296,\"height\":1067,\"caption\":\"MSDS-Europe International branch of ToxInfo\"},\"image\":{\"@id\":\"https:\/\/www.msds-europe.com\/es\/#\/schema\/logo\/image\/\"},\"sameAs\":[\"https:\/\/www.facebook.com\/toxinfokft\/\",\"https:\/\/x.com\/ToxInfoKft\"]}]}<\/script>\n<!-- \/ Yoast SEO plugin. -->","yoast_head_json":{"title":"Die Auswirkungen des Brexit auf die Chemikaliensicherheit","description":"Auswirkungen des Brexit auf die Chemikaliensicherheit in Bezug auf importierte Chemikalien oder Chemikalien, die aus EWR-L\u00e4ndern exportiert werden.","robots":{"index":"index","follow":"follow","max-snippet":"max-snippet:-1","max-image-preview":"max-image-preview:large","max-video-preview":"max-video-preview:-1"},"canonical":"https:\/\/www.msds-europe.com\/de\/brexit-chemikaliensicherheit\/","og_locale":"de_DE","og_type":"article","og_title":"Die Auswirkungen des Brexit auf die Chemikaliensicherheit","og_description":"Auswirkungen des Brexit auf die Chemikaliensicherheit in Bezug auf importierte Chemikalien oder Chemikalien, die aus EWR-L\u00e4ndern exportiert werden.","og_url":"https:\/\/www.msds-europe.com\/de\/brexit-chemikaliensicherheit\/","og_site_name":"MSDS Europe","article_publisher":"https:\/\/www.facebook.com\/toxinfokft\/","article_modified_time":"2026-02-24T10:19:15+00:00","twitter_card":"summary_large_image","twitter_site":"@ToxInfoKft","twitter_misc":{"Gesch\u00e4tzte Lesezeit":"6\u00a0Minuten"},"schema":{"@context":"https:\/\/schema.org","@graph":[{"@type":"WebPage","@id":"https:\/\/www.msds-europe.com\/de\/brexit-chemikaliensicherheit\/","url":"https:\/\/www.msds-europe.com\/de\/brexit-chemikaliensicherheit\/","name":"Die Auswirkungen des Brexit auf die Chemikaliensicherheit","isPartOf":{"@id":"https:\/\/www.msds-europe.com\/es\/#website"},"datePublished":"2025-09-01T14:23:58+00:00","dateModified":"2026-02-24T10:19:15+00:00","description":"Auswirkungen des Brexit auf die Chemikaliensicherheit in Bezug auf importierte Chemikalien oder Chemikalien, die aus EWR-L\u00e4ndern exportiert werden.","breadcrumb":{"@id":"https:\/\/www.msds-europe.com\/de\/brexit-chemikaliensicherheit\/#breadcrumb"},"inLanguage":"de","potentialAction":[{"@type":"ReadAction","target":["https:\/\/www.msds-europe.com\/de\/brexit-chemikaliensicherheit\/"]}]},{"@type":"BreadcrumbList","@id":"https:\/\/www.msds-europe.com\/de\/brexit-chemikaliensicherheit\/#breadcrumb","itemListElement":[{"@type":"ListItem","position":1,"name":"F\u0151oldal","item":"https:\/\/www.msds-europe.com\/de\/"},{"@type":"ListItem","position":2,"name":"Die Auswirkungen des Brexit auf die Chemikaliensicherheit"}]},{"@type":"WebSite","@id":"https:\/\/www.msds-europe.com\/es\/#website","url":"https:\/\/www.msds-europe.com\/es\/","name":"MSDS Europe","description":"","publisher":{"@id":"https:\/\/www.msds-europe.com\/es\/#organization"},"potentialAction":[{"@type":"SearchAction","target":{"@type":"EntryPoint","urlTemplate":"https:\/\/www.msds-europe.com\/es\/?s={search_term_string}"},"query-input":{"@type":"PropertyValueSpecification","valueRequired":true,"valueName":"search_term_string"}}],"inLanguage":"de"},{"@type":"Organization","@id":"https:\/\/www.msds-europe.com\/es\/#organization","name":"MSDS-Europe International branch of ToxInfo","url":"https:\/\/www.msds-europe.com\/es\/","logo":{"@type":"ImageObject","inLanguage":"de","@id":"https:\/\/www.msds-europe.com\/es\/#\/schema\/logo\/image\/","url":"https:\/\/www.msds-europe.com\/wp-content\/uploads\/2021\/04\/msds-europe-logo.jpg","contentUrl":"https:\/\/www.msds-europe.com\/wp-content\/uploads\/2021\/04\/msds-europe-logo.jpg","width":2296,"height":1067,"caption":"MSDS-Europe International branch of ToxInfo"},"image":{"@id":"https:\/\/www.msds-europe.com\/es\/#\/schema\/logo\/image\/"},"sameAs":["https:\/\/www.facebook.com\/toxinfokft\/","https:\/\/x.com\/ToxInfoKft"]}]}},"_links":{"self":[{"href":"https:\/\/www.msds-europe.com\/de\/wp-json\/wp\/v2\/pages\/34644","targetHints":{"allow":["GET"]}}],"collection":[{"href":"https:\/\/www.msds-europe.com\/de\/wp-json\/wp\/v2\/pages"}],"about":[{"href":"https:\/\/www.msds-europe.com\/de\/wp-json\/wp\/v2\/types\/page"}],"author":[{"embeddable":true,"href":"https:\/\/www.msds-europe.com\/de\/wp-json\/wp\/v2\/users\/2"}],"replies":[{"embeddable":true,"href":"https:\/\/www.msds-europe.com\/de\/wp-json\/wp\/v2\/comments?post=34644"}],"version-history":[{"count":5,"href":"https:\/\/www.msds-europe.com\/de\/wp-json\/wp\/v2\/pages\/34644\/revisions"}],"predecessor-version":[{"id":37654,"href":"https:\/\/www.msds-europe.com\/de\/wp-json\/wp\/v2\/pages\/34644\/revisions\/37654"}],"wp:attachment":[{"href":"https:\/\/www.msds-europe.com\/de\/wp-json\/wp\/v2\/media?parent=34644"}],"wp:term":[{"taxonomy":"post_tag","embeddable":true,"href":"https:\/\/www.msds-europe.com\/de\/wp-json\/wp\/v2\/tags?post=34644"}],"curies":[{"name":"wp","href":"https:\/\/api.w.org\/{rel}","templated":true}]}}