{"id":34609,"date":"2025-09-01T12:53:40","date_gmt":"2025-09-01T12:53:40","guid":{"rendered":"https:\/\/www.msds-europe.com\/?page_id=34609"},"modified":"2026-02-24T12:54:22","modified_gmt":"2026-02-24T12:54:22","slug":"uebersetzungsbuero-vs-fachunternehmen-sdb","status":"publish","type":"page","link":"https:\/\/www.msds-europe.com\/de\/uebersetzungsbuero-vs-fachunternehmen-sdb\/","title":{"rendered":"\u00dcbersetzungsb\u00fcro vs. Fachunternehmen: Wer sollte Ihr Sicherheitsdatenblatt \u00fcbersetzen?"},"content":{"rendered":"<p style=\"text-align: right;\"><em><a href=\"https:\/\/www.msds-europe.com\/\">MSDS-Europe<\/a> \u2013 <a href=\"https:\/\/www.msds-europe.com\/de\/kompass-zur-chemischen-sicherheit\/\">Kompass zur Chemikaliensicherheit<\/a><\/em> \u2013 <em>\u00dcbersetzungsb\u00fcro vs. Fachunternehmen: Wer sollte ein Sicherheitsdatenblatt \u00fcbersetzen?<\/em><\/p>\n<p>&nbsp;<\/p>\n<p style=\"text-align: justify;\">F\u00fcr Unternehmen, die mit gef\u00e4hrlichen Stoffen und Gemischen arbeiten, ist die <strong>Qualit\u00e4t der \u00dcbersetzungen ihrer Sicherheitsdatenbl\u00e4tter (SDB)<\/strong> von gr\u00f6\u00dfter Bedeutung.<\/p>\n<p style=\"text-align: justify;\">Ein <a href=\"https:\/\/www.msds-europe.com\/de\/nutzliche-informationen-und-hintergrundsmaterialien-fur-sicherheitsdatenblatter\/\">Sicherheitsdatenblatt (SDB)<\/a> ist nicht nur ein Pflichtdokument; es spielt eine zentrale Rolle bei der Gew\u00e4hrleistung der <strong>Chemikaliensicherheit<\/strong> am Arbeitsplatz und bei der Einhaltung gesetzlicher Vorschriften. Nach den <a href=\"https:\/\/www.msds-europe.com\/de\/rechtsanderungsverfolger\/\">EU-Vorschriften<\/a> m\u00fcssen <a href=\"https:\/\/www.msds-europe.com\/de\/sds-sprachanforderungen\/\">SDB in der Amtssprache des Landes bereitgestellt werden<\/a>, in dem das <a href=\"https:\/\/www.msds-europe.com\/de\/sds-sprachanforderungen\/\">Produkt in Verkehr gebracht wird<\/a> \u2013 die \u00dcbersetzung ist also eine gesetzliche Verpflichtung. Eine fehlerhafte \u00dcbersetzung kann zu Missverst\u00e4ndnissen, Sicherheitsrisiken und rechtlichen Konsequenzen f\u00fchren.<\/p>\n<h3 style=\"text-align: justify;\"><strong>Die Frage lautet also: Sollten wir unser SDB von einem \u00dcbersetzungsb\u00fcro oder von einem Fachunternehmen f\u00fcr Chemikaliensicherheit \u00fcbersetzen lassen?<\/strong><\/h3>\n<p style=\"text-align: justify;\">Im Folgenden vergleichen wir beide Ans\u00e4tze, um Ihnen eine fundierte Entscheidung zu erleichtern.<\/p>\n<h4>\u00dcbersetzungsb\u00fcro \u2013 sprachliche Experten: Vorteile und Nachteile<\/h4>\n<h5 style=\"text-align: justify;\"><span style=\"color: #000000;\"><strong>Vorteile:<\/strong><\/span><\/h5>\n<p style=\"text-align: justify;\">Ein klassisches \u00dcbersetzungsb\u00fcro bietet professionelle Sprachdienstleistungen, oft mit muttersprachlichen \u00dcbersetzern. Seine St\u00e4rke liegt in sprachlicher Richtigkeit und Klarheit. Es \u00fcbersetzt zudem schnell in mehrere Sprachen \u2013 n\u00fctzlich, wenn das SDB ein Produkt in mehrere M\u00e4rkte begleiten soll.<\/p>\n<p style=\"text-align: justify;\">Dar\u00fcber hinaus gew\u00e4hren Agenturen in der Regel Rabatte f\u00fcr wiederholte Segmente, was umfangreiche oder teilweise repetitive Dokumente kosteng\u00fcnstiger machen kann.<\/p>\n<h5 style=\"text-align: justify;\"><span style=\"color: #000000;\"><strong>Nachteile:<\/strong><\/span><\/h5>\n<p style=\"text-align: justify;\">Die meisten Agenturen bieten allgemeine sprachliche Expertise und verf\u00fcgen m\u00f6glicherweise nicht \u00fcber vertiefte Kenntnisse der <a href=\"https:\/\/www.msds-europe.com\/de\/clp-kennzeichnung-in-der-praxis\/\">CLP-Verordnung<\/a> oder der <a href=\"https:\/\/www.msds-europe.com\/de\/reach-wissensbasis\/\">REACH-Konformit\u00e4t<\/a>. Selbst technische \u00dcbersetzer k\u00f6nnen hier an Grenzen sto\u00dfen: Das Gesetz verlangt, dass ein SDB von einer fachkundigen Person erstellt wird \u2013 d. h. von jemandem, der in Chemikaliensicherheit qualifiziert und erfahren ist.<\/p>\n<p style=\"text-align: justify;\">Ein reiner Sprachprofi erf\u00fcllt diese Anforderung daher m\u00f6glicherweise nicht. Selbst wenn ein erfahrenes technisches \u00dcbersetzerteam eingesetzt wird, k\u00f6nnen Terminologie, Gefahrenklassen oder Rechtsverweise falsch interpretiert werden.<\/p>\n<p style=\"text-align: justify;\">Daher ist oft eine <a href=\"https:\/\/www.msds-europe.com\/de\/sicherheitsdatenblatt-uebersetzung\/\">fachliche \u00dcberpr\u00fcfung<\/a> durch einen Chemikaliensicherheits-Experten nach der \u00dcbersetzung erforderlich. Dies verursacht zus\u00e4tzlichen Zeit- und Kostenaufwand und relativiert die Vorteile einer Agentur teilweise.<\/p>\n<p style=\"text-align: justify;\">W\u00e4hrend dieser \u00dcberpr\u00fcfung m\u00fcssen m\u00f6glicherweise fehlende Daten erg\u00e4nzt, CAS-\/EG-Nummern \u00fcberpr\u00fcft, die korrekte Einstufung bestimmt und Arbeitsplatzgrenzwerte (AGW) eingef\u00fcgt werden \u2013 entscheidend f\u00fcr die rechtliche Konformit\u00e4t und die Marktf\u00e4higkeit.<\/p>\n<h4>Fachunternehmen f\u00fcr Chemikaliensicherheit \u2013 Expertise und Konformit\u00e4t<\/h4>\n<p style=\"text-align: justify;\">Spezialisierte Unternehmen konzentrieren sich auf Dokumente wie SDB. Sie verf\u00fcgen \u00fcber das erforderliche <strong>Know-how und die Erfahrung<\/strong>, um sicherzustellen, dass eine SDB-\u00dcbersetzung nicht nur sprachlich korrekt, sondern auch rechtskonform ist. Sie besch\u00e4ftigen <em>fachkundige Personen<\/em>, die mit REACH, CLP usw. stets auf dem Laufenden sind. Ihre Ergebnisse gelten oft als ein <a href=\"https:\/\/www.msds-europe.com\/de\/zusammenstellung-erstellung-von-sicherheitsdatenblaettern\/\">neu erstelltes SDB<\/a>, das an die lokalen Vorschriften angepasst ist.<\/p>\n<p style=\"text-align: justify;\">Sie kennen die <strong>offizielle Terminologie<\/strong> und wissen, welche Textteile wortgetreu aus der Gesetzgebung \u00fcbernommen werden m\u00fcssen (z. B. H- und P-S\u00e4tze).<\/p>\n<p style=\"text-align: justify;\">Sie pr\u00fcfen au\u00dferdem die <a href=\"https:\/\/www.msds-europe.com\/de\/erstellung-sdb-einfuhrung\/\">Einstufung sowie die H- und P-S\u00e4tze<\/a>; wenn die Quelle Fehler oder veraltete Daten enth\u00e4lt (z. B. ge\u00e4nderte Grenzwerte, neue CLP-Kategorie), weisen sie darauf hin und korrigieren diese. Dies stellt sicher, dass das \u00fcbersetzte SDB im Zielland verwendbar und rechtskonform ist.<\/p>\n<p style=\"text-align: justify;\">Spezialisiertes Fachwissen ist ein Premium-Service und kann mehr kosten als eine allgemeine Agentur, minimiert jedoch die Risiken.<\/p>\n<h4>Folgen und Haftung einer fehlerhaften \u00dcbersetzung<\/h4>\n<p style=\"text-align: justify;\">Eine fehlerhafte SDB-\u00dcbersetzung kann zu <strong>Fehleinstufungen oder falscher Kennzeichnung<\/strong> f\u00fchren und damit Sicherheit und Reputation gef\u00e4hrden.<\/p>\n<p style=\"text-align: justify;\">Rechtlich bleibt das Unternehmen, das das Produkt in Verkehr bringt (Hersteller\/Importeur), f\u00fcr das SDB verantwortlich. Auch wenn eine Agentur die Arbeit durchgef\u00fchrt hat, <strong>liegt die Haftung beim Lieferanten<\/strong> gem\u00e4\u00df REACH. Unzutreffende Angaben k\u00f6nnen zu Bu\u00dfgeldern oder im Extremfall zu rechtlichen Schritten f\u00fchren.<\/p>\n<h4>Welche L\u00f6sung w\u00e4hlen?<\/h4>\n<p style=\"text-align: justify;\">Die \u00dcbersetzung von SDB erfordert sowohl sprachliche Pr\u00e4zision als auch fachliche Genauigkeit. Verf\u00fcgt Ihr Unternehmen \u00fcber einen internen Chemikaliensicherheits-Experten zur \u00dcberpr\u00fcfung des Entwurfs, kann ein \u00dcbersetzungsb\u00fcro ausreichen. Ohne diese Expertise ist ein Fachunternehmen die sicherere Wahl \u2013 es bietet eine h\u00f6here Konformit\u00e4tssicherheit und reduziert langfristige Risiken.<\/p>\n<h3 style=\"background: white; margin: 0cm 0cm 15.0pt 0cm;\"><span style=\"font-size: 18.0pt; font-family: 'Arial',sans-serif; color: #e67817;\">Noch Fragen?<\/span><\/h3>\n<p style=\"background: white;\"><span style=\"font-size: 11.5pt; font-family: 'Arial',sans-serif; color: black;\">Kontaktieren Sie unseren <a href=\"https:\/\/www.msds-europe.com\/de\/kundendienst\/\">Kundendienst<\/a> oder stellen Sie Ihre Frage unserem Experten <a href=\"https:\/\/www.msds-europe.com\/de\/online-beratung\/\">online<\/a>.<\/span><\/p>\n<a href=\"https:\/\/www.msds-europe.com\/de\/kundendienst\/\" class=\"su-button su-button-style-default\" style=\"color:#ef552d;background-color:#fefefe;border-color:#cccccc;border-radius:6px\" target=\"_self\"><span style=\"color:#ef552d;padding:0px 18px;font-size:14px;line-height:28px;border-color:#ffffff;border-radius:6px;text-shadow:none\"> Kundendienst<\/span><\/a> <a href=\"https:\/\/www.msds-europe.com\/online-consultation\/\" class=\"su-button su-button-style-default\" style=\"color:#ffffff;background-color:#ef552d;border-color:#c04424;border-radius:6px\" target=\"_self\"><span style=\"color:#ffffff;padding:0px 18px;font-size:14px;line-height:28px;border-color:#f4886c;border-radius:6px;text-shadow:0px 0px 2px #ffffff\"> Experten fragen<\/span><\/a>\n<p>&nbsp;<\/p>\n<p>\u00a0<\/p>\n<p><strong><span style=\"color: #333333;\">Service-Empfehlung:<\/span><\/strong><\/p>\n<ul>\n<li>Dienstleistungen rund um SDB: <a href=\"https:\/\/www.msds-europe.com\/de\/zusammenstellung-erstellung-von-sicherheitsdatenblaettern\/\">SDB-Erstellung<\/a>, <a href=\"https:\/\/www.msds-europe.com\/de\/sicherheitsdatenblatt-uebersetzung\/\">SDB-\u00dcbersetzung<\/a>, <a href=\"https:\/\/www.msds-europe.com\/de\/sds-aktualisierung-ueberarbeitung\/\">SDB-\u00dcberarbeitung<\/a><\/li>\n<li>CLP-<a href=\"https:\/\/www.msds-europe.com\/de\/erstellung-von-etikettenentwuerfen\/\">Etikettengestaltung<\/a><\/li>\n<li><a href=\"https:\/\/www.msds-europe.com\/de\/ufi-dientsleistung\/\">PCN-Meldung gef\u00e4hrlicher Gemische<\/a><\/li>\n<\/ul>\n<p>&nbsp;<\/p>\n<p><strong>N\u00fctzliche Artikel:<\/strong><\/p>\n<ul>\n<li><a href=\"https:\/\/www.msds-europe.com\/de\/kompass-zur-chemischen-sicherheit\/\">Kompass zur Chemikaliensicherheit<\/a><\/li>\n<li><a href=\"https:\/\/www.msds-europe.com\/de\/faq\/\">FAQ \u2013 H\u00e4ufig gestellte Fragen<\/a><\/li>\n<li><a href=\"https:\/\/www.msds-europe.com\/de\/rechtsanderungsverfolger\/\">\u00dcberblick \u00fcber Rechts\u00e4nderungen<\/a><\/li>\n<\/ul>\n<p>&nbsp;<\/p>\n<p>\u00a0<\/p>\n<h4>Schnelle Fragen und Antworten<\/h4>\n<div class=\"su-spoiler su-spoiler-style-fancy su-spoiler-icon-chevron su-spoiler-closed\" data-scroll-offset=\"0\" data-anchor-in-url=\"no\"><div class=\"su-spoiler-title\" tabindex=\"0\" role=\"button\"><span class=\"su-spoiler-icon\"><\/span>Was ist der Unterschied zwischen einem allgemeinen \u00dcbersetzungsb\u00fcro und einem Fachunternehmen bei der \u00dcbersetzung von SDB?<\/div><div class=\"su-spoiler-content su-u-clearfix su-u-trim\">\nEin Fachunternehmen besch\u00e4ftigt nicht nur muttersprachliche \u00dcbersetzer, sondern verf\u00fcgt auch \u00fcber tiefgehende Rechtskenntnisse (REACH, CLP), sodass die \u00dcbersetzung sowohl sprachlich korrekt als auch rechtskonform ist.<br \/>\n<\/div><\/div>\n<div class=\"su-spoiler su-spoiler-style-fancy su-spoiler-icon-chevron su-spoiler-closed\" data-scroll-offset=\"0\" data-anchor-in-url=\"no\"><div class=\"su-spoiler-title\" tabindex=\"0\" role=\"button\"><span class=\"su-spoiler-icon\"><\/span>Warum kann eine SDB-\u00dcbersetzung bei einem Fachunternehmen teurer sein?<\/div><div class=\"su-spoiler-content su-u-clearfix su-u-trim\">\nDie rechtliche und fachliche Pr\u00fcfung minimiert Fehler und spart langfristig Kosten sowie Haftungsrisiken.<br \/>\n<\/div><\/div>\n<div class=\"su-spoiler su-spoiler-style-fancy su-spoiler-icon-chevron su-spoiler-closed\" data-scroll-offset=\"0\" data-anchor-in-url=\"no\"><div class=\"su-spoiler-title\" tabindex=\"0\" role=\"button\"><span class=\"su-spoiler-icon\"><\/span>Welche Auswirkungen hat eine fehlerhafte SDB-\u00dcbersetzung?<\/div><div class=\"su-spoiler-content su-u-clearfix su-u-trim\">\nSie kann zu fehlerhafter Einstufung oder Kennzeichnung f\u00fchren und Sicherheitsrisiken, Bu\u00dfgelder sowie Haftung f\u00fcr den Lieferanten verursachen.<br \/>\n<\/div><\/div>\n<div class=\"su-spoiler su-spoiler-style-fancy su-spoiler-icon-chevron su-spoiler-closed\" data-scroll-offset=\"0\" data-anchor-in-url=\"no\"><div class=\"su-spoiler-title\" tabindex=\"0\" role=\"button\"><span class=\"su-spoiler-icon\"><\/span>Wann reicht ein \u00dcbersetzungsb\u00fcro aus und wann ist ein Fachunternehmen notwendig?<\/div><div class=\"su-spoiler-content su-u-clearfix su-u-trim\">\nWenn nur eine sprachliche \u00dcbersetzung ben\u00f6tigt wird und ein interner Experte diese pr\u00fcfen kann, reicht ein \u00dcbersetzungsb\u00fcro aus; andernfalls sollte ein Fachunternehmen beauftragt oder zumindest eine fachliche Pr\u00fcfung durch ein Fachunternehmen eingeholt werden.<br \/>\n<\/div><\/div>\n","protected":false},"excerpt":{"rendered":"<p>MSDS-Europe \u2013 Kompass zur Chemikaliensicherheit \u2013 \u00dcbersetzungsb\u00fcro vs. Fachunternehmen: Wer sollte ein Sicherheitsdatenblatt \u00fcbersetzen? &nbsp; F\u00fcr Unternehmen, die mit gef\u00e4hrlichen Stoffen und Gemischen arbeiten, ist die Qualit\u00e4t der \u00dcbersetzungen ihrer Sicherheitsdatenbl\u00e4tter (SDB) von gr\u00f6\u00dfter Bedeutung. Ein Sicherheitsdatenblatt (SDB) ist nicht nur ein Pflichtdokument; es spielt eine zentrale Rolle bei der&#8230;<\/p>\n","protected":false},"author":2,"featured_media":0,"parent":0,"menu_order":0,"comment_status":"closed","ping_status":"closed","template":"","meta":{"_acf_changed":false,"footnotes":""},"tags":[],"class_list":["post-34609","page","type-page","status-publish","hentry"],"acf":[],"yoast_head":"<!-- This site is optimized with the Yoast SEO plugin v27.2 - https:\/\/yoast.com\/product\/yoast-seo-wordpress\/ -->\n<title>\u00dcbersetzungsb\u00fcro vs. Fachunternehmen<\/title>\n<meta name=\"description\" content=\"\u00dcbersetzung von Sicherheitsdatenbl\u00e4ttern mit vollst\u00e4ndiger gesetzlicher Konformit\u00e4t und fachlicher Pr\u00fcfung. \u2013 MSDS-Europe\" \/>\n<meta name=\"robots\" content=\"index, follow, max-snippet:-1, max-image-preview:large, max-video-preview:-1\" \/>\n<link rel=\"canonical\" href=\"https:\/\/www.msds-europe.com\/de\/uebersetzungsbuero-vs-fachunternehmen-sdb\/\" \/>\n<meta property=\"og:locale\" content=\"de_DE\" \/>\n<meta property=\"og:type\" content=\"article\" \/>\n<meta property=\"og:title\" content=\"\u00dcbersetzungsb\u00fcro vs. Fachunternehmen\" \/>\n<meta property=\"og:description\" content=\"\u00dcbersetzung von Sicherheitsdatenbl\u00e4ttern mit vollst\u00e4ndiger gesetzlicher Konformit\u00e4t und fachlicher Pr\u00fcfung. \u2013 MSDS-Europe\" \/>\n<meta property=\"og:url\" content=\"https:\/\/www.msds-europe.com\/de\/uebersetzungsbuero-vs-fachunternehmen-sdb\/\" \/>\n<meta property=\"og:site_name\" content=\"MSDS Europe\" \/>\n<meta property=\"article:publisher\" content=\"https:\/\/www.facebook.com\/toxinfokft\/\" \/>\n<meta property=\"article:modified_time\" content=\"2026-02-24T12:54:22+00:00\" \/>\n<meta name=\"twitter:card\" content=\"summary_large_image\" \/>\n<meta name=\"twitter:site\" content=\"@ToxInfoKft\" \/>\n<meta name=\"twitter:label1\" content=\"Gesch\u00e4tzte Lesezeit\" \/>\n\t<meta name=\"twitter:data1\" content=\"4\u00a0Minuten\" \/>\n<script type=\"application\/ld+json\" class=\"yoast-schema-graph\">{\"@context\":\"https:\/\/schema.org\",\"@graph\":[{\"@type\":\"WebPage\",\"@id\":\"https:\/\/www.msds-europe.com\/de\/uebersetzungsbuero-vs-fachunternehmen-sdb\/\",\"url\":\"https:\/\/www.msds-europe.com\/de\/uebersetzungsbuero-vs-fachunternehmen-sdb\/\",\"name\":\"\u00dcbersetzungsb\u00fcro vs. Fachunternehmen\",\"isPartOf\":{\"@id\":\"https:\/\/www.msds-europe.com\/es\/#website\"},\"datePublished\":\"2025-09-01T12:53:40+00:00\",\"dateModified\":\"2026-02-24T12:54:22+00:00\",\"description\":\"\u00dcbersetzung von Sicherheitsdatenbl\u00e4ttern mit vollst\u00e4ndiger gesetzlicher Konformit\u00e4t und fachlicher Pr\u00fcfung. \u2013 MSDS-Europe\",\"breadcrumb\":{\"@id\":\"https:\/\/www.msds-europe.com\/de\/uebersetzungsbuero-vs-fachunternehmen-sdb\/#breadcrumb\"},\"inLanguage\":\"de\",\"potentialAction\":[{\"@type\":\"ReadAction\",\"target\":[\"https:\/\/www.msds-europe.com\/de\/uebersetzungsbuero-vs-fachunternehmen-sdb\/\"]}]},{\"@type\":\"BreadcrumbList\",\"@id\":\"https:\/\/www.msds-europe.com\/de\/uebersetzungsbuero-vs-fachunternehmen-sdb\/#breadcrumb\",\"itemListElement\":[{\"@type\":\"ListItem\",\"position\":1,\"name\":\"F\u0151oldal\",\"item\":\"https:\/\/www.msds-europe.com\/de\/\"},{\"@type\":\"ListItem\",\"position\":2,\"name\":\"\u00dcbersetzungsb\u00fcro vs. Fachunternehmen: Wer sollte Ihr Sicherheitsdatenblatt \u00fcbersetzen?\"}]},{\"@type\":\"WebSite\",\"@id\":\"https:\/\/www.msds-europe.com\/es\/#website\",\"url\":\"https:\/\/www.msds-europe.com\/es\/\",\"name\":\"MSDS Europe\",\"description\":\"\",\"publisher\":{\"@id\":\"https:\/\/www.msds-europe.com\/es\/#organization\"},\"potentialAction\":[{\"@type\":\"SearchAction\",\"target\":{\"@type\":\"EntryPoint\",\"urlTemplate\":\"https:\/\/www.msds-europe.com\/es\/?s={search_term_string}\"},\"query-input\":{\"@type\":\"PropertyValueSpecification\",\"valueRequired\":true,\"valueName\":\"search_term_string\"}}],\"inLanguage\":\"de\"},{\"@type\":\"Organization\",\"@id\":\"https:\/\/www.msds-europe.com\/es\/#organization\",\"name\":\"MSDS-Europe International branch of ToxInfo\",\"url\":\"https:\/\/www.msds-europe.com\/es\/\",\"logo\":{\"@type\":\"ImageObject\",\"inLanguage\":\"de\",\"@id\":\"https:\/\/www.msds-europe.com\/es\/#\/schema\/logo\/image\/\",\"url\":\"https:\/\/www.msds-europe.com\/wp-content\/uploads\/2021\/04\/msds-europe-logo.jpg\",\"contentUrl\":\"https:\/\/www.msds-europe.com\/wp-content\/uploads\/2021\/04\/msds-europe-logo.jpg\",\"width\":2296,\"height\":1067,\"caption\":\"MSDS-Europe International branch of ToxInfo\"},\"image\":{\"@id\":\"https:\/\/www.msds-europe.com\/es\/#\/schema\/logo\/image\/\"},\"sameAs\":[\"https:\/\/www.facebook.com\/toxinfokft\/\",\"https:\/\/x.com\/ToxInfoKft\"]}]}<\/script>\n<!-- \/ Yoast SEO plugin. -->","yoast_head_json":{"title":"\u00dcbersetzungsb\u00fcro vs. Fachunternehmen","description":"\u00dcbersetzung von Sicherheitsdatenbl\u00e4ttern mit vollst\u00e4ndiger gesetzlicher Konformit\u00e4t und fachlicher Pr\u00fcfung. \u2013 MSDS-Europe","robots":{"index":"index","follow":"follow","max-snippet":"max-snippet:-1","max-image-preview":"max-image-preview:large","max-video-preview":"max-video-preview:-1"},"canonical":"https:\/\/www.msds-europe.com\/de\/uebersetzungsbuero-vs-fachunternehmen-sdb\/","og_locale":"de_DE","og_type":"article","og_title":"\u00dcbersetzungsb\u00fcro vs. Fachunternehmen","og_description":"\u00dcbersetzung von Sicherheitsdatenbl\u00e4ttern mit vollst\u00e4ndiger gesetzlicher Konformit\u00e4t und fachlicher Pr\u00fcfung. \u2013 MSDS-Europe","og_url":"https:\/\/www.msds-europe.com\/de\/uebersetzungsbuero-vs-fachunternehmen-sdb\/","og_site_name":"MSDS Europe","article_publisher":"https:\/\/www.facebook.com\/toxinfokft\/","article_modified_time":"2026-02-24T12:54:22+00:00","twitter_card":"summary_large_image","twitter_site":"@ToxInfoKft","twitter_misc":{"Gesch\u00e4tzte Lesezeit":"4\u00a0Minuten"},"schema":{"@context":"https:\/\/schema.org","@graph":[{"@type":"WebPage","@id":"https:\/\/www.msds-europe.com\/de\/uebersetzungsbuero-vs-fachunternehmen-sdb\/","url":"https:\/\/www.msds-europe.com\/de\/uebersetzungsbuero-vs-fachunternehmen-sdb\/","name":"\u00dcbersetzungsb\u00fcro vs. Fachunternehmen","isPartOf":{"@id":"https:\/\/www.msds-europe.com\/es\/#website"},"datePublished":"2025-09-01T12:53:40+00:00","dateModified":"2026-02-24T12:54:22+00:00","description":"\u00dcbersetzung von Sicherheitsdatenbl\u00e4ttern mit vollst\u00e4ndiger gesetzlicher Konformit\u00e4t und fachlicher Pr\u00fcfung. \u2013 MSDS-Europe","breadcrumb":{"@id":"https:\/\/www.msds-europe.com\/de\/uebersetzungsbuero-vs-fachunternehmen-sdb\/#breadcrumb"},"inLanguage":"de","potentialAction":[{"@type":"ReadAction","target":["https:\/\/www.msds-europe.com\/de\/uebersetzungsbuero-vs-fachunternehmen-sdb\/"]}]},{"@type":"BreadcrumbList","@id":"https:\/\/www.msds-europe.com\/de\/uebersetzungsbuero-vs-fachunternehmen-sdb\/#breadcrumb","itemListElement":[{"@type":"ListItem","position":1,"name":"F\u0151oldal","item":"https:\/\/www.msds-europe.com\/de\/"},{"@type":"ListItem","position":2,"name":"\u00dcbersetzungsb\u00fcro vs. Fachunternehmen: Wer sollte Ihr Sicherheitsdatenblatt \u00fcbersetzen?"}]},{"@type":"WebSite","@id":"https:\/\/www.msds-europe.com\/es\/#website","url":"https:\/\/www.msds-europe.com\/es\/","name":"MSDS Europe","description":"","publisher":{"@id":"https:\/\/www.msds-europe.com\/es\/#organization"},"potentialAction":[{"@type":"SearchAction","target":{"@type":"EntryPoint","urlTemplate":"https:\/\/www.msds-europe.com\/es\/?s={search_term_string}"},"query-input":{"@type":"PropertyValueSpecification","valueRequired":true,"valueName":"search_term_string"}}],"inLanguage":"de"},{"@type":"Organization","@id":"https:\/\/www.msds-europe.com\/es\/#organization","name":"MSDS-Europe International branch of ToxInfo","url":"https:\/\/www.msds-europe.com\/es\/","logo":{"@type":"ImageObject","inLanguage":"de","@id":"https:\/\/www.msds-europe.com\/es\/#\/schema\/logo\/image\/","url":"https:\/\/www.msds-europe.com\/wp-content\/uploads\/2021\/04\/msds-europe-logo.jpg","contentUrl":"https:\/\/www.msds-europe.com\/wp-content\/uploads\/2021\/04\/msds-europe-logo.jpg","width":2296,"height":1067,"caption":"MSDS-Europe International branch of ToxInfo"},"image":{"@id":"https:\/\/www.msds-europe.com\/es\/#\/schema\/logo\/image\/"},"sameAs":["https:\/\/www.facebook.com\/toxinfokft\/","https:\/\/x.com\/ToxInfoKft"]}]}},"_links":{"self":[{"href":"https:\/\/www.msds-europe.com\/de\/wp-json\/wp\/v2\/pages\/34609","targetHints":{"allow":["GET"]}}],"collection":[{"href":"https:\/\/www.msds-europe.com\/de\/wp-json\/wp\/v2\/pages"}],"about":[{"href":"https:\/\/www.msds-europe.com\/de\/wp-json\/wp\/v2\/types\/page"}],"author":[{"embeddable":true,"href":"https:\/\/www.msds-europe.com\/de\/wp-json\/wp\/v2\/users\/2"}],"replies":[{"embeddable":true,"href":"https:\/\/www.msds-europe.com\/de\/wp-json\/wp\/v2\/comments?post=34609"}],"version-history":[{"count":7,"href":"https:\/\/www.msds-europe.com\/de\/wp-json\/wp\/v2\/pages\/34609\/revisions"}],"predecessor-version":[{"id":37750,"href":"https:\/\/www.msds-europe.com\/de\/wp-json\/wp\/v2\/pages\/34609\/revisions\/37750"}],"wp:attachment":[{"href":"https:\/\/www.msds-europe.com\/de\/wp-json\/wp\/v2\/media?parent=34609"}],"wp:term":[{"taxonomy":"post_tag","embeddable":true,"href":"https:\/\/www.msds-europe.com\/de\/wp-json\/wp\/v2\/tags?post=34609"}],"curies":[{"name":"wp","href":"https:\/\/api.w.org\/{rel}","templated":true}]}}