{"id":34358,"date":"2025-08-15T12:19:24","date_gmt":"2025-08-15T12:19:24","guid":{"rendered":"https:\/\/www.msds-europe.com\/?page_id=34358"},"modified":"2026-03-19T10:24:36","modified_gmt":"2026-03-19T10:24:36","slug":"sds-pruefung-sicherheitsdatenblaetter","status":"publish","type":"page","link":"https:\/\/www.msds-europe.com\/de\/sds-pruefung-sicherheitsdatenblaetter\/","title":{"rendered":"Was wir in Sicherheitsdatenbl\u00e4ttern unbedingt kontrollieren m\u00fcssen"},"content":{"rendered":"<p style=\"text-align: right;\"><em><a href=\"https:\/\/www.msds-europe.com\/de\/\">MSDS-Europe<\/a> \u2013 Was wir in Sicherheitsdatenbl\u00e4ttern unbedingt \u00fcberpr\u00fcfen m\u00fcssen<\/em><\/p>\n<p style=\"text-align: justify;\">Bevor wir die wichtigsten Punkte zur \u00dcberpr\u00fcfung eines erhaltenen Sicherheitsdatenblatts (SDB) auflisten, lesen Sie bitte unseren Artikel \u00fcber die <a href=\"https:\/\/www.msds-europe.com\/de\/wenn-ein-sdb-geliefert-werden-muss\/\">Regeln f\u00fcr die Bereitstellung eines SDB<\/a>.<\/p>\n<h5><strong>Erster Schritt:<\/strong><\/h5>\n<p style=\"text-align: justify;\">Zun\u00e4chst k\u00f6nnen (und m\u00fcssen) wir die <a href=\"https:\/\/www.msds-europe.com\/de\/erstellung-sdb-einfuhrung\/\">Sprache<\/a> des gelieferten SDB \u00fcberpr\u00fcfen. Es mag seltsam klingen, aber der Lieferant eines chemischen Produkts ist nicht immer verpflichtet, das SDB in unserer eigenen Sprache bereitzustellen.<\/p>\n<p style=\"text-align: justify;\">Unternehmen, die \u00fcber Software zur SDB-Erstellung oder -\u00dcbersetzung verf\u00fcgen, stellen das Datenblatt oft gern in der Sprache des K\u00e4ufers bereit, auch wenn die Gesetzgebung ihnen diese Aufgabe nicht ausdr\u00fccklich zuweist. Bei <a href=\"https:\/\/www.msds-europe.com\/de\/ueber-software-zur-erstellung-von-sicherheitsdatenblaettern\/\">softwaregenerierten<\/a> SDB ist jedoch besondere Vorsicht geboten, da diese in der Regel fachlich fragw\u00fcrdig sind. Auch eine w\u00f6rtliche menschliche \u00dcbersetzung ist nicht automatisch zufriedenstellend: Nur ein kleiner Teil der <a href=\"https:\/\/www.msds-europe.com\/de\/sdb-erstellungsprozess\/\">SDB-Erstellung\/-\u00dcbersetzung<\/a> ist klassische Sprachdienstleistung; nationale Rechtsvorschriften und der Inhalt des Datenblatts (z. B. die Einstufung) m\u00fcssen stets \u00fcberpr\u00fcft werden.<\/p>\n<h5><strong>Zweiter Schritt:<\/strong><\/h5>\n<p style=\"text-align: justify;\">Als N\u00e4chstes m\u00fcssen wir pr\u00fcfen, ob das Datenblatt \u201eaktuell\u201c ist \u2013 oft vereinfacht als G\u00fcltigkeitsdauer bezeichnet. Aus fachlicher Sicht gibt es kein formales \u201eAblaufdatum\u201c, dennoch gibt es <a href=\"https:\/\/www.msds-europe.com\/de\/gueltigkeitsdauer-sicherheitsdatenblatt\/\">Regeln zur Aktualisierung eines SDB<\/a>, die wir unbedingt kennen sollten.<\/p>\n<p style=\"text-align: justify;\">Im Rahmen dieser \u00dcberpr\u00fcfung sollten Sie die Angaben des erhaltenen SDB systematisch mit <a href=\"https:\/\/www.msds-europe.com\/de\/sds-informationsquellen-datenbanken\/\">wichtigen Informationsquellen und Datenbanken f\u00fcr Sicherheitsdatenbl\u00e4tter<\/a> abgleichen, um veraltete oder fehlerhafte Einstufungen fr\u00fchzeitig zu erkennen.<\/p>\n<h5><strong>Weitere Schritte:<\/strong><\/h5>\n<p style=\"text-align: justify;\"><a href=\"https:\/\/www.msds-europe.com\/de\/pfas-eu-regulierung-2025-2026-massnahmen-fuer-unternehmen\/\">Weitere Compliance-Pr\u00fcfungen h\u00e4ngen<\/a> weitgehend von den T\u00e4tigkeiten des Unternehmens und von der Art der verwendeten Stoffe\/Gemische ab. Als H\u00e4ndler, der Produkte aus einer inl\u00e4ndischen Quelle bezieht, riskieren wir beim \u00dcbernehmen eines nicht konformen SDB in erster Linie, dass unser eigener Kunde das Produkt ablehnt und wir Marktanteile verlieren.<\/p>\n<p style=\"text-align: justify;\">Kaufen wir jedoch eine Chemikalie in einem anderen EWR-Land, ist unser Unternehmen f\u00fcr die <a href=\"https:\/\/www.msds-europe.com\/de\/ufi-dientsleistung\/\">PCN-Meldung<\/a> und die Kennzeichnung verantwortlich, die wir nicht ordnungsgem\u00e4\u00df durchf\u00fchren k\u00f6nnen, wenn wir uns auf ein fehlerhaftes SDB verlassen.<\/p>\n<p style=\"text-align: justify;\">Nachgeschaltete Anwender haben wahrscheinlich die meisten Aufgaben im Zusammenhang mit erhaltenen SDB. Siehe unsere Zusammenfassung der <a href=\"https:\/\/www.msds-europe.com\/downstream-user-reach-communication-obligations\/\">Hintergrundinformationen f\u00fcr nachgeschaltete Anwender<\/a> zu SDB-Pflichten.<\/p>\n<p style=\"text-align: justify;\">Beachten Sie, dass nachgeschaltete Anwender bereits Verpflichtungen zur Inhaltspr\u00fcfung des SDB haben, die von der Beh\u00f6rde bei Vor-Ort-Kontrollen \u00fcberpr\u00fcft werden k\u00f6nnen. Besondere Ma\u00dfnahmen sind erforderlich, wenn das SDB ein <a href=\"https:\/\/www.msds-europe.com\/checking-implementing-exposure-scenario\/\">Expositionsszenario<\/a> enth\u00e4lt.<\/p>\n<p>&nbsp;<\/p>\n<p><strong>Serviceempfehlung:<\/strong><\/p>\n<ul>\n<li><a href=\"https:\/\/www.msds-europe.com\/de\/sicherheitsdatenblatt-uebersetzung\/\">\u00dcbersetzung von SDB<\/a><\/li>\n<li><a href=\"https:\/\/www.msds-europe.com\/de\/sds-aktualisierung-ueberarbeitung\/\">\u00dcberarbeitung von SDB<\/a><\/li>\n<li><a href=\"https:\/\/www.msds-europe.com\/de\/zusammenstellung-erstellung-von-sicherheitsdatenblaettern\/\">Erstellung und Zusammenstellung von Sicherheitsdatenbl\u00e4ttern (SDB)<\/a><\/li>\n<li>Erstellung von CLP-<a href=\"https:\/\/www.msds-europe.com\/de\/erstellung-von-etikettenentwuerfen\/\">Etikettenentw\u00fcrfen<\/a><\/li>\n<li><a href=\"https:\/\/www.msds-europe.com\/de\/ufi-dientsleistung\/\">PCN-Meldung f\u00fcr gef\u00e4hrliche Gemische<\/a><\/li>\n<\/ul>\n<p>&nbsp;<\/p>\n<p><strong>N\u00fctzliche Artikel:<\/strong><\/p>\n<ul>\n<li><a href=\"https:\/\/www.msds-europe.com\/de\/kompass-zur-chemischen-sicherheit\/\">Kompass zur Chemikaliensicherheit<\/a><\/li>\n<li><a href=\"https:\/\/www.msds-europe.com\/de\/faq\/\">FAQ \u2013 H\u00e4ufig gestellte Fragen und Antworten<\/a><\/li>\n<li><a href=\"https:\/\/www.msds-europe.com\/de\/rechtsanderungsverfolger\/\">\u00dcberblick \u00fcber regulatorische \u00c4nderungen<\/a><\/li>\n<\/ul>\n<p>&nbsp;<\/p>\n<h4>Schnelle Fragen und Antworten<\/h4>\n<div class=\"su-spoiler su-spoiler-style-fancy su-spoiler-icon-chevron su-spoiler-closed\" data-scroll-offset=\"0\" data-anchor-in-url=\"no\"><div class=\"su-spoiler-title\" tabindex=\"0\" role=\"button\"><span class=\"su-spoiler-icon\"><\/span>Welche drei Punkte sollten Sie zuerst bei einem SDB von einem ausl\u00e4ndischen Lieferanten pr\u00fcfen?<\/div><div class=\"su-spoiler-content su-u-clearfix su-u-trim\">\n<p>Die Sprache des Dokuments, ob das 16-Abschnitt-Format eingehalten ist, und ob es die aktuellen Inhaltsanforderungen der Verordnung (EU) 2020\/878 erf\u00fcllt.<\/p>\n<\/div><\/div>\n<div class=\"su-spoiler su-spoiler-style-fancy su-spoiler-icon-chevron su-spoiler-closed\" data-scroll-offset=\"0\" data-anchor-in-url=\"no\"><div class=\"su-spoiler-title\" tabindex=\"0\" role=\"button\"><span class=\"su-spoiler-icon\"><\/span>Was sollten Sie tun, wenn das erhaltene SDB nicht der Verordnung (EU) 2020\/878 entspricht oder veraltete Daten enth\u00e4lt?<\/div><div class=\"su-spoiler-content su-u-clearfix su-u-trim\">\n<p>Das Unternehmen, das das Produkt in Verkehr bringt, muss das SDB aktualisieren oder ein neues SDB erstellen lassen, um das Produkt in einem EU-Mitgliedstaat rechtskonform vertreiben zu k\u00f6nnen.<\/p>\n<\/div><\/div>\n<div class=\"su-spoiler su-spoiler-style-fancy su-spoiler-icon-chevron su-spoiler-closed\" data-scroll-offset=\"0\" data-anchor-in-url=\"no\"><div class=\"su-spoiler-title\" tabindex=\"0\" role=\"button\"><span class=\"su-spoiler-icon\"><\/span>Wer tr\u00e4gt die rechtliche Verantwortung f\u00fcr Fehler in einem \u00fcbernommenen SDB in der EU?<\/div><div class=\"su-spoiler-content su-u-clearfix su-u-trim\">\n<p>Das Unternehmen, das das Produkt im jeweiligen Mitgliedstaat in Verkehr bringt (z. B. Importeur oder verantwortlicher Lieferant), tr\u00e4gt die Verantwortung; die Beh\u00f6rden k\u00f6nnen es sanktionieren, auch wenn das fehlerhafte SDB von einem anderen Lieferanten stammt.<\/p>\n<\/div><\/div>\n","protected":false},"excerpt":{"rendered":"<p>MSDS-Europe \u2013 Was wir in Sicherheitsdatenbl\u00e4ttern unbedingt \u00fcberpr\u00fcfen m\u00fcssen Bevor wir die wichtigsten Punkte zur \u00dcberpr\u00fcfung eines erhaltenen Sicherheitsdatenblatts (SDB) auflisten, lesen Sie bitte unseren Artikel \u00fcber die Regeln f\u00fcr die Bereitstellung eines SDB. Erster Schritt: Zun\u00e4chst k\u00f6nnen (und m\u00fcssen) wir die Sprache des gelieferten SDB \u00fcberpr\u00fcfen. Es mag seltsam&#8230;<\/p>\n","protected":false},"author":2,"featured_media":0,"parent":0,"menu_order":0,"comment_status":"closed","ping_status":"closed","template":"","meta":{"_acf_changed":false,"footnotes":""},"tags":[],"class_list":["post-34358","page","type-page","status-publish","hentry"],"acf":[],"yoast_head":"<!-- This site is optimized with the Yoast SEO plugin v27.2 - https:\/\/yoast.com\/product\/yoast-seo-wordpress\/ -->\n<title>Was wir in Sicherheitsdatenbl\u00e4ttern unbedingt kontrollieren m\u00fcssen<\/title>\n<meta name=\"description\" content=\"Wie erkenne ich, ob ich ein konformes SDS von meinem Lieferanten erhalten habe? Unsere SDS-Pr\u00fcfung zeigt konkrete Kontrollpunkte, um eine sichere Warenannahme zu gew\u00e4hrleisten.\" \/>\n<meta name=\"robots\" content=\"index, follow, max-snippet:-1, max-image-preview:large, max-video-preview:-1\" \/>\n<link rel=\"canonical\" href=\"https:\/\/www.msds-europe.com\/de\/sds-pruefung-sicherheitsdatenblaetter\/\" \/>\n<meta property=\"og:locale\" content=\"de_DE\" \/>\n<meta property=\"og:type\" content=\"article\" \/>\n<meta property=\"og:title\" content=\"Was wir in Sicherheitsdatenbl\u00e4ttern unbedingt kontrollieren m\u00fcssen\" \/>\n<meta property=\"og:description\" content=\"Wie erkenne ich, ob ich ein konformes SDS von meinem Lieferanten erhalten habe? Unsere SDS-Pr\u00fcfung zeigt konkrete Kontrollpunkte, um eine sichere Warenannahme zu gew\u00e4hrleisten.\" \/>\n<meta property=\"og:url\" content=\"https:\/\/www.msds-europe.com\/de\/sds-pruefung-sicherheitsdatenblaetter\/\" \/>\n<meta property=\"og:site_name\" content=\"MSDS Europe\" \/>\n<meta property=\"article:publisher\" content=\"https:\/\/www.facebook.com\/toxinfokft\/\" \/>\n<meta property=\"article:modified_time\" content=\"2026-03-19T10:24:36+00:00\" \/>\n<meta name=\"twitter:card\" content=\"summary_large_image\" \/>\n<meta name=\"twitter:site\" content=\"@ToxInfoKft\" \/>\n<meta name=\"twitter:label1\" content=\"Gesch\u00e4tzte Lesezeit\" \/>\n\t<meta name=\"twitter:data1\" content=\"3\u00a0Minuten\" \/>\n<script type=\"application\/ld+json\" class=\"yoast-schema-graph\">{\"@context\":\"https:\/\/schema.org\",\"@graph\":[{\"@type\":\"WebPage\",\"@id\":\"https:\/\/www.msds-europe.com\/de\/sds-pruefung-sicherheitsdatenblaetter\/\",\"url\":\"https:\/\/www.msds-europe.com\/de\/sds-pruefung-sicherheitsdatenblaetter\/\",\"name\":\"Was wir in Sicherheitsdatenbl\u00e4ttern unbedingt kontrollieren m\u00fcssen\",\"isPartOf\":{\"@id\":\"https:\/\/www.msds-europe.com\/es\/#website\"},\"datePublished\":\"2025-08-15T12:19:24+00:00\",\"dateModified\":\"2026-03-19T10:24:36+00:00\",\"description\":\"Wie erkenne ich, ob ich ein konformes SDS von meinem Lieferanten erhalten habe? Unsere SDS-Pr\u00fcfung zeigt konkrete Kontrollpunkte, um eine sichere Warenannahme zu gew\u00e4hrleisten.\",\"breadcrumb\":{\"@id\":\"https:\/\/www.msds-europe.com\/de\/sds-pruefung-sicherheitsdatenblaetter\/#breadcrumb\"},\"inLanguage\":\"de\",\"potentialAction\":[{\"@type\":\"ReadAction\",\"target\":[\"https:\/\/www.msds-europe.com\/de\/sds-pruefung-sicherheitsdatenblaetter\/\"]}]},{\"@type\":\"BreadcrumbList\",\"@id\":\"https:\/\/www.msds-europe.com\/de\/sds-pruefung-sicherheitsdatenblaetter\/#breadcrumb\",\"itemListElement\":[{\"@type\":\"ListItem\",\"position\":1,\"name\":\"F\u0151oldal\",\"item\":\"https:\/\/www.msds-europe.com\/de\/\"},{\"@type\":\"ListItem\",\"position\":2,\"name\":\"Was wir in Sicherheitsdatenbl\u00e4ttern unbedingt kontrollieren m\u00fcssen\"}]},{\"@type\":\"WebSite\",\"@id\":\"https:\/\/www.msds-europe.com\/es\/#website\",\"url\":\"https:\/\/www.msds-europe.com\/es\/\",\"name\":\"MSDS Europe\",\"description\":\"\",\"publisher\":{\"@id\":\"https:\/\/www.msds-europe.com\/es\/#organization\"},\"potentialAction\":[{\"@type\":\"SearchAction\",\"target\":{\"@type\":\"EntryPoint\",\"urlTemplate\":\"https:\/\/www.msds-europe.com\/es\/?s={search_term_string}\"},\"query-input\":{\"@type\":\"PropertyValueSpecification\",\"valueRequired\":true,\"valueName\":\"search_term_string\"}}],\"inLanguage\":\"de\"},{\"@type\":\"Organization\",\"@id\":\"https:\/\/www.msds-europe.com\/es\/#organization\",\"name\":\"MSDS-Europe International branch of ToxInfo\",\"url\":\"https:\/\/www.msds-europe.com\/es\/\",\"logo\":{\"@type\":\"ImageObject\",\"inLanguage\":\"de\",\"@id\":\"https:\/\/www.msds-europe.com\/es\/#\/schema\/logo\/image\/\",\"url\":\"https:\/\/www.msds-europe.com\/wp-content\/uploads\/2021\/04\/msds-europe-logo.jpg\",\"contentUrl\":\"https:\/\/www.msds-europe.com\/wp-content\/uploads\/2021\/04\/msds-europe-logo.jpg\",\"width\":2296,\"height\":1067,\"caption\":\"MSDS-Europe International branch of ToxInfo\"},\"image\":{\"@id\":\"https:\/\/www.msds-europe.com\/es\/#\/schema\/logo\/image\/\"},\"sameAs\":[\"https:\/\/www.facebook.com\/toxinfokft\/\",\"https:\/\/x.com\/ToxInfoKft\"]}]}<\/script>\n<!-- \/ Yoast SEO plugin. -->","yoast_head_json":{"title":"Was wir in Sicherheitsdatenbl\u00e4ttern unbedingt kontrollieren m\u00fcssen","description":"Wie erkenne ich, ob ich ein konformes SDS von meinem Lieferanten erhalten habe? Unsere SDS-Pr\u00fcfung zeigt konkrete Kontrollpunkte, um eine sichere Warenannahme zu gew\u00e4hrleisten.","robots":{"index":"index","follow":"follow","max-snippet":"max-snippet:-1","max-image-preview":"max-image-preview:large","max-video-preview":"max-video-preview:-1"},"canonical":"https:\/\/www.msds-europe.com\/de\/sds-pruefung-sicherheitsdatenblaetter\/","og_locale":"de_DE","og_type":"article","og_title":"Was wir in Sicherheitsdatenbl\u00e4ttern unbedingt kontrollieren m\u00fcssen","og_description":"Wie erkenne ich, ob ich ein konformes SDS von meinem Lieferanten erhalten habe? Unsere SDS-Pr\u00fcfung zeigt konkrete Kontrollpunkte, um eine sichere Warenannahme zu gew\u00e4hrleisten.","og_url":"https:\/\/www.msds-europe.com\/de\/sds-pruefung-sicherheitsdatenblaetter\/","og_site_name":"MSDS Europe","article_publisher":"https:\/\/www.facebook.com\/toxinfokft\/","article_modified_time":"2026-03-19T10:24:36+00:00","twitter_card":"summary_large_image","twitter_site":"@ToxInfoKft","twitter_misc":{"Gesch\u00e4tzte Lesezeit":"3\u00a0Minuten"},"schema":{"@context":"https:\/\/schema.org","@graph":[{"@type":"WebPage","@id":"https:\/\/www.msds-europe.com\/de\/sds-pruefung-sicherheitsdatenblaetter\/","url":"https:\/\/www.msds-europe.com\/de\/sds-pruefung-sicherheitsdatenblaetter\/","name":"Was wir in Sicherheitsdatenbl\u00e4ttern unbedingt kontrollieren m\u00fcssen","isPartOf":{"@id":"https:\/\/www.msds-europe.com\/es\/#website"},"datePublished":"2025-08-15T12:19:24+00:00","dateModified":"2026-03-19T10:24:36+00:00","description":"Wie erkenne ich, ob ich ein konformes SDS von meinem Lieferanten erhalten habe? Unsere SDS-Pr\u00fcfung zeigt konkrete Kontrollpunkte, um eine sichere Warenannahme zu gew\u00e4hrleisten.","breadcrumb":{"@id":"https:\/\/www.msds-europe.com\/de\/sds-pruefung-sicherheitsdatenblaetter\/#breadcrumb"},"inLanguage":"de","potentialAction":[{"@type":"ReadAction","target":["https:\/\/www.msds-europe.com\/de\/sds-pruefung-sicherheitsdatenblaetter\/"]}]},{"@type":"BreadcrumbList","@id":"https:\/\/www.msds-europe.com\/de\/sds-pruefung-sicherheitsdatenblaetter\/#breadcrumb","itemListElement":[{"@type":"ListItem","position":1,"name":"F\u0151oldal","item":"https:\/\/www.msds-europe.com\/de\/"},{"@type":"ListItem","position":2,"name":"Was wir in Sicherheitsdatenbl\u00e4ttern unbedingt kontrollieren m\u00fcssen"}]},{"@type":"WebSite","@id":"https:\/\/www.msds-europe.com\/es\/#website","url":"https:\/\/www.msds-europe.com\/es\/","name":"MSDS Europe","description":"","publisher":{"@id":"https:\/\/www.msds-europe.com\/es\/#organization"},"potentialAction":[{"@type":"SearchAction","target":{"@type":"EntryPoint","urlTemplate":"https:\/\/www.msds-europe.com\/es\/?s={search_term_string}"},"query-input":{"@type":"PropertyValueSpecification","valueRequired":true,"valueName":"search_term_string"}}],"inLanguage":"de"},{"@type":"Organization","@id":"https:\/\/www.msds-europe.com\/es\/#organization","name":"MSDS-Europe International branch of ToxInfo","url":"https:\/\/www.msds-europe.com\/es\/","logo":{"@type":"ImageObject","inLanguage":"de","@id":"https:\/\/www.msds-europe.com\/es\/#\/schema\/logo\/image\/","url":"https:\/\/www.msds-europe.com\/wp-content\/uploads\/2021\/04\/msds-europe-logo.jpg","contentUrl":"https:\/\/www.msds-europe.com\/wp-content\/uploads\/2021\/04\/msds-europe-logo.jpg","width":2296,"height":1067,"caption":"MSDS-Europe International branch of ToxInfo"},"image":{"@id":"https:\/\/www.msds-europe.com\/es\/#\/schema\/logo\/image\/"},"sameAs":["https:\/\/www.facebook.com\/toxinfokft\/","https:\/\/x.com\/ToxInfoKft"]}]}},"_links":{"self":[{"href":"https:\/\/www.msds-europe.com\/de\/wp-json\/wp\/v2\/pages\/34358","targetHints":{"allow":["GET"]}}],"collection":[{"href":"https:\/\/www.msds-europe.com\/de\/wp-json\/wp\/v2\/pages"}],"about":[{"href":"https:\/\/www.msds-europe.com\/de\/wp-json\/wp\/v2\/types\/page"}],"author":[{"embeddable":true,"href":"https:\/\/www.msds-europe.com\/de\/wp-json\/wp\/v2\/users\/2"}],"replies":[{"embeddable":true,"href":"https:\/\/www.msds-europe.com\/de\/wp-json\/wp\/v2\/comments?post=34358"}],"version-history":[{"count":9,"href":"https:\/\/www.msds-europe.com\/de\/wp-json\/wp\/v2\/pages\/34358\/revisions"}],"predecessor-version":[{"id":38670,"href":"https:\/\/www.msds-europe.com\/de\/wp-json\/wp\/v2\/pages\/34358\/revisions\/38670"}],"wp:attachment":[{"href":"https:\/\/www.msds-europe.com\/de\/wp-json\/wp\/v2\/media?parent=34358"}],"wp:term":[{"taxonomy":"post_tag","embeddable":true,"href":"https:\/\/www.msds-europe.com\/de\/wp-json\/wp\/v2\/tags?post=34358"}],"curies":[{"name":"wp","href":"https:\/\/api.w.org\/{rel}","templated":true}]}}