{"id":34290,"date":"2025-08-15T11:08:58","date_gmt":"2025-08-15T11:08:58","guid":{"rendered":"https:\/\/www.msds-europe.com\/?page_id=34290"},"modified":"2026-02-24T14:32:56","modified_gmt":"2026-02-24T14:32:56","slug":"sds-fehlerprotokoll-checkliste","status":"publish","type":"page","link":"https:\/\/www.msds-europe.com\/de\/sds-fehlerprotokoll-checkliste\/","title":{"rendered":"Warum hat mein Partner mein Sicherheitsdatenblatt abgelehnt?"},"content":{"rendered":"<p style=\"text-align: right;\"><em><a href=\"https:\/\/www.msds-europe.com\/de\/\">MSDS-Europe<\/a> \u2013 Warum hat mein Partner mein Sicherheitsdatenblatt abgelehnt?<\/em><\/p>\n<p>&nbsp;<\/p>\n<p style=\"text-align: justify;\">Das <a href=\"https:\/\/www.msds-europe.com\/de\/inhalt-und-formatelemente-eines-sicherheitsdatenblattes\/\">Sicherheitsdatenblatt<\/a> (SDB) ist ein zentrales Dokument der Chemikaliensicherheit. Unsere Gesch\u00e4ftspartner haben daher zu Recht die Erwartung, dass das SDB, das sie erhalten, allen gesetzlichen Anforderungen entspricht. Wenn ein Partner unser Sicherheitsdatenblatt ablehnt, liegt in der Regel ein Compliance-Mangel vor. Nachfolgend stellen wir die h\u00e4ufigsten Gr\u00fcnde sowie eine praktische Checkliste vor, um Ablehnungen von SDBs zu vermeiden.<\/p>\n<h3 style=\"text-align: justify;\"><strong>H\u00e4ufige Gr\u00fcnde, warum ein SDB nicht akzeptiert wird<\/strong><\/h3>\n<h4 style=\"text-align: justify;\"><span style=\"color: #000000;\"><strong>Sicherheitsdatenblatt in einer ungeeigneten Sprache<\/strong><\/span><\/h4>\n<p style=\"text-align: justify;\">Einer der h\u00e4ufigsten Gr\u00fcnde ist, dass das Sicherheitsdatenblatt nicht in der vom Empf\u00e4nger oder von den Beh\u00f6rden geforderten Sprache erstellt wurde. Die REACH-Verordnung schreibt vor, dass das SDB in der Amtssprache des Mitgliedstaats vorgelegt werden muss, in dem das Produkt in Verkehr gebracht wird. In Ungarn ist zum Beispiel ein <strong>ungarischsprachiges Sicherheitsdatenblatt verpflichtend<\/strong>, und der Partner ist nicht verpflichtet, ein fremdsprachiges Dokument zu akzeptieren.<\/p>\n<h4 style=\"text-align: justify;\"><span style=\"color: #000000;\"><strong>Unvollst\u00e4ndiges oder veraltetes SDB-Format<\/strong><\/span><\/h4>\n<p style=\"text-align: justify;\">Es kann vorkommen, dass das SDB sprachlich korrekt ist, aber formell oder inhaltlich unvollst\u00e4ndig. Fr\u00fcher sprach man vom \u201e<em>830-Konformit\u00e4tscheck<\/em>\u201c, bezugnehmend auf die Verordnung <strong>(EU) 2015\/830<\/strong>, die eine 16-Abschnitt-Struktur sowie detaillierte Inhaltsanforderungen festlegt.<\/p>\n<p style=\"text-align: justify;\">Vor einigen Jahren trat jedoch eine neue EU-Vorschrift in Kraft: Die <a href=\"https:\/\/www.msds-europe.com\/de\/erstellung-sdb-bewaehrte-praktiken\/\">Verordnung (EU) 2020\/878<\/a> ersetzte die bisherigen Regelungen. Seit dem 1. Januar 2023 sind <strong>in der EU nur noch SDBs im Format der Verordnung (EU) 2020\/878 zul\u00e4ssig<\/strong>. Daher mussten alle \u00e4lteren Sicherheitsdatenbl\u00e4tter bis Ende 2022 aktualisiert werden.<\/p>\n<p style=\"text-align: justify;\">\u201e<em>878-Konformit\u00e4t<\/em>\u201c bedeutet, dass das SDB auch die neu vorgeschriebenen Angaben enth\u00e4lt \u2013 zum Beispiel zu Nanoformen, endokrinsch\u00e4digenden Eigenschaften, ATE-Werten und M-Faktoren. Ein auf einer veralteten Vorlage erstelltes SDB wird h\u00f6chstwahrscheinlich abgelehnt.<\/p>\n<h4 style=\"text-align: justify;\"><span style=\"color: #000000;\"><strong>Das Recht des Kunden auf ein geeignetes SDB<\/strong><\/span><\/h4>\n<p style=\"text-align: justify;\">Unser Partner \u2013 als <em>Empf\u00e4nger<\/em> eines gef\u00e4hrlichen Stoffes oder Gemisches \u2013 hat das Recht und die Pflicht, ein korrektes und aktuelles Sicherheitsdatenblatt zu erhalten. Dies wird auch durch die ungarische Gesetzgebung unterst\u00fctzt: Die Verordnung 25\/2000. (IX. 30.) E\u00fcM\u2013SZCSM schreibt vor, dass ungarische Unternehmen vom Lieferanten ein SDB erhalten m\u00fcssen, das den Vorschriften entspricht. Ohne ein solches kann der Kunde seine eigenen Verpflichtungen im Bereich der Chemikaliensicherheit nicht erf\u00fcllen und darf daher ein unvollst\u00e4ndiges oder veraltetes SDB ablehnen und auf einer aktuellen Version bestehen.<\/p>\n<h3 style=\"text-align: justify;\"><strong>Praktische Checkliste<\/strong><\/h3>\n<p style=\"text-align: justify;\">Die folgende Checkliste hilft Lieferanten und H\u00e4ndlern zu \u00fcberpr\u00fcfen, ob ihr Sicherheitsdatenblatt den Anforderungen entspricht, bevor es an einen Partner \u00fcbergeben wird:<\/p>\n<ul style=\"text-align: justify;\">\n<li><strong>Richtige Sprache:<\/strong> Stellen Sie sicher, dass das SDB in der Amtssprache des Landes erstellt ist, in dem das Produkt in Verkehr gebracht wird.<\/li>\n<li><strong>Korrekte Einstufung und Kennzeichnung:<\/strong> Pr\u00fcfen Sie, ob die im SDB angegebene Gefahreneinstufung der CLP-Verordnung entspricht. Alle erforderlichen <em>H- und P-S\u00e4tze<\/em> sowie <em>Piktogramme<\/em> m\u00fcssen enthalten sein.<\/li>\n<li><strong>Aktuelle Version:<\/strong> Das SDB muss Ausgabedatum und Versionsnummer enthalten und dem aktuellen Format ((EU) 2020\/878) entsprechen. Wurde es zuletzt vor 2023 aktualisiert, ist eine neue Version erforderlich, um die neu vorgeschriebenen Elemente (z. B. endokrinsch\u00e4digende Eigenschaften) zu integrieren.<\/li>\n<li><strong>Anh\u00e4nge:<\/strong> \u00dcberpr\u00fcfen Sie, ob alle erforderlichen Anh\u00e4nge beigef\u00fcgt sind.<\/li>\n<\/ul>\n<h3 style=\"text-align: justify;\"><strong>Korrektur typischer Fehler<\/strong><\/h3>\n<p style=\"text-align: justify;\">Zeigt die \u00dcberpr\u00fcfung, dass das Sicherheitsdatenblatt nicht den Erwartungen entspricht, muss es so schnell wie m\u00f6glich korrigiert werden. Liegt das Problem in der Sprache, m\u00fcssen wir in den meisten F\u00e4llen selbst daf\u00fcr sorgen, dass ein passendes SDB in der Landessprache erstellt wird. Es empfiehlt sich, einen qualifizierten \u00dcbersetzer einzuschalten und die \u00dcbersetzung von einem Experten f\u00fcr Chemikaliensicherheit pr\u00fcfen zu lassen, da f\u00fcr die Einhaltung der Vorschriften nicht nur sprachliche, sondern auch fachliche Genauigkeit erforderlich ist.<\/p>\n<p style=\"text-align: justify;\">Ist das SDB-Format oder der Inhalt veraltet, muss es gem\u00e4\u00df den aktuellen Vorschriften aktualisiert werden. Das bedeutet, dass die neu vorgeschriebenen Elemente integriert und gegebenenfalls die Einstufung angepasst werden m\u00fcssen.<\/p>\n<p style=\"text-align: justify;\">Dies ist jedoch keine einfache Aufgabe, da die <a href=\"https:\/\/www.msds-europe.com\/de\/erstellung-sdb-bewaehrte-praktiken\/\">Sicherstellung der SDB-Konformit\u00e4t<\/a> ein komplexes, sich st\u00e4ndig \u00e4nderndes Fachgebiet ist und die meisten Unternehmen nicht \u00fcber die internen Ressourcen verf\u00fcgen, um dies selbst zu bew\u00e4ltigen.<\/p>\n<h3 style=\"background: white; margin: 0cm 0cm 15.0pt 0cm;\"><span style=\"font-size: 18.0pt; font-family: 'Arial',sans-serif; color: #e67817;\">Haben Sie weitere Fragen?<\/span><\/h3>\n<p style=\"background: white; margin: 0cm 0cm 15.0pt 0cm; font-size: 11.5pt; font-family: 'Arial',sans-serif; color: black;\">Kontaktieren Sie unseren <a href=\"https:\/\/www.msds-europe.com\/de\/kundendienst\/\">Kundendienst<\/a> oder fragen Sie hier <a href=\"https:\/\/www.msds-europe.com\/de\/online-beratung\/\">unseren Experten online<\/a>.<\/p>\n<a href=\"https:\/\/www.msds-europe.com\/de\/kundendienst\/\" class=\"su-button su-button-style-default\" style=\"color:#ef552d;background-color:#fefefe;border-color:#cccccc;border-radius:6px\" target=\"_self\"><span style=\"color:#ef552d;padding:0px 18px;font-size:14px;line-height:28px;border-color:#ffffff;border-radius:6px;text-shadow:none\"> Kundendienst<\/span><\/a> <a href=\"https:\/\/www.msds-europe.com\/de\/online-beratung\/\" class=\"su-button su-button-style-default\" style=\"color:#ffffff;background-color:#ef552d;border-color:#c04424;border-radius:6px\" target=\"_self\"><span style=\"color:#ffffff;padding:0px 18px;font-size:14px;line-height:28px;border-color:#f4886c;border-radius:6px;text-shadow:0px 0px 2px #ffffff\"> Experten fragen<\/span><\/a>\n<p>&nbsp;<\/p>\n<p>\u00a0<\/p>\n<p><strong><span style=\"color: #333333;\">Serviceempfehlung:<\/span><\/strong><\/p>\n<ul>\n<li><a href=\"https:\/\/www.msds-europe.com\/de\/sicherheitsdatenblatt-uebersetzung\/\">Dienstleistungen zu Sicherheitsdatenbl\u00e4ttern<\/a><\/li>\n<li><a href=\"https:\/\/www.msds-europe.com\/de\/zusammenstellung-erstellung-von-sicherheitsdatenblaettern\/\">Erstellung und Zusammenstellung von Sicherheitsdatenbl\u00e4ttern (SDB)<\/a><\/li>\n<li><a href=\"https:\/\/www.msds-europe.com\/de\/erstellung-von-etikettenentwuerfen\/\">Erstellung von CLP-Etikettenentw\u00fcrfen<\/a><\/li>\n<li><a href=\"https:\/\/www.msds-europe.com\/de\/ufi-dientsleistung\/\">PCN-Meldung gef\u00e4hrlicher Gemische<\/a><\/li>\n<\/ul>\n<p>&nbsp;<\/p>\n<p><strong>N\u00fctzliche Artikel:<\/strong><\/p>\n<ul>\n<li><a href=\"https:\/\/www.msds-europe.com\/de\/kompass-zur-chemischen-sicherheit\/\">Kompass zur Chemikaliensicherheit<\/a><\/li>\n<li><a href=\"https:\/\/www.msds-europe.com\/de\/faq\/\">FAQ \u2013 H\u00e4ufig gestellte Fragen und Antworten<\/a><\/li>\n<li><a href=\"https:\/\/www.msds-europe.com\/de\/rechtsanderungsverfolger\/\">\u00dcberblick \u00fcber regulatorische \u00c4nderungen<\/a><\/li>\n<\/ul>\n<p>&nbsp;<\/p>\n<h4>Schnelle Fragen und Antworten<\/h4>\n<div class=\"su-spoiler su-spoiler-style-fancy su-spoiler-icon-chevron su-spoiler-closed\" data-scroll-offset=\"0\" data-anchor-in-url=\"no\"><div class=\"su-spoiler-title\" tabindex=\"0\" role=\"button\"><span class=\"su-spoiler-icon\"><\/span>Woran erkennen Sie, dass ein SDB bereits dem neuen EU-Format entspricht?<\/div><div class=\"su-spoiler-content su-u-clearfix su-u-trim\">\n<p>Pr\u00fcfen Sie das Ausgabedatum des SDB: Wurde es vor dem 1. Januar 2023 erstellt, besteht eine hohe Wahrscheinlichkeit, dass es die neuen Elemente der Verordnung (EU) 2020\/878 (z. B. Nanoformen, endokrinsch\u00e4digende Eigenschaften) noch nicht enth\u00e4lt und aktualisiert werden muss.<\/p>\n<\/div><\/div>\n<div class=\"su-spoiler su-spoiler-style-fancy su-spoiler-icon-chevron su-spoiler-closed\" data-scroll-offset=\"0\" data-anchor-in-url=\"no\"><div class=\"su-spoiler-title\" tabindex=\"0\" role=\"button\"><span class=\"su-spoiler-icon\"><\/span>Was k\u00f6nnen Sie tun, wenn Sie feststellen, dass ein SDB nicht genau genug ist?<\/div><div class=\"su-spoiler-content su-u-clearfix su-u-trim\">\n<p>Fordern Sie die Korrektur des SDB unter Einbeziehung eines Fach\u00fcbersetzers und eines Experten f\u00fcr Chemikaliensicherheit an \u2013 f\u00fcr die Einhaltung der Vorschriften ist nicht nur sprachliche, sondern auch fachliche Pr\u00e4zision erforderlich.<\/p>\n<\/div><\/div>\n","protected":false},"excerpt":{"rendered":"<p>MSDS-Europe \u2013 Warum hat mein Partner mein Sicherheitsdatenblatt abgelehnt? &nbsp; Das Sicherheitsdatenblatt (SDB) ist ein zentrales Dokument der Chemikaliensicherheit. Unsere Gesch\u00e4ftspartner haben daher zu Recht die Erwartung, dass das SDB, das sie erhalten, allen gesetzlichen Anforderungen entspricht. Wenn ein Partner unser Sicherheitsdatenblatt ablehnt, liegt in der Regel ein Compliance-Mangel vor&#8230;.<\/p>\n","protected":false},"author":2,"featured_media":0,"parent":0,"menu_order":0,"comment_status":"closed","ping_status":"closed","template":"","meta":{"_acf_changed":false,"footnotes":""},"tags":[],"class_list":["post-34290","page","type-page","status-publish","hentry"],"acf":[],"yoast_head":"<!-- This site is optimized with the Yoast SEO plugin v27.2 - https:\/\/yoast.com\/product\/yoast-seo-wordpress\/ -->\n<title>Warum hat mein Partner mein Sicherheitsdatenblatt abgelehnt?<\/title>\n<meta name=\"description\" content=\"Fehlerprotokoll und h\u00e4ufige Fehler im SDS-Check zur Sicherstellung der gesetzlichen Konformit\u00e4t. MSDS-Europe\" \/>\n<meta name=\"robots\" content=\"index, follow, max-snippet:-1, max-image-preview:large, max-video-preview:-1\" \/>\n<link rel=\"canonical\" href=\"https:\/\/www.msds-europe.com\/de\/sds-fehlerprotokoll-checkliste\/\" \/>\n<meta property=\"og:locale\" content=\"de_DE\" \/>\n<meta property=\"og:type\" content=\"article\" \/>\n<meta property=\"og:title\" content=\"Warum hat mein Partner mein Sicherheitsdatenblatt abgelehnt?\" \/>\n<meta property=\"og:description\" content=\"Fehlerprotokoll und h\u00e4ufige Fehler im SDS-Check zur Sicherstellung der gesetzlichen Konformit\u00e4t. MSDS-Europe\" \/>\n<meta property=\"og:url\" content=\"https:\/\/www.msds-europe.com\/de\/sds-fehlerprotokoll-checkliste\/\" \/>\n<meta property=\"og:site_name\" content=\"MSDS Europe\" \/>\n<meta property=\"article:publisher\" content=\"https:\/\/www.facebook.com\/toxinfokft\/\" \/>\n<meta property=\"article:modified_time\" content=\"2026-02-24T14:32:56+00:00\" \/>\n<meta name=\"twitter:card\" content=\"summary_large_image\" \/>\n<meta name=\"twitter:site\" content=\"@ToxInfoKft\" \/>\n<meta name=\"twitter:label1\" content=\"Gesch\u00e4tzte Lesezeit\" \/>\n\t<meta name=\"twitter:data1\" content=\"4\u00a0Minuten\" \/>\n<script type=\"application\/ld+json\" class=\"yoast-schema-graph\">{\"@context\":\"https:\/\/schema.org\",\"@graph\":[{\"@type\":\"WebPage\",\"@id\":\"https:\/\/www.msds-europe.com\/de\/sds-fehlerprotokoll-checkliste\/\",\"url\":\"https:\/\/www.msds-europe.com\/de\/sds-fehlerprotokoll-checkliste\/\",\"name\":\"Warum hat mein Partner mein Sicherheitsdatenblatt abgelehnt?\",\"isPartOf\":{\"@id\":\"https:\/\/www.msds-europe.com\/es\/#website\"},\"datePublished\":\"2025-08-15T11:08:58+00:00\",\"dateModified\":\"2026-02-24T14:32:56+00:00\",\"description\":\"Fehlerprotokoll und h\u00e4ufige Fehler im SDS-Check zur Sicherstellung der gesetzlichen Konformit\u00e4t. MSDS-Europe\",\"breadcrumb\":{\"@id\":\"https:\/\/www.msds-europe.com\/de\/sds-fehlerprotokoll-checkliste\/#breadcrumb\"},\"inLanguage\":\"de\",\"potentialAction\":[{\"@type\":\"ReadAction\",\"target\":[\"https:\/\/www.msds-europe.com\/de\/sds-fehlerprotokoll-checkliste\/\"]}]},{\"@type\":\"BreadcrumbList\",\"@id\":\"https:\/\/www.msds-europe.com\/de\/sds-fehlerprotokoll-checkliste\/#breadcrumb\",\"itemListElement\":[{\"@type\":\"ListItem\",\"position\":1,\"name\":\"F\u0151oldal\",\"item\":\"https:\/\/www.msds-europe.com\/de\/\"},{\"@type\":\"ListItem\",\"position\":2,\"name\":\"Warum hat mein Partner mein Sicherheitsdatenblatt abgelehnt?\"}]},{\"@type\":\"WebSite\",\"@id\":\"https:\/\/www.msds-europe.com\/es\/#website\",\"url\":\"https:\/\/www.msds-europe.com\/es\/\",\"name\":\"MSDS Europe\",\"description\":\"\",\"publisher\":{\"@id\":\"https:\/\/www.msds-europe.com\/es\/#organization\"},\"potentialAction\":[{\"@type\":\"SearchAction\",\"target\":{\"@type\":\"EntryPoint\",\"urlTemplate\":\"https:\/\/www.msds-europe.com\/es\/?s={search_term_string}\"},\"query-input\":{\"@type\":\"PropertyValueSpecification\",\"valueRequired\":true,\"valueName\":\"search_term_string\"}}],\"inLanguage\":\"de\"},{\"@type\":\"Organization\",\"@id\":\"https:\/\/www.msds-europe.com\/es\/#organization\",\"name\":\"MSDS-Europe International branch of ToxInfo\",\"url\":\"https:\/\/www.msds-europe.com\/es\/\",\"logo\":{\"@type\":\"ImageObject\",\"inLanguage\":\"de\",\"@id\":\"https:\/\/www.msds-europe.com\/es\/#\/schema\/logo\/image\/\",\"url\":\"https:\/\/www.msds-europe.com\/wp-content\/uploads\/2021\/04\/msds-europe-logo.jpg\",\"contentUrl\":\"https:\/\/www.msds-europe.com\/wp-content\/uploads\/2021\/04\/msds-europe-logo.jpg\",\"width\":2296,\"height\":1067,\"caption\":\"MSDS-Europe International branch of ToxInfo\"},\"image\":{\"@id\":\"https:\/\/www.msds-europe.com\/es\/#\/schema\/logo\/image\/\"},\"sameAs\":[\"https:\/\/www.facebook.com\/toxinfokft\/\",\"https:\/\/x.com\/ToxInfoKft\"]}]}<\/script>\n<!-- \/ Yoast SEO plugin. -->","yoast_head_json":{"title":"Warum hat mein Partner mein Sicherheitsdatenblatt abgelehnt?","description":"Fehlerprotokoll und h\u00e4ufige Fehler im SDS-Check zur Sicherstellung der gesetzlichen Konformit\u00e4t. MSDS-Europe","robots":{"index":"index","follow":"follow","max-snippet":"max-snippet:-1","max-image-preview":"max-image-preview:large","max-video-preview":"max-video-preview:-1"},"canonical":"https:\/\/www.msds-europe.com\/de\/sds-fehlerprotokoll-checkliste\/","og_locale":"de_DE","og_type":"article","og_title":"Warum hat mein Partner mein Sicherheitsdatenblatt abgelehnt?","og_description":"Fehlerprotokoll und h\u00e4ufige Fehler im SDS-Check zur Sicherstellung der gesetzlichen Konformit\u00e4t. MSDS-Europe","og_url":"https:\/\/www.msds-europe.com\/de\/sds-fehlerprotokoll-checkliste\/","og_site_name":"MSDS Europe","article_publisher":"https:\/\/www.facebook.com\/toxinfokft\/","article_modified_time":"2026-02-24T14:32:56+00:00","twitter_card":"summary_large_image","twitter_site":"@ToxInfoKft","twitter_misc":{"Gesch\u00e4tzte Lesezeit":"4\u00a0Minuten"},"schema":{"@context":"https:\/\/schema.org","@graph":[{"@type":"WebPage","@id":"https:\/\/www.msds-europe.com\/de\/sds-fehlerprotokoll-checkliste\/","url":"https:\/\/www.msds-europe.com\/de\/sds-fehlerprotokoll-checkliste\/","name":"Warum hat mein Partner mein Sicherheitsdatenblatt abgelehnt?","isPartOf":{"@id":"https:\/\/www.msds-europe.com\/es\/#website"},"datePublished":"2025-08-15T11:08:58+00:00","dateModified":"2026-02-24T14:32:56+00:00","description":"Fehlerprotokoll und h\u00e4ufige Fehler im SDS-Check zur Sicherstellung der gesetzlichen Konformit\u00e4t. MSDS-Europe","breadcrumb":{"@id":"https:\/\/www.msds-europe.com\/de\/sds-fehlerprotokoll-checkliste\/#breadcrumb"},"inLanguage":"de","potentialAction":[{"@type":"ReadAction","target":["https:\/\/www.msds-europe.com\/de\/sds-fehlerprotokoll-checkliste\/"]}]},{"@type":"BreadcrumbList","@id":"https:\/\/www.msds-europe.com\/de\/sds-fehlerprotokoll-checkliste\/#breadcrumb","itemListElement":[{"@type":"ListItem","position":1,"name":"F\u0151oldal","item":"https:\/\/www.msds-europe.com\/de\/"},{"@type":"ListItem","position":2,"name":"Warum hat mein Partner mein Sicherheitsdatenblatt abgelehnt?"}]},{"@type":"WebSite","@id":"https:\/\/www.msds-europe.com\/es\/#website","url":"https:\/\/www.msds-europe.com\/es\/","name":"MSDS Europe","description":"","publisher":{"@id":"https:\/\/www.msds-europe.com\/es\/#organization"},"potentialAction":[{"@type":"SearchAction","target":{"@type":"EntryPoint","urlTemplate":"https:\/\/www.msds-europe.com\/es\/?s={search_term_string}"},"query-input":{"@type":"PropertyValueSpecification","valueRequired":true,"valueName":"search_term_string"}}],"inLanguage":"de"},{"@type":"Organization","@id":"https:\/\/www.msds-europe.com\/es\/#organization","name":"MSDS-Europe International branch of ToxInfo","url":"https:\/\/www.msds-europe.com\/es\/","logo":{"@type":"ImageObject","inLanguage":"de","@id":"https:\/\/www.msds-europe.com\/es\/#\/schema\/logo\/image\/","url":"https:\/\/www.msds-europe.com\/wp-content\/uploads\/2021\/04\/msds-europe-logo.jpg","contentUrl":"https:\/\/www.msds-europe.com\/wp-content\/uploads\/2021\/04\/msds-europe-logo.jpg","width":2296,"height":1067,"caption":"MSDS-Europe International branch of ToxInfo"},"image":{"@id":"https:\/\/www.msds-europe.com\/es\/#\/schema\/logo\/image\/"},"sameAs":["https:\/\/www.facebook.com\/toxinfokft\/","https:\/\/x.com\/ToxInfoKft"]}]}},"_links":{"self":[{"href":"https:\/\/www.msds-europe.com\/de\/wp-json\/wp\/v2\/pages\/34290","targetHints":{"allow":["GET"]}}],"collection":[{"href":"https:\/\/www.msds-europe.com\/de\/wp-json\/wp\/v2\/pages"}],"about":[{"href":"https:\/\/www.msds-europe.com\/de\/wp-json\/wp\/v2\/types\/page"}],"author":[{"embeddable":true,"href":"https:\/\/www.msds-europe.com\/de\/wp-json\/wp\/v2\/users\/2"}],"replies":[{"embeddable":true,"href":"https:\/\/www.msds-europe.com\/de\/wp-json\/wp\/v2\/comments?post=34290"}],"version-history":[{"count":5,"href":"https:\/\/www.msds-europe.com\/de\/wp-json\/wp\/v2\/pages\/34290\/revisions"}],"predecessor-version":[{"id":37774,"href":"https:\/\/www.msds-europe.com\/de\/wp-json\/wp\/v2\/pages\/34290\/revisions\/37774"}],"wp:attachment":[{"href":"https:\/\/www.msds-europe.com\/de\/wp-json\/wp\/v2\/media?parent=34290"}],"wp:term":[{"taxonomy":"post_tag","embeddable":true,"href":"https:\/\/www.msds-europe.com\/de\/wp-json\/wp\/v2\/tags?post=34290"}],"curies":[{"name":"wp","href":"https:\/\/api.w.org\/{rel}","templated":true}]}}