{"id":31088,"date":"2025-04-07T13:44:28","date_gmt":"2025-04-07T13:44:28","guid":{"rendered":"https:\/\/www.msds-europe.com\/?page_id=31088"},"modified":"2026-02-25T11:56:13","modified_gmt":"2026-02-25T11:56:13","slug":"erstellung-sdb-einfuhrung","status":"publish","type":"page","link":"https:\/\/www.msds-europe.com\/de\/erstellung-sdb-einfuhrung\/","title":{"rendered":"Erstellung von Sicherheitsdatenbl\u00e4ttern (SDB) \u2013 Teil 1"},"content":{"rendered":"<h2><span style=\"color: #333333;\">Einf\u00fchrung und rechtlicher Hintergrund<\/span><\/h2>\n<p style=\"text-align: right;\"><em><a href=\"https:\/\/www.msds-europe.com\/de\/\">MSDS-Europe<\/a> \u2013 <a href=\"https:\/\/www.msds-europe.com\/de\/nutzliche-informationen-und-hintergrundsmaterialien-fur-sicherheitsdatenblatter\/\">Sicherheitsdatenblatt-Wissensbasis<\/a> \u2013 Erstellung von Sicherheitsdatenbl\u00e4ttern (SDB), Teil 1: Einf\u00fchrung und rechtlicher Hintergrund<\/em><\/p>\n<p>&nbsp;<\/p>\n<p style=\"text-align: justify;\">In unserer f\u00fcnfteiligen Artikelserie f\u00fchren wir die Leser Schritt f\u00fcr Schritt durch den Prozess der Erstellung von Sicherheitsdatenbl\u00e4ttern (SDB). Wir erkl\u00e4ren, was ein SDB ist, warum es wichtig ist und welche rechtlichen Anforderungen (z.&nbsp;B. REACH- und CLP-Verordnungen) daf\u00fcr gelten.<\/p>\n<p style=\"text-align: justify;\">Wir beantworten auch praktische Fragen zur SDB-Erstellung: f\u00fcr gef\u00e4hrliche Stoffe und Gemische \u2013 wann ist ein SDB verpflichtend, wer ist f\u00fcr die Erstellung verantwortlich, welche Informationen muss es enthalten und wie sowie in welchen F\u00e4llen es aktualisiert werden muss. Bereits in der Planungsphase sollte feststehen, auf welche <a href=\"https:\/\/www.msds-europe.com\/de\/sds-informationsquellen-datenbanken\/\">Informationsquellen und Datenbanken f\u00fcr Sicherheitsdatenbl\u00e4tter<\/a> Sie sich st\u00fctzen, damit die sp\u00e4tere Einstufung und Formulierung auf gepr\u00fcften Daten basiert.<\/p>\n<p style=\"text-align: justify;\"><em>(Dieser Leitfaden basiert auf einem offiziellen Dokument vom 7. April 2021, verf\u00fcgbar hier: \u201e<a href=\"https:\/\/www.echa.europa.eu\/documents\/10162\/2324906\/sds_de.pdf\/9d422bed-23a2-4ef9-bf50-d94426c6c65e\">Leitlinien zur Erstellung von Sicherheitsdatenbl\u00e4ttern<\/a>\u201c \u2013 ECHA, 2021.)<\/em><\/p>\n<p>&nbsp;<\/p>\n<h3 style=\"text-align: justify;\">Was ist ein Sicherheitsdatenblatt (SDB)?<\/h3>\n<p style=\"text-align: justify;\">Ein <a href=\"https:\/\/www.msds-europe.com\/de\/definition-des-sicherheitsdatenblattes\/\">Sicherheitsdatenblatt<\/a> ist ein Dokument, das detaillierte Informationen \u00fcber Eigenschaften, Gefahren und die sichere Verwendung eines gef\u00e4hrlichen Stoffs oder Gemischs bereitstellt.<\/p>\n<p style=\"text-align: justify;\">Zweck des SDB ist es, nachgeschalteten Anwendern (industriellen oder gewerblichen Verwendern), Besch\u00e4ftigten und Beh\u00f6rden alle Informationen bereitzustellen, die f\u00fcr den sicheren Umgang mit dem Produkt erforderlich sind. F\u00fcr gef\u00e4hrliche Stoffe oder Gemische muss gem\u00e4\u00df den einschl\u00e4gigen EU-Vorschriften ein SDB bereitgestellt werden (und in bestimmten weiteren, rechtlich festgelegten F\u00e4llen ebenfalls).<\/p>\n<p style=\"text-align: justify;\">Die standardisierte <a href=\"https:\/\/www.msds-europe.com\/de\/inhalt-und-formatelemente-eines-sicherheitsdatenblattes\/\">Struktur eines SDB mit 16 Abschnitten<\/a> stellt sicher, dass wichtige produktbezogene Informationen klar und geordnet dargestellt werden.<\/p>\n<p style=\"text-align: justify;\"><strong>Diese 16 Abschnitte umfassen unter anderem:<\/strong><\/p>\n<ul>\n<li style=\"text-align: justify;\">Produktidentifikation<\/li>\n<li style=\"text-align: justify;\">Einstufung und Kennzeichnung<\/li>\n<li style=\"text-align: justify;\">Zusammensetzung\/Angaben zu Bestandteilen<\/li>\n<li style=\"text-align: justify;\">Erste-Hilfe-Ma\u00dfnahmen<\/li>\n<li style=\"text-align: justify;\">Ma\u00dfnahmen zur Brandbek\u00e4mpfung<\/li>\n<li style=\"text-align: justify;\">Ma\u00dfnahmen bei unbeabsichtigter Freisetzung<\/li>\n<li style=\"text-align: justify;\">Handhabung und Lagerung<\/li>\n<li style=\"text-align: justify;\">Toxikologische und \u00f6kologische Angaben sowie Hinweise zur Entsorgung<\/li>\n<\/ul>\n<p style=\"text-align: justify;\">Ein <a href=\"https:\/\/www.msds-europe.com\/de\/sicherheitsdatenblatt-uebersetzung\/\">gut ausgearbeitetes Sicherheitsdatenblatt<\/a> tr\u00e4gt dazu bei, Unf\u00e4lle und Gesundheitssch\u00e4den zu vermeiden und unterst\u00fctzt gleichzeitig die Einhaltung der Vorschriften.<\/p>\n<p>&nbsp;<\/p>\n<h3 style=\"text-align: justify;\">Rechtlicher Hintergrund: REACH- und CLP-Verordnungen<\/h3>\n<p style=\"text-align: justify;\">Die Anforderungen an Sicherheitsdatenbl\u00e4tter werden in erster Linie durch die europ\u00e4ische Chemikalienverordnung <strong>REACH (Verordnung (EG) Nr. 1907\/2006)<\/strong> definiert.<\/p>\n<p style=\"text-align: justify;\"><strong>Artikel 31 der REACH-Verordnung<\/strong> legt fest, in welchen F\u00e4llen ein Sicherheitsdatenblatt bereitzustellen ist, und die detaillierten Inhalts- und Formatvorgaben sind in Anhang II der REACH-Verordnung geregelt. Anhang II wird <a href=\"https:\/\/www.msds-europe.com\/de\/gueltigkeitsdauer-sicherheitsdatenblatt\/\">regelm\u00e4\u00dfig aktualisiert<\/a>; zuletzt hat die Verordnung (EU) 2020\/878 die Anforderungen an Inhalt und Struktur des SDB aktualisiert (u.&nbsp;a. wurden Angaben zu endokrinsch\u00e4digenden Eigenschaften eingef\u00fchrt). Die offizielle Leitlinie, auf der diese Artikelserie basiert, ber\u00fccksichtigt ebenfalls diese Vorgaben und gibt praktische Hinweise zu deren Umsetzung.<\/p>\n<p style=\"text-align: justify;\">Eng verkn\u00fcpft mit diesem Thema ist die CLP-Verordnung (Verordnung (EG) Nr. 1272\/2008), die die Einstufung, Kennzeichnung und Verpackung von Stoffen und Gemischen regelt.<\/p>\n<p style=\"text-align: justify;\"><strong>Abschnitt 2<\/strong> des Sicherheitsdatenblatts muss die Einstufung und die <a href=\"https:\/\/www.msds-europe.com\/de\/kennzeichnungselemente-sicherheitsdatenblattes\/\">Kennzeichnungselemente<\/a> gem\u00e4\u00df der CLP-Verordnung enthalten. Daher erfordert die Erstellung eines SDB Vertrautheit mit den CLP-Gefahrenklassen, <a href=\"https:\/\/www.msds-europe.com\/de\/gefahrenpiktogramm\/\">Gefahrenpiktogrammen<\/a>, <a href=\"https:\/\/www.msds-europe.com\/de\/h-satze\/\">H-S\u00e4tzen<\/a> und <a href=\"https:\/\/www.msds-europe.com\/de\/p-satze\/\">P-S\u00e4tzen<\/a>.<\/p>\n<p style=\"text-align: justify;\">Zusammen gew\u00e4hrleisten die REACH- und CLP-Vorschriften, dass Informationen \u00fcber gef\u00e4hrliche Stoffe und Gemische in einem einheitlichen Format an alle weitergegeben werden, die mit dem Produkt arbeiten.<\/p>\n<p>&nbsp;<\/p>\n<p><em><strong>Weitere Artikel<\/strong><\/em><\/p>\n<ul>\n<li style=\"text-align: justify;\"><a href=\"https:\/\/www.msds-europe.com\/de\/sdb-erstellungsprozess\/\"><em>Erstellung von Sicherheitsdatenbl\u00e4ttern (SDB) \u2013 Teil 2: Verantwortlichkeiten und der SDB-Erstellungsprozess<\/em><\/a><\/li>\n<li style=\"text-align: justify;\"><a href=\"https:\/\/www.msds-europe.com\/de\/erstellung-sdb-ersten-8-abschnitte\/\"><em>Erstellung von Sicherheitsdatenbl\u00e4ttern (SDB) \u2013 Teil 3: Die ersten 8 Abschnitte des SDB im Detail<\/em><\/a><\/li>\n<li style=\"text-align: justify;\"><a href=\"https:\/\/www.msds-europe.com\/de\/erstellung-sdb-9-16-abschnitte\/\"><em>Erstellung von Sicherheitsdatenbl\u00e4ttern (SDB) \u2013 Teil 4: Die verbleibenden SDB-Abschnitte (9\u201316)<\/em><\/a><\/li>\n<li><a href=\"https:\/\/www.msds-europe.com\/de\/erstellung-sdb-bewaehrte-praktiken\/\"><em>Erstellung von Sicherheitsdatenbl\u00e4ttern (SDB) \u2013 Teil 5: Besondere F\u00e4lle und bew\u00e4hrte Praktiken<\/em><\/a><\/li>\n<\/ul>\n<p>&nbsp;<\/p>\n<h4>Kostenlose Online-Beratung<\/h4>\n<p style=\"text-align: justify;\">Falls Sie die ben\u00f6tigten Informationen auf unserer Website nicht gefunden haben, k\u00f6nnen Sie Ihre Fragen zu Sicherheitsdatenbl\u00e4ttern direkt an unseren Experten richten.<\/p>\n<p style=\"text-align: justify;\">F\u00fcr das Senden Ihrer Fragen verwenden Sie bitte die folgende Nachrichtenanwendung:<\/p>\n<a href=\"https:\/\/www.msds-europe.com\/de\/online-beratung\/\" class=\"su-button su-button-style-default\" style=\"color:#ffffff;background-color:#ef552d;border-color:#c04424;border-radius:6px\" target=\"_self\"><span style=\"color:#ffffff;padding:0px 18px;font-size:14px;line-height:28px;border-color:#f4886c;border-radius:6px;text-shadow:0px 0px 2px #ffffff\"> Fragen Sie unsere Experten f\u00fcr Chemikaliensicherheit!<\/span><\/a>\n<p>\u00a0<\/p>\n<h4><span style=\"color: #333333;\">Weitere relevante Services<\/span><\/h4>\n<ul>\n<li><a href=\"https:\/\/www.msds-europe.com\/de\/sicherheitsdatenblatt-uebersetzung\/\">SDB-\u00dcbersetzungsdienste<\/a><\/li>\n<li><a href=\"https:\/\/www.msds-europe.com\/de\/sds-aktualisierung-ueberarbeitung\/\">Aktualisierung von Sicherheitsdatenbl\u00e4ttern<\/a><\/li>\n<li><a href=\"https:\/\/www.msds-europe.com\/de\/zusammenstellung-erstellung-von-sicherheitsdatenblaettern\/\">Erstellung von Sicherheitsdatenbl\u00e4ttern (SDB-Erstellung)<\/a><\/li>\n<\/ul>\n<p>&nbsp;<\/p>\n<h4><span style=\"color: #333333;\">Empfohlene Artikel<\/span><\/h4>\n<ul>\n<li><a href=\"https:\/\/www.msds-europe.com\/de\/pcn-benachrichtigung\/\">PCN-Benachrichtigung<\/a><\/li>\n<li><a href=\"https:\/\/www.msds-europe.com\/de\/kompass-zur-chemischen-sicherheit\/#PCN-Benachrichtigung\">Kompass zur chemischen Sicherheit<\/a><\/li>\n<\/ul>\n<p>&nbsp;<br \/>\n&nbsp;<\/p>\n","protected":false},"excerpt":{"rendered":"<p>Einf\u00fchrung und rechtlicher Hintergrund MSDS-Europe \u2013 Sicherheitsdatenblatt-Wissensbasis \u2013 Erstellung von Sicherheitsdatenbl\u00e4ttern (SDB), Teil 1: Einf\u00fchrung und rechtlicher Hintergrund &nbsp; In unserer f\u00fcnfteiligen Artikelserie f\u00fchren wir die Leser Schritt f\u00fcr Schritt durch den Prozess der Erstellung von Sicherheitsdatenbl\u00e4ttern (SDB). Wir erkl\u00e4ren, was ein SDB ist, warum es wichtig ist und welche&#8230;<\/p>\n","protected":false},"author":2,"featured_media":0,"parent":0,"menu_order":0,"comment_status":"closed","ping_status":"closed","template":"","meta":{"_acf_changed":false,"footnotes":""},"tags":[247,357],"class_list":["post-31088","page","type-page","status-publish","hentry","tag-sicherheitsdatenblatt","tag-sicherheitsdatenblatt-wissensbasis"],"acf":[],"yoast_head":"<!-- This site is optimized with the Yoast SEO plugin v27.2 - https:\/\/yoast.com\/product\/yoast-seo-wordpress\/ -->\n<title>Erstellung von SDB \u2013 Teil 1: Einf\u00fchrung und rechtlicher Hintergrund<\/title>\n<meta name=\"description\" content=\"Begriff und Bedeutung des Sicherheitsdatenblatts (SDS) sowie rechtliche Grundlagen gem\u00e4\u00df REACH- und CLP-Verordnungen.\" \/>\n<meta name=\"robots\" content=\"index, follow, max-snippet:-1, max-image-preview:large, max-video-preview:-1\" \/>\n<link rel=\"canonical\" href=\"https:\/\/www.msds-europe.com\/de\/erstellung-sdb-einfuhrung\/\" \/>\n<meta property=\"og:locale\" content=\"de_DE\" \/>\n<meta property=\"og:type\" content=\"article\" \/>\n<meta property=\"og:title\" content=\"Erstellung von SDB \u2013 Teil 1: Einf\u00fchrung und rechtlicher Hintergrund\" \/>\n<meta property=\"og:description\" content=\"Begriff und Bedeutung des Sicherheitsdatenblatts (SDS) sowie rechtliche Grundlagen gem\u00e4\u00df REACH- und CLP-Verordnungen.\" \/>\n<meta property=\"og:url\" content=\"https:\/\/www.msds-europe.com\/de\/erstellung-sdb-einfuhrung\/\" \/>\n<meta property=\"og:site_name\" content=\"MSDS Europe\" \/>\n<meta property=\"article:publisher\" content=\"https:\/\/www.facebook.com\/toxinfokft\/\" \/>\n<meta property=\"article:modified_time\" content=\"2026-02-25T11:56:13+00:00\" \/>\n<meta name=\"twitter:card\" content=\"summary_large_image\" \/>\n<meta name=\"twitter:site\" content=\"@ToxInfoKft\" \/>\n<meta name=\"twitter:label1\" content=\"Gesch\u00e4tzte Lesezeit\" \/>\n\t<meta name=\"twitter:data1\" content=\"3\u00a0Minuten\" \/>\n<script type=\"application\/ld+json\" class=\"yoast-schema-graph\">{\"@context\":\"https:\/\/schema.org\",\"@graph\":[{\"@type\":\"WebPage\",\"@id\":\"https:\/\/www.msds-europe.com\/de\/erstellung-sdb-einfuhrung\/\",\"url\":\"https:\/\/www.msds-europe.com\/de\/erstellung-sdb-einfuhrung\/\",\"name\":\"Erstellung von SDB \u2013 Teil 1: Einf\u00fchrung und rechtlicher Hintergrund\",\"isPartOf\":{\"@id\":\"https:\/\/www.msds-europe.com\/es\/#website\"},\"datePublished\":\"2025-04-07T13:44:28+00:00\",\"dateModified\":\"2026-02-25T11:56:13+00:00\",\"description\":\"Begriff und Bedeutung des Sicherheitsdatenblatts (SDS) sowie rechtliche Grundlagen gem\u00e4\u00df REACH- und CLP-Verordnungen.\",\"breadcrumb\":{\"@id\":\"https:\/\/www.msds-europe.com\/de\/erstellung-sdb-einfuhrung\/#breadcrumb\"},\"inLanguage\":\"de\",\"potentialAction\":[{\"@type\":\"ReadAction\",\"target\":[\"https:\/\/www.msds-europe.com\/de\/erstellung-sdb-einfuhrung\/\"]}]},{\"@type\":\"BreadcrumbList\",\"@id\":\"https:\/\/www.msds-europe.com\/de\/erstellung-sdb-einfuhrung\/#breadcrumb\",\"itemListElement\":[{\"@type\":\"ListItem\",\"position\":1,\"name\":\"F\u0151oldal\",\"item\":\"https:\/\/www.msds-europe.com\/de\/\"},{\"@type\":\"ListItem\",\"position\":2,\"name\":\"Erstellung von Sicherheitsdatenbl\u00e4ttern (SDB) \u2013 Teil 1\"}]},{\"@type\":\"WebSite\",\"@id\":\"https:\/\/www.msds-europe.com\/es\/#website\",\"url\":\"https:\/\/www.msds-europe.com\/es\/\",\"name\":\"MSDS Europe\",\"description\":\"\",\"publisher\":{\"@id\":\"https:\/\/www.msds-europe.com\/es\/#organization\"},\"potentialAction\":[{\"@type\":\"SearchAction\",\"target\":{\"@type\":\"EntryPoint\",\"urlTemplate\":\"https:\/\/www.msds-europe.com\/es\/?s={search_term_string}\"},\"query-input\":{\"@type\":\"PropertyValueSpecification\",\"valueRequired\":true,\"valueName\":\"search_term_string\"}}],\"inLanguage\":\"de\"},{\"@type\":\"Organization\",\"@id\":\"https:\/\/www.msds-europe.com\/es\/#organization\",\"name\":\"MSDS-Europe International branch of ToxInfo\",\"url\":\"https:\/\/www.msds-europe.com\/es\/\",\"logo\":{\"@type\":\"ImageObject\",\"inLanguage\":\"de\",\"@id\":\"https:\/\/www.msds-europe.com\/es\/#\/schema\/logo\/image\/\",\"url\":\"https:\/\/www.msds-europe.com\/wp-content\/uploads\/2021\/04\/msds-europe-logo.jpg\",\"contentUrl\":\"https:\/\/www.msds-europe.com\/wp-content\/uploads\/2021\/04\/msds-europe-logo.jpg\",\"width\":2296,\"height\":1067,\"caption\":\"MSDS-Europe International branch of ToxInfo\"},\"image\":{\"@id\":\"https:\/\/www.msds-europe.com\/es\/#\/schema\/logo\/image\/\"},\"sameAs\":[\"https:\/\/www.facebook.com\/toxinfokft\/\",\"https:\/\/x.com\/ToxInfoKft\"]}]}<\/script>\n<!-- \/ Yoast SEO plugin. -->","yoast_head_json":{"title":"Erstellung von SDB \u2013 Teil 1: Einf\u00fchrung und rechtlicher Hintergrund","description":"Begriff und Bedeutung des Sicherheitsdatenblatts (SDS) sowie rechtliche Grundlagen gem\u00e4\u00df REACH- und CLP-Verordnungen.","robots":{"index":"index","follow":"follow","max-snippet":"max-snippet:-1","max-image-preview":"max-image-preview:large","max-video-preview":"max-video-preview:-1"},"canonical":"https:\/\/www.msds-europe.com\/de\/erstellung-sdb-einfuhrung\/","og_locale":"de_DE","og_type":"article","og_title":"Erstellung von SDB \u2013 Teil 1: Einf\u00fchrung und rechtlicher Hintergrund","og_description":"Begriff und Bedeutung des Sicherheitsdatenblatts (SDS) sowie rechtliche Grundlagen gem\u00e4\u00df REACH- und CLP-Verordnungen.","og_url":"https:\/\/www.msds-europe.com\/de\/erstellung-sdb-einfuhrung\/","og_site_name":"MSDS Europe","article_publisher":"https:\/\/www.facebook.com\/toxinfokft\/","article_modified_time":"2026-02-25T11:56:13+00:00","twitter_card":"summary_large_image","twitter_site":"@ToxInfoKft","twitter_misc":{"Gesch\u00e4tzte Lesezeit":"3\u00a0Minuten"},"schema":{"@context":"https:\/\/schema.org","@graph":[{"@type":"WebPage","@id":"https:\/\/www.msds-europe.com\/de\/erstellung-sdb-einfuhrung\/","url":"https:\/\/www.msds-europe.com\/de\/erstellung-sdb-einfuhrung\/","name":"Erstellung von SDB \u2013 Teil 1: Einf\u00fchrung und rechtlicher Hintergrund","isPartOf":{"@id":"https:\/\/www.msds-europe.com\/es\/#website"},"datePublished":"2025-04-07T13:44:28+00:00","dateModified":"2026-02-25T11:56:13+00:00","description":"Begriff und Bedeutung des Sicherheitsdatenblatts (SDS) sowie rechtliche Grundlagen gem\u00e4\u00df REACH- und CLP-Verordnungen.","breadcrumb":{"@id":"https:\/\/www.msds-europe.com\/de\/erstellung-sdb-einfuhrung\/#breadcrumb"},"inLanguage":"de","potentialAction":[{"@type":"ReadAction","target":["https:\/\/www.msds-europe.com\/de\/erstellung-sdb-einfuhrung\/"]}]},{"@type":"BreadcrumbList","@id":"https:\/\/www.msds-europe.com\/de\/erstellung-sdb-einfuhrung\/#breadcrumb","itemListElement":[{"@type":"ListItem","position":1,"name":"F\u0151oldal","item":"https:\/\/www.msds-europe.com\/de\/"},{"@type":"ListItem","position":2,"name":"Erstellung von Sicherheitsdatenbl\u00e4ttern (SDB) \u2013 Teil 1"}]},{"@type":"WebSite","@id":"https:\/\/www.msds-europe.com\/es\/#website","url":"https:\/\/www.msds-europe.com\/es\/","name":"MSDS Europe","description":"","publisher":{"@id":"https:\/\/www.msds-europe.com\/es\/#organization"},"potentialAction":[{"@type":"SearchAction","target":{"@type":"EntryPoint","urlTemplate":"https:\/\/www.msds-europe.com\/es\/?s={search_term_string}"},"query-input":{"@type":"PropertyValueSpecification","valueRequired":true,"valueName":"search_term_string"}}],"inLanguage":"de"},{"@type":"Organization","@id":"https:\/\/www.msds-europe.com\/es\/#organization","name":"MSDS-Europe International branch of ToxInfo","url":"https:\/\/www.msds-europe.com\/es\/","logo":{"@type":"ImageObject","inLanguage":"de","@id":"https:\/\/www.msds-europe.com\/es\/#\/schema\/logo\/image\/","url":"https:\/\/www.msds-europe.com\/wp-content\/uploads\/2021\/04\/msds-europe-logo.jpg","contentUrl":"https:\/\/www.msds-europe.com\/wp-content\/uploads\/2021\/04\/msds-europe-logo.jpg","width":2296,"height":1067,"caption":"MSDS-Europe International branch of ToxInfo"},"image":{"@id":"https:\/\/www.msds-europe.com\/es\/#\/schema\/logo\/image\/"},"sameAs":["https:\/\/www.facebook.com\/toxinfokft\/","https:\/\/x.com\/ToxInfoKft"]}]}},"_links":{"self":[{"href":"https:\/\/www.msds-europe.com\/de\/wp-json\/wp\/v2\/pages\/31088","targetHints":{"allow":["GET"]}}],"collection":[{"href":"https:\/\/www.msds-europe.com\/de\/wp-json\/wp\/v2\/pages"}],"about":[{"href":"https:\/\/www.msds-europe.com\/de\/wp-json\/wp\/v2\/types\/page"}],"author":[{"embeddable":true,"href":"https:\/\/www.msds-europe.com\/de\/wp-json\/wp\/v2\/users\/2"}],"replies":[{"embeddable":true,"href":"https:\/\/www.msds-europe.com\/de\/wp-json\/wp\/v2\/comments?post=31088"}],"version-history":[{"count":19,"href":"https:\/\/www.msds-europe.com\/de\/wp-json\/wp\/v2\/pages\/31088\/revisions"}],"predecessor-version":[{"id":37848,"href":"https:\/\/www.msds-europe.com\/de\/wp-json\/wp\/v2\/pages\/31088\/revisions\/37848"}],"wp:attachment":[{"href":"https:\/\/www.msds-europe.com\/de\/wp-json\/wp\/v2\/media?parent=31088"}],"wp:term":[{"taxonomy":"post_tag","embeddable":true,"href":"https:\/\/www.msds-europe.com\/de\/wp-json\/wp\/v2\/tags?post=31088"}],"curies":[{"name":"wp","href":"https:\/\/api.w.org\/{rel}","templated":true}]}}