{"id":20689,"date":"2020-03-11T09:08:01","date_gmt":"2020-03-11T09:08:01","guid":{"rendered":"https:\/\/www.msds-europe.com\/?page_id=20689"},"modified":"2026-02-18T14:01:38","modified_gmt":"2026-02-18T14:01:38","slug":"msds-europe-kundenbetreuungsprogramm","status":"publish","type":"page","link":"https:\/\/www.msds-europe.com\/de\/msds-europe-kundenbetreuungsprogramm\/","title":{"rendered":"MSDS-Europe Kundenbetreuungsprogramm"},"content":{"rendered":"<p style=\"text-align: justify;\"><em>Weil chemische Sicherheit auf Vertrauen beruht\u2026<\/em><\/p>\n<p style=\"text-align: right;\"><em><a href=\"https:\/\/www.msds-europe.com\/de\/\">MSDS-Europe<\/a> \u2013 Kundenbetreuungsprogramm<\/em><\/p>\n<p><img decoding=\"async\" class=\"alignnone size-medium wp-image-20690 alignright\" src=\"https:\/\/www.msds-europe.com\/wp-content\/uploads\/2020\/03\/MSDS-Europe-Kundenbetreuungsprogramm-300x300.jpg\" alt=\"\" width=\"300\" height=\"300\" srcset=\"https:\/\/www.msds-europe.com\/wp-content\/uploads\/2020\/03\/MSDS-Europe-Kundenbetreuungsprogramm-300x300.jpg 300w, https:\/\/www.msds-europe.com\/wp-content\/uploads\/2020\/03\/MSDS-Europe-Kundenbetreuungsprogramm-150x150.jpg 150w, https:\/\/www.msds-europe.com\/wp-content\/uploads\/2020\/03\/MSDS-Europe-Kundenbetreuungsprogramm.jpg 512w\" sizes=\"(max-width: 300px) 100vw, 300px\" \/><\/p>\n<h3><\/h3>\n<p>&nbsp;<\/p>\n<h3><\/h3>\n<h3 style=\"text-align: justify;\"><span style=\"color: #333333;\">Ziel unseres Kundenbetreuungsprogramms<\/span><\/h3>\n<p style=\"text-align: justify;\">Wir sind \u00fcberzeugt, dass qualitativ hochwertige Dienstleistungen im Bereich der chemischen Sicherheit nur durch eine enge und zuverl\u00e4ssige Kommunikation erreicht werden k\u00f6nnen. Die Organisationskultur von ToxInfo ist durch kundenorientiertes Denken gepr\u00e4gt. Aus diesem Grund haben wir unser Kundenbetreuungsprogramm entwickelt, damit unsere Kunden langfristig von den Vorteilen profitieren k\u00f6nnen. Die Unterst\u00fctzung durch den Dienstleister endet nicht mit der Lieferung der Bestellung.<\/p>\n<p>&nbsp;<\/p>\n<h2 style=\"text-align: justify;\">Beg\u00fcnstigter Kundenstatus<\/h2>\n<p style=\"text-align: justify;\">Durch die Benennung eines pers\u00f6nlichen Ansprechpartners schaffen wir eine effektivere und zukunftsorientierte Zusammenarbeit und k\u00f6nnen eine qualitativ hochwertigere Unterst\u00fctzung im Bereich der chemischen Sicherheit leisten.<\/p>\n<p>&nbsp;<\/p>\n<h4 style=\"text-align: justify;\">Vorteile eines pers\u00f6nlichen Ansprechpartners<\/h4>\n<ul>\n<li style=\"text-align: justify;\">Fachliche Fragen werden direkt vom Ansprechpartner beantwortet.<\/li>\n<li style=\"text-align: justify;\">Der gesamte Bestellvorgang wird von einer Person betreut, die jederzeit den aktuellen Stand erl\u00e4utern kann.<\/li>\n<li style=\"text-align: justify;\">Der Ansprechpartner kann Sie pers\u00f6nlich beraten.<\/li>\n<li style=\"text-align: justify;\">Der Lieferplan wird an die Bed\u00fcrfnisse des Kunden angepasst.<\/li>\n<li style=\"text-align: justify;\">Administrative Unterst\u00fctzung auch bei der Vorbereitung der Bestellung (z. B. Abgleich des Produktportfolios mit den vorhandenen Sicherheitsdatenbl\u00e4ttern und Etikettenentw\u00fcrfen).<\/li>\n<\/ul>\n<p>&nbsp;<\/p>\n<h4 style=\"text-align: justify;\">Zahlung nach Lieferung<\/h4>\n<ul>\n<li style=\"text-align: justify;\">Statt einer Pro-forma-Rechnung k\u00f6nnen Sie nach Lieferung der Bestellung bezahlen.<\/li>\n<li style=\"text-align: justify;\">Individuelle Zahlungsfrist.<\/li>\n<\/ul>\n<p>&nbsp;<\/p>\n<h4 style=\"text-align: justify;\">Garantierte Preise<\/h4>\n<ul>\n<li style=\"text-align: justify;\">Auf Wunsch unserer Hauptkunden garantieren wir unsere Preise in einem Rahmenvertrag, in dem wir f\u00fcr das ganze Jahr unver\u00e4nderte Preise sowie Mengenrabatte gew\u00e4hren.<\/li>\n<\/ul>\n<p>&nbsp;<\/p>\n<h4 style=\"text-align: justify;\">Beschleunigter Bestellvorgang<\/h4>\n<ul>\n<li style=\"text-align: justify;\">Anstatt das \u00fcbliche Bestellformular auszuf\u00fcllen, m\u00fcssen nur die Produktdaten angegeben werden, die fachlich relevant und f\u00fcr die Ausf\u00fchrung der aktuellen Bestellung unerl\u00e4sslich sind.<\/li>\n<\/ul>\n<p>&nbsp;<\/p>\n<h4 style=\"text-align: justify;\"><span style=\"color: #333333;\">Voraussetzungen f\u00fcr den beg\u00fcnstigten Kundenstatus<\/span><\/h4>\n<p style=\"text-align: justify;\">Unabh\u00e4ngig vom Auftragswert benennen wir nach der zweiten Zusammenarbeit einen pers\u00f6nlichen Ansprechpartner f\u00fcr den Kunden. Der Ansprechpartner setzt sich mit dem Kunden in Verbindung, damit sp\u00e4tere Fragen und Themen im Zusammenhang mit der chemischen Sicherheit direkt \u00fcber die angegebenen Kontaktdaten gekl\u00e4rt werden k\u00f6nnen.<\/p>\n<p>&nbsp;<\/p>\n<h2 style=\"text-align: justify;\">Mengenrabatte, wenn Sie langfristig planen<\/h2>\n<p style=\"text-align: justify;\"><em>Langfristige Zusammenarbeit f\u00fcr die chemische Sicherheit\u2026<\/em><\/p>\n<p style=\"text-align: justify;\">Mengenrabatte im Zusammenhang mit der <a href=\"https:\/\/www.msds-europe.com\/de\/zusammenstellung-erstellung-von-sicherheitsdatenblaettern\/\">Erstellung<\/a> und <a href=\"https:\/\/www.msds-europe.com\/de\/sicherheitsdatenblatt-uebersetzung\/\">\u00dcbersetzung von Sicherheitsdatenbl\u00e4ttern<\/a> gelten nicht nur f\u00fcr eine einmalige Bestellung, sondern k\u00f6nnen bei Vertragsabschluss auch f\u00fcr monatlich oder viertelj\u00e4hrlich bestellte Sicherheitsdatenbl\u00e4tter in Anspruch genommen werden.<\/p>\n<p style=\"text-align: right;\"><a href=\"https:\/\/www.msds-europe.com\/de\/sicherheitsdatenblatt-vertrag\/\"><em>Weitere Informationen<\/em><\/a><\/p>\n<p>&nbsp;<\/p>\n","protected":false},"excerpt":{"rendered":"<p>Weil chemische Sicherheit auf Vertrauen beruht\u2026 MSDS-Europe \u2013 Kundenbetreuungsprogramm &nbsp; Ziel unseres Kundenbetreuungsprogramms Wir sind \u00fcberzeugt, dass qualitativ hochwertige Dienstleistungen im Bereich der chemischen Sicherheit nur durch eine enge und zuverl\u00e4ssige Kommunikation erreicht werden k\u00f6nnen. Die Organisationskultur von ToxInfo ist durch kundenorientiertes Denken gepr\u00e4gt. Aus diesem Grund haben wir unser&#8230;<\/p>\n","protected":false},"author":2,"featured_media":0,"parent":0,"menu_order":0,"comment_status":"closed","ping_status":"closed","template":"","meta":{"_acf_changed":false,"footnotes":""},"tags":[],"class_list":["post-20689","page","type-page","status-publish","hentry"],"acf":[],"yoast_head":"<!-- This site is optimized with the Yoast SEO plugin v27.2 - https:\/\/yoast.com\/product\/yoast-seo-wordpress\/ -->\n<title>Kundenbetreuungsprogramm. Partnerschaft f\u00fcr chemische Sicherheit<\/title>\n<meta name=\"description\" content=\"Die Organisationskultur von MSDS-Europe wurde durch kundenorientiertes Denken definiert. Aus diesem Grund haben wir unser Kundenbetreuungsprogramm erstellt\" \/>\n<meta name=\"robots\" content=\"index, follow, max-snippet:-1, max-image-preview:large, max-video-preview:-1\" \/>\n<link rel=\"canonical\" href=\"https:\/\/www.msds-europe.com\/de\/msds-europe-kundenbetreuungsprogramm\/\" \/>\n<meta property=\"og:locale\" content=\"de_DE\" \/>\n<meta property=\"og:type\" content=\"article\" \/>\n<meta property=\"og:title\" content=\"Kundenbetreuungsprogramm. Partnerschaft f\u00fcr chemische Sicherheit\" \/>\n<meta property=\"og:description\" content=\"Die Organisationskultur von MSDS-Europe wurde durch kundenorientiertes Denken definiert. Aus diesem Grund haben wir unser Kundenbetreuungsprogramm erstellt\" \/>\n<meta property=\"og:url\" content=\"https:\/\/www.msds-europe.com\/de\/msds-europe-kundenbetreuungsprogramm\/\" \/>\n<meta property=\"og:site_name\" content=\"MSDS Europe\" \/>\n<meta property=\"article:publisher\" content=\"https:\/\/www.facebook.com\/toxinfokft\/\" \/>\n<meta property=\"article:modified_time\" content=\"2026-02-18T14:01:38+00:00\" \/>\n<meta property=\"og:image\" content=\"https:\/\/www.msds-europe.com\/wp-content\/uploads\/2020\/03\/MSDS-Europe-Kundenbetreuungsprogramm-300x300.jpg\" \/>\n<meta name=\"twitter:card\" content=\"summary_large_image\" \/>\n<meta name=\"twitter:site\" content=\"@ToxInfoKft\" \/>\n<meta name=\"twitter:label1\" content=\"Gesch\u00e4tzte Lesezeit\" \/>\n\t<meta name=\"twitter:data1\" content=\"2\u00a0Minuten\" \/>\n<script type=\"application\/ld+json\" class=\"yoast-schema-graph\">{\"@context\":\"https:\/\/schema.org\",\"@graph\":[{\"@type\":\"WebPage\",\"@id\":\"https:\/\/www.msds-europe.com\/de\/msds-europe-kundenbetreuungsprogramm\/\",\"url\":\"https:\/\/www.msds-europe.com\/de\/msds-europe-kundenbetreuungsprogramm\/\",\"name\":\"Kundenbetreuungsprogramm. Partnerschaft f\u00fcr chemische Sicherheit\",\"isPartOf\":{\"@id\":\"https:\/\/www.msds-europe.com\/es\/#website\"},\"primaryImageOfPage\":{\"@id\":\"https:\/\/www.msds-europe.com\/de\/msds-europe-kundenbetreuungsprogramm\/#primaryimage\"},\"image\":{\"@id\":\"https:\/\/www.msds-europe.com\/de\/msds-europe-kundenbetreuungsprogramm\/#primaryimage\"},\"thumbnailUrl\":\"https:\/\/www.msds-europe.com\/wp-content\/uploads\/2020\/03\/MSDS-Europe-Kundenbetreuungsprogramm-300x300.jpg\",\"datePublished\":\"2020-03-11T09:08:01+00:00\",\"dateModified\":\"2026-02-18T14:01:38+00:00\",\"description\":\"Die Organisationskultur von MSDS-Europe wurde durch kundenorientiertes Denken definiert. Aus diesem Grund haben wir unser Kundenbetreuungsprogramm erstellt\",\"breadcrumb\":{\"@id\":\"https:\/\/www.msds-europe.com\/de\/msds-europe-kundenbetreuungsprogramm\/#breadcrumb\"},\"inLanguage\":\"de\",\"potentialAction\":[{\"@type\":\"ReadAction\",\"target\":[\"https:\/\/www.msds-europe.com\/de\/msds-europe-kundenbetreuungsprogramm\/\"]}]},{\"@type\":\"ImageObject\",\"inLanguage\":\"de\",\"@id\":\"https:\/\/www.msds-europe.com\/de\/msds-europe-kundenbetreuungsprogramm\/#primaryimage\",\"url\":\"https:\/\/www.msds-europe.com\/wp-content\/uploads\/2020\/03\/MSDS-Europe-Kundenbetreuungsprogramm-300x300.jpg\",\"contentUrl\":\"https:\/\/www.msds-europe.com\/wp-content\/uploads\/2020\/03\/MSDS-Europe-Kundenbetreuungsprogramm-300x300.jpg\"},{\"@type\":\"BreadcrumbList\",\"@id\":\"https:\/\/www.msds-europe.com\/de\/msds-europe-kundenbetreuungsprogramm\/#breadcrumb\",\"itemListElement\":[{\"@type\":\"ListItem\",\"position\":1,\"name\":\"F\u0151oldal\",\"item\":\"https:\/\/www.msds-europe.com\/de\/\"},{\"@type\":\"ListItem\",\"position\":2,\"name\":\"MSDS-Europe Kundenbetreuungsprogramm\"}]},{\"@type\":\"WebSite\",\"@id\":\"https:\/\/www.msds-europe.com\/es\/#website\",\"url\":\"https:\/\/www.msds-europe.com\/es\/\",\"name\":\"MSDS Europe\",\"description\":\"\",\"publisher\":{\"@id\":\"https:\/\/www.msds-europe.com\/es\/#organization\"},\"potentialAction\":[{\"@type\":\"SearchAction\",\"target\":{\"@type\":\"EntryPoint\",\"urlTemplate\":\"https:\/\/www.msds-europe.com\/es\/?s={search_term_string}\"},\"query-input\":{\"@type\":\"PropertyValueSpecification\",\"valueRequired\":true,\"valueName\":\"search_term_string\"}}],\"inLanguage\":\"de\"},{\"@type\":\"Organization\",\"@id\":\"https:\/\/www.msds-europe.com\/es\/#organization\",\"name\":\"MSDS-Europe International branch of ToxInfo\",\"url\":\"https:\/\/www.msds-europe.com\/es\/\",\"logo\":{\"@type\":\"ImageObject\",\"inLanguage\":\"de\",\"@id\":\"https:\/\/www.msds-europe.com\/es\/#\/schema\/logo\/image\/\",\"url\":\"https:\/\/www.msds-europe.com\/wp-content\/uploads\/2021\/04\/msds-europe-logo.jpg\",\"contentUrl\":\"https:\/\/www.msds-europe.com\/wp-content\/uploads\/2021\/04\/msds-europe-logo.jpg\",\"width\":2296,\"height\":1067,\"caption\":\"MSDS-Europe International branch of ToxInfo\"},\"image\":{\"@id\":\"https:\/\/www.msds-europe.com\/es\/#\/schema\/logo\/image\/\"},\"sameAs\":[\"https:\/\/www.facebook.com\/toxinfokft\/\",\"https:\/\/x.com\/ToxInfoKft\"]}]}<\/script>\n<!-- \/ Yoast SEO plugin. -->","yoast_head_json":{"title":"Kundenbetreuungsprogramm. Partnerschaft f\u00fcr chemische Sicherheit","description":"Die Organisationskultur von MSDS-Europe wurde durch kundenorientiertes Denken definiert. Aus diesem Grund haben wir unser Kundenbetreuungsprogramm erstellt","robots":{"index":"index","follow":"follow","max-snippet":"max-snippet:-1","max-image-preview":"max-image-preview:large","max-video-preview":"max-video-preview:-1"},"canonical":"https:\/\/www.msds-europe.com\/de\/msds-europe-kundenbetreuungsprogramm\/","og_locale":"de_DE","og_type":"article","og_title":"Kundenbetreuungsprogramm. Partnerschaft f\u00fcr chemische Sicherheit","og_description":"Die Organisationskultur von MSDS-Europe wurde durch kundenorientiertes Denken definiert. Aus diesem Grund haben wir unser Kundenbetreuungsprogramm erstellt","og_url":"https:\/\/www.msds-europe.com\/de\/msds-europe-kundenbetreuungsprogramm\/","og_site_name":"MSDS Europe","article_publisher":"https:\/\/www.facebook.com\/toxinfokft\/","article_modified_time":"2026-02-18T14:01:38+00:00","og_image":[{"url":"https:\/\/www.msds-europe.com\/wp-content\/uploads\/2020\/03\/MSDS-Europe-Kundenbetreuungsprogramm-300x300.jpg","type":"","width":"","height":""}],"twitter_card":"summary_large_image","twitter_site":"@ToxInfoKft","twitter_misc":{"Gesch\u00e4tzte Lesezeit":"2\u00a0Minuten"},"schema":{"@context":"https:\/\/schema.org","@graph":[{"@type":"WebPage","@id":"https:\/\/www.msds-europe.com\/de\/msds-europe-kundenbetreuungsprogramm\/","url":"https:\/\/www.msds-europe.com\/de\/msds-europe-kundenbetreuungsprogramm\/","name":"Kundenbetreuungsprogramm. Partnerschaft f\u00fcr chemische Sicherheit","isPartOf":{"@id":"https:\/\/www.msds-europe.com\/es\/#website"},"primaryImageOfPage":{"@id":"https:\/\/www.msds-europe.com\/de\/msds-europe-kundenbetreuungsprogramm\/#primaryimage"},"image":{"@id":"https:\/\/www.msds-europe.com\/de\/msds-europe-kundenbetreuungsprogramm\/#primaryimage"},"thumbnailUrl":"https:\/\/www.msds-europe.com\/wp-content\/uploads\/2020\/03\/MSDS-Europe-Kundenbetreuungsprogramm-300x300.jpg","datePublished":"2020-03-11T09:08:01+00:00","dateModified":"2026-02-18T14:01:38+00:00","description":"Die Organisationskultur von MSDS-Europe wurde durch kundenorientiertes Denken definiert. Aus diesem Grund haben wir unser Kundenbetreuungsprogramm erstellt","breadcrumb":{"@id":"https:\/\/www.msds-europe.com\/de\/msds-europe-kundenbetreuungsprogramm\/#breadcrumb"},"inLanguage":"de","potentialAction":[{"@type":"ReadAction","target":["https:\/\/www.msds-europe.com\/de\/msds-europe-kundenbetreuungsprogramm\/"]}]},{"@type":"ImageObject","inLanguage":"de","@id":"https:\/\/www.msds-europe.com\/de\/msds-europe-kundenbetreuungsprogramm\/#primaryimage","url":"https:\/\/www.msds-europe.com\/wp-content\/uploads\/2020\/03\/MSDS-Europe-Kundenbetreuungsprogramm-300x300.jpg","contentUrl":"https:\/\/www.msds-europe.com\/wp-content\/uploads\/2020\/03\/MSDS-Europe-Kundenbetreuungsprogramm-300x300.jpg"},{"@type":"BreadcrumbList","@id":"https:\/\/www.msds-europe.com\/de\/msds-europe-kundenbetreuungsprogramm\/#breadcrumb","itemListElement":[{"@type":"ListItem","position":1,"name":"F\u0151oldal","item":"https:\/\/www.msds-europe.com\/de\/"},{"@type":"ListItem","position":2,"name":"MSDS-Europe Kundenbetreuungsprogramm"}]},{"@type":"WebSite","@id":"https:\/\/www.msds-europe.com\/es\/#website","url":"https:\/\/www.msds-europe.com\/es\/","name":"MSDS Europe","description":"","publisher":{"@id":"https:\/\/www.msds-europe.com\/es\/#organization"},"potentialAction":[{"@type":"SearchAction","target":{"@type":"EntryPoint","urlTemplate":"https:\/\/www.msds-europe.com\/es\/?s={search_term_string}"},"query-input":{"@type":"PropertyValueSpecification","valueRequired":true,"valueName":"search_term_string"}}],"inLanguage":"de"},{"@type":"Organization","@id":"https:\/\/www.msds-europe.com\/es\/#organization","name":"MSDS-Europe International branch of ToxInfo","url":"https:\/\/www.msds-europe.com\/es\/","logo":{"@type":"ImageObject","inLanguage":"de","@id":"https:\/\/www.msds-europe.com\/es\/#\/schema\/logo\/image\/","url":"https:\/\/www.msds-europe.com\/wp-content\/uploads\/2021\/04\/msds-europe-logo.jpg","contentUrl":"https:\/\/www.msds-europe.com\/wp-content\/uploads\/2021\/04\/msds-europe-logo.jpg","width":2296,"height":1067,"caption":"MSDS-Europe International branch of ToxInfo"},"image":{"@id":"https:\/\/www.msds-europe.com\/es\/#\/schema\/logo\/image\/"},"sameAs":["https:\/\/www.facebook.com\/toxinfokft\/","https:\/\/x.com\/ToxInfoKft"]}]}},"_links":{"self":[{"href":"https:\/\/www.msds-europe.com\/de\/wp-json\/wp\/v2\/pages\/20689","targetHints":{"allow":["GET"]}}],"collection":[{"href":"https:\/\/www.msds-europe.com\/de\/wp-json\/wp\/v2\/pages"}],"about":[{"href":"https:\/\/www.msds-europe.com\/de\/wp-json\/wp\/v2\/types\/page"}],"author":[{"embeddable":true,"href":"https:\/\/www.msds-europe.com\/de\/wp-json\/wp\/v2\/users\/2"}],"replies":[{"embeddable":true,"href":"https:\/\/www.msds-europe.com\/de\/wp-json\/wp\/v2\/comments?post=20689"}],"version-history":[{"count":10,"href":"https:\/\/www.msds-europe.com\/de\/wp-json\/wp\/v2\/pages\/20689\/revisions"}],"predecessor-version":[{"id":37117,"href":"https:\/\/www.msds-europe.com\/de\/wp-json\/wp\/v2\/pages\/20689\/revisions\/37117"}],"wp:attachment":[{"href":"https:\/\/www.msds-europe.com\/de\/wp-json\/wp\/v2\/media?parent=20689"}],"wp:term":[{"taxonomy":"post_tag","embeddable":true,"href":"https:\/\/www.msds-europe.com\/de\/wp-json\/wp\/v2\/tags?post=20689"}],"curies":[{"name":"wp","href":"https:\/\/api.w.org\/{rel}","templated":true}]}}