{"id":6277,"date":"2018-06-27T04:07:51","date_gmt":"2018-06-27T04:07:51","guid":{"rendered":"http:\/\/www.msds-europe.com\/?page_id=6277"},"modified":"2018-06-27T04:07:51","modified_gmt":"2018-06-27T04:07:51","slug":"sprava-anonymnich-id-navstevniku-souboru-cookie","status":"publish","type":"page","link":"https:\/\/www.msds-europe.com\/cs\/sprava-anonymnich-id-navstevniku-souboru-cookie\/","title":{"rendered":"Spr\u00e1va anonymn\u00edch ID n\u00e1v\u0161t\u011bvn\u00edk\u016f (soubor\u016f cookie)"},"content":{"rendered":"<p>Anonymn\u00ed ID n\u00e1v\u0161t\u011bvn\u00edka (soubor cookie) je jedine\u010dn\u00e1 \u0159ada znak\u016f, kterou je mo\u017eno pou\u017e\u00edt na identifikaci a ukl\u00e1d\u00e1n\u00ed informac\u00ed o profilu a kterou poskytovatel\u00e9 um\u00eds\u0165uj\u00ed na po\u010d\u00edta\u010de n\u00e1v\u0161t\u011bvn\u00edk\u016f. Je d\u016fle\u017eit\u00e9 v\u011bd\u011bt, \u017ee proto\u017ee p\u0159i tomto pou\u017e\u00edv\u00e1n\u00ed se neukl\u00e1d\u00e1 kompletn\u00ed IP adresa, tato \u0159ada znak\u016f nem\u016f\u017ee sama o sob\u011b \u017e\u00e1dn\u00fdm zp\u016fsobem n\u00e1v\u0161t\u011bvn\u00edka identifikovat, umo\u017e\u0148uje pouze rozpozn\u00e1n\u00ed po\u010d\u00edta\u010de n\u00e1v\u0161t\u011bvn\u00edka.<\/p>\n<p>Spole\u010dnost ToxInfo Kft. spravuje anonymn\u00ed ID pro lep\u0161\u00ed pochopen\u00ed zp\u016fsobu, jak\u00fdm jej\u00ed n\u00e1v\u0161t\u011bvn\u00edci pou\u017e\u00edvaj\u00ed informace, za \u00fa\u010delem zlep\u0161ov\u00e1n\u00ed kvality sv\u00fdch slu\u017eeb a zobrazov\u00e1n\u00ed uzp\u016fsoben\u00fdch str\u00e1nek a marketingov\u00fdch (reklamn\u00edch) materi\u00e1l\u016f pro sv\u00e9 z\u00e1kazn\u00edky nav\u0161t\u011bvuj\u00edc\u00ed webov\u00e9 str\u00e1nky. Anonymn\u00ed ID n\u00e1v\u0161t\u011bvn\u00edk\u016f nejsou propojena s\u00a0osobn\u00ed datab\u00e1z\u00ed. Depersonalizovan\u00e1 anonymn\u00ed ID vytvo\u0159en\u00e1 p\u0159i n\u00e1v\u0161t\u011bv\u011b kter\u00e9koliv z\u00a0webov\u00fdch str\u00e1nek v\u00a0portfoliu spole\u010dnosti ToxInfo Kft. nebo jak\u00e9koliv smluvn\u00ed t\u0159et\u00ed strany v\u0161ak budou propojena za \u00fa\u010delem zlep\u0161ov\u00e1n\u00ed kvality slu\u017eeb.<\/p>\n","protected":false},"excerpt":{"rendered":"<p>Anonymn\u00ed ID n\u00e1v\u0161t\u011bvn\u00edka (soubor cookie) je jedine\u010dn\u00e1 \u0159ada znak\u016f, kterou je mo\u017eno pou\u017e\u00edt na identifikaci a ukl\u00e1d\u00e1n\u00ed informac\u00ed o profilu a kterou poskytovatel\u00e9 um\u00eds\u0165uj\u00ed na po\u010d\u00edta\u010de n\u00e1v\u0161t\u011bvn\u00edk\u016f. Je d\u016fle\u017eit\u00e9 v\u011bd\u011bt, \u017ee proto\u017ee p\u0159i tomto pou\u017e\u00edv\u00e1n\u00ed se neukl\u00e1d\u00e1 kompletn\u00ed IP adresa, tato \u0159ada znak\u016f nem\u016f\u017ee sama o sob\u011b \u017e\u00e1dn\u00fdm zp\u016fsobem n\u00e1v\u0161t\u011bvn\u00edka&#8230;<\/p>\n","protected":false},"author":1,"featured_media":0,"parent":0,"menu_order":0,"comment_status":"closed","ping_status":"closed","template":"","meta":{"_acf_changed":false,"footnotes":""},"tags":[],"class_list":["post-6277","page","type-page","status-publish","hentry"],"acf":[],"yoast_head":"<!-- This site is optimized with the Yoast SEO plugin v27.2 - https:\/\/yoast.com\/product\/yoast-seo-wordpress\/ -->\n<title>Spr\u00e1va anonymn\u00edch ID n\u00e1v\u0161t\u011bvn\u00edk\u016f (soubor\u016f cookie) - MSDS Europe<\/title>\n<meta name=\"robots\" content=\"index, follow, max-snippet:-1, max-image-preview:large, max-video-preview:-1\" \/>\n<link rel=\"canonical\" href=\"https:\/\/www.msds-europe.com\/cs\/sprava-anonymnich-id-navstevniku-souboru-cookie\/\" \/>\n<meta property=\"og:locale\" content=\"cs_CZ\" \/>\n<meta property=\"og:type\" content=\"article\" \/>\n<meta property=\"og:title\" content=\"Spr\u00e1va anonymn\u00edch ID n\u00e1v\u0161t\u011bvn\u00edk\u016f (soubor\u016f cookie) - MSDS Europe\" \/>\n<meta property=\"og:description\" content=\"Anonymn\u00ed ID n\u00e1v\u0161t\u011bvn\u00edka (soubor cookie) je jedine\u010dn\u00e1 \u0159ada znak\u016f, kterou je mo\u017eno pou\u017e\u00edt na identifikaci a ukl\u00e1d\u00e1n\u00ed informac\u00ed o profilu a kterou poskytovatel\u00e9 um\u00eds\u0165uj\u00ed na po\u010d\u00edta\u010de n\u00e1v\u0161t\u011bvn\u00edk\u016f. Je d\u016fle\u017eit\u00e9 v\u011bd\u011bt, \u017ee proto\u017ee p\u0159i tomto pou\u017e\u00edv\u00e1n\u00ed se neukl\u00e1d\u00e1 kompletn\u00ed IP adresa, tato \u0159ada znak\u016f nem\u016f\u017ee sama o sob\u011b \u017e\u00e1dn\u00fdm zp\u016fsobem n\u00e1v\u0161t\u011bvn\u00edka...\" \/>\n<meta property=\"og:url\" content=\"https:\/\/www.msds-europe.com\/cs\/sprava-anonymnich-id-navstevniku-souboru-cookie\/\" \/>\n<meta property=\"og:site_name\" content=\"MSDS Europe\" \/>\n<meta property=\"article:publisher\" content=\"https:\/\/www.facebook.com\/toxinfokft\/\" \/>\n<meta name=\"twitter:card\" content=\"summary_large_image\" \/>\n<meta name=\"twitter:site\" content=\"@ToxInfoKft\" \/>\n<meta name=\"twitter:label1\" content=\"Odhadovan\u00e1 doba \u010dten\u00ed\" \/>\n\t<meta name=\"twitter:data1\" content=\"1 minuta\" \/>\n<script type=\"application\/ld+json\" class=\"yoast-schema-graph\">{\"@context\":\"https:\/\/schema.org\",\"@graph\":[{\"@type\":\"WebPage\",\"@id\":\"https:\/\/www.msds-europe.com\/cs\/sprava-anonymnich-id-navstevniku-souboru-cookie\/\",\"url\":\"https:\/\/www.msds-europe.com\/cs\/sprava-anonymnich-id-navstevniku-souboru-cookie\/\",\"name\":\"Spr\u00e1va anonymn\u00edch ID n\u00e1v\u0161t\u011bvn\u00edk\u016f (soubor\u016f cookie) - MSDS Europe\",\"isPartOf\":{\"@id\":\"https:\/\/www.msds-europe.com\/es\/#website\"},\"datePublished\":\"2018-06-27T04:07:51+00:00\",\"breadcrumb\":{\"@id\":\"https:\/\/www.msds-europe.com\/cs\/sprava-anonymnich-id-navstevniku-souboru-cookie\/#breadcrumb\"},\"inLanguage\":\"cs\",\"potentialAction\":[{\"@type\":\"ReadAction\",\"target\":[\"https:\/\/www.msds-europe.com\/cs\/sprava-anonymnich-id-navstevniku-souboru-cookie\/\"]}]},{\"@type\":\"BreadcrumbList\",\"@id\":\"https:\/\/www.msds-europe.com\/cs\/sprava-anonymnich-id-navstevniku-souboru-cookie\/#breadcrumb\",\"itemListElement\":[{\"@type\":\"ListItem\",\"position\":1,\"name\":\"F\u0151oldal\",\"item\":\"https:\/\/www.msds-europe.com\/cs\/\"},{\"@type\":\"ListItem\",\"position\":2,\"name\":\"Spr\u00e1va anonymn\u00edch ID n\u00e1v\u0161t\u011bvn\u00edk\u016f (soubor\u016f cookie)\"}]},{\"@type\":\"WebSite\",\"@id\":\"https:\/\/www.msds-europe.com\/es\/#website\",\"url\":\"https:\/\/www.msds-europe.com\/es\/\",\"name\":\"MSDS Europe\",\"description\":\"\",\"publisher\":{\"@id\":\"https:\/\/www.msds-europe.com\/es\/#organization\"},\"potentialAction\":[{\"@type\":\"SearchAction\",\"target\":{\"@type\":\"EntryPoint\",\"urlTemplate\":\"https:\/\/www.msds-europe.com\/es\/?s={search_term_string}\"},\"query-input\":{\"@type\":\"PropertyValueSpecification\",\"valueRequired\":true,\"valueName\":\"search_term_string\"}}],\"inLanguage\":\"cs\"},{\"@type\":\"Organization\",\"@id\":\"https:\/\/www.msds-europe.com\/es\/#organization\",\"name\":\"MSDS-Europe International branch of ToxInfo\",\"url\":\"https:\/\/www.msds-europe.com\/es\/\",\"logo\":{\"@type\":\"ImageObject\",\"inLanguage\":\"cs\",\"@id\":\"https:\/\/www.msds-europe.com\/es\/#\/schema\/logo\/image\/\",\"url\":\"https:\/\/www.msds-europe.com\/wp-content\/uploads\/2021\/04\/msds-europe-logo.jpg\",\"contentUrl\":\"https:\/\/www.msds-europe.com\/wp-content\/uploads\/2021\/04\/msds-europe-logo.jpg\",\"width\":2296,\"height\":1067,\"caption\":\"MSDS-Europe International branch of ToxInfo\"},\"image\":{\"@id\":\"https:\/\/www.msds-europe.com\/es\/#\/schema\/logo\/image\/\"},\"sameAs\":[\"https:\/\/www.facebook.com\/toxinfokft\/\",\"https:\/\/x.com\/ToxInfoKft\"]}]}<\/script>\n<!-- \/ Yoast SEO plugin. -->","yoast_head_json":{"title":"Spr\u00e1va anonymn\u00edch ID n\u00e1v\u0161t\u011bvn\u00edk\u016f (soubor\u016f cookie) - MSDS Europe","robots":{"index":"index","follow":"follow","max-snippet":"max-snippet:-1","max-image-preview":"max-image-preview:large","max-video-preview":"max-video-preview:-1"},"canonical":"https:\/\/www.msds-europe.com\/cs\/sprava-anonymnich-id-navstevniku-souboru-cookie\/","og_locale":"cs_CZ","og_type":"article","og_title":"Spr\u00e1va anonymn\u00edch ID n\u00e1v\u0161t\u011bvn\u00edk\u016f (soubor\u016f cookie) - MSDS Europe","og_description":"Anonymn\u00ed ID n\u00e1v\u0161t\u011bvn\u00edka (soubor cookie) je jedine\u010dn\u00e1 \u0159ada znak\u016f, kterou je mo\u017eno pou\u017e\u00edt na identifikaci a ukl\u00e1d\u00e1n\u00ed informac\u00ed o profilu a kterou poskytovatel\u00e9 um\u00eds\u0165uj\u00ed na po\u010d\u00edta\u010de n\u00e1v\u0161t\u011bvn\u00edk\u016f. Je d\u016fle\u017eit\u00e9 v\u011bd\u011bt, \u017ee proto\u017ee p\u0159i tomto pou\u017e\u00edv\u00e1n\u00ed se neukl\u00e1d\u00e1 kompletn\u00ed IP adresa, tato \u0159ada znak\u016f nem\u016f\u017ee sama o sob\u011b \u017e\u00e1dn\u00fdm zp\u016fsobem n\u00e1v\u0161t\u011bvn\u00edka...","og_url":"https:\/\/www.msds-europe.com\/cs\/sprava-anonymnich-id-navstevniku-souboru-cookie\/","og_site_name":"MSDS Europe","article_publisher":"https:\/\/www.facebook.com\/toxinfokft\/","twitter_card":"summary_large_image","twitter_site":"@ToxInfoKft","twitter_misc":{"Odhadovan\u00e1 doba \u010dten\u00ed":"1 minuta"},"schema":{"@context":"https:\/\/schema.org","@graph":[{"@type":"WebPage","@id":"https:\/\/www.msds-europe.com\/cs\/sprava-anonymnich-id-navstevniku-souboru-cookie\/","url":"https:\/\/www.msds-europe.com\/cs\/sprava-anonymnich-id-navstevniku-souboru-cookie\/","name":"Spr\u00e1va anonymn\u00edch ID n\u00e1v\u0161t\u011bvn\u00edk\u016f (soubor\u016f cookie) - MSDS Europe","isPartOf":{"@id":"https:\/\/www.msds-europe.com\/es\/#website"},"datePublished":"2018-06-27T04:07:51+00:00","breadcrumb":{"@id":"https:\/\/www.msds-europe.com\/cs\/sprava-anonymnich-id-navstevniku-souboru-cookie\/#breadcrumb"},"inLanguage":"cs","potentialAction":[{"@type":"ReadAction","target":["https:\/\/www.msds-europe.com\/cs\/sprava-anonymnich-id-navstevniku-souboru-cookie\/"]}]},{"@type":"BreadcrumbList","@id":"https:\/\/www.msds-europe.com\/cs\/sprava-anonymnich-id-navstevniku-souboru-cookie\/#breadcrumb","itemListElement":[{"@type":"ListItem","position":1,"name":"F\u0151oldal","item":"https:\/\/www.msds-europe.com\/cs\/"},{"@type":"ListItem","position":2,"name":"Spr\u00e1va anonymn\u00edch ID n\u00e1v\u0161t\u011bvn\u00edk\u016f (soubor\u016f cookie)"}]},{"@type":"WebSite","@id":"https:\/\/www.msds-europe.com\/es\/#website","url":"https:\/\/www.msds-europe.com\/es\/","name":"MSDS Europe","description":"","publisher":{"@id":"https:\/\/www.msds-europe.com\/es\/#organization"},"potentialAction":[{"@type":"SearchAction","target":{"@type":"EntryPoint","urlTemplate":"https:\/\/www.msds-europe.com\/es\/?s={search_term_string}"},"query-input":{"@type":"PropertyValueSpecification","valueRequired":true,"valueName":"search_term_string"}}],"inLanguage":"cs"},{"@type":"Organization","@id":"https:\/\/www.msds-europe.com\/es\/#organization","name":"MSDS-Europe International branch of ToxInfo","url":"https:\/\/www.msds-europe.com\/es\/","logo":{"@type":"ImageObject","inLanguage":"cs","@id":"https:\/\/www.msds-europe.com\/es\/#\/schema\/logo\/image\/","url":"https:\/\/www.msds-europe.com\/wp-content\/uploads\/2021\/04\/msds-europe-logo.jpg","contentUrl":"https:\/\/www.msds-europe.com\/wp-content\/uploads\/2021\/04\/msds-europe-logo.jpg","width":2296,"height":1067,"caption":"MSDS-Europe International branch of ToxInfo"},"image":{"@id":"https:\/\/www.msds-europe.com\/es\/#\/schema\/logo\/image\/"},"sameAs":["https:\/\/www.facebook.com\/toxinfokft\/","https:\/\/x.com\/ToxInfoKft"]}]}},"_links":{"self":[{"href":"https:\/\/www.msds-europe.com\/cs\/wp-json\/wp\/v2\/pages\/6277","targetHints":{"allow":["GET"]}}],"collection":[{"href":"https:\/\/www.msds-europe.com\/cs\/wp-json\/wp\/v2\/pages"}],"about":[{"href":"https:\/\/www.msds-europe.com\/cs\/wp-json\/wp\/v2\/types\/page"}],"author":[{"embeddable":true,"href":"https:\/\/www.msds-europe.com\/cs\/wp-json\/wp\/v2\/users\/1"}],"replies":[{"embeddable":true,"href":"https:\/\/www.msds-europe.com\/cs\/wp-json\/wp\/v2\/comments?post=6277"}],"version-history":[{"count":1,"href":"https:\/\/www.msds-europe.com\/cs\/wp-json\/wp\/v2\/pages\/6277\/revisions"}],"predecessor-version":[{"id":6278,"href":"https:\/\/www.msds-europe.com\/cs\/wp-json\/wp\/v2\/pages\/6277\/revisions\/6278"}],"wp:attachment":[{"href":"https:\/\/www.msds-europe.com\/cs\/wp-json\/wp\/v2\/media?parent=6277"}],"wp:term":[{"taxonomy":"post_tag","embeddable":true,"href":"https:\/\/www.msds-europe.com\/cs\/wp-json\/wp\/v2\/tags?post=6277"}],"curies":[{"name":"wp","href":"https:\/\/api.w.org\/{rel}","templated":true}]}}