{"id":6151,"date":"2018-06-26T08:36:08","date_gmt":"2018-06-26T08:36:08","guid":{"rendered":"http:\/\/www.msds-europe.com\/stazeni-zprava-o-bezpecnosti-kosmetickeho-pripravku-vzorek\/"},"modified":"2018-06-28T10:25:33","modified_gmt":"2018-06-28T10:25:33","slug":"zprava-o-bezpecnosti-kosmetickeho-pripravku-vzorek","status":"publish","type":"page","link":"https:\/\/www.msds-europe.com\/cs\/zprava-o-bezpecnosti-kosmetickeho-pripravku-vzorek\/","title":{"rendered":"ZPR\u00c1VA O BEZPE\u010cNOSTI KOSMETICK\u00c9HO P\u0158\u00cdPRAVKU &#8211; Vzorek"},"content":{"rendered":"<p style=\"text-align: right;\"><em><a href=\"http:\/\/www.msds-europe.com\/cs\/kosmeticke-vyrobky\/\">Z\u00e1kladna v\u011bdomost\u00ed pro kosmetick\u00e9 v\u00fdrobky<\/a> \u2013 ZPR\u00c1VA O BEZPE\u010cNOSTI KOSMETICK\u00c9HO P\u0158\u00cdPRAVKU<\/em><\/p>\n<h3 style=\"text-align: right;\">Sta\u017een\u00ed: <a href=\"http:\/\/www.msds-europe.com\/wp-content\/uploads\/2018\/06\/zprava_bezpecnosti_kosmetickeho_pripravku.pdf\">ZPR\u00c1VA O BEZPE\u010cNOSTI KOSMETICK\u00c9HO P\u0158\u00cdPRAVKU &#8211; Vzorek<\/a><\/h3>\n<p>&nbsp;<\/p>\n<p style=\"text-align: justify;\">Zpr\u00e1va o bezpe\u010dnosti kosmetick\u00e9ho p\u0159\u00edpravku mus\u00ed obsahovat alespo\u0148 tyto \u00fadaje:<\/p>\n<h2 style=\"text-align: justify;\">\u010c\u00c1ST A \u2013 Informace o bezpe\u010dnosti kosmetick\u00e9ho p\u0159\u00edpravku<\/h2>\n<p style=\"text-align: justify;\"><strong>1. Kvantitativn\u00ed a kvalitativn\u00ed slo\u017een\u00ed kosmetick\u00e9ho p\u0159\u00edpravku<\/strong><br \/>\nKvalitativn\u00ed a kvantitativn\u00ed slo\u017een\u00ed kosmetick\u00e9ho p\u0159\u00edpravku, v\u010detn\u011b chemick\u00e9 identity l\u00e1tek (chemick\u00fd n\u00e1zev, n\u00e1zev podle INCI, \u010d\u00edsla CAS a EINECS\/ELINCS, je-li to mo\u017en\u00e9) a jejich zam\u00fd\u0161len\u00e9 funkce. V p\u0159\u00edpad\u011b parf\u00e9mov\u00fdch a aromatick\u00fdch kompozic se uvede n\u00e1zev a \u010d\u00edslo k\u00f3du p\u0159\u00edslu\u0161n\u00e9ho slo\u017een\u00ed a toto\u017enost dodavatele.<\/p>\n<p>&nbsp;<\/p>\n<p style=\"text-align: justify;\"><strong>2. Fyzik\u00e1ln\u00ed\/chemick\u00e9 vlastnosti a stabilita kosmetick\u00e9ho p\u0159\u00edpravku<\/strong><br \/>\nFyzik\u00e1ln\u00ed a chemick\u00e9 vlastnosti l\u00e1tek nebo sm\u011bs\u00ed a kosmetick\u00e9ho p\u0159\u00edpravku.<br \/>\nStabilita kosmetick\u00e9ho p\u0159\u00edpravku za rozumn\u011b p\u0159edv\u00eddateln\u00fdch podm\u00ednek skladov\u00e1n\u00ed.<\/p>\n<p>&nbsp;<\/p>\n<p style=\"text-align: justify;\"><strong>3. Mikrobiologick\u00e1 kvalita<\/strong><br \/>\nMikrobiologick\u00e1 specifikace l\u00e1tky nebo sm\u011bsi a kosmetick\u00e9ho p\u0159\u00edpravku. Zvl\u00e1\u0161tn\u00ed pozornost je t\u0159eba v\u011bnovat kosmetick\u00fdm p\u0159\u00edpravk\u016fm pou\u017e\u00edvan\u00fdm v okol\u00ed o\u010d\u00ed, na sliznice obecn\u011b, na po\u0161kozenou k\u016f\u017ei a u d\u011bt\u00ed do t\u0159\u00ed let, star\u0161\u00edch osob a osob s naru\u0161enou imunitn\u00ed reakc\u00ed.<br \/>\nV\u00fdsledky z\u00e1t\u011b\u017eov\u00e9ho testu konzervace.<\/p>\n<p>&nbsp;<\/p>\n<p style=\"text-align: justify;\"><strong>4. Ne\u010distoty, stopov\u00e1 mno\u017estv\u00ed zak\u00e1zan\u00fdch l\u00e1tek, informace o obalov\u00e9m materi\u00e1lu<\/strong><br \/>\n\u010cistota l\u00e1tek a sm\u011bs\u00ed.<br \/>\nV p\u0159\u00edpad\u011b stopov\u00fdch mno\u017estv\u00ed zak\u00e1zan\u00fdch l\u00e1tek doklad o technick\u00e9 nevyhnutelnosti jejich v\u00fdskytu.<br \/>\nRelevantn\u00ed vlastnosti obalov\u00e9ho materi\u00e1lu, zejm\u00e9na jeho \u010distota a stabilita.<\/p>\n<p>&nbsp;<\/p>\n<p style=\"text-align: justify;\"><strong>5. B\u011b\u017en\u00e9 a rozumn\u011b p\u0159edv\u00eddateln\u00e9 pou\u017eit\u00ed<\/strong><br \/>\nB\u011b\u017en\u00e9 a rozumn\u011b p\u0159edv\u00eddateln\u00e9 pou\u017eit\u00ed p\u0159\u00edpravku. \u00davaha mus\u00ed b\u00fdt od\u016fvodn\u011bna zejm\u00e9na s ohledem na upozorn\u011bn\u00ed a ostatn\u00ed vysv\u011btlen\u00ed uveden\u00e1 na etiket\u011b p\u0159\u00edpravku.<\/p>\n<p>&nbsp;<\/p>\n<p style=\"text-align: justify;\"><strong>6. Expozice kosmetick\u00e9mu p\u0159\u00edpravku<\/strong><br \/>\nPopis expozice kosmetick\u00e9mu p\u0159\u00edpravku s p\u0159ihl\u00e9dnut\u00edm ke zji\u0161t\u011bn\u00edm podle odd\u00edlu 5, pokud jde<br \/>\n1) o m\u00edsto (m\u00edsta) aplikace;<br \/>\n2) o plochu aplikace;<br \/>\n3) o mno\u017estv\u00ed aplikovan\u00e9ho p\u0159\u00edpravku;<br \/>\n4) o dobu a \u010detnost pou\u017eit\u00ed;<br \/>\n5) o b\u011b\u017en\u00e9 a rozumn\u011b p\u0159edv\u00eddateln\u00e9 cesty expozice;<br \/>\n6) o c\u00edlov\u00e9 (nebo exponovan\u00e9) skupiny osob. Je t\u0159eba p\u0159ihl\u00e9dnout rovn\u011b\u017e k potenci\u00e1ln\u00ed expozici ur\u010dit\u00e9 skupiny osob.<\/p>\n<p style=\"text-align: justify;\">P\u0159i v\u00fdpo\u010dtu expozice je t\u0159eba p\u0159ihl\u00ed\u017eet tak\u00e9 k mo\u017en\u00fdm toxikologick\u00fdm \u00fa\u010dink\u016fm (nap\u0159. m\u016f\u017ee b\u00fdt nutn\u00e9 vypo\u010d\u00edtat expozici na jednotku povrchu k\u016f\u017ee nebo na jednotku t\u011blesn\u00e9 hmotnosti). Rovn\u011b\u017e je t\u0159eba vz\u00edt v \u00favahu mo\u017enost sekund\u00e1rn\u00ed expozice jin\u00fdmi zp\u016fsoby ne\u017e t\u011bmi, kter\u00e9 vypl\u00fdvaj\u00ed z p\u0159\u00edm\u00e9 aplikace (nap\u0159. nez\u00e1m\u011brn\u00e9 vdechnut\u00ed spreje, nez\u00e1m\u011brn\u00e9 po\u017eit\u00ed p\u0159\u00edpravku na rty atd.).<br \/>\nZvl\u00e1\u0161tn\u00ed pozornost je t\u0159eba v\u011bnovat ve\u0161ker\u00fdm mo\u017en\u00fdm vliv\u016fm, kter\u00e9 m\u00e1 na expozici velikost \u010d\u00e1stic.<\/p>\n<p>&nbsp;<\/p>\n<p style=\"text-align: justify;\"><strong>7. Expozice l\u00e1tk\u00e1m<\/strong><br \/>\nPopis expozice l\u00e1tk\u00e1m obsa\u017een\u00fdm v kosmetick\u00e9m p\u0159\u00edpravku, pokud jde o p\u0159\u00edslu\u0161n\u00e9 toxikologick\u00e9 \u00fa\u010dinky, s p\u0159ihl\u00e9dnut\u00edm k informac\u00edm uveden\u00fdm v odd\u00edle 6.<\/p>\n<p>&nbsp;<\/p>\n<p style=\"text-align: justify;\"><strong>8. Toxikologick\u00fd profil l\u00e1tek<\/strong><br \/>\nAni\u017e je dot\u010den \u010dl\u00e1nek 18, toxikologick\u00fd profil l\u00e1tky obsa\u017een\u00e9 v kosmetick\u00e9m p\u0159\u00edpravku z hlediska v\u0161ech p\u0159\u00edslu\u0161n\u00fdch toxikologick\u00fdch \u00fa\u010dink\u016f. Je t\u0159eba se zam\u011b\u0159it zvl\u00e1\u0161t\u011b na hodnocen\u00ed lok\u00e1ln\u00ed toxicity (podr\u00e1\u017ed\u011bn\u00ed k\u016f\u017ee a o\u010d\u00ed), senzibilizaci k\u016f\u017ee a v p\u0159\u00edpad\u011b absorpce ultrafialov\u00e9ho z\u00e1\u0159en\u00ed na fototoxicitu.<br \/>\nZohledn\u00ed se v\u0161echny v\u00fdznamn\u00e9 toxikologick\u00e9 cesty absorpce a syst\u00e9mov\u00e9 \u00fa\u010dinky a vypo\u010d\u00edtaj\u00ed se hranice bezpe\u010dnosti (MoS) na z\u00e1klad\u011b hodnoty d\u00e1vky bez pozorovan\u00e9ho nep\u0159\u00edzniv\u00e9ho \u00fa\u010dinku (NOAEL). Nep\u0159\u00edtomnost t\u011bchto \u00favah mus\u00ed b\u00fdt n\u00e1le\u017eit\u011b od\u016fvodn\u011bna.<br \/>\nZvl\u00e1\u0161tn\u00ed pozornost je t\u0159eba v\u011bnovat ve\u0161ker\u00fdm mo\u017en\u00fdm dopad\u016fm na toxikologick\u00fd profil vypl\u00fdvaj\u00edc\u00edm<br \/>\n&#8211; z velikosti \u010d\u00e1stic, v\u010detn\u011b nanomateri\u00e1l\u016f,<br \/>\n&#8211; z ne\u010distot v pou\u017eit\u00fdch l\u00e1tk\u00e1ch a surovin\u00e1ch a<br \/>\n&#8211; z interakce l\u00e1tek.<\/p>\n<p style=\"text-align: justify;\">Ka\u017ed\u00e9 vyu\u017eit\u00ed extrapolace dat mus\u00ed b\u00fdt n\u00e1le\u017eit\u011b podlo\u017eeno a od\u016fvodn\u011bno.<br \/>\nZdroj informac\u00ed mus\u00ed b\u00fdt jasn\u011b uveden.<\/p>\n<p>&nbsp;<\/p>\n<p style=\"text-align: justify;\"><strong>9. Ne\u017e\u00e1douc\u00ed \u00fa\u010dinky a z\u00e1va\u017en\u00e9 ne\u017e\u00e1douc\u00ed \u00fa\u010dinky<\/strong><br \/>\nVe\u0161ker\u00e9 dostupn\u00e9 \u00fadaje o ne\u017e\u00e1douc\u00edch \u00fa\u010dinc\u00edch a z\u00e1va\u017en\u00fdch ne\u017e\u00e1douc\u00edch \u00fa\u010dinc\u00edch kosmetick\u00e9ho p\u0159\u00edpravku, p\u0159\u00edpadn\u011b dal\u0161\u00edch kosmetick\u00fdch p\u0159\u00edpravk\u016f. To zahrnuje statistick\u00e9 \u00fadaje.<\/p>\n<p>&nbsp;<\/p>\n<p style=\"text-align: justify;\"><strong>10. Informace o kosmetick\u00e9m p\u0159\u00edpravku<\/strong><br \/>\nJin\u00e9 podstatn\u00e9 informace, nap\u0159. \u00fadaje o existuj\u00edc\u00edch studi\u00edch proveden\u00fdch na lidsk\u00fdch dobrovoln\u00edc\u00edch nebo \u0159\u00e1dn\u011b prok\u00e1zan\u00e9 a od\u016fvodn\u011bn\u00e9 v\u00fdsledky hodnocen\u00ed rizik uskute\u010dn\u011bn\u00e9 v jin\u00fdch relevantn\u00edch oblastech.<\/p>\n<p>&nbsp;<\/p>\n<h2 style=\"text-align: justify;\">\u010c\u00c1ST B \u2013 Posouzen\u00ed bezpe\u010dnosti kosmetick\u00e9ho p\u0159\u00edpravku<\/h2>\n<p style=\"text-align: justify;\"><strong>1. Z\u00e1v\u011bry posouzen\u00ed<\/strong><br \/>\nProhl\u00e1\u0161en\u00ed o bezpe\u010dnosti kosmetick\u00e9ho p\u0159\u00edpravku podle \u010dl\u00e1nku 3.<\/p>\n<p>&nbsp;<\/p>\n<p style=\"text-align: justify;\"><strong>2. Upozorn\u011bn\u00ed a n\u00e1vod k pou\u017eit\u00ed uveden\u00e9 na etiket\u011b<\/strong><br \/>\nStanovisko k pot\u0159eb\u011b uv\u00e9st na etiket\u011b zvl\u00e1\u0161tn\u00ed upozorn\u011bn\u00ed a n\u00e1vod k pou\u017eit\u00ed v souladu s \u010dl. 19 odst. 1 p\u00edsm. d).<\/p>\n<p>&nbsp;<\/p>\n<p style=\"text-align: justify;\"><strong>3. Od\u016fvodn\u011bn\u00ed<\/strong><br \/>\nVysv\u011btlen\u00ed v\u011bdeck\u00fdch d\u016fvod\u016f vedouc\u00edch k z\u00e1v\u011br\u016fm posouzen\u00ed uveden\u00fdm v odd\u00edle 1 a ke stanovisku uveden\u00e9mu v odd\u00edle 2. Toto vysv\u011btlen\u00ed je zalo\u017eeno na popisech uveden\u00fdch v \u010d\u00e1sti A. Tam, kde je to vhodn\u00e9, jsou posouzeny a diskutov\u00e1ny hranice bezpe\u010dnosti.<br \/>\nProvede se mimo jin\u00e9 zvl\u00e1\u0161tn\u00ed posouzen\u00ed u kosmetick\u00fdch p\u0159\u00edpravk\u016f ur\u010den\u00fdch pro d\u011bti do t\u0159\u00ed let a u kosmetick\u00fdch p\u0159\u00edpravk\u016f ur\u010den\u00fdch v\u00fdhradn\u011b pro vn\u011bj\u0161\u00ed intimn\u00ed hygienu.<br \/>\nPosoud\u00ed se mo\u017en\u00e9 interakce l\u00e1tek obsa\u017een\u00fdch v kosmetick\u00e9m p\u0159\u00edpravku.<br \/>\nJe t\u0159eba n\u00e1le\u017eit\u011b od\u016fvodnit zohledn\u011bn\u00ed \u010di nezohledn\u011bn\u00ed jednotliv\u00fdch toxikologick\u00fdch profil\u016f.<br \/>\nJe t\u0159eba pe\u010dliv\u011b posoudit vliv stability na bezpe\u010dnost kosmetick\u00e9ho p\u0159\u00edpravku.<\/p>\n<p>&nbsp;<\/p>\n<p style=\"text-align: justify;\"><strong>4. \u00dadaje o posuzovateli a schv\u00e1len\u00ed \u010d\u00e1sti B<\/strong><br \/>\nJm\u00e9no a adresa osoby, kter\u00e1 prov\u00e1d\u00ed posouzen\u00ed bezpe\u010dnosti.<br \/>\nDoklad o kvalifikaci osoby, kter\u00e1 prov\u00e1d\u00ed posouzen\u00ed bezpe\u010dnosti.<br \/>\nDatum a podpis osoby, kter\u00e1 prov\u00e1d\u00ed posouzen\u00ed bezpe\u010dnosti.<\/p>\n<p>&nbsp;<\/p>\n<h3><span style=\"color: #333333;\">Nab\u00edzen\u00e9 slu\u017eby<\/span><\/h3>\n<ul class=\"category_pages_list\">\n<li><a title=\"Prov\u00e9st posouzen\u00ed bezpe\u010dnosti pro kosmetiku\" href=\"http:\/\/www.msds-europe.com\/cs\/provest-posouzeni-bezpecnosti-pro-kosmetiku\/\">Prov\u00e9st posouzen\u00ed bezpe\u010dnosti pro kosmetiku<\/a><\/li>\n<li><a title=\"Slu\u017eba ozn\u00e1men\u00ed CPNP\" href=\"http:\/\/www.msds-europe.com\/cs\/sluzba-oznameni-cpnp\/\">Slu\u017eba ozn\u00e1men\u00ed CPNP<\/a><\/li>\n<li><a title=\"Vytv\u00e1\u0159en\u00ed a p\u0159eklad n\u00e1vrhu etiket pro kosmetick\u00e9 v\u00fdrobky\" href=\"http:\/\/www.msds-europe.com\/cs\/vytvareni-preklad-navrhu-etiket-kosmeticke\/\">Vytv\u00e1\u0159en\u00ed a p\u0159eklad n\u00e1vrhu etiket pro kosmetick\u00e9 v\u00fdrobky<\/a><\/li>\n<li><a title=\"Vytv\u00e1\u0159en\u00ed bezpe\u010dnostn\u00edch list\u016f pro kosmetick\u00e9 v\u00fdrobky\" href=\"http:\/\/www.msds-europe.com\/cs\/vytvareni-bezpecnostnich-listu-pro-kosmeticke-vyrobky\/\">Vytv\u00e1\u0159en\u00ed bezpe\u010dnostn\u00edch list\u016f pro kosmetick\u00e9 v\u00fdrobky<\/a><\/li>\n<\/ul>\n<p>&nbsp;<\/p>\n<h3><span style=\"color: #333333;\">U\u017eite\u010dn\u00e9 informace<\/span><\/h3>\n<ul class=\"category_pages_list\">\n<li><a title=\"Odpov\u011bdnosti odpov\u011bdn\u00e9 osoby\" href=\"http:\/\/www.msds-europe.com\/cs\/odpovednosti-odpovedne-osoby\/\">Odpov\u011bdnosti odpov\u011bdn\u00e9 osoby<\/a><\/li>\n<li><a title=\"Povinnosti distributor\u016f kosmetick\u00fdch v\u00fdrobk\u016f\" href=\"http:\/\/www.msds-europe.com\/cs\/povinnosti-distributoru-kosmetickych-vyrobku\/\">Povinnosti distributor\u016f kosmetick\u00fdch v\u00fdrobk\u016f<\/a><\/li>\n<\/ul>\n<p>&nbsp;<\/p>\n","protected":false},"excerpt":{"rendered":"<p>Z\u00e1kladna v\u011bdomost\u00ed pro kosmetick\u00e9 v\u00fdrobky \u2013 ZPR\u00c1VA O BEZPE\u010cNOSTI KOSMETICK\u00c9HO P\u0158\u00cdPRAVKU Sta\u017een\u00ed: ZPR\u00c1VA O BEZPE\u010cNOSTI KOSMETICK\u00c9HO P\u0158\u00cdPRAVKU &#8211; Vzorek &nbsp; Zpr\u00e1va o bezpe\u010dnosti kosmetick\u00e9ho p\u0159\u00edpravku mus\u00ed obsahovat alespo\u0148 tyto \u00fadaje: \u010c\u00c1ST A \u2013 Informace o bezpe\u010dnosti kosmetick\u00e9ho p\u0159\u00edpravku 1. Kvantitativn\u00ed a kvalitativn\u00ed slo\u017een\u00ed kosmetick\u00e9ho p\u0159\u00edpravku Kvalitativn\u00ed a kvantitativn\u00ed slo\u017een\u00ed kosmetick\u00e9ho&#8230;<\/p>\n","protected":false},"author":2,"featured_media":0,"parent":0,"menu_order":0,"comment_status":"closed","ping_status":"closed","template":"","meta":{"_acf_changed":false,"footnotes":""},"tags":[243,294],"class_list":["post-6151","page","type-page","status-publish","hentry","tag-kosmetika-cs","tag-zakladna-vedomosti-pro-kosmeticke-vyrobky"],"acf":[],"yoast_head":"<!-- This site is optimized with the Yoast SEO plugin v27.2 - https:\/\/yoast.com\/product\/yoast-seo-wordpress\/ -->\n<title>ZPR\u00c1VA O BEZPE\u010cNOSTI KOSMETICK\u00c9HO P\u0158\u00cdPRAVKU - Vzorek<\/title>\n<meta name=\"description\" content=\"Zpr\u00e1va o bezpe\u010dnosti kosmetick\u00e9ho p\u0159\u00edpravku mus\u00ed obsahovat alespo\u0148 tyto \u00fadaje...\" \/>\n<meta name=\"robots\" content=\"index, follow, max-snippet:-1, max-image-preview:large, max-video-preview:-1\" \/>\n<link rel=\"canonical\" href=\"https:\/\/www.msds-europe.com\/cs\/zprava-o-bezpecnosti-kosmetickeho-pripravku-vzorek\/\" \/>\n<meta property=\"og:locale\" content=\"cs_CZ\" \/>\n<meta property=\"og:type\" content=\"article\" \/>\n<meta property=\"og:title\" content=\"ZPR\u00c1VA O BEZPE\u010cNOSTI KOSMETICK\u00c9HO P\u0158\u00cdPRAVKU - Vzorek\" \/>\n<meta property=\"og:description\" content=\"Zpr\u00e1va o bezpe\u010dnosti kosmetick\u00e9ho p\u0159\u00edpravku mus\u00ed obsahovat alespo\u0148 tyto \u00fadaje...\" \/>\n<meta property=\"og:url\" content=\"https:\/\/www.msds-europe.com\/cs\/zprava-o-bezpecnosti-kosmetickeho-pripravku-vzorek\/\" \/>\n<meta property=\"og:site_name\" content=\"MSDS Europe\" \/>\n<meta property=\"article:publisher\" content=\"https:\/\/www.facebook.com\/toxinfokft\/\" \/>\n<meta property=\"article:modified_time\" content=\"2018-06-28T10:25:33+00:00\" \/>\n<meta name=\"twitter:card\" content=\"summary_large_image\" \/>\n<meta name=\"twitter:site\" content=\"@ToxInfoKft\" \/>\n<meta name=\"twitter:label1\" content=\"Odhadovan\u00e1 doba \u010dten\u00ed\" \/>\n\t<meta name=\"twitter:data1\" content=\"6 minut\" \/>\n<script type=\"application\/ld+json\" class=\"yoast-schema-graph\">{\"@context\":\"https:\/\/schema.org\",\"@graph\":[{\"@type\":\"WebPage\",\"@id\":\"https:\/\/www.msds-europe.com\/cs\/zprava-o-bezpecnosti-kosmetickeho-pripravku-vzorek\/\",\"url\":\"https:\/\/www.msds-europe.com\/cs\/zprava-o-bezpecnosti-kosmetickeho-pripravku-vzorek\/\",\"name\":\"ZPR\u00c1VA O BEZPE\u010cNOSTI KOSMETICK\u00c9HO P\u0158\u00cdPRAVKU - Vzorek\",\"isPartOf\":{\"@id\":\"https:\/\/www.msds-europe.com\/es\/#website\"},\"datePublished\":\"2018-06-26T08:36:08+00:00\",\"dateModified\":\"2018-06-28T10:25:33+00:00\",\"description\":\"Zpr\u00e1va o bezpe\u010dnosti kosmetick\u00e9ho p\u0159\u00edpravku mus\u00ed obsahovat alespo\u0148 tyto \u00fadaje...\",\"breadcrumb\":{\"@id\":\"https:\/\/www.msds-europe.com\/cs\/zprava-o-bezpecnosti-kosmetickeho-pripravku-vzorek\/#breadcrumb\"},\"inLanguage\":\"cs\",\"potentialAction\":[{\"@type\":\"ReadAction\",\"target\":[\"https:\/\/www.msds-europe.com\/cs\/zprava-o-bezpecnosti-kosmetickeho-pripravku-vzorek\/\"]}]},{\"@type\":\"BreadcrumbList\",\"@id\":\"https:\/\/www.msds-europe.com\/cs\/zprava-o-bezpecnosti-kosmetickeho-pripravku-vzorek\/#breadcrumb\",\"itemListElement\":[{\"@type\":\"ListItem\",\"position\":1,\"name\":\"F\u0151oldal\",\"item\":\"https:\/\/www.msds-europe.com\/cs\/\"},{\"@type\":\"ListItem\",\"position\":2,\"name\":\"ZPR\u00c1VA O BEZPE\u010cNOSTI KOSMETICK\u00c9HO P\u0158\u00cdPRAVKU &#8211; Vzorek\"}]},{\"@type\":\"WebSite\",\"@id\":\"https:\/\/www.msds-europe.com\/es\/#website\",\"url\":\"https:\/\/www.msds-europe.com\/es\/\",\"name\":\"MSDS Europe\",\"description\":\"\",\"publisher\":{\"@id\":\"https:\/\/www.msds-europe.com\/es\/#organization\"},\"potentialAction\":[{\"@type\":\"SearchAction\",\"target\":{\"@type\":\"EntryPoint\",\"urlTemplate\":\"https:\/\/www.msds-europe.com\/es\/?s={search_term_string}\"},\"query-input\":{\"@type\":\"PropertyValueSpecification\",\"valueRequired\":true,\"valueName\":\"search_term_string\"}}],\"inLanguage\":\"cs\"},{\"@type\":\"Organization\",\"@id\":\"https:\/\/www.msds-europe.com\/es\/#organization\",\"name\":\"MSDS-Europe International branch of ToxInfo\",\"url\":\"https:\/\/www.msds-europe.com\/es\/\",\"logo\":{\"@type\":\"ImageObject\",\"inLanguage\":\"cs\",\"@id\":\"https:\/\/www.msds-europe.com\/es\/#\/schema\/logo\/image\/\",\"url\":\"https:\/\/www.msds-europe.com\/wp-content\/uploads\/2021\/04\/msds-europe-logo.jpg\",\"contentUrl\":\"https:\/\/www.msds-europe.com\/wp-content\/uploads\/2021\/04\/msds-europe-logo.jpg\",\"width\":2296,\"height\":1067,\"caption\":\"MSDS-Europe International branch of ToxInfo\"},\"image\":{\"@id\":\"https:\/\/www.msds-europe.com\/es\/#\/schema\/logo\/image\/\"},\"sameAs\":[\"https:\/\/www.facebook.com\/toxinfokft\/\",\"https:\/\/x.com\/ToxInfoKft\"]}]}<\/script>\n<!-- \/ Yoast SEO plugin. -->","yoast_head_json":{"title":"ZPR\u00c1VA O BEZPE\u010cNOSTI KOSMETICK\u00c9HO P\u0158\u00cdPRAVKU - Vzorek","description":"Zpr\u00e1va o bezpe\u010dnosti kosmetick\u00e9ho p\u0159\u00edpravku mus\u00ed obsahovat alespo\u0148 tyto \u00fadaje...","robots":{"index":"index","follow":"follow","max-snippet":"max-snippet:-1","max-image-preview":"max-image-preview:large","max-video-preview":"max-video-preview:-1"},"canonical":"https:\/\/www.msds-europe.com\/cs\/zprava-o-bezpecnosti-kosmetickeho-pripravku-vzorek\/","og_locale":"cs_CZ","og_type":"article","og_title":"ZPR\u00c1VA O BEZPE\u010cNOSTI KOSMETICK\u00c9HO P\u0158\u00cdPRAVKU - Vzorek","og_description":"Zpr\u00e1va o bezpe\u010dnosti kosmetick\u00e9ho p\u0159\u00edpravku mus\u00ed obsahovat alespo\u0148 tyto \u00fadaje...","og_url":"https:\/\/www.msds-europe.com\/cs\/zprava-o-bezpecnosti-kosmetickeho-pripravku-vzorek\/","og_site_name":"MSDS Europe","article_publisher":"https:\/\/www.facebook.com\/toxinfokft\/","article_modified_time":"2018-06-28T10:25:33+00:00","twitter_card":"summary_large_image","twitter_site":"@ToxInfoKft","twitter_misc":{"Odhadovan\u00e1 doba \u010dten\u00ed":"6 minut"},"schema":{"@context":"https:\/\/schema.org","@graph":[{"@type":"WebPage","@id":"https:\/\/www.msds-europe.com\/cs\/zprava-o-bezpecnosti-kosmetickeho-pripravku-vzorek\/","url":"https:\/\/www.msds-europe.com\/cs\/zprava-o-bezpecnosti-kosmetickeho-pripravku-vzorek\/","name":"ZPR\u00c1VA O BEZPE\u010cNOSTI KOSMETICK\u00c9HO P\u0158\u00cdPRAVKU - Vzorek","isPartOf":{"@id":"https:\/\/www.msds-europe.com\/es\/#website"},"datePublished":"2018-06-26T08:36:08+00:00","dateModified":"2018-06-28T10:25:33+00:00","description":"Zpr\u00e1va o bezpe\u010dnosti kosmetick\u00e9ho p\u0159\u00edpravku mus\u00ed obsahovat alespo\u0148 tyto \u00fadaje...","breadcrumb":{"@id":"https:\/\/www.msds-europe.com\/cs\/zprava-o-bezpecnosti-kosmetickeho-pripravku-vzorek\/#breadcrumb"},"inLanguage":"cs","potentialAction":[{"@type":"ReadAction","target":["https:\/\/www.msds-europe.com\/cs\/zprava-o-bezpecnosti-kosmetickeho-pripravku-vzorek\/"]}]},{"@type":"BreadcrumbList","@id":"https:\/\/www.msds-europe.com\/cs\/zprava-o-bezpecnosti-kosmetickeho-pripravku-vzorek\/#breadcrumb","itemListElement":[{"@type":"ListItem","position":1,"name":"F\u0151oldal","item":"https:\/\/www.msds-europe.com\/cs\/"},{"@type":"ListItem","position":2,"name":"ZPR\u00c1VA O BEZPE\u010cNOSTI KOSMETICK\u00c9HO P\u0158\u00cdPRAVKU &#8211; Vzorek"}]},{"@type":"WebSite","@id":"https:\/\/www.msds-europe.com\/es\/#website","url":"https:\/\/www.msds-europe.com\/es\/","name":"MSDS Europe","description":"","publisher":{"@id":"https:\/\/www.msds-europe.com\/es\/#organization"},"potentialAction":[{"@type":"SearchAction","target":{"@type":"EntryPoint","urlTemplate":"https:\/\/www.msds-europe.com\/es\/?s={search_term_string}"},"query-input":{"@type":"PropertyValueSpecification","valueRequired":true,"valueName":"search_term_string"}}],"inLanguage":"cs"},{"@type":"Organization","@id":"https:\/\/www.msds-europe.com\/es\/#organization","name":"MSDS-Europe International branch of ToxInfo","url":"https:\/\/www.msds-europe.com\/es\/","logo":{"@type":"ImageObject","inLanguage":"cs","@id":"https:\/\/www.msds-europe.com\/es\/#\/schema\/logo\/image\/","url":"https:\/\/www.msds-europe.com\/wp-content\/uploads\/2021\/04\/msds-europe-logo.jpg","contentUrl":"https:\/\/www.msds-europe.com\/wp-content\/uploads\/2021\/04\/msds-europe-logo.jpg","width":2296,"height":1067,"caption":"MSDS-Europe International branch of ToxInfo"},"image":{"@id":"https:\/\/www.msds-europe.com\/es\/#\/schema\/logo\/image\/"},"sameAs":["https:\/\/www.facebook.com\/toxinfokft\/","https:\/\/x.com\/ToxInfoKft"]}]}},"_links":{"self":[{"href":"https:\/\/www.msds-europe.com\/cs\/wp-json\/wp\/v2\/pages\/6151","targetHints":{"allow":["GET"]}}],"collection":[{"href":"https:\/\/www.msds-europe.com\/cs\/wp-json\/wp\/v2\/pages"}],"about":[{"href":"https:\/\/www.msds-europe.com\/cs\/wp-json\/wp\/v2\/types\/page"}],"author":[{"embeddable":true,"href":"https:\/\/www.msds-europe.com\/cs\/wp-json\/wp\/v2\/users\/2"}],"replies":[{"embeddable":true,"href":"https:\/\/www.msds-europe.com\/cs\/wp-json\/wp\/v2\/comments?post=6151"}],"version-history":[{"count":4,"href":"https:\/\/www.msds-europe.com\/cs\/wp-json\/wp\/v2\/pages\/6151\/revisions"}],"predecessor-version":[{"id":6647,"href":"https:\/\/www.msds-europe.com\/cs\/wp-json\/wp\/v2\/pages\/6151\/revisions\/6647"}],"wp:attachment":[{"href":"https:\/\/www.msds-europe.com\/cs\/wp-json\/wp\/v2\/media?parent=6151"}],"wp:term":[{"taxonomy":"post_tag","embeddable":true,"href":"https:\/\/www.msds-europe.com\/cs\/wp-json\/wp\/v2\/tags?post=6151"}],"curies":[{"name":"wp","href":"https:\/\/api.w.org\/{rel}","templated":true}]}}