{"id":5973,"date":"2018-06-25T14:45:29","date_gmt":"2018-06-25T14:45:29","guid":{"rendered":"http:\/\/www.msds-europe.com\/povinnosti-distributoru-kosmetickych-vyrobku\/"},"modified":"2018-07-04T05:39:14","modified_gmt":"2018-07-04T05:39:14","slug":"povinnosti-distributoru-kosmetickych-vyrobku","status":"publish","type":"page","link":"https:\/\/www.msds-europe.com\/cs\/povinnosti-distributoru-kosmetickych-vyrobku\/","title":{"rendered":"Povinnosti distributor\u016f kosmetick\u00fdch v\u00fdrobk\u016f"},"content":{"rendered":"<p style=\"text-align: right;\"><em><a href=\"http:\/\/www.msds-europe.com\/cs\/kosmeticke-vyrobky\/\">Z\u00e1kladna v\u011bdomost\u00ed pro kosmetick\u00e9 v\u00fdrobky<\/a>\u00a0\u2013\u00a0\u00a0Povinnosti distributor\u016f kosmetick\u00fdch v\u00fdrobk\u016f<\/em><\/p>\n<p>&nbsp;<\/p>\n<h2 style=\"text-align: justify;\"><span style=\"color: #333333;\">Z\u00e1kladn\u00ed pravidlo pro porozum\u011bn\u00ed povinnostem distributor\u016f kosmetick\u00fdch v\u00fdrobk\u016f<\/span><\/h2>\n<p style=\"text-align: justify;\">Pokud se distributor domn\u00edv\u00e1 nebo m\u00e1 d\u016fvod v\u011b\u0159it, \u017ee kosmetick\u00fd v\u00fdrobek nen\u00ed v souladu se sm\u011brnici<a href=\"http:\/\/www.msds-europe.com\/cs\/regulacni-zmeny-v-oblasti-chemicke-bezpecnosti\/\"> (ES) \u010d. 1223\/2009<\/a>, mus\u00ed neprodlen\u011b podniknout n\u00e1pravn\u00e9 kroky nezbytn\u00e9 pro zaji\u0161t\u011bn\u00ed souladu v\u00fdrobku nebo jeho sta\u017een\u00ed, podle situace.<\/p>\n<p style=\"text-align: justify;\">Nav\u00edc pokud kosmetick\u00fd v\u00fdrobek p\u0159edstavuje riziko pro lidsk\u00e9 zdrav\u00ed, odpov\u011bdn\u00e9 osoby by m\u011bly okam\u017eit\u011b informovat kompetentn\u00ed n\u00e1rodn\u00ed \u00fa\u0159ady \u010dlensk\u00fdch st\u00e1t\u016f, v nich\u017e je v\u00fdrobek dostupn\u00fd, a \u010dlensk\u00fdch st\u00e1t\u016f, v nich\u017e je mo\u017eno snadno z\u00edskat soubor s informacemi o v\u00fdrobku, a uv\u00e9st podrobnosti, zejm\u00e9na o p\u0159\u00edslu\u0161n\u00e9m nesouladu a podniknut\u00fdch n\u00e1pravn\u00fdch kroc\u00edch.<\/p>\n<p>&nbsp;<\/p>\n<h2>Distributor<\/h2>\n<p style=\"text-align: justify;\">Fyzick\u00e1 nebo pr\u00e1vnick\u00e1 osoba v dodavatelsk\u00e9m \u0159et\u011bzci, kter\u00e1 nen\u00ed v\u00fdrobcem ani dovozcem a kter\u00e1 kosmetick\u00fd p\u0159\u00edpravek dod\u00e1v\u00e1 na trh Spole\u010denstv\u00ed;<\/p>\n<p style=\"text-align: justify;\">Nepova\u017euje se za n\u011bj distributor, kter\u00fd uvede kosmetick\u00fd v\u00fdrobek na trh pod sv\u00fdm jm\u00e9nem nebo obchodn\u00ed zna\u010dkou nebo zm\u011bn\u00ed v\u00fdrobek, kter\u00fd je ji\u017e na trhu zp\u016fsobem, kter\u00fd m\u016f\u017ee m\u00edt dopad na soulad s po\u017eadavky na p\u0159\u00edslu\u0161n\u00fd v\u00fdrobek, proto\u017ee v takov\u00e9m p\u0159\u00edpad\u011b je pova\u017eov\u00e1n za odpov\u011bdnou osobu.<\/p>\n<p style=\"text-align: justify;\">Na trh je mo\u017eno uv\u00e9st pouze ty kosmetick\u00e9 v\u00fdrobky, kter\u00e9 maj\u00ed hodnocen\u00ed bezpe\u010dnosti, dokumentaci s informacemi o v\u00fdrobku a zna\u010den\u00ed v souladu se sm\u011brnic\u00ed 1223\/2009\/ES a jejich\u017e v\u00fdroba je prov\u00e1d\u011bna v souladu se zaveden\u00fdmi v\u00fdrobn\u00edmi postupy.<\/p>\n<p style=\"text-align: justify;\">Sm\u011brnice (ES) \u010d. 1223\/2009 by m\u011bla platit od 11. \u010dervence 2013 pro \u010dleny Evropsk\u00e9ho spole\u010denstv\u00ed a \u010dleny Evropsk\u00e9ho sdru\u017een\u00ed voln\u00e9ho obchodu (EFTA) \u2013 Norsko, \u0160v\u00fdcarsko, Island a Lichten\u0161tejnsko.<\/p>\n<p>&nbsp;<\/p>\n<h2>Povinnosti distributor\u016f<\/h2>\n<p>1.\u00a0<strong>Distributor je povinen kontrolovat:<\/strong><\/p>\n<ul>\n<li>zda jsou vy\u017eadovan\u00e9 informace pro zna\u010den\u00ed uvedeny na v\u00fdrobku<\/li>\n<li>jm\u00e9no odpov\u011bdn\u00e9 osoby nebo registrovan\u00fd n\u00e1zev a adresa spole\u010dnosti<\/li>\n<li>\u010d\u00edslo \u0161ar\u017ee nebo identifika\u010dn\u00ed \u010d\u00edslo kosmetick\u00e9ho v\u00fdrobku;<\/li>\n<li>seznam slo\u017eek na n\u00e1dob\u011b nebo obalu nebo v p\u0159ilo\u017een\u00e9m informa\u010dn\u00edm materi\u00e1lu<\/li>\n<\/ul>\n<p style=\"text-align: justify;\">2. Pokud po\u017eadovan\u00e9 jazykov\u00e9 po\u017eadavky budou spln\u011bny \u2013 informace mus\u00ed b\u00fdt uvedeny v ofici\u00e1ln\u00edm jazyce p\u0159\u00edslu\u0161n\u00e9 zem\u011b, kde fin\u00e1ln\u00ed v\u00fdrobek bude uveden na trh.<\/p>\n<p>3. Je nutn\u00e9 zkontrolovat, zda ji\u017e nevypr\u0161ela uveden\u00e1 doba trvanlivosti.<\/p>\n<p>&nbsp;<\/p>\n<h2>Prvky ozna\u010den\u00ed<\/h2>\n<p style=\"text-align: justify;\">Sm\u00ed b\u00fdt kosmetick\u00fd p\u0159\u00edpravek dod\u00e1v\u00e1n na trh, pouze pokud jsou na obalu, do kter\u00e9ho je p\u0159\u00edpravek napln\u011bn, a\u00a0na jeho vn\u011bj\u0161\u00edm obalu nesmazateln\u011b, \u010diteln\u011b a\u00a0viditeln\u011b uvedeny tyto \u00fadaje:<\/p>\n<p style=\"text-align: justify;\">1. Jm\u00e9no nebo zapsan\u00fd n\u00e1zev a\u00a0adresa odpov\u011bdn\u00e9 osoby. V\u00a0 p\u0159\u00edpad\u011b dov\u00e1\u017een\u00fdch kosmetick\u00fdch p\u0159\u00edpravk\u016f se uv\u00e1d\u00ed zem\u011b p\u016fvodu.<\/p>\n<p style=\"text-align: justify;\">2. Jmenovit\u00fd obsah v\u00a0dob\u011b balen\u00ed vyj\u00e1d\u0159en\u00fd v\u00a0hmotnosti nebo objemu<\/p>\n<p style=\"text-align: justify;\">(S v\u00fdjimkou: balen\u00ed obsahuj\u00edc\u00edch m\u00e9n\u011b ne\u017e p\u011bt gram\u016f nebo p\u011bt mililitr\u016f, bezplatn\u00fdch vzork\u016f a balen\u00ed pro jedno pou\u017eit\u00ed; pro spot\u0159ebitelsk\u00e1 balen\u00ed prod\u00e1van\u00e1 obvykle jako skupina polo\u017eek, pro n\u011b\u017e nejsou podrobn\u00e9 informace o hmotnosti nebo objemu v\u00fdznamn\u00e9.)<\/p>\n<p style=\"text-align: justify;\">3. Datum minim\u00e1ln\u00ed trvanlivosti<\/p>\n<p style=\"text-align: justify;\">a, Uveden\u00ed data minim\u00e1ln\u00ed trvanlivosti pro kosmetick\u00e9 v\u00fdrobky s minim\u00e1ln\u00ed trvanlivost\u00ed krat\u0161\u00ed ne\u017e 30 m\u011bs\u00edc\u016f.<\/p>\n<p style=\"text-align: justify;\">Vhodn\u00fd form\u00e1t: za symbolem data minim\u00e1ln\u00ed trvanlivosti nebo za slovy \u201espot\u0159ebovat do konce\u201c je nutno jasn\u011b uv\u00e9st datum minim\u00e1ln\u00ed spot\u0159eby, kter\u00e9 bude obsahovat m\u011bs\u00edc a rok nebo den, m\u011bs\u00edc a rok, v uveden\u00e9m po\u0159ad\u00ed.<\/p>\n<p style=\"text-align: justify;\">b, v p\u0159\u00edpad\u011b kosmetick\u00fdch v\u00fdrobk\u016f s trvanlivost\u00ed del\u0161\u00ed ne\u017e 30 m\u011bs\u00edc\u016f, se uvede \u00fadaj o\u00a0dob\u011b, po kterou je p\u0159\u00edpravek po otev\u0159en\u00ed bezpe\u010dn\u00fd a\u00a0lze jej pou\u017e\u00edvat, ani\u017e by do\u0161lo k\u00a0\u00fajm\u011b na zdrav\u00ed spot\u0159ebitele.\u00a0\u00a0 Za symbolem minim\u00e1ln\u00ed trvanlivosti je uvedena doba v m\u011bs\u00edc\u00edch a\/nebo letech, krom\u011b p\u0159\u00edpad\u016f, kdy pojem trvanlivosti po otev\u0159en\u00ed nem\u00e1 v\u00fdznam: Tj. v\u00a0 p\u0159\u00edpad\u011b p\u0159\u00edpravk\u016f k jednor\u00e1zov\u00e9mu pou\u017eit\u00ed, p\u0159\u00edpravk\u016f, u nich\u017e nehroz\u00ed zka\u017een\u00ed, a p\u0159\u00edpravk\u016f, kter\u00e9 se neotev\u00edraj\u00ed.<\/p>\n<p style=\"text-align: justify;\">4. Zvl\u00e1\u0161tn\u00ed upozorn\u011bn\u00ed t\u00fdkaj\u00edc\u00ed se pou\u017eit\u00ed.<\/p>\n<p style=\"text-align: justify;\">5. \u010c\u00edslo \u0161ar\u017ee nebo odkaz umo\u017e\u0148uj\u00edc\u00ed identifikaci kosmetick\u00e9ho p\u0159\u00edpravku.<\/p>\n<p style=\"text-align: justify;\">6. funkce kosmetick\u00e9ho p\u0159\u00edpravku, pokud nen\u00ed z\u0159ejm\u00e1 z jeho obchodn\u00ed \u00fapravy<\/p>\n<p style=\"text-align: justify;\">7. Seznam slo\u017eek v souladu s INCI (mezin\u00e1rodn\u00ed zna\u010den\u00ed kosmetick\u00fdch slo\u017eek). Tato informace m\u016f\u017ee b\u00fdt uvedena pouze na vn\u011bj\u0161\u00edm obalu (p\u0159\u00edslu\u0161\u00ed-li).<\/p>\n<p style=\"text-align: justify;\">Informace na etiket\u011b mus\u00ed b\u00fdt uvedeny v jazyce \u010dlensk\u00e9ho st\u00e1tu, kde je v\u00fdrobek distribuov\u00e1n pro koncov\u00e9ho u\u017eivatele (v\u00fdjimka: \u201eSlo\u017eky\u201c).<\/p>\n<p style=\"text-align: justify;\">Pokud nen\u00ed mo\u017en\u00e9 uv\u00e9st stanoven\u00e9 informace na etiket\u011b z praktick\u00fdch d\u016fvod\u016f, informace mus\u00ed b\u00fdt uvedeny v let\u00e1ku, na etiket\u011b, p\u00e1sce nebo kart\u011b p\u0159ilo\u017een\u00e9 nebo p\u0159ipevn\u011bn\u00e9 k v\u00fdrobku.<\/p>\n<p style=\"text-align: justify;\"><strong>Nab\u00edzen\u00e1 slu\u017eba:\u00a0<\/strong><a href=\"http:\/\/www.msds-europe.com\/cs\/vytvareni-preklad-navrhu-etiket-kosmeticke\/\">Vytv\u00e1\u0159en\u00ed a p\u0159eklad n\u00e1vrhu etiket pro kosmetick\u00e9 v\u00fdrobky<\/a><\/p>\n<p>&nbsp;<\/p>\n<h2>Ozn\u00e1men\u00ed v\u00fdrobku, kter\u00fd je ji\u017e na trhu<\/h2>\n<p style=\"text-align: justify;\">Distributor, kter\u00fd nab\u00edz\u00ed v n\u011bkter\u00e9m \u010dlensk\u00e9m st\u00e1t\u011b kosmetick\u00fd v\u00fdrobek, kter\u00fd ji\u017e byl uveden na trh v jin\u00e9m \u010dlensk\u00e9m st\u00e1t\u011b, a p\u0159elo\u017e\u00ed (ze sv\u00e9 vlastn\u00ed iniciativy) jakoukoliv \u010d\u00e1st etikety p\u0159\u00edslu\u0161n\u00e9ho v\u00fdrobku, aby dodr\u017eel n\u00e1rodn\u00ed z\u00e1kony, mus\u00ed o tomto informovat v <a href=\"http:\/\/www.msds-europe.com\/cs\/sluzba-oznameni-cpnp\/\">CPNP<\/a>.<\/p>\n<p><strong>Pro ozn\u00e1men\u00ed pot\u0159ebujete n\u00e1sleduj\u00edc\u00ed informace:<\/strong><\/p>\n<ul>\n<li style=\"text-align: justify;\">jm\u00e9no a adresu odpov\u011bdn\u00e9 osoby, u kter\u00e9 je snadno p\u0159\u00edstupn\u00e1 informa\u010dn\u00ed dokumentace k p\u0159\u00edpravku;<\/li>\n<li style=\"text-align: justify;\">kategorie kosmetick\u00e9ho v\u00fdrobku, jeho n\u00e1zev v expeduj\u00edc\u00edm \u010dlensk\u00e9m st\u00e1tu a jeho n\u00e1zev v \u010dlensk\u00e9m st\u00e1tu, kde je poskytov\u00e1n, umo\u017e\u0148uj\u00edc\u00ed jeho konkr\u00e9tn\u00ed identifikaci;<\/li>\n<li style=\"text-align: justify;\">n\u00e1zev \u010dlensk\u00e9ho st\u00e1tu, kde se kosmetick\u00fd v\u00fdrobek dost\u00e1v\u00e1 na trh;<\/li>\n<li style=\"text-align: justify;\">jm\u00e9no a adresa distributora<\/li>\n<\/ul>\n<p>Pokud dojde ke zm\u011bn\u011b jak\u00e9koliv informace, distributor nebo odpov\u011bdn\u00e1 osoba neprodlen\u011b zajist\u00ed aktualizaci prost\u0159ednictv\u00edm CPNP.<\/p>\n<p>&nbsp;<\/p>\n<h3><span style=\"color: #333333;\">Souvisej\u00edc\u00ed odborn\u00e9 materi\u00e1ly<\/span><\/h3>\n<ul>\n<li><a href=\"http:\/\/www.msds-europe.com\/cs\/odpovednosti-odpovedne-osoby\/\">Odpov\u011bdnosti odpov\u011bdn\u00e9 osoby<\/a><\/li>\n<\/ul>\n<p>&nbsp;<\/p>\n<h3><span style=\"color: #333333;\">Nab\u00edzen\u00e9 slu\u017eby<\/span><\/h3>\n<ul>\n<li><a href=\"http:\/\/www.msds-europe.com\/cs\/sluzba-oznameni-cpnp\/\">Na\u0161e slu\u017eba ozn\u00e1men\u00ed CPNP pro kosmetick\u00e9 v\u00fdrobky<\/a><\/li>\n<li><a href=\"http:\/\/www.msds-europe.com\/cs\/vytvareni-preklad-navrhu-etiket-kosmeticke\/\">Na\u0161e slu\u017eba vytvo\u0159en\u00ed a p\u0159ekladu n\u00e1vrhu etikety pro kosmetick\u00e9 v\u00fdrobky<\/a><\/li>\n<li><a href=\"http:\/\/www.msds-europe.com\/cs\/provest-posouzeni-bezpecnosti-pro-kosmetiku\/\">Na\u0161e slu\u017eba sestaven\u00ed bezpe\u010dnostn\u00edho posudku pro kosmetick\u00e9 v\u00fdrobky<\/a><\/li>\n<\/ul>\n<p>&nbsp;<\/p>\n","protected":false},"excerpt":{"rendered":"<p>Kr\u00e1tk\u00e9 shrnut\u00ed povinnost\u00ed distributor\u016f kosmetick\u00fdch v\u00fdrobk\u016f.<\/p>\n","protected":false},"author":2,"featured_media":0,"parent":0,"menu_order":0,"comment_status":"closed","ping_status":"closed","template":"","meta":{"_acf_changed":false,"footnotes":""},"tags":[243,294],"class_list":["post-5973","page","type-page","status-publish","hentry","tag-kosmetika-cs","tag-zakladna-vedomosti-pro-kosmeticke-vyrobky"],"acf":[],"yoast_head":"<!-- This site is optimized with the Yoast SEO plugin v27.2 - https:\/\/yoast.com\/product\/yoast-seo-wordpress\/ -->\n<title>Pr\u00e1vn\u00ed povinnosti distributor\u016f kosmetick\u00fdch v\u00fdrobk\u016f<\/title>\n<meta name=\"description\" content=\"Souhrn nezbytn\u00fdch dohod\u00e1ch a \u00fakolech, kter\u00e9 je nutno prov\u00e9st p\u0159ed um\u00edst\u011bn\u00edm kosmetick\u00fdch v\u00fdrobk\u016f na trh. Povinnosti distributor\u016f kosmetick\u00fdch v\u00fdrobk\u016f v kr\u00e1tce.\" \/>\n<meta name=\"robots\" content=\"index, follow, max-snippet:-1, max-image-preview:large, max-video-preview:-1\" \/>\n<link rel=\"canonical\" href=\"https:\/\/www.msds-europe.com\/cs\/povinnosti-distributoru-kosmetickych-vyrobku\/\" \/>\n<meta property=\"og:locale\" content=\"cs_CZ\" \/>\n<meta property=\"og:type\" content=\"article\" \/>\n<meta property=\"og:title\" content=\"Pr\u00e1vn\u00ed povinnosti distributor\u016f kosmetick\u00fdch v\u00fdrobk\u016f\" \/>\n<meta property=\"og:description\" content=\"Souhrn nezbytn\u00fdch dohod\u00e1ch a \u00fakolech, kter\u00e9 je nutno prov\u00e9st p\u0159ed um\u00edst\u011bn\u00edm kosmetick\u00fdch v\u00fdrobk\u016f na trh. Povinnosti distributor\u016f kosmetick\u00fdch v\u00fdrobk\u016f v kr\u00e1tce.\" \/>\n<meta property=\"og:url\" content=\"https:\/\/www.msds-europe.com\/cs\/povinnosti-distributoru-kosmetickych-vyrobku\/\" \/>\n<meta property=\"og:site_name\" content=\"MSDS Europe\" \/>\n<meta property=\"article:publisher\" content=\"https:\/\/www.facebook.com\/toxinfokft\/\" \/>\n<meta property=\"article:modified_time\" content=\"2018-07-04T05:39:14+00:00\" \/>\n<meta name=\"twitter:card\" content=\"summary_large_image\" \/>\n<meta name=\"twitter:site\" content=\"@ToxInfoKft\" \/>\n<meta name=\"twitter:label1\" content=\"Odhadovan\u00e1 doba \u010dten\u00ed\" \/>\n\t<meta name=\"twitter:data1\" content=\"5 minut\" \/>\n<script type=\"application\/ld+json\" class=\"yoast-schema-graph\">{\"@context\":\"https:\/\/schema.org\",\"@graph\":[{\"@type\":\"WebPage\",\"@id\":\"https:\/\/www.msds-europe.com\/cs\/povinnosti-distributoru-kosmetickych-vyrobku\/\",\"url\":\"https:\/\/www.msds-europe.com\/cs\/povinnosti-distributoru-kosmetickych-vyrobku\/\",\"name\":\"Pr\u00e1vn\u00ed povinnosti distributor\u016f kosmetick\u00fdch v\u00fdrobk\u016f\",\"isPartOf\":{\"@id\":\"https:\/\/www.msds-europe.com\/es\/#website\"},\"datePublished\":\"2018-06-25T14:45:29+00:00\",\"dateModified\":\"2018-07-04T05:39:14+00:00\",\"description\":\"Souhrn nezbytn\u00fdch dohod\u00e1ch a \u00fakolech, kter\u00e9 je nutno prov\u00e9st p\u0159ed um\u00edst\u011bn\u00edm kosmetick\u00fdch v\u00fdrobk\u016f na trh. Povinnosti distributor\u016f kosmetick\u00fdch v\u00fdrobk\u016f v kr\u00e1tce.\",\"breadcrumb\":{\"@id\":\"https:\/\/www.msds-europe.com\/cs\/povinnosti-distributoru-kosmetickych-vyrobku\/#breadcrumb\"},\"inLanguage\":\"cs\",\"potentialAction\":[{\"@type\":\"ReadAction\",\"target\":[\"https:\/\/www.msds-europe.com\/cs\/povinnosti-distributoru-kosmetickych-vyrobku\/\"]}]},{\"@type\":\"BreadcrumbList\",\"@id\":\"https:\/\/www.msds-europe.com\/cs\/povinnosti-distributoru-kosmetickych-vyrobku\/#breadcrumb\",\"itemListElement\":[{\"@type\":\"ListItem\",\"position\":1,\"name\":\"F\u0151oldal\",\"item\":\"https:\/\/www.msds-europe.com\/cs\/\"},{\"@type\":\"ListItem\",\"position\":2,\"name\":\"Povinnosti distributor\u016f kosmetick\u00fdch v\u00fdrobk\u016f\"}]},{\"@type\":\"WebSite\",\"@id\":\"https:\/\/www.msds-europe.com\/es\/#website\",\"url\":\"https:\/\/www.msds-europe.com\/es\/\",\"name\":\"MSDS Europe\",\"description\":\"\",\"publisher\":{\"@id\":\"https:\/\/www.msds-europe.com\/es\/#organization\"},\"potentialAction\":[{\"@type\":\"SearchAction\",\"target\":{\"@type\":\"EntryPoint\",\"urlTemplate\":\"https:\/\/www.msds-europe.com\/es\/?s={search_term_string}\"},\"query-input\":{\"@type\":\"PropertyValueSpecification\",\"valueRequired\":true,\"valueName\":\"search_term_string\"}}],\"inLanguage\":\"cs\"},{\"@type\":\"Organization\",\"@id\":\"https:\/\/www.msds-europe.com\/es\/#organization\",\"name\":\"MSDS-Europe International branch of ToxInfo\",\"url\":\"https:\/\/www.msds-europe.com\/es\/\",\"logo\":{\"@type\":\"ImageObject\",\"inLanguage\":\"cs\",\"@id\":\"https:\/\/www.msds-europe.com\/es\/#\/schema\/logo\/image\/\",\"url\":\"https:\/\/www.msds-europe.com\/wp-content\/uploads\/2021\/04\/msds-europe-logo.jpg\",\"contentUrl\":\"https:\/\/www.msds-europe.com\/wp-content\/uploads\/2021\/04\/msds-europe-logo.jpg\",\"width\":2296,\"height\":1067,\"caption\":\"MSDS-Europe International branch of ToxInfo\"},\"image\":{\"@id\":\"https:\/\/www.msds-europe.com\/es\/#\/schema\/logo\/image\/\"},\"sameAs\":[\"https:\/\/www.facebook.com\/toxinfokft\/\",\"https:\/\/x.com\/ToxInfoKft\"]}]}<\/script>\n<!-- \/ Yoast SEO plugin. -->","yoast_head_json":{"title":"Pr\u00e1vn\u00ed povinnosti distributor\u016f kosmetick\u00fdch v\u00fdrobk\u016f","description":"Souhrn nezbytn\u00fdch dohod\u00e1ch a \u00fakolech, kter\u00e9 je nutno prov\u00e9st p\u0159ed um\u00edst\u011bn\u00edm kosmetick\u00fdch v\u00fdrobk\u016f na trh. Povinnosti distributor\u016f kosmetick\u00fdch v\u00fdrobk\u016f v kr\u00e1tce.","robots":{"index":"index","follow":"follow","max-snippet":"max-snippet:-1","max-image-preview":"max-image-preview:large","max-video-preview":"max-video-preview:-1"},"canonical":"https:\/\/www.msds-europe.com\/cs\/povinnosti-distributoru-kosmetickych-vyrobku\/","og_locale":"cs_CZ","og_type":"article","og_title":"Pr\u00e1vn\u00ed povinnosti distributor\u016f kosmetick\u00fdch v\u00fdrobk\u016f","og_description":"Souhrn nezbytn\u00fdch dohod\u00e1ch a \u00fakolech, kter\u00e9 je nutno prov\u00e9st p\u0159ed um\u00edst\u011bn\u00edm kosmetick\u00fdch v\u00fdrobk\u016f na trh. Povinnosti distributor\u016f kosmetick\u00fdch v\u00fdrobk\u016f v kr\u00e1tce.","og_url":"https:\/\/www.msds-europe.com\/cs\/povinnosti-distributoru-kosmetickych-vyrobku\/","og_site_name":"MSDS Europe","article_publisher":"https:\/\/www.facebook.com\/toxinfokft\/","article_modified_time":"2018-07-04T05:39:14+00:00","twitter_card":"summary_large_image","twitter_site":"@ToxInfoKft","twitter_misc":{"Odhadovan\u00e1 doba \u010dten\u00ed":"5 minut"},"schema":{"@context":"https:\/\/schema.org","@graph":[{"@type":"WebPage","@id":"https:\/\/www.msds-europe.com\/cs\/povinnosti-distributoru-kosmetickych-vyrobku\/","url":"https:\/\/www.msds-europe.com\/cs\/povinnosti-distributoru-kosmetickych-vyrobku\/","name":"Pr\u00e1vn\u00ed povinnosti distributor\u016f kosmetick\u00fdch v\u00fdrobk\u016f","isPartOf":{"@id":"https:\/\/www.msds-europe.com\/es\/#website"},"datePublished":"2018-06-25T14:45:29+00:00","dateModified":"2018-07-04T05:39:14+00:00","description":"Souhrn nezbytn\u00fdch dohod\u00e1ch a \u00fakolech, kter\u00e9 je nutno prov\u00e9st p\u0159ed um\u00edst\u011bn\u00edm kosmetick\u00fdch v\u00fdrobk\u016f na trh. Povinnosti distributor\u016f kosmetick\u00fdch v\u00fdrobk\u016f v kr\u00e1tce.","breadcrumb":{"@id":"https:\/\/www.msds-europe.com\/cs\/povinnosti-distributoru-kosmetickych-vyrobku\/#breadcrumb"},"inLanguage":"cs","potentialAction":[{"@type":"ReadAction","target":["https:\/\/www.msds-europe.com\/cs\/povinnosti-distributoru-kosmetickych-vyrobku\/"]}]},{"@type":"BreadcrumbList","@id":"https:\/\/www.msds-europe.com\/cs\/povinnosti-distributoru-kosmetickych-vyrobku\/#breadcrumb","itemListElement":[{"@type":"ListItem","position":1,"name":"F\u0151oldal","item":"https:\/\/www.msds-europe.com\/cs\/"},{"@type":"ListItem","position":2,"name":"Povinnosti distributor\u016f kosmetick\u00fdch v\u00fdrobk\u016f"}]},{"@type":"WebSite","@id":"https:\/\/www.msds-europe.com\/es\/#website","url":"https:\/\/www.msds-europe.com\/es\/","name":"MSDS Europe","description":"","publisher":{"@id":"https:\/\/www.msds-europe.com\/es\/#organization"},"potentialAction":[{"@type":"SearchAction","target":{"@type":"EntryPoint","urlTemplate":"https:\/\/www.msds-europe.com\/es\/?s={search_term_string}"},"query-input":{"@type":"PropertyValueSpecification","valueRequired":true,"valueName":"search_term_string"}}],"inLanguage":"cs"},{"@type":"Organization","@id":"https:\/\/www.msds-europe.com\/es\/#organization","name":"MSDS-Europe International branch of ToxInfo","url":"https:\/\/www.msds-europe.com\/es\/","logo":{"@type":"ImageObject","inLanguage":"cs","@id":"https:\/\/www.msds-europe.com\/es\/#\/schema\/logo\/image\/","url":"https:\/\/www.msds-europe.com\/wp-content\/uploads\/2021\/04\/msds-europe-logo.jpg","contentUrl":"https:\/\/www.msds-europe.com\/wp-content\/uploads\/2021\/04\/msds-europe-logo.jpg","width":2296,"height":1067,"caption":"MSDS-Europe International branch of ToxInfo"},"image":{"@id":"https:\/\/www.msds-europe.com\/es\/#\/schema\/logo\/image\/"},"sameAs":["https:\/\/www.facebook.com\/toxinfokft\/","https:\/\/x.com\/ToxInfoKft"]}]}},"_links":{"self":[{"href":"https:\/\/www.msds-europe.com\/cs\/wp-json\/wp\/v2\/pages\/5973","targetHints":{"allow":["GET"]}}],"collection":[{"href":"https:\/\/www.msds-europe.com\/cs\/wp-json\/wp\/v2\/pages"}],"about":[{"href":"https:\/\/www.msds-europe.com\/cs\/wp-json\/wp\/v2\/types\/page"}],"author":[{"embeddable":true,"href":"https:\/\/www.msds-europe.com\/cs\/wp-json\/wp\/v2\/users\/2"}],"replies":[{"embeddable":true,"href":"https:\/\/www.msds-europe.com\/cs\/wp-json\/wp\/v2\/comments?post=5973"}],"version-history":[{"count":5,"href":"https:\/\/www.msds-europe.com\/cs\/wp-json\/wp\/v2\/pages\/5973\/revisions"}],"predecessor-version":[{"id":7295,"href":"https:\/\/www.msds-europe.com\/cs\/wp-json\/wp\/v2\/pages\/5973\/revisions\/7295"}],"wp:attachment":[{"href":"https:\/\/www.msds-europe.com\/cs\/wp-json\/wp\/v2\/media?parent=5973"}],"wp:term":[{"taxonomy":"post_tag","embeddable":true,"href":"https:\/\/www.msds-europe.com\/cs\/wp-json\/wp\/v2\/tags?post=5973"}],"curies":[{"name":"wp","href":"https:\/\/api.w.org\/{rel}","templated":true}]}}