{"id":5944,"date":"2018-06-25T12:50:35","date_gmt":"2018-06-25T12:50:35","guid":{"rendered":"http:\/\/www.msds-europe.com\/odpovednosti-odpovedne-osoby\/"},"modified":"2018-07-04T05:39:16","modified_gmt":"2018-07-04T05:39:16","slug":"odpovednosti-odpovedne-osoby","status":"publish","type":"page","link":"https:\/\/www.msds-europe.com\/cs\/odpovednosti-odpovedne-osoby\/","title":{"rendered":"Odpov\u011bdnosti odpov\u011bdn\u00e9 osoby"},"content":{"rendered":"<p style=\"text-align: right;\"><em><a href=\"http:\/\/www.msds-europe.com\/cs\/kosmeticke-vyrobky\/\">Z\u00e1kladna v\u011bdomost\u00ed pro kosmetick\u00e9 v\u00fdrobky<\/a> \u2013\u00a0Odpov\u011bdnosti odpov\u011bdn\u00e9 osoby<\/em><\/p>\n<p>&nbsp;<\/p>\n<p style=\"text-align: justify;\">Podle <a href=\"http:\/\/www.msds-europe.com\/cs\/regulacni-zmeny-v-oblasti-chemicke-bezpecnosti\/\">Sm\u011brnice 1223\/2009\/ES<\/a> rozli\u0161ujeme mezi dv\u011bma hlavn\u00edmi \u00fa\u010dastn\u00edky, kte\u0159\u00ed maj\u00ed r\u016fzn\u00e9 povinnosti a odpov\u011bdnosti, proto je nejprve mimo\u0159\u00e1dn\u011b d\u016fle\u017eit\u00e9 stanovit kategorii, do n\u00ed\u017e va\u0161e spole\u010dnost pat\u0159\u00ed.<\/p>\n<p>&nbsp;<\/p>\n<h2 style=\"text-align: justify;\">Odpov\u011bdn\u00e1 osoba<\/h2>\n<p style=\"text-align: justify;\">Pro kosmetick\u00e9 v\u00fdrobky vyroben\u00e9 ve Spole\u010denstv\u00ed, kter\u00e9 nejsou n\u00e1sledn\u011b vyvezeny a dovezeny zp\u011bt do Spole\u010denstv\u00ed, bude odpov\u011bdnou osobou v\u00fdrobce z\u0159\u00edzen\u00fd ve Spole\u010denstv\u00ed.<\/p>\n<p style=\"text-align: justify;\">V p\u0159\u00edpad\u011b dov\u00e1\u017een\u00e9ho kosmetick\u00e9ho v\u00fdrobku bude ka\u017ed\u00fd dovozce rovn\u011b\u017e odpov\u011bdnou osobou pro p\u0159\u00edslu\u0161n\u00fd kosmetick\u00fd v\u00fdrobek, kter\u00fd uvede na trh.\u00a0 Dovozce m\u016f\u017ee jmenovat (na z\u00e1klad\u011b p\u00edsemn\u00e9ho pov\u011b\u0159en\u00ed) osobu z\u0159\u00edzenou v r\u00e1mci Spole\u010denstv\u00ed jako odpov\u011bdnou osobu, kter\u00e1 jmenov\u00e1n\u00ed p\u0159ijme p\u00edsemn\u011b.<\/p>\n<p style=\"text-align: justify;\">Distributor je odpov\u011bdnou osobou v\u00a0p\u0159\u00edpad\u011b, \u017ee uv\u00e1d\u00ed kosmetick\u00fd p\u0159\u00edpravek na trh pod sv\u00fdm jm\u00e9nem nebo ochrannou zn\u00e1mkou nebo \u017ee uprav\u00ed p\u0159\u00edpravek na trh ji\u017e uveden\u00fd tak, \u017ee to m\u016f\u017ee ovlivnit jeho soulad s\u00a0platn\u00fdmi po\u017eadavky.<\/p>\n<p>&nbsp;<\/p>\n<h2 style=\"text-align: justify;\">Odpov\u011bdn\u00e1 osoba m\u016f\u017ee b\u00fdt<\/h2>\n<ul>\n<li style=\"text-align: justify;\">v\u00fdrobce (pokud je z\u0159\u00edzen v r\u00e1mci Evropsk\u00e9 unie)<\/li>\n<li style=\"text-align: justify;\">dovozce (pokud je v\u00fdrobce spole\u010dnost z\u0159\u00edzen\u00e1 mimo Evropskou unii)<\/li>\n<li style=\"text-align: justify;\">distributor (pokud dod\u00e1v\u00e1 v\u00fdrobky na trh pod svou vlastn\u00ed zna\u010dkou)<\/li>\n<li style=\"text-align: justify;\">Jmenovan\u00e1 osoba nebo spole\u010dnost (kterou jmenoval v\u00fdrobce nebo dovozce a kter\u00e1 jmenov\u00e1n\u00ed p\u00edsemn\u011b p\u0159ijme)<\/li>\n<\/ul>\n<p style=\"text-align: justify;\">Odpov\u011bdn\u00e1 osoba je povinna zajistit, aby kosmetick\u00fd v\u00fdrobek spl\u0148oval po\u017eadavky Sm\u011brnice 1223\/2009\/ES.<\/p>\n<p>&nbsp;<\/p>\n<h2 style=\"text-align: justify;\">Podle p\u0159edpis\u016f je kosmetick\u00fd v\u00fdrobek mo\u017eno distribuovat pouze v p\u0159\u00edpad\u011b, \u017ee je na n\u011bj vyd\u00e1n<\/h2>\n<ul>\n<li style=\"text-align: justify;\"><a href=\"http:\/\/www.msds-europe.com\/cs\/provest-posouzeni-bezpecnosti-pro-kosmetiku\/\">Posouzen\u00ed bezpe\u010dnosti<\/a> a Zpr\u00e1va o bezpe\u010dnosti<\/li>\n<li style=\"text-align: justify;\">Informa\u010dn\u00ed dokumentace k\u00a0p\u0159\u00edpravku (PIF)<\/li>\n<li style=\"text-align: justify;\"><a href=\"http:\/\/www.msds-europe.com\/cs\/vytvareni-preklad-navrhu-etiket-kosmeticke\/\">vhodn\u00e9 zna\u010den\u00ed<\/a><\/li>\n<li style=\"text-align: justify;\">a v\u00fdroba se prov\u00e1d\u00ed v souladu s na\u0159\u00edzen\u00edm ISO 22716, vhodn\u00e9 a\u017e osv\u011bd\u010dn\u00e9 v\u00fdrobn\u00ed postupy (GMP)<\/li>\n<\/ul>\n<p>&nbsp;<\/p>\n<h2 style=\"text-align: justify;\">Sestaven\u00ed Posouzen\u00ed bezpe\u010dnosti a Zpr\u00e1va o bezpe\u010dnosti<\/h2>\n<p style=\"text-align: justify;\">Hodnocen\u00ed bezpe\u010dnosti a na n\u011bm zalo\u017een\u00e9 hl\u00e1\u0161en\u00ed m\u00e1 prok\u00e1zat, \u017ee kosmetick\u00e9 v\u00fdrobky jsou bezpe\u010dn\u00e9 pro zdrav\u00ed \u010dlov\u011bka, pokud budou aplikov\u00e1ny za norm\u00e1ln\u00edch nebo p\u0159im\u011b\u0159en\u00fdch a p\u0159edv\u00eddateln\u00fdch podm\u00ednek.<\/p>\n<p style=\"text-align: justify;\">Aby bylo prok\u00e1z\u00e1no, \u017ee kosmetick\u00fd v\u00fdrobek spl\u0148uje pr\u00e1vn\u00ed p\u0159edpisy, odpov\u011bdn\u00e1 osoba mus\u00ed p\u0159ed uveden\u00edm kosmetick\u00e9ho v\u00fdrobku na trh zajistit, \u017ee kosmetick\u00fd v\u00fdrobek podstoup\u00ed posouzen\u00ed bezpe\u010dnosti na z\u00e1klad\u011b p\u0159\u00edslu\u0161n\u00fdch informac\u00ed a \u017ee bude vypracov\u00e1na zpr\u00e1va o bezpe\u010dnosti kosmetick\u00e9ho v\u00fdrobku,\u00a0 a \u017ee bude aktualizov\u00e1no, pokud budou po zah\u00e1jen\u00ed distribuce obdr\u017eeny jak\u00e9koliv dal\u0161\u00ed relevantn\u00ed informace.<\/p>\n<p style=\"text-align: justify;\">Hodnocen\u00ed bezpe\u010dnosti kosmetick\u00e9ho v\u00fdrobku je podstatnou \u010d\u00e1st\u00ed dokumentace s informa\u010dn\u00ed dokumentace k\u00a0p\u0159\u00edpravku (PIF), kter\u00e1 je vy\u017eadovan\u00e1 pro distribuci kosmetick\u00e9ho v\u00fdrobku.<\/p>\n<p>&nbsp;<\/p>\n<h2 style=\"text-align: justify;\">Sestaven\u00ed informa\u010dn\u00ed dokumentace k\u00a0p\u0159\u00edpravku (PIF)<\/h2>\n<p style=\"text-align: justify;\">Sestaven\u00ed informacemi dokumentace k\u00a0p\u0159\u00edpravku je krit\u00e9riem pro distribuci a hl\u00e1\u0161en\u00ed EU v souladu se Sm\u011brnic\u00ed 1223\/2009\/ES o kosmetick\u00fdch v\u00fdrobc\u00edch (kosmetice).<\/p>\n<p style=\"text-align: justify;\"><strong>Informa\u010dn\u00ed dokumentace k\u00a0p\u0159\u00edpravku (PIF) obsahuje n\u00e1sleduj\u00edc\u00ed informace:<\/strong><\/p>\n<ul>\n<li style=\"text-align: justify;\">popis kosmetick\u00e9ho v\u00fdrobku<\/li>\n<li style=\"text-align: justify;\">zpr\u00e1va o\u00a0bezpe\u010dnosti<\/li>\n<li style=\"text-align: justify;\">popis v\u00fdrobn\u00ed metody<\/li>\n<li style=\"text-align: justify;\">prohl\u00e1\u0161en\u00ed o\u00a0dodr\u017een\u00ed spr\u00e1vn\u00e9 v\u00fdrobn\u00ed praxe (GMP)<\/li>\n<li style=\"text-align: justify;\">d\u016fkaz o\u00a0ud\u00e1van\u00e9m \u00fa\u010dinku kosmetick\u00e9ho p\u0159\u00edpravku,pokud to od\u016fvod\u0148uje povaha nebo \u00fa\u010dinek kosmetick\u00e9ho p\u0159\u00edpravku<\/li>\n<li style=\"text-align: justify;\">\u00fadaje o\u00a0 jak\u00fdchkoli zkou\u0161k\u00e1ch na zv\u00ed\u0159atec v\u00a0souvislosti s\u00a0v\u00fdvojem nebo posouzen\u00edm bezpe\u010dnosti kosmetick\u00e9ho p\u0159\u00edpravku nebo jeho p\u0159\u00edsad<\/li>\n<\/ul>\n<p style=\"text-align: justify;\">Odpov\u011bdn\u00e1 osoba zajist\u00ed, aby informa\u010dn\u00ed dokumentace k\u00a0p\u0159\u00edpravku byla pro p\u0159\u00edslu\u0161n\u00fd org\u00e1n \u010dlensk\u00e9ho st\u00e1tu, ve kter\u00e9m se tato dokumentace nach\u00e1z\u00ed, snadno p\u0159\u00edstupn\u00e1 v\u00a0elektronick\u00e9m nebo jin\u00e9m form\u00e1tu na jej\u00ed adrese uveden\u00e9 na etiket\u011b.\u00a0 Informace obsa\u017een\u00e9 v\u00a0informa\u010dn\u00ed dokumentaci k\u00a0p\u0159\u00edpravku mus\u00ed b\u00fdt dostupn\u00e9 v\u00a0jazyce snadno srozumiteln\u00e9m p\u0159\u00edslu\u0161n\u00fdm org\u00e1n\u016fm uveden\u00e9ho \u010dlensk\u00e9ho st\u00e1tu.<\/p>\n<p style=\"text-align: justify;\">Informa\u010dn\u00ed dokumentace se uchov\u00e1v\u00e1 po dobu deseti let od uveden\u00ed posledn\u00ed \u0161ar\u017ee kosmetick\u00e9ho p\u0159\u00edpravku na trh.<\/p>\n<p>&nbsp;<\/p>\n<h2 style=\"text-align: justify;\">Prvky ozna\u010den\u00ed<\/h2>\n<p style=\"text-align: justify;\">Sm\u00ed b\u00fdt kosmetick\u00fd p\u0159\u00edpravek dod\u00e1v\u00e1n na trh, pouze pokud jsou na obalu, do kter\u00e9ho je p\u0159\u00edpravek napln\u011bn, a\u00a0na jeho vn\u011bj\u0161\u00edm obalu nesmazateln\u011b, \u010diteln\u011b a\u00a0viditeln\u011b uvedeny tyto \u00fadaje:<\/p>\n<p style=\"text-align: justify;\">1. Jm\u00e9no nebo zapsan\u00fd n\u00e1zev a\u00a0adresa odpov\u011bdn\u00e9 osoby. V\u00a0 p\u0159\u00edpad\u011b dov\u00e1\u017een\u00fdch kosmetick\u00fdch p\u0159\u00edpravk\u016f se uv\u00e1d\u00ed zem\u011b p\u016fvodu.<\/p>\n<p style=\"text-align: justify;\">2. Jmenovit\u00fd obsah v\u00a0dob\u011b balen\u00ed vyj\u00e1d\u0159en\u00fd v\u00a0hmotnosti nebo objemu<\/p>\n<p style=\"text-align: justify;\">(S v\u00fdjimkou: balen\u00ed obsahuj\u00edc\u00edch m\u00e9n\u011b ne\u017e p\u011bt gram\u016f nebo p\u011bt mililitr\u016f, bezplatn\u00fdch vzork\u016f a balen\u00ed pro jedno pou\u017eit\u00ed; pro spot\u0159ebitelsk\u00e1 balen\u00ed prod\u00e1van\u00e1 obvykle jako skupina polo\u017eek, pro n\u011b\u017e nejsou podrobn\u00e9 informace o hmotnosti nebo objemu v\u00fdznamn\u00e9.)<\/p>\n<p style=\"text-align: justify;\">3. Datum minim\u00e1ln\u00ed trvanlivosti<\/p>\n<p style=\"text-align: justify;\">a, Uveden\u00ed data minim\u00e1ln\u00ed trvanlivosti pro kosmetick\u00e9 v\u00fdrobky s minim\u00e1ln\u00ed trvanlivost\u00ed krat\u0161\u00ed ne\u017e 30 m\u011bs\u00edc\u016f.<\/p>\n<p style=\"text-align: justify;\">Vhodn\u00fd form\u00e1t: za symbolem data minim\u00e1ln\u00ed trvanlivosti nebo za slovy \u201espot\u0159ebovat do konce\u201c je nutno jasn\u011b uv\u00e9st datum minim\u00e1ln\u00ed spot\u0159eby, kter\u00e9 bude obsahovat m\u011bs\u00edc a rok nebo den, m\u011bs\u00edc a rok, v uveden\u00e9m po\u0159ad\u00ed.<\/p>\n<p style=\"text-align: justify;\">b, v p\u0159\u00edpad\u011b kosmetick\u00fdch v\u00fdrobk\u016f s trvanlivost\u00ed del\u0161\u00ed ne\u017e 30 m\u011bs\u00edc\u016f, se uvede \u00fadaj o\u00a0dob\u011b, po kterou je p\u0159\u00edpravek po otev\u0159en\u00ed bezpe\u010dn\u00fd a\u00a0lze jej pou\u017e\u00edvat, ani\u017e by do\u0161lo k\u00a0\u00fajm\u011b na zdrav\u00ed spot\u0159ebitele.\u00a0\u00a0 Za symbolem minim\u00e1ln\u00ed trvanlivosti je uvedena doba v m\u011bs\u00edc\u00edch a\/nebo letech, krom\u011b p\u0159\u00edpad\u016f, kdy pojem trvanlivosti po otev\u0159en\u00ed nem\u00e1 v\u00fdznam:\u00a0 tj. v\u00a0 p\u0159\u00edpad\u011b p\u0159\u00edpravk\u016f k jednor\u00e1zov\u00e9mu pou\u017eit\u00ed, p\u0159\u00edpravk\u016f, u nich\u017e nehroz\u00ed zka\u017een\u00ed, a p\u0159\u00edpravk\u016f, kter\u00e9 se neotev\u00edraj\u00ed.<\/p>\n<p style=\"text-align: justify;\">4. Zvl\u00e1\u0161tn\u00ed upozorn\u011bn\u00ed t\u00fdkaj\u00edc\u00ed se pou\u017eit\u00ed.<\/p>\n<p style=\"text-align: justify;\">5. \u010c\u00edslo \u0161ar\u017ee nebo odkaz umo\u017e\u0148uj\u00edc\u00ed identifikaci kosmetick\u00e9ho p\u0159\u00edpravku.<\/p>\n<p style=\"text-align: justify;\">6. funkce kosmetick\u00e9ho p\u0159\u00edpravku, pokud nen\u00ed z\u0159ejm\u00e1 z jeho obchodn\u00ed \u00fapravy<\/p>\n<p style=\"text-align: justify;\">7. Seznam slo\u017eek v souladu s INCI (mezin\u00e1rodn\u00ed zna\u010den\u00ed kosmetick\u00fdch slo\u017eek). Tato informace m\u016f\u017ee b\u00fdt uvedena pouze na vn\u011bj\u0161\u00edm obalu (p\u0159\u00edslu\u0161\u00ed-li).<\/p>\n<p style=\"text-align: justify;\">Informace na etiket\u011b mus\u00ed b\u00fdt uvedeny v jazyce \u010dlensk\u00e9ho st\u00e1tu, kde je v\u00fdrobek distribuov\u00e1n pro koncov\u00e9ho u\u017eivatele (v\u00fdjimka: \u201eSlo\u017eky\u201c).<\/p>\n<p style=\"text-align: justify;\">Pokud nen\u00ed mo\u017en\u00e9 uv\u00e9st stanoven\u00e9 informace na etiket\u011b z praktick\u00fdch d\u016fvod\u016f, informace mus\u00ed b\u00fdt uvedeny v let\u00e1ku, na etiket\u011b, p\u00e1sce nebo kart\u011b p\u0159ilo\u017een\u00e9 nebo p\u0159ipevn\u011bn\u00e9 k v\u00fdrobku.<\/p>\n<p>&nbsp;<\/p>\n<h2 style=\"text-align: justify;\">Ozn\u00e1men\u00ed kosmetick\u00e9ho v\u00fdrobku<\/h2>\n<p style=\"text-align: justify;\">P\u0159ed zah\u00e1jen\u00edm distribuce je odpov\u011bdn\u00e1 osoba povinna elektronicky ozn\u00e1mit n\u00e1sleduj\u00edc\u00ed informace o kosmetick\u00e9m v\u00fdrobku prost\u0159ednictv\u00edm CPNP:<\/p>\n<ul>\n<li style=\"text-align: justify;\">kategorii kosmetick\u00e9ho p\u0159\u00edpravku a jeho n\u00e1zev nebo n\u00e1zvyumo\u017e\u0148uj\u00edc\u00ed jeho konkr\u00e9tn\u00ed identifikaci,<\/li>\n<li style=\"text-align: justify;\">jm\u00e9no a adresu odpov\u011bdn\u00e9 osoby, u kter\u00e9 je snadno p\u0159\u00edstupn\u00e1 informa\u010dn\u00ed dokumentace k p\u0159\u00edpravku,<\/li>\n<li style=\"text-align: justify;\">zem\u011b p\u016fvodu,<\/li>\n<li style=\"text-align: justify;\">\u010dlensk\u00fd st\u00e1t, ve kter\u00e9m m\u00e1 b\u00fdt kosmetick\u00fd p\u0159\u00edpravek uvedenna trh,<\/li>\n<li style=\"text-align: justify;\">kontaktn\u00ed \u00fadaje fyzick\u00e9 osoby, na kterou je mo\u017en\u00e9 se v p\u0159\u00edpad\u011b pot\u0159eby obr\u00e1tit,<\/li>\n<li style=\"text-align: justify;\">p\u0159\u00edtomnost l\u00e1tek ve form\u011b nanomateri\u00e1l\u016f a jejich identifikaci v\u010detn\u011b chemick\u00e9ho n\u00e1zvu a rozumn\u011b p\u0159edv\u00eddateln\u00e9 podm\u00ednky expozice,<\/li>\n<li style=\"text-align: justify;\">n\u00e1zev a \u010d\u00edslo slu\u017eby chemick\u00fdch abstrakt (Chemicals Abstracts Service, CAS) nebo \u010d\u00edslo ES l\u00e1tek klasifikovan\u00fdch jako karcinogenn\u00ed, mutagenn\u00ed nebo toxick\u00e9 pro reprodukci (CMR),<\/li>\n<li style=\"text-align: justify;\">formulace r\u00e1mce<\/li>\n<li style=\"text-align: justify;\">p\u016fvodn\u00ed etiketa<\/li>\n<li style=\"text-align: justify;\">fotografie obalu<\/li>\n<\/ul>\n<p style=\"text-align: justify;\">Pokud dojde ke zm\u011bn\u011b jak\u00e9koliv informace, odpov\u011bdn\u00e1 osoba neprodlen\u011b zajist\u00ed aktualizaci prost\u0159ednictv\u00edm CPNP.<\/p>\n<p>&nbsp;<\/p>\n<h3 style=\"text-align: justify;\"><span style=\"color: #333333;\">Souvisej\u00edc\u00ed odborn\u00e9 materi\u00e1ly<\/span><\/h3>\n<ul>\n<li style=\"text-align: justify;\"><a href=\"http:\/\/www.msds-europe.com\/cs\/povinnosti-distributoru-kosmetickych-vyrobku\/\">Povinnosti distributor\u016f kosmetick\u00fdch v\u00fdrobk\u016f<\/a><\/li>\n<\/ul>\n<p>&nbsp;<\/p>\n<h3 style=\"text-align: justify;\"><span style=\"color: #333333;\">Nab\u00edzen\u00e9 slu\u017eby<\/span><\/h3>\n<ul>\n<li><a href=\"http:\/\/www.msds-europe.com\/cs\/sluzba-oznameni-cpnp\/\">Na\u0161e slu\u017eba ozn\u00e1men\u00ed CPNP pro kosmetick\u00e9 v\u00fdrobky<\/a><\/li>\n<li><a href=\"http:\/\/www.msds-europe.com\/cs\/vytvareni-preklad-navrhu-etiket-kosmeticke\/\">Na\u0161e slu\u017eba vytvo\u0159en\u00ed a p\u0159ekladu n\u00e1vrhu etikety pro kosmetick\u00e9 v\u00fdrobky<\/a><\/li>\n<li><a href=\"http:\/\/www.msds-europe.com\/cs\/provest-posouzeni-bezpecnosti-pro-kosmetiku\/\">Na\u0161e slu\u017eba sestaven\u00ed bezpe\u010dnostn\u00edho posudku pro kosmetick\u00e9 v\u00fdrobky<\/a><\/li>\n<\/ul>\n<p>&nbsp;<\/p>\n","protected":false},"excerpt":{"rendered":"<p>\u00dakoly definovan\u00e9 p\u0159edpisy v oblasti kosmetick\u00fdch v\u00fdrobk\u016f pro \u201eodpov\u011bdnou osobu\u201c.<\/p>\n","protected":false},"author":2,"featured_media":0,"parent":0,"menu_order":0,"comment_status":"closed","ping_status":"closed","template":"","meta":{"_acf_changed":false,"footnotes":""},"tags":[243,294],"class_list":["post-5944","page","type-page","status-publish","hentry","tag-kosmetika-cs","tag-zakladna-vedomosti-pro-kosmeticke-vyrobky"],"acf":[],"yoast_head":"<!-- This site is optimized with the Yoast SEO plugin v27.2 - https:\/\/yoast.com\/product\/yoast-seo-wordpress\/ -->\n<title>Odpov\u011bdnosti odpov\u011bdn\u00e9 osoby s ohledem na kosmetiku<\/title>\n<meta name=\"description\" content=\"\u00dakoly odpov\u011bdn\u00e9 osoby spojen\u00e9 s uv\u00e1d\u011bn\u00edm kosmetick\u00fdch v\u00fdrobk\u016f na trh. \u00dakoly a po\u017eadavky souvisej\u00edc\u00ed s v\u00fdrobou a dovozem kosmetiky.\" \/>\n<meta name=\"robots\" content=\"index, follow, max-snippet:-1, max-image-preview:large, max-video-preview:-1\" \/>\n<link rel=\"canonical\" href=\"https:\/\/www.msds-europe.com\/cs\/odpovednosti-odpovedne-osoby\/\" \/>\n<meta property=\"og:locale\" content=\"cs_CZ\" \/>\n<meta property=\"og:type\" content=\"article\" \/>\n<meta property=\"og:title\" content=\"Odpov\u011bdnosti odpov\u011bdn\u00e9 osoby s ohledem na kosmetiku\" \/>\n<meta property=\"og:description\" content=\"\u00dakoly odpov\u011bdn\u00e9 osoby spojen\u00e9 s uv\u00e1d\u011bn\u00edm kosmetick\u00fdch v\u00fdrobk\u016f na trh. \u00dakoly a po\u017eadavky souvisej\u00edc\u00ed s v\u00fdrobou a dovozem kosmetiky.\" \/>\n<meta property=\"og:url\" content=\"https:\/\/www.msds-europe.com\/cs\/odpovednosti-odpovedne-osoby\/\" \/>\n<meta property=\"og:site_name\" content=\"MSDS Europe\" \/>\n<meta property=\"article:publisher\" content=\"https:\/\/www.facebook.com\/toxinfokft\/\" \/>\n<meta property=\"article:modified_time\" content=\"2018-07-04T05:39:16+00:00\" \/>\n<meta name=\"twitter:card\" content=\"summary_large_image\" \/>\n<meta name=\"twitter:site\" content=\"@ToxInfoKft\" \/>\n<meta name=\"twitter:label1\" content=\"Odhadovan\u00e1 doba \u010dten\u00ed\" \/>\n\t<meta name=\"twitter:data1\" content=\"7 minut\" \/>\n<script type=\"application\/ld+json\" class=\"yoast-schema-graph\">{\"@context\":\"https:\/\/schema.org\",\"@graph\":[{\"@type\":\"WebPage\",\"@id\":\"https:\/\/www.msds-europe.com\/cs\/odpovednosti-odpovedne-osoby\/\",\"url\":\"https:\/\/www.msds-europe.com\/cs\/odpovednosti-odpovedne-osoby\/\",\"name\":\"Odpov\u011bdnosti odpov\u011bdn\u00e9 osoby s ohledem na kosmetiku\",\"isPartOf\":{\"@id\":\"https:\/\/www.msds-europe.com\/es\/#website\"},\"datePublished\":\"2018-06-25T12:50:35+00:00\",\"dateModified\":\"2018-07-04T05:39:16+00:00\",\"description\":\"\u00dakoly odpov\u011bdn\u00e9 osoby spojen\u00e9 s uv\u00e1d\u011bn\u00edm kosmetick\u00fdch v\u00fdrobk\u016f na trh. \u00dakoly a po\u017eadavky souvisej\u00edc\u00ed s v\u00fdrobou a dovozem kosmetiky.\",\"breadcrumb\":{\"@id\":\"https:\/\/www.msds-europe.com\/cs\/odpovednosti-odpovedne-osoby\/#breadcrumb\"},\"inLanguage\":\"cs\",\"potentialAction\":[{\"@type\":\"ReadAction\",\"target\":[\"https:\/\/www.msds-europe.com\/cs\/odpovednosti-odpovedne-osoby\/\"]}]},{\"@type\":\"BreadcrumbList\",\"@id\":\"https:\/\/www.msds-europe.com\/cs\/odpovednosti-odpovedne-osoby\/#breadcrumb\",\"itemListElement\":[{\"@type\":\"ListItem\",\"position\":1,\"name\":\"F\u0151oldal\",\"item\":\"https:\/\/www.msds-europe.com\/cs\/\"},{\"@type\":\"ListItem\",\"position\":2,\"name\":\"Odpov\u011bdnosti odpov\u011bdn\u00e9 osoby\"}]},{\"@type\":\"WebSite\",\"@id\":\"https:\/\/www.msds-europe.com\/es\/#website\",\"url\":\"https:\/\/www.msds-europe.com\/es\/\",\"name\":\"MSDS Europe\",\"description\":\"\",\"publisher\":{\"@id\":\"https:\/\/www.msds-europe.com\/es\/#organization\"},\"potentialAction\":[{\"@type\":\"SearchAction\",\"target\":{\"@type\":\"EntryPoint\",\"urlTemplate\":\"https:\/\/www.msds-europe.com\/es\/?s={search_term_string}\"},\"query-input\":{\"@type\":\"PropertyValueSpecification\",\"valueRequired\":true,\"valueName\":\"search_term_string\"}}],\"inLanguage\":\"cs\"},{\"@type\":\"Organization\",\"@id\":\"https:\/\/www.msds-europe.com\/es\/#organization\",\"name\":\"MSDS-Europe International branch of ToxInfo\",\"url\":\"https:\/\/www.msds-europe.com\/es\/\",\"logo\":{\"@type\":\"ImageObject\",\"inLanguage\":\"cs\",\"@id\":\"https:\/\/www.msds-europe.com\/es\/#\/schema\/logo\/image\/\",\"url\":\"https:\/\/www.msds-europe.com\/wp-content\/uploads\/2021\/04\/msds-europe-logo.jpg\",\"contentUrl\":\"https:\/\/www.msds-europe.com\/wp-content\/uploads\/2021\/04\/msds-europe-logo.jpg\",\"width\":2296,\"height\":1067,\"caption\":\"MSDS-Europe International branch of ToxInfo\"},\"image\":{\"@id\":\"https:\/\/www.msds-europe.com\/es\/#\/schema\/logo\/image\/\"},\"sameAs\":[\"https:\/\/www.facebook.com\/toxinfokft\/\",\"https:\/\/x.com\/ToxInfoKft\"]}]}<\/script>\n<!-- \/ Yoast SEO plugin. -->","yoast_head_json":{"title":"Odpov\u011bdnosti odpov\u011bdn\u00e9 osoby s ohledem na kosmetiku","description":"\u00dakoly odpov\u011bdn\u00e9 osoby spojen\u00e9 s uv\u00e1d\u011bn\u00edm kosmetick\u00fdch v\u00fdrobk\u016f na trh. \u00dakoly a po\u017eadavky souvisej\u00edc\u00ed s v\u00fdrobou a dovozem kosmetiky.","robots":{"index":"index","follow":"follow","max-snippet":"max-snippet:-1","max-image-preview":"max-image-preview:large","max-video-preview":"max-video-preview:-1"},"canonical":"https:\/\/www.msds-europe.com\/cs\/odpovednosti-odpovedne-osoby\/","og_locale":"cs_CZ","og_type":"article","og_title":"Odpov\u011bdnosti odpov\u011bdn\u00e9 osoby s ohledem na kosmetiku","og_description":"\u00dakoly odpov\u011bdn\u00e9 osoby spojen\u00e9 s uv\u00e1d\u011bn\u00edm kosmetick\u00fdch v\u00fdrobk\u016f na trh. \u00dakoly a po\u017eadavky souvisej\u00edc\u00ed s v\u00fdrobou a dovozem kosmetiky.","og_url":"https:\/\/www.msds-europe.com\/cs\/odpovednosti-odpovedne-osoby\/","og_site_name":"MSDS Europe","article_publisher":"https:\/\/www.facebook.com\/toxinfokft\/","article_modified_time":"2018-07-04T05:39:16+00:00","twitter_card":"summary_large_image","twitter_site":"@ToxInfoKft","twitter_misc":{"Odhadovan\u00e1 doba \u010dten\u00ed":"7 minut"},"schema":{"@context":"https:\/\/schema.org","@graph":[{"@type":"WebPage","@id":"https:\/\/www.msds-europe.com\/cs\/odpovednosti-odpovedne-osoby\/","url":"https:\/\/www.msds-europe.com\/cs\/odpovednosti-odpovedne-osoby\/","name":"Odpov\u011bdnosti odpov\u011bdn\u00e9 osoby s ohledem na kosmetiku","isPartOf":{"@id":"https:\/\/www.msds-europe.com\/es\/#website"},"datePublished":"2018-06-25T12:50:35+00:00","dateModified":"2018-07-04T05:39:16+00:00","description":"\u00dakoly odpov\u011bdn\u00e9 osoby spojen\u00e9 s uv\u00e1d\u011bn\u00edm kosmetick\u00fdch v\u00fdrobk\u016f na trh. \u00dakoly a po\u017eadavky souvisej\u00edc\u00ed s v\u00fdrobou a dovozem kosmetiky.","breadcrumb":{"@id":"https:\/\/www.msds-europe.com\/cs\/odpovednosti-odpovedne-osoby\/#breadcrumb"},"inLanguage":"cs","potentialAction":[{"@type":"ReadAction","target":["https:\/\/www.msds-europe.com\/cs\/odpovednosti-odpovedne-osoby\/"]}]},{"@type":"BreadcrumbList","@id":"https:\/\/www.msds-europe.com\/cs\/odpovednosti-odpovedne-osoby\/#breadcrumb","itemListElement":[{"@type":"ListItem","position":1,"name":"F\u0151oldal","item":"https:\/\/www.msds-europe.com\/cs\/"},{"@type":"ListItem","position":2,"name":"Odpov\u011bdnosti odpov\u011bdn\u00e9 osoby"}]},{"@type":"WebSite","@id":"https:\/\/www.msds-europe.com\/es\/#website","url":"https:\/\/www.msds-europe.com\/es\/","name":"MSDS Europe","description":"","publisher":{"@id":"https:\/\/www.msds-europe.com\/es\/#organization"},"potentialAction":[{"@type":"SearchAction","target":{"@type":"EntryPoint","urlTemplate":"https:\/\/www.msds-europe.com\/es\/?s={search_term_string}"},"query-input":{"@type":"PropertyValueSpecification","valueRequired":true,"valueName":"search_term_string"}}],"inLanguage":"cs"},{"@type":"Organization","@id":"https:\/\/www.msds-europe.com\/es\/#organization","name":"MSDS-Europe International branch of ToxInfo","url":"https:\/\/www.msds-europe.com\/es\/","logo":{"@type":"ImageObject","inLanguage":"cs","@id":"https:\/\/www.msds-europe.com\/es\/#\/schema\/logo\/image\/","url":"https:\/\/www.msds-europe.com\/wp-content\/uploads\/2021\/04\/msds-europe-logo.jpg","contentUrl":"https:\/\/www.msds-europe.com\/wp-content\/uploads\/2021\/04\/msds-europe-logo.jpg","width":2296,"height":1067,"caption":"MSDS-Europe International branch of ToxInfo"},"image":{"@id":"https:\/\/www.msds-europe.com\/es\/#\/schema\/logo\/image\/"},"sameAs":["https:\/\/www.facebook.com\/toxinfokft\/","https:\/\/x.com\/ToxInfoKft"]}]}},"_links":{"self":[{"href":"https:\/\/www.msds-europe.com\/cs\/wp-json\/wp\/v2\/pages\/5944","targetHints":{"allow":["GET"]}}],"collection":[{"href":"https:\/\/www.msds-europe.com\/cs\/wp-json\/wp\/v2\/pages"}],"about":[{"href":"https:\/\/www.msds-europe.com\/cs\/wp-json\/wp\/v2\/types\/page"}],"author":[{"embeddable":true,"href":"https:\/\/www.msds-europe.com\/cs\/wp-json\/wp\/v2\/users\/2"}],"replies":[{"embeddable":true,"href":"https:\/\/www.msds-europe.com\/cs\/wp-json\/wp\/v2\/comments?post=5944"}],"version-history":[{"count":4,"href":"https:\/\/www.msds-europe.com\/cs\/wp-json\/wp\/v2\/pages\/5944\/revisions"}],"predecessor-version":[{"id":7296,"href":"https:\/\/www.msds-europe.com\/cs\/wp-json\/wp\/v2\/pages\/5944\/revisions\/7296"}],"wp:attachment":[{"href":"https:\/\/www.msds-europe.com\/cs\/wp-json\/wp\/v2\/media?parent=5944"}],"wp:term":[{"taxonomy":"post_tag","embeddable":true,"href":"https:\/\/www.msds-europe.com\/cs\/wp-json\/wp\/v2\/tags?post=5944"}],"curies":[{"name":"wp","href":"https:\/\/api.w.org\/{rel}","templated":true}]}}