{"id":5390,"date":"2018-06-21T09:15:52","date_gmt":"2018-06-21T09:15:52","guid":{"rendered":"http:\/\/www.msds-europe.com\/symbolu-nebezpecnosti\/"},"modified":"2025-07-25T13:25:23","modified_gmt":"2025-07-25T13:25:23","slug":"symbolu-nebezpecnosti","status":"publish","type":"page","link":"https:\/\/www.msds-europe.com\/cs\/symbolu-nebezpecnosti\/","title":{"rendered":"Symbol\u016f nebezpe\u010dnosti"},"content":{"rendered":"<p style=\"text-align: right;\"><em><a href=\"http:\/\/www.msds-europe.com\/cs\/zakladna-vedomostibezpecnostni-listy\/\">Z\u00e1kladna v\u011bdomost\u00ed pro bezpe\u010dnostn\u00ed listy<\/a> &#8211;\u00a0Symbol\u016f nebezpe\u010dnosti<\/em><\/p>\n<p>&nbsp;<\/p>\n<h3>D\u0159\u00edv\u011bj\u0161\u00ed symboly nebezpe\u010d\u00ed DPD, kter\u00e9 ji\u017e nebudou pou\u017e\u00edv\u00e1ny od 1. \u010dervna 2017.<\/h3>\n<p>&nbsp;<\/p>\n<div class=\"su-custom-gallery su-custom-gallery-align-left su-custom-gallery-title-always su-lightbox-gallery\"><div class=\"su-custom-gallery-slide\" style=\"width:200px;height:200px\"><a href=\"https:\/\/www.msds-europe.com\/wp-content\/uploads\/2018\/06\/C_\u017d\u00edrav\u00fd.jpg\" title=\"C_\u017d\u00edrav\u00fd\"><img decoding=\"async\" src=\"https:\/\/www.msds-europe.com\/wp-content\/uploads\/2018\/06\/C_\u017d\u00edrav\u00fd-200x200.jpg\" alt=\"C_\u017d\u00edrav\u00fd\" width=\"200\" height=\"200\" \/><span class=\"su-custom-gallery-title\">C_\u017d\u00edrav\u00fd<\/span><\/a><\/div><div class=\"su-custom-gallery-slide\" style=\"width:200px;height:200px\"><a href=\"https:\/\/www.msds-europe.com\/wp-content\/uploads\/2018\/06\/E_V\u00fdbu\u0161n\u00fd.jpg\" title=\"E_V\u00fdbu\u0161n\u00fd\"><img decoding=\"async\" src=\"https:\/\/www.msds-europe.com\/wp-content\/uploads\/2018\/06\/E_V\u00fdbu\u0161n\u00fd-200x200.jpg\" alt=\"E_V\u00fdbu\u0161n\u00fd\" width=\"200\" height=\"200\" \/><span class=\"su-custom-gallery-title\">E_V\u00fdbu\u0161n\u00fd<\/span><\/a><\/div><div class=\"su-custom-gallery-slide\" style=\"width:200px;height:200px\"><a href=\"https:\/\/www.msds-europe.com\/wp-content\/uploads\/2018\/06\/F_Vysoce-ho\u0159lav\u00fd.jpg\" title=\"F_Vysoce ho\u0159lav\u00fd\"><img decoding=\"async\" src=\"https:\/\/www.msds-europe.com\/wp-content\/uploads\/2018\/06\/F_Vysoce-ho\u0159lav\u00fd-200x200.jpg\" alt=\"F_Vysoce ho\u0159lav\u00fd\" width=\"200\" height=\"200\" \/><span class=\"su-custom-gallery-title\">F_Vysoce ho\u0159lav\u00fd<\/span><\/a><\/div><div class=\"su-custom-gallery-slide\" style=\"width:200px;height:200px\"><a href=\"https:\/\/www.msds-europe.com\/wp-content\/uploads\/2018\/06\/F_Extr\u00e9mn\u011b-ho\u0159lav\u00fd.jpg\" title=\"F+_Extr\u00e9mn\u011b ho\u0159lav\u00fd\"><img decoding=\"async\" src=\"https:\/\/www.msds-europe.com\/wp-content\/uploads\/2018\/06\/F_Extr\u00e9mn\u011b-ho\u0159lav\u00fd-200x200.jpg\" alt=\"F+_Extr\u00e9mn\u011b ho\u0159lav\u00fd\" width=\"200\" height=\"200\" \/><span class=\"su-custom-gallery-title\">F+_Extr\u00e9mn\u011b ho\u0159lav\u00fd<\/span><\/a><\/div><div class=\"su-custom-gallery-slide\" style=\"width:200px;height:200px\"><a href=\"https:\/\/www.msds-europe.com\/wp-content\/uploads\/2018\/06\/N_Nebezpe\u010dn\u00fd-pro-\u017eivotn\u00ed-prost\u0159ed\u00ed.jpg\" title=\"N_Nebezpe\u010dn\u00fd pro \u017eivotn\u00ed prost\u0159ed\u00ed\"><img decoding=\"async\" src=\"https:\/\/www.msds-europe.com\/wp-content\/uploads\/2018\/06\/N_Nebezpe\u010dn\u00fd-pro-\u017eivotn\u00ed-prost\u0159ed\u00ed-200x200.jpg\" alt=\"N_Nebezpe\u010dn\u00fd pro \u017eivotn\u00ed prost\u0159ed\u00ed\" width=\"200\" height=\"200\" \/><span class=\"su-custom-gallery-title\">N_Nebezpe\u010dn\u00fd pro \u017eivotn\u00ed prost\u0159ed\u00ed<\/span><\/a><\/div><div class=\"su-custom-gallery-slide\" style=\"width:200px;height:200px\"><a href=\"https:\/\/www.msds-europe.com\/wp-content\/uploads\/2018\/06\/O_Oxiduj\u00edc\u00ed.jpg\" title=\"O_Oxiduj\u00edc\u00ed\"><img decoding=\"async\" src=\"https:\/\/www.msds-europe.com\/wp-content\/uploads\/2018\/06\/O_Oxiduj\u00edc\u00ed-200x200.jpg\" alt=\"O_Oxiduj\u00edc\u00ed\" width=\"200\" height=\"200\" \/><span class=\"su-custom-gallery-title\">O_Oxiduj\u00edc\u00ed<\/span><\/a><\/div><div class=\"su-custom-gallery-slide\" style=\"width:200px;height:200px\"><a href=\"https:\/\/www.msds-europe.com\/wp-content\/uploads\/2018\/06\/T_Toxick\u00fd.jpg\" title=\"T_Toxick\u00fd\"><img decoding=\"async\" src=\"https:\/\/www.msds-europe.com\/wp-content\/uploads\/2018\/06\/T_Toxick\u00fd-200x200.jpg\" alt=\"T_Toxick\u00fd\" width=\"200\" height=\"200\" \/><span class=\"su-custom-gallery-title\">T_Toxick\u00fd<\/span><\/a><\/div><div class=\"su-custom-gallery-slide\" style=\"width:200px;height:200px\"><a href=\"https:\/\/www.msds-europe.com\/wp-content\/uploads\/2018\/06\/T_Vysoce-toxick\u00fd.jpg\" title=\"T+_Vysoce toxick\u00fd\"><img decoding=\"async\" src=\"https:\/\/www.msds-europe.com\/wp-content\/uploads\/2018\/06\/T_Vysoce-toxick\u00fd-200x200.jpg\" alt=\"T+_Vysoce toxick\u00fd\" width=\"200\" height=\"200\" \/><span class=\"su-custom-gallery-title\">T+_Vysoce toxick\u00fd<\/span><\/a><\/div><div class=\"su-custom-gallery-slide\" style=\"width:200px;height:200px\"><a href=\"https:\/\/www.msds-europe.com\/wp-content\/uploads\/2018\/06\/Xi_Dr\u00e1\u017ediv\u00fd.jpg\" title=\"Xi_Dr\u00e1\u017ediv\u00fd\"><img decoding=\"async\" src=\"https:\/\/www.msds-europe.com\/wp-content\/uploads\/2018\/06\/Xi_Dr\u00e1\u017ediv\u00fd-200x200.jpg\" alt=\"Xi_Dr\u00e1\u017ediv\u00fd\" width=\"200\" height=\"200\" \/><span class=\"su-custom-gallery-title\">Xi_Dr\u00e1\u017ediv\u00fd<\/span><\/a><\/div><div class=\"su-custom-gallery-slide\" style=\"width:200px;height:200px\"><a href=\"https:\/\/www.msds-europe.com\/wp-content\/uploads\/2018\/06\/Xn_Zdrav\u00ed-\u0161kodliv\u00fd.jpg\" title=\"Xn_Zdrav\u00ed \u0161kodliv\u00fd\"><img decoding=\"async\" src=\"https:\/\/www.msds-europe.com\/wp-content\/uploads\/2018\/06\/Xn_Zdrav\u00ed-\u0161kodliv\u00fd-200x200.jpg\" alt=\"Xn_Zdrav\u00ed \u0161kodliv\u00fd\" width=\"200\" height=\"200\" \/><span class=\"su-custom-gallery-title\">Xn_Zdrav\u00ed \u0161kodliv\u00fd<\/span><\/a><\/div><div class=\"su-clear\"><\/div><\/div>\n<p>&nbsp;<\/p>\n<h3><span style=\"color: #333333;\">Nab\u00edzen\u00e9 slu\u017eby<\/span><\/h3>\n<ul>\n<li><a href=\"http:\/\/msds-updated.rapidwebdevs.com\/cs\/sestaveni-vytvoreni-bezpecnostniho-listu\/\">Sestaven\u00ed a vytvo\u0159en\u00ed bezpe\u010dnostn\u00edho listu<\/a><\/li>\n<li><a href=\"http:\/\/msds-updated.rapidwebdevs.com\/cs\/vytvoreni-navrhu-etikety\/\">Vytvo\u0159en\u00ed n\u00e1vrhu etikety<\/a><\/li>\n<\/ul>\n<p>&nbsp;<\/p>\n<h3 class=\"title_4\"><span style=\"color: #333333;\">U\u017eite\u010dn\u00e9 informace<\/span><\/h3>\n<ul>\n<li><a title=\"Pokyny pro bezpe\u010dn\u00e9 zach\u00e1zen\u00ed\" href=\"http:\/\/www.msds-europe.com\/cs\/pokyny-pro-bezpecne-zachazeni\/\">Pokyny pro bezpe\u010dn\u00e9 zach\u00e1zen\u00ed<\/a><\/li>\n<li><a title=\"V\u00fdstra\u017en\u00e9 symbol nebezpe\u010dnosti\" href=\"http:\/\/www.msds-europe.com\/cs\/vystrazne-symbol-nebezpecnosti\/\">V\u00fdstra\u017en\u00e9 symbol nebezpe\u010dnosti<\/a><\/li>\n<li><a title=\"Standardn\u00ed v\u011bty o nebezpe\u010dnosti H\" href=\"http:\/\/www.msds-europe.com\/cs\/standardni-vety-o-nebezpecnosti-h\/\">Standardn\u00ed v\u011bty o nebezpe\u010dnosti H<\/a><\/li>\n<li><a title=\"Zna\u010den\u00ed CLP v praxi\" href=\"http:\/\/www.msds-europe.com\/clp-labelling-in-practice\/\">Zna\u010den\u00ed CLP v praxi<\/a><\/li>\n<li><a title=\"Prvky etikety v bezpe\u010dnostn\u00edm listu\" href=\"http:\/\/www.msds-europe.com\/safety-data-sheet-label-elements\/\">Prvky etikety v bezpe\u010dnostn\u00edm listu<\/a><\/li>\n<\/ul>\n<p>&nbsp;<\/p>\n<h3><span style=\"color: #333333;\">Nej\u010dast\u011bj\u0161\u00ed dotazy a odpov\u011bdi<\/span><\/h3>\n<div class=\"su-spoiler su-spoiler-style-fancy su-spoiler-icon-chevron su-spoiler-closed\" data-scroll-offset=\"0\" data-anchor-in-url=\"no\"><div class=\"su-spoiler-title\" tabindex=\"0\" role=\"button\"><span class=\"su-spoiler-icon\"><\/span>Pro\u010d nelze od 1. \u010dervna 2017 pou\u017e\u00edvat symboly nebezpe\u010d\u00ed DSD\/DPD na etiket\u00e1ch a bezpe\u010dnostn\u00edch listech?<\/div><div class=\"su-spoiler-content su-u-clearfix su-u-trim\">\nOd tohoto data lze pou\u017e\u00edvat pouze piktogramy nebezpe\u010d\u00ed v souladu s na\u0159\u00edzen\u00edm CLP, tak\u017ee d\u0159\u00edv\u011bj\u0161\u00ed symboly pozbyly pr\u00e1vn\u00ed platnosti.<br \/>\n<\/div><\/div>\n<div class=\"su-spoiler su-spoiler-style-fancy su-spoiler-icon-chevron su-spoiler-closed\" data-scroll-offset=\"0\" data-anchor-in-url=\"no\"><div class=\"su-spoiler-title\" tabindex=\"0\" role=\"button\"><span class=\"su-spoiler-icon\"><\/span>Kde mohu naj\u00edt nov\u00e9 piktogramy nebezpe\u010d\u00ed CLP, kdy\u017e star\u00e9 symboly ji\u017e nejsou povoleny?<\/div><div class=\"su-spoiler-content su-u-clearfix su-u-trim\">\nLze je st\u00e1hnout prost\u0159ednictv\u00edm odkazu uveden\u00e9ho v \u010dl\u00e1nku (\u201ePiktogramy nebezpe\u010d\u00ed ur\u010den\u00e9 pro klasifikaci podle CLP naleznete zde\u201c).<br \/>\n<\/div><\/div>\n","protected":false},"excerpt":{"rendered":"<p>Soubor symbol\u016f nebezpe\u010d\u00ed DPD (neplat\u00ed od 1. \u010dervna 2017).<\/p>\n","protected":false},"author":2,"featured_media":0,"parent":0,"menu_order":0,"comment_status":"closed","ping_status":"closed","template":"","meta":{"_acf_changed":false,"footnotes":""},"tags":[244,358],"class_list":["post-5390","page","type-page","status-publish","hentry","tag-bezpecnostni-list-cs","tag-zakladna-vedomosti-pro-bezpecnostni-listy-cs"],"acf":[],"yoast_head":"<!-- This site is optimized with the Yoast SEO plugin v27.2 - https:\/\/yoast.com\/product\/yoast-seo-wordpress\/ -->\n<title>Symbol\u016f nebezpe\u010dnosti. St\u00e1hnout symboly nebezpe\u010d\u00ed<\/title>\n<meta name=\"description\" content=\"Od 1. \u010dervna 2017 v souladu s na\u0159\u00edzen\u00edm sm\u011brnice CLP ji\u017e d\u0159\u00edv\u011bj\u0161\u00ed symboly nebezpe\u010d\u00ed DPD nebudou na etiket\u00e1ch.\" \/>\n<meta name=\"robots\" content=\"index, follow, max-snippet:-1, max-image-preview:large, max-video-preview:-1\" \/>\n<link rel=\"canonical\" href=\"https:\/\/www.msds-europe.com\/cs\/symbolu-nebezpecnosti\/\" \/>\n<meta property=\"og:locale\" content=\"cs_CZ\" \/>\n<meta property=\"og:type\" content=\"article\" \/>\n<meta property=\"og:title\" content=\"Symbol\u016f nebezpe\u010dnosti. St\u00e1hnout symboly nebezpe\u010d\u00ed\" \/>\n<meta property=\"og:description\" content=\"Od 1. \u010dervna 2017 v souladu s na\u0159\u00edzen\u00edm sm\u011brnice CLP ji\u017e d\u0159\u00edv\u011bj\u0161\u00ed symboly nebezpe\u010d\u00ed DPD nebudou na etiket\u00e1ch.\" \/>\n<meta property=\"og:url\" content=\"https:\/\/www.msds-europe.com\/cs\/symbolu-nebezpecnosti\/\" \/>\n<meta property=\"og:site_name\" content=\"MSDS Europe\" \/>\n<meta property=\"article:publisher\" content=\"https:\/\/www.facebook.com\/toxinfokft\/\" \/>\n<meta property=\"article:modified_time\" content=\"2025-07-25T13:25:23+00:00\" \/>\n<meta name=\"twitter:card\" content=\"summary_large_image\" \/>\n<meta name=\"twitter:site\" content=\"@ToxInfoKft\" \/>\n<meta name=\"twitter:label1\" content=\"Odhadovan\u00e1 doba \u010dten\u00ed\" \/>\n\t<meta name=\"twitter:data1\" content=\"1 minuta\" \/>\n<script type=\"application\/ld+json\" class=\"yoast-schema-graph\">{\"@context\":\"https:\/\/schema.org\",\"@graph\":[{\"@type\":\"WebPage\",\"@id\":\"https:\/\/www.msds-europe.com\/cs\/symbolu-nebezpecnosti\/\",\"url\":\"https:\/\/www.msds-europe.com\/cs\/symbolu-nebezpecnosti\/\",\"name\":\"Symbol\u016f nebezpe\u010dnosti. St\u00e1hnout symboly nebezpe\u010d\u00ed\",\"isPartOf\":{\"@id\":\"https:\/\/www.msds-europe.com\/es\/#website\"},\"datePublished\":\"2018-06-21T09:15:52+00:00\",\"dateModified\":\"2025-07-25T13:25:23+00:00\",\"description\":\"Od 1. \u010dervna 2017 v souladu s na\u0159\u00edzen\u00edm sm\u011brnice CLP ji\u017e d\u0159\u00edv\u011bj\u0161\u00ed symboly nebezpe\u010d\u00ed DPD nebudou na etiket\u00e1ch.\",\"breadcrumb\":{\"@id\":\"https:\/\/www.msds-europe.com\/cs\/symbolu-nebezpecnosti\/#breadcrumb\"},\"inLanguage\":\"cs\",\"potentialAction\":[{\"@type\":\"ReadAction\",\"target\":[\"https:\/\/www.msds-europe.com\/cs\/symbolu-nebezpecnosti\/\"]}]},{\"@type\":\"BreadcrumbList\",\"@id\":\"https:\/\/www.msds-europe.com\/cs\/symbolu-nebezpecnosti\/#breadcrumb\",\"itemListElement\":[{\"@type\":\"ListItem\",\"position\":1,\"name\":\"F\u0151oldal\",\"item\":\"https:\/\/www.msds-europe.com\/cs\/\"},{\"@type\":\"ListItem\",\"position\":2,\"name\":\"Symbol\u016f nebezpe\u010dnosti\"}]},{\"@type\":\"WebSite\",\"@id\":\"https:\/\/www.msds-europe.com\/es\/#website\",\"url\":\"https:\/\/www.msds-europe.com\/es\/\",\"name\":\"MSDS Europe\",\"description\":\"\",\"publisher\":{\"@id\":\"https:\/\/www.msds-europe.com\/es\/#organization\"},\"potentialAction\":[{\"@type\":\"SearchAction\",\"target\":{\"@type\":\"EntryPoint\",\"urlTemplate\":\"https:\/\/www.msds-europe.com\/es\/?s={search_term_string}\"},\"query-input\":{\"@type\":\"PropertyValueSpecification\",\"valueRequired\":true,\"valueName\":\"search_term_string\"}}],\"inLanguage\":\"cs\"},{\"@type\":\"Organization\",\"@id\":\"https:\/\/www.msds-europe.com\/es\/#organization\",\"name\":\"MSDS-Europe International branch of ToxInfo\",\"url\":\"https:\/\/www.msds-europe.com\/es\/\",\"logo\":{\"@type\":\"ImageObject\",\"inLanguage\":\"cs\",\"@id\":\"https:\/\/www.msds-europe.com\/es\/#\/schema\/logo\/image\/\",\"url\":\"https:\/\/www.msds-europe.com\/wp-content\/uploads\/2021\/04\/msds-europe-logo.jpg\",\"contentUrl\":\"https:\/\/www.msds-europe.com\/wp-content\/uploads\/2021\/04\/msds-europe-logo.jpg\",\"width\":2296,\"height\":1067,\"caption\":\"MSDS-Europe International branch of ToxInfo\"},\"image\":{\"@id\":\"https:\/\/www.msds-europe.com\/es\/#\/schema\/logo\/image\/\"},\"sameAs\":[\"https:\/\/www.facebook.com\/toxinfokft\/\",\"https:\/\/x.com\/ToxInfoKft\"]}]}<\/script>\n<!-- \/ Yoast SEO plugin. -->","yoast_head_json":{"title":"Symbol\u016f nebezpe\u010dnosti. St\u00e1hnout symboly nebezpe\u010d\u00ed","description":"Od 1. \u010dervna 2017 v souladu s na\u0159\u00edzen\u00edm sm\u011brnice CLP ji\u017e d\u0159\u00edv\u011bj\u0161\u00ed symboly nebezpe\u010d\u00ed DPD nebudou na etiket\u00e1ch.","robots":{"index":"index","follow":"follow","max-snippet":"max-snippet:-1","max-image-preview":"max-image-preview:large","max-video-preview":"max-video-preview:-1"},"canonical":"https:\/\/www.msds-europe.com\/cs\/symbolu-nebezpecnosti\/","og_locale":"cs_CZ","og_type":"article","og_title":"Symbol\u016f nebezpe\u010dnosti. St\u00e1hnout symboly nebezpe\u010d\u00ed","og_description":"Od 1. \u010dervna 2017 v souladu s na\u0159\u00edzen\u00edm sm\u011brnice CLP ji\u017e d\u0159\u00edv\u011bj\u0161\u00ed symboly nebezpe\u010d\u00ed DPD nebudou na etiket\u00e1ch.","og_url":"https:\/\/www.msds-europe.com\/cs\/symbolu-nebezpecnosti\/","og_site_name":"MSDS Europe","article_publisher":"https:\/\/www.facebook.com\/toxinfokft\/","article_modified_time":"2025-07-25T13:25:23+00:00","twitter_card":"summary_large_image","twitter_site":"@ToxInfoKft","twitter_misc":{"Odhadovan\u00e1 doba \u010dten\u00ed":"1 minuta"},"schema":{"@context":"https:\/\/schema.org","@graph":[{"@type":"WebPage","@id":"https:\/\/www.msds-europe.com\/cs\/symbolu-nebezpecnosti\/","url":"https:\/\/www.msds-europe.com\/cs\/symbolu-nebezpecnosti\/","name":"Symbol\u016f nebezpe\u010dnosti. St\u00e1hnout symboly nebezpe\u010d\u00ed","isPartOf":{"@id":"https:\/\/www.msds-europe.com\/es\/#website"},"datePublished":"2018-06-21T09:15:52+00:00","dateModified":"2025-07-25T13:25:23+00:00","description":"Od 1. \u010dervna 2017 v souladu s na\u0159\u00edzen\u00edm sm\u011brnice CLP ji\u017e d\u0159\u00edv\u011bj\u0161\u00ed symboly nebezpe\u010d\u00ed DPD nebudou na etiket\u00e1ch.","breadcrumb":{"@id":"https:\/\/www.msds-europe.com\/cs\/symbolu-nebezpecnosti\/#breadcrumb"},"inLanguage":"cs","potentialAction":[{"@type":"ReadAction","target":["https:\/\/www.msds-europe.com\/cs\/symbolu-nebezpecnosti\/"]}]},{"@type":"BreadcrumbList","@id":"https:\/\/www.msds-europe.com\/cs\/symbolu-nebezpecnosti\/#breadcrumb","itemListElement":[{"@type":"ListItem","position":1,"name":"F\u0151oldal","item":"https:\/\/www.msds-europe.com\/cs\/"},{"@type":"ListItem","position":2,"name":"Symbol\u016f nebezpe\u010dnosti"}]},{"@type":"WebSite","@id":"https:\/\/www.msds-europe.com\/es\/#website","url":"https:\/\/www.msds-europe.com\/es\/","name":"MSDS Europe","description":"","publisher":{"@id":"https:\/\/www.msds-europe.com\/es\/#organization"},"potentialAction":[{"@type":"SearchAction","target":{"@type":"EntryPoint","urlTemplate":"https:\/\/www.msds-europe.com\/es\/?s={search_term_string}"},"query-input":{"@type":"PropertyValueSpecification","valueRequired":true,"valueName":"search_term_string"}}],"inLanguage":"cs"},{"@type":"Organization","@id":"https:\/\/www.msds-europe.com\/es\/#organization","name":"MSDS-Europe International branch of ToxInfo","url":"https:\/\/www.msds-europe.com\/es\/","logo":{"@type":"ImageObject","inLanguage":"cs","@id":"https:\/\/www.msds-europe.com\/es\/#\/schema\/logo\/image\/","url":"https:\/\/www.msds-europe.com\/wp-content\/uploads\/2021\/04\/msds-europe-logo.jpg","contentUrl":"https:\/\/www.msds-europe.com\/wp-content\/uploads\/2021\/04\/msds-europe-logo.jpg","width":2296,"height":1067,"caption":"MSDS-Europe International branch of ToxInfo"},"image":{"@id":"https:\/\/www.msds-europe.com\/es\/#\/schema\/logo\/image\/"},"sameAs":["https:\/\/www.facebook.com\/toxinfokft\/","https:\/\/x.com\/ToxInfoKft"]}]}},"_links":{"self":[{"href":"https:\/\/www.msds-europe.com\/cs\/wp-json\/wp\/v2\/pages\/5390","targetHints":{"allow":["GET"]}}],"collection":[{"href":"https:\/\/www.msds-europe.com\/cs\/wp-json\/wp\/v2\/pages"}],"about":[{"href":"https:\/\/www.msds-europe.com\/cs\/wp-json\/wp\/v2\/types\/page"}],"author":[{"embeddable":true,"href":"https:\/\/www.msds-europe.com\/cs\/wp-json\/wp\/v2\/users\/2"}],"replies":[{"embeddable":true,"href":"https:\/\/www.msds-europe.com\/cs\/wp-json\/wp\/v2\/comments?post=5390"}],"version-history":[{"count":4,"href":"https:\/\/www.msds-europe.com\/cs\/wp-json\/wp\/v2\/pages\/5390\/revisions"}],"predecessor-version":[{"id":34195,"href":"https:\/\/www.msds-europe.com\/cs\/wp-json\/wp\/v2\/pages\/5390\/revisions\/34195"}],"wp:attachment":[{"href":"https:\/\/www.msds-europe.com\/cs\/wp-json\/wp\/v2\/media?parent=5390"}],"wp:term":[{"taxonomy":"post_tag","embeddable":true,"href":"https:\/\/www.msds-europe.com\/cs\/wp-json\/wp\/v2\/tags?post=5390"}],"curies":[{"name":"wp","href":"https:\/\/api.w.org\/{rel}","templated":true}]}}