{"id":4762,"date":"2018-06-18T08:47:28","date_gmt":"2018-06-18T08:47:28","guid":{"rendered":"http:\/\/www.msds-europe.com\/zakladna-vedomosti-reach\/"},"modified":"2026-03-11T13:40:11","modified_gmt":"2026-03-11T13:40:11","slug":"zakladna-vedomosti-reach","status":"publish","type":"page","link":"https:\/\/www.msds-europe.com\/cs\/zakladna-vedomosti-reach\/","title":{"rendered":"Z\u00e1kladna v\u011bdomost\u00ed REACH"},"content":{"rendered":"<p>&nbsp;<\/p>\n<h2><span style=\"color: #333333;\">\u00da\u010del z\u00e1kladny v\u011bdomost\u00ed REACH<\/span><\/h2>\n<p style=\"text-align: justify;\">Vytvo\u0159en\u00edm t\u00e9to z\u00e1kladny v\u011bdomost\u00ed bychom r\u00e1di pomohli v\u00fdrobc\u016fm, n\u00e1sledn\u00fdm u\u017eivatel\u016fm a distributor\u016fm, kte\u0159\u00ed maj\u00ed povinnosti podle na\u0159\u00edzen\u00ed REACH.<\/p>\n<p style=\"text-align: justify;\">V kategorii z\u00e1kladny v\u011bdomost\u00ed REACH zve\u0159ej\u0148ujeme zejm\u00e9na \u010dl\u00e1nky, kter\u00e9 upozor\u0148uj\u00ed na z\u00e1kladn\u00ed povinnosti v oblasti REACH nebo mohou slou\u017eit jako rychl\u00fd zdroj informac\u00ed, ani\u017e by bylo nutn\u00e9 podrobn\u011b studovat toto velmi rozs\u00e1hl\u00e9 na\u0159\u00edzen\u00ed.<\/p>\n<p style=\"text-align: justify;\">Prost\u0159ednictv\u00edm odborn\u00fdch materi\u00e1l\u016f zve\u0159ejn\u011bn\u00fdch na na\u0161ich webov\u00fdch str\u00e1nk\u00e1ch bychom cht\u011bli spole\u010dnostem umo\u017enit, aby se samy rozhodly o sv\u00e9m zapojen\u00ed a sv\u00fdch povinnostech podle na\u0159\u00edzen\u00ed REACH.<\/p>\n<p style=\"text-align: justify;\">Chceme poskytovat z\u00e1kladn\u00ed informace o n\u011bkter\u00fdch p\u0159edpisech a souvisej\u00edc\u00edch \u00fakolech, kter\u00e9 v\u00e1m mohou pomoci naj\u00edt spr\u00e1vn\u00fd sm\u011br p\u0159i jejich pln\u011bn\u00ed.<\/p>\n<p>&nbsp;<\/p>\n<p style=\"text-align: justify;\"><strong>Upozorn\u011bn\u00ed!<\/strong> N\u011bkter\u00e9 \u010dl\u00e1nky na na\u0161ich webov\u00fdch str\u00e1nk\u00e1ch nemus\u00ed z d\u016fvodu srozumitelnosti nezbytn\u011b zohled\u0148ovat v\u0161echny aspekty chemick\u00e9 bezpe\u010dnosti, a proto mohou b\u00fdt n\u011bkter\u00e1 tvrzen\u00ed \u201ejednostrann\u00e1\u201c.<\/p>\n<p style=\"text-align: justify;\">V ka\u017ed\u00e9m p\u0159\u00edpad\u011b je nutn\u00e9 \u00fakoly t\u00fdkaj\u00edc\u00ed se REACH definovat konkr\u00e9tn\u011b pro p\u0159\u00edslu\u0161nou spole\u010dnost a za autentick\u00e9 lze pova\u017eovat pouze zn\u011bn\u00ed p\u0159\u00edslu\u0161n\u00fdch p\u0159edpis\u016f.<\/p>\n<p style=\"text-align: justify;\">P\u0159e\u010dt\u011bte si nejnov\u011bj\u0161\u00ed zm\u011bny na\u0159\u00edzen\u00ed REACH v r\u00e1mci \u201e<a href=\"https:\/\/www.msds-europe.com\/cs\/regulacni-zmeny-v-oblasti-chemicke-bezpecnosti\/\">P\u0159edpisy pro chemickou bezpe\u010dnost<\/a>\u201c.<\/p>\n<p>&nbsp;<\/p>\n<p><strong>Nejnov\u011bj\u0161\u00ed \u010dl\u00e1nky ze z\u00e1kladny v\u011bdomost\u00ed REACH<\/strong><\/p>\n<ul>\n<li><a href=\"https:\/\/www.msds-europe.com\/distributors-reach-communication-obligations\/\">Povinnosti distributor\u016f p\u0159i komunikaci v r\u00e1mci REACH<\/a><\/li>\n<li><a href=\"https:\/\/www.msds-europe.com\/authorization-svhc-substances\/\">Povolov\u00e1n\u00ed l\u00e1tek SVHC<\/a><\/li>\n<li><a href=\"https:\/\/www.msds-europe.com\/downstream-user-reach-communication-obligations\/\">Povinnosti n\u00e1sledn\u00e9ho u\u017eivatele p\u0159i komunikaci v r\u00e1mci REACH<\/a><\/li>\n<\/ul>\n<p>&nbsp;<\/p>\n<h4><span style=\"color: #333333;\">Dal\u0161\u00ed u\u017eite\u010dn\u00e9 \u010dl\u00e1nky<\/span><\/h4>\n<p><a href=\"https:\/\/www.msds-europe.com\/cs\/zakladna-vedomostibezpecnostni-listy\/\"><img decoding=\"async\" class=\"size-full wp-image-33570 alignright\" src=\"https:\/\/www.msds-europe.com\/wp-content\/uploads\/2025\/06\/MSDS-Europe-\u2013-Profesni-zdroje.jpg\" alt=\"\" width=\"300\" height=\"277\" \/><\/a><\/p>\n<h3>Znalostn\u00ed b\u00e1ze k bezpe\u010dnostn\u00edm list\u016fm<\/h3>\n<p style=\"text-align: justify;\">V kategorii \u201e<strong>Znalostn\u00ed b\u00e1ze SDS<\/strong>\u201c zve\u0159ej\u0148ujeme p\u0159edev\u0161\u00edm \u010dl\u00e1nky upozor\u0148uj\u00edc\u00ed na z\u00e1kladn\u00ed povinnosti a d\u016fle\u017eit\u00e9 informace souvisej\u00edc\u00ed s bezpe\u010dnostn\u00edmi listy.<\/p>\n<p style=\"text-align: justify;\"><strong>Nov\u00e9 \u010dl\u00e1nky<\/strong> v kategorii \u201eZnalostn\u00ed b\u00e1ze SDS\u201c:<\/p>\n<ul>\n<li style=\"text-align: justify;\"><a href=\"https:\/\/www.msds-europe.com\/cs\/sds-oddil-1-identifikator-vyrobku-smesi-ufi\/\"><em>SDS odd\u00edl 1: identifik\u00e1tor v\u00fdrobku a UFI<\/em><\/a><\/li>\n<li style=\"text-align: justify;\"><a href=\"https:\/\/www.msds-europe.com\/cs\/sds-jazykove-pozadavky\/\"><em>Jazyk bezpe\u010dnostn\u00edho listu v EU \u2013 v jak\u00e9m jazyce je povinn\u00e9 poskytovat SDS?<\/em><\/a><\/li>\n<li><a href=\"https:\/\/www.msds-europe.com\/cs\/sds-informacni-zdroje-databaze\/\"><em>U\u017eite\u010dn\u00e9 informa\u010dn\u00ed zdroje a datab\u00e1ze pro p\u0159\u00edpravu SDS<\/em><\/a><\/li>\n<li><em><a href=\"https:\/\/www.msds-europe.com\/cs\/clp-2026-tridy-nebezpecnosti-smesi-sds-oznacovani\/\">CLP 2026: nov\u00e9 t\u0159\u00eddy nebezpe\u010dnosti pro sm\u011bsi \u2013 kroky v oblasti SDS a ozna\u010dov\u00e1n\u00ed<\/a><\/em><\/li>\n<\/ul>\n<p>&nbsp;<\/p>\n<h3>Kompas chemick\u00e9 bezpe\u010dnosti<\/h3>\n<p><strong><a href=\"https:\/\/www.msds-europe.com\/cs\/kompas-k-chemical-safety\/\"><img decoding=\"async\" class=\"alignright size-full wp-image-33582\" src=\"https:\/\/www.msds-europe.com\/wp-content\/uploads\/2025\/06\/MSDS-Europe-\u2013-Kompas-chemicke-bezpecnosti.jpg\" alt=\"\" width=\"300\" height=\"180\" \/><\/a>Chemick\u00e1 bezpe\u010dnost srozumiteln\u011b.<\/strong><\/p>\n<p style=\"text-align: justify;\">P\u0159\u00edstupn\u011bji podan\u00e9 \u010dl\u00e1nky o chemick\u00e9 bezpe\u010dnosti obsahuj\u00edc\u00ed u\u017eite\u010dn\u00e9 souvislosti a anal\u00fdzy.<\/p>\n<p>Nejnov\u011bj\u0161\u00ed \u010dl\u00e1nky v Kompasu chemick\u00e9 bezpe\u010dnosti:<\/p>\n<ul>\n<li><a href=\"https:\/\/www.msds-europe.com\/cs\/kompas-k-chemical-safety\/#firefighting-foams\"><em>Postupn\u00e9 ukon\u010den\u00ed pou\u017e\u00edv\u00e1n\u00ed hasic\u00edch p\u011bn obsahuj\u00edc\u00edch PFAS: term\u00edny, p\u0159echod a nakl\u00e1d\u00e1n\u00ed s odpady<\/em><\/a><\/li>\n<li><a href=\"https:\/\/www.msds-europe.com\/cs\/kompas-k-chemical-safety\/#clp-trap\"><em>Past CLP pro v\u00fdrobce sm\u011bs\u00ed v roce 2026: term\u00edny pro l\u00e1tky a sm\u011bsi a body k \u0159e\u0161en\u00ed<\/em><\/a><\/li>\n<li><a href=\"https:\/\/www.msds-europe.com\/cs\/kompas-k-chemical-safety\/#digitalni-stitek\"><em>Digit\u00e1ln\u00ed \u0161t\u00edtek podle CLP: povinnosti, firemn\u00ed kroky a technick\u00e1 implementace (QR k\u00f3d)<\/em><\/a><\/li>\n<li style=\"text-align: justify;\"><em><a href=\"https:\/\/www.msds-europe.com\/cs\/2026-kalendar-chemicke-souladu\/\">Kalend\u00e1\u0159 2026 term\u00edn\u016f a \u00fakol\u016f v oblasti chemick\u00e9 bezpe\u010dnosti<\/a><\/em><\/li>\n<li style=\"text-align: justify;\"><em><a href=\"https:\/\/www.msds-europe.com\/cs\/kompas-k-chemical-safety\/#online-reklama\">Nov\u00e1 pravidla CLP pro e-shopy: ozna\u010dov\u00e1n\u00ed a reklama<\/a><\/em><\/li>\n<\/ul>\n<p>&nbsp;<\/p>\n<h4><span style=\"color: #333333;\">Dal\u0161\u00ed dotazy?<\/span><\/h4>\n<p>Kontaktujte na\u0161e z\u00e1kaznick\u00e9 odd\u011blen\u00ed nebo se obra\u0165te na na\u0161eho experta online.<\/p>\n<a href=\"https:\/\/www.msds-europe.com\/cs\/zakaznicke-sluzby\/\" class=\"su-button su-button-style-default\" style=\"color:#ef552d;background-color:#fefefe;border-color:#cccccc;border-radius:6px\" target=\"_self\"><span style=\"color:#ef552d;padding:0px 18px;font-size:14px;line-height:28px;border-color:#ffffff;border-radius:6px;text-shadow:none\"> Z\u00e1kaznick\u00e9 odd\u011blen\u00ed<\/span><\/a> <a href=\"https:\/\/www.msds-europe.com\/cs\/online-konzultace\/\" class=\"su-button su-button-style-default\" style=\"color:#ffffff;background-color:#ef552d;border-color:#c04424;border-radius:6px\" target=\"_self\"><span style=\"color:#ffffff;padding:0px 18px;font-size:14px;line-height:28px;border-color:#f4886c;border-radius:6px;text-shadow:0px 0px 2px #ffffff\"> Zeptejte se experta<\/span><\/a>\n<p>&nbsp;<\/p>\n<h4><span style=\"color: #333333;\">Doporu\u010den\u00e9 slu\u017eby:<\/span><\/h4>\n<ul>\n<li><a href=\"https:\/\/www.msds-europe.com\/cs\/preklad-bezpecnostniho-listu\/\">P\u0159ekladatelsk\u00e9 slu\u017eby v oblasti BL<\/a><\/li>\n<li><a href=\"https:\/\/www.msds-europe.com\/cs\/sestaveni-vytvoreni-bezpecnostniho-listu\/\">Sestaven\u00ed a vytvo\u0159en\u00ed bezpe\u010dnostn\u00edho listu<\/a><\/li>\n<li><a href=\"https:\/\/www.msds-europe.com\/cs\/ufi-sluzby\/\">Na\u0161e slu\u017eby souvisej\u00edc\u00ed s ozn\u00e1men\u00edm PCN<\/a><\/li>\n<\/ul>\n<p>&nbsp;<\/p>\n","protected":false},"excerpt":{"rendered":"<p>Z\u00e1kladna v\u011bdomost\u00ed RACH obsahuje u\u017eite\u010dn\u00e9 informace pot\u0159ebn\u00e9 pro spln\u011bn\u00ed po\u017eadavk\u016f REACH na v\u0161ech \u00farovn\u00edch dodavatelsk\u00e9ho \u0159et\u011bzce.<\/p>\n","protected":false},"author":2,"featured_media":0,"parent":0,"menu_order":0,"comment_status":"closed","ping_status":"closed","template":"page-category.php","meta":{"_acf_changed":false,"footnotes":""},"tags":[295],"class_list":["post-4762","page","type-page","status-publish","hentry","tag-zakladna-vedomosti-cs"],"acf":[],"yoast_head":"<!-- This site is optimized with the Yoast SEO plugin v27.2 - https:\/\/yoast.com\/product\/yoast-seo-wordpress\/ -->\n<title>Znalostn\u00ed b\u00e1ze REACH: pr\u016fvodce a povinnosti | MSDS-Europe<\/title>\n<meta name=\"description\" content=\"Praktick\u00e9 \u010dl\u00e1nky o po\u017eadavc\u00edch REACH pro v\u00fdrobce, dovozce, distributory a n\u00e1sledn\u00e9 u\u017eivatele \u2013 srozumiteln\u011b, aktu\u00e1ln\u011b a snadno k pochopen\u00ed.\" \/>\n<meta name=\"robots\" content=\"index, follow, max-snippet:-1, max-image-preview:large, max-video-preview:-1\" \/>\n<link rel=\"canonical\" href=\"https:\/\/www.msds-europe.com\/cs\/zakladna-vedomosti-reach\/\" \/>\n<meta property=\"og:locale\" content=\"cs_CZ\" \/>\n<meta property=\"og:type\" content=\"article\" \/>\n<meta property=\"og:title\" content=\"Znalostn\u00ed b\u00e1ze REACH: pr\u016fvodce a povinnosti | MSDS-Europe\" \/>\n<meta property=\"og:description\" content=\"Praktick\u00e9 \u010dl\u00e1nky o po\u017eadavc\u00edch REACH pro v\u00fdrobce, dovozce, distributory a n\u00e1sledn\u00e9 u\u017eivatele \u2013 srozumiteln\u011b, aktu\u00e1ln\u011b a snadno k pochopen\u00ed.\" \/>\n<meta property=\"og:url\" content=\"https:\/\/www.msds-europe.com\/cs\/zakladna-vedomosti-reach\/\" \/>\n<meta property=\"og:site_name\" content=\"MSDS Europe\" \/>\n<meta property=\"article:publisher\" content=\"https:\/\/www.facebook.com\/toxinfokft\/\" \/>\n<meta property=\"article:modified_time\" content=\"2026-03-11T13:40:11+00:00\" \/>\n<meta name=\"twitter:card\" content=\"summary_large_image\" \/>\n<meta name=\"twitter:site\" content=\"@ToxInfoKft\" \/>\n<meta name=\"twitter:label1\" content=\"Odhadovan\u00e1 doba \u010dten\u00ed\" \/>\n\t<meta name=\"twitter:data1\" content=\"3 minuty\" \/>\n<script type=\"application\/ld+json\" class=\"yoast-schema-graph\">{\"@context\":\"https:\/\/schema.org\",\"@graph\":[{\"@type\":\"WebPage\",\"@id\":\"https:\/\/www.msds-europe.com\/cs\/zakladna-vedomosti-reach\/\",\"url\":\"https:\/\/www.msds-europe.com\/cs\/zakladna-vedomosti-reach\/\",\"name\":\"Znalostn\u00ed b\u00e1ze REACH: pr\u016fvodce a povinnosti | MSDS-Europe\",\"isPartOf\":{\"@id\":\"https:\/\/www.msds-europe.com\/es\/#website\"},\"datePublished\":\"2018-06-18T08:47:28+00:00\",\"dateModified\":\"2026-03-11T13:40:11+00:00\",\"description\":\"Praktick\u00e9 \u010dl\u00e1nky o po\u017eadavc\u00edch REACH pro v\u00fdrobce, dovozce, distributory a n\u00e1sledn\u00e9 u\u017eivatele \u2013 srozumiteln\u011b, aktu\u00e1ln\u011b a snadno k pochopen\u00ed.\",\"breadcrumb\":{\"@id\":\"https:\/\/www.msds-europe.com\/cs\/zakladna-vedomosti-reach\/#breadcrumb\"},\"inLanguage\":\"cs\",\"potentialAction\":[{\"@type\":\"ReadAction\",\"target\":[\"https:\/\/www.msds-europe.com\/cs\/zakladna-vedomosti-reach\/\"]}]},{\"@type\":\"BreadcrumbList\",\"@id\":\"https:\/\/www.msds-europe.com\/cs\/zakladna-vedomosti-reach\/#breadcrumb\",\"itemListElement\":[{\"@type\":\"ListItem\",\"position\":1,\"name\":\"F\u0151oldal\",\"item\":\"https:\/\/www.msds-europe.com\/cs\/\"},{\"@type\":\"ListItem\",\"position\":2,\"name\":\"Z\u00e1kladna v\u011bdomost\u00ed REACH\"}]},{\"@type\":\"WebSite\",\"@id\":\"https:\/\/www.msds-europe.com\/es\/#website\",\"url\":\"https:\/\/www.msds-europe.com\/es\/\",\"name\":\"MSDS Europe\",\"description\":\"\",\"publisher\":{\"@id\":\"https:\/\/www.msds-europe.com\/es\/#organization\"},\"potentialAction\":[{\"@type\":\"SearchAction\",\"target\":{\"@type\":\"EntryPoint\",\"urlTemplate\":\"https:\/\/www.msds-europe.com\/es\/?s={search_term_string}\"},\"query-input\":{\"@type\":\"PropertyValueSpecification\",\"valueRequired\":true,\"valueName\":\"search_term_string\"}}],\"inLanguage\":\"cs\"},{\"@type\":\"Organization\",\"@id\":\"https:\/\/www.msds-europe.com\/es\/#organization\",\"name\":\"MSDS-Europe International branch of ToxInfo\",\"url\":\"https:\/\/www.msds-europe.com\/es\/\",\"logo\":{\"@type\":\"ImageObject\",\"inLanguage\":\"cs\",\"@id\":\"https:\/\/www.msds-europe.com\/es\/#\/schema\/logo\/image\/\",\"url\":\"https:\/\/www.msds-europe.com\/wp-content\/uploads\/2021\/04\/msds-europe-logo.jpg\",\"contentUrl\":\"https:\/\/www.msds-europe.com\/wp-content\/uploads\/2021\/04\/msds-europe-logo.jpg\",\"width\":2296,\"height\":1067,\"caption\":\"MSDS-Europe International branch of ToxInfo\"},\"image\":{\"@id\":\"https:\/\/www.msds-europe.com\/es\/#\/schema\/logo\/image\/\"},\"sameAs\":[\"https:\/\/www.facebook.com\/toxinfokft\/\",\"https:\/\/x.com\/ToxInfoKft\"]}]}<\/script>\n<!-- \/ Yoast SEO plugin. -->","yoast_head_json":{"title":"Znalostn\u00ed b\u00e1ze REACH: pr\u016fvodce a povinnosti | MSDS-Europe","description":"Praktick\u00e9 \u010dl\u00e1nky o po\u017eadavc\u00edch REACH pro v\u00fdrobce, dovozce, distributory a n\u00e1sledn\u00e9 u\u017eivatele \u2013 srozumiteln\u011b, aktu\u00e1ln\u011b a snadno k pochopen\u00ed.","robots":{"index":"index","follow":"follow","max-snippet":"max-snippet:-1","max-image-preview":"max-image-preview:large","max-video-preview":"max-video-preview:-1"},"canonical":"https:\/\/www.msds-europe.com\/cs\/zakladna-vedomosti-reach\/","og_locale":"cs_CZ","og_type":"article","og_title":"Znalostn\u00ed b\u00e1ze REACH: pr\u016fvodce a povinnosti | MSDS-Europe","og_description":"Praktick\u00e9 \u010dl\u00e1nky o po\u017eadavc\u00edch REACH pro v\u00fdrobce, dovozce, distributory a n\u00e1sledn\u00e9 u\u017eivatele \u2013 srozumiteln\u011b, aktu\u00e1ln\u011b a snadno k pochopen\u00ed.","og_url":"https:\/\/www.msds-europe.com\/cs\/zakladna-vedomosti-reach\/","og_site_name":"MSDS Europe","article_publisher":"https:\/\/www.facebook.com\/toxinfokft\/","article_modified_time":"2026-03-11T13:40:11+00:00","twitter_card":"summary_large_image","twitter_site":"@ToxInfoKft","twitter_misc":{"Odhadovan\u00e1 doba \u010dten\u00ed":"3 minuty"},"schema":{"@context":"https:\/\/schema.org","@graph":[{"@type":"WebPage","@id":"https:\/\/www.msds-europe.com\/cs\/zakladna-vedomosti-reach\/","url":"https:\/\/www.msds-europe.com\/cs\/zakladna-vedomosti-reach\/","name":"Znalostn\u00ed b\u00e1ze REACH: pr\u016fvodce a povinnosti | MSDS-Europe","isPartOf":{"@id":"https:\/\/www.msds-europe.com\/es\/#website"},"datePublished":"2018-06-18T08:47:28+00:00","dateModified":"2026-03-11T13:40:11+00:00","description":"Praktick\u00e9 \u010dl\u00e1nky o po\u017eadavc\u00edch REACH pro v\u00fdrobce, dovozce, distributory a n\u00e1sledn\u00e9 u\u017eivatele \u2013 srozumiteln\u011b, aktu\u00e1ln\u011b a snadno k pochopen\u00ed.","breadcrumb":{"@id":"https:\/\/www.msds-europe.com\/cs\/zakladna-vedomosti-reach\/#breadcrumb"},"inLanguage":"cs","potentialAction":[{"@type":"ReadAction","target":["https:\/\/www.msds-europe.com\/cs\/zakladna-vedomosti-reach\/"]}]},{"@type":"BreadcrumbList","@id":"https:\/\/www.msds-europe.com\/cs\/zakladna-vedomosti-reach\/#breadcrumb","itemListElement":[{"@type":"ListItem","position":1,"name":"F\u0151oldal","item":"https:\/\/www.msds-europe.com\/cs\/"},{"@type":"ListItem","position":2,"name":"Z\u00e1kladna v\u011bdomost\u00ed REACH"}]},{"@type":"WebSite","@id":"https:\/\/www.msds-europe.com\/es\/#website","url":"https:\/\/www.msds-europe.com\/es\/","name":"MSDS Europe","description":"","publisher":{"@id":"https:\/\/www.msds-europe.com\/es\/#organization"},"potentialAction":[{"@type":"SearchAction","target":{"@type":"EntryPoint","urlTemplate":"https:\/\/www.msds-europe.com\/es\/?s={search_term_string}"},"query-input":{"@type":"PropertyValueSpecification","valueRequired":true,"valueName":"search_term_string"}}],"inLanguage":"cs"},{"@type":"Organization","@id":"https:\/\/www.msds-europe.com\/es\/#organization","name":"MSDS-Europe International branch of ToxInfo","url":"https:\/\/www.msds-europe.com\/es\/","logo":{"@type":"ImageObject","inLanguage":"cs","@id":"https:\/\/www.msds-europe.com\/es\/#\/schema\/logo\/image\/","url":"https:\/\/www.msds-europe.com\/wp-content\/uploads\/2021\/04\/msds-europe-logo.jpg","contentUrl":"https:\/\/www.msds-europe.com\/wp-content\/uploads\/2021\/04\/msds-europe-logo.jpg","width":2296,"height":1067,"caption":"MSDS-Europe International branch of ToxInfo"},"image":{"@id":"https:\/\/www.msds-europe.com\/es\/#\/schema\/logo\/image\/"},"sameAs":["https:\/\/www.facebook.com\/toxinfokft\/","https:\/\/x.com\/ToxInfoKft"]}]}},"_links":{"self":[{"href":"https:\/\/www.msds-europe.com\/cs\/wp-json\/wp\/v2\/pages\/4762","targetHints":{"allow":["GET"]}}],"collection":[{"href":"https:\/\/www.msds-europe.com\/cs\/wp-json\/wp\/v2\/pages"}],"about":[{"href":"https:\/\/www.msds-europe.com\/cs\/wp-json\/wp\/v2\/types\/page"}],"author":[{"embeddable":true,"href":"https:\/\/www.msds-europe.com\/cs\/wp-json\/wp\/v2\/users\/2"}],"replies":[{"embeddable":true,"href":"https:\/\/www.msds-europe.com\/cs\/wp-json\/wp\/v2\/comments?post=4762"}],"version-history":[{"count":13,"href":"https:\/\/www.msds-europe.com\/cs\/wp-json\/wp\/v2\/pages\/4762\/revisions"}],"predecessor-version":[{"id":38570,"href":"https:\/\/www.msds-europe.com\/cs\/wp-json\/wp\/v2\/pages\/4762\/revisions\/38570"}],"wp:attachment":[{"href":"https:\/\/www.msds-europe.com\/cs\/wp-json\/wp\/v2\/media?parent=4762"}],"wp:term":[{"taxonomy":"post_tag","embeddable":true,"href":"https:\/\/www.msds-europe.com\/cs\/wp-json\/wp\/v2\/tags?post=4762"}],"curies":[{"name":"wp","href":"https:\/\/api.w.org\/{rel}","templated":true}]}}