{"id":4617,"date":"2018-06-17T09:04:10","date_gmt":"2018-06-17T09:04:10","guid":{"rendered":"http:\/\/www.msds-europe.com\/online-zadost-o-cenovou-nabidku-na-sluzbu-bezpecnostnich-listu\/"},"modified":"2026-02-20T13:18:37","modified_gmt":"2026-02-20T13:18:37","slug":"zadost-cenovou-nabidku-bezpecnostni-list","status":"publish","type":"page","link":"https:\/\/www.msds-europe.com\/cs\/zadost-cenovou-nabidku-bezpecnostni-list\/","title":{"rendered":"Online \u017e\u00e1dost o cenovou nab\u00eddku na slu\u017ebu bezpe\u010dnostn\u00edch list\u016f"},"content":{"rendered":"<p style=\"text-align: right;\"><em><a href=\"https:\/\/www.msds-europe.com\/cs\/\">MSDS-Europe<\/a> \u2013 \u017d\u00e1dost o cenovou nab\u00eddku na slu\u017eby v oblasti bezpe\u010dnostn\u00edch list\u016f<\/em><\/p>\n<p style=\"text-align: justify;\">P\u00edsemnou cenovou nab\u00eddku na vybran\u00e9 slu\u017eby v\u00e1m za\u0161leme do <strong>24 hodin<\/strong> od obdr\u017een\u00ed online \u017e\u00e1dosti o cenovou nab\u00eddku.<\/p>\n<p style=\"text-align: justify;\">M\u011bjte pros\u00edm na pam\u011bti, \u017ee v p\u0159\u00edpad\u011b v\u011bt\u0161\u00edho rozsahu zak\u00e1zky v\u00e1m m\u016f\u017eeme nab\u00eddnout v\u00fdrazn\u011b zv\u00fdhodn\u011bnou cenu.<\/p>\n<p style=\"text-align: justify;\">V p\u0159\u00edpad\u011b smluvn\u00ed spolupr\u00e1ce m\u016f\u017eeme nab\u00eddnout mno\u017estevn\u00ed slevu i na p\u0159edpokl\u00e1dan\u00fd ro\u010dn\u00ed objem.<\/p>\n<p>&nbsp;<\/p>\n<h2 style=\"text-align: justify;\">Pomoc p\u0159i v\u00fdb\u011bru spr\u00e1vn\u00e9 slu\u017eby<\/h2>\n<p style=\"text-align: justify;\">Na\u0161i <a href=\"https:\/\/www.msds-europe.com\/cs\/sestaveni-vytvoreni-bezpecnostniho-listu\/\">slu\u017ebu sestaven\u00ed a vytvo\u0159en\u00ed bezpe\u010dnostn\u00edch list\u016f<\/a> doporu\u010dujeme zejm\u00e9na n\u00e1sledn\u00fdm u\u017eivatel\u016fm, kte\u0159\u00ed vyr\u00e1b\u011bj\u00ed sm\u011bsi, a dovozc\u016fm jako pomoc p\u0159i pln\u011bn\u00ed jejich povinnosti klasifikovat v\u00fdrobky a\/nebo vypracovat bezpe\u010dnostn\u00ed listy pro jejich v\u00fdrobky.<\/p>\n<p style=\"text-align: justify;\">Na\u0161i <a href=\"https:\/\/www.msds-europe.com\/cs\/preklad-bezpecnostniho-listu\/\">slu\u017ebu p\u0159ekladu bezpe\u010dnostn\u00edch list\u016f<\/a> doporu\u010dujeme zejm\u00e9na distributor\u016fm a dovozc\u016fm. M\u016f\u017eete si objednat p\u0159eklad bezpe\u010dnostn\u00edho listu z jak\u00e9hokoli jazyka EU do jak\u00e9hokoli jazyka EU.<\/p>\n<p style=\"text-align: justify;\">Jako dopl\u0148kovou slu\u017ebu doporu\u010dujeme tak\u00e9 objedn\u00e1n\u00ed n\u00e1vrhu etikety v souladu s bezpe\u010dnostn\u00edm listem a po\u017eadavky CLP.<\/p>\n<p style=\"text-align: justify;\">Pokud si chcete objednat i dopl\u0148kovou slu\u017ebu, uve\u010fte to pros\u00edm v \u010d\u00e1sti \u201ePozn\u00e1mka\u201c.<\/p>\n<p style=\"text-align: justify;\">Na\u0161i <a href=\"https:\/\/www.msds-europe.com\/cs\/bezpecnostni-list-revize-aktualizace\/\">slu\u017ebu revize bezpe\u010dnostn\u00edch list\u016f<\/a> doporu\u010dujeme ve v\u0161ech p\u0159\u00edpadech, kdy do\u0161lo k v\u00fdznamn\u00e9 zm\u011bn\u011b obsahu bezpe\u010dnostn\u00edho listu nebo kdy si revizi vy\u017eaduj\u00ed zm\u011bny v regula\u010dn\u00edm prost\u0159ed\u00ed.<\/p>\n<p>&nbsp;<\/p>\n<h2 style=\"text-align: justify;\">\u017d\u00e1dost o cenovou nab\u00eddku na expresn\u00ed slu\u017eby<\/h2>\n<p style=\"text-align: justify;\">Na\u0161e slu\u017eba p\u0159ekladu a revize bezpe\u010dnostn\u00edch list\u016f a <a href=\"https:\/\/www.msds-europe.com\/cs\/vytvoreni-navrhu-etikety\/\">slu\u017eba vytvo\u0159en\u00ed n\u00e1vrhu etikety<\/a> jsou rovn\u011b\u017e k dispozici jako <a href=\"https:\/\/www.msds-europe.com\/cs\/expresni-sluzby-bezpecnostni-listy\/\">expresn\u00ed slu\u017eby<\/a> s dobou dod\u00e1n\u00ed do 24 hodin.<\/p>\n<p style=\"text-align: justify;\"><em>Pokud m\u00e1te jak\u00e9koli dotazy ohledn\u011b va\u0161\u00ed objedn\u00e1vky nebo chemick\u00e9 bezpe\u010dnosti, kontaktujte pros\u00edm <a href=\"https:\/\/www.msds-europe.com\/cs\/zakaznicke-sluzby\/\">z\u00e1kaznick\u00e9 slu\u017eby<\/a>.<\/em><\/p>\n<h4><\/h4>\n\n<div class=\"wpcf7 no-js\" id=\"wpcf7-f6132-o1\" lang=\"hu-HU\" dir=\"ltr\" data-wpcf7-id=\"6132\">\n<div class=\"screen-reader-response\"><p role=\"status\" aria-live=\"polite\" aria-atomic=\"true\"><\/p> <ul><\/ul><\/div>\n<form action=\"\/cs\/wp-json\/wp\/v2\/pages\/4617#wpcf7-f6132-o1\" method=\"post\" class=\"wpcf7-form init\" aria-label=\"Kapcsolatfelv\u00e9teli \u0171rlap\" novalidate=\"novalidate\" data-status=\"init\">\n<fieldset class=\"hidden-fields-container\"><input type=\"hidden\" name=\"_wpcf7\" value=\"6132\" \/><input type=\"hidden\" name=\"_wpcf7_version\" value=\"6.1.5\" \/><input type=\"hidden\" name=\"_wpcf7_locale\" value=\"hu_HU\" \/><input type=\"hidden\" name=\"_wpcf7_unit_tag\" value=\"wpcf7-f6132-o1\" \/><input type=\"hidden\" name=\"_wpcf7_container_post\" value=\"0\" \/><input type=\"hidden\" name=\"_wpcf7_posted_data_hash\" value=\"\" \/><input type=\"hidden\" name=\"_wpcf7_recaptcha_response\" value=\"\" \/>\n<\/fieldset>\n<div class=\"arajanlatkeres_form\">\n\t<div class=\"row contact_row\">\n\t\t<div class=\"col-sm-5 col-sm-offset-1\">\n\t\t\t<p><label>Jm\u00e9no kontaktn\u00ed osoby<\/label>\n\t\t\t<\/p>\n\t\t<\/div>\n\t\t<div class=\"col-sm-5\">\n\t\t\t<p><span class=\"wpcf7-form-control-wrap\" data-name=\"your-name\"><input size=\"40\" maxlength=\"400\" class=\"wpcf7-form-control wpcf7-text wpcf7-validates-as-required\" aria-required=\"true\" aria-invalid=\"false\" value=\"\" type=\"text\" name=\"your-name\" \/><\/span>\n\t\t\t<\/p>\n\t\t<\/div>\n\t<\/div>\n\t<div class=\"row contact_row\">\n\t\t<div class=\"col-sm-5 col-sm-offset-1\">\n\t\t\t<p><label>N\u00e1zev spole\u010dnosti<\/label>\n\t\t\t<\/p>\n\t\t<\/div>\n\t\t<div class=\"col-sm-5\">\n\t\t\t<p><span class=\"wpcf7-form-control-wrap\" data-name=\"company-name\"><input size=\"40\" maxlength=\"400\" class=\"wpcf7-form-control wpcf7-text wpcf7-validates-as-required\" aria-required=\"true\" aria-invalid=\"false\" value=\"\" type=\"text\" name=\"company-name\" \/><\/span>\n\t\t\t<\/p>\n\t\t<\/div>\n\t<\/div>\n\t<div class=\"row contact_row\">\n\t\t<div class=\"col-sm-5 col-sm-offset-1\">\n\t\t\t<p><label>Adresa spole\u010dnosti<\/label>\n\t\t\t<\/p>\n\t\t<\/div>\n\t\t<div class=\"col-sm-5\">\n\t\t\t<p><span class=\"wpcf7-form-control-wrap\" data-name=\"company-address\"><input size=\"40\" maxlength=\"400\" class=\"wpcf7-form-control wpcf7-text wpcf7-validates-as-required\" aria-required=\"true\" aria-invalid=\"false\" value=\"\" type=\"text\" name=\"company-address\" \/><\/span>\n\t\t\t<\/p>\n\t\t<\/div>\n\t<\/div>\n\t<div class=\"row contact_row\">\n\t\t<div class=\"col-sm-5 col-sm-offset-1\">\n\t\t\t<p><label>Telefonn\u00ed \u010d\u00edslo<\/label>\n\t\t\t<\/p>\n\t\t<\/div>\n\t\t<div class=\"col-sm-5\">\n\t\t\t<p><span class=\"wpcf7-form-control-wrap\" data-name=\"company-phone\"><input size=\"40\" maxlength=\"400\" class=\"wpcf7-form-control wpcf7-text wpcf7-validates-as-required\" aria-required=\"true\" aria-invalid=\"false\" value=\"\" type=\"text\" name=\"company-phone\" \/><\/span>\n\t\t\t<\/p>\n\t\t<\/div>\n\t<\/div>\n\t<div class=\"row contact_row\">\n\t\t<div class=\"col-sm-5 col-sm-offset-1\">\n\t\t\t<p><label>E-mailov\u00e1 adresa<\/label>\n\t\t\t<\/p>\n\t\t<\/div>\n\t\t<div class=\"col-sm-5\">\n\t\t\t<p><span class=\"wpcf7-form-control-wrap\" data-name=\"your-email\"><input size=\"40\" maxlength=\"400\" class=\"wpcf7-form-control wpcf7-email wpcf7-validates-as-required wpcf7-text wpcf7-validates-as-email\" aria-required=\"true\" aria-invalid=\"false\" value=\"\" type=\"email\" name=\"your-email\" \/><\/span>\n\t\t\t<\/p>\n\t\t<\/div>\n\t<\/div>\n\t<div class=\"row contact_row\">\n\t\t<div class=\"col-sm-5 col-sm-offset-1\">\n\t\t\t<p><label>Jazyk origin\u00e1lu bezpe\u010dnostn\u00edho listu<\/label>\n\t\t\t<\/p>\n\t\t<\/div>\n\t\t<div class=\"col-sm-5\">\n\t\t\t<p><span class=\"wpcf7-form-control-wrap\" data-name=\"language\"><input size=\"40\" maxlength=\"400\" class=\"wpcf7-form-control wpcf7-text wpcf7-validates-as-required\" aria-required=\"true\" aria-invalid=\"false\" value=\"\" type=\"text\" name=\"language\" \/><\/span>\n\t\t\t<\/p>\n\t\t<\/div>\n\t<\/div>\n\t<div class=\"row contact_row\">\n\t\t<div class=\"col-sm-5 col-sm-offset-1\">\n\t\t\t<p><label>C\u00edlov\u00fd jazyk a c\u00edlov\u00e1 zem\u011b (v p\u0159\u00edpad\u011b p\u0159ekladu)<\/label>\n\t\t\t<\/p>\n\t\t<\/div>\n\t\t<div class=\"col-sm-5\">\n\t\t\t<p><span class=\"wpcf7-form-control-wrap\" data-name=\"wished-language\"><input size=\"40\" maxlength=\"400\" class=\"wpcf7-form-control wpcf7-text\" aria-invalid=\"false\" value=\"\" type=\"text\" name=\"wished-language\" \/><\/span>\n\t\t\t<\/p>\n\t\t<\/div>\n\t<\/div>\n\t<div class=\"row contact_row\">\n\t\t<div class=\"col-sm-5 col-sm-offset-1\">\n\t\t\t<p><label>Mno\u017estevn\u00ed<\/label>\n\t\t\t<\/p>\n\t\t<\/div>\n\t\t<div class=\"col-sm-5\">\n\t\t\t<p><span class=\"wpcf7-form-control-wrap\" data-name=\"number\"><input size=\"40\" maxlength=\"400\" class=\"wpcf7-form-control wpcf7-text wpcf7-validates-as-required\" aria-required=\"true\" aria-invalid=\"false\" value=\"\" type=\"text\" name=\"number\" \/><\/span>\n\t\t\t<\/p>\n\t\t<\/div>\n\t<\/div>\n\t<div class=\"row contact_row\">\n\t\t<div class=\"col-sm-5 col-sm-offset-1\">\n\t\t\t<p><label>Pozn\u00e1mka<\/label>\n\t\t\t<\/p>\n\t\t<\/div>\n\t\t<div class=\"col-sm-5\">\n\t\t\t<p><span class=\"wpcf7-form-control-wrap\" data-name=\"your-message\"><textarea cols=\"40\" rows=\"10\" maxlength=\"2000\" class=\"wpcf7-form-control wpcf7-textarea\" aria-invalid=\"false\" name=\"your-message\"><\/textarea><\/span>\n\t\t\t<\/p>\n\t\t<\/div>\n\t<\/div>\n\t<div class=\"row contact_row\">\n\t\t<div class=\"col-sm-10 col-sm-offset-1\">\n\t\t\t<p><span class=\"wpcf7-form-control-wrap\" data-name=\"radio-917\"><span class=\"wpcf7-form-control wpcf7-radio\"><span class=\"wpcf7-list-item first\"><input type=\"radio\" name=\"radio-917\" value=\"Vytvo\u0159en\u00ed nov\u00e9ho bezpe\u010dnostn\u00edho listu\" checked=\"checked\" \/><span class=\"wpcf7-list-item-label\">Vytvo\u0159en\u00ed nov\u00e9ho bezpe\u010dnostn\u00edho listu<\/span><\/span><span class=\"wpcf7-list-item\"><input type=\"radio\" name=\"radio-917\" value=\"Revize (aktualizace) bezpe\u010dnostn\u00edho listu\" \/><span class=\"wpcf7-list-item-label\">Revize (aktualizace) bezpe\u010dnostn\u00edho listu<\/span><\/span><span class=\"wpcf7-list-item\"><input type=\"radio\" name=\"radio-917\" value=\"P\u0159eklad bezpe\u010dnostn\u00edho listu  (s p\u0159izp\u016fsoben\u00ed)\" \/><span class=\"wpcf7-list-item-label\">P\u0159eklad bezpe\u010dnostn\u00edho listu  (s p\u0159izp\u016fsoben\u00ed)<\/span><\/span><span class=\"wpcf7-list-item last\"><input type=\"radio\" name=\"radio-917\" value=\"P\u0159eklad bezpe\u010dnostn\u00edho listu  (bez p\u0159izp\u016fsoben\u00ed)\" \/><span class=\"wpcf7-list-item-label\">P\u0159eklad bezpe\u010dnostn\u00edho listu  (bez p\u0159izp\u016fsoben\u00ed)<\/span><\/span><\/span><\/span>\n\t\t\t<\/p>\n\t\t<\/div>\n\t<\/div>\n\t<div class=\"row contact_row policy_row\">\n\t\t<div class=\"col-sm-10 col-sm-offset-1\">\n\t\t\t<p><span class=\"wpcf7-form-control-wrap\" data-name=\"policy\"><span class=\"wpcf7-form-control wpcf7-acceptance\"><span class=\"wpcf7-list-item\"><label><input type=\"checkbox\" name=\"policy\" value=\"1\" aria-invalid=\"false\" \/><span class=\"wpcf7-list-item-label\">Souhlas\u00edm se <a href=\"http:\/\/www.msds-europe.com\/privacy-policy\/\" target=\"_blank\" title=\"z\u00e1sadami ochrany osobn\u00edch \u00fadaj\u016f\">z\u00e1sadami ochrany osobn\u00edch \u00fadaj\u016f<\/a>.<\/span><\/label><\/span><\/span><\/span>\n\t\t\t<\/p>\n\t\t<\/div>\n\t<\/div>\n\t<div class=\"row contact_row\">\n\t\t<div class=\"col-sm-10 col-sm-offset-1 text-right\">\n\t\t\t<p><input class=\"wpcf7-form-control wpcf7-submit has-spinner\" type=\"submit\" value=\"Odeslat\" \/>\n\t\t\t<\/p>\n\t\t<\/div>\n\t<\/div>\n<\/div><div class=\"wpcf7-response-output\" aria-hidden=\"true\"><\/div>\n<\/form>\n<\/div>\n\n","protected":false},"excerpt":{"rendered":"<p>Online \u017e\u00e1dost o cenovou nab\u00eddku na slu\u017ebu bezpe\u010dnostn\u00edch list\u016f. P\u00edsemn\u00e1 cenov\u00e1 nab\u00eddka do 24 hodin.<\/p>\n","protected":false},"author":2,"featured_media":0,"parent":0,"menu_order":0,"comment_status":"closed","ping_status":"closed","template":"","meta":{"_acf_changed":false,"footnotes":""},"class_list":["post-4617","page","type-page","status-publish","hentry"],"acf":[],"yoast_head":"<!-- This site is optimized with the Yoast SEO plugin v27.2 - https:\/\/yoast.com\/product\/yoast-seo-wordpress\/ -->\n<title>Online \u017e\u00e1dost o cenovou nab\u00eddku na slu\u017ebu bezpe\u010dnostn\u00edch list\u016f<\/title>\n<meta name=\"description\" content=\"Online \u017e\u00e1dost o cenovou nab\u00eddku na slu\u017ebu bezpe\u010dnostn\u00edch list\u016f. P\u00edsemn\u00e1 cenov\u00e1 nab\u00eddka do 24 hodin. Rychl\u00e1 a jednoduch\u00e1 \u017e\u00e1dost o nez\u00e1vaznou cenovou nab\u00eddku.\" \/>\n<meta name=\"robots\" content=\"index, follow, max-snippet:-1, max-image-preview:large, max-video-preview:-1\" \/>\n<link rel=\"canonical\" href=\"https:\/\/www.msds-europe.com\/cs\/zadost-cenovou-nabidku-bezpecnostni-list\/\" \/>\n<meta property=\"og:locale\" content=\"cs_CZ\" \/>\n<meta property=\"og:type\" content=\"article\" \/>\n<meta property=\"og:title\" content=\"Online \u017e\u00e1dost o cenovou nab\u00eddku na slu\u017ebu bezpe\u010dnostn\u00edch list\u016f\" \/>\n<meta property=\"og:description\" content=\"Online \u017e\u00e1dost o cenovou nab\u00eddku na slu\u017ebu bezpe\u010dnostn\u00edch list\u016f. P\u00edsemn\u00e1 cenov\u00e1 nab\u00eddka do 24 hodin. Rychl\u00e1 a jednoduch\u00e1 \u017e\u00e1dost o nez\u00e1vaznou cenovou nab\u00eddku.\" \/>\n<meta property=\"og:url\" content=\"https:\/\/www.msds-europe.com\/cs\/zadost-cenovou-nabidku-bezpecnostni-list\/\" \/>\n<meta property=\"og:site_name\" content=\"MSDS Europe\" \/>\n<meta property=\"article:publisher\" content=\"https:\/\/www.facebook.com\/toxinfokft\/\" \/>\n<meta property=\"article:modified_time\" content=\"2026-02-20T13:18:37+00:00\" \/>\n<meta name=\"twitter:card\" content=\"summary_large_image\" \/>\n<meta name=\"twitter:site\" content=\"@ToxInfoKft\" \/>\n<meta name=\"twitter:label1\" content=\"Odhadovan\u00e1 doba \u010dten\u00ed\" \/>\n\t<meta name=\"twitter:data1\" content=\"1 minuta\" \/>\n<script type=\"application\/ld+json\" class=\"yoast-schema-graph\">{\"@context\":\"https:\/\/schema.org\",\"@graph\":[{\"@type\":\"WebPage\",\"@id\":\"https:\/\/www.msds-europe.com\/cs\/zadost-cenovou-nabidku-bezpecnostni-list\/\",\"url\":\"https:\/\/www.msds-europe.com\/cs\/zadost-cenovou-nabidku-bezpecnostni-list\/\",\"name\":\"Online \u017e\u00e1dost o cenovou nab\u00eddku na slu\u017ebu bezpe\u010dnostn\u00edch list\u016f\",\"isPartOf\":{\"@id\":\"https:\/\/www.msds-europe.com\/es\/#website\"},\"datePublished\":\"2018-06-17T09:04:10+00:00\",\"dateModified\":\"2026-02-20T13:18:37+00:00\",\"description\":\"Online \u017e\u00e1dost o cenovou nab\u00eddku na slu\u017ebu bezpe\u010dnostn\u00edch list\u016f. P\u00edsemn\u00e1 cenov\u00e1 nab\u00eddka do 24 hodin. Rychl\u00e1 a jednoduch\u00e1 \u017e\u00e1dost o nez\u00e1vaznou cenovou nab\u00eddku.\",\"breadcrumb\":{\"@id\":\"https:\/\/www.msds-europe.com\/cs\/zadost-cenovou-nabidku-bezpecnostni-list\/#breadcrumb\"},\"inLanguage\":\"cs\",\"potentialAction\":[{\"@type\":\"ReadAction\",\"target\":[\"https:\/\/www.msds-europe.com\/cs\/zadost-cenovou-nabidku-bezpecnostni-list\/\"]}]},{\"@type\":\"BreadcrumbList\",\"@id\":\"https:\/\/www.msds-europe.com\/cs\/zadost-cenovou-nabidku-bezpecnostni-list\/#breadcrumb\",\"itemListElement\":[{\"@type\":\"ListItem\",\"position\":1,\"name\":\"F\u0151oldal\",\"item\":\"https:\/\/www.msds-europe.com\/cs\/\"},{\"@type\":\"ListItem\",\"position\":2,\"name\":\"Online \u017e\u00e1dost o cenovou nab\u00eddku na slu\u017ebu bezpe\u010dnostn\u00edch list\u016f\"}]},{\"@type\":\"WebSite\",\"@id\":\"https:\/\/www.msds-europe.com\/es\/#website\",\"url\":\"https:\/\/www.msds-europe.com\/es\/\",\"name\":\"MSDS Europe\",\"description\":\"\",\"publisher\":{\"@id\":\"https:\/\/www.msds-europe.com\/es\/#organization\"},\"potentialAction\":[{\"@type\":\"SearchAction\",\"target\":{\"@type\":\"EntryPoint\",\"urlTemplate\":\"https:\/\/www.msds-europe.com\/es\/?s={search_term_string}\"},\"query-input\":{\"@type\":\"PropertyValueSpecification\",\"valueRequired\":true,\"valueName\":\"search_term_string\"}}],\"inLanguage\":\"cs\"},{\"@type\":\"Organization\",\"@id\":\"https:\/\/www.msds-europe.com\/es\/#organization\",\"name\":\"MSDS-Europe International branch of ToxInfo\",\"url\":\"https:\/\/www.msds-europe.com\/es\/\",\"logo\":{\"@type\":\"ImageObject\",\"inLanguage\":\"cs\",\"@id\":\"https:\/\/www.msds-europe.com\/es\/#\/schema\/logo\/image\/\",\"url\":\"https:\/\/www.msds-europe.com\/wp-content\/uploads\/2021\/04\/msds-europe-logo.jpg\",\"contentUrl\":\"https:\/\/www.msds-europe.com\/wp-content\/uploads\/2021\/04\/msds-europe-logo.jpg\",\"width\":2296,\"height\":1067,\"caption\":\"MSDS-Europe International branch of ToxInfo\"},\"image\":{\"@id\":\"https:\/\/www.msds-europe.com\/es\/#\/schema\/logo\/image\/\"},\"sameAs\":[\"https:\/\/www.facebook.com\/toxinfokft\/\",\"https:\/\/x.com\/ToxInfoKft\"]}]}<\/script>\n<!-- \/ Yoast SEO plugin. -->","yoast_head_json":{"title":"Online \u017e\u00e1dost o cenovou nab\u00eddku na slu\u017ebu bezpe\u010dnostn\u00edch list\u016f","description":"Online \u017e\u00e1dost o cenovou nab\u00eddku na slu\u017ebu bezpe\u010dnostn\u00edch list\u016f. P\u00edsemn\u00e1 cenov\u00e1 nab\u00eddka do 24 hodin. Rychl\u00e1 a jednoduch\u00e1 \u017e\u00e1dost o nez\u00e1vaznou cenovou nab\u00eddku.","robots":{"index":"index","follow":"follow","max-snippet":"max-snippet:-1","max-image-preview":"max-image-preview:large","max-video-preview":"max-video-preview:-1"},"canonical":"https:\/\/www.msds-europe.com\/cs\/zadost-cenovou-nabidku-bezpecnostni-list\/","og_locale":"cs_CZ","og_type":"article","og_title":"Online \u017e\u00e1dost o cenovou nab\u00eddku na slu\u017ebu bezpe\u010dnostn\u00edch list\u016f","og_description":"Online \u017e\u00e1dost o cenovou nab\u00eddku na slu\u017ebu bezpe\u010dnostn\u00edch list\u016f. P\u00edsemn\u00e1 cenov\u00e1 nab\u00eddka do 24 hodin. Rychl\u00e1 a jednoduch\u00e1 \u017e\u00e1dost o nez\u00e1vaznou cenovou nab\u00eddku.","og_url":"https:\/\/www.msds-europe.com\/cs\/zadost-cenovou-nabidku-bezpecnostni-list\/","og_site_name":"MSDS Europe","article_publisher":"https:\/\/www.facebook.com\/toxinfokft\/","article_modified_time":"2026-02-20T13:18:37+00:00","twitter_card":"summary_large_image","twitter_site":"@ToxInfoKft","twitter_misc":{"Odhadovan\u00e1 doba \u010dten\u00ed":"1 minuta"},"schema":{"@context":"https:\/\/schema.org","@graph":[{"@type":"WebPage","@id":"https:\/\/www.msds-europe.com\/cs\/zadost-cenovou-nabidku-bezpecnostni-list\/","url":"https:\/\/www.msds-europe.com\/cs\/zadost-cenovou-nabidku-bezpecnostni-list\/","name":"Online \u017e\u00e1dost o cenovou nab\u00eddku na slu\u017ebu bezpe\u010dnostn\u00edch list\u016f","isPartOf":{"@id":"https:\/\/www.msds-europe.com\/es\/#website"},"datePublished":"2018-06-17T09:04:10+00:00","dateModified":"2026-02-20T13:18:37+00:00","description":"Online \u017e\u00e1dost o cenovou nab\u00eddku na slu\u017ebu bezpe\u010dnostn\u00edch list\u016f. P\u00edsemn\u00e1 cenov\u00e1 nab\u00eddka do 24 hodin. Rychl\u00e1 a jednoduch\u00e1 \u017e\u00e1dost o nez\u00e1vaznou cenovou nab\u00eddku.","breadcrumb":{"@id":"https:\/\/www.msds-europe.com\/cs\/zadost-cenovou-nabidku-bezpecnostni-list\/#breadcrumb"},"inLanguage":"cs","potentialAction":[{"@type":"ReadAction","target":["https:\/\/www.msds-europe.com\/cs\/zadost-cenovou-nabidku-bezpecnostni-list\/"]}]},{"@type":"BreadcrumbList","@id":"https:\/\/www.msds-europe.com\/cs\/zadost-cenovou-nabidku-bezpecnostni-list\/#breadcrumb","itemListElement":[{"@type":"ListItem","position":1,"name":"F\u0151oldal","item":"https:\/\/www.msds-europe.com\/cs\/"},{"@type":"ListItem","position":2,"name":"Online \u017e\u00e1dost o cenovou nab\u00eddku na slu\u017ebu bezpe\u010dnostn\u00edch list\u016f"}]},{"@type":"WebSite","@id":"https:\/\/www.msds-europe.com\/es\/#website","url":"https:\/\/www.msds-europe.com\/es\/","name":"MSDS Europe","description":"","publisher":{"@id":"https:\/\/www.msds-europe.com\/es\/#organization"},"potentialAction":[{"@type":"SearchAction","target":{"@type":"EntryPoint","urlTemplate":"https:\/\/www.msds-europe.com\/es\/?s={search_term_string}"},"query-input":{"@type":"PropertyValueSpecification","valueRequired":true,"valueName":"search_term_string"}}],"inLanguage":"cs"},{"@type":"Organization","@id":"https:\/\/www.msds-europe.com\/es\/#organization","name":"MSDS-Europe International branch of ToxInfo","url":"https:\/\/www.msds-europe.com\/es\/","logo":{"@type":"ImageObject","inLanguage":"cs","@id":"https:\/\/www.msds-europe.com\/es\/#\/schema\/logo\/image\/","url":"https:\/\/www.msds-europe.com\/wp-content\/uploads\/2021\/04\/msds-europe-logo.jpg","contentUrl":"https:\/\/www.msds-europe.com\/wp-content\/uploads\/2021\/04\/msds-europe-logo.jpg","width":2296,"height":1067,"caption":"MSDS-Europe International branch of ToxInfo"},"image":{"@id":"https:\/\/www.msds-europe.com\/es\/#\/schema\/logo\/image\/"},"sameAs":["https:\/\/www.facebook.com\/toxinfokft\/","https:\/\/x.com\/ToxInfoKft"]}]}},"_links":{"self":[{"href":"https:\/\/www.msds-europe.com\/cs\/wp-json\/wp\/v2\/pages\/4617","targetHints":{"allow":["GET"]}}],"collection":[{"href":"https:\/\/www.msds-europe.com\/cs\/wp-json\/wp\/v2\/pages"}],"about":[{"href":"https:\/\/www.msds-europe.com\/cs\/wp-json\/wp\/v2\/types\/page"}],"author":[{"embeddable":true,"href":"https:\/\/www.msds-europe.com\/cs\/wp-json\/wp\/v2\/users\/2"}],"replies":[{"embeddable":true,"href":"https:\/\/www.msds-europe.com\/cs\/wp-json\/wp\/v2\/comments?post=4617"}],"version-history":[{"count":14,"href":"https:\/\/www.msds-europe.com\/cs\/wp-json\/wp\/v2\/pages\/4617\/revisions"}],"predecessor-version":[{"id":37349,"href":"https:\/\/www.msds-europe.com\/cs\/wp-json\/wp\/v2\/pages\/4617\/revisions\/37349"}],"wp:attachment":[{"href":"https:\/\/www.msds-europe.com\/cs\/wp-json\/wp\/v2\/media?parent=4617"}],"curies":[{"name":"wp","href":"https:\/\/api.w.org\/{rel}","templated":true}]}}