{"id":4493,"date":"2018-06-14T11:43:44","date_gmt":"2018-06-14T11:43:44","guid":{"rendered":"http:\/\/www.msds-europe.com\/kosmeticke-vyrobky-souhrn-uzitecnych-informaci\/"},"modified":"2020-03-12T11:34:21","modified_gmt":"2020-03-12T11:34:21","slug":"kosmeticke-vyrobky","status":"publish","type":"page","link":"https:\/\/www.msds-europe.com\/cs\/kosmeticke-vyrobky\/","title":{"rendered":"Kosmetick\u00e9 v\u00fdrobky &#8211; souhrn u\u017eite\u010dn\u00fdch informac\u00ed"},"content":{"rendered":"<p style=\"text-align: right;\"><em><a href=\"https:\/\/www.msds-europe.com\/cs\/\">MSDS-Europe<\/a> \u2013 Z\u00e1kladna v\u011bdomost\u00ed pro kosmetick\u00e9 v\u00fdrobky<\/em><\/p>\n<p>U\u017eite\u010dn\u00e9 z\u00e1kladn\u00ed \u00fadaje a informace o po\u017eadavc\u00edch pro uv\u00e1d\u011bn\u00ed kosmetiky na trh a pro postup schvalov\u00e1n\u00ed.<\/p>\n<p>&nbsp;<\/p>\n<h2>\u00da\u010del z\u00e1kladny v\u011bdomost\u00ed o kosmetick\u00fdch v\u00fdrobc\u00edch<\/h2>\n<p style=\"text-align: justify;\">Vytvo\u0159en\u00edm t\u00e9to z\u00e1kladny v\u011bdomost\u00ed bychom cht\u011bli pomoci p\u0159i pr\u00e1ci spole\u010dnostem vyr\u00e1b\u011bj\u00edc\u00edm\/distribuuj\u00edc\u00edm kosmetick\u00e9 v\u00fdrobky.<\/p>\n<p style=\"text-align: justify;\">V kategorii z\u00e1kladna v\u011bdomost\u00ed pro kosmetick\u00e9 v\u00fdrobky zve\u0159ej\u0148ujeme zejm\u00e9na takov\u00e9 \u010dl\u00e1nky, kter\u00e9 se net\u00fdkaj\u00ed konkr\u00e9tn\u00edho \u00fakolu nebo z\u00e1konn\u00e9ho po\u017eadavku, kter\u00e9 v\u0161ak p\u0159esto mohou obsahovat d\u016fle\u017eit\u00e9 informace.<\/p>\n<p style=\"text-align: justify;\"><strong>Upozorn\u011bn\u00ed!<\/strong><br \/>\nP\u0159i stanoven\u00ed \u00fakol\u016f souvisej\u00edc\u00edch s kosmetick\u00fdm v\u00fdrobkem je v\u017edy nezbytn\u00e9 zv\u00e1\u017eit v\u0161echny zvl\u00e1\u0161tn\u00ed aspekty v\u00fdrobku a \u010dinnosti prov\u00e1d\u011bn\u00e9 s v\u00fdrobkem.<br \/>\nPouze text p\u0159\u00edslu\u0161n\u00fdch sm\u011brnic je mo\u017eno pova\u017eovat za autentick\u00e9, \u010dl\u00e1nky zve\u0159ejn\u011bn\u00e9 na na\u0161ich webov\u00fdch str\u00e1nk\u00e1ch jsou pouze pro informaci.<\/p>\n<p style=\"text-align: justify;\">P\u0159e\u010dt\u011bte si nejnov\u011bj\u0161\u00ed p\u0159edpisy v \u201e<a href=\"https:\/\/www.msds-europe.com\/cs\/regulacni-zmeny-v-oblasti-chemicke-bezpecnosti\/\">P\u0159edpisy o chemick\u00e9 bezpe\u010dnosti<\/a>\u201c.<\/p>\n<p>&nbsp;<\/p>\n<h4><span style=\"color: #333333;\">Nejnov\u011bj\u0161\u00ed \u010dl\u00e1nky o z\u00e1kladn\u011b v\u011bdomost\u00ed v oblasti kosmetick\u00fdch v\u00fdrobk\u016f<\/span><\/h4>\n<ul>\n<li><a href=\"https:\/\/www.msds-europe.com\/cs\/povinnosti-distributoru-kosmetickych-vyrobku\/\">Povinnosti distributor\u016f kosmetick\u00fdch v\u00fdrobk\u016f<\/a><\/li>\n<li><a href=\"https:\/\/www.msds-europe.com\/cs\/odpovednosti-odpovedne-osoby\/\">Odpov\u011bdnosti odpov\u011bdn\u00e9 osoby<\/a><\/li>\n<\/ul>\n<p>&nbsp;<\/p>\n<h3>Bezplatn\u00e1 konzultace online<\/h3>\n<p style=\"text-align: justify;\">Pokud jste na na\u0161ich webov\u00fdch str\u00e1nk\u00e1ch nena\u0161li informace, kter\u00e9 pot\u0159ebujete, polo\u017ete svou ot\u00e1zku ohledn\u011b chemick\u00e9 bezpe\u010dnosti p\u0159\u00edmo na\u0161emu odborn\u00edkovi.<\/p>\n<p style=\"text-align: justify;\">Na odesl\u00e1n\u00ed dotazu pou\u017eijte pros\u00edm n\u00e1sleduj\u00edc\u00ed aplikaci na odes\u00edl\u00e1n\u00ed zpr\u00e1v:<br \/>\n<a href=\"https:\/\/www.msds-europe.com\/cs\/online-konzultace\/\">Bezplatn\u00e1 konzultace online<\/a><\/p>\n<p>&nbsp;<\/p>\n<h3>Pokud pot\u0159ebujete pomoc<\/h3>\n<p>Na\u0161e <a href=\"https:\/\/www.msds-europe.com\/cs\/zakaznicke-sluzby\/\">z\u00e1kaznick\u00e9 slu\u017eby<\/a> v\u00e1m pom\u016f\u017eou vybrat si tu spr\u00e1vnou slu\u017ebu.<\/p>\n<p>&nbsp;<\/p>\n<h3><span style=\"color: #333333;\">Na\u0161e slu\u017eby<\/span><\/h3>\n<ul>\n<li><a href=\"https:\/\/www.msds-europe.com\/cs\/sluzba-oznameni-cpnp\/\">Slu\u017eba ozn\u00e1men\u00ed kosmetick\u00fdch<\/a> v\u00fdrobk\u016f port\u00e1lu CPNP<\/li>\n<li><a href=\"https:\/\/www.msds-europe.com\/cs\/vytvareni-preklad-navrhu-etiket-kosmeticke\/\">Vytvo\u0159en\u00ed a p\u0159eklad n\u00e1vrhu etiket pro kosmetick\u00e9<\/a> v\u00fdrobky v souladu s p\u0159\u00edslu\u0161n\u00fdmi p\u0159edpisy<\/li>\n<li>Slu\u017eba <a href=\"https:\/\/www.msds-europe.com\/cs\/provest-posouzeni-bezpecnosti-pro-kosmetiku\/\">prov\u00e9st posouzen\u00ed bezpe\u010dnosti pro kosmetick\u00e9<\/a> v\u00fdrobky v souladu se sm\u011brnic\u00ed (ES) \u010d. 1223\/2009<\/li>\n<\/ul>\n<p>&nbsp;<\/p>\n<blockquote class=\"wp-embedded-content\" data-secret=\"5uyc5wLQjv\"><p><a href=\"https:\/\/www.msds-europe.com\/cs\/sluzby-tykajici-kosmetickych-vyrobku\/\">Slu\u017eby souvisej\u00edc\u00ed s um\u00edst\u011bn\u00edm kosmetick\u00fdch v\u00fdrobk\u016f na trh.<\/a><\/p><\/blockquote>\n<p><iframe class=\"wp-embedded-content\" sandbox=\"allow-scripts\" security=\"restricted\" style=\"position: absolute; visibility: hidden;\" title=\"&#8222;Slu\u017eby souvisej\u00edc\u00ed s um\u00edst\u011bn\u00edm kosmetick\u00fdch v\u00fdrobk\u016f na trh.&#8220; &#8212; MSDS Europe\" src=\"https:\/\/www.msds-europe.com\/cs\/sluzby-tykajici-kosmetickych-vyrobku\/embed\/#?secret=Vv4JsRUXgm#?secret=5uyc5wLQjv\" data-secret=\"5uyc5wLQjv\" width=\"500\" height=\"282\" frameborder=\"0\" marginwidth=\"0\" marginheight=\"0\" scrolling=\"no\"><\/iframe><\/p>\n<p>&nbsp;<\/p>\n","protected":false},"excerpt":{"rendered":"<p>Souhrn u\u017eite\u010dn\u00fdch z\u00e1kladn\u00edch materi\u00e1l\u016f, kter\u00e9 v\u00e1m pom\u00e1haj\u00ed porozum\u011bt z\u00e1kladn\u00edm po\u017eadavk\u016fm v oblasti kosmetiky a dodr\u017eovat je.<\/p>\n","protected":false},"author":2,"featured_media":0,"parent":0,"menu_order":0,"comment_status":"closed","ping_status":"closed","template":"page-category.php","meta":{"_acf_changed":false,"footnotes":""},"tags":[243,295,294],"class_list":["post-4493","page","type-page","status-publish","hentry","tag-kosmetika-cs","tag-zakladna-vedomosti-cs","tag-zakladna-vedomosti-pro-kosmeticke-vyrobky"],"acf":[],"yoast_head":"<!-- This site is optimized with the Yoast SEO plugin v27.2 - https:\/\/yoast.com\/product\/yoast-seo-wordpress\/ -->\n<title>Z\u00e1kladn\u00ed informace pro distribuci kosmetick\u00fdch v\u00fdrobk\u016f<\/title>\n<meta name=\"description\" content=\"Z\u00e1kladna v\u011bdomost\u00ed o kosmetick\u00fdch v\u00fdrobc\u00edch pom\u00e1h\u00e1 porozum\u011bt z\u00e1konn\u00fdm po\u017eadavk\u016fm t\u00fdkaj\u00edc\u00edm se kosmetiky a dodr\u017eovat je.\" \/>\n<meta name=\"robots\" content=\"index, follow, max-snippet:-1, max-image-preview:large, max-video-preview:-1\" \/>\n<link rel=\"canonical\" href=\"https:\/\/www.msds-europe.com\/cs\/kosmeticke-vyrobky\/\" \/>\n<meta property=\"og:locale\" content=\"cs_CZ\" \/>\n<meta property=\"og:type\" content=\"article\" \/>\n<meta property=\"og:title\" content=\"Z\u00e1kladn\u00ed informace pro distribuci kosmetick\u00fdch v\u00fdrobk\u016f\" \/>\n<meta property=\"og:description\" content=\"Z\u00e1kladna v\u011bdomost\u00ed o kosmetick\u00fdch v\u00fdrobc\u00edch pom\u00e1h\u00e1 porozum\u011bt z\u00e1konn\u00fdm po\u017eadavk\u016fm t\u00fdkaj\u00edc\u00edm se kosmetiky a dodr\u017eovat je.\" \/>\n<meta property=\"og:url\" content=\"https:\/\/www.msds-europe.com\/cs\/kosmeticke-vyrobky\/\" \/>\n<meta property=\"og:site_name\" content=\"MSDS Europe\" \/>\n<meta property=\"article:publisher\" content=\"https:\/\/www.facebook.com\/toxinfokft\/\" \/>\n<meta property=\"article:modified_time\" content=\"2020-03-12T11:34:21+00:00\" \/>\n<meta name=\"twitter:card\" content=\"summary_large_image\" \/>\n<meta name=\"twitter:site\" content=\"@ToxInfoKft\" \/>\n<meta name=\"twitter:label1\" content=\"Odhadovan\u00e1 doba \u010dten\u00ed\" \/>\n\t<meta name=\"twitter:data1\" content=\"2 minuty\" \/>\n<script type=\"application\/ld+json\" class=\"yoast-schema-graph\">{\"@context\":\"https:\/\/schema.org\",\"@graph\":[{\"@type\":\"WebPage\",\"@id\":\"https:\/\/www.msds-europe.com\/cs\/kosmeticke-vyrobky\/\",\"url\":\"https:\/\/www.msds-europe.com\/cs\/kosmeticke-vyrobky\/\",\"name\":\"Z\u00e1kladn\u00ed informace pro distribuci kosmetick\u00fdch v\u00fdrobk\u016f\",\"isPartOf\":{\"@id\":\"https:\/\/www.msds-europe.com\/es\/#website\"},\"datePublished\":\"2018-06-14T11:43:44+00:00\",\"dateModified\":\"2020-03-12T11:34:21+00:00\",\"description\":\"Z\u00e1kladna v\u011bdomost\u00ed o kosmetick\u00fdch v\u00fdrobc\u00edch pom\u00e1h\u00e1 porozum\u011bt z\u00e1konn\u00fdm po\u017eadavk\u016fm t\u00fdkaj\u00edc\u00edm se kosmetiky a dodr\u017eovat je.\",\"breadcrumb\":{\"@id\":\"https:\/\/www.msds-europe.com\/cs\/kosmeticke-vyrobky\/#breadcrumb\"},\"inLanguage\":\"cs\",\"potentialAction\":[{\"@type\":\"ReadAction\",\"target\":[\"https:\/\/www.msds-europe.com\/cs\/kosmeticke-vyrobky\/\"]}]},{\"@type\":\"BreadcrumbList\",\"@id\":\"https:\/\/www.msds-europe.com\/cs\/kosmeticke-vyrobky\/#breadcrumb\",\"itemListElement\":[{\"@type\":\"ListItem\",\"position\":1,\"name\":\"F\u0151oldal\",\"item\":\"https:\/\/www.msds-europe.com\/cs\/\"},{\"@type\":\"ListItem\",\"position\":2,\"name\":\"Kosmetick\u00e9 v\u00fdrobky &#8211; souhrn u\u017eite\u010dn\u00fdch informac\u00ed\"}]},{\"@type\":\"WebSite\",\"@id\":\"https:\/\/www.msds-europe.com\/es\/#website\",\"url\":\"https:\/\/www.msds-europe.com\/es\/\",\"name\":\"MSDS Europe\",\"description\":\"\",\"publisher\":{\"@id\":\"https:\/\/www.msds-europe.com\/es\/#organization\"},\"potentialAction\":[{\"@type\":\"SearchAction\",\"target\":{\"@type\":\"EntryPoint\",\"urlTemplate\":\"https:\/\/www.msds-europe.com\/es\/?s={search_term_string}\"},\"query-input\":{\"@type\":\"PropertyValueSpecification\",\"valueRequired\":true,\"valueName\":\"search_term_string\"}}],\"inLanguage\":\"cs\"},{\"@type\":\"Organization\",\"@id\":\"https:\/\/www.msds-europe.com\/es\/#organization\",\"name\":\"MSDS-Europe International branch of ToxInfo\",\"url\":\"https:\/\/www.msds-europe.com\/es\/\",\"logo\":{\"@type\":\"ImageObject\",\"inLanguage\":\"cs\",\"@id\":\"https:\/\/www.msds-europe.com\/es\/#\/schema\/logo\/image\/\",\"url\":\"https:\/\/www.msds-europe.com\/wp-content\/uploads\/2021\/04\/msds-europe-logo.jpg\",\"contentUrl\":\"https:\/\/www.msds-europe.com\/wp-content\/uploads\/2021\/04\/msds-europe-logo.jpg\",\"width\":2296,\"height\":1067,\"caption\":\"MSDS-Europe International branch of ToxInfo\"},\"image\":{\"@id\":\"https:\/\/www.msds-europe.com\/es\/#\/schema\/logo\/image\/\"},\"sameAs\":[\"https:\/\/www.facebook.com\/toxinfokft\/\",\"https:\/\/x.com\/ToxInfoKft\"]}]}<\/script>\n<!-- \/ Yoast SEO plugin. -->","yoast_head_json":{"title":"Z\u00e1kladn\u00ed informace pro distribuci kosmetick\u00fdch v\u00fdrobk\u016f","description":"Z\u00e1kladna v\u011bdomost\u00ed o kosmetick\u00fdch v\u00fdrobc\u00edch pom\u00e1h\u00e1 porozum\u011bt z\u00e1konn\u00fdm po\u017eadavk\u016fm t\u00fdkaj\u00edc\u00edm se kosmetiky a dodr\u017eovat je.","robots":{"index":"index","follow":"follow","max-snippet":"max-snippet:-1","max-image-preview":"max-image-preview:large","max-video-preview":"max-video-preview:-1"},"canonical":"https:\/\/www.msds-europe.com\/cs\/kosmeticke-vyrobky\/","og_locale":"cs_CZ","og_type":"article","og_title":"Z\u00e1kladn\u00ed informace pro distribuci kosmetick\u00fdch v\u00fdrobk\u016f","og_description":"Z\u00e1kladna v\u011bdomost\u00ed o kosmetick\u00fdch v\u00fdrobc\u00edch pom\u00e1h\u00e1 porozum\u011bt z\u00e1konn\u00fdm po\u017eadavk\u016fm t\u00fdkaj\u00edc\u00edm se kosmetiky a dodr\u017eovat je.","og_url":"https:\/\/www.msds-europe.com\/cs\/kosmeticke-vyrobky\/","og_site_name":"MSDS Europe","article_publisher":"https:\/\/www.facebook.com\/toxinfokft\/","article_modified_time":"2020-03-12T11:34:21+00:00","twitter_card":"summary_large_image","twitter_site":"@ToxInfoKft","twitter_misc":{"Odhadovan\u00e1 doba \u010dten\u00ed":"2 minuty"},"schema":{"@context":"https:\/\/schema.org","@graph":[{"@type":"WebPage","@id":"https:\/\/www.msds-europe.com\/cs\/kosmeticke-vyrobky\/","url":"https:\/\/www.msds-europe.com\/cs\/kosmeticke-vyrobky\/","name":"Z\u00e1kladn\u00ed informace pro distribuci kosmetick\u00fdch v\u00fdrobk\u016f","isPartOf":{"@id":"https:\/\/www.msds-europe.com\/es\/#website"},"datePublished":"2018-06-14T11:43:44+00:00","dateModified":"2020-03-12T11:34:21+00:00","description":"Z\u00e1kladna v\u011bdomost\u00ed o kosmetick\u00fdch v\u00fdrobc\u00edch pom\u00e1h\u00e1 porozum\u011bt z\u00e1konn\u00fdm po\u017eadavk\u016fm t\u00fdkaj\u00edc\u00edm se kosmetiky a dodr\u017eovat je.","breadcrumb":{"@id":"https:\/\/www.msds-europe.com\/cs\/kosmeticke-vyrobky\/#breadcrumb"},"inLanguage":"cs","potentialAction":[{"@type":"ReadAction","target":["https:\/\/www.msds-europe.com\/cs\/kosmeticke-vyrobky\/"]}]},{"@type":"BreadcrumbList","@id":"https:\/\/www.msds-europe.com\/cs\/kosmeticke-vyrobky\/#breadcrumb","itemListElement":[{"@type":"ListItem","position":1,"name":"F\u0151oldal","item":"https:\/\/www.msds-europe.com\/cs\/"},{"@type":"ListItem","position":2,"name":"Kosmetick\u00e9 v\u00fdrobky &#8211; souhrn u\u017eite\u010dn\u00fdch informac\u00ed"}]},{"@type":"WebSite","@id":"https:\/\/www.msds-europe.com\/es\/#website","url":"https:\/\/www.msds-europe.com\/es\/","name":"MSDS Europe","description":"","publisher":{"@id":"https:\/\/www.msds-europe.com\/es\/#organization"},"potentialAction":[{"@type":"SearchAction","target":{"@type":"EntryPoint","urlTemplate":"https:\/\/www.msds-europe.com\/es\/?s={search_term_string}"},"query-input":{"@type":"PropertyValueSpecification","valueRequired":true,"valueName":"search_term_string"}}],"inLanguage":"cs"},{"@type":"Organization","@id":"https:\/\/www.msds-europe.com\/es\/#organization","name":"MSDS-Europe International branch of ToxInfo","url":"https:\/\/www.msds-europe.com\/es\/","logo":{"@type":"ImageObject","inLanguage":"cs","@id":"https:\/\/www.msds-europe.com\/es\/#\/schema\/logo\/image\/","url":"https:\/\/www.msds-europe.com\/wp-content\/uploads\/2021\/04\/msds-europe-logo.jpg","contentUrl":"https:\/\/www.msds-europe.com\/wp-content\/uploads\/2021\/04\/msds-europe-logo.jpg","width":2296,"height":1067,"caption":"MSDS-Europe International branch of ToxInfo"},"image":{"@id":"https:\/\/www.msds-europe.com\/es\/#\/schema\/logo\/image\/"},"sameAs":["https:\/\/www.facebook.com\/toxinfokft\/","https:\/\/x.com\/ToxInfoKft"]}]}},"_links":{"self":[{"href":"https:\/\/www.msds-europe.com\/cs\/wp-json\/wp\/v2\/pages\/4493","targetHints":{"allow":["GET"]}}],"collection":[{"href":"https:\/\/www.msds-europe.com\/cs\/wp-json\/wp\/v2\/pages"}],"about":[{"href":"https:\/\/www.msds-europe.com\/cs\/wp-json\/wp\/v2\/types\/page"}],"author":[{"embeddable":true,"href":"https:\/\/www.msds-europe.com\/cs\/wp-json\/wp\/v2\/users\/2"}],"replies":[{"embeddable":true,"href":"https:\/\/www.msds-europe.com\/cs\/wp-json\/wp\/v2\/comments?post=4493"}],"version-history":[{"count":6,"href":"https:\/\/www.msds-europe.com\/cs\/wp-json\/wp\/v2\/pages\/4493\/revisions"}],"predecessor-version":[{"id":20793,"href":"https:\/\/www.msds-europe.com\/cs\/wp-json\/wp\/v2\/pages\/4493\/revisions\/20793"}],"wp:attachment":[{"href":"https:\/\/www.msds-europe.com\/cs\/wp-json\/wp\/v2\/media?parent=4493"}],"wp:term":[{"taxonomy":"post_tag","embeddable":true,"href":"https:\/\/www.msds-europe.com\/cs\/wp-json\/wp\/v2\/tags?post=4493"}],"curies":[{"name":"wp","href":"https:\/\/api.w.org\/{rel}","templated":true}]}}