{"id":3935,"date":"2018-05-22T10:12:50","date_gmt":"2018-05-22T10:12:50","guid":{"rendered":"http:\/\/www.msds-europe.com\/vytvareni-bezpecnostnich-listu-pro-kosmeticke-vyrobky\/"},"modified":"2018-06-29T12:59:25","modified_gmt":"2018-06-29T12:59:25","slug":"vytvareni-bezpecnostnich-listu-pro-kosmeticke-vyrobky","status":"publish","type":"page","link":"https:\/\/www.msds-europe.com\/cs\/vytvareni-bezpecnostnich-listu-pro-kosmeticke-vyrobky\/","title":{"rendered":"Vytv\u00e1\u0159en\u00ed bezpe\u010dnostn\u00edch list\u016f pro kosmetick\u00e9 v\u00fdrobky"},"content":{"rendered":"<p style=\"text-align: right;\"><em><span style=\"font-family: Calibri;\"><a href=\"http:\/\/www.msds-europe.com\/cs\/sluzby-tykajici-kosmetickych-vyrobku\/\">Na\u0161e slu\u017eby t\u00fdkaj\u00edc\u00ed se kosmetick\u00fdch v\u00fdrobk\u016f<\/a><\/span><span style=\"color: #000000; font-family: Calibri;\">\u00a0\u2013\u00a0Vytv\u00e1\u0159en\u00ed bezpe\u010dnostn\u00edch list\u016f pro kosmetick\u00e9 v\u00fdrobky<\/span><\/em><\/p>\n<p>&nbsp;<\/p>\n<p style=\"text-align: justify;\"><span style=\"color: #000000; font-family: Calibri;\">Klienti n\u00e1s v mnoha p\u0159\u00edpadech kontaktovali s po\u017eadavkem na vytvo\u0159en\u00ed bezpe\u010dnostn\u00edho listu na jejich kosmetick\u00e9 v\u00fdrobky.<\/span><\/p>\n<p style=\"text-align: justify;\"><span style=\"color: #000000; font-family: Calibri;\">Na\u0161i z\u00e1kazn\u00edci si samoz\u0159ejm\u011b byli v\u011bdomi toho (a rovn\u011b\u017e jsme je na to upozornili), \u017ee na kosmetick\u00e9 v\u00fdrobky se na\u0159\u00edzen\u00ed p\u0159edpis\u016f v oblasti chemick\u00e9 bezpe\u010dnosti nevztahuj\u00ed.<\/span><\/p>\n<p style=\"text-align: justify;\"><span style=\"color: #000000; font-family: Calibri;\">Neexistuje \u017e\u00e1dn\u00fd z\u00e1konn\u00fd po\u017eadavek t\u00fdkaj\u00edc\u00ed se kosmetick\u00fdch v\u00fdrobk\u016f, kter\u00fd by stanovil povinnost pro \u00fa\u010dastn\u00edky trhu s ohledem na existenci, p\u0159evod nebo vytvo\u0159en\u00ed bezpe\u010dnostn\u00edho listu.<\/span><\/p>\n<p style=\"text-align: justify;\"><span style=\"color: #000000; font-family: Calibri;\">\u00a0<\/span><\/p>\n<h2>Bezpe\u010dnostn\u00ed listy pro kosmetick\u00e9 v\u00fdrobky se doporu\u010duj\u00ed pro n\u00e1sleduj\u00edc\u00ed situace<\/h2>\n<p style=\"text-align: justify;\"><span style=\"color: #000000; font-family: Calibri;\">V r\u00e1mci v\u00fdroby, uskladn\u011bn\u00ed, balen\u00ed \u010di p\u0159epravy kosmetick\u00fdch v\u00fdrobk\u016f m\u016f\u017ee vzniknout potenci\u00e1ln\u00ed nebezpe\u010d\u00ed pro zam\u011bstnance. Bezpe\u010dnostn\u00ed list m\u016f\u017ee p\u0159edstavovat vynikaj\u00edc\u00ed \u201en\u00e1stroj\u201c pro p\u0159enos informac\u00ed pot\u0159ebn\u00fdch pro bezpe\u010dnou pr\u00e1ci.<\/span><\/p>\n<p style=\"text-align: justify;\"><span style=\"color: #000000; font-family: Calibri;\">P\u0159i p\u0159\u00edprav\u011b bezpe\u010dnostn\u00edho listu pro kosmetick\u00fd v\u00fdrobek se postupuje stejn\u011b jako u jin\u00fdch sm\u011bs\u00ed.<\/span><\/p>\n<p style=\"text-align: justify;\"><span style=\"color: #000000; font-family: Calibri;\">Pln\u011b zohled\u0148ujeme obsahov\u00e9 a form\u00e1tov\u00e9 po\u017eadavky a <a href=\"http:\/\/www.msds-europe.com\/cs\/regulacni-zmeny-v-oblasti-chemicke-bezpecnosti\/\">p\u0159\u00edslu\u0161nou legislativu t\u00fdkaj\u00edc\u00ed<\/a> se bezpe\u010dnostn\u00edch list\u016f.<\/span><\/p>\n<p style=\"text-align: justify;\"><span style=\"color: #000000; font-family: Calibri;\">\u00a0<\/span><\/p>\n<h2>V\u00edce informac\u00ed o slu\u017eb\u00e1ch t\u00fdkaj\u00edc\u00edch se vytv\u00e1\u0159en\u00ed bezpe\u010dnostn\u00edch list\u016f<\/h2>\n<p style=\"text-align: justify;\"><span style=\"color: #000000; font-family: Calibri;\">Popis slu\u017eeb, kter\u00fd m\u016f\u017eete naj\u00edt v \u010d\u00e1sti \u201e<a href=\"http:\/\/www.msds-europe.com\/cs\/sestaveni-vytvoreni-bezpecnostniho-listu\/\">Slu\u017eby pro bezpe\u010dnostn\u00ed listy<\/a>\u201c, se vztahuje rovn\u011b\u017e na postupy uplat\u0148ovan\u00e9 na kosmetick\u00e9 v\u00fdrobky.<\/span><\/p>\n<p style=\"text-align: justify;\"><span style=\"color: #000000; font-family: Calibri;\">V ka\u017ed\u00e9m p\u0159\u00edpad\u011b uvedeme na bezpe\u010dnostn\u00edm listu skute\u010dnost, \u017ee v p\u0159\u00edpad\u011b p\u0159\u00edslu\u0161n\u00e9ho v\u00fdrobku nen\u00ed povinnost\u00ed poskytnout bezpe\u010dnostn\u00ed list z\u00e1kazn\u00edkovi a \u017ee zve\u0159ejn\u011bn\u00e9 \u00fadaje jsou pouze pro informaci.<\/span><\/p>\n<p>&nbsp;<\/p>\n<h2>\u017d\u00e1dost o cenovou nab\u00eddku vytvo\u0159en\u00ed bezpe\u010dnostn\u00edho listu<\/h2>\n<p style=\"text-align: justify;\"><span style=\"font-family: Calibri;\"><span style=\"color: #000000;\"><a href=\"mailto:info@msds-europe.com\">Na \u017e\u00e1dost o cenovou nab\u00eddku zaslanou e-mailem <\/a><\/span><\/span><span style=\"font-family: Calibri;\"><span style=\"color: #000000;\">nebo prost\u0159ednictv\u00edm <\/span><\/span><span style=\"font-family: Calibri;\"><span style=\"color: #000000;\"><a href=\"http:\/\/www.msds-europe.com\/cs\/zadost-cenovou-nabidku-kosmetika\/\">na\u0161eho online formul\u00e1\u0159e<\/a> odpov\u00edme do 24 hodin.<br \/>\nNa\u0161e <a href=\"http:\/\/www.msds-europe.com\/cs\/zakaznicke-sluzby\/\">z\u00e1kaznick\u00e9 slu\u017eby<\/a> v\u00e1m pom\u016f\u017eou vybrat si tu spr\u00e1vnou slu\u017ebu.<\/span><\/span><\/p>\n<p style=\"text-align: justify;\"><span style=\"color: #000000; font-family: Calibri;\">\u00a0<\/span><\/p>\n<h3 style=\"text-align: justify;\"><span style=\"color: #333333; font-family: Calibri;\">Slu\u017eby souvisej\u00edc\u00ed se slu\u017ebou vytv\u00e1\u0159en\u00ed bezpe\u010dnostn\u00edch list\u016f<\/span><\/h3>\n<ul>\n<li><a title=\"Slu\u017eba ozn\u00e1men\u00ed CPNP\" href=\"http:\/\/www.msds-europe.com\/cs\/sluzba-oznameni-cpnp\/\">Slu\u017eba ozn\u00e1men\u00ed CPNP<\/a><\/li>\n<li><a title=\"Vytv\u00e1\u0159en\u00ed a p\u0159eklad n\u00e1vrhu etiket pro kosmetick\u00e9 v\u00fdrobky\" href=\"http:\/\/www.msds-europe.com\/cs\/vytvareni-preklad-navrhu-etiket-kosmeticke\/\">Vytv\u00e1\u0159en\u00ed a p\u0159eklad n\u00e1vrhu etiket pro kosmetick\u00e9 v\u00fdrobky<\/a><\/li>\n<\/ul>\n<p>&nbsp;<\/p>\n<p>&nbsp;<\/p>\n","protected":false},"excerpt":{"rendered":"<p>Na\u0161e slu\u017eba vytv\u00e1\u0159en\u00ed bezpe\u010dnostn\u00edch list\u016f je v p\u0159\u00edpad\u011b kosmetick\u00fdch v\u00fdrobk\u016f voliteln\u00e1. Nen\u00ed povinn\u00e9 vytv\u00e1\u0159et bezpe\u010dnostn\u00ed listy pro kosmetick\u00e9 v\u00fdrobky, ale v mnoha p\u0159\u00edpadech mohou p\u0159edstavovat vhodn\u00fd prost\u0159edek komunikace s ohledem na bezpe\u010dnost na pracovi\u0161ti.<\/p>\n","protected":false},"author":2,"featured_media":0,"parent":0,"menu_order":0,"comment_status":"closed","ping_status":"closed","template":"","meta":{"_acf_changed":false,"footnotes":""},"tags":[244,243,276],"class_list":["post-3935","page","type-page","status-publish","hentry","tag-bezpecnostni-list-cs","tag-kosmetika-cs","tag-sluzby-tykajici-se-kosmetickych-vyrobku"],"acf":[],"yoast_head":"<!-- This site is optimized with the Yoast SEO plugin v27.2 - https:\/\/yoast.com\/product\/yoast-seo-wordpress\/ -->\n<title>Vytv\u00e1\u0159en\u00ed bezpe\u010dnostn\u00edch list\u016f pro kosmetick\u00e9 v\u00fdrobky<\/title>\n<meta name=\"description\" content=\"Na\u0161e slu\u017eba vytv\u00e1\u0159en\u00ed bezpe\u010dnostn\u00edch list\u016f pro kosmetick\u00e9 v\u00fdrobky je voliteln\u00e1 slu\u017eba. Neexistuje \u017e\u00e1dn\u00e1 z\u00e1konn\u00e1 povinnost poskytovat bezpe\u010dnostn\u00ed listy pro kosmetick\u00e9 v\u00fdrobky, av\u0161ak v n\u011bkter\u00fdch p\u0159\u00edpadech se m\u016f\u017ee jednat o u\u017eite\u010dn\u00fd dokument.\" \/>\n<meta name=\"robots\" content=\"index, follow, max-snippet:-1, max-image-preview:large, max-video-preview:-1\" \/>\n<link rel=\"canonical\" href=\"https:\/\/www.msds-europe.com\/cs\/vytvareni-bezpecnostnich-listu-pro-kosmeticke-vyrobky\/\" \/>\n<meta property=\"og:locale\" content=\"cs_CZ\" \/>\n<meta property=\"og:type\" content=\"article\" \/>\n<meta property=\"og:title\" content=\"Vytv\u00e1\u0159en\u00ed bezpe\u010dnostn\u00edch list\u016f pro kosmetick\u00e9 v\u00fdrobky\" \/>\n<meta property=\"og:description\" content=\"Na\u0161e slu\u017eba vytv\u00e1\u0159en\u00ed bezpe\u010dnostn\u00edch list\u016f pro kosmetick\u00e9 v\u00fdrobky je voliteln\u00e1 slu\u017eba. Neexistuje \u017e\u00e1dn\u00e1 z\u00e1konn\u00e1 povinnost poskytovat bezpe\u010dnostn\u00ed listy pro kosmetick\u00e9 v\u00fdrobky, av\u0161ak v n\u011bkter\u00fdch p\u0159\u00edpadech se m\u016f\u017ee jednat o u\u017eite\u010dn\u00fd dokument.\" \/>\n<meta property=\"og:url\" content=\"https:\/\/www.msds-europe.com\/cs\/vytvareni-bezpecnostnich-listu-pro-kosmeticke-vyrobky\/\" \/>\n<meta property=\"og:site_name\" content=\"MSDS Europe\" \/>\n<meta property=\"article:publisher\" content=\"https:\/\/www.facebook.com\/toxinfokft\/\" \/>\n<meta property=\"article:modified_time\" content=\"2018-06-29T12:59:25+00:00\" \/>\n<meta name=\"twitter:card\" content=\"summary_large_image\" \/>\n<meta name=\"twitter:site\" content=\"@ToxInfoKft\" \/>\n<meta name=\"twitter:label1\" content=\"Odhadovan\u00e1 doba \u010dten\u00ed\" \/>\n\t<meta name=\"twitter:data1\" content=\"2 minuty\" \/>\n<script type=\"application\/ld+json\" class=\"yoast-schema-graph\">{\"@context\":\"https:\/\/schema.org\",\"@graph\":[{\"@type\":\"WebPage\",\"@id\":\"https:\/\/www.msds-europe.com\/cs\/vytvareni-bezpecnostnich-listu-pro-kosmeticke-vyrobky\/\",\"url\":\"https:\/\/www.msds-europe.com\/cs\/vytvareni-bezpecnostnich-listu-pro-kosmeticke-vyrobky\/\",\"name\":\"Vytv\u00e1\u0159en\u00ed bezpe\u010dnostn\u00edch list\u016f pro kosmetick\u00e9 v\u00fdrobky\",\"isPartOf\":{\"@id\":\"https:\/\/www.msds-europe.com\/es\/#website\"},\"datePublished\":\"2018-05-22T10:12:50+00:00\",\"dateModified\":\"2018-06-29T12:59:25+00:00\",\"description\":\"Na\u0161e slu\u017eba vytv\u00e1\u0159en\u00ed bezpe\u010dnostn\u00edch list\u016f pro kosmetick\u00e9 v\u00fdrobky je voliteln\u00e1 slu\u017eba. Neexistuje \u017e\u00e1dn\u00e1 z\u00e1konn\u00e1 povinnost poskytovat bezpe\u010dnostn\u00ed listy pro kosmetick\u00e9 v\u00fdrobky, av\u0161ak v n\u011bkter\u00fdch p\u0159\u00edpadech se m\u016f\u017ee jednat o u\u017eite\u010dn\u00fd dokument.\",\"breadcrumb\":{\"@id\":\"https:\/\/www.msds-europe.com\/cs\/vytvareni-bezpecnostnich-listu-pro-kosmeticke-vyrobky\/#breadcrumb\"},\"inLanguage\":\"cs\",\"potentialAction\":[{\"@type\":\"ReadAction\",\"target\":[\"https:\/\/www.msds-europe.com\/cs\/vytvareni-bezpecnostnich-listu-pro-kosmeticke-vyrobky\/\"]}]},{\"@type\":\"BreadcrumbList\",\"@id\":\"https:\/\/www.msds-europe.com\/cs\/vytvareni-bezpecnostnich-listu-pro-kosmeticke-vyrobky\/#breadcrumb\",\"itemListElement\":[{\"@type\":\"ListItem\",\"position\":1,\"name\":\"F\u0151oldal\",\"item\":\"https:\/\/www.msds-europe.com\/cs\/\"},{\"@type\":\"ListItem\",\"position\":2,\"name\":\"Vytv\u00e1\u0159en\u00ed bezpe\u010dnostn\u00edch list\u016f pro kosmetick\u00e9 v\u00fdrobky\"}]},{\"@type\":\"WebSite\",\"@id\":\"https:\/\/www.msds-europe.com\/es\/#website\",\"url\":\"https:\/\/www.msds-europe.com\/es\/\",\"name\":\"MSDS Europe\",\"description\":\"\",\"publisher\":{\"@id\":\"https:\/\/www.msds-europe.com\/es\/#organization\"},\"potentialAction\":[{\"@type\":\"SearchAction\",\"target\":{\"@type\":\"EntryPoint\",\"urlTemplate\":\"https:\/\/www.msds-europe.com\/es\/?s={search_term_string}\"},\"query-input\":{\"@type\":\"PropertyValueSpecification\",\"valueRequired\":true,\"valueName\":\"search_term_string\"}}],\"inLanguage\":\"cs\"},{\"@type\":\"Organization\",\"@id\":\"https:\/\/www.msds-europe.com\/es\/#organization\",\"name\":\"MSDS-Europe International branch of ToxInfo\",\"url\":\"https:\/\/www.msds-europe.com\/es\/\",\"logo\":{\"@type\":\"ImageObject\",\"inLanguage\":\"cs\",\"@id\":\"https:\/\/www.msds-europe.com\/es\/#\/schema\/logo\/image\/\",\"url\":\"https:\/\/www.msds-europe.com\/wp-content\/uploads\/2021\/04\/msds-europe-logo.jpg\",\"contentUrl\":\"https:\/\/www.msds-europe.com\/wp-content\/uploads\/2021\/04\/msds-europe-logo.jpg\",\"width\":2296,\"height\":1067,\"caption\":\"MSDS-Europe International branch of ToxInfo\"},\"image\":{\"@id\":\"https:\/\/www.msds-europe.com\/es\/#\/schema\/logo\/image\/\"},\"sameAs\":[\"https:\/\/www.facebook.com\/toxinfokft\/\",\"https:\/\/x.com\/ToxInfoKft\"]}]}<\/script>\n<!-- \/ Yoast SEO plugin. -->","yoast_head_json":{"title":"Vytv\u00e1\u0159en\u00ed bezpe\u010dnostn\u00edch list\u016f pro kosmetick\u00e9 v\u00fdrobky","description":"Na\u0161e slu\u017eba vytv\u00e1\u0159en\u00ed bezpe\u010dnostn\u00edch list\u016f pro kosmetick\u00e9 v\u00fdrobky je voliteln\u00e1 slu\u017eba. Neexistuje \u017e\u00e1dn\u00e1 z\u00e1konn\u00e1 povinnost poskytovat bezpe\u010dnostn\u00ed listy pro kosmetick\u00e9 v\u00fdrobky, av\u0161ak v n\u011bkter\u00fdch p\u0159\u00edpadech se m\u016f\u017ee jednat o u\u017eite\u010dn\u00fd dokument.","robots":{"index":"index","follow":"follow","max-snippet":"max-snippet:-1","max-image-preview":"max-image-preview:large","max-video-preview":"max-video-preview:-1"},"canonical":"https:\/\/www.msds-europe.com\/cs\/vytvareni-bezpecnostnich-listu-pro-kosmeticke-vyrobky\/","og_locale":"cs_CZ","og_type":"article","og_title":"Vytv\u00e1\u0159en\u00ed bezpe\u010dnostn\u00edch list\u016f pro kosmetick\u00e9 v\u00fdrobky","og_description":"Na\u0161e slu\u017eba vytv\u00e1\u0159en\u00ed bezpe\u010dnostn\u00edch list\u016f pro kosmetick\u00e9 v\u00fdrobky je voliteln\u00e1 slu\u017eba. Neexistuje \u017e\u00e1dn\u00e1 z\u00e1konn\u00e1 povinnost poskytovat bezpe\u010dnostn\u00ed listy pro kosmetick\u00e9 v\u00fdrobky, av\u0161ak v n\u011bkter\u00fdch p\u0159\u00edpadech se m\u016f\u017ee jednat o u\u017eite\u010dn\u00fd dokument.","og_url":"https:\/\/www.msds-europe.com\/cs\/vytvareni-bezpecnostnich-listu-pro-kosmeticke-vyrobky\/","og_site_name":"MSDS Europe","article_publisher":"https:\/\/www.facebook.com\/toxinfokft\/","article_modified_time":"2018-06-29T12:59:25+00:00","twitter_card":"summary_large_image","twitter_site":"@ToxInfoKft","twitter_misc":{"Odhadovan\u00e1 doba \u010dten\u00ed":"2 minuty"},"schema":{"@context":"https:\/\/schema.org","@graph":[{"@type":"WebPage","@id":"https:\/\/www.msds-europe.com\/cs\/vytvareni-bezpecnostnich-listu-pro-kosmeticke-vyrobky\/","url":"https:\/\/www.msds-europe.com\/cs\/vytvareni-bezpecnostnich-listu-pro-kosmeticke-vyrobky\/","name":"Vytv\u00e1\u0159en\u00ed bezpe\u010dnostn\u00edch list\u016f pro kosmetick\u00e9 v\u00fdrobky","isPartOf":{"@id":"https:\/\/www.msds-europe.com\/es\/#website"},"datePublished":"2018-05-22T10:12:50+00:00","dateModified":"2018-06-29T12:59:25+00:00","description":"Na\u0161e slu\u017eba vytv\u00e1\u0159en\u00ed bezpe\u010dnostn\u00edch list\u016f pro kosmetick\u00e9 v\u00fdrobky je voliteln\u00e1 slu\u017eba. Neexistuje \u017e\u00e1dn\u00e1 z\u00e1konn\u00e1 povinnost poskytovat bezpe\u010dnostn\u00ed listy pro kosmetick\u00e9 v\u00fdrobky, av\u0161ak v n\u011bkter\u00fdch p\u0159\u00edpadech se m\u016f\u017ee jednat o u\u017eite\u010dn\u00fd dokument.","breadcrumb":{"@id":"https:\/\/www.msds-europe.com\/cs\/vytvareni-bezpecnostnich-listu-pro-kosmeticke-vyrobky\/#breadcrumb"},"inLanguage":"cs","potentialAction":[{"@type":"ReadAction","target":["https:\/\/www.msds-europe.com\/cs\/vytvareni-bezpecnostnich-listu-pro-kosmeticke-vyrobky\/"]}]},{"@type":"BreadcrumbList","@id":"https:\/\/www.msds-europe.com\/cs\/vytvareni-bezpecnostnich-listu-pro-kosmeticke-vyrobky\/#breadcrumb","itemListElement":[{"@type":"ListItem","position":1,"name":"F\u0151oldal","item":"https:\/\/www.msds-europe.com\/cs\/"},{"@type":"ListItem","position":2,"name":"Vytv\u00e1\u0159en\u00ed bezpe\u010dnostn\u00edch list\u016f pro kosmetick\u00e9 v\u00fdrobky"}]},{"@type":"WebSite","@id":"https:\/\/www.msds-europe.com\/es\/#website","url":"https:\/\/www.msds-europe.com\/es\/","name":"MSDS Europe","description":"","publisher":{"@id":"https:\/\/www.msds-europe.com\/es\/#organization"},"potentialAction":[{"@type":"SearchAction","target":{"@type":"EntryPoint","urlTemplate":"https:\/\/www.msds-europe.com\/es\/?s={search_term_string}"},"query-input":{"@type":"PropertyValueSpecification","valueRequired":true,"valueName":"search_term_string"}}],"inLanguage":"cs"},{"@type":"Organization","@id":"https:\/\/www.msds-europe.com\/es\/#organization","name":"MSDS-Europe International branch of ToxInfo","url":"https:\/\/www.msds-europe.com\/es\/","logo":{"@type":"ImageObject","inLanguage":"cs","@id":"https:\/\/www.msds-europe.com\/es\/#\/schema\/logo\/image\/","url":"https:\/\/www.msds-europe.com\/wp-content\/uploads\/2021\/04\/msds-europe-logo.jpg","contentUrl":"https:\/\/www.msds-europe.com\/wp-content\/uploads\/2021\/04\/msds-europe-logo.jpg","width":2296,"height":1067,"caption":"MSDS-Europe International branch of ToxInfo"},"image":{"@id":"https:\/\/www.msds-europe.com\/es\/#\/schema\/logo\/image\/"},"sameAs":["https:\/\/www.facebook.com\/toxinfokft\/","https:\/\/x.com\/ToxInfoKft"]}]}},"_links":{"self":[{"href":"https:\/\/www.msds-europe.com\/cs\/wp-json\/wp\/v2\/pages\/3935","targetHints":{"allow":["GET"]}}],"collection":[{"href":"https:\/\/www.msds-europe.com\/cs\/wp-json\/wp\/v2\/pages"}],"about":[{"href":"https:\/\/www.msds-europe.com\/cs\/wp-json\/wp\/v2\/types\/page"}],"author":[{"embeddable":true,"href":"https:\/\/www.msds-europe.com\/cs\/wp-json\/wp\/v2\/users\/2"}],"replies":[{"embeddable":true,"href":"https:\/\/www.msds-europe.com\/cs\/wp-json\/wp\/v2\/comments?post=3935"}],"version-history":[{"count":7,"href":"https:\/\/www.msds-europe.com\/cs\/wp-json\/wp\/v2\/pages\/3935\/revisions"}],"predecessor-version":[{"id":6771,"href":"https:\/\/www.msds-europe.com\/cs\/wp-json\/wp\/v2\/pages\/3935\/revisions\/6771"}],"wp:attachment":[{"href":"https:\/\/www.msds-europe.com\/cs\/wp-json\/wp\/v2\/media?parent=3935"}],"wp:term":[{"taxonomy":"post_tag","embeddable":true,"href":"https:\/\/www.msds-europe.com\/cs\/wp-json\/wp\/v2\/tags?post=3935"}],"curies":[{"name":"wp","href":"https:\/\/api.w.org\/{rel}","templated":true}]}}