{"id":3930,"date":"2018-05-22T10:08:33","date_gmt":"2018-05-22T10:08:33","guid":{"rendered":"http:\/\/www.msds-europe.com\/vytvareni-a-preklad-navrhu-etiket-pro-kosmeticke-vyrobky\/"},"modified":"2018-07-04T12:55:51","modified_gmt":"2018-07-04T12:55:51","slug":"vytvareni-preklad-navrhu-etiket-kosmeticke","status":"publish","type":"page","link":"https:\/\/www.msds-europe.com\/cs\/vytvareni-preklad-navrhu-etiket-kosmeticke\/","title":{"rendered":"Vytv\u00e1\u0159en\u00ed a p\u0159eklad n\u00e1vrhu etiket pro kosmetick\u00e9 v\u00fdrobky"},"content":{"rendered":"<p style=\"text-align: right;\"><em><span style=\"font-family: Calibri;\"><a href=\"http:\/\/www.msds-europe.com\/cs\/sluzby-tykajici-kosmetickych-vyrobku\/\">Na\u0161e slu\u017eby t\u00fdkaj\u00edc\u00ed se kosmetick\u00fdch v\u00fdrobk\u016f<\/a><\/span><span style=\"color: #000000; font-family: Calibri;\">\u00a0\u2013\u00a0Vytv\u00e1\u0159en\u00ed a p\u0159eklad n\u00e1vrhu etiket pro kosmetick\u00e9 v\u00fdrobky<\/span><\/em><\/p>\n<p>&nbsp;<\/p>\n<p><span style=\"color: #000000; font-family: Calibri;\">Vytvo\u0159en\u00ed n\u00e1vrhu etikety pro kosmetick\u00e9 v\u00fdrobky v souladu s p\u0159\u00edslu\u0161n\u00fdmi p\u0159edpisy a p\u0159eklad do v\u0161ech jazyk\u016f EU.<\/span><\/p>\n<p><span style=\"color: #000000; font-family: Calibri;\">\u00a0<\/span><\/p>\n<h2><span style=\"font-family: Calibri;\">Vytvo\u0159en\u00ed n\u00e1vrhu etikety pro odpov\u011bdn\u00e9 osoby<\/span><\/h2>\n<p><span style=\"color: #000000; font-family: Calibri;\"><strong>Vytvo\u0159en\u00ed<\/strong> n\u00e1vrhu etikety pro kosmetick\u00e9 v\u00fdrobky v souladu s \u010dl\u00e1nkem 19 sm\u011brnice (ES) \u010d. 1223\/2009.<\/span><\/p>\n<p><span style=\"color: #000000; font-family: Calibri;\">\u00a0<\/span><\/p>\n<h2><span style=\"font-family: Calibri;\">P\u0159eklad n\u00e1vrhu etikety pro distributory<\/span><\/h2>\n<p><span style=\"color: #000000; font-family: Calibri;\"><strong>P\u0159eklad<\/strong> n\u00e1vrhu etiket pro kosmetick\u00e9 v\u00fdrobky do ma\u010far\u0161tiny <strong>a n\u00e1sleduj\u00edc\u00edch jazyk\u016f<\/strong>:<\/span><\/p>\n<p><em><span style=\"color: #000000; font-family: Calibri;\">angli\u010dtina, \u010de\u0161tina, fin\u0161tina, francouz\u0161tina, nizozem\u0161tina, chorvat\u0161tina, \u010d\u00edn\u0161tina, nor\u0161tina, n\u011bm\u010dina, ital\u0161tina, ru\u0161tina, portugal\u0161tina, rumun\u0161tina,\u00a0 \u0161pan\u011bl\u0161tina, srb\u0161tina, sloven\u0161tina, slovin\u0161tina, ture\u010dtina, ukrajin\u0161tina, pol\u0161tina, \u0161v\u00e9d\u0161tina<\/span><\/em><\/p>\n<p><span style=\"color: #000000; font-family: Calibri;\">\u00a0<\/span><\/p>\n<h2><span style=\"font-family: Calibri;\">\u017d\u00e1dost o cenovou nab\u00eddku na slu\u017ebu vytvo\u0159en\u00ed a p\u0159ekladu n\u00e1vrhu etikety<\/span><\/h2>\n<p><a href=\"mailto:info@msds-europe.com\">Na \u017e\u00e1dost o cenovou nab\u00eddku zaslanou e-mailem <\/a>nebo prost\u0159ednictv\u00edm <a href=\"http:\/\/www.msds-europe.com\/cs\/zadost-cenovou-nabidku-kosmetika\/\">na\u0161eho online formul\u00e1\u0159e<\/a> odpov\u00edme do 24 hodin.<br \/>\nNa\u0161e <a href=\"http:\/\/www.msds-europe.com\/cs\/zakaznicke-sluzby\/\">z\u00e1kaznick\u00e9 slu\u017eby<\/a> v\u00e1m pom\u016f\u017eou vybrat si tu spr\u00e1vnou slu\u017ebu.<\/p>\n<p>&nbsp;<\/p>\n<h3><span style=\"color: #333333; font-family: Calibri;\">Zaj\u00edmav\u00e9 a u\u017eite\u010dn\u00e9 odborn\u00e9 materi\u00e1ly t\u00fdkaj\u00edc\u00ed se zna\u010den\u00ed kosmetick\u00fdch v\u00fdrobk\u016f<\/span><\/h3>\n<ul>\n<li><a title=\"Odpov\u011bdnosti odpov\u011bdn\u00e9 osoby\" href=\"http:\/\/www.msds-europe.com\/cs\/odpovednosti-odpovedne-osoby\/\">Odpov\u011bdnosti odpov\u011bdn\u00e9 osoby<\/a><\/li>\n<li><a title=\"Povinnosti distributor\u016f kosmetick\u00fdch v\u00fdrobk\u016f\" href=\"http:\/\/www.msds-europe.com\/cs\/povinnosti-distributoru-kosmetickych-vyrobku\/\">Povinnosti distributor\u016f kosmetick\u00fdch v\u00fdrobk\u016f<\/a><\/li>\n<\/ul>\n<p>&nbsp;<\/p>\n<p>&nbsp;<\/p>\n<h3><span style=\"color: #333333; font-family: Calibri;\">Dopl\u0148kov\u00e9 slu\u017eby, jejich\u017e objedn\u00e1n\u00ed doporu\u010dujeme spolu s na\u0161\u00ed slu\u017ebou vytv\u00e1\u0159en\u00ed a p\u0159ekladu n\u00e1vrhu etiket pro kosmetick\u00e9 v\u00fdrobky<\/span><\/h3>\n<ul>\n<li><a title=\"Slu\u017eba ozn\u00e1men\u00ed CPNP\" href=\"http:\/\/www.msds-europe.com\/cs\/sluzba-oznameni-cpnp\/\">Slu\u017eba ozn\u00e1men\u00ed CPNP<\/a><\/li>\n<li><a href=\"https:\/\/www.biztonsagiadatlap.hu\/biztonsagi-ertekeles-keszitese-kozmetikumhoz\">P\u0159\u00edprava posouzen\u00ed bezpe\u010dnosti pro kosmetick\u00e9 v\u00fdrobky<\/a><\/li>\n<\/ul>\n<p>&nbsp;<\/p>\n","protected":false},"excerpt":{"rendered":"<p>Vytvo\u0159en\u00ed a p\u0159eklad n\u00e1vrhu etiket pro kosmetick\u00e9 v\u00fdrobky v souladu s p\u0159\u00edslu\u0161n\u00fdmi p\u0159edpisy.<\/p>\n","protected":false},"author":2,"featured_media":0,"parent":0,"menu_order":0,"comment_status":"closed","ping_status":"closed","template":"","meta":{"_acf_changed":false,"footnotes":""},"tags":[243,276],"class_list":["post-3930","page","type-page","status-publish","hentry","tag-kosmetika-cs","tag-sluzby-tykajici-se-kosmetickych-vyrobku"],"acf":[],"yoast_head":"<!-- This site is optimized with the Yoast SEO plugin v27.2 - https:\/\/yoast.com\/product\/yoast-seo-wordpress\/ -->\n<title>Vytv\u00e1\u0159en\u00ed a p\u0159eklad n\u00e1vrhu etiket pro kosmetiku, kosmetick\u00e9 v\u00fdrobky<\/title>\n<meta name=\"description\" content=\"Vytvo\u0159en\u00ed a p\u0159eklad n\u00e1vrhu etiket pro kosmetick\u00e9 v\u00fdrobky v souladu s p\u0159\u00edslu\u0161n\u00fdmi p\u0159edpisy. P\u0159eklad n\u00e1vrhu etiket pro kosmetick\u00e9 v\u00fdrobky do v\u0161ech \u00fa\u0159edn\u00edch jazyk\u016f Evropsk\u00e9 unie.\" \/>\n<meta name=\"robots\" content=\"index, follow, max-snippet:-1, max-image-preview:large, max-video-preview:-1\" \/>\n<link rel=\"canonical\" href=\"https:\/\/www.msds-europe.com\/cs\/vytvareni-preklad-navrhu-etiket-kosmeticke\/\" \/>\n<meta property=\"og:locale\" content=\"cs_CZ\" \/>\n<meta property=\"og:type\" content=\"article\" \/>\n<meta property=\"og:title\" content=\"Vytv\u00e1\u0159en\u00ed a p\u0159eklad n\u00e1vrhu etiket pro kosmetiku, kosmetick\u00e9 v\u00fdrobky\" \/>\n<meta property=\"og:description\" content=\"Vytvo\u0159en\u00ed a p\u0159eklad n\u00e1vrhu etiket pro kosmetick\u00e9 v\u00fdrobky v souladu s p\u0159\u00edslu\u0161n\u00fdmi p\u0159edpisy. P\u0159eklad n\u00e1vrhu etiket pro kosmetick\u00e9 v\u00fdrobky do v\u0161ech \u00fa\u0159edn\u00edch jazyk\u016f Evropsk\u00e9 unie.\" \/>\n<meta property=\"og:url\" content=\"https:\/\/www.msds-europe.com\/cs\/vytvareni-preklad-navrhu-etiket-kosmeticke\/\" \/>\n<meta property=\"og:site_name\" content=\"MSDS Europe\" \/>\n<meta property=\"article:publisher\" content=\"https:\/\/www.facebook.com\/toxinfokft\/\" \/>\n<meta property=\"article:modified_time\" content=\"2018-07-04T12:55:51+00:00\" \/>\n<meta name=\"twitter:card\" content=\"summary_large_image\" \/>\n<meta name=\"twitter:site\" content=\"@ToxInfoKft\" \/>\n<meta name=\"twitter:label1\" content=\"Odhadovan\u00e1 doba \u010dten\u00ed\" \/>\n\t<meta name=\"twitter:data1\" content=\"1 minuta\" \/>\n<script type=\"application\/ld+json\" class=\"yoast-schema-graph\">{\"@context\":\"https:\/\/schema.org\",\"@graph\":[{\"@type\":\"WebPage\",\"@id\":\"https:\/\/www.msds-europe.com\/cs\/vytvareni-preklad-navrhu-etiket-kosmeticke\/\",\"url\":\"https:\/\/www.msds-europe.com\/cs\/vytvareni-preklad-navrhu-etiket-kosmeticke\/\",\"name\":\"Vytv\u00e1\u0159en\u00ed a p\u0159eklad n\u00e1vrhu etiket pro kosmetiku, kosmetick\u00e9 v\u00fdrobky\",\"isPartOf\":{\"@id\":\"https:\/\/www.msds-europe.com\/es\/#website\"},\"datePublished\":\"2018-05-22T10:08:33+00:00\",\"dateModified\":\"2018-07-04T12:55:51+00:00\",\"description\":\"Vytvo\u0159en\u00ed a p\u0159eklad n\u00e1vrhu etiket pro kosmetick\u00e9 v\u00fdrobky v souladu s p\u0159\u00edslu\u0161n\u00fdmi p\u0159edpisy. P\u0159eklad n\u00e1vrhu etiket pro kosmetick\u00e9 v\u00fdrobky do v\u0161ech \u00fa\u0159edn\u00edch jazyk\u016f Evropsk\u00e9 unie.\",\"breadcrumb\":{\"@id\":\"https:\/\/www.msds-europe.com\/cs\/vytvareni-preklad-navrhu-etiket-kosmeticke\/#breadcrumb\"},\"inLanguage\":\"cs\",\"potentialAction\":[{\"@type\":\"ReadAction\",\"target\":[\"https:\/\/www.msds-europe.com\/cs\/vytvareni-preklad-navrhu-etiket-kosmeticke\/\"]}]},{\"@type\":\"BreadcrumbList\",\"@id\":\"https:\/\/www.msds-europe.com\/cs\/vytvareni-preklad-navrhu-etiket-kosmeticke\/#breadcrumb\",\"itemListElement\":[{\"@type\":\"ListItem\",\"position\":1,\"name\":\"F\u0151oldal\",\"item\":\"https:\/\/www.msds-europe.com\/cs\/\"},{\"@type\":\"ListItem\",\"position\":2,\"name\":\"Vytv\u00e1\u0159en\u00ed a p\u0159eklad n\u00e1vrhu etiket pro kosmetick\u00e9 v\u00fdrobky\"}]},{\"@type\":\"WebSite\",\"@id\":\"https:\/\/www.msds-europe.com\/es\/#website\",\"url\":\"https:\/\/www.msds-europe.com\/es\/\",\"name\":\"MSDS Europe\",\"description\":\"\",\"publisher\":{\"@id\":\"https:\/\/www.msds-europe.com\/es\/#organization\"},\"potentialAction\":[{\"@type\":\"SearchAction\",\"target\":{\"@type\":\"EntryPoint\",\"urlTemplate\":\"https:\/\/www.msds-europe.com\/es\/?s={search_term_string}\"},\"query-input\":{\"@type\":\"PropertyValueSpecification\",\"valueRequired\":true,\"valueName\":\"search_term_string\"}}],\"inLanguage\":\"cs\"},{\"@type\":\"Organization\",\"@id\":\"https:\/\/www.msds-europe.com\/es\/#organization\",\"name\":\"MSDS-Europe International branch of ToxInfo\",\"url\":\"https:\/\/www.msds-europe.com\/es\/\",\"logo\":{\"@type\":\"ImageObject\",\"inLanguage\":\"cs\",\"@id\":\"https:\/\/www.msds-europe.com\/es\/#\/schema\/logo\/image\/\",\"url\":\"https:\/\/www.msds-europe.com\/wp-content\/uploads\/2021\/04\/msds-europe-logo.jpg\",\"contentUrl\":\"https:\/\/www.msds-europe.com\/wp-content\/uploads\/2021\/04\/msds-europe-logo.jpg\",\"width\":2296,\"height\":1067,\"caption\":\"MSDS-Europe International branch of ToxInfo\"},\"image\":{\"@id\":\"https:\/\/www.msds-europe.com\/es\/#\/schema\/logo\/image\/\"},\"sameAs\":[\"https:\/\/www.facebook.com\/toxinfokft\/\",\"https:\/\/x.com\/ToxInfoKft\"]}]}<\/script>\n<!-- \/ Yoast SEO plugin. -->","yoast_head_json":{"title":"Vytv\u00e1\u0159en\u00ed a p\u0159eklad n\u00e1vrhu etiket pro kosmetiku, kosmetick\u00e9 v\u00fdrobky","description":"Vytvo\u0159en\u00ed a p\u0159eklad n\u00e1vrhu etiket pro kosmetick\u00e9 v\u00fdrobky v souladu s p\u0159\u00edslu\u0161n\u00fdmi p\u0159edpisy. P\u0159eklad n\u00e1vrhu etiket pro kosmetick\u00e9 v\u00fdrobky do v\u0161ech \u00fa\u0159edn\u00edch jazyk\u016f Evropsk\u00e9 unie.","robots":{"index":"index","follow":"follow","max-snippet":"max-snippet:-1","max-image-preview":"max-image-preview:large","max-video-preview":"max-video-preview:-1"},"canonical":"https:\/\/www.msds-europe.com\/cs\/vytvareni-preklad-navrhu-etiket-kosmeticke\/","og_locale":"cs_CZ","og_type":"article","og_title":"Vytv\u00e1\u0159en\u00ed a p\u0159eklad n\u00e1vrhu etiket pro kosmetiku, kosmetick\u00e9 v\u00fdrobky","og_description":"Vytvo\u0159en\u00ed a p\u0159eklad n\u00e1vrhu etiket pro kosmetick\u00e9 v\u00fdrobky v souladu s p\u0159\u00edslu\u0161n\u00fdmi p\u0159edpisy. P\u0159eklad n\u00e1vrhu etiket pro kosmetick\u00e9 v\u00fdrobky do v\u0161ech \u00fa\u0159edn\u00edch jazyk\u016f Evropsk\u00e9 unie.","og_url":"https:\/\/www.msds-europe.com\/cs\/vytvareni-preklad-navrhu-etiket-kosmeticke\/","og_site_name":"MSDS Europe","article_publisher":"https:\/\/www.facebook.com\/toxinfokft\/","article_modified_time":"2018-07-04T12:55:51+00:00","twitter_card":"summary_large_image","twitter_site":"@ToxInfoKft","twitter_misc":{"Odhadovan\u00e1 doba \u010dten\u00ed":"1 minuta"},"schema":{"@context":"https:\/\/schema.org","@graph":[{"@type":"WebPage","@id":"https:\/\/www.msds-europe.com\/cs\/vytvareni-preklad-navrhu-etiket-kosmeticke\/","url":"https:\/\/www.msds-europe.com\/cs\/vytvareni-preklad-navrhu-etiket-kosmeticke\/","name":"Vytv\u00e1\u0159en\u00ed a p\u0159eklad n\u00e1vrhu etiket pro kosmetiku, kosmetick\u00e9 v\u00fdrobky","isPartOf":{"@id":"https:\/\/www.msds-europe.com\/es\/#website"},"datePublished":"2018-05-22T10:08:33+00:00","dateModified":"2018-07-04T12:55:51+00:00","description":"Vytvo\u0159en\u00ed a p\u0159eklad n\u00e1vrhu etiket pro kosmetick\u00e9 v\u00fdrobky v souladu s p\u0159\u00edslu\u0161n\u00fdmi p\u0159edpisy. P\u0159eklad n\u00e1vrhu etiket pro kosmetick\u00e9 v\u00fdrobky do v\u0161ech \u00fa\u0159edn\u00edch jazyk\u016f Evropsk\u00e9 unie.","breadcrumb":{"@id":"https:\/\/www.msds-europe.com\/cs\/vytvareni-preklad-navrhu-etiket-kosmeticke\/#breadcrumb"},"inLanguage":"cs","potentialAction":[{"@type":"ReadAction","target":["https:\/\/www.msds-europe.com\/cs\/vytvareni-preklad-navrhu-etiket-kosmeticke\/"]}]},{"@type":"BreadcrumbList","@id":"https:\/\/www.msds-europe.com\/cs\/vytvareni-preklad-navrhu-etiket-kosmeticke\/#breadcrumb","itemListElement":[{"@type":"ListItem","position":1,"name":"F\u0151oldal","item":"https:\/\/www.msds-europe.com\/cs\/"},{"@type":"ListItem","position":2,"name":"Vytv\u00e1\u0159en\u00ed a p\u0159eklad n\u00e1vrhu etiket pro kosmetick\u00e9 v\u00fdrobky"}]},{"@type":"WebSite","@id":"https:\/\/www.msds-europe.com\/es\/#website","url":"https:\/\/www.msds-europe.com\/es\/","name":"MSDS Europe","description":"","publisher":{"@id":"https:\/\/www.msds-europe.com\/es\/#organization"},"potentialAction":[{"@type":"SearchAction","target":{"@type":"EntryPoint","urlTemplate":"https:\/\/www.msds-europe.com\/es\/?s={search_term_string}"},"query-input":{"@type":"PropertyValueSpecification","valueRequired":true,"valueName":"search_term_string"}}],"inLanguage":"cs"},{"@type":"Organization","@id":"https:\/\/www.msds-europe.com\/es\/#organization","name":"MSDS-Europe International branch of ToxInfo","url":"https:\/\/www.msds-europe.com\/es\/","logo":{"@type":"ImageObject","inLanguage":"cs","@id":"https:\/\/www.msds-europe.com\/es\/#\/schema\/logo\/image\/","url":"https:\/\/www.msds-europe.com\/wp-content\/uploads\/2021\/04\/msds-europe-logo.jpg","contentUrl":"https:\/\/www.msds-europe.com\/wp-content\/uploads\/2021\/04\/msds-europe-logo.jpg","width":2296,"height":1067,"caption":"MSDS-Europe International branch of ToxInfo"},"image":{"@id":"https:\/\/www.msds-europe.com\/es\/#\/schema\/logo\/image\/"},"sameAs":["https:\/\/www.facebook.com\/toxinfokft\/","https:\/\/x.com\/ToxInfoKft"]}]}},"_links":{"self":[{"href":"https:\/\/www.msds-europe.com\/cs\/wp-json\/wp\/v2\/pages\/3930","targetHints":{"allow":["GET"]}}],"collection":[{"href":"https:\/\/www.msds-europe.com\/cs\/wp-json\/wp\/v2\/pages"}],"about":[{"href":"https:\/\/www.msds-europe.com\/cs\/wp-json\/wp\/v2\/types\/page"}],"author":[{"embeddable":true,"href":"https:\/\/www.msds-europe.com\/cs\/wp-json\/wp\/v2\/users\/2"}],"replies":[{"embeddable":true,"href":"https:\/\/www.msds-europe.com\/cs\/wp-json\/wp\/v2\/comments?post=3930"}],"version-history":[{"count":4,"href":"https:\/\/www.msds-europe.com\/cs\/wp-json\/wp\/v2\/pages\/3930\/revisions"}],"predecessor-version":[{"id":7350,"href":"https:\/\/www.msds-europe.com\/cs\/wp-json\/wp\/v2\/pages\/3930\/revisions\/7350"}],"wp:attachment":[{"href":"https:\/\/www.msds-europe.com\/cs\/wp-json\/wp\/v2\/media?parent=3930"}],"wp:term":[{"taxonomy":"post_tag","embeddable":true,"href":"https:\/\/www.msds-europe.com\/cs\/wp-json\/wp\/v2\/tags?post=3930"}],"curies":[{"name":"wp","href":"https:\/\/api.w.org\/{rel}","templated":true}]}}