{"id":3925,"date":"2018-05-22T10:01:35","date_gmt":"2018-05-22T10:01:35","guid":{"rendered":"http:\/\/www.msds-europe.com\/provest-posouzeni-bezpecnosti-pro-kosmetiku\/"},"modified":"2023-02-13T13:02:44","modified_gmt":"2023-02-13T13:02:44","slug":"provest-posouzeni-bezpecnosti-pro-kosmetiku","status":"publish","type":"page","link":"https:\/\/www.msds-europe.com\/cs\/provest-posouzeni-bezpecnosti-pro-kosmetiku\/","title":{"rendered":"Prov\u00e9st posouzen\u00ed bezpe\u010dnosti pro kosmetiku"},"content":{"rendered":"<p style=\"text-align: right;\"><span style=\"font-family: Calibri;\"><a href=\"http:\/\/www.msds-europe.com\/cs\/sluzby-tykajici-kosmetickych-vyrobku\/\"><em>Na\u0161e slu\u017eby t\u00fdkaj\u00edc\u00ed se kosmetick\u00fdch v\u00fdrobk\u016f<\/em><\/a><\/span><em><span style=\"color: #000000; font-family: Calibri;\">\u00a0\u2013Prov\u00e9st posouzen\u00ed bezpe\u010dnosti pro kosmetiku<\/span><\/em><\/p>\n<p>&nbsp;<\/p>\n<p>P\u0159i vytv\u00e1\u0159en\u00ed posouzen\u00ed bezpe\u010dnosti zohled\u0148ujeme pokyny z p\u0159\u00edlohy I sm\u011brnice <strong>(ES) \u010d. 1223\/2009.<\/strong><\/p>\n<p style=\"text-align: right;\"><a href=\"https:\/\/www.msds-europe.com\/cs\/regulacni-zmeny-v-oblasti-chemicke-bezpecnosti\/\"><em>Sledov\u00e1n\u00ed regula\u010dn\u00edch zm\u011bn<\/em><\/a><\/p>\n<h2>Sestaven\u00ed Posouzen\u00ed bezpe\u010dnosti<\/h2>\n<p style=\"text-align: justify;\">Aby bylo prok\u00e1z\u00e1no, \u017ee kosmetick\u00fd v\u00fdrobek spl\u0148uje pr\u00e1vn\u00ed p\u0159edpisy, odpov\u011bdn\u00e1 osoba mus\u00ed p\u0159ed uveden\u00edm kosmetick\u00e9ho v\u00fdrobku na trh zajistit, \u017ee kosmetick\u00fd v\u00fdrobek podstoup\u00ed posouzen\u00ed bezpe\u010dnosti na z\u00e1klad\u011b p\u0159\u00edslu\u0161n\u00fdch informac\u00ed a \u017ee bude vypracov\u00e1na zpr\u00e1va o bezpe\u010dnosti kosmetick\u00e9ho v\u00fdrobku.<\/p>\n<p style=\"text-align: justify;\">Bezpe\u010dnostn\u00ed posudek m\u016f\u017ee vypracovat pouze kvalifikovan\u00e1 osoba, kter\u00e1 m\u00e1 odpov\u00eddaj\u00edc\u00ed odborn\u00e9 zku\u0161enosti a kvalifikaci uvedenou ve sm\u011brnici.<\/p>\n<p><span style=\"color: #000000; font-family: Calibri;\">\u00a0<\/span><\/p>\n<h2>Informace nezbytn\u00e9 pro vytvo\u0159en\u00ed bezpe\u010dnostn\u00edho posudku<\/h2>\n<ul>\n<li>\u00dadaje o spole\u010dnosti a kontaktn\u00ed \u00fadaje o v\u00fdrobci a distributorovi<\/li>\n<li style=\"text-align: justify;\">Informace o v\u00fdrobku<\/li>\n<li style=\"text-align: justify;\">Bezpe\u010dnostn\u00ed listy slo\u017eek v souladu se sm\u011brnic\u00ed <strong>(EU) 2020\/878<\/strong>, specifikace a potvrzen\u00ed o rozboru slo\u017eek, zaji\u0161t\u011bn\u00ed toho, \u017ee spl\u0148uj\u00ed po\u017eadavky pro kosmetick\u00e9 v\u00fdrobky.<br \/>\nU slo\u017eek je t\u0159eba uv\u00e9st rovn\u011b\u017e odpov\u00eddaj\u00edc\u00ed hodnoty LOAEL nebo NOAEL (je mo\u017eno si je vy\u017e\u00e1dat od dodavatele z\u00e1kladn\u00edch materi\u00e1l\u016f)<\/li>\n<li style=\"text-align: justify;\">Seznam alergen\u016f<\/li>\n<li style=\"text-align: justify;\">\u00dadaje a specifikace t\u00fdkaj\u00edc\u00ed se hotov\u00e9ho v\u00fdrobku (fyzik\u00e1ln\u00ed a chemick\u00e9 parametry, mikrobiologick\u00e1 \u010distota atd.)<br \/>\nMikrobiologickou \u010distotu je mo\u017eno dolo\u017eit v\u00fdsledky laboratorn\u00edch test\u016f<\/li>\n<li style=\"text-align: justify;\">Uveden\u00ed velikosti balen\u00ed, obalu a balic\u00edho materi\u00e1lu, potvrzen\u00ed, \u017ee spl\u0148uje po\u017eadavky vztahuj\u00edc\u00ed se na obaly kosmetick\u00fdch v\u00fdrobk\u016f<\/li>\n<li style=\"text-align: justify;\">Zkou\u0161ky st\u00e1losti<\/li>\n<li style=\"text-align: justify;\">Popis zp\u016fsobu v\u00fdroby, certifik\u00e1ty m\u00edsta v\u00fdroby (soulad GMP)<\/li>\n<li style=\"text-align: justify;\">U\u017eivatelsk\u00e1 p\u0159\u00edru\u010dka<\/li>\n<li style=\"text-align: justify;\">Origin\u00e1l etikety v\u00fdrobku v jazyce zem\u011b, kde byl v\u00fdrobek poprv\u00e9 uveden na trh<\/li>\n<li style=\"text-align: justify;\">Prohl\u00e1\u0161en\u00ed, zda byl v\u00fdrobek testov\u00e1n na zv\u00ed\u0159atech<\/li>\n<\/ul>\n<p style=\"text-align: justify;\"><em>Tento seznam je pouze pro informaci. Vedle v\u00fd\u0161e uveden\u00fdch informac\u00ed mohou b\u00fdt vy\u017eadov\u00e1ny dal\u0161\u00ed \u00fadaje v z\u00e1vislosti na typu\/povaze v\u00fdrobku.<\/em><\/p>\n<p><span style=\"color: #000000; font-family: Calibri;\">\u00a0<\/span><\/p>\n<h2 style=\"text-align: justify;\">Posouzen\u00ed bezpe\u010dnosti vypracovan\u00fd na\u0161\u00ed spole\u010dnost\u00ed m\u016f\u017eete pou\u017e\u00edt na<\/h2>\n<ul>\n<li>ozna\u010den\u00ed kosmetick\u00e9ho v\u00fdrobku p\u0159\u00edslu\u0161n\u00fdmi informacemi<\/li>\n<li>informace pro z\u00e1kazn\u00edky<\/li>\n<li>ozn\u00e1men\u00ed CPNP o v\u00fdrobku<\/li>\n<li>p\u0159enos informac\u00ed vy\u017eadovan\u00fdch p\u0159edpisy pro kosmetiku<\/li>\n<li>vytvo\u0159en\u00ed bezpe\u010dn\u00fdch pracovn\u00edch podm\u00ednek<\/li>\n<\/ul>\n<p><span style=\"color: #000000; font-family: Calibri;\">\u00a0<\/span><\/p>\n<h2>Zaji\u0161t\u011bn\u00ed kvality v r\u00e1mci postupu posouzen\u00ed bezpe\u010dnosti posudku<\/h2>\n<p style=\"text-align: justify;\">P\u0159eb\u00edr\u00e1me plnou odpov\u011bdnost za zaji\u0161t\u011bn\u00ed z\u00e1konn\u00e9ho souladu bezpe\u010dnostn\u00edch posudk\u016f vypracovan\u00fdch na\u0161\u00ed spole\u010dnost\u00ed a jejich \u00fa\u0159edn\u00edho schv\u00e1len\u00ed.<\/p>\n<p style=\"text-align: justify;\">V p\u0159\u00edpad\u011b potenci\u00e1ln\u00edch po\u017eadavk\u016f \u00fa\u0159adu na\u0161e spole\u010dnost dokument pozm\u011bn\u00ed a uprav\u00ed.<br \/>\nNa\u0161e spole\u010dnost nep\u0159ij\u00edm\u00e1 odpov\u011bdnost za probl\u00e9my\/ztr\u00e1ty vypl\u00fdvaj\u00edc\u00ed z nedostate\u010dn\u00fdch nebo neposkytnut\u00fdch \u00fadaj\u016f\/informac\u00ed.<\/p>\n<p><span style=\"color: #000000; font-family: Calibri;\">\u00a0<\/span><\/p>\n<h2 style=\"text-align: justify;\">Jednoduch\u00e9 a rychl\u00e9 zpracov\u00e1n\u00ed v r\u00e1mci na\u0161\u00ed slu\u017eby vytvo\u0159en\u00ed posouzen\u00ed bezpe\u010dnosti<\/h2>\n<p style=\"text-align: justify;\"><a href=\"mailto:info@msds-europe.com\">Na \u017e\u00e1dost o cenovou nab\u00eddku zaslanou e-mailem<\/a> nebo prost\u0159ednictv\u00edm na\u0161eho online formul\u00e1\u0159e odpov\u00edme do 24 hodin.<br \/>\nV p\u0159\u00edloze k na\u0161\u00ed cenov\u00e9 nab\u00eddce v\u00e1m rovn\u011b\u017e za\u0161leme formul\u00e1\u0159 objedn\u00e1vky pro usnadn\u011bn\u00ed postupu objedn\u00e1vky.<\/p>\n<p style=\"text-align: justify;\">Sta\u010d\u00ed zaslat vypln\u011bn\u00fd formul\u00e1\u0159 objedn\u00e1vky a poskytnout nezbytn\u00e9 dokumenty a \u00fadaje vy\u017eadovan\u00e9 v na\u0161\u00ed cenov\u00e9 nab\u00eddce a my se postar\u00e1me o v\u0161e ostatn\u00ed souvisej\u00edc\u00ed s objedn\u00e1vkou.<\/p>\n<p style=\"text-align: right;\"><a href=\"https:\/\/www.msds-europe.com\/cs\/zadost-cenovou-nabidku-kosmetika\/\"><em>Cenov\u00e1 nab\u00eddka slu\u017eeb v oblasti kosmetick\u00fdch v\u00fdrobk\u016f<\/em><\/a><\/p>\n<h2 style=\"text-align: justify;\">Z\u00e1ruka<\/h2>\n<p style=\"text-align: justify;\">P\u0159ij\u00edm\u00e1me plnou odbornou a finan\u010dn\u00ed odpov\u011bdnost za bezpe\u010dnostn\u00ed posudky vytvo\u0159en\u00e9 na\u0161\u00ed spole\u010dnost\u00ed a za v\u0161echny na\u0161e souvisej\u00edc\u00ed slu\u017eby. Na\u0161e finan\u010dn\u00ed z\u00e1ruka zahrnuje n\u00e1hradu v\u0161ech p\u0159\u00edm\u00fdch a nep\u0159\u00edm\u00fdch \u0161kod.<\/p>\n<p style=\"text-align: justify;\"><span style=\"color: #000000; font-family: Calibri;\">\u00a0<\/span><\/p>\n<h2 style=\"text-align: justify;\">Pomoc po vyu\u017eit\u00ed na\u0161ich slu\u017eeb<\/h2>\n<p style=\"text-align: justify;\">Po vyu\u017eit\u00ed na\u0161ich slu\u017eeb v\u00e1m odborn\u00edci z odd\u011blen\u00ed z\u00e1kaznick\u00fdch slu\u017eeb budou pom\u00e1hat s v\u00fdkladem a pou\u017eit\u00edm vytvo\u0159en\u00e9ho bezpe\u010dnostn\u00edho posudku a mohou v\u00e1m pom\u00e1hat s dal\u0161\u00edmi souvisej\u00edc\u00edmi \u00fakoly.<\/p>\n<p style=\"text-align: right;\"><a href=\"https:\/\/www.msds-europe.com\/cs\/zakaznicke-sluzby\/\"><em>Z\u00e1kaznick\u00e9 slu\u017eby<\/em><\/a><\/p>\n<p>&nbsp;<\/p>\n<h3 style=\"text-align: justify;\">Slu\u017eby souvisej\u00edc\u00ed s na\u0161\u00ed slu\u017ebou vytvo\u0159en\u00ed bezpe\u010dnostn\u00edho posudku<\/h3>\n<ul>\n<li><a href=\"https:\/\/www.msds-europe.com\/cs\/sluzba-oznameni-cpnp\/\">Slu\u017eba ozn\u00e1men\u00ed CPNP<\/a><\/li>\n<li><a href=\"https:\/\/www.msds-europe.com\/cs\/vytvareni-bezpecnostnich-listu-pro-kosmeticke-vyrobky\/\">Vytv\u00e1\u0159en\u00ed bezpe\u010dnostn\u00edch list\u016f pro kosmetick\u00e9 v\u00fdrobky<\/a><\/li>\n<\/ul>\n<p>&nbsp;<\/p>\n<h3 style=\"text-align: justify;\">Zaj\u00edmav\u00e9 a u\u017eite\u010dn\u00e9 odborn\u00e9 materi\u00e1ly t\u00fdkaj\u00edc\u00ed se na\u0161\u00ed slu\u017eby vytvo\u0159en\u00ed bezpe\u010dnostn\u00edho posudku<\/h3>\n<ul>\n<li><a href=\"https:\/\/www.msds-europe.com\/cs\/odpovednosti-odpovedne-osoby\/\">Odpov\u011bdnosti odpov\u011bdn\u00e9 osoby<\/a><\/li>\n<li><a href=\"https:\/\/www.msds-europe.com\/cs\/povinnosti-distributoru-kosmetickych-vyrobku\/\">Povinnosti distributor\u016f kosmetick\u00fdch v\u00fdrobk\u016f<\/a><\/li>\n<\/ul>\n<p><span style=\"color: #000000; font-family: Calibri;\">\u00a0<\/span><\/p>\n<p>&nbsp;<\/p>\n","protected":false},"excerpt":{"rendered":"<p>Slu\u017eba prov\u00e9st posouzen\u00ed bezpe\u010dnosti pro kosmetick\u00e9 v\u00fdrobky v souladu se sm\u011brnic\u00ed (ES) \u010d. 1223\/2009<\/p>\n","protected":false},"author":2,"featured_media":0,"parent":0,"menu_order":0,"comment_status":"closed","ping_status":"closed","template":"","meta":{"_acf_changed":false,"footnotes":""},"tags":[243,276],"class_list":["post-3925","page","type-page","status-publish","hentry","tag-kosmetika-cs","tag-sluzby-tykajici-se-kosmetickych-vyrobku"],"acf":[],"yoast_head":"<!-- This site is optimized with the Yoast SEO plugin v27.2 - https:\/\/yoast.com\/product\/yoast-seo-wordpress\/ -->\n<title>Prov\u00e9st posouzen\u00ed bezpe\u010dnosti pro kosmetick\u00e9 v\u00fdrobky<\/title>\n<meta name=\"description\" content=\"Prov\u00e9st posouzen\u00ed bezpe\u010dnosti pro kosmetiku, kosmetick\u00e9 v\u00fdrobky, prov\u00e9st posouzen\u00ed bezpe\u010dnosti s mezin\u00e1rodn\u00edmi referencemi\" \/>\n<meta name=\"robots\" content=\"index, follow, max-snippet:-1, max-image-preview:large, max-video-preview:-1\" \/>\n<link rel=\"canonical\" href=\"https:\/\/www.msds-europe.com\/cs\/provest-posouzeni-bezpecnosti-pro-kosmetiku\/\" \/>\n<meta property=\"og:locale\" content=\"cs_CZ\" \/>\n<meta property=\"og:type\" content=\"article\" \/>\n<meta property=\"og:title\" content=\"Prov\u00e9st posouzen\u00ed bezpe\u010dnosti pro kosmetick\u00e9 v\u00fdrobky\" \/>\n<meta property=\"og:description\" content=\"Prov\u00e9st posouzen\u00ed bezpe\u010dnosti pro kosmetiku, kosmetick\u00e9 v\u00fdrobky, prov\u00e9st posouzen\u00ed bezpe\u010dnosti s mezin\u00e1rodn\u00edmi referencemi\" \/>\n<meta property=\"og:url\" content=\"https:\/\/www.msds-europe.com\/cs\/provest-posouzeni-bezpecnosti-pro-kosmetiku\/\" \/>\n<meta property=\"og:site_name\" content=\"MSDS Europe\" \/>\n<meta property=\"article:publisher\" content=\"https:\/\/www.facebook.com\/toxinfokft\/\" \/>\n<meta property=\"article:modified_time\" content=\"2023-02-13T13:02:44+00:00\" \/>\n<meta name=\"twitter:card\" content=\"summary_large_image\" \/>\n<meta name=\"twitter:site\" content=\"@ToxInfoKft\" \/>\n<meta name=\"twitter:label1\" content=\"Odhadovan\u00e1 doba \u010dten\u00ed\" \/>\n\t<meta name=\"twitter:data1\" content=\"3 minuty\" \/>\n<script type=\"application\/ld+json\" class=\"yoast-schema-graph\">{\"@context\":\"https:\/\/schema.org\",\"@graph\":[{\"@type\":\"WebPage\",\"@id\":\"https:\/\/www.msds-europe.com\/cs\/provest-posouzeni-bezpecnosti-pro-kosmetiku\/\",\"url\":\"https:\/\/www.msds-europe.com\/cs\/provest-posouzeni-bezpecnosti-pro-kosmetiku\/\",\"name\":\"Prov\u00e9st posouzen\u00ed bezpe\u010dnosti pro kosmetick\u00e9 v\u00fdrobky\",\"isPartOf\":{\"@id\":\"https:\/\/www.msds-europe.com\/es\/#website\"},\"datePublished\":\"2018-05-22T10:01:35+00:00\",\"dateModified\":\"2023-02-13T13:02:44+00:00\",\"description\":\"Prov\u00e9st posouzen\u00ed bezpe\u010dnosti pro kosmetiku, kosmetick\u00e9 v\u00fdrobky, prov\u00e9st posouzen\u00ed bezpe\u010dnosti s mezin\u00e1rodn\u00edmi referencemi\",\"breadcrumb\":{\"@id\":\"https:\/\/www.msds-europe.com\/cs\/provest-posouzeni-bezpecnosti-pro-kosmetiku\/#breadcrumb\"},\"inLanguage\":\"cs\",\"potentialAction\":[{\"@type\":\"ReadAction\",\"target\":[\"https:\/\/www.msds-europe.com\/cs\/provest-posouzeni-bezpecnosti-pro-kosmetiku\/\"]}]},{\"@type\":\"BreadcrumbList\",\"@id\":\"https:\/\/www.msds-europe.com\/cs\/provest-posouzeni-bezpecnosti-pro-kosmetiku\/#breadcrumb\",\"itemListElement\":[{\"@type\":\"ListItem\",\"position\":1,\"name\":\"F\u0151oldal\",\"item\":\"https:\/\/www.msds-europe.com\/cs\/\"},{\"@type\":\"ListItem\",\"position\":2,\"name\":\"Prov\u00e9st posouzen\u00ed bezpe\u010dnosti pro kosmetiku\"}]},{\"@type\":\"WebSite\",\"@id\":\"https:\/\/www.msds-europe.com\/es\/#website\",\"url\":\"https:\/\/www.msds-europe.com\/es\/\",\"name\":\"MSDS Europe\",\"description\":\"\",\"publisher\":{\"@id\":\"https:\/\/www.msds-europe.com\/es\/#organization\"},\"potentialAction\":[{\"@type\":\"SearchAction\",\"target\":{\"@type\":\"EntryPoint\",\"urlTemplate\":\"https:\/\/www.msds-europe.com\/es\/?s={search_term_string}\"},\"query-input\":{\"@type\":\"PropertyValueSpecification\",\"valueRequired\":true,\"valueName\":\"search_term_string\"}}],\"inLanguage\":\"cs\"},{\"@type\":\"Organization\",\"@id\":\"https:\/\/www.msds-europe.com\/es\/#organization\",\"name\":\"MSDS-Europe International branch of ToxInfo\",\"url\":\"https:\/\/www.msds-europe.com\/es\/\",\"logo\":{\"@type\":\"ImageObject\",\"inLanguage\":\"cs\",\"@id\":\"https:\/\/www.msds-europe.com\/es\/#\/schema\/logo\/image\/\",\"url\":\"https:\/\/www.msds-europe.com\/wp-content\/uploads\/2021\/04\/msds-europe-logo.jpg\",\"contentUrl\":\"https:\/\/www.msds-europe.com\/wp-content\/uploads\/2021\/04\/msds-europe-logo.jpg\",\"width\":2296,\"height\":1067,\"caption\":\"MSDS-Europe International branch of ToxInfo\"},\"image\":{\"@id\":\"https:\/\/www.msds-europe.com\/es\/#\/schema\/logo\/image\/\"},\"sameAs\":[\"https:\/\/www.facebook.com\/toxinfokft\/\",\"https:\/\/x.com\/ToxInfoKft\"]}]}<\/script>\n<!-- \/ Yoast SEO plugin. -->","yoast_head_json":{"title":"Prov\u00e9st posouzen\u00ed bezpe\u010dnosti pro kosmetick\u00e9 v\u00fdrobky","description":"Prov\u00e9st posouzen\u00ed bezpe\u010dnosti pro kosmetiku, kosmetick\u00e9 v\u00fdrobky, prov\u00e9st posouzen\u00ed bezpe\u010dnosti s mezin\u00e1rodn\u00edmi referencemi","robots":{"index":"index","follow":"follow","max-snippet":"max-snippet:-1","max-image-preview":"max-image-preview:large","max-video-preview":"max-video-preview:-1"},"canonical":"https:\/\/www.msds-europe.com\/cs\/provest-posouzeni-bezpecnosti-pro-kosmetiku\/","og_locale":"cs_CZ","og_type":"article","og_title":"Prov\u00e9st posouzen\u00ed bezpe\u010dnosti pro kosmetick\u00e9 v\u00fdrobky","og_description":"Prov\u00e9st posouzen\u00ed bezpe\u010dnosti pro kosmetiku, kosmetick\u00e9 v\u00fdrobky, prov\u00e9st posouzen\u00ed bezpe\u010dnosti s mezin\u00e1rodn\u00edmi referencemi","og_url":"https:\/\/www.msds-europe.com\/cs\/provest-posouzeni-bezpecnosti-pro-kosmetiku\/","og_site_name":"MSDS Europe","article_publisher":"https:\/\/www.facebook.com\/toxinfokft\/","article_modified_time":"2023-02-13T13:02:44+00:00","twitter_card":"summary_large_image","twitter_site":"@ToxInfoKft","twitter_misc":{"Odhadovan\u00e1 doba \u010dten\u00ed":"3 minuty"},"schema":{"@context":"https:\/\/schema.org","@graph":[{"@type":"WebPage","@id":"https:\/\/www.msds-europe.com\/cs\/provest-posouzeni-bezpecnosti-pro-kosmetiku\/","url":"https:\/\/www.msds-europe.com\/cs\/provest-posouzeni-bezpecnosti-pro-kosmetiku\/","name":"Prov\u00e9st posouzen\u00ed bezpe\u010dnosti pro kosmetick\u00e9 v\u00fdrobky","isPartOf":{"@id":"https:\/\/www.msds-europe.com\/es\/#website"},"datePublished":"2018-05-22T10:01:35+00:00","dateModified":"2023-02-13T13:02:44+00:00","description":"Prov\u00e9st posouzen\u00ed bezpe\u010dnosti pro kosmetiku, kosmetick\u00e9 v\u00fdrobky, prov\u00e9st posouzen\u00ed bezpe\u010dnosti s mezin\u00e1rodn\u00edmi referencemi","breadcrumb":{"@id":"https:\/\/www.msds-europe.com\/cs\/provest-posouzeni-bezpecnosti-pro-kosmetiku\/#breadcrumb"},"inLanguage":"cs","potentialAction":[{"@type":"ReadAction","target":["https:\/\/www.msds-europe.com\/cs\/provest-posouzeni-bezpecnosti-pro-kosmetiku\/"]}]},{"@type":"BreadcrumbList","@id":"https:\/\/www.msds-europe.com\/cs\/provest-posouzeni-bezpecnosti-pro-kosmetiku\/#breadcrumb","itemListElement":[{"@type":"ListItem","position":1,"name":"F\u0151oldal","item":"https:\/\/www.msds-europe.com\/cs\/"},{"@type":"ListItem","position":2,"name":"Prov\u00e9st posouzen\u00ed bezpe\u010dnosti pro kosmetiku"}]},{"@type":"WebSite","@id":"https:\/\/www.msds-europe.com\/es\/#website","url":"https:\/\/www.msds-europe.com\/es\/","name":"MSDS Europe","description":"","publisher":{"@id":"https:\/\/www.msds-europe.com\/es\/#organization"},"potentialAction":[{"@type":"SearchAction","target":{"@type":"EntryPoint","urlTemplate":"https:\/\/www.msds-europe.com\/es\/?s={search_term_string}"},"query-input":{"@type":"PropertyValueSpecification","valueRequired":true,"valueName":"search_term_string"}}],"inLanguage":"cs"},{"@type":"Organization","@id":"https:\/\/www.msds-europe.com\/es\/#organization","name":"MSDS-Europe International branch of ToxInfo","url":"https:\/\/www.msds-europe.com\/es\/","logo":{"@type":"ImageObject","inLanguage":"cs","@id":"https:\/\/www.msds-europe.com\/es\/#\/schema\/logo\/image\/","url":"https:\/\/www.msds-europe.com\/wp-content\/uploads\/2021\/04\/msds-europe-logo.jpg","contentUrl":"https:\/\/www.msds-europe.com\/wp-content\/uploads\/2021\/04\/msds-europe-logo.jpg","width":2296,"height":1067,"caption":"MSDS-Europe International branch of ToxInfo"},"image":{"@id":"https:\/\/www.msds-europe.com\/es\/#\/schema\/logo\/image\/"},"sameAs":["https:\/\/www.facebook.com\/toxinfokft\/","https:\/\/x.com\/ToxInfoKft"]}]}},"_links":{"self":[{"href":"https:\/\/www.msds-europe.com\/cs\/wp-json\/wp\/v2\/pages\/3925","targetHints":{"allow":["GET"]}}],"collection":[{"href":"https:\/\/www.msds-europe.com\/cs\/wp-json\/wp\/v2\/pages"}],"about":[{"href":"https:\/\/www.msds-europe.com\/cs\/wp-json\/wp\/v2\/types\/page"}],"author":[{"embeddable":true,"href":"https:\/\/www.msds-europe.com\/cs\/wp-json\/wp\/v2\/users\/2"}],"replies":[{"embeddable":true,"href":"https:\/\/www.msds-europe.com\/cs\/wp-json\/wp\/v2\/comments?post=3925"}],"version-history":[{"count":11,"href":"https:\/\/www.msds-europe.com\/cs\/wp-json\/wp\/v2\/pages\/3925\/revisions"}],"predecessor-version":[{"id":28110,"href":"https:\/\/www.msds-europe.com\/cs\/wp-json\/wp\/v2\/pages\/3925\/revisions\/28110"}],"wp:attachment":[{"href":"https:\/\/www.msds-europe.com\/cs\/wp-json\/wp\/v2\/media?parent=3925"}],"wp:term":[{"taxonomy":"post_tag","embeddable":true,"href":"https:\/\/www.msds-europe.com\/cs\/wp-json\/wp\/v2\/tags?post=3925"}],"curies":[{"name":"wp","href":"https:\/\/api.w.org\/{rel}","templated":true}]}}