{"id":3920,"date":"2018-05-22T09:54:47","date_gmt":"2018-05-22T09:54:47","guid":{"rendered":"http:\/\/www.msds-europe.com\/sluzba-oznameni-cpnp\/"},"modified":"2018-06-28T09:33:26","modified_gmt":"2018-06-28T09:33:26","slug":"sluzba-oznameni-cpnp","status":"publish","type":"page","link":"https:\/\/www.msds-europe.com\/cs\/sluzba-oznameni-cpnp\/","title":{"rendered":"Slu\u017eba ozn\u00e1men\u00ed CPNP"},"content":{"rendered":"<p style=\"text-align: right;\"><em><span style=\"font-family: Calibri;\"><a href=\"http:\/\/www.msds-europe.com\/cs\/sluzby-tykajici-kosmetickych-vyrobku\/\">Na\u0161e slu\u017eby t\u00fdkaj\u00edc\u00ed se kosmetick\u00fdch v\u00fdrobk\u016f<\/a><\/span><span style=\"color: #000000; font-family: Calibri;\">\u00a0\u2013\u00a0Slu\u017eba ozn\u00e1men\u00ed CPNP<\/span><\/em><\/p>\n<p style=\"text-align: justify;\"><span style=\"color: #000000; font-family: Calibri;\">V souladu se Sm\u011brnic\u00ed (ES) \u010d. 1223\/2009 je uveden\u00ed kosmetick\u00e9ho v\u00fdrobku na trh v Evropsk\u00e9 unii podm\u00edn\u011bno jeho ozn\u00e1men\u00edm prost\u0159ednictv\u00edm centr\u00e1ln\u00edho elektronick\u00e9ho rozhran\u00ed CPNP (Port\u00e1l pro oznamov\u00e1n\u00ed kosmetick\u00fdch v\u00fdrobk\u016f).<\/span><\/p>\n<p style=\"text-align: justify;\"><span style=\"color: #000000; font-family: Calibri;\">\u00a0<\/span><\/p>\n<h3 style=\"text-align: justify;\"><span style=\"color: #333333; font-family: Calibri;\">Postup na\u0161\u00ed slu\u017eby ozn\u00e1men\u00ed CPNP<\/span><\/h3>\n<h2 style=\"text-align: justify;\"><span style=\"color: #000000; font-family: Calibri;\">Umo\u017en\u011bn\u00ed p\u0159\u00edstupu do port\u00e1lu CPNP (registrace)<\/span><\/h2>\n<p style=\"text-align: justify;\"><span style=\"color: #000000; font-family: Calibri;\">Pro pou\u017e\u00edv\u00e1n\u00ed port\u00e1lu CPNP si oznamovatel mus\u00ed vytvo\u0159it p\u0159ihla\u0161ovac\u00ed \u00fa\u010det EU Login (d\u0159\u00edve ECAS) a mus\u00ed po\u017e\u00e1dat o p\u0159\u00edstup do SAAS.<\/span><\/p>\n<p style=\"text-align: justify;\"><span style=\"color: #000000; font-family: Calibri;\">Je-li to nutn\u00e9, <strong>poskytujeme rovn\u011b\u017e asistenci p\u0159i procesu registrace<\/strong>.<\/span><\/p>\n<p style=\"text-align: justify;\"><span style=\"color: #000000; font-family: Calibri;\">Pomoc p\u0159i vlastn\u00ed registraci:<\/span><\/p>\n<ul>\n<li style=\"text-align: justify;\"><a href=\"https:\/\/webgate.ec.europa.eu\/cas\/eim\/external\/register.cgi\">Vytvo\u0159en\u00ed u\u017eivatelsk\u00e9 \u00fa\u010dtu\/hesla EU Login (d\u0159\u00edve ECAS)<\/a><\/li>\n<li style=\"text-align: justify;\"><a href=\"https:\/\/webgate.ec.europa.eu\/saas\/requestAccess\/application\/21\/create.html\">\u017d\u00e1dost o p\u0159\u00edstup na port\u00e1l CPNP prost\u0159ednictv\u00edm syst\u00e9mu SAAS<\/a><\/li>\n<li style=\"text-align: justify;\"><a href=\"https:\/\/webgate.ec.europa.eu\/cpnp\">P\u0159ipojen\u00ed k port\u00e1lu CPNP<\/a><\/li>\n<\/ul>\n<p style=\"text-align: justify;\"><span style=\"color: #000000; font-family: Calibri;\">\u00a0<\/span><\/p>\n<h2 style=\"text-align: justify;\"><span style=\"color: #000000; font-family: Calibri;\">Sd\u011blen\u00ed \u00fadaj\u016f prost\u0159ednictv\u00edm \u201estatutu\u201c distributora kosmetick\u00fdch v\u00fdrobk\u016f \u2013 ozn\u00e1men\u00ed CPNP<\/span><\/h2>\n<p style=\"text-align: justify;\"><span style=\"color: #000000; font-family: Calibri;\">Existuj\u00ed dva typy ozn\u00e1men\u00ed v z\u00e1vislosti na statutu distributora:<\/span><\/p>\n<ul>\n<li style=\"text-align: justify;\"><span style=\"color: #000000; font-family: Calibri;\">Ozn\u00e1men\u00ed podan\u00e9 odpov\u011bdnou osobou (v\u00fdrobce, dovozce)<\/span><\/li>\n<li style=\"text-align: justify;\"><span style=\"color: #000000; font-family: Calibri;\">Ozn\u00e1men\u00ed podan\u00e9 distributorem<\/span><\/li>\n<\/ul>\n<p style=\"text-align: justify;\"><span style=\"color: #000000; font-family: Calibri;\">Po z\u00edsk\u00e1n\u00ed registra\u010dn\u00edch \u00fadaj\u016f ozn\u00e1m\u00edme po\u017eadovan\u00e9 \u00fadaje a informace prost\u0159ednictv\u00edm port\u00e1lu CPNP s ohledem na \u201estatut\u201c oznamovatele.<\/span><\/p>\n<p style=\"text-align: justify;\"><span style=\"color: #000000; font-family: Calibri;\">\u00a0<\/span><\/p>\n<h2 style=\"text-align: justify;\"><span style=\"color: #000000; font-family: Calibri;\">U ozn\u00e1men\u00ed CPNP pod\u00e1van\u00fdch jm\u00e9nem odpov\u011bdn\u00e9 osoby se p\u0159edkl\u00e1daj\u00ed n\u00e1sleduj\u00edc\u00ed \u00fadaje\/informace<\/span><\/h2>\n<ul>\n<li style=\"text-align: justify;\"><span style=\"color: #000000; font-family: Calibri;\">origin\u00e1l ozna\u010den\u00ed<\/span><\/li>\n<li style=\"text-align: justify;\"><span style=\"color: #000000; font-family: Calibri;\">fotografie obalu v\u00fdrobku<\/span><\/li>\n<li style=\"text-align: justify;\"><span style=\"color: #000000; font-family: Calibri;\">Dal\u0161\u00ed \u00fadaje a informace v souladu s \u010dl\u00e1nkem 13 sm\u011brnice (ES) \u010d. 1223\/2009 o kosmetick\u00fdch v\u00fdrobc\u00edch<\/span><\/li>\n<\/ul>\n<p style=\"text-align: justify;\"><span style=\"color: #000000; font-family: Calibri;\">\u00a0<\/span><\/p>\n<h2 style=\"text-align: justify;\"><span style=\"color: #000000; font-family: Calibri;\">U ozn\u00e1men\u00ed CPNP pod\u00e1van\u00fdch jm\u00e9nem distributora se p\u0159edkl\u00e1daj\u00ed n\u00e1sleduj\u00edc\u00ed \u00fadaje\/informace<\/span><\/h2>\n<ul>\n<li style=\"text-align: justify;\"><span style=\"color: #000000; font-family: Calibri;\">Text etikety p\u0159elo\u017een\u00fd do \u00fa\u0159edn\u00edho jazyka \u010dlensk\u00e9ho st\u00e1tu, v n\u011bm\u017e m\u00e1 b\u00fdt kosmetick\u00fd v\u00fdrobek uveden na trh.<\/span><\/li>\n<li style=\"text-align: justify;\"><span style=\"color: #000000; font-family: Calibri;\">dal\u0161\u00ed relevantn\u00ed informace<\/span><\/li>\n<\/ul>\n<p style=\"text-align: justify;\"><em><span style=\"color: #000000; font-family: Calibri;\">Pozn\u00e1mka:<br \/>\nPokud distributor uvede v\u00fdrobek na trh pod sv\u00fdm jm\u00e9nem nebo obchodn\u00ed zn\u00e1mkou nebo pokud zm\u011bn\u00ed v\u00fdrobek, kter\u00fd je ji\u017e na trhu, zp\u016fsobem, kter\u00fd m\u016f\u017ee m\u00edt dopad na soulad v\u00fdrobku s p\u0159\u00edslu\u0161n\u00fdmi po\u017eadavky, bude pova\u017eov\u00e1n za odpov\u011bdnou osobu.<br \/>\nPokud je v\u00fd\u0161e uveden\u00e9 spln\u011bno, ozn\u00e1men\u00ed CPNP bude provedeno v souladu s po\u017eadavky odpov\u011bdn\u00e9 osoby.<\/span><\/em><\/p>\n<p style=\"text-align: justify;\"><span style=\"color: #000000; font-family: Calibri;\">\u00a0<\/span><\/p>\n<h2 style=\"text-align: justify;\"><span style=\"color: #000000; font-family: Calibri;\">\u017d\u00e1dost o cenovou nab\u00eddku na slu\u017ebu ozn\u00e1men\u00ed CPNP<\/span><\/h2>\n<p style=\"text-align: justify;\"><a href=\"mailto:info@msds-europe.com\"><span style=\"font-family: Calibri;\">Na \u017e\u00e1dost o cenovou nab\u00eddku zaslanou e-mailem <\/span><\/a><span style=\"font-family: Calibri;\"><span style=\"color: #000000;\">nebo <a href=\"http:\/\/www.msds-europe.com\/cs\/zadost-cenovou-nabidku-kosmetika\/\">prost\u0159ednictv\u00edm na\u0161eho online formul\u00e1\u0159e<\/a> odpov\u00edme do 24 hodin.<br \/>\nNa\u0161e <a href=\"http:\/\/www.msds-europe.com\/cs\/zakaznicke-sluzby\/\">z\u00e1kaznick\u00e9 slu\u017eby<\/a> v\u00e1m pom\u016f\u017eou vybrat si tu spr\u00e1vnou slu\u017ebu.<\/span><\/span><\/p>\n<p style=\"text-align: justify;\"><span style=\"color: #000000; font-family: Calibri;\">\u00a0<\/span><\/p>\n<h2 style=\"text-align: justify;\"><span style=\"color: #333333; font-family: Calibri;\">Slu\u017eby souvisej\u00edc\u00ed s na\u0161\u00ed slu\u017ebou ozn\u00e1men\u00ed CPNP<\/span><\/h2>\n<p style=\"text-align: justify;\"><span style=\"color: #000000; font-family: Calibri;\">Slu\u017eby koordinace kompletn\u00edho postupu ozn\u00e1men\u00ed kosmetick\u00fdch v\u00fdrobk\u016f (sb\u011br \u00fadaj\u016f, organizace laboratorn\u00edch test\u016f,<a href=\"http:\/\/www.msds-europe.com\/cs\/vytvareni-preklad-navrhu-etiket-kosmeticke\/\"> vytvo\u0159en\u00ed etikety<\/a>, vytvo\u0159en\u00ed bezpe\u010dnostn\u00edho posudku).<\/span><\/p>\n<p><span style=\"color: #000000; font-family: Calibri;\">\u00a0<\/span><\/p>\n","protected":false},"excerpt":{"rendered":"<p>Slu\u017eba ozn\u00e1men\u00ed kosmetick\u00fdch v\u00fdrobk\u016f port\u00e1lu CPNP.<\/p>\n","protected":false},"author":2,"featured_media":0,"parent":0,"menu_order":0,"comment_status":"closed","ping_status":"closed","template":"","meta":{"_acf_changed":false,"footnotes":""},"tags":[243,276],"class_list":["post-3920","page","type-page","status-publish","hentry","tag-kosmetika-cs","tag-sluzby-tykajici-se-kosmetickych-vyrobku"],"acf":[],"yoast_head":"<!-- This site is optimized with the Yoast SEO plugin v27.2 - https:\/\/yoast.com\/product\/yoast-seo-wordpress\/ -->\n<title>Slu\u017eba ozn\u00e1men\u00ed CPNP pro kosmetiku a kosmetick\u00e9 v\u00fdrobky<\/title>\n<meta name=\"description\" content=\"Slu\u017eba ozn\u00e1men\u00ed CPNP pro distribuci kosmetick\u00fdch v\u00fdrobk\u016f. Pomoc p\u0159i ozn\u00e1men\u00ed CPNP jm\u00e9nem odpov\u011bdn\u00e9 osoby v p\u0159\u00edpad\u011b v\u00fdroby nebo dovozu kosmetick\u00fdch v\u00fdrobk\u016f.\" \/>\n<meta name=\"robots\" content=\"index, follow, max-snippet:-1, max-image-preview:large, max-video-preview:-1\" \/>\n<link rel=\"canonical\" href=\"https:\/\/www.msds-europe.com\/cs\/sluzba-oznameni-cpnp\/\" \/>\n<meta property=\"og:locale\" content=\"cs_CZ\" \/>\n<meta property=\"og:type\" content=\"article\" \/>\n<meta property=\"og:title\" content=\"Slu\u017eba ozn\u00e1men\u00ed CPNP pro kosmetiku a kosmetick\u00e9 v\u00fdrobky\" \/>\n<meta property=\"og:description\" content=\"Slu\u017eba ozn\u00e1men\u00ed CPNP pro distribuci kosmetick\u00fdch v\u00fdrobk\u016f. Pomoc p\u0159i ozn\u00e1men\u00ed CPNP jm\u00e9nem odpov\u011bdn\u00e9 osoby v p\u0159\u00edpad\u011b v\u00fdroby nebo dovozu kosmetick\u00fdch v\u00fdrobk\u016f.\" \/>\n<meta property=\"og:url\" content=\"https:\/\/www.msds-europe.com\/cs\/sluzba-oznameni-cpnp\/\" \/>\n<meta property=\"og:site_name\" content=\"MSDS Europe\" \/>\n<meta property=\"article:publisher\" content=\"https:\/\/www.facebook.com\/toxinfokft\/\" \/>\n<meta property=\"article:modified_time\" content=\"2018-06-28T09:33:26+00:00\" \/>\n<meta name=\"twitter:card\" content=\"summary_large_image\" \/>\n<meta name=\"twitter:site\" content=\"@ToxInfoKft\" \/>\n<meta name=\"twitter:label1\" content=\"Odhadovan\u00e1 doba \u010dten\u00ed\" \/>\n\t<meta name=\"twitter:data1\" content=\"2 minuty\" \/>\n<script type=\"application\/ld+json\" class=\"yoast-schema-graph\">{\"@context\":\"https:\/\/schema.org\",\"@graph\":[{\"@type\":\"WebPage\",\"@id\":\"https:\/\/www.msds-europe.com\/cs\/sluzba-oznameni-cpnp\/\",\"url\":\"https:\/\/www.msds-europe.com\/cs\/sluzba-oznameni-cpnp\/\",\"name\":\"Slu\u017eba ozn\u00e1men\u00ed CPNP pro kosmetiku a kosmetick\u00e9 v\u00fdrobky\",\"isPartOf\":{\"@id\":\"https:\/\/www.msds-europe.com\/es\/#website\"},\"datePublished\":\"2018-05-22T09:54:47+00:00\",\"dateModified\":\"2018-06-28T09:33:26+00:00\",\"description\":\"Slu\u017eba ozn\u00e1men\u00ed CPNP pro distribuci kosmetick\u00fdch v\u00fdrobk\u016f. Pomoc p\u0159i ozn\u00e1men\u00ed CPNP jm\u00e9nem odpov\u011bdn\u00e9 osoby v p\u0159\u00edpad\u011b v\u00fdroby nebo dovozu kosmetick\u00fdch v\u00fdrobk\u016f.\",\"breadcrumb\":{\"@id\":\"https:\/\/www.msds-europe.com\/cs\/sluzba-oznameni-cpnp\/#breadcrumb\"},\"inLanguage\":\"cs\",\"potentialAction\":[{\"@type\":\"ReadAction\",\"target\":[\"https:\/\/www.msds-europe.com\/cs\/sluzba-oznameni-cpnp\/\"]}]},{\"@type\":\"BreadcrumbList\",\"@id\":\"https:\/\/www.msds-europe.com\/cs\/sluzba-oznameni-cpnp\/#breadcrumb\",\"itemListElement\":[{\"@type\":\"ListItem\",\"position\":1,\"name\":\"F\u0151oldal\",\"item\":\"https:\/\/www.msds-europe.com\/cs\/\"},{\"@type\":\"ListItem\",\"position\":2,\"name\":\"Slu\u017eba ozn\u00e1men\u00ed CPNP\"}]},{\"@type\":\"WebSite\",\"@id\":\"https:\/\/www.msds-europe.com\/es\/#website\",\"url\":\"https:\/\/www.msds-europe.com\/es\/\",\"name\":\"MSDS Europe\",\"description\":\"\",\"publisher\":{\"@id\":\"https:\/\/www.msds-europe.com\/es\/#organization\"},\"potentialAction\":[{\"@type\":\"SearchAction\",\"target\":{\"@type\":\"EntryPoint\",\"urlTemplate\":\"https:\/\/www.msds-europe.com\/es\/?s={search_term_string}\"},\"query-input\":{\"@type\":\"PropertyValueSpecification\",\"valueRequired\":true,\"valueName\":\"search_term_string\"}}],\"inLanguage\":\"cs\"},{\"@type\":\"Organization\",\"@id\":\"https:\/\/www.msds-europe.com\/es\/#organization\",\"name\":\"MSDS-Europe International branch of ToxInfo\",\"url\":\"https:\/\/www.msds-europe.com\/es\/\",\"logo\":{\"@type\":\"ImageObject\",\"inLanguage\":\"cs\",\"@id\":\"https:\/\/www.msds-europe.com\/es\/#\/schema\/logo\/image\/\",\"url\":\"https:\/\/www.msds-europe.com\/wp-content\/uploads\/2021\/04\/msds-europe-logo.jpg\",\"contentUrl\":\"https:\/\/www.msds-europe.com\/wp-content\/uploads\/2021\/04\/msds-europe-logo.jpg\",\"width\":2296,\"height\":1067,\"caption\":\"MSDS-Europe International branch of ToxInfo\"},\"image\":{\"@id\":\"https:\/\/www.msds-europe.com\/es\/#\/schema\/logo\/image\/\"},\"sameAs\":[\"https:\/\/www.facebook.com\/toxinfokft\/\",\"https:\/\/x.com\/ToxInfoKft\"]}]}<\/script>\n<!-- \/ Yoast SEO plugin. -->","yoast_head_json":{"title":"Slu\u017eba ozn\u00e1men\u00ed CPNP pro kosmetiku a kosmetick\u00e9 v\u00fdrobky","description":"Slu\u017eba ozn\u00e1men\u00ed CPNP pro distribuci kosmetick\u00fdch v\u00fdrobk\u016f. Pomoc p\u0159i ozn\u00e1men\u00ed CPNP jm\u00e9nem odpov\u011bdn\u00e9 osoby v p\u0159\u00edpad\u011b v\u00fdroby nebo dovozu kosmetick\u00fdch v\u00fdrobk\u016f.","robots":{"index":"index","follow":"follow","max-snippet":"max-snippet:-1","max-image-preview":"max-image-preview:large","max-video-preview":"max-video-preview:-1"},"canonical":"https:\/\/www.msds-europe.com\/cs\/sluzba-oznameni-cpnp\/","og_locale":"cs_CZ","og_type":"article","og_title":"Slu\u017eba ozn\u00e1men\u00ed CPNP pro kosmetiku a kosmetick\u00e9 v\u00fdrobky","og_description":"Slu\u017eba ozn\u00e1men\u00ed CPNP pro distribuci kosmetick\u00fdch v\u00fdrobk\u016f. Pomoc p\u0159i ozn\u00e1men\u00ed CPNP jm\u00e9nem odpov\u011bdn\u00e9 osoby v p\u0159\u00edpad\u011b v\u00fdroby nebo dovozu kosmetick\u00fdch v\u00fdrobk\u016f.","og_url":"https:\/\/www.msds-europe.com\/cs\/sluzba-oznameni-cpnp\/","og_site_name":"MSDS Europe","article_publisher":"https:\/\/www.facebook.com\/toxinfokft\/","article_modified_time":"2018-06-28T09:33:26+00:00","twitter_card":"summary_large_image","twitter_site":"@ToxInfoKft","twitter_misc":{"Odhadovan\u00e1 doba \u010dten\u00ed":"2 minuty"},"schema":{"@context":"https:\/\/schema.org","@graph":[{"@type":"WebPage","@id":"https:\/\/www.msds-europe.com\/cs\/sluzba-oznameni-cpnp\/","url":"https:\/\/www.msds-europe.com\/cs\/sluzba-oznameni-cpnp\/","name":"Slu\u017eba ozn\u00e1men\u00ed CPNP pro kosmetiku a kosmetick\u00e9 v\u00fdrobky","isPartOf":{"@id":"https:\/\/www.msds-europe.com\/es\/#website"},"datePublished":"2018-05-22T09:54:47+00:00","dateModified":"2018-06-28T09:33:26+00:00","description":"Slu\u017eba ozn\u00e1men\u00ed CPNP pro distribuci kosmetick\u00fdch v\u00fdrobk\u016f. Pomoc p\u0159i ozn\u00e1men\u00ed CPNP jm\u00e9nem odpov\u011bdn\u00e9 osoby v p\u0159\u00edpad\u011b v\u00fdroby nebo dovozu kosmetick\u00fdch v\u00fdrobk\u016f.","breadcrumb":{"@id":"https:\/\/www.msds-europe.com\/cs\/sluzba-oznameni-cpnp\/#breadcrumb"},"inLanguage":"cs","potentialAction":[{"@type":"ReadAction","target":["https:\/\/www.msds-europe.com\/cs\/sluzba-oznameni-cpnp\/"]}]},{"@type":"BreadcrumbList","@id":"https:\/\/www.msds-europe.com\/cs\/sluzba-oznameni-cpnp\/#breadcrumb","itemListElement":[{"@type":"ListItem","position":1,"name":"F\u0151oldal","item":"https:\/\/www.msds-europe.com\/cs\/"},{"@type":"ListItem","position":2,"name":"Slu\u017eba ozn\u00e1men\u00ed CPNP"}]},{"@type":"WebSite","@id":"https:\/\/www.msds-europe.com\/es\/#website","url":"https:\/\/www.msds-europe.com\/es\/","name":"MSDS Europe","description":"","publisher":{"@id":"https:\/\/www.msds-europe.com\/es\/#organization"},"potentialAction":[{"@type":"SearchAction","target":{"@type":"EntryPoint","urlTemplate":"https:\/\/www.msds-europe.com\/es\/?s={search_term_string}"},"query-input":{"@type":"PropertyValueSpecification","valueRequired":true,"valueName":"search_term_string"}}],"inLanguage":"cs"},{"@type":"Organization","@id":"https:\/\/www.msds-europe.com\/es\/#organization","name":"MSDS-Europe International branch of ToxInfo","url":"https:\/\/www.msds-europe.com\/es\/","logo":{"@type":"ImageObject","inLanguage":"cs","@id":"https:\/\/www.msds-europe.com\/es\/#\/schema\/logo\/image\/","url":"https:\/\/www.msds-europe.com\/wp-content\/uploads\/2021\/04\/msds-europe-logo.jpg","contentUrl":"https:\/\/www.msds-europe.com\/wp-content\/uploads\/2021\/04\/msds-europe-logo.jpg","width":2296,"height":1067,"caption":"MSDS-Europe International branch of ToxInfo"},"image":{"@id":"https:\/\/www.msds-europe.com\/es\/#\/schema\/logo\/image\/"},"sameAs":["https:\/\/www.facebook.com\/toxinfokft\/","https:\/\/x.com\/ToxInfoKft"]}]}},"_links":{"self":[{"href":"https:\/\/www.msds-europe.com\/cs\/wp-json\/wp\/v2\/pages\/3920","targetHints":{"allow":["GET"]}}],"collection":[{"href":"https:\/\/www.msds-europe.com\/cs\/wp-json\/wp\/v2\/pages"}],"about":[{"href":"https:\/\/www.msds-europe.com\/cs\/wp-json\/wp\/v2\/types\/page"}],"author":[{"embeddable":true,"href":"https:\/\/www.msds-europe.com\/cs\/wp-json\/wp\/v2\/users\/2"}],"replies":[{"embeddable":true,"href":"https:\/\/www.msds-europe.com\/cs\/wp-json\/wp\/v2\/comments?post=3920"}],"version-history":[{"count":5,"href":"https:\/\/www.msds-europe.com\/cs\/wp-json\/wp\/v2\/pages\/3920\/revisions"}],"predecessor-version":[{"id":6624,"href":"https:\/\/www.msds-europe.com\/cs\/wp-json\/wp\/v2\/pages\/3920\/revisions\/6624"}],"wp:attachment":[{"href":"https:\/\/www.msds-europe.com\/cs\/wp-json\/wp\/v2\/media?parent=3920"}],"wp:term":[{"taxonomy":"post_tag","embeddable":true,"href":"https:\/\/www.msds-europe.com\/cs\/wp-json\/wp\/v2\/tags?post=3920"}],"curies":[{"name":"wp","href":"https:\/\/api.w.org\/{rel}","templated":true}]}}