{"id":3915,"date":"2018-05-22T09:25:40","date_gmt":"2018-05-22T09:25:40","guid":{"rendered":"http:\/\/www.msds-europe.com\/sluzby-souvisejici-s-umistenim-kosmetickych-vyrobku-na-trh-2\/"},"modified":"2018-07-03T13:34:20","modified_gmt":"2018-07-03T13:34:20","slug":"sluzby-tykajici-kosmetickych-vyrobku","status":"publish","type":"page","link":"https:\/\/www.msds-europe.com\/cs\/sluzby-tykajici-kosmetickych-vyrobku\/","title":{"rendered":"Slu\u017eby souvisej\u00edc\u00ed s um\u00edst\u011bn\u00edm kosmetick\u00fdch v\u00fdrobk\u016f na trh."},"content":{"rendered":"<p style=\"text-align: right;\"><em><a href=\"http:\/\/www.msds-europe.com\/cs\/\">MSDS-Europe<\/a> \u2013\u00a0slu\u017eby souvisej\u00edc\u00ed s um\u00edst\u011bn\u00edm kosmetick\u00fdch v\u00fdrobk\u016f na trh<\/em><\/p>\n<p>&nbsp;<\/p>\n<p style=\"text-align: justify;\"><span style=\"color: #000000; font-family: Calibri;\">Vyv\u00edj\u00edme n\u00e1\u0161 sortiment slu\u017eeb, abychom plnili pot\u0159eby spole\u010dnost\u00ed zab\u00fdvaj\u00edc\u00edch se dovozem a distribuc\u00ed kosmetick\u00fdch v\u00fdrobk\u016f a pom\u00e1hali jim co nejefektivn\u011bji uv\u00e1d\u011bt na trh sv\u00e9 v\u00fdrobky.<\/span><\/p>\n<p style=\"text-align: justify;\"><span style=\"color: #000000; font-family: Calibri;\">Pom\u00e1h\u00e1me na\u0161im partner\u016fm p\u0159i cel\u00e9m procesu z\u00edsk\u00e1n\u00ed licence, od vytvo\u0159en\u00ed zna\u010den\u00ed v\u00fdrobku a\u017e po dokon\u010den\u00ed procesu ozn\u00e1men\u00ed.<\/span><\/p>\n<p style=\"text-align: justify;\"><span style=\"color: #000000; font-family: Calibri;\">Na\u0161e \u010dinnosti jsou prov\u00e1d\u011bny v souladu s p\u0159edpisy v oblasti kosmetick\u00fdch v\u00fdrobk\u016f (<strong>Sm\u011brnice 1223\/2009\/ES<\/strong>).<br \/>\nNa\u0161e spole\u010dnost m\u00e1 \u00farove\u0148 stanovenou v p\u0159\u00edslu\u0161n\u00e9m z\u00e1kon\u011b a odborn\u00edky, kte\u0159\u00ed maj\u00ed po\u017eadovan\u00e9 odborn\u00e9 zku\u0161enosti.<\/span><\/p>\n<p>&nbsp;<\/p>\n<h2>Jak m\u016f\u017eeme pom\u00e1hat<\/h2>\n<ul>\n<li style=\"text-align: justify;\"><a href=\"http:\/\/www.msds-europe.com\/cs\/provest-posouzeni-bezpecnosti-pro-kosmetiku\/\">Sestaven\u00ed Posouzen\u00ed bezpe\u010dnosti<\/a><\/li>\n<li style=\"text-align: justify;\"><a href=\"http:\/\/www.msds-europe.com\/cs\/vytvareni-preklad-navrhu-etiket-kosmeticke\/\">Sestaven\u00ed n\u00e1vrhu etikety<\/a><\/li>\n<li style=\"text-align: justify;\"><a href=\"http:\/\/www.msds-europe.com\/cs\/sluzba-oznameni-cpnp\/\">Ozn\u00e1men\u00ed p\u0159es port\u00e1l CPNP<\/a><\/li>\n<li style=\"text-align: justify;\"><a href=\"http:\/\/www.biztonsagiadatlap.hu\/kozmetikumok-engedelyeztetese\/biztonsagi-adatlap-keszitese-kozmetikai-termekekhez\/\">Vytv\u00e1\u0159en\u00ed bezpe\u010dnostn\u00edch list\u016f pro kosmetick\u00e9 v\u00fdrobky<\/a><\/li>\n<\/ul>\n<p style=\"text-align: justify;\"><em><span style=\"color: #000000; font-family: Calibri;\">Pro podrobn\u00fd popis na\u0161ich slu\u017eeb t\u00fdkaj\u00edc\u00edch se kosmetiky klikn\u011bte na n\u011bkter\u00fd z v\u00fd\u0161e uveden\u00fdch \u010derven\u00fdch odkaz\u016f.<\/span><\/em><\/p>\n<p style=\"text-align: justify;\"><span style=\"color: #000000; font-family: Calibri;\">\u00a0<\/span><\/p>\n<h2>Z\u00e1ruka<\/h2>\n<p style=\"text-align: justify;\"><span style=\"color: #000000; font-family: Calibri;\">Na\u0161e spole\u010dnost p\u0159eb\u00edr\u00e1 plnou odbornou a finan\u010dn\u00ed odpov\u011bdnost za na\u0161e slu\u017eby v souvislosti s postupem schv\u00e1len\u00ed kosmetick\u00fdch v\u00fdrobk\u016f. Pozn\u00e1mky, kter\u00e9 mohou vzn\u00e1\u0161et r\u016fzn\u00e9 \u00fa\u0159ady a uv\u00e1d\u011bt na\u0161i klienti, jsou pro\u0161et\u0159eny do 24 hodin. P\u0159ij\u00edm\u00e1me pozn\u00e1mky nebo reklamace u kter\u00e9koliv z na\u0161ich kontaktn\u00edch osob.<\/span><\/p>\n<p style=\"text-align: justify;\"><span style=\"color: #000000; font-family: Calibri;\">\u00a0<\/span><\/p>\n<h2>P\u00e9\u010de o z\u00e1kazn\u00edky<\/h2>\n<p style=\"text-align: justify;\"><span style=\"color: #000000; font-family: Calibri;\">Na\u0161e <a href=\"http:\/\/www.msds-europe.com\/cs\/zakaznicke-sluzby\/\">z\u00e1kaznick\u00e9 slu\u017eby<\/a> kladou d\u016fraz na poskytov\u00e1n\u00ed informac\u00ed v p\u0159\u00edslu\u0161n\u00e9 rychlosti a kvalit\u011b.<\/span><\/p>\n<p style=\"text-align: justify;\"><span style=\"color: #000000; font-family: Calibri;\">Na\u0161e z\u00e1kaznick\u00e9 slu\u017eby jsou v\u00e1m k dispozici pro odpov\u011bdi na technick\u00e9 a jin\u00e9 dotazy i po spln\u011bn\u00ed objednan\u00e9 slu\u017eby s ohledem na kosmetick\u00e9 v\u00fdrobky.<\/span><\/p>\n<p>&nbsp;<\/p>\n<h2 style=\"text-align: justify;\"><span style=\"color: #000000; font-family: Calibri;\">\u017d\u00e1dost o cenovou nab\u00eddku slu\u017eeb t\u00fdkaj\u00edc\u00edch se kosmetick\u00fdch v\u00fdrobk\u016f<\/span><\/h2>\n<p style=\"text-align: justify;\"><span style=\"font-family: Calibri;\"><span style=\"color: #000000;\"><a href=\"mailto:info@msds-europe.com\">Na \u017e\u00e1dost o cenovou nab\u00eddku zaslanou e-mailem<\/a> nebo prost\u0159ednictv\u00edm na\u0161eho <a href=\"http:\/\/www.msds-europe.com\/cs\/zadost-cenovou-nabidku-kosmetika\/\">online formul\u00e1\u0159e<\/a> odpov\u00edme do 24 hodin.<br \/>\nNa\u0161e <a href=\"http:\/\/www.msds-europe.com\/cs\/zakaznicke-sluzby\/\">z\u00e1kaznick\u00e9 slu\u017eby<\/a> v\u00e1m pom\u016f\u017eou vybrat si tu spr\u00e1vnou slu\u017ebu.<\/span><\/span><\/p>\n<p>&nbsp;<\/p>\n","protected":false},"excerpt":{"rendered":"<p>Slu\u017eby souvisej\u00edc\u00ed s um\u00edst\u011bn\u00edm kosmetick\u00fdch v\u00fdrobk\u016f na trh. Vytvo\u0159en\u00ed dokumentace a ozn\u00e1men\u00ed pro distribuci a v\u00fdrobu kosmetick\u00fdch v\u00fdrobk\u016f.<\/p>\n","protected":false},"author":2,"featured_media":0,"parent":0,"menu_order":0,"comment_status":"closed","ping_status":"closed","template":"page-category.php","meta":{"_acf_changed":false,"footnotes":""},"tags":[243,276],"class_list":["post-3915","page","type-page","status-publish","hentry","tag-kosmetika-cs","tag-sluzby-tykajici-se-kosmetickych-vyrobku"],"acf":[],"yoast_head":"<!-- This site is optimized with the Yoast SEO plugin v27.2 - https:\/\/yoast.com\/product\/yoast-seo-wordpress\/ -->\n<title>Slu\u017eby souvisej\u00edc\u00ed s um\u00edst\u011bn\u00edm kosmetick\u00fdch v\u00fdrobk\u016f na trh<\/title>\n<meta name=\"description\" content=\"Slu\u017eby souvisej\u00edc\u00ed s um\u00edst\u011bn\u00edm kosmetick\u00fdch v\u00fdrobk\u016f na trh. Vytv\u00e1\u0159en\u00ed dokumentace a ozn\u00e1men\u00ed pro distribuci a v\u00fdrobu kosmetick\u00fdch v\u00fdrobk\u016f se z\u00e1rukou.\" \/>\n<meta name=\"robots\" content=\"index, follow, max-snippet:-1, max-image-preview:large, max-video-preview:-1\" \/>\n<link rel=\"canonical\" href=\"https:\/\/www.msds-europe.com\/cs\/sluzby-tykajici-kosmetickych-vyrobku\/\" \/>\n<meta property=\"og:locale\" content=\"cs_CZ\" \/>\n<meta property=\"og:type\" content=\"article\" \/>\n<meta property=\"og:title\" content=\"Slu\u017eby souvisej\u00edc\u00ed s um\u00edst\u011bn\u00edm kosmetick\u00fdch v\u00fdrobk\u016f na trh\" \/>\n<meta property=\"og:description\" content=\"Slu\u017eby souvisej\u00edc\u00ed s um\u00edst\u011bn\u00edm kosmetick\u00fdch v\u00fdrobk\u016f na trh. Vytv\u00e1\u0159en\u00ed dokumentace a ozn\u00e1men\u00ed pro distribuci a v\u00fdrobu kosmetick\u00fdch v\u00fdrobk\u016f se z\u00e1rukou.\" \/>\n<meta property=\"og:url\" content=\"https:\/\/www.msds-europe.com\/cs\/sluzby-tykajici-kosmetickych-vyrobku\/\" \/>\n<meta property=\"og:site_name\" content=\"MSDS Europe\" \/>\n<meta property=\"article:publisher\" content=\"https:\/\/www.facebook.com\/toxinfokft\/\" \/>\n<meta property=\"article:modified_time\" content=\"2018-07-03T13:34:20+00:00\" \/>\n<meta name=\"twitter:card\" content=\"summary_large_image\" \/>\n<meta name=\"twitter:site\" content=\"@ToxInfoKft\" \/>\n<meta name=\"twitter:label1\" content=\"Odhadovan\u00e1 doba \u010dten\u00ed\" \/>\n\t<meta name=\"twitter:data1\" content=\"2 minuty\" \/>\n<script type=\"application\/ld+json\" class=\"yoast-schema-graph\">{\"@context\":\"https:\/\/schema.org\",\"@graph\":[{\"@type\":\"WebPage\",\"@id\":\"https:\/\/www.msds-europe.com\/cs\/sluzby-tykajici-kosmetickych-vyrobku\/\",\"url\":\"https:\/\/www.msds-europe.com\/cs\/sluzby-tykajici-kosmetickych-vyrobku\/\",\"name\":\"Slu\u017eby souvisej\u00edc\u00ed s um\u00edst\u011bn\u00edm kosmetick\u00fdch v\u00fdrobk\u016f na trh\",\"isPartOf\":{\"@id\":\"https:\/\/www.msds-europe.com\/es\/#website\"},\"datePublished\":\"2018-05-22T09:25:40+00:00\",\"dateModified\":\"2018-07-03T13:34:20+00:00\",\"description\":\"Slu\u017eby souvisej\u00edc\u00ed s um\u00edst\u011bn\u00edm kosmetick\u00fdch v\u00fdrobk\u016f na trh. Vytv\u00e1\u0159en\u00ed dokumentace a ozn\u00e1men\u00ed pro distribuci a v\u00fdrobu kosmetick\u00fdch v\u00fdrobk\u016f se z\u00e1rukou.\",\"breadcrumb\":{\"@id\":\"https:\/\/www.msds-europe.com\/cs\/sluzby-tykajici-kosmetickych-vyrobku\/#breadcrumb\"},\"inLanguage\":\"cs\",\"potentialAction\":[{\"@type\":\"ReadAction\",\"target\":[\"https:\/\/www.msds-europe.com\/cs\/sluzby-tykajici-kosmetickych-vyrobku\/\"]}]},{\"@type\":\"BreadcrumbList\",\"@id\":\"https:\/\/www.msds-europe.com\/cs\/sluzby-tykajici-kosmetickych-vyrobku\/#breadcrumb\",\"itemListElement\":[{\"@type\":\"ListItem\",\"position\":1,\"name\":\"F\u0151oldal\",\"item\":\"https:\/\/www.msds-europe.com\/cs\/\"},{\"@type\":\"ListItem\",\"position\":2,\"name\":\"Slu\u017eby souvisej\u00edc\u00ed s um\u00edst\u011bn\u00edm kosmetick\u00fdch v\u00fdrobk\u016f na trh.\"}]},{\"@type\":\"WebSite\",\"@id\":\"https:\/\/www.msds-europe.com\/es\/#website\",\"url\":\"https:\/\/www.msds-europe.com\/es\/\",\"name\":\"MSDS Europe\",\"description\":\"\",\"publisher\":{\"@id\":\"https:\/\/www.msds-europe.com\/es\/#organization\"},\"potentialAction\":[{\"@type\":\"SearchAction\",\"target\":{\"@type\":\"EntryPoint\",\"urlTemplate\":\"https:\/\/www.msds-europe.com\/es\/?s={search_term_string}\"},\"query-input\":{\"@type\":\"PropertyValueSpecification\",\"valueRequired\":true,\"valueName\":\"search_term_string\"}}],\"inLanguage\":\"cs\"},{\"@type\":\"Organization\",\"@id\":\"https:\/\/www.msds-europe.com\/es\/#organization\",\"name\":\"MSDS-Europe International branch of ToxInfo\",\"url\":\"https:\/\/www.msds-europe.com\/es\/\",\"logo\":{\"@type\":\"ImageObject\",\"inLanguage\":\"cs\",\"@id\":\"https:\/\/www.msds-europe.com\/es\/#\/schema\/logo\/image\/\",\"url\":\"https:\/\/www.msds-europe.com\/wp-content\/uploads\/2021\/04\/msds-europe-logo.jpg\",\"contentUrl\":\"https:\/\/www.msds-europe.com\/wp-content\/uploads\/2021\/04\/msds-europe-logo.jpg\",\"width\":2296,\"height\":1067,\"caption\":\"MSDS-Europe International branch of ToxInfo\"},\"image\":{\"@id\":\"https:\/\/www.msds-europe.com\/es\/#\/schema\/logo\/image\/\"},\"sameAs\":[\"https:\/\/www.facebook.com\/toxinfokft\/\",\"https:\/\/x.com\/ToxInfoKft\"]}]}<\/script>\n<!-- \/ Yoast SEO plugin. -->","yoast_head_json":{"title":"Slu\u017eby souvisej\u00edc\u00ed s um\u00edst\u011bn\u00edm kosmetick\u00fdch v\u00fdrobk\u016f na trh","description":"Slu\u017eby souvisej\u00edc\u00ed s um\u00edst\u011bn\u00edm kosmetick\u00fdch v\u00fdrobk\u016f na trh. Vytv\u00e1\u0159en\u00ed dokumentace a ozn\u00e1men\u00ed pro distribuci a v\u00fdrobu kosmetick\u00fdch v\u00fdrobk\u016f se z\u00e1rukou.","robots":{"index":"index","follow":"follow","max-snippet":"max-snippet:-1","max-image-preview":"max-image-preview:large","max-video-preview":"max-video-preview:-1"},"canonical":"https:\/\/www.msds-europe.com\/cs\/sluzby-tykajici-kosmetickych-vyrobku\/","og_locale":"cs_CZ","og_type":"article","og_title":"Slu\u017eby souvisej\u00edc\u00ed s um\u00edst\u011bn\u00edm kosmetick\u00fdch v\u00fdrobk\u016f na trh","og_description":"Slu\u017eby souvisej\u00edc\u00ed s um\u00edst\u011bn\u00edm kosmetick\u00fdch v\u00fdrobk\u016f na trh. Vytv\u00e1\u0159en\u00ed dokumentace a ozn\u00e1men\u00ed pro distribuci a v\u00fdrobu kosmetick\u00fdch v\u00fdrobk\u016f se z\u00e1rukou.","og_url":"https:\/\/www.msds-europe.com\/cs\/sluzby-tykajici-kosmetickych-vyrobku\/","og_site_name":"MSDS Europe","article_publisher":"https:\/\/www.facebook.com\/toxinfokft\/","article_modified_time":"2018-07-03T13:34:20+00:00","twitter_card":"summary_large_image","twitter_site":"@ToxInfoKft","twitter_misc":{"Odhadovan\u00e1 doba \u010dten\u00ed":"2 minuty"},"schema":{"@context":"https:\/\/schema.org","@graph":[{"@type":"WebPage","@id":"https:\/\/www.msds-europe.com\/cs\/sluzby-tykajici-kosmetickych-vyrobku\/","url":"https:\/\/www.msds-europe.com\/cs\/sluzby-tykajici-kosmetickych-vyrobku\/","name":"Slu\u017eby souvisej\u00edc\u00ed s um\u00edst\u011bn\u00edm kosmetick\u00fdch v\u00fdrobk\u016f na trh","isPartOf":{"@id":"https:\/\/www.msds-europe.com\/es\/#website"},"datePublished":"2018-05-22T09:25:40+00:00","dateModified":"2018-07-03T13:34:20+00:00","description":"Slu\u017eby souvisej\u00edc\u00ed s um\u00edst\u011bn\u00edm kosmetick\u00fdch v\u00fdrobk\u016f na trh. Vytv\u00e1\u0159en\u00ed dokumentace a ozn\u00e1men\u00ed pro distribuci a v\u00fdrobu kosmetick\u00fdch v\u00fdrobk\u016f se z\u00e1rukou.","breadcrumb":{"@id":"https:\/\/www.msds-europe.com\/cs\/sluzby-tykajici-kosmetickych-vyrobku\/#breadcrumb"},"inLanguage":"cs","potentialAction":[{"@type":"ReadAction","target":["https:\/\/www.msds-europe.com\/cs\/sluzby-tykajici-kosmetickych-vyrobku\/"]}]},{"@type":"BreadcrumbList","@id":"https:\/\/www.msds-europe.com\/cs\/sluzby-tykajici-kosmetickych-vyrobku\/#breadcrumb","itemListElement":[{"@type":"ListItem","position":1,"name":"F\u0151oldal","item":"https:\/\/www.msds-europe.com\/cs\/"},{"@type":"ListItem","position":2,"name":"Slu\u017eby souvisej\u00edc\u00ed s um\u00edst\u011bn\u00edm kosmetick\u00fdch v\u00fdrobk\u016f na trh."}]},{"@type":"WebSite","@id":"https:\/\/www.msds-europe.com\/es\/#website","url":"https:\/\/www.msds-europe.com\/es\/","name":"MSDS Europe","description":"","publisher":{"@id":"https:\/\/www.msds-europe.com\/es\/#organization"},"potentialAction":[{"@type":"SearchAction","target":{"@type":"EntryPoint","urlTemplate":"https:\/\/www.msds-europe.com\/es\/?s={search_term_string}"},"query-input":{"@type":"PropertyValueSpecification","valueRequired":true,"valueName":"search_term_string"}}],"inLanguage":"cs"},{"@type":"Organization","@id":"https:\/\/www.msds-europe.com\/es\/#organization","name":"MSDS-Europe International branch of ToxInfo","url":"https:\/\/www.msds-europe.com\/es\/","logo":{"@type":"ImageObject","inLanguage":"cs","@id":"https:\/\/www.msds-europe.com\/es\/#\/schema\/logo\/image\/","url":"https:\/\/www.msds-europe.com\/wp-content\/uploads\/2021\/04\/msds-europe-logo.jpg","contentUrl":"https:\/\/www.msds-europe.com\/wp-content\/uploads\/2021\/04\/msds-europe-logo.jpg","width":2296,"height":1067,"caption":"MSDS-Europe International branch of ToxInfo"},"image":{"@id":"https:\/\/www.msds-europe.com\/es\/#\/schema\/logo\/image\/"},"sameAs":["https:\/\/www.facebook.com\/toxinfokft\/","https:\/\/x.com\/ToxInfoKft"]}]}},"_links":{"self":[{"href":"https:\/\/www.msds-europe.com\/cs\/wp-json\/wp\/v2\/pages\/3915","targetHints":{"allow":["GET"]}}],"collection":[{"href":"https:\/\/www.msds-europe.com\/cs\/wp-json\/wp\/v2\/pages"}],"about":[{"href":"https:\/\/www.msds-europe.com\/cs\/wp-json\/wp\/v2\/types\/page"}],"author":[{"embeddable":true,"href":"https:\/\/www.msds-europe.com\/cs\/wp-json\/wp\/v2\/users\/2"}],"replies":[{"embeddable":true,"href":"https:\/\/www.msds-europe.com\/cs\/wp-json\/wp\/v2\/comments?post=3915"}],"version-history":[{"count":6,"href":"https:\/\/www.msds-europe.com\/cs\/wp-json\/wp\/v2\/pages\/3915\/revisions"}],"predecessor-version":[{"id":7283,"href":"https:\/\/www.msds-europe.com\/cs\/wp-json\/wp\/v2\/pages\/3915\/revisions\/7283"}],"wp:attachment":[{"href":"https:\/\/www.msds-europe.com\/cs\/wp-json\/wp\/v2\/media?parent=3915"}],"wp:term":[{"taxonomy":"post_tag","embeddable":true,"href":"https:\/\/www.msds-europe.com\/cs\/wp-json\/wp\/v2\/tags?post=3915"}],"curies":[{"name":"wp","href":"https:\/\/api.w.org\/{rel}","templated":true}]}}