{"id":3910,"date":"2018-05-22T09:10:02","date_gmt":"2018-05-22T09:10:02","guid":{"rendered":"http:\/\/www.msds-europe.com\/vytvoreni-navrhu-etikety\/"},"modified":"2026-03-04T12:57:24","modified_gmt":"2026-03-04T12:57:24","slug":"vytvoreni-navrhu-etikety","status":"publish","type":"page","link":"https:\/\/www.msds-europe.com\/cs\/vytvoreni-navrhu-etikety\/","title":{"rendered":"Vytvo\u0159en\u00ed n\u00e1vrhu etikety"},"content":{"rendered":"<p style=\"text-align: right;\"><em><a href=\"https:\/\/www.msds-europe.com\/cs\/\">MSDS-Europe<\/a>\u00a0\u2013\u00a0<strong>Vytvo\u0159en\u00ed n\u00e1vrhu \u0161t\u00edtku<\/strong><\/em><\/p>\n<p>&nbsp;<\/p>\n<p style=\"text-align: justify;\"><span style=\"font-family: Calibri;\">U v\u00fdrobk\u016f uveden\u00fdch na trh po 1. \u010dervnu 2015 mus\u00ed b\u00fdt <strong>ozna\u010dov\u00e1n\u00ed<\/strong> prov\u00e1d\u011bno v souladu s <strong>na\u0159\u00edzen\u00edm (ES) \u010d. 1272\/2008 (CLP)<\/strong> a mus\u00ed zohled\u0148ovat tak\u00e9 dal\u0161\u00ed zvl\u00e1\u0161tn\u00ed po\u017eadavky vztahuj\u00edc\u00ed se na tyto v\u00fdrobky.<\/span><\/p>\n<p>&nbsp;<\/p>\n<h4 style=\"text-align: justify;\"><span style=\"color: #333333; font-family: Calibri;\">Dodavatel v\u00fdrobku m\u00e1 povinnost v\u00fdrobek ozna\u010dit<\/span><\/h4>\n<ul>\n<li style=\"text-align: justify;\"><span style=\"color: #000000; font-family: Calibri;\">pokud je l\u00e1tka nebo sm\u011bs klasifikov\u00e1na jako nebezpe\u010dn\u00e1 v souladu s <strong>na\u0159\u00edzen\u00edm CLP<\/strong><\/span><\/li>\n<li style=\"text-align: justify;\"><span style=\"color: #000000; font-family: Calibri;\">pokud se jedn\u00e1 o v\u00fdbu\u0161n\u00fd v\u00fdrobek<\/span><\/li>\n<li style=\"text-align: justify;\"><span style=\"color: #000000; font-family: Calibri;\">pokud se jedn\u00e1 o sm\u011bs, kter\u00e1 nen\u00ed klasifikov\u00e1na jako nebezpe\u010dn\u00e1, ale obsahuje jednu nebo v\u00edce l\u00e1tek klasifikovan\u00fdch jako nebezpe\u010dn\u00e9 p\u0159i p\u0159ekro\u010den\u00ed koncentrace uveden\u00e9 v \u010d\u00e1sti 2 p\u0159\u00edlohy II na\u0159\u00edzen\u00ed CLP<\/span><\/li>\n<\/ul>\n<p style=\"text-align: justify;\"><span style=\"color: #000000; font-family: Calibri;\">V p\u0159\u00edpad\u011b povinnosti zajistit <a href=\"https:\/\/www.msds-europe.com\/cs\/digitalni-stitek-clp-qr-kod\/\">ozna\u010den\u00ed v\u00fdrobku<\/a> p\u0159iprav\u00edme <strong>n\u00e1vrh \u0161t\u00edtku<\/strong> pro v\u00fdrobek v souladu s <a href=\"https:\/\/www.msds-europe.com\/cs\/regulacni-zmeny-v-oblasti-chemicke-bezpecnosti\/\"><strong>na\u0159\u00edzen\u00edm (ES) \u010d. 1272\/2008 (CLP)<\/strong><\/a>.<\/span><\/p>\n<p>&nbsp;<\/p>\n<h2 style=\"text-align: justify;\"><span style=\"color: #ff6600; font-family: Calibri;\">Obsah na\u0161\u00ed slu\u017eby tvorby n\u00e1vrhu \u0161t\u00edtku<\/span><\/h2>\n<p style=\"text-align: justify;\"><span style=\"color: #000000; font-family: Calibri;\"><a href=\"https:\/\/www.msds-europe.com\/cs\/clp-online-reklama-2028\/\">Stanoven\u00ed prvk\u016f ozna\u010den\u00ed<\/a> na \u0161t\u00edtku v\u00fdrobku v souladu s p\u0159edpisy v oblasti chemick\u00e9 bezpe\u010dnosti a dal\u0161\u00edmi relevantn\u00edmi p\u0159edpisy, na z\u00e1klad\u011b bezpe\u010dnostn\u00edho listu poskytnut\u00e9ho z\u00e1kazn\u00edkem.<\/span><\/p>\n<p style=\"text-align: justify;\"><span style=\"color: #000000; font-family: Calibri;\">\u00a0<\/span><\/p>\n<h3 style=\"text-align: justify;\"><span style=\"color: #ff6600; font-family: Calibri;\">Dokumenty a \u00fadaje pot\u0159ebn\u00e9 pro vytvo\u0159en\u00ed n\u00e1vrhu \u0161t\u00edtku<\/span><\/h3>\n<p style=\"text-align: justify;\"><span style=\"color: #000000; font-family: Calibri;\">Stanoven\u00ed prvk\u016f ozna\u010den\u00ed na \u0161t\u00edtku vych\u00e1z\u00ed z bezpe\u010dnostn\u00edho listu se zohledn\u011bn\u00edm p\u0159\u00edslu\u0161n\u00fdch p\u0159edpis\u016f.<\/span><\/p>\n<p style=\"text-align: justify;\"><span style=\"color: #000000; font-family: Calibri;\">M\u016f\u017eeme rovn\u011b\u017e zajistit pomoc klient\u016fm p\u0159i revizi nebo <a href=\"https:\/\/www.msds-europe.com\/cs\/sestaveni-vytvoreni-bezpecnostniho-listu\/\">vytvo\u0159en\u00ed bezpe\u010dnostn\u00edho listu<\/a>, kter\u00fd je pro p\u0159\u00edpravu n\u00e1vrhu \u0161t\u00edtku z\u00e1sadn\u00ed.<\/span><\/p>\n<p>&nbsp;<\/p>\n<h2 style=\"text-align: justify;\"><span style=\"color: #ff6600; font-family: Calibri;\">P\u0159eklad n\u00e1vrhu \u0161t\u00edtku<\/span><\/h2>\n<p style=\"text-align: justify;\"><span style=\"color: #000000; font-family: Calibri;\">P\u0159eklad n\u00e1vrhu \u0161t\u00edtk\u016f do <strong>n\u00e1sleduj\u00edc\u00edch jazyk\u016f<\/strong>:<\/span><\/p>\n<p style=\"text-align: justify;\"><span style=\"color: #000000; font-family: Calibri;\"><em>Angli\u010dtina, bulhar\u0161tina, \u010de\u0161tina, d\u00e1n\u0161tina, eston\u0161tina, fin\u0161tina, francouz\u0161tina, \u0159e\u010dtina, holand\u0161tina, chorvat\u0161tina, pol\u0161tina, loty\u0161tina, litev\u0161tina, ma\u010far\u0161tina, n\u011bm\u010dina, ital\u0161tina, portugal\u0161tina, rumun\u0161tina, \u0161pan\u011bl\u0161tina, \u0161v\u00e9d\u0161tina, sloven\u0161tina, slovin\u0161tina.<\/em><\/span><\/p>\n<p style=\"text-align: justify;\"><span style=\"color: #000000; font-family: Calibri;\">\u00a0<\/span><\/p>\n<h3 style=\"text-align: justify;\"><span style=\"color: #ff6600; font-family: Calibri;\">Zaji\u0161t\u011bn\u00ed kvality v r\u00e1mci procesu vytvo\u0159en\u00ed n\u00e1vrhu \u0161t\u00edtku<\/span><\/h3>\n<p style=\"text-align: justify;\"><span style=\"color: #000000; font-family: Calibri;\">P\u0159i tvorb\u011b n\u00e1vrhu \u0161t\u00edtku na\u0161i odborn\u00edci z\u00e1rove\u0148 zkontroluj\u00ed bezpe\u010dnostn\u00ed list pou\u017eit\u00fd jako podklad a v\u011bnuj\u00ed <a href=\"https:\/\/www.msds-europe.com\/cs\/clp-2026-tridy-nebezpecnosti-smesi-sds-oznacovani\/\">zvl\u00e1\u0161tn\u00ed pozornost <strong>klasifikaci nebezpe\u010dnosti<\/strong><\/a>, <a href=\"https:\/\/www.msds-europe.com\/cs\/standardni-vety-o-nebezpecnosti-h\/\"><strong>standardn\u00edm v\u011bt\u00e1m o nebezpe\u010dnosti<\/strong><\/a> (H-v\u011bt\u00e1m) a <a href=\"https:\/\/www.msds-europe.com\/cs\/pokyny-pro-bezpecne-zachazeni\/\"><strong>pokyn\u016fm pro bezpe\u010dn\u00e9 zach\u00e1zen\u00ed<\/strong><\/a> (P-v\u011bt\u00e1m).<\/span><\/p>\n<p style=\"text-align: justify;\"><span style=\"color: #000000; font-family: Calibri;\">\u0158\u00e1dn\u00fd dohled nad zdrojov\u00fdmi dokumenty a obdr\u017een\u00fdmi \u00fadaji zaru\u010duje spr\u00e1vnost p\u0159edlo\u017een\u00fdch n\u00e1vrh\u016f \u0161t\u00edtk\u016f jako v\u00fdstupu t\u00e9to slu\u017eby.<\/span><\/p>\n<p style=\"text-align: justify;\"><span style=\"color: #000000; font-family: Calibri;\">\u00a0<\/span><\/p>\n<h3 style=\"text-align: justify;\"><span style=\"color: #ff6600; font-family: Calibri;\">Slu\u017eby umo\u017e\u0148uj\u00edc\u00ed snadn\u00e9 vyu\u017eit\u00ed<\/span><\/h3>\n<p style=\"text-align: justify;\"><span style=\"font-family: Calibri;\"><span style=\"color: #000000;\">Na \u017e\u00e1dost o cenovou nab\u00eddku zaslanou e-mailem odpov\u00edme do 24 hodin.<br \/>\nV p\u0159\u00edloze k na\u0161\u00ed cenov\u00e9 nab\u00eddce v\u00e1m rovn\u011b\u017e za\u0161leme formul\u00e1\u0159 objedn\u00e1vky pro usnadn\u011bn\u00ed postupu objedn\u00e1vky.<\/span><\/span><\/p>\n<p style=\"text-align: justify;\"><span style=\"color: #000000; font-family: Calibri;\">Pokud ji\u017e m\u00e1te bezpe\u010dnostn\u00ed list, kter\u00fd spl\u0148uje aktu\u00e1ln\u00ed p\u0159edpisy, za\u0161lete n\u00e1m pros\u00edm tento bezpe\u010dnostn\u00ed list spolu s vypln\u011bn\u00fdm formul\u00e1\u0159em objedn\u00e1vky.<\/span><\/p>\n<p style=\"text-align: justify;\"><span style=\"color: #000000; font-family: Calibri;\">Kdy\u017e vyu\u017e\u00edv\u00e1te jednu z na\u0161ich slu\u017eeb vytv\u00e1\u0159en\u00ed bezpe\u010dnostn\u00edch list\u016f, m\u016f\u017eete rovn\u011b\u017e po\u017e\u00e1dat o n\u00e1vrh \u0161t\u00edtku jako dopl\u0148kovou slu\u017ebu, kter\u00e1 bude p\u0159ipravena spolu s bezpe\u010dnostn\u00edm listem.<br \/>\nV takov\u00e9m p\u0159\u00edpad\u011b je proveden\u00ed mnohem rychlej\u0161\u00ed, proto\u017ee n\u00e1m nemus\u00edte znovu zas\u00edlat origin\u00e1l bezpe\u010dnostn\u00edho listu a v r\u00e1mci komplexn\u00ed slu\u017eby v\u00e1m poskytneme n\u00e1vrh \u0161t\u00edtku sou\u010dasn\u011b s bezpe\u010dnostn\u00edm listem.<\/span><\/p>\n<p>&nbsp;<\/p>\n<h3 style=\"text-align: justify;\"><span style=\"color: #ff6600; font-family: Calibri;\">Z\u00e1ruka<\/span><\/h3>\n<p style=\"text-align: justify;\"><span style=\"color: #000000; font-family: Calibri;\">P\u0159eb\u00edr\u00e1me plnou odbornou a finan\u010dn\u00ed odpov\u011bdnost za n\u00e1vrhy \u0161t\u00edtk\u016f vypracovan\u00e9 na\u0161\u00ed spole\u010dnost\u00ed. Na\u0161e finan\u010dn\u00ed z\u00e1ruka zahrnuje n\u00e1hradu v\u0161ech p\u0159\u00edm\u00fdch a nep\u0159\u00edm\u00fdch \u0161kod. Na\u0161e z\u00e1kaznick\u00e9 slu\u017eby za\u010dnou \u0159e\u0161it v\u00e1\u0161 dotaz do 24 hodin.<\/span><\/p>\n<p><span style=\"color: #000000; font-family: Calibri;\">\u00a0<\/span><\/p>\n<h3 style=\"text-align: justify;\"><span style=\"color: #ff6600; font-family: Calibri;\">Odborn\u00e1 asistence po vyu\u017eit\u00ed na\u0161ich slu\u017eeb<\/span><\/h3>\n<p style=\"text-align: justify;\"><span style=\"color: #000000; font-family: Calibri;\">Kdy\u017e vyu\u017eijete na\u0161e slu\u017eby, na\u0161i odborn\u00edci ze z\u00e1kaznick\u00fdch slu\u017eeb v\u00e1m budou rovn\u011b\u017e pom\u00e1hat s v\u00fdkladem a pou\u017e\u00edv\u00e1n\u00edm vytvo\u0159en\u00e9ho n\u00e1vrhu \u0161t\u00edtku a mohou v\u00e1m pom\u00e1hat i se souvisej\u00edc\u00edmi \u00fakoly v oblasti chemick\u00e9 bezpe\u010dnosti.<\/span><\/p>\n<p>&nbsp;<\/p>\n<h4 style=\"text-align: justify;\"><span style=\"color: #333333;\">Slu\u017eby souvisej\u00edc\u00ed se slu\u017ebou tvorby n\u00e1vrh\u016f \u0161t\u00edtk\u016f<\/span><\/h4>\n<ul>\n<li>Slu\u017eby t\u00fdkaj\u00edc\u00ed se p\u0159\u00edpravy a\u00a0<a href=\"https:\/\/www.msds-europe.com\/cs\/preklad-bezpecnostniho-listu\/\">p\u0159ekladu bezpe\u010dnostn\u00edch list\u016f<\/a>.\u00a0P\u0159eklad do v\u0161ech jazyk\u016f EU.<\/li>\n<li style=\"text-align: justify;\">Je mo\u017en\u00e9, \u017ee bude nutn\u00e9 vytvo\u0159it\u00a0<a href=\"https:\/\/www.msds-europe.com\/cs\/sestaveni-vytvoreni-bezpecnostniho-listu\/\">nov\u00fd bezpe\u010dnostn\u00ed list<\/a>, zejm\u00e9na v p\u0159\u00edpad\u011b v\u00fdroby sm\u011bs\u00ed nebo v p\u0159\u00edpad\u011b dovozn\u00ed \u010dinnosti.<\/li>\n<li>Na\u0161e slu\u017eby\u00a0<a href=\"https:\/\/www.msds-europe.com\/cs\/bezpecnostni-list-revize-aktualizace\/\">revize a aktualizace bezpe\u010dnostn\u00edch list\u016f<\/a>\u00a0zajist\u00ed soulad bezpe\u010dnostn\u00edch list\u016f s aktu\u00e1ln\u00edmi p\u0159edpisy.<\/li>\n<li>Na\u0161e\u00a0<a href=\"https:\/\/www.msds-europe.com\/cs\/expresni-sluzby-bezpecnostni-listy\/\">expresn\u00ed slu\u017eby<\/a>: p\u0159eklad nebo revize bezpe\u010dnostn\u00edho listu a vytvo\u0159en\u00ed n\u00e1vrhu \u0161t\u00edtku.<\/li>\n<\/ul>\n<p>&nbsp;<\/p>\n<h4 style=\"text-align: justify;\"><span style=\"color: #333333;\">U\u017eite\u010dn\u00e9 odborn\u00e9 materi\u00e1ly souvisej\u00edc\u00ed s na\u0161\u00ed slu\u017ebou tvorby n\u00e1vrh\u016f \u0161t\u00edtk\u016f<\/span><\/h4>\n<ul>\n<li><a href=\"https:\/\/www.msds-europe.com\/cs\/pokyny-pro-bezpecne-zachazeni\/\">Pokyny pro bezpe\u010dn\u00e9 zach\u00e1zen\u00ed<\/a><\/li>\n<li><a href=\"https:\/\/www.msds-europe.com\/cs\/p%c5%99edkl%c3%a1d%c3%a1n%c3%ad-pcn\/\">P\u0159edkl\u00e1d\u00e1n\u00ed PCN<\/a><\/li>\n<li><a href=\"https:\/\/www.msds-europe.com\/cs\/jednoznacny-identifikator-slozeni\/\">Informace t\u00fdkaj\u00edc\u00ed se pou\u017eit\u00ed UFI<\/a> (Jednozna\u010dn\u00fd identifik\u00e1tor slo\u017een\u00ed)<\/li>\n<li><a href=\"https:\/\/www.msds-europe.com\/cs\/stitek-clp-oznacovani-v-praxi\/\">\u0160t\u00edtek CLP, ozna\u010dov\u00e1n\u00ed v praxi<\/a><\/li>\n<\/ul>\n<p>&nbsp;<\/p>\n","protected":false},"excerpt":{"rendered":"<p>Vytvo\u0159en\u00ed n\u00e1vrhu etikety CLP pro chemick\u00e9 l\u00e1tky a sm\u011bsi. P\u0159eklad n\u00e1vrhu etikety do v\u0161ech jazyk\u016f EU.<\/p>\n","protected":false},"author":2,"featured_media":0,"parent":0,"menu_order":0,"comment_status":"closed","ping_status":"closed","template":"","meta":{"_acf_changed":false,"footnotes":""},"tags":[244,245,296],"class_list":["post-3910","page","type-page","status-publish","hentry","tag-bezpecnostni-list-cs","tag-sluzby-bezpecnostniho-listu","tag-znaceni-clp-cs"],"acf":[],"yoast_head":"<!-- This site is optimized with the Yoast SEO plugin v27.2 - https:\/\/yoast.com\/product\/yoast-seo-wordpress\/ -->\n<title>Vytvo\u0159en\u00ed n\u00e1vrhu etikety CLP pro nebezpe\u010dn\u00e9 l\u00e1tky a sm\u011bsi<\/title>\n<meta name=\"description\" content=\"Vytvo\u0159en\u00ed n\u00e1vrhu etikety v souladu se sm\u011brnic\u00ed 1272\/2008. P\u0159eklad n\u00e1vrhu etikety do v\u0161ech jazyk\u016f EU.\" \/>\n<meta name=\"robots\" content=\"index, follow, max-snippet:-1, max-image-preview:large, max-video-preview:-1\" \/>\n<link rel=\"canonical\" href=\"https:\/\/www.msds-europe.com\/cs\/vytvoreni-navrhu-etikety\/\" \/>\n<meta property=\"og:locale\" content=\"cs_CZ\" \/>\n<meta property=\"og:type\" content=\"article\" \/>\n<meta property=\"og:title\" content=\"Vytvo\u0159en\u00ed n\u00e1vrhu etikety CLP pro nebezpe\u010dn\u00e9 l\u00e1tky a sm\u011bsi\" \/>\n<meta property=\"og:description\" content=\"Vytvo\u0159en\u00ed n\u00e1vrhu etikety v souladu se sm\u011brnic\u00ed 1272\/2008. P\u0159eklad n\u00e1vrhu etikety do v\u0161ech jazyk\u016f EU.\" \/>\n<meta property=\"og:url\" content=\"https:\/\/www.msds-europe.com\/cs\/vytvoreni-navrhu-etikety\/\" \/>\n<meta property=\"og:site_name\" content=\"MSDS Europe\" \/>\n<meta property=\"article:publisher\" content=\"https:\/\/www.facebook.com\/toxinfokft\/\" \/>\n<meta property=\"article:modified_time\" content=\"2026-03-04T12:57:24+00:00\" \/>\n<meta name=\"twitter:card\" content=\"summary_large_image\" \/>\n<meta name=\"twitter:site\" content=\"@ToxInfoKft\" \/>\n<meta name=\"twitter:label1\" content=\"Odhadovan\u00e1 doba \u010dten\u00ed\" \/>\n\t<meta name=\"twitter:data1\" content=\"3 minuty\" \/>\n<script type=\"application\/ld+json\" class=\"yoast-schema-graph\">{\"@context\":\"https:\/\/schema.org\",\"@graph\":[{\"@type\":\"WebPage\",\"@id\":\"https:\/\/www.msds-europe.com\/cs\/vytvoreni-navrhu-etikety\/\",\"url\":\"https:\/\/www.msds-europe.com\/cs\/vytvoreni-navrhu-etikety\/\",\"name\":\"Vytvo\u0159en\u00ed n\u00e1vrhu etikety CLP pro nebezpe\u010dn\u00e9 l\u00e1tky a sm\u011bsi\",\"isPartOf\":{\"@id\":\"https:\/\/www.msds-europe.com\/es\/#website\"},\"datePublished\":\"2018-05-22T09:10:02+00:00\",\"dateModified\":\"2026-03-04T12:57:24+00:00\",\"description\":\"Vytvo\u0159en\u00ed n\u00e1vrhu etikety v souladu se sm\u011brnic\u00ed 1272\/2008. P\u0159eklad n\u00e1vrhu etikety do v\u0161ech jazyk\u016f EU.\",\"breadcrumb\":{\"@id\":\"https:\/\/www.msds-europe.com\/cs\/vytvoreni-navrhu-etikety\/#breadcrumb\"},\"inLanguage\":\"cs\",\"potentialAction\":[{\"@type\":\"ReadAction\",\"target\":[\"https:\/\/www.msds-europe.com\/cs\/vytvoreni-navrhu-etikety\/\"]}]},{\"@type\":\"BreadcrumbList\",\"@id\":\"https:\/\/www.msds-europe.com\/cs\/vytvoreni-navrhu-etikety\/#breadcrumb\",\"itemListElement\":[{\"@type\":\"ListItem\",\"position\":1,\"name\":\"F\u0151oldal\",\"item\":\"https:\/\/www.msds-europe.com\/cs\/\"},{\"@type\":\"ListItem\",\"position\":2,\"name\":\"Vytvo\u0159en\u00ed n\u00e1vrhu etikety\"}]},{\"@type\":\"WebSite\",\"@id\":\"https:\/\/www.msds-europe.com\/es\/#website\",\"url\":\"https:\/\/www.msds-europe.com\/es\/\",\"name\":\"MSDS Europe\",\"description\":\"\",\"publisher\":{\"@id\":\"https:\/\/www.msds-europe.com\/es\/#organization\"},\"potentialAction\":[{\"@type\":\"SearchAction\",\"target\":{\"@type\":\"EntryPoint\",\"urlTemplate\":\"https:\/\/www.msds-europe.com\/es\/?s={search_term_string}\"},\"query-input\":{\"@type\":\"PropertyValueSpecification\",\"valueRequired\":true,\"valueName\":\"search_term_string\"}}],\"inLanguage\":\"cs\"},{\"@type\":\"Organization\",\"@id\":\"https:\/\/www.msds-europe.com\/es\/#organization\",\"name\":\"MSDS-Europe International branch of ToxInfo\",\"url\":\"https:\/\/www.msds-europe.com\/es\/\",\"logo\":{\"@type\":\"ImageObject\",\"inLanguage\":\"cs\",\"@id\":\"https:\/\/www.msds-europe.com\/es\/#\/schema\/logo\/image\/\",\"url\":\"https:\/\/www.msds-europe.com\/wp-content\/uploads\/2021\/04\/msds-europe-logo.jpg\",\"contentUrl\":\"https:\/\/www.msds-europe.com\/wp-content\/uploads\/2021\/04\/msds-europe-logo.jpg\",\"width\":2296,\"height\":1067,\"caption\":\"MSDS-Europe International branch of ToxInfo\"},\"image\":{\"@id\":\"https:\/\/www.msds-europe.com\/es\/#\/schema\/logo\/image\/\"},\"sameAs\":[\"https:\/\/www.facebook.com\/toxinfokft\/\",\"https:\/\/x.com\/ToxInfoKft\"]}]}<\/script>\n<!-- \/ Yoast SEO plugin. -->","yoast_head_json":{"title":"Vytvo\u0159en\u00ed n\u00e1vrhu etikety CLP pro nebezpe\u010dn\u00e9 l\u00e1tky a sm\u011bsi","description":"Vytvo\u0159en\u00ed n\u00e1vrhu etikety v souladu se sm\u011brnic\u00ed 1272\/2008. P\u0159eklad n\u00e1vrhu etikety do v\u0161ech jazyk\u016f EU.","robots":{"index":"index","follow":"follow","max-snippet":"max-snippet:-1","max-image-preview":"max-image-preview:large","max-video-preview":"max-video-preview:-1"},"canonical":"https:\/\/www.msds-europe.com\/cs\/vytvoreni-navrhu-etikety\/","og_locale":"cs_CZ","og_type":"article","og_title":"Vytvo\u0159en\u00ed n\u00e1vrhu etikety CLP pro nebezpe\u010dn\u00e9 l\u00e1tky a sm\u011bsi","og_description":"Vytvo\u0159en\u00ed n\u00e1vrhu etikety v souladu se sm\u011brnic\u00ed 1272\/2008. P\u0159eklad n\u00e1vrhu etikety do v\u0161ech jazyk\u016f EU.","og_url":"https:\/\/www.msds-europe.com\/cs\/vytvoreni-navrhu-etikety\/","og_site_name":"MSDS Europe","article_publisher":"https:\/\/www.facebook.com\/toxinfokft\/","article_modified_time":"2026-03-04T12:57:24+00:00","twitter_card":"summary_large_image","twitter_site":"@ToxInfoKft","twitter_misc":{"Odhadovan\u00e1 doba \u010dten\u00ed":"3 minuty"},"schema":{"@context":"https:\/\/schema.org","@graph":[{"@type":"WebPage","@id":"https:\/\/www.msds-europe.com\/cs\/vytvoreni-navrhu-etikety\/","url":"https:\/\/www.msds-europe.com\/cs\/vytvoreni-navrhu-etikety\/","name":"Vytvo\u0159en\u00ed n\u00e1vrhu etikety CLP pro nebezpe\u010dn\u00e9 l\u00e1tky a sm\u011bsi","isPartOf":{"@id":"https:\/\/www.msds-europe.com\/es\/#website"},"datePublished":"2018-05-22T09:10:02+00:00","dateModified":"2026-03-04T12:57:24+00:00","description":"Vytvo\u0159en\u00ed n\u00e1vrhu etikety v souladu se sm\u011brnic\u00ed 1272\/2008. P\u0159eklad n\u00e1vrhu etikety do v\u0161ech jazyk\u016f EU.","breadcrumb":{"@id":"https:\/\/www.msds-europe.com\/cs\/vytvoreni-navrhu-etikety\/#breadcrumb"},"inLanguage":"cs","potentialAction":[{"@type":"ReadAction","target":["https:\/\/www.msds-europe.com\/cs\/vytvoreni-navrhu-etikety\/"]}]},{"@type":"BreadcrumbList","@id":"https:\/\/www.msds-europe.com\/cs\/vytvoreni-navrhu-etikety\/#breadcrumb","itemListElement":[{"@type":"ListItem","position":1,"name":"F\u0151oldal","item":"https:\/\/www.msds-europe.com\/cs\/"},{"@type":"ListItem","position":2,"name":"Vytvo\u0159en\u00ed n\u00e1vrhu etikety"}]},{"@type":"WebSite","@id":"https:\/\/www.msds-europe.com\/es\/#website","url":"https:\/\/www.msds-europe.com\/es\/","name":"MSDS Europe","description":"","publisher":{"@id":"https:\/\/www.msds-europe.com\/es\/#organization"},"potentialAction":[{"@type":"SearchAction","target":{"@type":"EntryPoint","urlTemplate":"https:\/\/www.msds-europe.com\/es\/?s={search_term_string}"},"query-input":{"@type":"PropertyValueSpecification","valueRequired":true,"valueName":"search_term_string"}}],"inLanguage":"cs"},{"@type":"Organization","@id":"https:\/\/www.msds-europe.com\/es\/#organization","name":"MSDS-Europe International branch of ToxInfo","url":"https:\/\/www.msds-europe.com\/es\/","logo":{"@type":"ImageObject","inLanguage":"cs","@id":"https:\/\/www.msds-europe.com\/es\/#\/schema\/logo\/image\/","url":"https:\/\/www.msds-europe.com\/wp-content\/uploads\/2021\/04\/msds-europe-logo.jpg","contentUrl":"https:\/\/www.msds-europe.com\/wp-content\/uploads\/2021\/04\/msds-europe-logo.jpg","width":2296,"height":1067,"caption":"MSDS-Europe International branch of ToxInfo"},"image":{"@id":"https:\/\/www.msds-europe.com\/es\/#\/schema\/logo\/image\/"},"sameAs":["https:\/\/www.facebook.com\/toxinfokft\/","https:\/\/x.com\/ToxInfoKft"]}]}},"_links":{"self":[{"href":"https:\/\/www.msds-europe.com\/cs\/wp-json\/wp\/v2\/pages\/3910","targetHints":{"allow":["GET"]}}],"collection":[{"href":"https:\/\/www.msds-europe.com\/cs\/wp-json\/wp\/v2\/pages"}],"about":[{"href":"https:\/\/www.msds-europe.com\/cs\/wp-json\/wp\/v2\/types\/page"}],"author":[{"embeddable":true,"href":"https:\/\/www.msds-europe.com\/cs\/wp-json\/wp\/v2\/users\/2"}],"replies":[{"embeddable":true,"href":"https:\/\/www.msds-europe.com\/cs\/wp-json\/wp\/v2\/comments?post=3910"}],"version-history":[{"count":16,"href":"https:\/\/www.msds-europe.com\/cs\/wp-json\/wp\/v2\/pages\/3910\/revisions"}],"predecessor-version":[{"id":38112,"href":"https:\/\/www.msds-europe.com\/cs\/wp-json\/wp\/v2\/pages\/3910\/revisions\/38112"}],"wp:attachment":[{"href":"https:\/\/www.msds-europe.com\/cs\/wp-json\/wp\/v2\/media?parent=3910"}],"wp:term":[{"taxonomy":"post_tag","embeddable":true,"href":"https:\/\/www.msds-europe.com\/cs\/wp-json\/wp\/v2\/tags?post=3910"}],"curies":[{"name":"wp","href":"https:\/\/api.w.org\/{rel}","templated":true}]}}