{"id":3905,"date":"2018-05-22T08:59:51","date_gmt":"2018-05-22T08:59:51","guid":{"rendered":"http:\/\/www.msds-europe.com\/expresni-sluzby-pro-bezpecnostni-listy-do-24-hodin\/"},"modified":"2026-02-18T14:33:21","modified_gmt":"2026-02-18T14:33:21","slug":"expresni-sluzby-bezpecnostni-listy","status":"publish","type":"page","link":"https:\/\/www.msds-europe.com\/cs\/expresni-sluzby-bezpecnostni-listy\/","title":{"rendered":"Rapid slu\u017eby pro bezpe\u010dnostn\u00ed listy \u2013 hotovo do 72 hodin"},"content":{"rendered":"<p style=\"text-align: right;\"><em><a href=\"https:\/\/www.msds-europe.com\/cs\/\">MSDS-Europe<\/a> \u2013 Expresn\u00ed slu\u017eby bezpe\u010dnostn\u00edch list\u016f<\/em><\/p>\n<p>&nbsp;<\/p>\n<p style=\"text-align: justify;\"><span style=\"color: #000000; font-family: Calibri;\">Na\u0161e slu\u017eby p\u0159ekladu a revize bezpe\u010dnostn\u00edch list\u016f a tak\u00e9 slu\u017eba vytvo\u0159en\u00ed <strong>n\u00e1vrhu \u0161t\u00edtku<\/strong> jsou k dispozici i jako <strong>expresn\u00ed slu\u017eba<\/strong> s dobou dod\u00e1n\u00ed do 72 hodin.<\/span><\/p>\n<p>&nbsp;<\/p>\n<h2 style=\"text-align: justify;\"><span style=\"font-family: Calibri;\">Dostupn\u00e9 expresn\u00ed slu\u017eby t\u00fdkaj\u00edc\u00ed se bezpe\u010dnostn\u00edch list\u016f<\/span><\/h2>\n<ul>\n<li style=\"text-align: justify;\"><a href=\"https:\/\/www.msds-europe.com\/cs\/preklad-bezpecnostniho-listu\/\">P\u0159eklad bezpe\u010dnostn\u00edho listu<\/a><\/li>\n<li style=\"text-align: justify;\"><a href=\"https:\/\/www.msds-europe.com\/cs\/bezpecnostni-list-revize-aktualizace\/\">Revize bezpe\u010dnostn\u00edho listu (kontrola)<\/a><\/li>\n<li style=\"text-align: justify;\"><a href=\"https:\/\/www.msds-europe.com\/cs\/vytvoreni-navrhu-etikety\/\">Vytvo\u0159en\u00ed n\u00e1vrhu \u0161t\u00edtku<\/a><\/li>\n<\/ul>\n<p style=\"text-align: justify;\">V\u00edce informac\u00ed o na\u0161ich expresn\u00edch slu\u017eb\u00e1ch naleznete po kliknut\u00ed na v\u00fd\u0161e uveden\u00e9 odkazy, nebo kontaktujte n\u00e1\u0161 z\u00e1kaznick\u00fd servis pro dal\u0161\u00ed informace.<\/p>\n<p>&nbsp;<\/p>\n<h2 style=\"text-align: justify;\">Typy expresn\u00edch slu\u017eeb pro bezpe\u010dnostn\u00ed listy<\/h2>\n<p style=\"text-align: justify;\"><span style=\"color: #000000; font-family: Calibri;\"><strong>Doba dod\u00e1n\u00ed:<\/strong> do 72 hodin.<\/span><\/p>\n<p style=\"text-align: justify;\"><em><span style=\"color: #000000; font-family: Calibri;\">Standardn\u00ed doba realizace na\u0161ich slu\u017eeb v oblasti bezpe\u010dnostn\u00edch list\u016f je 8\u201310 pracovn\u00edch dn\u016f.<\/span><\/em><\/p>\n<p>&nbsp;<\/p>\n<h2 style=\"text-align: justify;\"><span style=\"font-family: Calibri;\">Zrychlen\u00e1 administrativa<\/span><\/h2>\n<p style=\"text-align: justify;\"><span style=\"color: #000000; font-family: Calibri;\">Pro urychlen\u00ed administrativy p\u0159i objedn\u00e1n\u00ed urgentn\u00ed zak\u00e1zky pros\u00edm <a href=\"https:\/\/www.msds-europe.com\/cs\/zakaznicke-sluzby\/\">kontaktujte n\u00e1\u0161 z\u00e1kaznick\u00fd servis<\/a> telefonicky.<\/span><\/p>\n<p style=\"text-align: justify;\"><span style=\"color: #000000; font-family: Calibri;\">Pokud pou\u017e\u00edv\u00e1te <a href=\"https:\/\/www.msds-europe.com\/cs\/zadost-cenovou-nabidku-bezpecnostni-list\/\">formul\u00e1\u0159 \u017e\u00e1dosti<\/a> o cenovou nab\u00eddku, uve\u010fte pros\u00edm v koment\u00e1\u0159i, \u017ee po\u017eadujete expresn\u00ed slu\u017ebu.<\/span><\/p>\n<p>&nbsp;<\/p>\n<h2 style=\"text-align: justify;\"><span style=\"font-family: Calibri;\">Z\u00e1ruka<\/span><\/h2>\n<p style=\"text-align: justify;\"><span style=\"color: #000000; font-family: Calibri;\">Na\u0161im z\u00e1kazn\u00edk\u016fm vyu\u017e\u00edvaj\u00edc\u00edm expresn\u00ed slu\u017eby poskytujeme stejn\u00e9 z\u00e1ru\u010dn\u00ed podm\u00ednky jako u slu\u017eeb se standardn\u00ed dobou dod\u00e1n\u00ed. V\u00edce informac\u00ed o na\u0161\u00ed z\u00e1ruce naleznete u jednotliv\u00fdch slu\u017eeb.<\/span><\/p>\n<p>&nbsp;<\/p>\n<h3><span style=\"color: #333333;\">U\u017eite\u010dn\u00e9 informace<\/span><\/h3>\n<ul>\n<li><a title=\"Doba platnosti bezpe\u010dnostn\u00edho listu\" href=\"https:\/\/www.msds-europe.com\/safety-data-sheet-validity-period\/\">Doba platnosti bezpe\u010dnostn\u00edho listu<\/a><\/li>\n<li><a title=\"Software na vytv\u00e1\u0159en\u00ed bezpe\u010dnostn\u00edch list\u016f\" href=\"https:\/\/www.msds-europe.com\/cs\/softwaru-vytvareni-bezpecnostnich-listu\/\">Software na vytv\u00e1\u0159en\u00ed bezpe\u010dnostn\u00edch list\u016f<\/a><\/li>\n<li><a title=\"Podm\u00ednky, za kter\u00fdch mus\u00ed b\u00fdt poskytnut bezpe\u010dnostn\u00ed list\" href=\"https:\/\/www.msds-europe.com\/conditions-under-which-a-safety-data-sheet-must-be-supplied\/\">Podm\u00ednky, za kter\u00fdch mus\u00ed b\u00fdt poskytnut bezpe\u010dnostn\u00ed list<\/a><\/li>\n<\/ul>\n<p>&nbsp;<\/p>\n","protected":false},"excerpt":{"rendered":"<p>Na\u0161e rapid slu\u017eby: p\u0159eklad nebo revize bezpe\u010dnostn\u00edho listu a n\u00e1vrh etikety. Hotovo do 72 hodin.<\/p>\n","protected":false},"author":2,"featured_media":0,"parent":0,"menu_order":0,"comment_status":"closed","ping_status":"closed","template":"","meta":{"_acf_changed":false,"footnotes":""},"tags":[244,245],"class_list":["post-3905","page","type-page","status-publish","hentry","tag-bezpecnostni-list-cs","tag-sluzby-bezpecnostniho-listu"],"acf":[],"yoast_head":"<!-- This site is optimized with the Yoast SEO plugin v27.2 - https:\/\/yoast.com\/product\/yoast-seo-wordpress\/ -->\n<title>Rapid slu\u017eby pro bezpe\u010dnostn\u00ed listy \u2013 hotovo do 72 hodin<\/title>\n<meta name=\"description\" content=\"Aktualizace, kontrola a p\u0159eklad bezpe\u010dnostn\u00edch list\u016f b\u011bhem 72 hodin. Vyu\u017eijte na\u0161e spolehliv\u00e9 a rychl\u00e9 rapid slu\u017eby je\u0161t\u011b dnes.\" \/>\n<meta name=\"robots\" content=\"index, follow, max-snippet:-1, max-image-preview:large, max-video-preview:-1\" \/>\n<link rel=\"canonical\" href=\"https:\/\/www.msds-europe.com\/cs\/expresni-sluzby-bezpecnostni-listy\/\" \/>\n<meta property=\"og:locale\" content=\"cs_CZ\" \/>\n<meta property=\"og:type\" content=\"article\" \/>\n<meta property=\"og:title\" content=\"Rapid slu\u017eby pro bezpe\u010dnostn\u00ed listy \u2013 hotovo do 72 hodin\" \/>\n<meta property=\"og:description\" content=\"Aktualizace, kontrola a p\u0159eklad bezpe\u010dnostn\u00edch list\u016f b\u011bhem 72 hodin. Vyu\u017eijte na\u0161e spolehliv\u00e9 a rychl\u00e9 rapid slu\u017eby je\u0161t\u011b dnes.\" \/>\n<meta property=\"og:url\" content=\"https:\/\/www.msds-europe.com\/cs\/expresni-sluzby-bezpecnostni-listy\/\" \/>\n<meta property=\"og:site_name\" content=\"MSDS Europe\" \/>\n<meta property=\"article:publisher\" content=\"https:\/\/www.facebook.com\/toxinfokft\/\" \/>\n<meta property=\"article:modified_time\" content=\"2026-02-18T14:33:21+00:00\" \/>\n<meta name=\"twitter:card\" content=\"summary_large_image\" \/>\n<meta name=\"twitter:site\" content=\"@ToxInfoKft\" \/>\n<meta name=\"twitter:label1\" content=\"Odhadovan\u00e1 doba \u010dten\u00ed\" \/>\n\t<meta name=\"twitter:data1\" content=\"1 minuta\" \/>\n<script type=\"application\/ld+json\" class=\"yoast-schema-graph\">{\"@context\":\"https:\/\/schema.org\",\"@graph\":[{\"@type\":\"WebPage\",\"@id\":\"https:\/\/www.msds-europe.com\/cs\/expresni-sluzby-bezpecnostni-listy\/\",\"url\":\"https:\/\/www.msds-europe.com\/cs\/expresni-sluzby-bezpecnostni-listy\/\",\"name\":\"Rapid slu\u017eby pro bezpe\u010dnostn\u00ed listy \u2013 hotovo do 72 hodin\",\"isPartOf\":{\"@id\":\"https:\/\/www.msds-europe.com\/es\/#website\"},\"datePublished\":\"2018-05-22T08:59:51+00:00\",\"dateModified\":\"2026-02-18T14:33:21+00:00\",\"description\":\"Aktualizace, kontrola a p\u0159eklad bezpe\u010dnostn\u00edch list\u016f b\u011bhem 72 hodin. Vyu\u017eijte na\u0161e spolehliv\u00e9 a rychl\u00e9 rapid slu\u017eby je\u0161t\u011b dnes.\",\"breadcrumb\":{\"@id\":\"https:\/\/www.msds-europe.com\/cs\/expresni-sluzby-bezpecnostni-listy\/#breadcrumb\"},\"inLanguage\":\"cs\",\"potentialAction\":[{\"@type\":\"ReadAction\",\"target\":[\"https:\/\/www.msds-europe.com\/cs\/expresni-sluzby-bezpecnostni-listy\/\"]}]},{\"@type\":\"BreadcrumbList\",\"@id\":\"https:\/\/www.msds-europe.com\/cs\/expresni-sluzby-bezpecnostni-listy\/#breadcrumb\",\"itemListElement\":[{\"@type\":\"ListItem\",\"position\":1,\"name\":\"F\u0151oldal\",\"item\":\"https:\/\/www.msds-europe.com\/cs\/\"},{\"@type\":\"ListItem\",\"position\":2,\"name\":\"Rapid slu\u017eby pro bezpe\u010dnostn\u00ed listy \u2013 hotovo do 72 hodin\"}]},{\"@type\":\"WebSite\",\"@id\":\"https:\/\/www.msds-europe.com\/es\/#website\",\"url\":\"https:\/\/www.msds-europe.com\/es\/\",\"name\":\"MSDS Europe\",\"description\":\"\",\"publisher\":{\"@id\":\"https:\/\/www.msds-europe.com\/es\/#organization\"},\"potentialAction\":[{\"@type\":\"SearchAction\",\"target\":{\"@type\":\"EntryPoint\",\"urlTemplate\":\"https:\/\/www.msds-europe.com\/es\/?s={search_term_string}\"},\"query-input\":{\"@type\":\"PropertyValueSpecification\",\"valueRequired\":true,\"valueName\":\"search_term_string\"}}],\"inLanguage\":\"cs\"},{\"@type\":\"Organization\",\"@id\":\"https:\/\/www.msds-europe.com\/es\/#organization\",\"name\":\"MSDS-Europe International branch of ToxInfo\",\"url\":\"https:\/\/www.msds-europe.com\/es\/\",\"logo\":{\"@type\":\"ImageObject\",\"inLanguage\":\"cs\",\"@id\":\"https:\/\/www.msds-europe.com\/es\/#\/schema\/logo\/image\/\",\"url\":\"https:\/\/www.msds-europe.com\/wp-content\/uploads\/2021\/04\/msds-europe-logo.jpg\",\"contentUrl\":\"https:\/\/www.msds-europe.com\/wp-content\/uploads\/2021\/04\/msds-europe-logo.jpg\",\"width\":2296,\"height\":1067,\"caption\":\"MSDS-Europe International branch of ToxInfo\"},\"image\":{\"@id\":\"https:\/\/www.msds-europe.com\/es\/#\/schema\/logo\/image\/\"},\"sameAs\":[\"https:\/\/www.facebook.com\/toxinfokft\/\",\"https:\/\/x.com\/ToxInfoKft\"]}]}<\/script>\n<!-- \/ Yoast SEO plugin. -->","yoast_head_json":{"title":"Rapid slu\u017eby pro bezpe\u010dnostn\u00ed listy \u2013 hotovo do 72 hodin","description":"Aktualizace, kontrola a p\u0159eklad bezpe\u010dnostn\u00edch list\u016f b\u011bhem 72 hodin. Vyu\u017eijte na\u0161e spolehliv\u00e9 a rychl\u00e9 rapid slu\u017eby je\u0161t\u011b dnes.","robots":{"index":"index","follow":"follow","max-snippet":"max-snippet:-1","max-image-preview":"max-image-preview:large","max-video-preview":"max-video-preview:-1"},"canonical":"https:\/\/www.msds-europe.com\/cs\/expresni-sluzby-bezpecnostni-listy\/","og_locale":"cs_CZ","og_type":"article","og_title":"Rapid slu\u017eby pro bezpe\u010dnostn\u00ed listy \u2013 hotovo do 72 hodin","og_description":"Aktualizace, kontrola a p\u0159eklad bezpe\u010dnostn\u00edch list\u016f b\u011bhem 72 hodin. Vyu\u017eijte na\u0161e spolehliv\u00e9 a rychl\u00e9 rapid slu\u017eby je\u0161t\u011b dnes.","og_url":"https:\/\/www.msds-europe.com\/cs\/expresni-sluzby-bezpecnostni-listy\/","og_site_name":"MSDS Europe","article_publisher":"https:\/\/www.facebook.com\/toxinfokft\/","article_modified_time":"2026-02-18T14:33:21+00:00","twitter_card":"summary_large_image","twitter_site":"@ToxInfoKft","twitter_misc":{"Odhadovan\u00e1 doba \u010dten\u00ed":"1 minuta"},"schema":{"@context":"https:\/\/schema.org","@graph":[{"@type":"WebPage","@id":"https:\/\/www.msds-europe.com\/cs\/expresni-sluzby-bezpecnostni-listy\/","url":"https:\/\/www.msds-europe.com\/cs\/expresni-sluzby-bezpecnostni-listy\/","name":"Rapid slu\u017eby pro bezpe\u010dnostn\u00ed listy \u2013 hotovo do 72 hodin","isPartOf":{"@id":"https:\/\/www.msds-europe.com\/es\/#website"},"datePublished":"2018-05-22T08:59:51+00:00","dateModified":"2026-02-18T14:33:21+00:00","description":"Aktualizace, kontrola a p\u0159eklad bezpe\u010dnostn\u00edch list\u016f b\u011bhem 72 hodin. Vyu\u017eijte na\u0161e spolehliv\u00e9 a rychl\u00e9 rapid slu\u017eby je\u0161t\u011b dnes.","breadcrumb":{"@id":"https:\/\/www.msds-europe.com\/cs\/expresni-sluzby-bezpecnostni-listy\/#breadcrumb"},"inLanguage":"cs","potentialAction":[{"@type":"ReadAction","target":["https:\/\/www.msds-europe.com\/cs\/expresni-sluzby-bezpecnostni-listy\/"]}]},{"@type":"BreadcrumbList","@id":"https:\/\/www.msds-europe.com\/cs\/expresni-sluzby-bezpecnostni-listy\/#breadcrumb","itemListElement":[{"@type":"ListItem","position":1,"name":"F\u0151oldal","item":"https:\/\/www.msds-europe.com\/cs\/"},{"@type":"ListItem","position":2,"name":"Rapid slu\u017eby pro bezpe\u010dnostn\u00ed listy \u2013 hotovo do 72 hodin"}]},{"@type":"WebSite","@id":"https:\/\/www.msds-europe.com\/es\/#website","url":"https:\/\/www.msds-europe.com\/es\/","name":"MSDS Europe","description":"","publisher":{"@id":"https:\/\/www.msds-europe.com\/es\/#organization"},"potentialAction":[{"@type":"SearchAction","target":{"@type":"EntryPoint","urlTemplate":"https:\/\/www.msds-europe.com\/es\/?s={search_term_string}"},"query-input":{"@type":"PropertyValueSpecification","valueRequired":true,"valueName":"search_term_string"}}],"inLanguage":"cs"},{"@type":"Organization","@id":"https:\/\/www.msds-europe.com\/es\/#organization","name":"MSDS-Europe International branch of ToxInfo","url":"https:\/\/www.msds-europe.com\/es\/","logo":{"@type":"ImageObject","inLanguage":"cs","@id":"https:\/\/www.msds-europe.com\/es\/#\/schema\/logo\/image\/","url":"https:\/\/www.msds-europe.com\/wp-content\/uploads\/2021\/04\/msds-europe-logo.jpg","contentUrl":"https:\/\/www.msds-europe.com\/wp-content\/uploads\/2021\/04\/msds-europe-logo.jpg","width":2296,"height":1067,"caption":"MSDS-Europe International branch of ToxInfo"},"image":{"@id":"https:\/\/www.msds-europe.com\/es\/#\/schema\/logo\/image\/"},"sameAs":["https:\/\/www.facebook.com\/toxinfokft\/","https:\/\/x.com\/ToxInfoKft"]}]}},"_links":{"self":[{"href":"https:\/\/www.msds-europe.com\/cs\/wp-json\/wp\/v2\/pages\/3905","targetHints":{"allow":["GET"]}}],"collection":[{"href":"https:\/\/www.msds-europe.com\/cs\/wp-json\/wp\/v2\/pages"}],"about":[{"href":"https:\/\/www.msds-europe.com\/cs\/wp-json\/wp\/v2\/types\/page"}],"author":[{"embeddable":true,"href":"https:\/\/www.msds-europe.com\/cs\/wp-json\/wp\/v2\/users\/2"}],"replies":[{"embeddable":true,"href":"https:\/\/www.msds-europe.com\/cs\/wp-json\/wp\/v2\/comments?post=3905"}],"version-history":[{"count":11,"href":"https:\/\/www.msds-europe.com\/cs\/wp-json\/wp\/v2\/pages\/3905\/revisions"}],"predecessor-version":[{"id":37132,"href":"https:\/\/www.msds-europe.com\/cs\/wp-json\/wp\/v2\/pages\/3905\/revisions\/37132"}],"wp:attachment":[{"href":"https:\/\/www.msds-europe.com\/cs\/wp-json\/wp\/v2\/media?parent=3905"}],"wp:term":[{"taxonomy":"post_tag","embeddable":true,"href":"https:\/\/www.msds-europe.com\/cs\/wp-json\/wp\/v2\/tags?post=3905"}],"curies":[{"name":"wp","href":"https:\/\/api.w.org\/{rel}","templated":true}]}}