{"id":3859,"date":"2018-05-16T10:55:24","date_gmt":"2018-05-16T10:55:24","guid":{"rendered":"http:\/\/www.msds-europe.com\/vystrazne-symbol-nebezpecnosti\/"},"modified":"2026-02-20T09:49:16","modified_gmt":"2026-02-20T09:49:16","slug":"vystrazne-symbol-nebezpecnosti","status":"publish","type":"page","link":"https:\/\/www.msds-europe.com\/cs\/vystrazne-symbol-nebezpecnosti\/","title":{"rendered":"V\u00fdstra\u017en\u00e9 symbol nebezpe\u010dnosti"},"content":{"rendered":"<p style=\"text-align: right;\"><em><span style=\"font-family: Calibri;\"><a href=\"https:\/\/www.msds-europe.com\/cs\/zakladna-vedomostibezpecnostni-listy\/\">Z\u00e1kladna v\u011bdomost\u00ed pro bezpe\u010dnostn\u00ed listy<\/a> \u2013 V\u00fdstra\u017en\u00e9 symboly nebezpe\u010dnosti<\/span><\/em><\/p>\n<p>&nbsp;<\/p>\n<h2>Obecn\u00e9 informace o piktogramech nebezpe\u010dnosti<\/h2>\n<p style=\"text-align: justify;\"><span style=\"color: #000000; font-family: Calibri;\">V\u00fdstra\u017en\u00e9 symboly nebezpe\u010dnosti jsou obrazov\u00e9 zn\u00e1zorn\u011bn\u00ed konkr\u00e9tn\u00edch nebezpe\u010dnost\u00ed. Klasifikace va\u0161\u00ed l\u00e1tky nebo sm\u011bsi proto ur\u010duje v\u00fdstra\u017en\u00e9 symboly nebezpe\u010dnosti, kter\u00e9 mus\u00ed b\u00fdt uvedeny na etiket\u011b, jak je stanoveno v \u010d\u00e1sti 2 (fyzik\u00e1ln\u00ed nebezpe\u010dnost), 3 (nebezpe\u010dnost pro zdrav\u00ed) a 4 (nebezpe\u010dnost pro \u017eivotn\u00ed prost\u0159ed\u00ed) p\u0159\u00edlohy I <a href=\"https:\/\/www.msds-europe.com\/cs\/stitek-clp-oznacovani-v-praxi\/\">na\u0159\u00edzen\u00ed CLP<\/a> (\u010dl\u00e1nek 19).<\/span><\/p>\n<p style=\"text-align: justify;\"><span style=\"color: #000000; font-family: Calibri;\">Pou\u017eitelnost v\u00fdstra\u017en\u00fdch symbol\u016f nebezpe\u010dnosti pro jednotliv\u00e9 t\u0159\u00eddy nebezpe\u010dnosti a kategorie nebezpe\u010dnosti naleznete v p\u0159\u00edloze V na\u0159\u00edzen\u00ed CLP.<\/span><\/p>\n<p style=\"text-align: justify;\"><span style=\"color: #000000; font-family: Calibri;\">&nbsp;<\/span><\/p>\n<h2>V\u00fdstra\u017en\u00e9 symboly nebezpe\u010dnosti na etiket\u011b<\/h2>\n<p style=\"text-align: justify;\"><span style=\"color: #000000; font-family: Calibri;\">Barva a vzhled etikety mus\u00ed umo\u017e\u0148ovat z\u0159eteln\u00e9 zobrazen\u00ed v\u00fdstra\u017en\u00fdch symbol\u016f nebezpe\u010dnosti; jejich pozad\u00ed mus\u00ed b\u00fdt jasn\u011b viditeln\u00e9. V\u00fdstra\u017en\u00e9 symboly nebezpe\u010dnosti maj\u00ed tvar koso\u010dtverce a mus\u00ed obsahovat \u010dern\u00fd symbol na b\u00edl\u00e9m pozad\u00ed s \u010derven\u00fdm r\u00e1me\u010dkem (\u010d\u00e1st 1.2.1 p\u0159\u00edlohy I na\u0159\u00edzen\u00ed CLP).<\/span><\/p>\n<p style=\"text-align: justify;\"><span style=\"color: #000000; font-family: Calibri;\">Ka\u017ed\u00fd v\u00fdstra\u017en\u00fd symbol nebezpe\u010dnosti mus\u00ed pokr\u00fdvat minim\u00e1ln\u011b jednu patn\u00e1ctinu plochy etikety, p\u0159i\u010dem\u017e minim\u00e1ln\u00ed plocha nesm\u00ed b\u00fdt men\u0161\u00ed ne\u017e 1&nbsp;cm<sup>2<\/sup>.<\/span><\/p>\n<p style=\"text-align: justify;\"><span style=\"color: #000000; font-family: Calibri;\">&nbsp;<\/span><\/p>\n<h2>Pou\u017eit\u00ed v\u00fdstra\u017en\u00fdch symbol\u016f nebezpe\u010dnosti v r\u00e1mci klasifikace podle na\u0159\u00edzen\u00ed CLP<\/h2>\n<p style=\"text-align: justify;\"><span style=\"color: #000000; font-family: Calibri;\">V souladu s \u010dl\u00e1nkem 19 <a href=\"https:\/\/www.msds-europe.com\/cs\/regulacni-zmeny-v-oblasti-chemicke-bezpecnosti\/\">na\u0159\u00edzen\u00ed (ES) \u010d. 1272\/2008<\/a> Evropsk\u00e9ho parlamentu a Rady ze dne 16. prosince 2008 o klasifikaci, ozna\u010dov\u00e1n\u00ed a balen\u00ed l\u00e1tek a sm\u011bs\u00ed a o zm\u011bn\u011b a zru\u0161en\u00ed sm\u011brnic 67\/548\/EHS a 1999\/45\/ES se p\u0159i ozna\u010dov\u00e1n\u00ed podle na\u0159\u00edzen\u00ed CLP pou\u017e\u00edvaj\u00ed n\u00e1sleduj\u00edc\u00ed v\u00fdstra\u017en\u00e9 symboly nebezpe\u010dnosti.<\/span><\/p>\n<p style=\"text-align: justify;\"><span style=\"color: #000000; font-family: Calibri;\">&nbsp;<\/span><\/p>\n<h2>V\u00fdstra\u017en\u00e9 symboly nebezpe\u010dnosti CLP<\/h2>\n<div class=\"su-custom-gallery su-custom-gallery-align-left su-custom-gallery-title-always su-lightbox-gallery\"><div class=\"su-custom-gallery-slide\" style=\"width:250px;height:250px\"><a href=\"https:\/\/www.msds-europe.com\/wp-content\/uploads\/2018\/06\/GHS01-V\u00fdstra\u017en\u00e9-symboly-nebezpe\u010dnosti-CLP.jpg\" title=\"GHS01 V\u00fdstra\u017en\u00e9 symboly nebezpe\u010dnosti CLP\"><img decoding=\"async\" src=\"https:\/\/www.msds-europe.com\/wp-content\/uploads\/2018\/06\/GHS01-V\u00fdstra\u017en\u00e9-symboly-nebezpe\u010dnosti-CLP.jpg\" alt=\"GHS01 V\u00fdstra\u017en\u00e9 symboly nebezpe\u010dnosti CLP\" width=\"250\" height=\"250\" \/><span class=\"su-custom-gallery-title\">GHS01 V\u00fdstra\u017en\u00e9 symboly nebezpe\u010dnosti CLP<\/span><\/a><\/div><div class=\"su-custom-gallery-slide\" style=\"width:250px;height:250px\"><a href=\"https:\/\/www.msds-europe.com\/wp-content\/uploads\/2018\/06\/GHS02-V\u00fdstra\u017en\u00e9-symboly-nebezpe\u010dnosti-CLP.jpg\" title=\"GHS02 V\u00fdstra\u017en\u00e9 symboly nebezpe\u010dnosti CLP\"><img decoding=\"async\" src=\"https:\/\/www.msds-europe.com\/wp-content\/uploads\/2018\/06\/GHS02-V\u00fdstra\u017en\u00e9-symboly-nebezpe\u010dnosti-CLP.jpg\" alt=\"GHS02 V\u00fdstra\u017en\u00e9 symboly nebezpe\u010dnosti CLP\" width=\"250\" height=\"250\" \/><span class=\"su-custom-gallery-title\">GHS02 V\u00fdstra\u017en\u00e9 symboly nebezpe\u010dnosti CLP<\/span><\/a><\/div><div class=\"su-custom-gallery-slide\" style=\"width:250px;height:250px\"><a href=\"https:\/\/www.msds-europe.com\/wp-content\/uploads\/2018\/06\/GHS03-V\u00fdstra\u017en\u00e9-symboly-nebezpe\u010dnosti-CLP.jpg\" title=\"GHS03 V\u00fdstra\u017en\u00e9 symboly nebezpe\u010dnosti CLP\"><img decoding=\"async\" src=\"https:\/\/www.msds-europe.com\/wp-content\/uploads\/2018\/06\/GHS03-V\u00fdstra\u017en\u00e9-symboly-nebezpe\u010dnosti-CLP.jpg\" alt=\"GHS03 V\u00fdstra\u017en\u00e9 symboly nebezpe\u010dnosti CLP\" width=\"250\" height=\"250\" \/><span class=\"su-custom-gallery-title\">GHS03 V\u00fdstra\u017en\u00e9 symboly nebezpe\u010dnosti CLP<\/span><\/a><\/div><div class=\"su-custom-gallery-slide\" style=\"width:250px;height:250px\"><a href=\"https:\/\/www.msds-europe.com\/wp-content\/uploads\/2018\/06\/GHS04-V\u00fdstra\u017en\u00e9-symboly-nebezpe\u010dnosti-CLP.jpg\" title=\"GHS04 V\u00fdstra\u017en\u00e9 symboly nebezpe\u010dnosti CLP\"><img decoding=\"async\" src=\"https:\/\/www.msds-europe.com\/wp-content\/uploads\/2018\/06\/GHS04-V\u00fdstra\u017en\u00e9-symboly-nebezpe\u010dnosti-CLP.jpg\" alt=\"GHS04 V\u00fdstra\u017en\u00e9 symboly nebezpe\u010dnosti CLP\" width=\"250\" height=\"250\" \/><span class=\"su-custom-gallery-title\">GHS04 V\u00fdstra\u017en\u00e9 symboly nebezpe\u010dnosti CLP<\/span><\/a><\/div><div class=\"su-custom-gallery-slide\" style=\"width:250px;height:250px\"><a href=\"https:\/\/www.msds-europe.com\/wp-content\/uploads\/2018\/06\/GHS05-V\u00fdstra\u017en\u00e9-symboly-nebezpe\u010dnosti-CLP.jpg\" title=\"GHS05 V\u00fdstra\u017en\u00e9 symboly nebezpe\u010dnosti CLP\"><img decoding=\"async\" src=\"https:\/\/www.msds-europe.com\/wp-content\/uploads\/2018\/06\/GHS05-V\u00fdstra\u017en\u00e9-symboly-nebezpe\u010dnosti-CLP.jpg\" alt=\"GHS05 V\u00fdstra\u017en\u00e9 symboly nebezpe\u010dnosti CLP\" width=\"250\" height=\"250\" \/><span class=\"su-custom-gallery-title\">GHS05 V\u00fdstra\u017en\u00e9 symboly nebezpe\u010dnosti CLP<\/span><\/a><\/div><div class=\"su-custom-gallery-slide\" style=\"width:250px;height:250px\"><a href=\"https:\/\/www.msds-europe.com\/wp-content\/uploads\/2018\/06\/GHS06-V\u00fdstra\u017en\u00e9-symboly-nebezpe\u010dnosti-CLP.jpg\" title=\"GHS06 V\u00fdstra\u017en\u00e9 symboly nebezpe\u010dnosti CLP\"><img decoding=\"async\" src=\"https:\/\/www.msds-europe.com\/wp-content\/uploads\/2018\/06\/GHS06-V\u00fdstra\u017en\u00e9-symboly-nebezpe\u010dnosti-CLP.jpg\" alt=\"GHS06 V\u00fdstra\u017en\u00e9 symboly nebezpe\u010dnosti CLP\" width=\"250\" height=\"250\" \/><span class=\"su-custom-gallery-title\">GHS06 V\u00fdstra\u017en\u00e9 symboly nebezpe\u010dnosti CLP<\/span><\/a><\/div><div class=\"su-custom-gallery-slide\" style=\"width:250px;height:250px\"><a href=\"https:\/\/www.msds-europe.com\/wp-content\/uploads\/2018\/06\/GHS07-V\u00fdstra\u017en\u00e9-symboly-nebezpe\u010dnosti-CLP.jpg\" title=\"GHS07 V\u00fdstra\u017en\u00e9 symboly nebezpe\u010dnosti CLP\"><img decoding=\"async\" src=\"https:\/\/www.msds-europe.com\/wp-content\/uploads\/2018\/06\/GHS07-V\u00fdstra\u017en\u00e9-symboly-nebezpe\u010dnosti-CLP.jpg\" alt=\"GHS07 V\u00fdstra\u017en\u00e9 symboly nebezpe\u010dnosti CLP\" width=\"250\" height=\"250\" \/><span class=\"su-custom-gallery-title\">GHS07 V\u00fdstra\u017en\u00e9 symboly nebezpe\u010dnosti CLP<\/span><\/a><\/div><div class=\"su-custom-gallery-slide\" style=\"width:250px;height:250px\"><a href=\"https:\/\/www.msds-europe.com\/wp-content\/uploads\/2018\/06\/GHS08-V\u00fdstra\u017en\u00e9-symboly-nebezpe\u010dnosti-CLP.jpg\" title=\"GHS08 V\u00fdstra\u017en\u00e9 symboly nebezpe\u010dnosti CLP\"><img decoding=\"async\" src=\"https:\/\/www.msds-europe.com\/wp-content\/uploads\/2018\/06\/GHS08-V\u00fdstra\u017en\u00e9-symboly-nebezpe\u010dnosti-CLP.jpg\" alt=\"GHS08 V\u00fdstra\u017en\u00e9 symboly nebezpe\u010dnosti CLP\" width=\"250\" height=\"250\" \/><span class=\"su-custom-gallery-title\">GHS08 V\u00fdstra\u017en\u00e9 symboly nebezpe\u010dnosti CLP<\/span><\/a><\/div><div class=\"su-custom-gallery-slide\" style=\"width:250px;height:250px\"><a href=\"https:\/\/www.msds-europe.com\/wp-content\/uploads\/2018\/06\/GHS09-V\u00fdstra\u017en\u00e9-symboly-nebezpe\u010dnosti-CLP.jpg\" title=\"GHS09 V\u00fdstra\u017en\u00e9 symboly nebezpe\u010dnosti CLP\"><img decoding=\"async\" src=\"https:\/\/www.msds-europe.com\/wp-content\/uploads\/2018\/06\/GHS09-V\u00fdstra\u017en\u00e9-symboly-nebezpe\u010dnosti-CLP.jpg\" alt=\"GHS09 V\u00fdstra\u017en\u00e9 symboly nebezpe\u010dnosti CLP\" width=\"250\" height=\"250\" \/><span class=\"su-custom-gallery-title\">GHS09 V\u00fdstra\u017en\u00e9 symboly nebezpe\u010dnosti CLP<\/span><\/a><\/div><div class=\"su-clear\"><\/div><\/div>\n<p>\u00a0<\/p>\n<h4>St\u00e1hnout v\u00fdstra\u017en\u00e9 symboly nebezpe\u010dnosti<\/h4>\n<p>M\u016f\u017eete kliknout na p\u0159\u00edslu\u0161n\u00fd obr\u00e1zek pro jeho zobrazen\u00ed ve v\u011bt\u0161\u00ed velikosti nebo sta\u017een\u00ed.<\/p>\n<h4>Bezplatn\u00e1 konzultace online<\/h4>\n<p>Pokud jste na na\u0161ich webov\u00fdch str\u00e1nk\u00e1ch nenalezli po\u017eadovan\u00e9 informace, polo\u017ete sv\u00e9 dotazy t\u00fdkaj\u00edc\u00ed se bezpe\u010dnostn\u00edch list\u016f p\u0159\u00edmo na\u0161emu odborn\u00edkovi.<\/p>\n<p>Pro zasl\u00e1n\u00ed dotaz\u016f pou\u017eijte n\u00e1sleduj\u00edc\u00ed formul\u00e1\u0159:<\/p>\n<p><strong>Zeptejte se na\u0161eho odborn\u00edka na chemickou bezpe\u010dnost!<\/strong><\/p>\n<h4>Nab\u00edzen\u00e9 slu\u017eby<\/h4>\n<ul>\n<li><a href=\"https:\/\/www.msds-europe.com\/cs\/vytvoreni-navrhu-etikety\/\">Vytvo\u0159en\u00ed n\u00e1vrhu etikety CLP, p\u0159eklad etikety CLP<\/a><\/li>\n<li><a href=\"https:\/\/www.msds-europe.com\/cs\/sestaveni-vytvoreni-bezpecnostniho-listu\/\">Sestaven\u00ed a vytvo\u0159en\u00ed bezpe\u010dnostn\u00edho listu<\/a><\/li>\n<li><a href=\"https:\/\/www.msds-europe.com\/cs\/ufi-sluzby\/\">Ozn\u00e1men\u00ed sm\u011bs\u00ed prost\u0159ednictv\u00edm port\u00e1lu PCN<\/a><\/li>\n<\/ul>\n<h4>Doporu\u010den\u00e9 \u010dl\u00e1nky<\/h4>\n<ul>\n<li><a href=\"https:\/\/www.msds-europe.com\/cs\/stitek-clp-oznacovani-v-praxi\/\">\u0160t\u00edtek CLP, ozna\u010dov\u00e1n\u00ed v praxi<\/a><\/li>\n<li><a href=\"https:\/\/www.msds-europe.com\/cs\/standardni-vety-o-nebezpecnosti-h\/\">Standardn\u00ed v\u011bty o nebezpe\u010dnosti (H-v\u011bty)<\/a><\/li>\n<li><a href=\"https:\/\/www.msds-europe.com\/cs\/pokyny-pro-bezpecne-zachazeni\/\">Pokyny pro bezpe\u010dn\u00e9 zach\u00e1zen\u00ed (P-v\u011bty)<\/a><\/li>\n<li>P\u0159\u00edprava bezpe\u010dnostn\u00edch list\u016f (BL):\n<ul>\n<li><a href=\"https:\/\/www.msds-europe.com\/sds-preparing-introduction\/\">\u00davod a legislativn\u00ed pozad\u00ed<\/a><\/li>\n<li><a href=\"https:\/\/www.msds-europe.com\/responsibilities-compilation-process\/\">Povinnosti a proces sestavov\u00e1n\u00ed BL<\/a><\/li>\n<li><a href=\"https:\/\/www.msds-europe.com\/sds-preparing-first-8-sections\/\">Prvn\u00edch 8 odd\u00edl\u016f BL podrobn\u011b<\/a><\/li>\n<li><a href=\"https:\/\/www.msds-europe.com\/sds-preparing-9-16-sections\/\">Zb\u00fdvaj\u00edc\u00ed odd\u00edly BL (9\u201316)<\/a><\/li>\n<li><a href=\"https:\/\/www.msds-europe.com\/sds-preparing-best-practices\/\">Zvl\u00e1\u0161tn\u00ed p\u0159\u00edpady a osv\u011bd\u010den\u00e9 postupy<\/a><\/li>\n<\/ul>\n<\/li>\n<\/ul>\n","protected":false},"excerpt":{"rendered":"<p>U\u017eite\u010dn\u00fd z\u00e1kladn\u00ed materi\u00e1l pro praktickou realizaci povinnosti zna\u010den\u00ed na z\u00e1klad\u011b p\u0159edpisu CLP.<\/p>\n","protected":false},"author":2,"featured_media":0,"parent":0,"menu_order":0,"comment_status":"closed","ping_status":"closed","template":"","meta":{"_acf_changed":false,"footnotes":""},"tags":[244,358],"class_list":["post-3859","page","type-page","status-publish","hentry","tag-bezpecnostni-list-cs","tag-zakladna-vedomosti-pro-bezpecnostni-listy-cs"],"acf":[],"yoast_head":"<!-- This site is optimized with the Yoast SEO plugin v27.2 - https:\/\/yoast.com\/product\/yoast-seo-wordpress\/ -->\n<title>V\u00fdstra\u017en\u00e9 symbol nebezpe\u010dnosti<\/title>\n<meta name=\"description\" content=\"V\u00fdstra\u017en\u00e9 symbol je grafick\u00e9 zn\u00e1zorn\u011bn\u00ed konkr\u00e9tn\u00edho nebezpe\u010d\u00ed v souladu s p\u0159edpisem CLP, kter\u00e9 pom\u00e1h\u00e1 identifikovat rizika chemick\u00fdch.\" \/>\n<meta name=\"robots\" content=\"index, follow, max-snippet:-1, max-image-preview:large, max-video-preview:-1\" \/>\n<link rel=\"canonical\" href=\"https:\/\/www.msds-europe.com\/cs\/vystrazne-symbol-nebezpecnosti\/\" \/>\n<meta property=\"og:locale\" content=\"cs_CZ\" \/>\n<meta property=\"og:type\" content=\"article\" \/>\n<meta property=\"og:title\" content=\"V\u00fdstra\u017en\u00e9 symbol nebezpe\u010dnosti\" \/>\n<meta property=\"og:description\" content=\"V\u00fdstra\u017en\u00e9 symbol je grafick\u00e9 zn\u00e1zorn\u011bn\u00ed konkr\u00e9tn\u00edho nebezpe\u010d\u00ed v souladu s p\u0159edpisem CLP, kter\u00e9 pom\u00e1h\u00e1 identifikovat rizika chemick\u00fdch.\" \/>\n<meta property=\"og:url\" content=\"https:\/\/www.msds-europe.com\/cs\/vystrazne-symbol-nebezpecnosti\/\" \/>\n<meta property=\"og:site_name\" content=\"MSDS Europe\" \/>\n<meta property=\"article:publisher\" content=\"https:\/\/www.facebook.com\/toxinfokft\/\" \/>\n<meta property=\"article:modified_time\" content=\"2026-02-20T09:49:16+00:00\" \/>\n<meta name=\"twitter:card\" content=\"summary_large_image\" \/>\n<meta name=\"twitter:site\" content=\"@ToxInfoKft\" \/>\n<meta name=\"twitter:label1\" content=\"Odhadovan\u00e1 doba \u010dten\u00ed\" \/>\n\t<meta name=\"twitter:data1\" content=\"2 minuty\" \/>\n<script type=\"application\/ld+json\" class=\"yoast-schema-graph\">{\"@context\":\"https:\/\/schema.org\",\"@graph\":[{\"@type\":\"WebPage\",\"@id\":\"https:\/\/www.msds-europe.com\/cs\/vystrazne-symbol-nebezpecnosti\/\",\"url\":\"https:\/\/www.msds-europe.com\/cs\/vystrazne-symbol-nebezpecnosti\/\",\"name\":\"V\u00fdstra\u017en\u00e9 symbol nebezpe\u010dnosti\",\"isPartOf\":{\"@id\":\"https:\/\/www.msds-europe.com\/es\/#website\"},\"datePublished\":\"2018-05-16T10:55:24+00:00\",\"dateModified\":\"2026-02-20T09:49:16+00:00\",\"description\":\"V\u00fdstra\u017en\u00e9 symbol je grafick\u00e9 zn\u00e1zorn\u011bn\u00ed konkr\u00e9tn\u00edho nebezpe\u010d\u00ed v souladu s p\u0159edpisem CLP, kter\u00e9 pom\u00e1h\u00e1 identifikovat rizika chemick\u00fdch.\",\"breadcrumb\":{\"@id\":\"https:\/\/www.msds-europe.com\/cs\/vystrazne-symbol-nebezpecnosti\/#breadcrumb\"},\"inLanguage\":\"cs\",\"potentialAction\":[{\"@type\":\"ReadAction\",\"target\":[\"https:\/\/www.msds-europe.com\/cs\/vystrazne-symbol-nebezpecnosti\/\"]}]},{\"@type\":\"BreadcrumbList\",\"@id\":\"https:\/\/www.msds-europe.com\/cs\/vystrazne-symbol-nebezpecnosti\/#breadcrumb\",\"itemListElement\":[{\"@type\":\"ListItem\",\"position\":1,\"name\":\"F\u0151oldal\",\"item\":\"https:\/\/www.msds-europe.com\/cs\/\"},{\"@type\":\"ListItem\",\"position\":2,\"name\":\"V\u00fdstra\u017en\u00e9 symbol nebezpe\u010dnosti\"}]},{\"@type\":\"WebSite\",\"@id\":\"https:\/\/www.msds-europe.com\/es\/#website\",\"url\":\"https:\/\/www.msds-europe.com\/es\/\",\"name\":\"MSDS Europe\",\"description\":\"\",\"publisher\":{\"@id\":\"https:\/\/www.msds-europe.com\/es\/#organization\"},\"potentialAction\":[{\"@type\":\"SearchAction\",\"target\":{\"@type\":\"EntryPoint\",\"urlTemplate\":\"https:\/\/www.msds-europe.com\/es\/?s={search_term_string}\"},\"query-input\":{\"@type\":\"PropertyValueSpecification\",\"valueRequired\":true,\"valueName\":\"search_term_string\"}}],\"inLanguage\":\"cs\"},{\"@type\":\"Organization\",\"@id\":\"https:\/\/www.msds-europe.com\/es\/#organization\",\"name\":\"MSDS-Europe International branch of ToxInfo\",\"url\":\"https:\/\/www.msds-europe.com\/es\/\",\"logo\":{\"@type\":\"ImageObject\",\"inLanguage\":\"cs\",\"@id\":\"https:\/\/www.msds-europe.com\/es\/#\/schema\/logo\/image\/\",\"url\":\"https:\/\/www.msds-europe.com\/wp-content\/uploads\/2021\/04\/msds-europe-logo.jpg\",\"contentUrl\":\"https:\/\/www.msds-europe.com\/wp-content\/uploads\/2021\/04\/msds-europe-logo.jpg\",\"width\":2296,\"height\":1067,\"caption\":\"MSDS-Europe International branch of ToxInfo\"},\"image\":{\"@id\":\"https:\/\/www.msds-europe.com\/es\/#\/schema\/logo\/image\/\"},\"sameAs\":[\"https:\/\/www.facebook.com\/toxinfokft\/\",\"https:\/\/x.com\/ToxInfoKft\"]}]}<\/script>\n<!-- \/ Yoast SEO plugin. -->","yoast_head_json":{"title":"V\u00fdstra\u017en\u00e9 symbol nebezpe\u010dnosti","description":"V\u00fdstra\u017en\u00e9 symbol je grafick\u00e9 zn\u00e1zorn\u011bn\u00ed konkr\u00e9tn\u00edho nebezpe\u010d\u00ed v souladu s p\u0159edpisem CLP, kter\u00e9 pom\u00e1h\u00e1 identifikovat rizika chemick\u00fdch.","robots":{"index":"index","follow":"follow","max-snippet":"max-snippet:-1","max-image-preview":"max-image-preview:large","max-video-preview":"max-video-preview:-1"},"canonical":"https:\/\/www.msds-europe.com\/cs\/vystrazne-symbol-nebezpecnosti\/","og_locale":"cs_CZ","og_type":"article","og_title":"V\u00fdstra\u017en\u00e9 symbol nebezpe\u010dnosti","og_description":"V\u00fdstra\u017en\u00e9 symbol je grafick\u00e9 zn\u00e1zorn\u011bn\u00ed konkr\u00e9tn\u00edho nebezpe\u010d\u00ed v souladu s p\u0159edpisem CLP, kter\u00e9 pom\u00e1h\u00e1 identifikovat rizika chemick\u00fdch.","og_url":"https:\/\/www.msds-europe.com\/cs\/vystrazne-symbol-nebezpecnosti\/","og_site_name":"MSDS Europe","article_publisher":"https:\/\/www.facebook.com\/toxinfokft\/","article_modified_time":"2026-02-20T09:49:16+00:00","twitter_card":"summary_large_image","twitter_site":"@ToxInfoKft","twitter_misc":{"Odhadovan\u00e1 doba \u010dten\u00ed":"2 minuty"},"schema":{"@context":"https:\/\/schema.org","@graph":[{"@type":"WebPage","@id":"https:\/\/www.msds-europe.com\/cs\/vystrazne-symbol-nebezpecnosti\/","url":"https:\/\/www.msds-europe.com\/cs\/vystrazne-symbol-nebezpecnosti\/","name":"V\u00fdstra\u017en\u00e9 symbol nebezpe\u010dnosti","isPartOf":{"@id":"https:\/\/www.msds-europe.com\/es\/#website"},"datePublished":"2018-05-16T10:55:24+00:00","dateModified":"2026-02-20T09:49:16+00:00","description":"V\u00fdstra\u017en\u00e9 symbol je grafick\u00e9 zn\u00e1zorn\u011bn\u00ed konkr\u00e9tn\u00edho nebezpe\u010d\u00ed v souladu s p\u0159edpisem CLP, kter\u00e9 pom\u00e1h\u00e1 identifikovat rizika chemick\u00fdch.","breadcrumb":{"@id":"https:\/\/www.msds-europe.com\/cs\/vystrazne-symbol-nebezpecnosti\/#breadcrumb"},"inLanguage":"cs","potentialAction":[{"@type":"ReadAction","target":["https:\/\/www.msds-europe.com\/cs\/vystrazne-symbol-nebezpecnosti\/"]}]},{"@type":"BreadcrumbList","@id":"https:\/\/www.msds-europe.com\/cs\/vystrazne-symbol-nebezpecnosti\/#breadcrumb","itemListElement":[{"@type":"ListItem","position":1,"name":"F\u0151oldal","item":"https:\/\/www.msds-europe.com\/cs\/"},{"@type":"ListItem","position":2,"name":"V\u00fdstra\u017en\u00e9 symbol nebezpe\u010dnosti"}]},{"@type":"WebSite","@id":"https:\/\/www.msds-europe.com\/es\/#website","url":"https:\/\/www.msds-europe.com\/es\/","name":"MSDS Europe","description":"","publisher":{"@id":"https:\/\/www.msds-europe.com\/es\/#organization"},"potentialAction":[{"@type":"SearchAction","target":{"@type":"EntryPoint","urlTemplate":"https:\/\/www.msds-europe.com\/es\/?s={search_term_string}"},"query-input":{"@type":"PropertyValueSpecification","valueRequired":true,"valueName":"search_term_string"}}],"inLanguage":"cs"},{"@type":"Organization","@id":"https:\/\/www.msds-europe.com\/es\/#organization","name":"MSDS-Europe International branch of ToxInfo","url":"https:\/\/www.msds-europe.com\/es\/","logo":{"@type":"ImageObject","inLanguage":"cs","@id":"https:\/\/www.msds-europe.com\/es\/#\/schema\/logo\/image\/","url":"https:\/\/www.msds-europe.com\/wp-content\/uploads\/2021\/04\/msds-europe-logo.jpg","contentUrl":"https:\/\/www.msds-europe.com\/wp-content\/uploads\/2021\/04\/msds-europe-logo.jpg","width":2296,"height":1067,"caption":"MSDS-Europe International branch of ToxInfo"},"image":{"@id":"https:\/\/www.msds-europe.com\/es\/#\/schema\/logo\/image\/"},"sameAs":["https:\/\/www.facebook.com\/toxinfokft\/","https:\/\/x.com\/ToxInfoKft"]}]}},"_links":{"self":[{"href":"https:\/\/www.msds-europe.com\/cs\/wp-json\/wp\/v2\/pages\/3859","targetHints":{"allow":["GET"]}}],"collection":[{"href":"https:\/\/www.msds-europe.com\/cs\/wp-json\/wp\/v2\/pages"}],"about":[{"href":"https:\/\/www.msds-europe.com\/cs\/wp-json\/wp\/v2\/types\/page"}],"author":[{"embeddable":true,"href":"https:\/\/www.msds-europe.com\/cs\/wp-json\/wp\/v2\/users\/2"}],"replies":[{"embeddable":true,"href":"https:\/\/www.msds-europe.com\/cs\/wp-json\/wp\/v2\/comments?post=3859"}],"version-history":[{"count":8,"href":"https:\/\/www.msds-europe.com\/cs\/wp-json\/wp\/v2\/pages\/3859\/revisions"}],"predecessor-version":[{"id":37274,"href":"https:\/\/www.msds-europe.com\/cs\/wp-json\/wp\/v2\/pages\/3859\/revisions\/37274"}],"wp:attachment":[{"href":"https:\/\/www.msds-europe.com\/cs\/wp-json\/wp\/v2\/media?parent=3859"}],"wp:term":[{"taxonomy":"post_tag","embeddable":true,"href":"https:\/\/www.msds-europe.com\/cs\/wp-json\/wp\/v2\/tags?post=3859"}],"curies":[{"name":"wp","href":"https:\/\/api.w.org\/{rel}","templated":true}]}}