{"id":3838,"date":"2018-05-16T09:06:57","date_gmt":"2018-05-16T09:06:57","guid":{"rendered":"http:\/\/www.msds-europe.com\/software-na-vytvareni-bezpecnostnich-listu\/"},"modified":"2026-02-25T10:40:45","modified_gmt":"2026-02-25T10:40:45","slug":"softwaru-vytvareni-bezpecnostnich-listu","status":"publish","type":"page","link":"https:\/\/www.msds-europe.com\/cs\/softwaru-vytvareni-bezpecnostnich-listu\/","title":{"rendered":"Software na vytv\u00e1\u0159en\u00ed bezpe\u010dnostn\u00edch list\u016f"},"content":{"rendered":"<p style=\"text-align: right;\"><em><span style=\"color: #000000; font-family: Calibri;\"><a href=\"https:\/\/www.msds-europe.com\/cs\/\">MSDS-Europe<\/a> \u2013 <a href=\"https:\/\/www.msds-europe.com\/cs\/kompas-k-chemical-safety\/\">Kompas k chemick\u00e9 bezpe\u010dnosti<\/a> \u2013 Software pro vytv\u00e1\u0159en\u00ed bezpe\u010dnostn\u00edch list\u016f<\/span><\/em><\/p>\n<p>&nbsp;<\/p>\n<p style=\"text-align: justify;\"><span style=\"color: #000000; font-family: Calibri;\">B\u011bhem t\u00e9m\u011b\u0159 dvou desetilet\u00ed na\u0161ich odborn\u00fdch zku\u0161enost\u00ed v oblasti chemick\u00e9 bezpe\u010dnosti byla v\u011bt\u0161ina cizojazy\u010dn\u00fdch bezpe\u010dnostn\u00edch list\u016f, se kter\u00fdmi jsme pracovali, vytvo\u0159ena softwarem, a proto jsme tyto bezpe\u010dnostn\u00ed listy mohli d\u016fkladn\u011b analyzovat.<\/span><\/p>\n<p style=\"text-align: justify;\"><span style=\"color: #000000; font-family: Calibri;\">Na z\u00e1klad\u011b t\u011bchto zku\u0161enost\u00ed na\u0161e spole\u010dnost nikdy nepou\u017e\u00edvala software pro vytv\u00e1\u0159en\u00ed bezpe\u010dnostn\u00edch list\u016f a na\u0161im partner\u016fm jsme jeho pou\u017e\u00edv\u00e1n\u00ed nikdy nedoporu\u010dovali.<\/span><\/p>\n<p>&nbsp;<\/p>\n<h2 style=\"text-align: justify;\"><span style=\"color: #ff6600; font-family: Calibri;\">Princip fungov\u00e1n\u00ed softwaru pro vytv\u00e1\u0159en\u00ed bezpe\u010dnostn\u00edch list\u016f a jeho funkce<\/span><\/h2>\n<p style=\"text-align: justify;\"><span style=\"color: #000000; font-family: Calibri;\">Software pro p\u0159eklad bezpe\u010dnostn\u00edch list\u016f (podobn\u011b jako jin\u00e9 p\u0159ekladatelsk\u00e9 softwary) vytv\u00e1\u0159\u00ed zn\u011bn\u00ed bezpe\u010dnostn\u00edho listu v ciz\u00edm jazyce na z\u00e1klad\u011b odpov\u00eddaj\u00edc\u00edch v\u011bt ulo\u017een\u00fdch v p\u0159ekladov\u00e9 pam\u011bti.<\/span><\/p>\n<p style=\"text-align: justify;\"><span style=\"color: #000000; font-family: Calibri;\">Jeho fungov\u00e1n\u00ed je zalo\u017eeno na dostupn\u00e9 \u201epam\u011bti\u201c v podob\u011b nab\u00edzen\u00fdch jazykov\u00fdch modul\u016f, kter\u00e9 obsahuj\u00ed p\u0159eklady v\u011bt b\u011b\u017en\u011b se vyskytuj\u00edc\u00edch v bezpe\u010dnostn\u00edch listech.<\/span><\/p>\n<p style=\"text-align: justify;\"><span style=\"color: #000000; font-family: Calibri;\">V\u011bta ve \u201ezdrojov\u00e9m jazyce\u201c je nahrazena p\u0159\u00edslu\u0161nou v\u011btou v \u201ec\u00edlov\u00e9m jazyce\u201c, pokud je zji\u0161t\u011bna \u00fapln\u00e1 shoda.<\/span><\/p>\n<p style=\"text-align: justify;\"><span style=\"color: #000000; font-family: Calibri;\">P\u0159ekladatelsk\u00e9 softwary pro p\u0159eklad bezpe\u010dnostn\u00edch list\u016f obvykle nab\u00edzej\u00ed i dal\u0161\u00ed funkce, nap\u0159.:<\/span><\/p>\n<ul>\n<li style=\"text-align: justify;\"><span style=\"color: #000000; font-family: Calibri;\">Slo\u017eky jsou klasifikov\u00e1ny na z\u00e1klad\u011b \u010d\u00edsla CAS a existuj\u00edc\u00edch seznam\u016f klasifikace nebezpe\u010dnosti l\u00e1tek (kter\u00e9 zpravidla nejsou v softwaru pr\u016fb\u011b\u017en\u011b aktualizov\u00e1ny).<\/span><\/li>\n<li style=\"text-align: justify;\"><span style=\"color: #000000; font-family: Calibri;\">P\u0159i\u0159azuj\u00ed l\u00e1tk\u00e1m limity expozice.<\/span><\/li>\n<li style=\"text-align: justify;\"><span style=\"font-family: Calibri;\"><span style=\"color: #000000;\">Pou\u017e\u00edvaj\u00ed piktogramy (nikoli pouze <a href=\"https:\/\/www.msds-europe.com\/cs\/vystrazne-symbol-nebezpecnosti\/\">v\u00fdstra\u017en\u00e9 symboly nebezpe\u010dnosti podle CLP<\/a><\/span><\/span><span style=\"color: #000000; font-family: Calibri;\">), aby byla po\u017eadovan\u00e1 ochrann\u00e1 opat\u0159en\u00ed vyj\u00e1d\u0159ena p\u0159ehledn\u011bji.<\/span><\/li>\n<li style=\"text-align: justify;\"><span style=\"color: #000000; font-family: Calibri;\">Stanovuj\u00ed t\u0159\u00eddy nebezpe\u010dnosti, standardn\u00ed <a href=\"http:\/\/www.msds-europe.com\/cs\/standardni-vety-o-nebezpecnosti-h\/\">v\u011bty o nebezpe\u010dnosti H<\/a> a <a href=\"http:\/\/www.msds-europe.com\/cs\/pokyny-pro-bezpecne-zachazeni\/\">pokyny pro bezpe\u010dn\u00e9 zach\u00e1zen\u00ed P<\/a> pro danou sm\u011bs (na z\u00e1klad\u011b slo\u017eek a koncentra\u010dn\u00edch limit\u016f uveden\u00fdch v legislativ\u011b).<\/span><\/li>\n<li><span style=\"color: #000000; font-family: Calibri;\">Mohou zahrnovat i n\u011bkter\u00e9 funkce registra\u010dn\u00edch modul\u016f.<\/span><\/li>\n<\/ul>\n<p>&nbsp;<\/p>\n<h2><span style=\"color: #ff6600; font-family: Calibri;\">V\u00fdhody softwaru pro vytv\u00e1\u0159en\u00ed bezpe\u010dnostn\u00edch list\u016f<\/span><\/h2>\n<ul>\n<li><span style=\"color: #000000; font-family: Calibri;\">Dok\u00e1\u017ee zpracovat velk\u00fd po\u010det bezpe\u010dnostn\u00edch list\u016f.<\/span><\/li>\n<li><span style=\"color: #000000; font-family: Calibri;\">Dok\u00e1\u017ee p\u0159ekl\u00e1dat do v\u00edce jazyk\u016f (pokud jsou spolu s n\u00edm zakoupeny moduly pro p\u0159\u00edslu\u0161n\u00e9 jazyky).<\/span><\/li>\n<li><span style=\"color: #000000; font-family: Calibri;\">Rychlost.<\/span><\/li>\n<li style=\"text-align: justify;\"><span style=\"color: #000000; font-family: Calibri;\">P\u0159i velk\u00e9m objemu m\u016f\u017ee b\u00fdt n\u00e1kladov\u011b efektivn\u00ed (pokud pomineme p\u0159\u00edpadn\u00e9 \u0161kody vypl\u00fdvaj\u00edc\u00ed z odborn\u00fdch nedostatk\u016f).<\/span><\/li>\n<li style=\"text-align: justify;\"><span style=\"color: #000000; font-family: Calibri;\">Funkce evidence a organizace.<\/span><\/li>\n<\/ul>\n<p>&nbsp;<\/p>\n<h2 style=\"text-align: justify;\"><span style=\"color: #ff6600; font-family: Calibri;\">Nev\u00fdhody softwaru pro vytv\u00e1\u0159en\u00ed bezpe\u010dnostn\u00edch list\u016f<\/span><\/h2>\n<h3 style=\"text-align: justify;\"><span style=\"color: #333333; font-family: Calibri;\">Odborn\u00e9 nedostatky<\/span><\/h3>\n<ul>\n<li style=\"text-align: justify;\"><span style=\"color: #333333; font-family: Calibri;\">U\u017eivatel softwaru nese d\u016fsledky chyb, kter\u00e9 mohou vzniknout p\u0159i klasifikaci nebezpe\u010dnosti v\u00fdrobku.<\/span><\/li>\n<li style=\"text-align: justify;\"><span style=\"color: #333333; font-family: Calibri;\">Odborn\u00e9 nedostatky v \u201eorigin\u00e1lu\u201c bezpe\u010dnostn\u00edho listu budou do p\u0159elo\u017een\u00e9ho bezpe\u010dnostn\u00edho listu p\u0159evzaty bez opravy.<\/span><\/li>\n<li style=\"text-align: justify;\"><span style=\"color: #333333; font-family: Calibri;\">M\u016f\u017ee obsahovat nep\u0159elo\u017een\u00e9 \u010d\u00e1sti (nedok\u00e1\u017ee zpracovat v\u011bty, kter\u00e9 nep\u0159edstavuj\u00ed \u00faplnou shodu s v\u011btami ulo\u017een\u00fdmi v pam\u011bti).<\/span><\/li>\n<li style=\"text-align: justify;\"><span style=\"color: #333333; font-family: Calibri;\">M\u016f\u017ee obsahovat nespr\u00e1vn\u011b p\u0159elo\u017een\u00e9 v\u011bty, fr\u00e1ze nebo n\u00e1zvy l\u00e1tek; n\u011bkter\u00e9 n\u00e1stroje nav\u00edc pracuj\u00ed jen s omezen\u00fdm po\u010dtem p\u0159eddefinovan\u00fdch v\u011bt, co\u017e v\u00fdrazn\u011b sni\u017euje jejich praktickou vyu\u017eitelnost.<\/span><\/li>\n<li style=\"text-align: justify;\"><span style=\"color: #333333; font-family: Calibri;\">Neposkytuje chyb\u011bj\u00edc\u00ed \u00fadaje (nap\u0159. \u010d\u00edsla ES, limity expozice apod.).<\/span><\/li>\n<li style=\"text-align: justify;\"><span style=\"color: #333333; font-family: Calibri;\">Pracuje pouze na z\u00e1klad\u011b obecn\u00fdch pravidel EU a ignoruje men\u0161\u00ed i v\u011bt\u0161\u00ed odchylky n\u00e1rodn\u00edch p\u0159edpis\u016f c\u00edlov\u00e9 zem\u011b.<\/span><\/li>\n<\/ul>\n<p>&nbsp;<\/p>\n<h3><span style=\"color: #333333;\">Dal\u0161\u00ed neodborn\u00e9 nev\u00fdhody<\/span><\/h3>\n<ul>\n<li style=\"text-align: justify;\"><span style=\"color: #333333; font-family: Calibri;\">Nejde jen o jednor\u00e1zov\u00fd v\u00fddaj. Zakoupen\u00ed r\u016fzn\u00fdch jazykov\u00fdch modul\u016f a aktualizac\u00ed m\u016f\u017ee zp\u016fsobovat dodate\u010dn\u00e9 n\u00e1klady.<\/span><\/li>\n<li style=\"text-align: justify;\"><span style=\"color: #333333; font-family: Calibri;\">Software mus\u00ed b\u00fdt tak\u00e9 spravov\u00e1n, co\u017e vytv\u00e1\u0159\u00ed dal\u0161\u00ed n\u00e1klady na lidsk\u00e9 zdroje.<\/span><\/li>\n<li style=\"text-align: justify;\"><span style=\"color: #333333; font-family: Calibri;\">Jeho pou\u017eit\u00ed je n\u00e1kladov\u011b efektivn\u00ed pouze od ur\u010dit\u00e9ho po\u010dtu bezpe\u010dnostn\u00edch list\u016f.<\/span><\/li>\n<li style=\"text-align: justify;\"><span style=\"color: #333333; font-family: Calibri;\">U\u017eivatel dost\u00e1v\u00e1 pouze podporu k softwaru a nem\u00e1 se na koho obr\u00e1tit v p\u0159\u00edpad\u011b jin\u00fdch ot\u00e1zek t\u00fdkaj\u00edc\u00edch se chemick\u00e9 bezpe\u010dnosti.<\/span><\/li>\n<li style=\"text-align: justify;\"><span style=\"color: #333333; font-family: Calibri;\">V p\u0159\u00edpad\u011b potenci\u00e1ln\u00edch n\u00e1mitek ze strany \u00fa\u0159adu nebo obchodn\u00edho partnera neb\u00fdv\u00e1 dodavatel softwaru schopen zajistit odbornou opravu bezpe\u010dnostn\u00edho listu.<\/span><\/li>\n<\/ul>\n<h3><\/h3>\n<h3><span style=\"color: #333333;\">Nab\u00edzen\u00e9 slu\u017eby<\/span><\/h3>\n<ul>\n<li><a href=\"http:\/\/www.msds-europe.com\/cs\/preklad-bezpecnostniho-listu\/\">P\u0159eklad bezpe\u010dnostn\u00edho listu<\/a><\/li>\n<li><a href=\"http:\/\/www.msds-europe.com\/cs\/bezpecnostni-list-revize-aktualizace\/\">Revize a aktualizace bezpe\u010dnostn\u00edch list\u016f<\/a><\/li>\n<li><a href=\"http:\/\/www.msds-europe.com\/cs\/sestaveni-vytvoreni-bezpecnostniho-listu\/\">Sestaven\u00ed a vytvo\u0159en\u00ed bezpe\u010dnostn\u00edho listu<\/a><\/li>\n<li><a href=\"http:\/\/www.msds-europe.com\/cs\/expresni-sluzby-bezpecnostni-listy\/\">Expresn\u00ed slu\u017eby pro bezpe\u010dnostn\u00ed listy do 24 hodin<\/a><\/li>\n<li><a href=\"http:\/\/www.msds-europe.com\/cs\/vytvoreni-navrhu-etikety\/\">Vytvo\u0159en\u00ed n\u00e1vrhu etikety<\/a><\/li>\n<\/ul>\n<p>&nbsp;<\/p>\n<h3><span style=\"color: #333333;\">Rychl\u00e9 ot\u00e1zky a odpov\u011bdi<\/span><\/h3>\n<div class=\"su-spoiler su-spoiler-style-fancy su-spoiler-icon-chevron su-spoiler-closed\" data-scroll-offset=\"0\" data-anchor-in-url=\"no\"><div class=\"su-spoiler-title\" tabindex=\"0\" role=\"button\"><span class=\"su-spoiler-icon\"><\/span>Je rychlej\u0161\u00ed vytvo\u0159it bezpe\u010dnostn\u00ed list pomoc\u00ed softwaru ne\u017e s odborn\u00edkem?<\/div><div class=\"su-spoiler-content su-u-clearfix su-u-trim\">\n<p style=\"text-align: justify;\">Ano, ale software \u010dasto p\u0159en\u00e1\u0161\u00ed technick\u00e9 chyby beze zm\u011bny, tak\u017ee to ve v\u00fdsledku m\u016f\u017ee st\u00e1t v\u00edce \u010dasu i pen\u011bz.<\/p>\n<\/div><\/div>\n<div class=\"su-spoiler su-spoiler-style-fancy su-spoiler-icon-chevron su-spoiler-closed\" data-scroll-offset=\"0\" data-anchor-in-url=\"no\"><div class=\"su-spoiler-title\" tabindex=\"0\" role=\"button\"><span class=\"su-spoiler-icon\"><\/span>Kdo nese odpov\u011bdnost za nespr\u00e1vnou klasifikaci nebezpe\u010dnosti p\u0159i pou\u017eit\u00ed softwaru?<\/div><div class=\"su-spoiler-content su-u-clearfix su-u-trim\">\n<p style=\"text-align: justify;\">Ve\u0161ker\u00e1 pr\u00e1vn\u00ed odpov\u011bdnost le\u017e\u00ed na spole\u010dnosti, kter\u00e1 software pou\u017e\u00edv\u00e1, nikoli na dodavateli programu.<\/p>\n<\/div><\/div>\n<div class=\"su-spoiler su-spoiler-style-fancy su-spoiler-icon-chevron su-spoiler-closed\" data-scroll-offset=\"0\" data-anchor-in-url=\"no\"><div class=\"su-spoiler-title\" tabindex=\"0\" role=\"button\"><span class=\"su-spoiler-icon\"><\/span>Kdy m\u016f\u017ee b\u00fdt software pro tvorbu bezpe\u010dnostn\u00edch list\u016f st\u00e1le n\u00e1kladov\u011b efektivn\u00ed?<\/div><div class=\"su-spoiler-content su-u-clearfix su-u-trim\">\n<p style=\"text-align: justify;\">Obvykle jen p\u0159i velmi rozs\u00e1hl\u00e9m portfoliu bezpe\u010dnostn\u00edch list\u016f a sou\u010dasn\u011b p\u0159i dostate\u010dn\u00fdch intern\u00edch odborn\u00fdch znalostech v oblasti chemick\u00e9 bezpe\u010dnosti.<\/p>\n<\/div><\/div>\n<p>\u00a0<\/p>\n","protected":false},"excerpt":{"rendered":"<p>N\u00e1\u0161 \u010dl\u00e1nek o v\u00fdhod\u00e1ch a nev\u00fdhod\u00e1ch softwaru na vytv\u00e1\u0159en\u00ed bezpe\u010dnostn\u00edch list\u016f.<\/p>\n","protected":false},"author":2,"featured_media":0,"parent":0,"menu_order":0,"comment_status":"closed","ping_status":"closed","template":"","meta":{"_acf_changed":false,"footnotes":""},"tags":[244,358],"class_list":["post-3838","page","type-page","status-publish","hentry","tag-bezpecnostni-list-cs","tag-zakladna-vedomosti-pro-bezpecnostni-listy-cs"],"acf":[],"yoast_head":"<!-- This site is optimized with the Yoast SEO plugin v27.2 - https:\/\/yoast.com\/product\/yoast-seo-wordpress\/ -->\n<title>V\u00fdhody a nev\u00fdhody softwaru na vytv\u00e1\u0159en\u00ed bezpe\u010dnostn\u00edch list\u016f<\/title>\n<meta name=\"description\" content=\"P\u0159ed pou\u017eit\u00edm software SDS zva\u017ete odbornost, n\u00e1klady, aktualizace a pr\u00e1vn\u00ed rizika; za 20 let jsme zkoumali stovky strojov\u011b psan\u00fdch SDS.\" \/>\n<meta name=\"robots\" content=\"index, follow, max-snippet:-1, max-image-preview:large, max-video-preview:-1\" \/>\n<link rel=\"canonical\" href=\"https:\/\/www.msds-europe.com\/cs\/softwaru-vytvareni-bezpecnostnich-listu\/\" \/>\n<meta property=\"og:locale\" content=\"cs_CZ\" \/>\n<meta property=\"og:type\" content=\"article\" \/>\n<meta property=\"og:title\" content=\"V\u00fdhody a nev\u00fdhody softwaru na vytv\u00e1\u0159en\u00ed bezpe\u010dnostn\u00edch list\u016f\" \/>\n<meta property=\"og:description\" content=\"P\u0159ed pou\u017eit\u00edm software SDS zva\u017ete odbornost, n\u00e1klady, aktualizace a pr\u00e1vn\u00ed rizika; za 20 let jsme zkoumali stovky strojov\u011b psan\u00fdch SDS.\" \/>\n<meta property=\"og:url\" content=\"https:\/\/www.msds-europe.com\/cs\/softwaru-vytvareni-bezpecnostnich-listu\/\" \/>\n<meta property=\"og:site_name\" content=\"MSDS Europe\" \/>\n<meta property=\"article:publisher\" content=\"https:\/\/www.facebook.com\/toxinfokft\/\" \/>\n<meta property=\"article:modified_time\" content=\"2026-02-25T10:40:45+00:00\" \/>\n<meta name=\"twitter:card\" content=\"summary_large_image\" \/>\n<meta name=\"twitter:site\" content=\"@ToxInfoKft\" \/>\n<meta name=\"twitter:label1\" content=\"Odhadovan\u00e1 doba \u010dten\u00ed\" \/>\n\t<meta name=\"twitter:data1\" content=\"3 minuty\" \/>\n<script type=\"application\/ld+json\" class=\"yoast-schema-graph\">{\"@context\":\"https:\/\/schema.org\",\"@graph\":[{\"@type\":\"WebPage\",\"@id\":\"https:\/\/www.msds-europe.com\/cs\/softwaru-vytvareni-bezpecnostnich-listu\/\",\"url\":\"https:\/\/www.msds-europe.com\/cs\/softwaru-vytvareni-bezpecnostnich-listu\/\",\"name\":\"V\u00fdhody a nev\u00fdhody softwaru na vytv\u00e1\u0159en\u00ed bezpe\u010dnostn\u00edch list\u016f\",\"isPartOf\":{\"@id\":\"https:\/\/www.msds-europe.com\/es\/#website\"},\"datePublished\":\"2018-05-16T09:06:57+00:00\",\"dateModified\":\"2026-02-25T10:40:45+00:00\",\"description\":\"P\u0159ed pou\u017eit\u00edm software SDS zva\u017ete odbornost, n\u00e1klady, aktualizace a pr\u00e1vn\u00ed rizika; za 20 let jsme zkoumali stovky strojov\u011b psan\u00fdch SDS.\",\"breadcrumb\":{\"@id\":\"https:\/\/www.msds-europe.com\/cs\/softwaru-vytvareni-bezpecnostnich-listu\/#breadcrumb\"},\"inLanguage\":\"cs\",\"potentialAction\":[{\"@type\":\"ReadAction\",\"target\":[\"https:\/\/www.msds-europe.com\/cs\/softwaru-vytvareni-bezpecnostnich-listu\/\"]}]},{\"@type\":\"BreadcrumbList\",\"@id\":\"https:\/\/www.msds-europe.com\/cs\/softwaru-vytvareni-bezpecnostnich-listu\/#breadcrumb\",\"itemListElement\":[{\"@type\":\"ListItem\",\"position\":1,\"name\":\"F\u0151oldal\",\"item\":\"https:\/\/www.msds-europe.com\/cs\/\"},{\"@type\":\"ListItem\",\"position\":2,\"name\":\"Software na vytv\u00e1\u0159en\u00ed bezpe\u010dnostn\u00edch list\u016f\"}]},{\"@type\":\"WebSite\",\"@id\":\"https:\/\/www.msds-europe.com\/es\/#website\",\"url\":\"https:\/\/www.msds-europe.com\/es\/\",\"name\":\"MSDS Europe\",\"description\":\"\",\"publisher\":{\"@id\":\"https:\/\/www.msds-europe.com\/es\/#organization\"},\"potentialAction\":[{\"@type\":\"SearchAction\",\"target\":{\"@type\":\"EntryPoint\",\"urlTemplate\":\"https:\/\/www.msds-europe.com\/es\/?s={search_term_string}\"},\"query-input\":{\"@type\":\"PropertyValueSpecification\",\"valueRequired\":true,\"valueName\":\"search_term_string\"}}],\"inLanguage\":\"cs\"},{\"@type\":\"Organization\",\"@id\":\"https:\/\/www.msds-europe.com\/es\/#organization\",\"name\":\"MSDS-Europe International branch of ToxInfo\",\"url\":\"https:\/\/www.msds-europe.com\/es\/\",\"logo\":{\"@type\":\"ImageObject\",\"inLanguage\":\"cs\",\"@id\":\"https:\/\/www.msds-europe.com\/es\/#\/schema\/logo\/image\/\",\"url\":\"https:\/\/www.msds-europe.com\/wp-content\/uploads\/2021\/04\/msds-europe-logo.jpg\",\"contentUrl\":\"https:\/\/www.msds-europe.com\/wp-content\/uploads\/2021\/04\/msds-europe-logo.jpg\",\"width\":2296,\"height\":1067,\"caption\":\"MSDS-Europe International branch of ToxInfo\"},\"image\":{\"@id\":\"https:\/\/www.msds-europe.com\/es\/#\/schema\/logo\/image\/\"},\"sameAs\":[\"https:\/\/www.facebook.com\/toxinfokft\/\",\"https:\/\/x.com\/ToxInfoKft\"]}]}<\/script>\n<!-- \/ Yoast SEO plugin. -->","yoast_head_json":{"title":"V\u00fdhody a nev\u00fdhody softwaru na vytv\u00e1\u0159en\u00ed bezpe\u010dnostn\u00edch list\u016f","description":"P\u0159ed pou\u017eit\u00edm software SDS zva\u017ete odbornost, n\u00e1klady, aktualizace a pr\u00e1vn\u00ed rizika; za 20 let jsme zkoumali stovky strojov\u011b psan\u00fdch SDS.","robots":{"index":"index","follow":"follow","max-snippet":"max-snippet:-1","max-image-preview":"max-image-preview:large","max-video-preview":"max-video-preview:-1"},"canonical":"https:\/\/www.msds-europe.com\/cs\/softwaru-vytvareni-bezpecnostnich-listu\/","og_locale":"cs_CZ","og_type":"article","og_title":"V\u00fdhody a nev\u00fdhody softwaru na vytv\u00e1\u0159en\u00ed bezpe\u010dnostn\u00edch list\u016f","og_description":"P\u0159ed pou\u017eit\u00edm software SDS zva\u017ete odbornost, n\u00e1klady, aktualizace a pr\u00e1vn\u00ed rizika; za 20 let jsme zkoumali stovky strojov\u011b psan\u00fdch SDS.","og_url":"https:\/\/www.msds-europe.com\/cs\/softwaru-vytvareni-bezpecnostnich-listu\/","og_site_name":"MSDS Europe","article_publisher":"https:\/\/www.facebook.com\/toxinfokft\/","article_modified_time":"2026-02-25T10:40:45+00:00","twitter_card":"summary_large_image","twitter_site":"@ToxInfoKft","twitter_misc":{"Odhadovan\u00e1 doba \u010dten\u00ed":"3 minuty"},"schema":{"@context":"https:\/\/schema.org","@graph":[{"@type":"WebPage","@id":"https:\/\/www.msds-europe.com\/cs\/softwaru-vytvareni-bezpecnostnich-listu\/","url":"https:\/\/www.msds-europe.com\/cs\/softwaru-vytvareni-bezpecnostnich-listu\/","name":"V\u00fdhody a nev\u00fdhody softwaru na vytv\u00e1\u0159en\u00ed bezpe\u010dnostn\u00edch list\u016f","isPartOf":{"@id":"https:\/\/www.msds-europe.com\/es\/#website"},"datePublished":"2018-05-16T09:06:57+00:00","dateModified":"2026-02-25T10:40:45+00:00","description":"P\u0159ed pou\u017eit\u00edm software SDS zva\u017ete odbornost, n\u00e1klady, aktualizace a pr\u00e1vn\u00ed rizika; za 20 let jsme zkoumali stovky strojov\u011b psan\u00fdch SDS.","breadcrumb":{"@id":"https:\/\/www.msds-europe.com\/cs\/softwaru-vytvareni-bezpecnostnich-listu\/#breadcrumb"},"inLanguage":"cs","potentialAction":[{"@type":"ReadAction","target":["https:\/\/www.msds-europe.com\/cs\/softwaru-vytvareni-bezpecnostnich-listu\/"]}]},{"@type":"BreadcrumbList","@id":"https:\/\/www.msds-europe.com\/cs\/softwaru-vytvareni-bezpecnostnich-listu\/#breadcrumb","itemListElement":[{"@type":"ListItem","position":1,"name":"F\u0151oldal","item":"https:\/\/www.msds-europe.com\/cs\/"},{"@type":"ListItem","position":2,"name":"Software na vytv\u00e1\u0159en\u00ed bezpe\u010dnostn\u00edch list\u016f"}]},{"@type":"WebSite","@id":"https:\/\/www.msds-europe.com\/es\/#website","url":"https:\/\/www.msds-europe.com\/es\/","name":"MSDS Europe","description":"","publisher":{"@id":"https:\/\/www.msds-europe.com\/es\/#organization"},"potentialAction":[{"@type":"SearchAction","target":{"@type":"EntryPoint","urlTemplate":"https:\/\/www.msds-europe.com\/es\/?s={search_term_string}"},"query-input":{"@type":"PropertyValueSpecification","valueRequired":true,"valueName":"search_term_string"}}],"inLanguage":"cs"},{"@type":"Organization","@id":"https:\/\/www.msds-europe.com\/es\/#organization","name":"MSDS-Europe International branch of ToxInfo","url":"https:\/\/www.msds-europe.com\/es\/","logo":{"@type":"ImageObject","inLanguage":"cs","@id":"https:\/\/www.msds-europe.com\/es\/#\/schema\/logo\/image\/","url":"https:\/\/www.msds-europe.com\/wp-content\/uploads\/2021\/04\/msds-europe-logo.jpg","contentUrl":"https:\/\/www.msds-europe.com\/wp-content\/uploads\/2021\/04\/msds-europe-logo.jpg","width":2296,"height":1067,"caption":"MSDS-Europe International branch of ToxInfo"},"image":{"@id":"https:\/\/www.msds-europe.com\/es\/#\/schema\/logo\/image\/"},"sameAs":["https:\/\/www.facebook.com\/toxinfokft\/","https:\/\/x.com\/ToxInfoKft"]}]}},"_links":{"self":[{"href":"https:\/\/www.msds-europe.com\/cs\/wp-json\/wp\/v2\/pages\/3838","targetHints":{"allow":["GET"]}}],"collection":[{"href":"https:\/\/www.msds-europe.com\/cs\/wp-json\/wp\/v2\/pages"}],"about":[{"href":"https:\/\/www.msds-europe.com\/cs\/wp-json\/wp\/v2\/types\/page"}],"author":[{"embeddable":true,"href":"https:\/\/www.msds-europe.com\/cs\/wp-json\/wp\/v2\/users\/2"}],"replies":[{"embeddable":true,"href":"https:\/\/www.msds-europe.com\/cs\/wp-json\/wp\/v2\/comments?post=3838"}],"version-history":[{"count":17,"href":"https:\/\/www.msds-europe.com\/cs\/wp-json\/wp\/v2\/pages\/3838\/revisions"}],"predecessor-version":[{"id":37821,"href":"https:\/\/www.msds-europe.com\/cs\/wp-json\/wp\/v2\/pages\/3838\/revisions\/37821"}],"wp:attachment":[{"href":"https:\/\/www.msds-europe.com\/cs\/wp-json\/wp\/v2\/media?parent=3838"}],"wp:term":[{"taxonomy":"post_tag","embeddable":true,"href":"https:\/\/www.msds-europe.com\/cs\/wp-json\/wp\/v2\/tags?post=3838"}],"curies":[{"name":"wp","href":"https:\/\/api.w.org\/{rel}","templated":true}]}}