{"id":3825,"date":"2018-05-15T11:34:03","date_gmt":"2018-05-15T11:34:03","guid":{"rendered":"http:\/\/www.msds-europe.com\/uzitecne-zakladni-materialy-a-prirucky-pro-bezpecnostni-listy\/"},"modified":"2026-03-11T13:41:06","modified_gmt":"2026-03-11T13:41:06","slug":"zakladna-vedomostibezpecnostni-listy","status":"publish","type":"page","link":"https:\/\/www.msds-europe.com\/cs\/zakladna-vedomostibezpecnostni-listy\/","title":{"rendered":"U\u017eite\u010dn\u00e9 z\u00e1kladn\u00ed materi\u00e1ly a p\u0159\u00edru\u010dky pro bezpe\u010dnostn\u00ed listy"},"content":{"rendered":"<p style=\"text-align: right;\"><em><a href=\"http:\/\/www.msds-europe.com\/cs\/\">MSDS-Europe<\/a><span style=\"color: #000000; font-family: Calibri;\"> \u2013 Z\u00e1kladna v\u011bdomost\u00ed pro bezpe\u010dnostn\u00ed listy<\/span><\/em><\/p>\n<p>&nbsp;<\/p>\n<p style=\"text-align: justify;\"><span style=\"color: #000000; font-family: Calibri;\">Z\u00e1kladna v\u011bdomost\u00ed pro bezpe\u010dnostn\u00ed listy poskytuje podporu p\u0159i porozum\u011bn\u00ed <a href=\"https:\/\/www.msds-europe.com\/cs\/definice-bezpecnostniho-listu\/\">bezpe\u010dnostn\u00edmu listu<\/a> a souvisej\u00edc\u00edm <a href=\"https:\/\/www.msds-europe.com\/cs\/regulacni-zmeny-v-oblasti-chemicke-bezpecnosti\/\">regulatorn\u00edm po\u017eadavk\u016fm<\/a>.<\/span><\/p>\n<p>&nbsp;<\/p>\n<h2 style=\"text-align: justify;\"><span style=\"font-family: Calibri;\">\u00da\u010del z\u00e1kladny v\u011bdomost\u00ed pro bezpe\u010dnostn\u00ed listy<\/span><\/h2>\n<p style=\"text-align: justify;\">Prost\u0159ednictv\u00edm t\u00e9to z\u00e1kladny v\u011bdomost\u00ed chceme podpo\u0159it pr\u00e1ci spole\u010dnost\u00ed, kter\u00e9 pou\u017e\u00edvaj\u00ed nebezpe\u010dn\u00e9 sm\u011bsi a materi\u00e1ly.<\/p>\n<p style=\"text-align: justify;\">Publikujeme zejm\u00e9na \u010dl\u00e1nky v kategorii z\u00e1kladna v\u011bdomost\u00ed pro bezpe\u010dnostn\u00ed listy, kter\u00e9 upozor\u0148uj\u00ed na z\u00e1kladn\u00ed povinnosti v oblasti bezpe\u010dnostn\u00edch list\u016f nebo mohou slou\u017eit jako bezprost\u0159edn\u00ed zdroj informac\u00ed, ani\u017e by bylo nutn\u00e9 d\u016fkladn\u011b studovat p\u0159\u00edslu\u0161n\u00e9 p\u0159edpisy.<\/p>\n<p style=\"text-align: justify;\">Rozpozn\u00e1n\u00ed povinnost\u00ed a \u00fakol\u016f souvisej\u00edc\u00edch s bezpe\u010dnostn\u00edmi listy p\u0159edstavuje pouze prvn\u00ed krok.<br \/>\nVhodn\u00e1 z\u00e1kladna v\u011bdomost\u00ed je pot\u0159ebn\u00e1 pro p\u0159\u00edpravu konkr\u00e9tn\u00ed strategie \u0159e\u0161en\u00ed za \u00fa\u010delem posouzen\u00ed odpov\u00eddaj\u00edc\u00ed pot\u0159eby lidsk\u00fdch zdroj\u016f nebo extern\u00ed asistence.<br \/>\nV p\u0159\u00edpad\u011b najmut\u00ed spole\u010dnosti poskytuj\u00edc\u00ed poradenstv\u00ed\/slu\u017eby je nutn\u00e9 zn\u00e1t p\u0159\u00edslu\u0161n\u00e9 p\u0159edpisy v takov\u00e9 m\u00ed\u0159e, v n\u00ed\u017e je mo\u017en\u00e9 kvalifikovat a \u0159\u00eddit prov\u00e1d\u011bn\u00e9 pr\u00e1ce (nebo vyu\u017e\u00edvan\u00e9 slu\u017eby).<\/p>\n<p style=\"text-align: justify;\"><strong>Upozorn\u011bn\u00ed!<\/strong><br \/>\nN\u011bkter\u00e9 \u010dl\u00e1nky v \u201eZ\u00e1kladn\u011b v\u011bdomost\u00ed pro bezpe\u010dnostn\u00ed listy\u201c nemus\u00ed nutn\u011b zohled\u0148ovat v\u0161echny prvky chemick\u00e9 bezpe\u010dnosti (z d\u016fvodu lep\u0161\u00ed srozumitelnosti), a proto mohou obsahovat n\u011bkter\u00e9 zjednodu\u0161en\u00e9 formulace.<br \/>\nV ka\u017ed\u00e9m p\u0159\u00edpad\u011b je nutn\u00e9 definovat \u00fakoly t\u00fdkaj\u00edc\u00ed se chemick\u00e9 bezpe\u010dnosti konkr\u00e9tn\u011b pro p\u0159\u00edslu\u0161nou spole\u010dnost a za autentick\u00e9 lze pova\u017eovat pouze texty p\u0159\u00edslu\u0161n\u00fdch p\u0159edpis\u016f!<\/p>\n<p style=\"text-align: justify;\">P\u0159e\u010dt\u011bte si nejnov\u011bj\u0161\u00ed p\u0159edpisy v oblasti chemick\u00e9 bezpe\u010dnosti v \u201e<a href=\"https:\/\/www.msds-europe.com\/cs\/regulacni-zmeny-v-oblasti-chemicke-bezpecnosti\/\">Monitoru legislativn\u00edch zm\u011bn<\/a>\u201c.<\/p>\n<p style=\"text-align: justify;\"><span style=\"color: #000000; font-family: Calibri;\">\u00a0<\/span><\/p>\n<p><em><span style=\"color: #333333;\">Nejnov\u011bj\u0161\u00ed \u010dl\u00e1nky z kategorie z\u00e1kladny v\u011bdomost\u00ed pro bezpe\u010dnostn\u00ed listy<\/span><\/em><\/p>\n<ul>\n<li><a href=\"https:\/\/www.msds-europe.com\/cs\/sds-jazykove-pozadavky\/\"><em>Jazyk bezpe\u010dnostn\u00edho listu v EU \u2013 v jak\u00e9m jazyce je SDS povinn\u00e9 poskytovat?<\/em><\/a><\/li>\n<li><a href=\"https:\/\/www.msds-europe.com\/cs\/sds-informacni-zdroje-databaze\/\"><em>U\u017eite\u010dn\u00e9 informa\u010dn\u00ed zdroje a datab\u00e1ze pro p\u0159\u00edpravu SDS<\/em><\/a><\/li>\n<li><a href=\"https:\/\/www.msds-europe.com\/cs\/clp-2026-tridy-nebezpecnosti-smesi-sds-oznacovani\/\"><em>CLP 2026: nov\u00e9 t\u0159\u00eddy nebezpe\u010dnosti pro sm\u011bsi \u2013 kroky v oblasti SDS a ozna\u010dov\u00e1n\u00ed<\/em><\/a><\/li>\n<li><a href=\"https:\/\/www.msds-europe.com\/cs\/sds-oddil-1-identifikator-vyrobku-smesi-ufi\/\"><em>SDS odd\u00edl 1: identifik\u00e1tor v\u00fdrobku a UFI<\/em><\/a><\/li>\n<\/ul>\n<p style=\"text-align: justify;\"><span style=\"color: #000000; font-family: Calibri;\">\u00a0<\/span><\/p>\n<h4><span style=\"color: #333333;\">Dal\u0161\u00ed u\u017eite\u010dn\u00e9 \u010dl\u00e1nky<a href=\"https:\/\/www.msds-europe.com\/cs\/kompas-k-chemical-safety\/\"><img decoding=\"async\" class=\"alignright size-full wp-image-36398\" src=\"https:\/\/www.msds-europe.com\/wp-content\/uploads\/2026\/02\/Kompas-k-chemicke-bezpecnosti.jpg\" alt=\"\" width=\"300\" height=\"180\" \/><\/a><\/span><\/h4>\n<h3>Kompas pro chemickou bezpe\u010dnost<\/h3>\n<p><strong>Chemick\u00e1 bezpe\u010dnost srozumiteln\u00fdm jazykem.<\/strong><\/p>\n<p style=\"text-align: justify;\">P\u0159\u00edstupn\u00e9 \u010dl\u00e1nky o chemick\u00e9 bezpe\u010dnosti psan\u00e9 srozumiteln\u011b \u2014 s u\u017eite\u010dn\u00fdmi souvislostmi a praktickou anal\u00fdzou.<\/p>\n<p><em>Novinky v <a href=\"https:\/\/www.msds-europe.com\/cs\/kompas-k-chemical-safety\/\">Kompasu pro chemickou bezpe\u010dnost<\/a>:<\/em><\/p>\n<ul>\n<li><a href=\"https:\/\/www.msds-europe.com\/cs\/kompas-k-chemical-safety\/#firefighting-foams\"><em>Postupn\u00e9 ukon\u010den\u00ed pou\u017e\u00edv\u00e1n\u00ed hasic\u00edch p\u011bn obsahuj\u00edc\u00edch PFAS: term\u00edny, p\u0159echod a nakl\u00e1d\u00e1n\u00ed s odpady<\/em><\/a><\/li>\n<li><a href=\"https:\/\/www.msds-europe.com\/cs\/kompas-k-chemical-safety\/#clp-trap\"><em>Past CLP pro v\u00fdrobce sm\u011bs\u00ed v roce 2026: term\u00edny pro l\u00e1tky a sm\u011bsi a body k \u0159e\u0161en\u00ed<\/em><\/a><\/li>\n<li><a href=\"https:\/\/www.msds-europe.com\/cs\/kompas-k-chemical-safety\/#digitalni-stitek\"><em>Digit\u00e1ln\u00ed \u0161t\u00edtek podle CLP: povinnosti, firemn\u00ed kroky a technick\u00e1 implementace (QR k\u00f3d)<\/em><\/a><\/li>\n<li><a href=\"https:\/\/www.msds-europe.com\/cs\/kompas-k-chemical-safety\/#kalendar-2026\"><em>Kalend\u00e1\u0159 2026 term\u00edn\u016f a opat\u0159en\u00ed v oblasti chemick\u00e9 bezpe\u010dnosti<\/em><\/a><\/li>\n<li><a href=\"https:\/\/www.msds-europe.com\/cs\/kompas-k-chemical-safety\/#online-reklama\"><em>Nov\u00e1 pravidla CLP pro e-shopy: ozna\u010dov\u00e1n\u00ed a reklama<\/em><\/a><\/li>\n<\/ul>\n<p>&nbsp;<\/p>\n<h3>Bezplatn\u00e1 konzultace online<\/h3>\n<p style=\"text-align: justify;\">Pokud jste na na\u0161ich webov\u00fdch str\u00e1nk\u00e1ch nena\u0161li informace, kter\u00e9 pot\u0159ebujete, polo\u017ete svou ot\u00e1zku ohledn\u011b bezpe\u010dnostn\u00edch list\u016f p\u0159\u00edmo na\u0161emu odborn\u00edkovi.<\/p>\n<p style=\"text-align: justify;\">K odesl\u00e1n\u00ed dotazu pou\u017eijte pros\u00edm n\u00e1sleduj\u00edc\u00ed aplikaci pro odes\u00edl\u00e1n\u00ed zpr\u00e1v:<br \/>\n<a href=\"https:\/\/www.msds-europe.com\/cs\/online-konzultace\/\">Bezplatn\u00e1 konzultace online<\/a><\/p>\n<p style=\"text-align: justify;\"><span style=\"color: #000000; font-family: Calibri;\">\u00a0<\/span><\/p>\n<h3 style=\"text-align: justify;\">Na\u0161e slu\u017eby<\/h3>\n<p style=\"text-align: justify;\">Za \u00fa\u010delem \u0159e\u0161en\u00ed probl\u00e9m\u016f a povinnost\u00ed souvisej\u00edc\u00edch s bezpe\u010dnostn\u00edmi listy doporu\u010dujeme na\u0161e slu\u017eby <a href=\"https:\/\/www.msds-europe.com\/cs\/sestaveni-vytvoreni-bezpecnostniho-listu\/\">tvorby<\/a>, <a href=\"https:\/\/www.msds-europe.com\/cs\/preklad-bezpecnostniho-listu\/\">p\u0159ekladu<\/a> a <a href=\"https:\/\/www.msds-europe.com\/cs\/bezpecnostni-list-revize-aktualizace\/\">revize<\/a> bezpe\u010dnostn\u00edch list\u016f.<\/p>\n<p>&nbsp;<\/p>\n","protected":false},"excerpt":{"rendered":"<p>Souhrn u\u017eite\u010dn\u00fdch z\u00e1kladn\u00edch materi\u00e1l\u016f a p\u0159\u00edru\u010dek pro v\u00fdklad a p\u0159\u00edpravu bezpe\u010dnostn\u00edch list\u016f.<\/p>\n","protected":false},"author":2,"featured_media":0,"parent":0,"menu_order":0,"comment_status":"closed","ping_status":"closed","template":"page-category.php","meta":{"_acf_changed":false,"footnotes":""},"tags":[244,295,358],"class_list":["post-3825","page","type-page","status-publish","hentry","tag-bezpecnostni-list-cs","tag-zakladna-vedomosti-cs","tag-zakladna-vedomosti-pro-bezpecnostni-listy-cs"],"acf":[],"yoast_head":"<!-- This site is optimized with the Yoast SEO plugin v27.2 - https:\/\/yoast.com\/product\/yoast-seo-wordpress\/ -->\n<title>Bezpe\u010dnostn\u00ed list \u2013 u\u017eite\u010dn\u00e9 informace pro bezpe\u010dnostn\u00ed listy<\/title>\n<meta name=\"description\" content=\"Z\u00e1kladna v\u011bdomost\u00ed pro bezpe\u010dnostn\u00ed listy je soubor u\u017eite\u010dn\u00fdch z\u00e1kladn\u00edch materi\u00e1l\u016f a p\u0159\u00edru\u010dek. U\u017eite\u010dn\u00e9 \u010dl\u00e1nky v z\u00e1klad\u011b v\u011bdomost\u00ed pro v\u00fdklad bezpe\u010dnostn\u00edch list\u016f a souvisej\u00edc\u00edch regula\u010dn\u00edch po\u017eadavk\u016f.\" \/>\n<meta name=\"robots\" content=\"index, follow, max-snippet:-1, max-image-preview:large, max-video-preview:-1\" \/>\n<link rel=\"canonical\" href=\"https:\/\/www.msds-europe.com\/cs\/zakladna-vedomostibezpecnostni-listy\/\" \/>\n<meta property=\"og:locale\" content=\"cs_CZ\" \/>\n<meta property=\"og:type\" content=\"article\" \/>\n<meta property=\"og:title\" content=\"Bezpe\u010dnostn\u00ed list \u2013 u\u017eite\u010dn\u00e9 informace pro bezpe\u010dnostn\u00ed listy\" \/>\n<meta property=\"og:description\" content=\"Z\u00e1kladna v\u011bdomost\u00ed pro bezpe\u010dnostn\u00ed listy je soubor u\u017eite\u010dn\u00fdch z\u00e1kladn\u00edch materi\u00e1l\u016f a p\u0159\u00edru\u010dek. U\u017eite\u010dn\u00e9 \u010dl\u00e1nky v z\u00e1klad\u011b v\u011bdomost\u00ed pro v\u00fdklad bezpe\u010dnostn\u00edch list\u016f a souvisej\u00edc\u00edch regula\u010dn\u00edch po\u017eadavk\u016f.\" \/>\n<meta property=\"og:url\" content=\"https:\/\/www.msds-europe.com\/cs\/zakladna-vedomostibezpecnostni-listy\/\" \/>\n<meta property=\"og:site_name\" content=\"MSDS Europe\" \/>\n<meta property=\"article:publisher\" content=\"https:\/\/www.facebook.com\/toxinfokft\/\" \/>\n<meta property=\"article:modified_time\" content=\"2026-03-11T13:41:06+00:00\" \/>\n<meta property=\"og:image\" content=\"https:\/\/www.msds-europe.com\/wp-content\/uploads\/2026\/02\/Kompas-k-chemicke-bezpecnosti.jpg\" \/>\n\t<meta property=\"og:image:width\" content=\"300\" \/>\n\t<meta property=\"og:image:height\" content=\"180\" \/>\n\t<meta property=\"og:image:type\" content=\"image\/jpeg\" \/>\n<meta name=\"twitter:card\" content=\"summary_large_image\" \/>\n<meta name=\"twitter:site\" content=\"@ToxInfoKft\" \/>\n<meta name=\"twitter:label1\" content=\"Odhadovan\u00e1 doba \u010dten\u00ed\" \/>\n\t<meta name=\"twitter:data1\" content=\"3 minuty\" \/>\n<script type=\"application\/ld+json\" class=\"yoast-schema-graph\">{\"@context\":\"https:\/\/schema.org\",\"@graph\":[{\"@type\":\"WebPage\",\"@id\":\"https:\/\/www.msds-europe.com\/cs\/zakladna-vedomostibezpecnostni-listy\/\",\"url\":\"https:\/\/www.msds-europe.com\/cs\/zakladna-vedomostibezpecnostni-listy\/\",\"name\":\"Bezpe\u010dnostn\u00ed list \u2013 u\u017eite\u010dn\u00e9 informace pro bezpe\u010dnostn\u00ed listy\",\"isPartOf\":{\"@id\":\"https:\/\/www.msds-europe.com\/es\/#website\"},\"primaryImageOfPage\":{\"@id\":\"https:\/\/www.msds-europe.com\/cs\/zakladna-vedomostibezpecnostni-listy\/#primaryimage\"},\"image\":{\"@id\":\"https:\/\/www.msds-europe.com\/cs\/zakladna-vedomostibezpecnostni-listy\/#primaryimage\"},\"thumbnailUrl\":\"https:\/\/www.msds-europe.com\/wp-content\/uploads\/2026\/02\/Kompas-k-chemicke-bezpecnosti.jpg\",\"datePublished\":\"2018-05-15T11:34:03+00:00\",\"dateModified\":\"2026-03-11T13:41:06+00:00\",\"description\":\"Z\u00e1kladna v\u011bdomost\u00ed pro bezpe\u010dnostn\u00ed listy je soubor u\u017eite\u010dn\u00fdch z\u00e1kladn\u00edch materi\u00e1l\u016f a p\u0159\u00edru\u010dek. U\u017eite\u010dn\u00e9 \u010dl\u00e1nky v z\u00e1klad\u011b v\u011bdomost\u00ed pro v\u00fdklad bezpe\u010dnostn\u00edch list\u016f a souvisej\u00edc\u00edch regula\u010dn\u00edch po\u017eadavk\u016f.\",\"breadcrumb\":{\"@id\":\"https:\/\/www.msds-europe.com\/cs\/zakladna-vedomostibezpecnostni-listy\/#breadcrumb\"},\"inLanguage\":\"cs\",\"potentialAction\":[{\"@type\":\"ReadAction\",\"target\":[\"https:\/\/www.msds-europe.com\/cs\/zakladna-vedomostibezpecnostni-listy\/\"]}]},{\"@type\":\"ImageObject\",\"inLanguage\":\"cs\",\"@id\":\"https:\/\/www.msds-europe.com\/cs\/zakladna-vedomostibezpecnostni-listy\/#primaryimage\",\"url\":\"https:\/\/www.msds-europe.com\/wp-content\/uploads\/2026\/02\/Kompas-k-chemicke-bezpecnosti.jpg\",\"contentUrl\":\"https:\/\/www.msds-europe.com\/wp-content\/uploads\/2026\/02\/Kompas-k-chemicke-bezpecnosti.jpg\"},{\"@type\":\"BreadcrumbList\",\"@id\":\"https:\/\/www.msds-europe.com\/cs\/zakladna-vedomostibezpecnostni-listy\/#breadcrumb\",\"itemListElement\":[{\"@type\":\"ListItem\",\"position\":1,\"name\":\"F\u0151oldal\",\"item\":\"https:\/\/www.msds-europe.com\/cs\/\"},{\"@type\":\"ListItem\",\"position\":2,\"name\":\"U\u017eite\u010dn\u00e9 z\u00e1kladn\u00ed materi\u00e1ly a p\u0159\u00edru\u010dky pro bezpe\u010dnostn\u00ed listy\"}]},{\"@type\":\"WebSite\",\"@id\":\"https:\/\/www.msds-europe.com\/es\/#website\",\"url\":\"https:\/\/www.msds-europe.com\/es\/\",\"name\":\"MSDS Europe\",\"description\":\"\",\"publisher\":{\"@id\":\"https:\/\/www.msds-europe.com\/es\/#organization\"},\"potentialAction\":[{\"@type\":\"SearchAction\",\"target\":{\"@type\":\"EntryPoint\",\"urlTemplate\":\"https:\/\/www.msds-europe.com\/es\/?s={search_term_string}\"},\"query-input\":{\"@type\":\"PropertyValueSpecification\",\"valueRequired\":true,\"valueName\":\"search_term_string\"}}],\"inLanguage\":\"cs\"},{\"@type\":\"Organization\",\"@id\":\"https:\/\/www.msds-europe.com\/es\/#organization\",\"name\":\"MSDS-Europe International branch of ToxInfo\",\"url\":\"https:\/\/www.msds-europe.com\/es\/\",\"logo\":{\"@type\":\"ImageObject\",\"inLanguage\":\"cs\",\"@id\":\"https:\/\/www.msds-europe.com\/es\/#\/schema\/logo\/image\/\",\"url\":\"https:\/\/www.msds-europe.com\/wp-content\/uploads\/2021\/04\/msds-europe-logo.jpg\",\"contentUrl\":\"https:\/\/www.msds-europe.com\/wp-content\/uploads\/2021\/04\/msds-europe-logo.jpg\",\"width\":2296,\"height\":1067,\"caption\":\"MSDS-Europe International branch of ToxInfo\"},\"image\":{\"@id\":\"https:\/\/www.msds-europe.com\/es\/#\/schema\/logo\/image\/\"},\"sameAs\":[\"https:\/\/www.facebook.com\/toxinfokft\/\",\"https:\/\/x.com\/ToxInfoKft\"]}]}<\/script>\n<!-- \/ Yoast SEO plugin. -->","yoast_head_json":{"title":"Bezpe\u010dnostn\u00ed list \u2013 u\u017eite\u010dn\u00e9 informace pro bezpe\u010dnostn\u00ed listy","description":"Z\u00e1kladna v\u011bdomost\u00ed pro bezpe\u010dnostn\u00ed listy je soubor u\u017eite\u010dn\u00fdch z\u00e1kladn\u00edch materi\u00e1l\u016f a p\u0159\u00edru\u010dek. U\u017eite\u010dn\u00e9 \u010dl\u00e1nky v z\u00e1klad\u011b v\u011bdomost\u00ed pro v\u00fdklad bezpe\u010dnostn\u00edch list\u016f a souvisej\u00edc\u00edch regula\u010dn\u00edch po\u017eadavk\u016f.","robots":{"index":"index","follow":"follow","max-snippet":"max-snippet:-1","max-image-preview":"max-image-preview:large","max-video-preview":"max-video-preview:-1"},"canonical":"https:\/\/www.msds-europe.com\/cs\/zakladna-vedomostibezpecnostni-listy\/","og_locale":"cs_CZ","og_type":"article","og_title":"Bezpe\u010dnostn\u00ed list \u2013 u\u017eite\u010dn\u00e9 informace pro bezpe\u010dnostn\u00ed listy","og_description":"Z\u00e1kladna v\u011bdomost\u00ed pro bezpe\u010dnostn\u00ed listy je soubor u\u017eite\u010dn\u00fdch z\u00e1kladn\u00edch materi\u00e1l\u016f a p\u0159\u00edru\u010dek. U\u017eite\u010dn\u00e9 \u010dl\u00e1nky v z\u00e1klad\u011b v\u011bdomost\u00ed pro v\u00fdklad bezpe\u010dnostn\u00edch list\u016f a souvisej\u00edc\u00edch regula\u010dn\u00edch po\u017eadavk\u016f.","og_url":"https:\/\/www.msds-europe.com\/cs\/zakladna-vedomostibezpecnostni-listy\/","og_site_name":"MSDS Europe","article_publisher":"https:\/\/www.facebook.com\/toxinfokft\/","article_modified_time":"2026-03-11T13:41:06+00:00","og_image":[{"width":300,"height":180,"url":"https:\/\/www.msds-europe.com\/wp-content\/uploads\/2026\/02\/Kompas-k-chemicke-bezpecnosti.jpg","type":"image\/jpeg"}],"twitter_card":"summary_large_image","twitter_site":"@ToxInfoKft","twitter_misc":{"Odhadovan\u00e1 doba \u010dten\u00ed":"3 minuty"},"schema":{"@context":"https:\/\/schema.org","@graph":[{"@type":"WebPage","@id":"https:\/\/www.msds-europe.com\/cs\/zakladna-vedomostibezpecnostni-listy\/","url":"https:\/\/www.msds-europe.com\/cs\/zakladna-vedomostibezpecnostni-listy\/","name":"Bezpe\u010dnostn\u00ed list \u2013 u\u017eite\u010dn\u00e9 informace pro bezpe\u010dnostn\u00ed listy","isPartOf":{"@id":"https:\/\/www.msds-europe.com\/es\/#website"},"primaryImageOfPage":{"@id":"https:\/\/www.msds-europe.com\/cs\/zakladna-vedomostibezpecnostni-listy\/#primaryimage"},"image":{"@id":"https:\/\/www.msds-europe.com\/cs\/zakladna-vedomostibezpecnostni-listy\/#primaryimage"},"thumbnailUrl":"https:\/\/www.msds-europe.com\/wp-content\/uploads\/2026\/02\/Kompas-k-chemicke-bezpecnosti.jpg","datePublished":"2018-05-15T11:34:03+00:00","dateModified":"2026-03-11T13:41:06+00:00","description":"Z\u00e1kladna v\u011bdomost\u00ed pro bezpe\u010dnostn\u00ed listy je soubor u\u017eite\u010dn\u00fdch z\u00e1kladn\u00edch materi\u00e1l\u016f a p\u0159\u00edru\u010dek. U\u017eite\u010dn\u00e9 \u010dl\u00e1nky v z\u00e1klad\u011b v\u011bdomost\u00ed pro v\u00fdklad bezpe\u010dnostn\u00edch list\u016f a souvisej\u00edc\u00edch regula\u010dn\u00edch po\u017eadavk\u016f.","breadcrumb":{"@id":"https:\/\/www.msds-europe.com\/cs\/zakladna-vedomostibezpecnostni-listy\/#breadcrumb"},"inLanguage":"cs","potentialAction":[{"@type":"ReadAction","target":["https:\/\/www.msds-europe.com\/cs\/zakladna-vedomostibezpecnostni-listy\/"]}]},{"@type":"ImageObject","inLanguage":"cs","@id":"https:\/\/www.msds-europe.com\/cs\/zakladna-vedomostibezpecnostni-listy\/#primaryimage","url":"https:\/\/www.msds-europe.com\/wp-content\/uploads\/2026\/02\/Kompas-k-chemicke-bezpecnosti.jpg","contentUrl":"https:\/\/www.msds-europe.com\/wp-content\/uploads\/2026\/02\/Kompas-k-chemicke-bezpecnosti.jpg"},{"@type":"BreadcrumbList","@id":"https:\/\/www.msds-europe.com\/cs\/zakladna-vedomostibezpecnostni-listy\/#breadcrumb","itemListElement":[{"@type":"ListItem","position":1,"name":"F\u0151oldal","item":"https:\/\/www.msds-europe.com\/cs\/"},{"@type":"ListItem","position":2,"name":"U\u017eite\u010dn\u00e9 z\u00e1kladn\u00ed materi\u00e1ly a p\u0159\u00edru\u010dky pro bezpe\u010dnostn\u00ed listy"}]},{"@type":"WebSite","@id":"https:\/\/www.msds-europe.com\/es\/#website","url":"https:\/\/www.msds-europe.com\/es\/","name":"MSDS Europe","description":"","publisher":{"@id":"https:\/\/www.msds-europe.com\/es\/#organization"},"potentialAction":[{"@type":"SearchAction","target":{"@type":"EntryPoint","urlTemplate":"https:\/\/www.msds-europe.com\/es\/?s={search_term_string}"},"query-input":{"@type":"PropertyValueSpecification","valueRequired":true,"valueName":"search_term_string"}}],"inLanguage":"cs"},{"@type":"Organization","@id":"https:\/\/www.msds-europe.com\/es\/#organization","name":"MSDS-Europe International branch of ToxInfo","url":"https:\/\/www.msds-europe.com\/es\/","logo":{"@type":"ImageObject","inLanguage":"cs","@id":"https:\/\/www.msds-europe.com\/es\/#\/schema\/logo\/image\/","url":"https:\/\/www.msds-europe.com\/wp-content\/uploads\/2021\/04\/msds-europe-logo.jpg","contentUrl":"https:\/\/www.msds-europe.com\/wp-content\/uploads\/2021\/04\/msds-europe-logo.jpg","width":2296,"height":1067,"caption":"MSDS-Europe International branch of ToxInfo"},"image":{"@id":"https:\/\/www.msds-europe.com\/es\/#\/schema\/logo\/image\/"},"sameAs":["https:\/\/www.facebook.com\/toxinfokft\/","https:\/\/x.com\/ToxInfoKft"]}]}},"_links":{"self":[{"href":"https:\/\/www.msds-europe.com\/cs\/wp-json\/wp\/v2\/pages\/3825","targetHints":{"allow":["GET"]}}],"collection":[{"href":"https:\/\/www.msds-europe.com\/cs\/wp-json\/wp\/v2\/pages"}],"about":[{"href":"https:\/\/www.msds-europe.com\/cs\/wp-json\/wp\/v2\/types\/page"}],"author":[{"embeddable":true,"href":"https:\/\/www.msds-europe.com\/cs\/wp-json\/wp\/v2\/users\/2"}],"replies":[{"embeddable":true,"href":"https:\/\/www.msds-europe.com\/cs\/wp-json\/wp\/v2\/comments?post=3825"}],"version-history":[{"count":30,"href":"https:\/\/www.msds-europe.com\/cs\/wp-json\/wp\/v2\/pages\/3825\/revisions"}],"predecessor-version":[{"id":38572,"href":"https:\/\/www.msds-europe.com\/cs\/wp-json\/wp\/v2\/pages\/3825\/revisions\/38572"}],"wp:attachment":[{"href":"https:\/\/www.msds-europe.com\/cs\/wp-json\/wp\/v2\/media?parent=3825"}],"wp:term":[{"taxonomy":"post_tag","embeddable":true,"href":"https:\/\/www.msds-europe.com\/cs\/wp-json\/wp\/v2\/tags?post=3825"}],"curies":[{"name":"wp","href":"https:\/\/api.w.org\/{rel}","templated":true}]}}