{"id":34850,"date":"2025-09-03T12:12:25","date_gmt":"2025-09-03T12:12:25","guid":{"rendered":"https:\/\/www.msds-europe.com\/?page_id=34850"},"modified":"2026-02-23T09:40:45","modified_gmt":"2026-02-23T09:40:45","slug":"umela-inteligence-v-chemicke-bezpecnosti-sds-clp-reach","status":"publish","type":"page","link":"https:\/\/www.msds-europe.com\/cs\/umela-inteligence-v-chemicke-bezpecnosti-sds-clp-reach\/","title":{"rendered":"Uplatn\u011bn\u00ed um\u011bl\u00e9 inteligence v chemick\u00e9 bezpe\u010dnosti"},"content":{"rendered":"<p style=\"text-align: right;\"><em><a href=\"https:\/\/www.msds-europe.com\/\">MSDS-Europe<\/a> \u2013 <a href=\"https:\/\/www.msds-europe.com\/cs\/kompas-k-chemical-safety\/\">Kompas chemick\u00e9 bezpe\u010dnosti<\/a> \u2013 Uplatn\u011bn\u00ed um\u011bl\u00e9 inteligence v chemick\u00e9 bezpe\u010dnosti<\/em><\/p>\n<p style=\"text-align: justify;\">Um\u011bl\u00e1 inteligence (UI) se prosazuje i v chemick\u00e9m pr\u016fmyslu. V oblasti <a href=\"https:\/\/www.msds-europe.com\/cs\/kompas-k-chemical-safety\/\">chemick\u00e9 bezpe\u010dnosti<\/a> se proto objevuje pot\u0159eba efektivn\u011bj\u0161\u00edho zpracov\u00e1n\u00ed dat a automatizace rutinn\u00edch \u00fakol\u016f.<\/p>\n<p>&nbsp;<\/p>\n<h3 style=\"text-align: justify;\"><strong>P\u0159\u00edprava bezpe\u010dnostn\u00edch list\u016f (SDS) pomoc\u00ed UI<\/strong><\/h3>\n<p style=\"text-align: justify;\"><a href=\"https:\/\/www.msds-europe.com\/cs\/sestaveni-vytvoreni-bezpecnostniho-listu\/\">P\u0159\u00edprava bezpe\u010dnostn\u00edch list\u016f<\/a> byla tradi\u010dn\u011b manu\u00e1ln\u00edm, \u010dasov\u011b i pracovn\u011b n\u00e1ro\u010dn\u00fdm procesem. <strong>UI v oblasti chemick\u00e9 bezpe\u010dnosti<\/strong> umo\u017e\u0148uje tento proces v\u00fdrazn\u011b urychlit.<\/p>\n<p style=\"text-align: justify;\">Ji\u017e existuj\u00ed softwarov\u00e1 \u0159e\u0161en\u00ed zalo\u017een\u00e1 na UI, kter\u00e1 dok\u00e1\u017eou automaticky generovat SDS s vyu\u017eit\u00edm existuj\u00edc\u00edch chemick\u00fdch datab\u00e1z\u00ed a legislativn\u00edch po\u017eadavk\u016f. To v\u00fdrazn\u011b sni\u017euje \u010das i pot\u0159ebu lidsk\u00fdch zdroj\u016f pro jejich zpracov\u00e1n\u00ed.<\/p>\n<p style=\"text-align: justify;\">Syst\u00e9my zalo\u017een\u00e9 na UI p\u0159i generov\u00e1n\u00ed <a href=\"https:\/\/www.msds-europe.com\/cs\/definice-bezpecnostniho-listu\/\">bezpe\u010dnostn\u00edch list\u016f (SDS)<\/a> zohled\u0148uj\u00ed p\u0159\u00edslu\u0161n\u00e9 legislativn\u00ed a normativn\u00ed po\u017eadavky, tak\u017ee v\u00fdsledn\u00e9 dokumenty jsou v z\u00e1sad\u011b v souladu s platn\u00fdmi p\u0159edpisy.<\/p>\n<p style=\"text-align: justify;\">To m\u016f\u017ee b\u00fdt obzvl\u00e1\u0161t\u011b \u00fa\u010dinn\u00e9 u nov\u011b vyvinut\u00fdch sm\u011bs\u00ed, kde syst\u00e9m pracuje s nejnov\u011bj\u0161\u00edmi datab\u00e1zemi a <a href=\"https:\/\/www.msds-europe.com\/cs\/regulacni-zmeny-v-oblasti-chemicke-bezpecnosti\/\">aktu\u00e1ln\u00edmi legislativn\u00edmi zm\u011bnami<\/a>.<\/p>\n<p style=\"text-align: justify;\">Je v\u0161ak d\u016fle\u017eit\u00e9 zd\u016fraznit, \u017ee u existuj\u00edc\u00edch sm\u011bs\u00ed, kter\u00e9 ji\u017e maj\u00ed SDS, samotn\u00e1 um\u011bl\u00e1 inteligence nezaru\u010duje plnou shodu s po\u017eadavky.<\/p>\n<p style=\"text-align: justify;\">V takov\u00fdch p\u0159\u00edpadech mus\u00ed b\u00fdt bezpe\u010dnostn\u00ed listy <a href=\"https:\/\/www.msds-europe.com\/cs\/zakaznicke-sluzby\/\">zkontrolov\u00e1ny a dopln\u011bny odborn\u00edkem<\/a>, aby bylo zaji\u0161t\u011bno, \u017ee zm\u011bny, nedostatky nebo nov\u00e9 legislativn\u00ed po\u017eadavky budou spr\u00e1vn\u011b zohledn\u011bny v aktualizovan\u00e9 dokumentaci.<\/p>\n<p>&nbsp;<\/p>\n<h3 style=\"text-align: justify;\"><strong>Aplikace UI v chemick\u00e9 bezpe\u010dnosti<\/strong><\/h3>\n<p style=\"text-align: justify;\">UI podporuje oblast <strong>chemick\u00e9 bezpe\u010dnosti<\/strong> nejen p\u0159i p\u0159\u00edprav\u011b SDS:<\/p>\n<ul style=\"text-align: justify;\">\n<li><strong>Klasifikace nebezpe\u010dn\u00fdch sm\u011bs\u00ed<\/strong>: UI m\u016f\u017ee pomoci spr\u00e1vn\u011b klasifikovat slo\u017eit\u00e9 sm\u011bsi do odpov\u00eddaj\u00edc\u00edch t\u0159\u00edd nebezpe\u010dnosti. Na z\u00e1klad\u011b \u00fadaj\u016f o slo\u017ek\u00e1ch sm\u011bsi je syst\u00e9m schopen ur\u010dit, do jak\u00fdch <a href=\"https:\/\/www.msds-europe.com\/cs\/prvky-oznaceni-bezpecnostniho-listu\/\">kategori\u00ed nebezpe\u010dnosti<\/a> m\u00e1 b\u00fdt sm\u011bs za\u0159azena, a t\u00edm podpo\u0159it rychlou a p\u0159esnou klasifikaci podle CLP\/GHS.<\/li>\n<li><strong>Prediktivn\u00ed toxikologick\u00e9 modely:<\/strong> pomoc\u00ed model\u016f zalo\u017een\u00fdch na strojov\u00e9m u\u010den\u00ed lze p\u0159edem p\u0159edpov\u011bd\u011bt mo\u017en\u00e9 zdravotn\u00ed nebo environment\u00e1ln\u00ed riziko nov\u00e9 chemick\u00e9 l\u00e1tky. Algoritmy vycvi\u010den\u00e9 na existuj\u00edc\u00edch toxikologick\u00fdch datech dok\u00e1\u017eou odhadnout potenci\u00e1ln\u00ed toxick\u00e9 \u00fa\u010dinky nov\u011b vyvinut\u00e9 slou\u010deniny. D\u00edky tomu lze mo\u017en\u00e9 riziko identifikovat je\u0161t\u011b p\u0159ed zah\u00e1jen\u00edm laboratorn\u00edch test\u016f a proces hodnocen\u00ed rizik se tak st\u00e1v\u00e1 rychlej\u0161\u00edm a efektivn\u011bj\u0161\u00edm.<\/li>\n<\/ul>\n<p>&nbsp;<\/p>\n<h3 style=\"text-align: justify;\"><strong>V\u00fdznam lidsk\u00e9 kontroly<\/strong><\/h3>\n<p style=\"text-align: justify;\">Navzdory technologick\u00e9mu pokroku <strong>z\u016fst\u00e1v\u00e1 lidsk\u00e1 odbornost nezastupiteln\u00e1<\/strong>. I kdy\u017e UI dok\u00e1\u017ee zpracovat obrovsk\u00e9 mno\u017estv\u00ed dat, automaticky generovan\u00e9 SDS mus\u00ed b\u00fdt v\u017edy zkontrolov\u00e1ny zku\u0161en\u00fdm odborn\u00edkem.<\/p>\n<p style=\"text-align: justify;\">UI m\u016f\u017ee tak\u00e9 chybovat nebo nespr\u00e1vn\u011b interpretovat informace; kone\u010dnou odpov\u011bdnost za spr\u00e1vnost obsahu a <a href=\"https:\/\/www.msds-europe.com\/cs\/zakladna-vedomosti-reach\/\">legislativn\u00ed soulad<\/a> nese \u010dlov\u011bk. Z tohoto d\u016fvodu by bezpe\u010dnostn\u00ed listy p\u0159ipraven\u00e9 pomoc\u00ed UI m\u011bly b\u00fdt ofici\u00e1ln\u011b vyd\u00e1ny nebo pou\u017e\u00edv\u00e1ny a\u017e po odborn\u00e9m posouzen\u00ed.<\/p>\n<p>&nbsp;<\/p>\n<h3 style=\"text-align: justify;\"><strong>Co zvolit?<\/strong><\/h3>\n<p style=\"text-align: justify;\">Pou\u017eit\u00ed um\u011bl\u00e9 inteligence (UI) v oblasti chemick\u00e9 bezpe\u010dnosti m\u016f\u017ee p\u0159in\u00e9st v\u00fdznamn\u00e9 v\u00fdhody, zejm\u00e9na u \u00fakol\u016f vy\u017eaduj\u00edc\u00edch pr\u00e1ci s velk\u00fdmi objemy dat nebo zohledn\u011bn\u00ed slo\u017eit\u00fdch legislativn\u00edch po\u017eadavk\u016f.<\/p>\n<p style=\"text-align: justify;\">Rychlost a schopnost zpracov\u00e1n\u00ed dat pomoc\u00ed UI umo\u017e\u0148uj\u00ed zv\u00fd\u0161it efektivitu pr\u00e1ce, ale k dosa\u017een\u00ed nejlep\u0161\u00edch v\u00fdsledk\u016f je nezbytn\u00e9 rozumn\u00e9 pou\u017e\u00edv\u00e1n\u00ed t\u011bchto syst\u00e9m\u016f a kontrola ze strany lidsk\u00fdch expert\u016f.<\/p>\n<p style=\"text-align: justify;\">Na\u0161e spole\u010dnost pr\u016fb\u011b\u017en\u011b zkoum\u00e1 a vyv\u00edj\u00ed mo\u017en\u00e9 aplikace um\u011bl\u00e9 inteligence v r\u00e1mci na\u0161ich inova\u010dn\u00edch projekt\u016f. Jsme p\u0159esv\u011bd\u010deni, \u017ee UI m\u00e1 v oblasti chemick\u00e9 bezpe\u010dnosti velk\u00fd potenci\u00e1l, av\u0161ak sou\u010dasn\u00e1 \u00farove\u0148 technologi\u00ed je\u0161t\u011b neumo\u017e\u0148uje pln\u011b nahradit lidskou odbornost.<\/p>\n<p style=\"text-align: justify;\">Proto pe\u010dliv\u011b sledujeme v\u00fdvoj UI, abychom mohli v budoucnu \u00fa\u010dinn\u011b a spolehliv\u011b integrovat nejpokro\u010dilej\u0161\u00ed \u0159e\u0161en\u00ed do na\u0161ich slu\u017eeb v oblasti chemick\u00e9 bezpe\u010dnosti.<\/p>\n<p>&nbsp;<\/p>\n<h3>M\u00e1te dal\u0161\u00ed ot\u00e1zky?<\/h3>\n<p>Kontaktujte <a href=\"https:\/\/www.msds-europe.com\/cs\/zakaznicke-sluzby\/\">na\u0161i z\u00e1kaznickou podporu<\/a> nebo se obra\u0165te na na\u0161eho odborn\u00edka <a href=\"https:\/\/www.msds-europe.com\/cs\/online-konzultace\/\">online<\/a>.<\/p>\n<a href=\"https:\/\/www.msds-europe.com\/cs\/zakaznicke-sluzby\/\" class=\"su-button su-button-style-default\" style=\"color:#ef552d;background-color:#fefefe;border-color:#cccccc;border-radius:6px\" target=\"_self\"><span style=\"color:#ef552d;padding:0px 18px;font-size:14px;line-height:28px;border-color:#ffffff;border-radius:6px;text-shadow:none\"> Z\u00e1kaznick\u00e1 podpora<\/span><\/a>\n<a href=\"https:\/\/www.msds-europe.com\/cs\/zadost-cenovou-nabidku-bezpecnostni-list\/\" class=\"su-button su-button-style-default\" style=\"color:#ffffff;background-color:#ef552d;border-color:#c04424;border-radius:6px\" target=\"_self\"><span style=\"color:#ffffff;padding:0px 18px;font-size:14px;line-height:28px;border-color:#f4886c;border-radius:6px;text-shadow:0px 0px 2px #ffffff\"> Zeptejte se na\u0161eho experta<\/span><\/a>\n<p>&nbsp;<\/p>\n<p><strong>Na\u0161e slu\u017eby:<\/strong><\/p>\n<ul>\n<li><a href=\"https:\/\/www.msds-europe.com\/cs\/preklad-bezpecnostniho-listu\/\">P\u0159eklad bezpe\u010dnostn\u00edch list\u016f<\/a><\/li>\n<li><a href=\"https:\/\/www.msds-europe.com\/cs\/sestaveni-vytvoreni-bezpecnostniho-listu\/\">Sestaven\u00ed a vytvo\u0159en\u00ed SDS<\/a><\/li>\n<li>P\u0159\u00edprava <a href=\"https:\/\/www.msds-europe.com\/cs\/vytvoreni-navrhu-etikety\/\">n\u00e1vrh\u016f etiket CLP<\/a><\/li>\n<li><a href=\"https:\/\/www.msds-europe.com\/cs\/ufi-sluzby\/\">Oznamov\u00e1n\u00ed PCN nebezpe\u010dn\u00fdch sm\u011bs\u00ed<\/a><\/li>\n<\/ul>\n<p>&nbsp;<\/p>\n<p><strong>U\u017eite\u010dn\u00e9 \u010dl\u00e1nky:<\/strong><\/p>\n<ul>\n<li><a href=\"https:\/\/www.msds-europe.com\/cs\/kompas-k-chemical-safety\/\">Kompas chemick\u00e9 bezpe\u010dnosti<\/a><\/li>\n<li><a href=\"https:\/\/www.msds-europe.com\/cs\/nejcastejsi-dotazy-odpovedi-chemicka-bezpecnost\/\">FAQ \u2013 \u010casto kladen\u00e9 ot\u00e1zky<\/a><\/li>\n<li><a href=\"https:\/\/www.msds-europe.com\/cs\/regulacni-zmeny-v-oblasti-chemicke-bezpecnosti\/\">Sledov\u00e1n\u00ed legislativn\u00edch zm\u011bn<\/a><\/li>\n<\/ul>\n<p>&nbsp;<\/p>\n<h4 style=\"text-align: justify;\"><span style=\"color: #333333;\">\u010casto kladen\u00e9 ot\u00e1zky<\/span><\/h4>\n<p style=\"text-align: justify;\"><div class=\"su-spoiler su-spoiler-style-fancy su-spoiler-icon-chevron su-spoiler-closed\" data-scroll-offset=\"0\" data-anchor-in-url=\"no\"><div class=\"su-spoiler-title\" tabindex=\"0\" role=\"button\"><span class=\"su-spoiler-icon\"><\/span>Jak UI urychluje p\u0159\u00edpravu bezpe\u010dnostn\u00edch list\u016f (SDS)?<\/div><div class=\"su-spoiler-content su-u-clearfix su-u-trim\">\n<p style=\"text-align: justify;\">Software zalo\u017een\u00fd na UI vyu\u017e\u00edv\u00e1 existuj\u00edc\u00ed datab\u00e1ze chemick\u00fdch l\u00e1tek a legislativn\u00ed po\u017eadavky k automatick\u00e9mu generov\u00e1n\u00ed SDS, \u010d\u00edm\u017e v\u00fdrazn\u011b zkracuje \u010das a sni\u017euje pracovn\u00ed n\u00e1ro\u010dnost oproti tradi\u010dn\u00ed manu\u00e1ln\u00ed p\u0159\u00edprav\u011b.<\/p>\n<p style=\"text-align: justify;\"><\/div><\/div>\n<p style=\"text-align: justify;\"><div class=\"su-spoiler su-spoiler-style-fancy su-spoiler-icon-chevron su-spoiler-closed\" data-scroll-offset=\"0\" data-anchor-in-url=\"no\"><div class=\"su-spoiler-title\" tabindex=\"0\" role=\"button\"><span class=\"su-spoiler-icon\"><\/span>Kdy je lidsk\u00fd expert st\u00e1le nezbytn\u00fd?<\/div><div class=\"su-spoiler-content su-u-clearfix su-u-trim\">\n<p style=\"text-align: justify;\">Automaticky generovan\u00e9 SDS mus\u00ed b\u00fdt v\u017edy zkontrolov\u00e1ny odborn\u00edkem, aby byla zaji\u0161t\u011bna spr\u00e1vnost obsahu a trval\u00fd soulad s pr\u016fb\u011b\u017en\u011b se m\u011bn\u00edc\u00ed legislativou.<\/p>\n<p style=\"text-align: justify;\"><\/div><\/div>\n<p style=\"text-align: justify;\"><div class=\"su-spoiler su-spoiler-style-fancy su-spoiler-icon-chevron su-spoiler-closed\" data-scroll-offset=\"0\" data-anchor-in-url=\"no\"><div class=\"su-spoiler-title\" tabindex=\"0\" role=\"button\"><span class=\"su-spoiler-icon\"><\/span>Jak UI pom\u00e1h\u00e1 p\u0159i klasifikaci nebezpe\u010dn\u00fdch sm\u011bs\u00ed?<\/div><div class=\"su-spoiler-content su-u-clearfix su-u-trim\">\n<p style=\"text-align: justify;\">Na z\u00e1klad\u011b slo\u017een\u00ed sm\u011bsi syst\u00e9m rychle p\u0159i\u0159ad\u00ed odpov\u00eddaj\u00edc\u00ed t\u0159\u00eddy a kategorie nebezpe\u010dnosti podle CLP\/GHS, co\u017e podporuje p\u0159esnou a konzistentn\u00ed klasifikaci.<\/p>\n<p style=\"text-align: justify;\"><\/div><\/div>\n<p style=\"text-align: justify;\"><div class=\"su-spoiler su-spoiler-style-fancy su-spoiler-icon-chevron su-spoiler-closed\" data-scroll-offset=\"0\" data-anchor-in-url=\"no\"><div class=\"su-spoiler-title\" tabindex=\"0\" role=\"button\"><span class=\"su-spoiler-icon\"><\/span>Jak UI podporuje sledov\u00e1n\u00ed legislativy?<\/div><div class=\"su-spoiler-content su-u-clearfix su-u-trim\">\n<p style=\"text-align: justify;\">N\u011bkter\u00e9 platformy UI dok\u00e1\u017eou pr\u016fb\u011b\u017en\u011b analyzovat legislativn\u00ed zm\u011bny a upozornit na situace, kdy nov\u00e9 po\u017eadavky vy\u017eaduj\u00ed \u00fapravu SDS nebo etiket, \u010d\u00edm\u017e podporuj\u00ed proaktivn\u00ed zaji\u0161t\u011bn\u00ed souladu.<\/p>\n<p style=\"text-align: justify;\"><\/div><\/div>\n<p>&nbsp;<\/p>\n","protected":false},"excerpt":{"rendered":"<p>MSDS-Europe \u2013 Kompas chemick\u00e9 bezpe\u010dnosti \u2013 Uplatn\u011bn\u00ed um\u011bl\u00e9 inteligence v chemick\u00e9 bezpe\u010dnosti Um\u011bl\u00e1 inteligence (UI) se prosazuje i v chemick\u00e9m pr\u016fmyslu. V oblasti chemick\u00e9 bezpe\u010dnosti se proto objevuje pot\u0159eba efektivn\u011bj\u0161\u00edho zpracov\u00e1n\u00ed dat a automatizace rutinn\u00edch \u00fakol\u016f. &nbsp; P\u0159\u00edprava bezpe\u010dnostn\u00edch list\u016f (SDS) pomoc\u00ed UI P\u0159\u00edprava bezpe\u010dnostn\u00edch list\u016f byla tradi\u010dn\u011b manu\u00e1ln\u00edm, \u010dasov\u011b&#8230;<\/p>\n","protected":false},"author":2,"featured_media":0,"parent":0,"menu_order":0,"comment_status":"closed","ping_status":"closed","template":"","meta":{"_acf_changed":false,"footnotes":""},"tags":[],"class_list":["post-34850","page","type-page","status-publish","hentry"],"acf":[],"yoast_head":"<!-- This site is optimized with the Yoast SEO plugin v27.2 - https:\/\/yoast.com\/product\/yoast-seo-wordpress\/ -->\n<title>Uplatn\u011bn\u00ed um\u011bl\u00e9 inteligence v chemick\u00e9 bezpe\u010dnosti<\/title>\n<meta name=\"description\" content=\"Objevte, jak um\u011bl\u00e1 inteligence zlep\u0161uje chemickou bezpe\u010dnost prost\u0159ednictv\u00edm automatizace SDS, klasifikace nebezpe\u010d\u00ed a souladu s p\u0159edpisy.\" \/>\n<meta name=\"robots\" content=\"index, follow, max-snippet:-1, max-image-preview:large, max-video-preview:-1\" \/>\n<link rel=\"canonical\" href=\"https:\/\/www.msds-europe.com\/cs\/umela-inteligence-v-chemicke-bezpecnosti-sds-clp-reach\/\" \/>\n<meta property=\"og:locale\" content=\"cs_CZ\" \/>\n<meta property=\"og:type\" content=\"article\" \/>\n<meta property=\"og:title\" content=\"Uplatn\u011bn\u00ed um\u011bl\u00e9 inteligence v chemick\u00e9 bezpe\u010dnosti\" \/>\n<meta property=\"og:description\" content=\"Objevte, jak um\u011bl\u00e1 inteligence zlep\u0161uje chemickou bezpe\u010dnost prost\u0159ednictv\u00edm automatizace SDS, klasifikace nebezpe\u010d\u00ed a souladu s p\u0159edpisy.\" \/>\n<meta property=\"og:url\" content=\"https:\/\/www.msds-europe.com\/cs\/umela-inteligence-v-chemicke-bezpecnosti-sds-clp-reach\/\" \/>\n<meta property=\"og:site_name\" content=\"MSDS Europe\" \/>\n<meta property=\"article:publisher\" content=\"https:\/\/www.facebook.com\/toxinfokft\/\" \/>\n<meta property=\"article:modified_time\" content=\"2026-02-23T09:40:45+00:00\" \/>\n<meta name=\"twitter:card\" content=\"summary_large_image\" \/>\n<meta name=\"twitter:site\" content=\"@ToxInfoKft\" \/>\n<meta name=\"twitter:label1\" content=\"Odhadovan\u00e1 doba \u010dten\u00ed\" \/>\n\t<meta name=\"twitter:data1\" content=\"3 minuty\" \/>\n<script type=\"application\/ld+json\" class=\"yoast-schema-graph\">{\"@context\":\"https:\/\/schema.org\",\"@graph\":[{\"@type\":\"WebPage\",\"@id\":\"https:\/\/www.msds-europe.com\/cs\/umela-inteligence-v-chemicke-bezpecnosti-sds-clp-reach\/\",\"url\":\"https:\/\/www.msds-europe.com\/cs\/umela-inteligence-v-chemicke-bezpecnosti-sds-clp-reach\/\",\"name\":\"Uplatn\u011bn\u00ed um\u011bl\u00e9 inteligence v chemick\u00e9 bezpe\u010dnosti\",\"isPartOf\":{\"@id\":\"https:\/\/www.msds-europe.com\/es\/#website\"},\"datePublished\":\"2025-09-03T12:12:25+00:00\",\"dateModified\":\"2026-02-23T09:40:45+00:00\",\"description\":\"Objevte, jak um\u011bl\u00e1 inteligence zlep\u0161uje chemickou bezpe\u010dnost prost\u0159ednictv\u00edm automatizace SDS, klasifikace nebezpe\u010d\u00ed a souladu s p\u0159edpisy.\",\"breadcrumb\":{\"@id\":\"https:\/\/www.msds-europe.com\/cs\/umela-inteligence-v-chemicke-bezpecnosti-sds-clp-reach\/#breadcrumb\"},\"inLanguage\":\"cs\",\"potentialAction\":[{\"@type\":\"ReadAction\",\"target\":[\"https:\/\/www.msds-europe.com\/cs\/umela-inteligence-v-chemicke-bezpecnosti-sds-clp-reach\/\"]}]},{\"@type\":\"BreadcrumbList\",\"@id\":\"https:\/\/www.msds-europe.com\/cs\/umela-inteligence-v-chemicke-bezpecnosti-sds-clp-reach\/#breadcrumb\",\"itemListElement\":[{\"@type\":\"ListItem\",\"position\":1,\"name\":\"F\u0151oldal\",\"item\":\"https:\/\/www.msds-europe.com\/cs\/\"},{\"@type\":\"ListItem\",\"position\":2,\"name\":\"Uplatn\u011bn\u00ed um\u011bl\u00e9 inteligence v chemick\u00e9 bezpe\u010dnosti\"}]},{\"@type\":\"WebSite\",\"@id\":\"https:\/\/www.msds-europe.com\/es\/#website\",\"url\":\"https:\/\/www.msds-europe.com\/es\/\",\"name\":\"MSDS Europe\",\"description\":\"\",\"publisher\":{\"@id\":\"https:\/\/www.msds-europe.com\/es\/#organization\"},\"potentialAction\":[{\"@type\":\"SearchAction\",\"target\":{\"@type\":\"EntryPoint\",\"urlTemplate\":\"https:\/\/www.msds-europe.com\/es\/?s={search_term_string}\"},\"query-input\":{\"@type\":\"PropertyValueSpecification\",\"valueRequired\":true,\"valueName\":\"search_term_string\"}}],\"inLanguage\":\"cs\"},{\"@type\":\"Organization\",\"@id\":\"https:\/\/www.msds-europe.com\/es\/#organization\",\"name\":\"MSDS-Europe International branch of ToxInfo\",\"url\":\"https:\/\/www.msds-europe.com\/es\/\",\"logo\":{\"@type\":\"ImageObject\",\"inLanguage\":\"cs\",\"@id\":\"https:\/\/www.msds-europe.com\/es\/#\/schema\/logo\/image\/\",\"url\":\"https:\/\/www.msds-europe.com\/wp-content\/uploads\/2021\/04\/msds-europe-logo.jpg\",\"contentUrl\":\"https:\/\/www.msds-europe.com\/wp-content\/uploads\/2021\/04\/msds-europe-logo.jpg\",\"width\":2296,\"height\":1067,\"caption\":\"MSDS-Europe International branch of ToxInfo\"},\"image\":{\"@id\":\"https:\/\/www.msds-europe.com\/es\/#\/schema\/logo\/image\/\"},\"sameAs\":[\"https:\/\/www.facebook.com\/toxinfokft\/\",\"https:\/\/x.com\/ToxInfoKft\"]}]}<\/script>\n<!-- \/ Yoast SEO plugin. -->","yoast_head_json":{"title":"Uplatn\u011bn\u00ed um\u011bl\u00e9 inteligence v chemick\u00e9 bezpe\u010dnosti","description":"Objevte, jak um\u011bl\u00e1 inteligence zlep\u0161uje chemickou bezpe\u010dnost prost\u0159ednictv\u00edm automatizace SDS, klasifikace nebezpe\u010d\u00ed a souladu s p\u0159edpisy.","robots":{"index":"index","follow":"follow","max-snippet":"max-snippet:-1","max-image-preview":"max-image-preview:large","max-video-preview":"max-video-preview:-1"},"canonical":"https:\/\/www.msds-europe.com\/cs\/umela-inteligence-v-chemicke-bezpecnosti-sds-clp-reach\/","og_locale":"cs_CZ","og_type":"article","og_title":"Uplatn\u011bn\u00ed um\u011bl\u00e9 inteligence v chemick\u00e9 bezpe\u010dnosti","og_description":"Objevte, jak um\u011bl\u00e1 inteligence zlep\u0161uje chemickou bezpe\u010dnost prost\u0159ednictv\u00edm automatizace SDS, klasifikace nebezpe\u010d\u00ed a souladu s p\u0159edpisy.","og_url":"https:\/\/www.msds-europe.com\/cs\/umela-inteligence-v-chemicke-bezpecnosti-sds-clp-reach\/","og_site_name":"MSDS Europe","article_publisher":"https:\/\/www.facebook.com\/toxinfokft\/","article_modified_time":"2026-02-23T09:40:45+00:00","twitter_card":"summary_large_image","twitter_site":"@ToxInfoKft","twitter_misc":{"Odhadovan\u00e1 doba \u010dten\u00ed":"3 minuty"},"schema":{"@context":"https:\/\/schema.org","@graph":[{"@type":"WebPage","@id":"https:\/\/www.msds-europe.com\/cs\/umela-inteligence-v-chemicke-bezpecnosti-sds-clp-reach\/","url":"https:\/\/www.msds-europe.com\/cs\/umela-inteligence-v-chemicke-bezpecnosti-sds-clp-reach\/","name":"Uplatn\u011bn\u00ed um\u011bl\u00e9 inteligence v chemick\u00e9 bezpe\u010dnosti","isPartOf":{"@id":"https:\/\/www.msds-europe.com\/es\/#website"},"datePublished":"2025-09-03T12:12:25+00:00","dateModified":"2026-02-23T09:40:45+00:00","description":"Objevte, jak um\u011bl\u00e1 inteligence zlep\u0161uje chemickou bezpe\u010dnost prost\u0159ednictv\u00edm automatizace SDS, klasifikace nebezpe\u010d\u00ed a souladu s p\u0159edpisy.","breadcrumb":{"@id":"https:\/\/www.msds-europe.com\/cs\/umela-inteligence-v-chemicke-bezpecnosti-sds-clp-reach\/#breadcrumb"},"inLanguage":"cs","potentialAction":[{"@type":"ReadAction","target":["https:\/\/www.msds-europe.com\/cs\/umela-inteligence-v-chemicke-bezpecnosti-sds-clp-reach\/"]}]},{"@type":"BreadcrumbList","@id":"https:\/\/www.msds-europe.com\/cs\/umela-inteligence-v-chemicke-bezpecnosti-sds-clp-reach\/#breadcrumb","itemListElement":[{"@type":"ListItem","position":1,"name":"F\u0151oldal","item":"https:\/\/www.msds-europe.com\/cs\/"},{"@type":"ListItem","position":2,"name":"Uplatn\u011bn\u00ed um\u011bl\u00e9 inteligence v chemick\u00e9 bezpe\u010dnosti"}]},{"@type":"WebSite","@id":"https:\/\/www.msds-europe.com\/es\/#website","url":"https:\/\/www.msds-europe.com\/es\/","name":"MSDS Europe","description":"","publisher":{"@id":"https:\/\/www.msds-europe.com\/es\/#organization"},"potentialAction":[{"@type":"SearchAction","target":{"@type":"EntryPoint","urlTemplate":"https:\/\/www.msds-europe.com\/es\/?s={search_term_string}"},"query-input":{"@type":"PropertyValueSpecification","valueRequired":true,"valueName":"search_term_string"}}],"inLanguage":"cs"},{"@type":"Organization","@id":"https:\/\/www.msds-europe.com\/es\/#organization","name":"MSDS-Europe International branch of ToxInfo","url":"https:\/\/www.msds-europe.com\/es\/","logo":{"@type":"ImageObject","inLanguage":"cs","@id":"https:\/\/www.msds-europe.com\/es\/#\/schema\/logo\/image\/","url":"https:\/\/www.msds-europe.com\/wp-content\/uploads\/2021\/04\/msds-europe-logo.jpg","contentUrl":"https:\/\/www.msds-europe.com\/wp-content\/uploads\/2021\/04\/msds-europe-logo.jpg","width":2296,"height":1067,"caption":"MSDS-Europe International branch of ToxInfo"},"image":{"@id":"https:\/\/www.msds-europe.com\/es\/#\/schema\/logo\/image\/"},"sameAs":["https:\/\/www.facebook.com\/toxinfokft\/","https:\/\/x.com\/ToxInfoKft"]}]}},"_links":{"self":[{"href":"https:\/\/www.msds-europe.com\/cs\/wp-json\/wp\/v2\/pages\/34850","targetHints":{"allow":["GET"]}}],"collection":[{"href":"https:\/\/www.msds-europe.com\/cs\/wp-json\/wp\/v2\/pages"}],"about":[{"href":"https:\/\/www.msds-europe.com\/cs\/wp-json\/wp\/v2\/types\/page"}],"author":[{"embeddable":true,"href":"https:\/\/www.msds-europe.com\/cs\/wp-json\/wp\/v2\/users\/2"}],"replies":[{"embeddable":true,"href":"https:\/\/www.msds-europe.com\/cs\/wp-json\/wp\/v2\/comments?post=34850"}],"version-history":[{"count":5,"href":"https:\/\/www.msds-europe.com\/cs\/wp-json\/wp\/v2\/pages\/34850\/revisions"}],"predecessor-version":[{"id":37466,"href":"https:\/\/www.msds-europe.com\/cs\/wp-json\/wp\/v2\/pages\/34850\/revisions\/37466"}],"wp:attachment":[{"href":"https:\/\/www.msds-europe.com\/cs\/wp-json\/wp\/v2\/media?parent=34850"}],"wp:term":[{"taxonomy":"post_tag","embeddable":true,"href":"https:\/\/www.msds-europe.com\/cs\/wp-json\/wp\/v2\/tags?post=34850"}],"curies":[{"name":"wp","href":"https:\/\/api.w.org\/{rel}","templated":true}]}}