{"id":34670,"date":"2025-09-02T13:29:15","date_gmt":"2025-09-02T13:29:15","guid":{"rendered":"https:\/\/www.msds-europe.com\/?page_id=34670"},"modified":"2026-02-24T10:52:47","modified_gmt":"2026-02-24T10:52:47","slug":"brexit-chemicka-bezpecnost","status":"publish","type":"page","link":"https:\/\/www.msds-europe.com\/cs\/brexit-chemicka-bezpecnost\/","title":{"rendered":"Dopad Brexitu na chemickou bezpe\u010dnost"},"content":{"rendered":"<p style=\"text-align: right;\"><em><a href=\"https:\/\/www.msds-europe.com\/cs\/\">MSDS-Europe<\/a> \u2013 <a href=\"https:\/\/www.msds-europe.com\/cs\/kompas-k-chemical-safety\/\">Kompas chemick\u00e9 bezpe\u010dnosti<\/a> \u2013 Dopad brexitu na chemickou bezpe\u010dnost<\/em><\/p>\n<p style=\"text-align: justify;\"><strong>Spojen\u00e9 kr\u00e1lovstv\u00ed do konce p\u0159echodn\u00e9ho obdob\u00ed uplat\u0148ovalo pr\u00e1vn\u00ed p\u0159edpisy EU v oblasti chemick\u00e9 bezpe\u010dnosti. V d\u016fsledku brexitu a po skon\u010den\u00ed p\u0159echodn\u00e9ho obdob\u00ed (31. prosince 2020) se v\u0161ak Spojen\u00e9 kr\u00e1lovstv\u00ed stalo nez\u00e1visl\u00fdm na pr\u00e1vn\u00edm r\u00e1mci chemick\u00e9 bezpe\u010dnosti Evropsk\u00e9 unie.<\/strong><\/p>\n<p style=\"text-align: justify;\"><strong>Jak\u00e9 zm\u011bny to znamen\u00e1 v oblasti chemick\u00e9 bezpe\u010dnosti pro chemick\u00e9 l\u00e1tky a sm\u011bsi dov\u00e1\u017een\u00e9 nebo vyv\u00e1\u017een\u00e9 ze\/do zem\u00ed EHP?<\/strong><\/p>\n<p>&nbsp;<\/p>\n<h2 style=\"text-align: justify;\">Dopad brexitu na obchod<\/h2>\n<p style=\"text-align: justify;\">Spojen\u00e9 kr\u00e1lovstv\u00ed vystoupilo z EU dne 31. ledna 2020. N\u00e1sledovalo p\u0159echodn\u00e9 obdob\u00ed, kter\u00e9 skon\u010dilo 31. prosince 2020. Nov\u00fd syst\u00e9m tedy vstoupil v platnost 1. ledna 2021. To znamen\u00e1, \u017ee obchod se Spojen\u00fdm kr\u00e1lovstv\u00edm je slo\u017eit\u011bj\u0161\u00ed, proto\u017ee ji\u017e neprob\u00edh\u00e1 v r\u00e1mci jednotn\u00e9ho trhu EU.<\/p>\n<p style=\"text-align: justify;\">Mimo jin\u00e9 se na Spojen\u00e9 kr\u00e1lovstv\u00ed nevztahuje harmonizovan\u00fd syst\u00e9m DPH EU, zm\u011bnil se syst\u00e9m celn\u00edch postup\u016f a celkov\u011b se zv\u00fd\u0161ila administrativn\u00ed z\u00e1t\u011b\u017e.<\/p>\n<p style=\"text-align: justify;\">Pokud m\u00e1 tedy spole\u010dnost s\u00eddlo ve Spojen\u00e9m kr\u00e1lovstv\u00ed nebo v EHP a p\u016fsob\u00ed jako dodavatel \/ n\u00e1sledn\u00fd u\u017eivatel \/ distributor ve Spojen\u00e9m kr\u00e1lovstv\u00ed, m\u011bla by se p\u0159ipravit na n\u00e1sleduj\u00edc\u00ed zm\u011bny.<\/p>\n<p>&nbsp;<\/p>\n<h2 style=\"text-align: justify;\">Jak se p\u0159ipravit na zm\u011bny<\/h2>\n<p style=\"text-align: justify;\">Nejprve je t\u0159eba definovat roli spole\u010dnosti v nov\u00e9m syst\u00e9mu a jej\u00ed vztah k trh\u016fm ve Spojen\u00e9m kr\u00e1lovstv\u00ed a v EHP. Spojen\u00e9 kr\u00e1lovstv\u00ed se stalo t\u0159et\u00ed zem\u00ed pro st\u00e1ty EU. Proto se u\u017eivatel\u00e9 a distributo\u0159i se s\u00eddlem ve Spojen\u00e9m kr\u00e1lovstv\u00ed, kte\u0159\u00ed nakupuj\u00ed l\u00e1tky\/sm\u011bsi z EHP, st\u00e1vaj\u00ed dovozci, a tato role je zcela odli\u0161n\u00e1 od statusu \u201edistributor\u201c podle na\u0159\u00edzen\u00ed REACH.<\/p>\n<p style=\"text-align: justify;\">Pokyny, jak definovat role \u2013 kter\u00e9 jsou nezbytn\u00e9 pro z\u00e1kladn\u00ed porozum\u011bn\u00ed a vymezen\u00ed po\u017eadavk\u016f podle REACH \u2013 naleznete na <a href=\"https:\/\/echa.europa.eu\/hu\/uk-withdrawal-from-the-eu\">webu ECHA<\/a> nebo v na\u0161em \u010dl\u00e1nku \u201e<a href=\"https:\/\/www.msds-europe.com\/reach-obligations-manufacturers-importers\/\">Povinnosti v\u00fdrobc\u016f a dovozc\u016f podle REACH<\/a>\u201c.<\/p>\n<p style=\"text-align: justify;\">Role dovozce\/v\u00fdvozce vy\u017eaduje, aby dodavatel chemick\u00e9 l\u00e1tky nebo sm\u011bsi p\u0159ezkoumal sv\u016fj <a href=\"https:\/\/www.msds-europe.com\/cs\/bezpecnostni-list-revize-aktualizace\/\">bezpe\u010dnostn\u00ed list<\/a> a ozna\u010dov\u00e1n\u00ed.<\/p>\n<p style=\"text-align: justify;\">Na\u0159\u00edzen\u00ed CLP, BPR a PIC budou ve Spojen\u00e9m kr\u00e1lovstv\u00ed nahrazena n\u00e1rodn\u00ed legislativou. To si vy\u017e\u00e1d\u00e1 pr\u016fb\u011b\u017en\u00e9 sledov\u00e1n\u00ed souladu pr\u00e1vn\u00edch p\u0159edpis\u016f EU a UK a zav\u00e1d\u011bn\u00ed zm\u011bn vypl\u00fdvaj\u00edc\u00edch z rozd\u00edl\u016f.<\/p>\n<p style=\"text-align: justify;\">Nen\u00ed v\u0161ak nutn\u00e9 se okam\u017eit\u011b p\u0159ipravovat na radik\u00e1ln\u00ed zm\u011bny, proto\u017ee Spojen\u00e9 kr\u00e1lovstv\u00ed p\u0159evzalo v\u011bt\u0161inu legislativy s drobn\u00fdmi \u00fapravami, aby mohla \u00fa\u010dinn\u011b fungovat v n\u00e1rodn\u00edm kontextu. Nap\u0159\u00edklad na\u0159\u00edzen\u00ed CLP bylo nahrazeno na\u0159\u00edzen\u00edm GB CLP a na\u0159\u00edzen\u00ed REACH EU na\u0159\u00edzen\u00edm UK REACH.<\/p>\n<p style=\"text-align: justify;\">Pod\u00edvejme se nyn\u00ed na zm\u011bny, kter\u00e9 lze o\u010dek\u00e1vat v nejd\u016fle\u017eit\u011bj\u0161\u00edch p\u0159edpisech chemick\u00e9 bezpe\u010dnosti.<\/p>\n<p>&nbsp;<\/p>\n<h2 style=\"text-align: justify;\">Zm\u011bny v z\u00e1kladn\u00edch po\u017eadavc\u00edch na chemickou bezpe\u010dnost<\/h2>\n<h3 style=\"text-align: justify;\"><span style=\"color: #333333;\">UK REACH<\/span><\/h3>\n<p style=\"text-align: justify;\">V p\u0159\u00edpad\u011b na\u0159\u00edzen\u00ed UK REACH jsou zachov\u00e1ny hlavn\u00ed z\u00e1sady (\u017e\u00e1dn\u00e1 data \u2013 \u017e\u00e1dn\u00fd trh; minimalizace test\u016f na zv\u00ed\u0159atech; p\u0159\u00edstup k informac\u00edm pro pracovn\u00edky; z\u00e1sada p\u0159edb\u011b\u017en\u00e9 opatrnosti atd.). UK REACH a EU REACH v\u0161ak funguj\u00ed nez\u00e1visle na sob\u011b.<\/p>\n<p style=\"text-align: justify;\">Pokud spole\u010dnost dod\u00e1v\u00e1 nebo nakupuje chemickou l\u00e1tku jak v EHP, tak ve Spojen\u00e9m kr\u00e1lovstv\u00ed, mus\u00ed dodr\u017eovat dva samostatn\u00e9 pr\u00e1vn\u00ed r\u00e1mce.<\/p>\n<p style=\"text-align: justify;\">Pokyny k dodr\u017eov\u00e1n\u00ed na\u0159\u00edzen\u00ed UK REACH naleznete na tomto <a href=\"https:\/\/www.gov.uk\/guidance\/how-to-comply-with-reach-chemical-regulations\">aktu\u00e1ln\u00edm odkazu<\/a>.<\/p>\n<p style=\"text-align: justify;\">Pro pomoc a dal\u0161\u00ed informace kontaktujte p\u0159\u00edslu\u0161n\u00fd n\u00e1rodn\u00ed org\u00e1n (HSE \u2013 Health and Safety Executive, britsk\u00fd org\u00e1n pro bezpe\u010dnost a ochranu zdrav\u00ed p\u0159i pr\u00e1ci).<\/p>\n<h3 style=\"text-align: justify;\"><span style=\"color: #333333;\">Biocidn\u00ed p\u0159\u00edpravky<\/span><\/h3>\n<p style=\"text-align: justify;\">Spojen\u00e9 kr\u00e1lovstv\u00ed rovn\u011b\u017e p\u0159evzalo na\u0159\u00edzen\u00ed o biocidn\u00edch p\u0159\u00edpravc\u00edch (BPR) s drobn\u00fdmi zm\u011bnami.<\/p>\n<p style=\"text-align: justify;\">Pokud chcete po\u017e\u00e1dat o schv\u00e1len\u00ed \u00fa\u010dinn\u00e9 l\u00e1tky nebo o povolen\u00ed biocidn\u00edho p\u0159\u00edpravku ve Spojen\u00e9m kr\u00e1lovstv\u00ed, mus\u00edte se obr\u00e1tit na HSE nam\u00edsto ECHA. HSE p\u0159eb\u00edr\u00e1 obdobn\u00e9 funkce jako ECHA, ale m\u00e1 vlastn\u00ed postupy pro zpracov\u00e1n\u00ed podan\u00fdch \u017e\u00e1dost\u00ed.<\/p>\n<p style=\"text-align: justify;\"><strong>Co se stane, pokud ji\u017e m\u00e1me platn\u00e9 povolen\u00ed pro biocidn\u00ed p\u0159\u00edpravek ve Spojen\u00e9m kr\u00e1lovstv\u00ed?<\/strong><\/p>\n<p style=\"text-align: justify;\">D\u0159\u00edve ud\u011blen\u00e1 povolen\u00ed biocidn\u00edch p\u0159\u00edpravk\u016f z\u016fst\u00e1vaj\u00ed platn\u00e1 a\u017e do data jejich vypr\u0161en\u00ed.<\/p>\n<p style=\"text-align: justify;\">Dr\u017eitel povolen\u00ed v\u0161ak musel m\u00edt s\u00eddlo ve Spojen\u00e9m kr\u00e1lovstv\u00ed do jednoho roku (do 1. ledna 2022). Schv\u00e1len\u00ed \u00fa\u010dinn\u00e9 l\u00e1tky z\u016fst\u00e1v\u00e1 rovn\u011b\u017e platn\u00e9 a\u017e do b\u011b\u017en\u00e9ho data vypr\u0161en\u00ed platnosti, ale informace p\u016fvodn\u011b p\u0159edlo\u017een\u00e9 p\u0159\u00edslu\u0161n\u00e9mu org\u00e1nu mus\u00ed b\u00fdt p\u0159edlo\u017eeny tak\u00e9 HSE.<\/p>\n<p style=\"text-align: justify;\"><strong>Co se stane, pokud je na\u0161e \u017e\u00e1dost pr\u00e1v\u011b zpracov\u00e1v\u00e1na?<\/strong><\/p>\n<p style=\"text-align: justify;\">HSE pokra\u010duje v procesu ud\u011blov\u00e1n\u00ed n\u00e1rodn\u00edho povolen\u00ed, ale je nutn\u00e9 znovu p\u0159edlo\u017eit informace podporuj\u00edc\u00ed p\u016fvodn\u00ed \u017e\u00e1dost.<\/p>\n<p style=\"text-align: justify;\">Britsk\u00e1 verze seznamu schv\u00e1len\u00fdch dodavatel\u016f \u00fa\u010dinn\u00fdch l\u00e1tek (seznam podle \u010dl\u00e1nku 95) byla vytvo\u0159ena na konci p\u0159echodn\u00e9ho obdob\u00ed na z\u00e1klad\u011b tehdej\u0161\u00edho seznamu EU.<\/p>\n<p style=\"text-align: justify;\">Pokud tedy byla spole\u010dnost na seznamu EU, byla automaticky za\u0159azena tak\u00e9 na britsk\u00fd seznam, ale aby na n\u011bm z\u016fstala, musela p\u0159edlo\u017eit dal\u0161\u00ed informace HSE. Na spln\u011bn\u00ed po\u017eadavk\u016f bylo stanoveno dvoulet\u00e9 obdob\u00ed.<\/p>\n<p>&nbsp;<\/p>\n<h3 style=\"text-align: justify;\"><span style=\"color: #333333;\">Na\u0159\u00edzen\u00ed PIC (p\u0159edchoz\u00ed informovan\u00fd souhlas)<\/span><\/h3>\n<p style=\"text-align: justify;\">Na\u0159\u00edzen\u00ed PIC (na\u0159\u00edzen\u00ed (EU) \u010d. 649\/2012) upravuje dovoz a v\u00fdvoz ur\u010dit\u00fdch nebezpe\u010dn\u00fdch chemick\u00fdch l\u00e1tek a ukl\u00e1d\u00e1 povinnosti spole\u010dnostem, kter\u00e9 cht\u011bj\u00ed tyto l\u00e1tky vyv\u00e1\u017eet do zem\u00ed mimo EU.<\/p>\n<p style=\"text-align: justify;\">Po skon\u010den\u00ed p\u0159echodn\u00e9ho obdob\u00ed se na spole\u010dnosti se s\u00eddlem ve Spojen\u00e9m kr\u00e1lovstv\u00ed na\u0159\u00edzen\u00ed PIC EU ji\u017e nevztahuje; v d\u016fsledku toho zanikla povinnost pod\u00e1vat hl\u00e1\u0161en\u00ed podle syst\u00e9mu EU.<\/p>\n<p style=\"text-align: justify;\"><strong>D\u016fle\u017eit\u00e9!<\/strong><\/p>\n<p style=\"text-align: justify;\">Je nutn\u00e9 obr\u00e1tit se na HSE a ov\u011b\u0159it, zda vznik\u00e1 oznamovac\u00ed povinnost podle nov\u00e9 n\u00e1rodn\u00ed legislativy.<\/p>\n<p style=\"text-align: justify;\">Na druhou stranu na\u0159\u00edzen\u00ed PIC z\u016fst\u00e1v\u00e1 v platnosti pro spole\u010dnosti se s\u00eddlem v EU. Pokud je tedy l\u00e1tka podl\u00e9haj\u00edc\u00ed PIC vyv\u00e1\u017eena do Spojen\u00e9ho kr\u00e1lovstv\u00ed nebo dov\u00e1\u017eena ze Spojen\u00e9ho kr\u00e1lovstv\u00ed, p\u0159\u00edslu\u0161n\u00e9 povinnosti podle EU PIC je st\u00e1le nutn\u00e9 plnit.<\/p>\n<p>&nbsp;<\/p>\n<h2 style=\"text-align: justify;\">Co se s brexitem nem\u011bn\u00ed<\/h2>\n<p style=\"text-align: justify;\">Na\u0159\u00edzen\u00ed CLP EU bylo ve Spojen\u00e9m kr\u00e1lovstv\u00ed nahrazeno na\u0159\u00edzen\u00edm GB CLP, kter\u00e9 v\u0161ak nad\u00e1le vych\u00e1z\u00ed ze syst\u00e9mu OSN GHS (Glob\u00e1ln\u011b harmonizovan\u00fd syst\u00e9m klasifikace a ozna\u010dov\u00e1n\u00ed chemick\u00fdch l\u00e1tek a sm\u011bs\u00ed). Spole\u010dnosti se s\u00eddlem ve Spojen\u00e9m kr\u00e1lovstv\u00ed proto z\u016fst\u00e1vaj\u00ed odpov\u011bdn\u00e9 za klasifikaci, ozna\u010dov\u00e1n\u00ed a balen\u00ed chemick\u00fdch l\u00e1tek a sm\u011bs\u00ed uv\u00e1d\u011bn\u00fdch na trh podle na\u0159\u00edzen\u00ed GB CLP. Stejn\u011b tak se v z\u00e1sad\u011b nem\u011bn\u00ed po\u017eadavky t\u00fdkaj\u00edc\u00ed se toho, kdy je <a href=\"https:\/\/www.msds-europe.com\/cs\/stitek-clp-oznacovani-v-praxi\/\">ozna\u010dov\u00e1n\u00ed<\/a> nezbytn\u00e9 (s v\u00fdjimkou p\u0159epravn\u00edho zna\u010den\u00ed), a po\u017eadavky na balen\u00ed tak\u00e9 z\u016fst\u00e1vaj\u00ed obdobn\u00e9.<\/p>\n<p style=\"text-align: justify;\">Dodavatel\u00e9 se s\u00eddlem ve Spojen\u00e9m kr\u00e1lovstv\u00ed nav\u00edc z\u016fst\u00e1vaj\u00ed odpov\u011bdn\u00ed za identifikaci (klasifikaci), testov\u00e1n\u00ed a hodnocen\u00ed potenci\u00e1ln\u00edch fyzik\u00e1ln\u00edch, zdravotn\u00edch a environment\u00e1ln\u00edch nebezpe\u010d\u00ed chemick\u00fdch l\u00e1tek.<\/p>\n<p>&nbsp;<\/p>\n<h2 style=\"text-align: justify;\">Shrnut\u00ed dopadu brexitu<\/h2>\n<p style=\"text-align: justify;\">Na z\u00e1klad\u011b dostupn\u00fdch ofici\u00e1ln\u00edch informac\u00ed se o\u010dek\u00e1val, \u017ee p\u0159echod bude efektivn\u00ed a relativn\u011b hladk\u00fd, proto\u017ee Spojen\u00e9 kr\u00e1lovstv\u00ed p\u0159evzalo v\u011bt\u0161inu legislativy s v\u00fd\u0161e uveden\u00fdmi drobn\u00fdmi zm\u011bnami. Krom\u011b toho existovala p\u0159echodn\u00e1 obdob\u00ed, b\u011bhem nich\u017e spole\u010dnosti mohly splnit nov\u00e9 po\u017eadavky.<\/p>\n<p style=\"text-align: justify;\">Spole\u010dnosti by v\u0161ak m\u011bly p\u0159ezkoumat svou situaci podle obou pr\u00e1vn\u00edch r\u00e1mc\u016f a podniknout nezbytn\u00e9 dodate\u010dn\u00e9 kroky (nap\u0159. p\u0159edlo\u017eit informace HSE). V p\u0159\u00edpad\u011b ot\u00e1zek t\u00fdkaj\u00edc\u00edch se Spojen\u00e9ho kr\u00e1lovstv\u00ed je mo\u017en\u00e9 obr\u00e1tit se na HSE (britsk\u00fd n\u00e1rodn\u00ed org\u00e1n) nam\u00edsto ECHA.<\/p>\n<h4><span style=\"color: #ff9900;\">Bezplatn\u00e1 online konzultace<\/span><\/h4>\n<p><span style=\"color: #000000;\">Pokud jste na na\u0161ich str\u00e1nk\u00e1ch nena\u0161li pot\u0159ebn\u00e9 informace, zeptejte se p\u0159\u00edmo na\u0161eho odborn\u00edka na chemickou bezpe\u010dnost.<\/span><\/p>\n<p><span style=\"color: #000000;\">Pro zasl\u00e1n\u00ed dotazu pou\u017eijte pros\u00edm n\u00e1sleduj\u00edc\u00ed formul\u00e1\u0159:<\/span><\/p>\n<a href=\"https:\/\/www.msds-europe.com\/cs\/online-konzultace\/\" class=\"su-button su-button-style-default\" style=\"color:#ffffff;background-color:#ef552d;border-color:#c04424;border-radius:6px\" target=\"_self\"><span style=\"color:#ffffff;padding:0px 18px;font-size:14px;line-height:28px;border-color:#f4886c;border-radius:6px;text-shadow:0px 0px 2px #ffffff\"> Zeptejte se na\u0161eho odborn\u00edka na chemickou bezpe\u010dnost!<\/span><\/a>\n<p>&nbsp;<\/p>\n<p>\u00a0<\/p>\n<h4>\u010casto kladen\u00e9 ot\u00e1zky a odpov\u011bdi<\/h4>\n<div class=\"su-spoiler su-spoiler-style-fancy su-spoiler-icon-chevron su-spoiler-closed\" data-scroll-offset=\"0\" data-anchor-in-url=\"no\"><div class=\"su-spoiler-title\" tabindex=\"0\" role=\"button\"><span class=\"su-spoiler-icon\"><\/span>Pot\u0159ebuji novou registraci UK REACH, pokud ji\u017e m\u00e1m registraci EU REACH pro stejnou l\u00e1tku?<\/div><div class=\"su-spoiler-content su-u-clearfix su-u-trim\">\n<p>Ano. Od 1. ledna 2021 ji\u017e registrace EU REACH nen\u00ed ve Spojen\u00e9m kr\u00e1lovstv\u00ed platn\u00e1, tak\u017ee l\u00e1tka mus\u00ed b\u00fdt samostatn\u011b ozn\u00e1mena \/ registrov\u00e1na podle UK REACH v r\u00e1mci p\u0159\u00edslu\u0161n\u00fdch p\u0159echodn\u00fdch lh\u016ft.<\/p>\n<\/div><\/div>\n<div class=\"su-spoiler su-spoiler-style-fancy su-spoiler-icon-chevron su-spoiler-closed\" data-scroll-offset=\"0\" data-anchor-in-url=\"no\"><div class=\"su-spoiler-title\" tabindex=\"0\" role=\"button\"><span class=\"su-spoiler-icon\"><\/span>Co znamen\u00e1 status \u201et\u0159et\u00ed zem\u011b\u201c pro v\u00fdvozce z EU?<\/div><div class=\"su-spoiler-content su-u-clearfix su-u-trim\">\n<p>Z\u00e1silky do Spojen\u00e9ho kr\u00e1lovstv\u00ed jsou nyn\u00ed v\u00fdvozy; britsk\u00fd z\u00e1kazn\u00edk se st\u00e1v\u00e1 dovozcem, co\u017e vyvol\u00e1v\u00e1 celn\u00ed a da\u0148ov\u00e9 povinnosti a tak\u00e9 pot\u0159ebu p\u0159ezkumu SDS a \u0161t\u00edtk\u016f.<\/p>\n<\/div><\/div>\n<div class=\"su-spoiler su-spoiler-style-fancy su-spoiler-icon-chevron su-spoiler-closed\" data-scroll-offset=\"0\" data-anchor-in-url=\"no\"><div class=\"su-spoiler-title\" tabindex=\"0\" role=\"button\"><span class=\"su-spoiler-icon\"><\/span>Zm\u011bn\u00ed se piktogramy GHS na britsk\u00e9m trhu?<\/div><div class=\"su-spoiler-content su-u-clearfix su-u-trim\">\n<p>Ne. Na\u0159\u00edzen\u00ed GB CLP nad\u00e1le vych\u00e1z\u00ed z OSN GHS, tak\u017ee piktogramy nebezpe\u010dnosti a v\u011bty H\/P z\u016fst\u00e1vaj\u00ed stejn\u00e9; m\u011bn\u00ed se p\u0159edev\u0161\u00edm pr\u00e1vn\u00ed odkaz.<\/p>\n<\/div><\/div>\n<div class=\"su-spoiler su-spoiler-style-fancy su-spoiler-icon-chevron su-spoiler-closed\" data-scroll-offset=\"0\" data-anchor-in-url=\"no\"><div class=\"su-spoiler-title\" tabindex=\"0\" role=\"button\"><span class=\"su-spoiler-icon\"><\/span>Co se stane s povolen\u00edmi biocidn\u00edch p\u0159\u00edpravk\u016f ji\u017e ud\u011blen\u00fdmi ve Spojen\u00e9m kr\u00e1lovstv\u00ed?<\/div><div class=\"su-spoiler-content su-u-clearfix su-u-trim\">\n<p>Z\u016fst\u00e1vaj\u00ed v platnosti a\u017e do vypr\u0161en\u00ed, ale dr\u017eitel povolen\u00ed musel do jednoho roku (do 1. ledna 2022) splnit po\u017eadavky v\u016f\u010di HSE a nov\u00e9 \u017e\u00e1dosti se pod\u00e1vaj\u00ed p\u0159\u00edmo britsk\u00e9mu org\u00e1nu.<\/p>\n<\/div><\/div>\n<p>\u00a0<\/p>\n","protected":false},"excerpt":{"rendered":"<p>MSDS-Europe \u2013 Kompas chemick\u00e9 bezpe\u010dnosti \u2013 Dopad brexitu na chemickou bezpe\u010dnost Spojen\u00e9 kr\u00e1lovstv\u00ed do konce p\u0159echodn\u00e9ho obdob\u00ed uplat\u0148ovalo pr\u00e1vn\u00ed p\u0159edpisy EU v oblasti chemick\u00e9 bezpe\u010dnosti. V d\u016fsledku brexitu a po skon\u010den\u00ed p\u0159echodn\u00e9ho obdob\u00ed (31. prosince 2020) se v\u0161ak Spojen\u00e9 kr\u00e1lovstv\u00ed stalo nez\u00e1visl\u00fdm na pr\u00e1vn\u00edm r\u00e1mci chemick\u00e9 bezpe\u010dnosti Evropsk\u00e9 unie. Jak\u00e9&#8230;<\/p>\n","protected":false},"author":2,"featured_media":0,"parent":0,"menu_order":0,"comment_status":"closed","ping_status":"closed","template":"","meta":{"_acf_changed":false,"footnotes":""},"tags":[],"class_list":["post-34670","page","type-page","status-publish","hentry"],"acf":[],"yoast_head":"<!-- This site is optimized with the Yoast SEO plugin v27.2 - https:\/\/yoast.com\/product\/yoast-seo-wordpress\/ -->\n<title>Dopad Brexitu na chemickou bezpe\u010dnost - MSDS Europe<\/title>\n<meta name=\"description\" content=\"Dopad Brexitu na chemickou bezpe\u010dnost ve vztahu k chemick\u00fdm l\u00e1tk\u00e1m dov\u00e1\u017een\u00fdm nebo vyv\u00e1\u017een\u00fdm ze\/do zem\u00ed EHP.\" \/>\n<meta name=\"robots\" content=\"index, follow, max-snippet:-1, max-image-preview:large, max-video-preview:-1\" \/>\n<link rel=\"canonical\" href=\"https:\/\/www.msds-europe.com\/cs\/brexit-chemicka-bezpecnost\/\" \/>\n<meta property=\"og:locale\" content=\"cs_CZ\" \/>\n<meta property=\"og:type\" content=\"article\" \/>\n<meta property=\"og:title\" content=\"Dopad Brexitu na chemickou bezpe\u010dnost - MSDS Europe\" \/>\n<meta property=\"og:description\" content=\"Dopad Brexitu na chemickou bezpe\u010dnost ve vztahu k chemick\u00fdm l\u00e1tk\u00e1m dov\u00e1\u017een\u00fdm nebo vyv\u00e1\u017een\u00fdm ze\/do zem\u00ed EHP.\" \/>\n<meta property=\"og:url\" content=\"https:\/\/www.msds-europe.com\/cs\/brexit-chemicka-bezpecnost\/\" \/>\n<meta property=\"og:site_name\" content=\"MSDS Europe\" \/>\n<meta property=\"article:publisher\" content=\"https:\/\/www.facebook.com\/toxinfokft\/\" \/>\n<meta property=\"article:modified_time\" content=\"2026-02-24T10:52:47+00:00\" \/>\n<meta name=\"twitter:card\" content=\"summary_large_image\" \/>\n<meta name=\"twitter:site\" content=\"@ToxInfoKft\" \/>\n<meta name=\"twitter:label1\" content=\"Odhadovan\u00e1 doba \u010dten\u00ed\" \/>\n\t<meta name=\"twitter:data1\" content=\"5 minut\" \/>\n<script type=\"application\/ld+json\" class=\"yoast-schema-graph\">{\"@context\":\"https:\/\/schema.org\",\"@graph\":[{\"@type\":\"WebPage\",\"@id\":\"https:\/\/www.msds-europe.com\/cs\/brexit-chemicka-bezpecnost\/\",\"url\":\"https:\/\/www.msds-europe.com\/cs\/brexit-chemicka-bezpecnost\/\",\"name\":\"Dopad Brexitu na chemickou bezpe\u010dnost - MSDS Europe\",\"isPartOf\":{\"@id\":\"https:\/\/www.msds-europe.com\/es\/#website\"},\"datePublished\":\"2025-09-02T13:29:15+00:00\",\"dateModified\":\"2026-02-24T10:52:47+00:00\",\"description\":\"Dopad Brexitu na chemickou bezpe\u010dnost ve vztahu k chemick\u00fdm l\u00e1tk\u00e1m dov\u00e1\u017een\u00fdm nebo vyv\u00e1\u017een\u00fdm ze\/do zem\u00ed EHP.\",\"breadcrumb\":{\"@id\":\"https:\/\/www.msds-europe.com\/cs\/brexit-chemicka-bezpecnost\/#breadcrumb\"},\"inLanguage\":\"cs\",\"potentialAction\":[{\"@type\":\"ReadAction\",\"target\":[\"https:\/\/www.msds-europe.com\/cs\/brexit-chemicka-bezpecnost\/\"]}]},{\"@type\":\"BreadcrumbList\",\"@id\":\"https:\/\/www.msds-europe.com\/cs\/brexit-chemicka-bezpecnost\/#breadcrumb\",\"itemListElement\":[{\"@type\":\"ListItem\",\"position\":1,\"name\":\"F\u0151oldal\",\"item\":\"https:\/\/www.msds-europe.com\/cs\/\"},{\"@type\":\"ListItem\",\"position\":2,\"name\":\"Dopad Brexitu na chemickou bezpe\u010dnost\"}]},{\"@type\":\"WebSite\",\"@id\":\"https:\/\/www.msds-europe.com\/es\/#website\",\"url\":\"https:\/\/www.msds-europe.com\/es\/\",\"name\":\"MSDS Europe\",\"description\":\"\",\"publisher\":{\"@id\":\"https:\/\/www.msds-europe.com\/es\/#organization\"},\"potentialAction\":[{\"@type\":\"SearchAction\",\"target\":{\"@type\":\"EntryPoint\",\"urlTemplate\":\"https:\/\/www.msds-europe.com\/es\/?s={search_term_string}\"},\"query-input\":{\"@type\":\"PropertyValueSpecification\",\"valueRequired\":true,\"valueName\":\"search_term_string\"}}],\"inLanguage\":\"cs\"},{\"@type\":\"Organization\",\"@id\":\"https:\/\/www.msds-europe.com\/es\/#organization\",\"name\":\"MSDS-Europe International branch of ToxInfo\",\"url\":\"https:\/\/www.msds-europe.com\/es\/\",\"logo\":{\"@type\":\"ImageObject\",\"inLanguage\":\"cs\",\"@id\":\"https:\/\/www.msds-europe.com\/es\/#\/schema\/logo\/image\/\",\"url\":\"https:\/\/www.msds-europe.com\/wp-content\/uploads\/2021\/04\/msds-europe-logo.jpg\",\"contentUrl\":\"https:\/\/www.msds-europe.com\/wp-content\/uploads\/2021\/04\/msds-europe-logo.jpg\",\"width\":2296,\"height\":1067,\"caption\":\"MSDS-Europe International branch of ToxInfo\"},\"image\":{\"@id\":\"https:\/\/www.msds-europe.com\/es\/#\/schema\/logo\/image\/\"},\"sameAs\":[\"https:\/\/www.facebook.com\/toxinfokft\/\",\"https:\/\/x.com\/ToxInfoKft\"]}]}<\/script>\n<!-- \/ Yoast SEO plugin. -->","yoast_head_json":{"title":"Dopad Brexitu na chemickou bezpe\u010dnost - MSDS Europe","description":"Dopad Brexitu na chemickou bezpe\u010dnost ve vztahu k chemick\u00fdm l\u00e1tk\u00e1m dov\u00e1\u017een\u00fdm nebo vyv\u00e1\u017een\u00fdm ze\/do zem\u00ed EHP.","robots":{"index":"index","follow":"follow","max-snippet":"max-snippet:-1","max-image-preview":"max-image-preview:large","max-video-preview":"max-video-preview:-1"},"canonical":"https:\/\/www.msds-europe.com\/cs\/brexit-chemicka-bezpecnost\/","og_locale":"cs_CZ","og_type":"article","og_title":"Dopad Brexitu na chemickou bezpe\u010dnost - MSDS Europe","og_description":"Dopad Brexitu na chemickou bezpe\u010dnost ve vztahu k chemick\u00fdm l\u00e1tk\u00e1m dov\u00e1\u017een\u00fdm nebo vyv\u00e1\u017een\u00fdm ze\/do zem\u00ed EHP.","og_url":"https:\/\/www.msds-europe.com\/cs\/brexit-chemicka-bezpecnost\/","og_site_name":"MSDS Europe","article_publisher":"https:\/\/www.facebook.com\/toxinfokft\/","article_modified_time":"2026-02-24T10:52:47+00:00","twitter_card":"summary_large_image","twitter_site":"@ToxInfoKft","twitter_misc":{"Odhadovan\u00e1 doba \u010dten\u00ed":"5 minut"},"schema":{"@context":"https:\/\/schema.org","@graph":[{"@type":"WebPage","@id":"https:\/\/www.msds-europe.com\/cs\/brexit-chemicka-bezpecnost\/","url":"https:\/\/www.msds-europe.com\/cs\/brexit-chemicka-bezpecnost\/","name":"Dopad Brexitu na chemickou bezpe\u010dnost - MSDS Europe","isPartOf":{"@id":"https:\/\/www.msds-europe.com\/es\/#website"},"datePublished":"2025-09-02T13:29:15+00:00","dateModified":"2026-02-24T10:52:47+00:00","description":"Dopad Brexitu na chemickou bezpe\u010dnost ve vztahu k chemick\u00fdm l\u00e1tk\u00e1m dov\u00e1\u017een\u00fdm nebo vyv\u00e1\u017een\u00fdm ze\/do zem\u00ed EHP.","breadcrumb":{"@id":"https:\/\/www.msds-europe.com\/cs\/brexit-chemicka-bezpecnost\/#breadcrumb"},"inLanguage":"cs","potentialAction":[{"@type":"ReadAction","target":["https:\/\/www.msds-europe.com\/cs\/brexit-chemicka-bezpecnost\/"]}]},{"@type":"BreadcrumbList","@id":"https:\/\/www.msds-europe.com\/cs\/brexit-chemicka-bezpecnost\/#breadcrumb","itemListElement":[{"@type":"ListItem","position":1,"name":"F\u0151oldal","item":"https:\/\/www.msds-europe.com\/cs\/"},{"@type":"ListItem","position":2,"name":"Dopad Brexitu na chemickou bezpe\u010dnost"}]},{"@type":"WebSite","@id":"https:\/\/www.msds-europe.com\/es\/#website","url":"https:\/\/www.msds-europe.com\/es\/","name":"MSDS Europe","description":"","publisher":{"@id":"https:\/\/www.msds-europe.com\/es\/#organization"},"potentialAction":[{"@type":"SearchAction","target":{"@type":"EntryPoint","urlTemplate":"https:\/\/www.msds-europe.com\/es\/?s={search_term_string}"},"query-input":{"@type":"PropertyValueSpecification","valueRequired":true,"valueName":"search_term_string"}}],"inLanguage":"cs"},{"@type":"Organization","@id":"https:\/\/www.msds-europe.com\/es\/#organization","name":"MSDS-Europe International branch of ToxInfo","url":"https:\/\/www.msds-europe.com\/es\/","logo":{"@type":"ImageObject","inLanguage":"cs","@id":"https:\/\/www.msds-europe.com\/es\/#\/schema\/logo\/image\/","url":"https:\/\/www.msds-europe.com\/wp-content\/uploads\/2021\/04\/msds-europe-logo.jpg","contentUrl":"https:\/\/www.msds-europe.com\/wp-content\/uploads\/2021\/04\/msds-europe-logo.jpg","width":2296,"height":1067,"caption":"MSDS-Europe International branch of ToxInfo"},"image":{"@id":"https:\/\/www.msds-europe.com\/es\/#\/schema\/logo\/image\/"},"sameAs":["https:\/\/www.facebook.com\/toxinfokft\/","https:\/\/x.com\/ToxInfoKft"]}]}},"_links":{"self":[{"href":"https:\/\/www.msds-europe.com\/cs\/wp-json\/wp\/v2\/pages\/34670","targetHints":{"allow":["GET"]}}],"collection":[{"href":"https:\/\/www.msds-europe.com\/cs\/wp-json\/wp\/v2\/pages"}],"about":[{"href":"https:\/\/www.msds-europe.com\/cs\/wp-json\/wp\/v2\/types\/page"}],"author":[{"embeddable":true,"href":"https:\/\/www.msds-europe.com\/cs\/wp-json\/wp\/v2\/users\/2"}],"replies":[{"embeddable":true,"href":"https:\/\/www.msds-europe.com\/cs\/wp-json\/wp\/v2\/comments?post=34670"}],"version-history":[{"count":4,"href":"https:\/\/www.msds-europe.com\/cs\/wp-json\/wp\/v2\/pages\/34670\/revisions"}],"predecessor-version":[{"id":37675,"href":"https:\/\/www.msds-europe.com\/cs\/wp-json\/wp\/v2\/pages\/34670\/revisions\/37675"}],"wp:attachment":[{"href":"https:\/\/www.msds-europe.com\/cs\/wp-json\/wp\/v2\/media?parent=34670"}],"wp:term":[{"taxonomy":"post_tag","embeddable":true,"href":"https:\/\/www.msds-europe.com\/cs\/wp-json\/wp\/v2\/tags?post=34670"}],"curies":[{"name":"wp","href":"https:\/\/api.w.org\/{rel}","templated":true}]}}