{"id":34632,"date":"2025-09-01T13:43:49","date_gmt":"2025-09-01T13:43:49","guid":{"rendered":"https:\/\/www.msds-europe.com\/?page_id=34632"},"modified":"2026-02-24T13:14:48","modified_gmt":"2026-02-24T13:14:48","slug":"prekladatelska-agentura-vs-specializovana-firma-sds","status":"publish","type":"page","link":"https:\/\/www.msds-europe.com\/cs\/prekladatelska-agentura-vs-specializovana-firma-sds\/","title":{"rendered":"P\u0159ekladatelsk\u00e1 agentura vs. specializovan\u00e1 firma: kdo by m\u011bl p\u0159ekl\u00e1dat bezpe\u010dnostn\u00ed list?"},"content":{"rendered":"<p style=\"text-align: right;\"><em><a href=\"https:\/\/www.msds-europe.com\/\">MSDS-Europe<\/a> \u2013 <a href=\"https:\/\/www.msds-europe.com\/cs\/nejcastejsi-dotazy-odpovedi-chemicka-bezpecnost\/\">Kompas chemick\u00e9 bezpe\u010dnosti<\/a><\/em> \u2013 <em>P\u0159ekladatelsk\u00e1 agentura vs. specializovan\u00e1 firma: kdo by m\u011bl p\u0159ekl\u00e1dat bezpe\u010dnostn\u00ed list?<\/em><\/p>\n<p>&nbsp;<\/p>\n<p style=\"text-align: justify;\">Pro firmy, kter\u00e9 pracuj\u00ed s nebezpe\u010dn\u00fdmi l\u00e1tkami a sm\u011bsmi, je <strong>kvalita p\u0159eklad\u016f bezpe\u010dnostn\u00edch list\u016f (SDS)<\/strong> z\u00e1sadn\u00ed.<\/p>\n<p style=\"text-align: justify;\"><a href=\"https:\/\/www.msds-europe.com\/cs\/zakladna-vedomostibezpecnostni-listy\/\">Bezpe\u010dnostn\u00ed list (SDS)<\/a> nen\u00ed pouze povinn\u00fd dokument; hraje z\u00e1sadn\u00ed roli p\u0159i zaji\u0161t\u011bn\u00ed <strong>chemick\u00e9 bezpe\u010dnosti<\/strong> na pracovi\u0161ti a pr\u00e1vn\u00edho souladu. Podle <a href=\"https:\/\/www.msds-europe.com\/cs\/regulacni-zmeny-v-oblasti-chemicke-bezpecnosti\/\">pravidel EU<\/a> mus\u00ed b\u00fdt <a href=\"https:\/\/www.msds-europe.com\/cs\/sds-jazykove-pozadavky\/\">SDS dod\u00e1v\u00e1ny v \u00fa\u0159edn\u00edm jazyce zem\u011b<\/a>, kde je v\u00fdrobek uv\u00e1d\u011bn na trh \u2013 jejich p\u0159eklad je tedy pr\u00e1vn\u00ed povinnost\u00ed. Chybn\u00fd p\u0159eklad m\u016f\u017ee v\u00e9st k nedorozum\u011bn\u00edm, bezpe\u010dnostn\u00edm rizik\u016fm a pr\u00e1vn\u00edm d\u016fsledk\u016fm.<\/p>\n<h3 style=\"text-align: justify;\"><strong>Vyvst\u00e1v\u00e1 tedy ot\u00e1zka: m\u00e1me si nechat SDS p\u0159ekl\u00e1dat p\u0159ekladatelskou agenturou, nebo specializovanou firmou na chemickou bezpe\u010dnost?<\/strong><\/h3>\n<p style=\"text-align: justify;\">N\u00ed\u017ee porovn\u00e1v\u00e1me oba p\u0159\u00edstupy, abychom v\u00e1m pomohli u\u010dinit informovan\u00e9 rozhodnut\u00ed.<\/p>\n<h4>P\u0159ekladatelsk\u00e1 agentura \u2013 jazykov\u00ed specialist\u00e9: v\u00fdhody a nev\u00fdhody<\/h4>\n<h5 style=\"text-align: justify;\"><span style=\"color: #000000;\"><strong>V\u00fdhody:<\/strong><\/span><\/h5>\n<p style=\"text-align: justify;\">Klasick\u00e1 agentura poskytuje profesion\u00e1ln\u00ed jazykov\u00e9 slu\u017eby, \u010dasto s rodil\u00fdmi mluv\u010d\u00edmi. Jejich hlavn\u00ed silou je jazykov\u00e1 spr\u00e1vnost a srozumitelnost. P\u0159ekl\u00e1daj\u00ed tak\u00e9 rychle do v\u00edce jazyk\u016f \u2013 co\u017e je u\u017eite\u010dn\u00e9, pokud m\u00e1 SDS doprov\u00e1zet v\u00fdrobek na v\u00edce trz\u00edch.<\/p>\n<p style=\"text-align: justify;\">Agentury nav\u00edc obvykle poskytuj\u00ed slevy za opakuj\u00edc\u00ed se segmenty, tak\u017ee rozs\u00e1hl\u00e9 nebo \u010d\u00e1ste\u010dn\u011b opakuj\u00edc\u00ed se dokumenty jsou n\u00e1kladov\u011b efektivn\u011bj\u0161\u00ed.<\/p>\n<h5 style=\"text-align: justify;\"><span style=\"color: #000000;\"><strong>Nev\u00fdhody:<\/strong><\/span><\/h5>\n<p style=\"text-align: justify;\">V\u011bt\u0161ina agentur nab\u00edz\u00ed obecnou jazykovou odbornost a nemus\u00ed m\u00edt hlub\u0161\u00ed znalosti o <a href=\"https:\/\/www.msds-europe.com\/cs\/bl-clp-cerven-2017\/\">na\u0159\u00edzen\u00ed CLP<\/a> nebo <a href=\"https:\/\/www.msds-europe.com\/cs\/zakladna-vedomosti-reach\/\">po\u017eadavc\u00edch REACH<\/a>. I technick\u00fdm p\u0159ekladatel\u016fm to m\u016f\u017ee \u010dinit pot\u00ed\u017ee: pr\u00e1vn\u00ed p\u0159edpisy vy\u017eaduj\u00ed, aby SDS byl vypracov\u00e1n odborn\u011b zp\u016fsobilou osobou \u2013 tedy kvalifikovanou a zku\u0161enou v oblasti chemick\u00e9 bezpe\u010dnosti.<\/p>\n<p style=\"text-align: justify;\">Samotn\u00fd jazykov\u00fd specialista tedy tuto podm\u00ednku nemus\u00ed spl\u0148ovat. I kdy\u017e agentura zad\u00e1 pr\u00e1ci zku\u0161en\u00e9mu technick\u00e9mu p\u0159ekladateli, terminologie, t\u0159\u00eddy nebezpe\u010dnosti nebo pr\u00e1vn\u00ed odkazy mohou b\u00fdt chybn\u011b interpretov\u00e1ny.<\/p>\n<p style=\"text-align: justify;\">Proto je \u010dasto nutn\u00e1 <a href=\"https:\/\/www.msds-europe.com\/cs\/preklad-bezpecnostniho-listu\/\">odborn\u00e1 revize<\/a> p\u0159ekladu expertem na chemickou bezpe\u010dnost. To p\u0159id\u00e1v\u00e1 \u010das i n\u00e1klady a \u010d\u00e1ste\u010dn\u011b ru\u0161\u00ed v\u00fdhody agentury.<\/p>\n<p style=\"text-align: justify;\">P\u0159i takov\u00e9 revizi m\u016f\u017ee b\u00fdt pot\u0159eba doplnit chyb\u011bj\u00edc\u00ed \u00fadaje, ov\u011b\u0159it \u010d\u00edsla CAS\/ES, ur\u010dit spr\u00e1vnou klasifikaci a doplnit hodnoty OEL \u2013 co\u017e je kl\u00ed\u010dov\u00e9 pro pr\u00e1vn\u00ed soulad a p\u0159ijet\u00ed na trhu.<\/p>\n<h4>Specializovan\u00e1 firma na chemickou bezpe\u010dnost \u2013 odbornost a soulad s p\u0159edpisy<\/h4>\n<p style=\"text-align: justify;\">Specializovan\u00e9 firmy se soust\u0159ed\u00ed na dokumenty, jako jsou SDS. Maj\u00ed pot\u0159ebn\u00e9 <strong>know-how a zku\u0161enosti<\/strong>, aby zajistily, \u017ee p\u0159eklad SDS bude nejen jazykov\u011b spr\u00e1vn\u00fd, ale i v souladu s p\u0159edpisy. Zam\u011bstn\u00e1vaj\u00ed <em>odborn\u011b zp\u016fsobil\u00e9 osoby<\/em>, kter\u00e9 sleduj\u00ed v\u00fdvoj v REACH, CLP apod. Jejich v\u00fdstup \u010dasto odpov\u00edd\u00e1 <a href=\"https:\/\/www.msds-europe.com\/cs\/sestaveni-vytvoreni-bezpecnostniho-listu\/\">nov\u011b vypracovan\u00e9mu SDS<\/a>, p\u0159izp\u016fsoben\u00e9mu m\u00edstn\u00edm po\u017eadavk\u016fm.<\/p>\n<p style=\"text-align: justify;\">Znaj\u00ed <strong>ofici\u00e1ln\u00ed terminologii<\/strong> a v\u011bd\u00ed, kter\u00e9 \u010d\u00e1sti mus\u00ed b\u00fdt p\u0159evzaty p\u0159esn\u011b podle legislativy (nap\u0159. standardn\u00ed v\u011bty o nebezpe\u010dnosti H a pokyny pro bezpe\u010dn\u00e9 zach\u00e1zen\u00ed P).<\/p>\n<p style=\"text-align: justify;\">Kontroluj\u00ed tak\u00e9 <a href=\"https:\/\/www.msds-europe.com\/cs\/sds-priprava-uvod\/\">klasifikaci a H\/P v\u011bty<\/a>; pokud zdrojov\u00fd dokument obsahuje chyby nebo zastaral\u00e9 \u00fadaje (nap\u0159. zm\u011bn\u011bn\u00e9 limity nebo novou klasifikaci podle CLP), upozorn\u00ed na to a oprav\u00ed je. To zaji\u0161\u0165uje, \u017ee p\u0159elo\u017een\u00fd SDS je pou\u017eiteln\u00fd a pr\u00e1vn\u011b vyhovuj\u00edc\u00ed v c\u00edlov\u00e9 zemi.<\/p>\n<p style=\"text-align: justify;\">Specializovan\u00e1 odbornost je pr\u00e9miov\u00e1 slu\u017eba a m\u016f\u017ee b\u00fdt dra\u017e\u0161\u00ed ne\u017e slu\u017eby obecn\u00e9 agentury, ale minimalizuje rizika.<\/p>\n<h4>D\u016fsledky a odpov\u011bdnost za chybn\u00fd p\u0159eklad<\/h4>\n<p style=\"text-align: justify;\">Chybn\u00fd p\u0159eklad SDS m\u016f\u017ee zp\u016fsobit <strong>nespr\u00e1vnou klasifikaci nebo ozna\u010den\u00ed<\/strong>, ohrozit bezpe\u010dnost i pov\u011bst spole\u010dnosti.<\/p>\n<p style=\"text-align: justify;\">Z pr\u00e1vn\u00edho hlediska z\u016fst\u00e1v\u00e1 za SDS odpov\u011bdn\u00e1 firma, kter\u00e1 uv\u00e1d\u00ed v\u00fdrobek na trh (v\u00fdrobce\/dovozce). I kdy\u017e p\u0159eklad provedla agentura, <strong>odpov\u011bdnost nese dodavatel<\/strong> podle REACH. Nep\u0159esn\u00e9 informace mohou v\u00e9st k pokut\u00e1m nebo v krajn\u00edch p\u0159\u00edpadech k pr\u00e1vn\u00edm postih\u016fm.<\/p>\n<h4>Kter\u00e9 \u0159e\u0161en\u00ed zvolit?<\/h4>\n<p style=\"text-align: justify;\">P\u0159eklad SDS vy\u017eaduje jak jazykovou p\u0159esnost, tak odbornou spr\u00e1vnost. Pokud m\u00e1 va\u0161e firma intern\u00edho experta na chemickou bezpe\u010dnost, kter\u00fd n\u00e1vrh zkontroluje, m\u016f\u017ee posta\u010dit agentura. Bez takov\u00e9 odbornosti je bezpe\u010dn\u011bj\u0161\u00ed volbou specializovan\u00e1 firma \u2013 poskytuje vy\u0161\u0161\u00ed jistotu souladu s p\u0159edpisy a sni\u017euje dlouhodob\u00e1 rizika.<\/p>\n<p>&nbsp;<\/p>\n<h3 style=\"background: white; margin: 0cm 0cm 15.0pt 0cm;\"><span style=\"font-size: 18.0pt; font-family: 'Arial',sans-serif; color: #e67817;\">Dal\u0161\u00ed dotazy?<\/span><\/h3>\n<p style=\"background: white;\"><span style=\"font-size: 11.5pt; font-family: 'Arial',sans-serif; color: black;\">Kontaktujte na\u0161e <a href=\"https:\/\/www.msds-europe.com\/cs\/zakaznicke-sluzby\/\">z\u00e1kaznick\u00e9 odd\u011blen\u00ed<\/a> nebo se obra\u0165te na na\u0161eho experta <a href=\"https:\/\/www.msds-europe.com\/cs\/online-konzultace\/\">online<\/a>.<\/span><\/p>\n<a href=\"https:\/\/www.msds-europe.com\/cs\/zakaznicke-sluzby\/\" class=\"su-button su-button-style-default\" style=\"color:#ef552d;background-color:#fefefe;border-color:#cccccc;border-radius:6px\" target=\"_self\"><span style=\"color:#ef552d;padding:0px 18px;font-size:14px;line-height:28px;border-color:#ffffff;border-radius:6px;text-shadow:none\"> Z\u00e1kaznick\u00e9 odd\u011blen\u00ed<\/span><\/a> <a href=\"https:\/\/www.msds-europe.com\/online-consultation\/\" class=\"su-button su-button-style-default\" style=\"color:#ffffff;background-color:#ef552d;border-color:#c04424;border-radius:6px\" target=\"_self\"><span style=\"color:#ffffff;padding:0px 18px;font-size:14px;line-height:28px;border-color:#f4886c;border-radius:6px;text-shadow:0px 0px 2px #ffffff\"> Zeptejte se experta<\/span><\/a>\n<p>&nbsp;<\/p>\n<p>\u00a0<\/p>\n<p><strong><span style=\"color: #333333;\">Doporu\u010den\u00e9 slu\u017eby:<\/span><\/strong><\/p>\n<ul>\n<li>Slu\u017eby SDS: <a href=\"https:\/\/www.msds-europe.com\/cs\/sestaveni-vytvoreni-bezpecnostniho-listu\/\">Vypracov\u00e1n\u00ed SDS<\/a>, <a href=\"https:\/\/www.msds-europe.com\/cs\/preklad-bezpecnostniho-listu\/\">P\u0159eklad SDS<\/a>, <a href=\"https:\/\/www.msds-europe.com\/cs\/bezpecnostni-list-revize-aktualizace\/\">Revize SDS<\/a><\/li>\n<li>CLP <a href=\"https:\/\/www.msds-europe.com\/cs\/vytvoreni-navrhu-etikety\/\">n\u00e1vrh etikety<\/a><\/li>\n<li><a href=\"https:\/\/www.msds-europe.com\/cs\/ufi-sluzby\/\">Ozn\u00e1men\u00ed PCN nebezpe\u010dn\u00fdch sm\u011bs\u00ed<\/a><\/li>\n<\/ul>\n<p>&nbsp;<\/p>\n<p><strong>U\u017eite\u010dn\u00e9 \u010dl\u00e1nky:<\/strong><\/p>\n<ul>\n<li><a href=\"https:\/\/www.msds-europe.com\/cs\/nejcastejsi-dotazy-odpovedi-chemicka-bezpecnost\/\">Kompas chemick\u00e9 bezpe\u010dnosti<\/a><\/li>\n<li><a href=\"https:\/\/www.msds-europe.com\/cs\/nejcastejsi-dotazy-odpovedi-chemicka-bezpecnost\/\">FAQ \u2013 \u010casto kladen\u00e9 dotazy<\/a><\/li>\n<li><a href=\"https:\/\/www.msds-europe.com\/cs\/regulacni-zmeny-v-oblasti-chemicke-bezpecnosti\/\">Sledov\u00e1n\u00ed legislativn\u00edch zm\u011bn<\/a><\/li>\n<\/ul>\n<p>&nbsp;<\/p>\n<h4>Rychl\u00e9 ot\u00e1zky a odpov\u011bdi<\/h4>\n<div class=\"su-spoiler su-spoiler-style-fancy su-spoiler-icon-chevron su-spoiler-closed\" data-scroll-offset=\"0\" data-anchor-in-url=\"no\"><div class=\"su-spoiler-title\" tabindex=\"0\" role=\"button\"><span class=\"su-spoiler-icon\"><\/span>Jak\u00fd je rozd\u00edl mezi obecnou p\u0159ekladatelskou agenturou a specializovanou firmou p\u0159i p\u0159ekladu SDS?<\/div><div class=\"su-spoiler-content su-u-clearfix su-u-trim\">\nSpecializovan\u00e1 firma zaji\u0161\u0165uje nejen jazykovou spr\u00e1vnost, ale i odbornou a legislativn\u00ed kontrolu (REACH, CLP), tak\u017ee v\u00fdsledn\u00fd p\u0159eklad je pou\u017eiteln\u00fd v praxi a v souladu s po\u017eadavky.<br \/>\n<\/div><\/div>\n<div class=\"su-spoiler su-spoiler-style-fancy su-spoiler-icon-chevron su-spoiler-closed\" data-scroll-offset=\"0\" data-anchor-in-url=\"no\"><div class=\"su-spoiler-title\" tabindex=\"0\" role=\"button\"><span class=\"su-spoiler-icon\"><\/span>Pro\u010d m\u016f\u017ee p\u0159eklad SDS u specializovan\u00e9 firmy st\u00e1t v\u00edce?<\/div><div class=\"su-spoiler-content su-u-clearfix su-u-trim\">\nSou\u010d\u00e1st\u00ed slu\u017eby b\u00fdv\u00e1 odborn\u00e1 kontrola klasifikace, terminologie a pr\u00e1vn\u00edch odkaz\u016f. T\u00edm se v\u00fdrazn\u011b sni\u017euje riziko chyb, pokut a n\u00e1sledn\u00fdch oprav.<br \/>\n<\/div><\/div>\n<div class=\"su-spoiler su-spoiler-style-fancy su-spoiler-icon-chevron su-spoiler-closed\" data-scroll-offset=\"0\" data-anchor-in-url=\"no\"><div class=\"su-spoiler-title\" tabindex=\"0\" role=\"button\"><span class=\"su-spoiler-icon\"><\/span>Jak\u00e9 jsou dopady chybn\u00e9ho p\u0159ekladu SDS?<\/div><div class=\"su-spoiler-content su-u-clearfix su-u-trim\">\nM\u016f\u017ee v\u00e9st k nespr\u00e1vn\u00e9 klasifikaci nebo ozna\u010den\u00ed, co\u017e znamen\u00e1 bezpe\u010dnostn\u00ed rizika, probl\u00e9my p\u0159i kontrol\u00e1ch a pr\u00e1vn\u00ed odpov\u011bdnost dodavatele.<br \/>\n<\/div><\/div>\n<div class=\"su-spoiler su-spoiler-style-fancy su-spoiler-icon-chevron su-spoiler-closed\" data-scroll-offset=\"0\" data-anchor-in-url=\"no\"><div class=\"su-spoiler-title\" tabindex=\"0\" role=\"button\"><span class=\"su-spoiler-icon\"><\/span>Kdy sta\u010d\u00ed agentura a kdy je nutn\u00e1 specializovan\u00e1 firma?<\/div><div class=\"su-spoiler-content su-u-clearfix su-u-trim\">\nPokud pot\u0159ebujete pouze jazykov\u00fd p\u0159eklad a m\u00e1te intern\u00edho odborn\u00edka, kter\u00fd SDS zkontroluje, agentura m\u016f\u017ee posta\u010dit. Bez intern\u00ed odbornosti je vhodn\u011bj\u0161\u00ed specializovan\u00e1 firma nebo alespo\u0148 odborn\u00e1 revize.<br \/>\n<\/div><\/div>\n","protected":false},"excerpt":{"rendered":"<p>MSDS-Europe \u2013 Kompas chemick\u00e9 bezpe\u010dnosti \u2013 P\u0159ekladatelsk\u00e1 agentura vs. specializovan\u00e1 firma: kdo by m\u011bl p\u0159ekl\u00e1dat bezpe\u010dnostn\u00ed list? &nbsp; Pro firmy, kter\u00e9 pracuj\u00ed s nebezpe\u010dn\u00fdmi l\u00e1tkami a sm\u011bsmi, je kvalita p\u0159eklad\u016f bezpe\u010dnostn\u00edch list\u016f (SDS) z\u00e1sadn\u00ed. Bezpe\u010dnostn\u00ed list (SDS) nen\u00ed pouze povinn\u00fd dokument; hraje z\u00e1sadn\u00ed roli p\u0159i zaji\u0161t\u011bn\u00ed chemick\u00e9 bezpe\u010dnosti na pracovi\u0161ti&#8230;<\/p>\n","protected":false},"author":2,"featured_media":0,"parent":0,"menu_order":0,"comment_status":"closed","ping_status":"closed","template":"","meta":{"_acf_changed":false,"footnotes":""},"tags":[],"class_list":["post-34632","page","type-page","status-publish","hentry"],"acf":[],"yoast_head":"<!-- This site is optimized with the Yoast SEO plugin v27.2 - https:\/\/yoast.com\/product\/yoast-seo-wordpress\/ -->\n<title>P\u0159ekladatelsk\u00e1 agentura vs. specializovan\u00e1 firma<\/title>\n<meta name=\"description\" content=\"P\u0159eklad bezpe\u010dnostn\u00edch list\u016f s plnou legislativn\u00ed shodou a odbornou kontrolou. Kdy se vyplat\u00ed spolupracovat se specializovanou firmou?\" \/>\n<meta name=\"robots\" content=\"index, follow, max-snippet:-1, max-image-preview:large, max-video-preview:-1\" \/>\n<link rel=\"canonical\" href=\"https:\/\/www.msds-europe.com\/cs\/prekladatelska-agentura-vs-specializovana-firma-sds\/\" \/>\n<meta property=\"og:locale\" content=\"cs_CZ\" \/>\n<meta property=\"og:type\" content=\"article\" \/>\n<meta property=\"og:title\" content=\"P\u0159ekladatelsk\u00e1 agentura vs. specializovan\u00e1 firma\" \/>\n<meta property=\"og:description\" content=\"P\u0159eklad bezpe\u010dnostn\u00edch list\u016f s plnou legislativn\u00ed shodou a odbornou kontrolou. Kdy se vyplat\u00ed spolupracovat se specializovanou firmou?\" \/>\n<meta property=\"og:url\" content=\"https:\/\/www.msds-europe.com\/cs\/prekladatelska-agentura-vs-specializovana-firma-sds\/\" \/>\n<meta property=\"og:site_name\" content=\"MSDS Europe\" \/>\n<meta property=\"article:publisher\" content=\"https:\/\/www.facebook.com\/toxinfokft\/\" \/>\n<meta property=\"article:modified_time\" content=\"2026-02-24T13:14:48+00:00\" \/>\n<meta name=\"twitter:card\" content=\"summary_large_image\" \/>\n<meta name=\"twitter:site\" content=\"@ToxInfoKft\" \/>\n<meta name=\"twitter:label1\" content=\"Odhadovan\u00e1 doba \u010dten\u00ed\" \/>\n\t<meta name=\"twitter:data1\" content=\"4 minuty\" \/>\n<script type=\"application\/ld+json\" class=\"yoast-schema-graph\">{\"@context\":\"https:\/\/schema.org\",\"@graph\":[{\"@type\":\"WebPage\",\"@id\":\"https:\/\/www.msds-europe.com\/cs\/prekladatelska-agentura-vs-specializovana-firma-sds\/\",\"url\":\"https:\/\/www.msds-europe.com\/cs\/prekladatelska-agentura-vs-specializovana-firma-sds\/\",\"name\":\"P\u0159ekladatelsk\u00e1 agentura vs. specializovan\u00e1 firma\",\"isPartOf\":{\"@id\":\"https:\/\/www.msds-europe.com\/es\/#website\"},\"datePublished\":\"2025-09-01T13:43:49+00:00\",\"dateModified\":\"2026-02-24T13:14:48+00:00\",\"description\":\"P\u0159eklad bezpe\u010dnostn\u00edch list\u016f s plnou legislativn\u00ed shodou a odbornou kontrolou. Kdy se vyplat\u00ed spolupracovat se specializovanou firmou?\",\"breadcrumb\":{\"@id\":\"https:\/\/www.msds-europe.com\/cs\/prekladatelska-agentura-vs-specializovana-firma-sds\/#breadcrumb\"},\"inLanguage\":\"cs\",\"potentialAction\":[{\"@type\":\"ReadAction\",\"target\":[\"https:\/\/www.msds-europe.com\/cs\/prekladatelska-agentura-vs-specializovana-firma-sds\/\"]}]},{\"@type\":\"BreadcrumbList\",\"@id\":\"https:\/\/www.msds-europe.com\/cs\/prekladatelska-agentura-vs-specializovana-firma-sds\/#breadcrumb\",\"itemListElement\":[{\"@type\":\"ListItem\",\"position\":1,\"name\":\"F\u0151oldal\",\"item\":\"https:\/\/www.msds-europe.com\/cs\/\"},{\"@type\":\"ListItem\",\"position\":2,\"name\":\"P\u0159ekladatelsk\u00e1 agentura vs. specializovan\u00e1 firma: kdo by m\u011bl p\u0159ekl\u00e1dat bezpe\u010dnostn\u00ed list?\"}]},{\"@type\":\"WebSite\",\"@id\":\"https:\/\/www.msds-europe.com\/es\/#website\",\"url\":\"https:\/\/www.msds-europe.com\/es\/\",\"name\":\"MSDS Europe\",\"description\":\"\",\"publisher\":{\"@id\":\"https:\/\/www.msds-europe.com\/es\/#organization\"},\"potentialAction\":[{\"@type\":\"SearchAction\",\"target\":{\"@type\":\"EntryPoint\",\"urlTemplate\":\"https:\/\/www.msds-europe.com\/es\/?s={search_term_string}\"},\"query-input\":{\"@type\":\"PropertyValueSpecification\",\"valueRequired\":true,\"valueName\":\"search_term_string\"}}],\"inLanguage\":\"cs\"},{\"@type\":\"Organization\",\"@id\":\"https:\/\/www.msds-europe.com\/es\/#organization\",\"name\":\"MSDS-Europe International branch of ToxInfo\",\"url\":\"https:\/\/www.msds-europe.com\/es\/\",\"logo\":{\"@type\":\"ImageObject\",\"inLanguage\":\"cs\",\"@id\":\"https:\/\/www.msds-europe.com\/es\/#\/schema\/logo\/image\/\",\"url\":\"https:\/\/www.msds-europe.com\/wp-content\/uploads\/2021\/04\/msds-europe-logo.jpg\",\"contentUrl\":\"https:\/\/www.msds-europe.com\/wp-content\/uploads\/2021\/04\/msds-europe-logo.jpg\",\"width\":2296,\"height\":1067,\"caption\":\"MSDS-Europe International branch of ToxInfo\"},\"image\":{\"@id\":\"https:\/\/www.msds-europe.com\/es\/#\/schema\/logo\/image\/\"},\"sameAs\":[\"https:\/\/www.facebook.com\/toxinfokft\/\",\"https:\/\/x.com\/ToxInfoKft\"]}]}<\/script>\n<!-- \/ Yoast SEO plugin. -->","yoast_head_json":{"title":"P\u0159ekladatelsk\u00e1 agentura vs. specializovan\u00e1 firma","description":"P\u0159eklad bezpe\u010dnostn\u00edch list\u016f s plnou legislativn\u00ed shodou a odbornou kontrolou. Kdy se vyplat\u00ed spolupracovat se specializovanou firmou?","robots":{"index":"index","follow":"follow","max-snippet":"max-snippet:-1","max-image-preview":"max-image-preview:large","max-video-preview":"max-video-preview:-1"},"canonical":"https:\/\/www.msds-europe.com\/cs\/prekladatelska-agentura-vs-specializovana-firma-sds\/","og_locale":"cs_CZ","og_type":"article","og_title":"P\u0159ekladatelsk\u00e1 agentura vs. specializovan\u00e1 firma","og_description":"P\u0159eklad bezpe\u010dnostn\u00edch list\u016f s plnou legislativn\u00ed shodou a odbornou kontrolou. Kdy se vyplat\u00ed spolupracovat se specializovanou firmou?","og_url":"https:\/\/www.msds-europe.com\/cs\/prekladatelska-agentura-vs-specializovana-firma-sds\/","og_site_name":"MSDS Europe","article_publisher":"https:\/\/www.facebook.com\/toxinfokft\/","article_modified_time":"2026-02-24T13:14:48+00:00","twitter_card":"summary_large_image","twitter_site":"@ToxInfoKft","twitter_misc":{"Odhadovan\u00e1 doba \u010dten\u00ed":"4 minuty"},"schema":{"@context":"https:\/\/schema.org","@graph":[{"@type":"WebPage","@id":"https:\/\/www.msds-europe.com\/cs\/prekladatelska-agentura-vs-specializovana-firma-sds\/","url":"https:\/\/www.msds-europe.com\/cs\/prekladatelska-agentura-vs-specializovana-firma-sds\/","name":"P\u0159ekladatelsk\u00e1 agentura vs. specializovan\u00e1 firma","isPartOf":{"@id":"https:\/\/www.msds-europe.com\/es\/#website"},"datePublished":"2025-09-01T13:43:49+00:00","dateModified":"2026-02-24T13:14:48+00:00","description":"P\u0159eklad bezpe\u010dnostn\u00edch list\u016f s plnou legislativn\u00ed shodou a odbornou kontrolou. Kdy se vyplat\u00ed spolupracovat se specializovanou firmou?","breadcrumb":{"@id":"https:\/\/www.msds-europe.com\/cs\/prekladatelska-agentura-vs-specializovana-firma-sds\/#breadcrumb"},"inLanguage":"cs","potentialAction":[{"@type":"ReadAction","target":["https:\/\/www.msds-europe.com\/cs\/prekladatelska-agentura-vs-specializovana-firma-sds\/"]}]},{"@type":"BreadcrumbList","@id":"https:\/\/www.msds-europe.com\/cs\/prekladatelska-agentura-vs-specializovana-firma-sds\/#breadcrumb","itemListElement":[{"@type":"ListItem","position":1,"name":"F\u0151oldal","item":"https:\/\/www.msds-europe.com\/cs\/"},{"@type":"ListItem","position":2,"name":"P\u0159ekladatelsk\u00e1 agentura vs. specializovan\u00e1 firma: kdo by m\u011bl p\u0159ekl\u00e1dat bezpe\u010dnostn\u00ed list?"}]},{"@type":"WebSite","@id":"https:\/\/www.msds-europe.com\/es\/#website","url":"https:\/\/www.msds-europe.com\/es\/","name":"MSDS Europe","description":"","publisher":{"@id":"https:\/\/www.msds-europe.com\/es\/#organization"},"potentialAction":[{"@type":"SearchAction","target":{"@type":"EntryPoint","urlTemplate":"https:\/\/www.msds-europe.com\/es\/?s={search_term_string}"},"query-input":{"@type":"PropertyValueSpecification","valueRequired":true,"valueName":"search_term_string"}}],"inLanguage":"cs"},{"@type":"Organization","@id":"https:\/\/www.msds-europe.com\/es\/#organization","name":"MSDS-Europe International branch of ToxInfo","url":"https:\/\/www.msds-europe.com\/es\/","logo":{"@type":"ImageObject","inLanguage":"cs","@id":"https:\/\/www.msds-europe.com\/es\/#\/schema\/logo\/image\/","url":"https:\/\/www.msds-europe.com\/wp-content\/uploads\/2021\/04\/msds-europe-logo.jpg","contentUrl":"https:\/\/www.msds-europe.com\/wp-content\/uploads\/2021\/04\/msds-europe-logo.jpg","width":2296,"height":1067,"caption":"MSDS-Europe International branch of ToxInfo"},"image":{"@id":"https:\/\/www.msds-europe.com\/es\/#\/schema\/logo\/image\/"},"sameAs":["https:\/\/www.facebook.com\/toxinfokft\/","https:\/\/x.com\/ToxInfoKft"]}]}},"_links":{"self":[{"href":"https:\/\/www.msds-europe.com\/cs\/wp-json\/wp\/v2\/pages\/34632","targetHints":{"allow":["GET"]}}],"collection":[{"href":"https:\/\/www.msds-europe.com\/cs\/wp-json\/wp\/v2\/pages"}],"about":[{"href":"https:\/\/www.msds-europe.com\/cs\/wp-json\/wp\/v2\/types\/page"}],"author":[{"embeddable":true,"href":"https:\/\/www.msds-europe.com\/cs\/wp-json\/wp\/v2\/users\/2"}],"replies":[{"embeddable":true,"href":"https:\/\/www.msds-europe.com\/cs\/wp-json\/wp\/v2\/comments?post=34632"}],"version-history":[{"count":6,"href":"https:\/\/www.msds-europe.com\/cs\/wp-json\/wp\/v2\/pages\/34632\/revisions"}],"predecessor-version":[{"id":37762,"href":"https:\/\/www.msds-europe.com\/cs\/wp-json\/wp\/v2\/pages\/34632\/revisions\/37762"}],"wp:attachment":[{"href":"https:\/\/www.msds-europe.com\/cs\/wp-json\/wp\/v2\/media?parent=34632"}],"wp:term":[{"taxonomy":"post_tag","embeddable":true,"href":"https:\/\/www.msds-europe.com\/cs\/wp-json\/wp\/v2\/tags?post=34632"}],"curies":[{"name":"wp","href":"https:\/\/api.w.org\/{rel}","templated":true}]}}