{"id":34591,"date":"2025-09-01T12:11:23","date_gmt":"2025-09-01T12:11:23","guid":{"rendered":"https:\/\/www.msds-europe.com\/?page_id=34591"},"modified":"2026-04-22T12:24:19","modified_gmt":"2026-04-22T12:24:19","slug":"informace-o-bds-pro-dalsi-uzivatele","status":"publish","type":"page","link":"https:\/\/www.msds-europe.com\/cs\/informace-o-bds-pro-dalsi-uzivatele\/","title":{"rendered":"U\u017eite\u010dn\u00e9 informace pro dal\u0161\u00ed u\u017eivatele o bezpe\u010dnostn\u00edch listech"},"content":{"rendered":"<p style=\"text-align: right;\"><em><a href=\"https:\/\/www.msds-europe.com\/cs\/zakladna-vedomostibezpecnostni-listy\/\">Znalostn\u00ed b\u00e1ze o bezpe\u010dnostn\u00edch listech<\/a> \u2013 O bezpe\u010dnostn\u00edm listu pro n\u00e1sledn\u00e9 u\u017eivatele<\/em><\/p>\n<p>&nbsp;<\/p>\n<h2 style=\"text-align: justify;\">Bezpe\u010dnostn\u00ed list jako komunika\u010dn\u00ed n\u00e1stroj<\/h2>\n<p style=\"text-align: justify;\">Bezpe\u010dnostn\u00ed listy jsou d\u016fle\u017eit\u00fdm komunika\u010dn\u00edm n\u00e1strojem v dodavatelsk\u00e9m \u0159et\u011bzci. Pom\u00e1haj\u00ed v\u0161em \u010dlen\u016fm dodavatelsk\u00e9ho \u0159et\u011bzce plnit jejich odpov\u011bdnosti souvisej\u00edc\u00ed s \u0159\u00edzen\u00edm rizik vypl\u00fdvaj\u00edc\u00edch z pou\u017e\u00edv\u00e1n\u00ed l\u00e1tek a sm\u011bs\u00ed.<\/p>\n<p style=\"text-align: justify;\">N\u00e1sledn\u00ed u\u017eivatel\u00e9 jsou prost\u0159ednictv\u00edm bezpe\u010dnostn\u00edho listu informov\u00e1ni o rizic\u00edch vypl\u00fdvaj\u00edc\u00edch z jejich identifikovan\u00e9ho pou\u017eit\u00ed a o opat\u0159en\u00edch, kter\u00e1 je t\u0159eba p\u0159ijmout k \u0159\u00edzen\u00ed t\u011bchto rizik.<\/p>\n<p>&nbsp;<\/p>\n<h2 style=\"text-align: justify;\">Sc\u00e9n\u00e1\u0159 expozice<\/h2>\n<p style=\"text-align: justify;\">N\u011bkter\u00e9 bezpe\u010dnostn\u00ed listy maj\u00ed p\u0159\u00edlohu naz\u00fdvanou sc\u00e9n\u00e1\u0159 expozice. <a href=\"https:\/\/www.msds-europe.com\/checking-implementing-exposure-scenario\/\">Sc\u00e9n\u00e1\u0159 expozice<\/a> poskytuje p\u0159esn\u011bj\u0161\u00ed \u00fadaje o bezpe\u010dn\u00e9m pou\u017eit\u00ed a omezov\u00e1n\u00ed expozice ne\u017e bezpe\u010dnostn\u00ed list.<\/p>\n<p style=\"text-align: justify;\">Pokud sc\u00e9n\u00e1\u0159 expozice nepokr\u00fdv\u00e1 zam\u00fd\u0161len\u00e9 pou\u017eit\u00ed, je nutn\u00e9 kontaktovat dodavatele. V opa\u010dn\u00e9m p\u0159\u00edpad\u011b by m\u011bli n\u00e1sledn\u00ed u\u017eivatel\u00e9 vypracovat vlastn\u00ed <a href=\"https:\/\/www.msds-europe.com\/cs\/nejcastejsi-dotazy-odpovedi-chemicka-bezpecnost\/\">zpr\u00e1vu o chemick\u00e9 bezpe\u010dnosti<\/a> n\u00e1sledn\u00e9ho u\u017eivatele.<\/p>\n<p>&nbsp;<\/p>\n<h2 style=\"text-align: justify;\">\u00dakoly k proveden\u00ed, pokud neobdr\u017e\u00edte bezpe\u010dnostn\u00ed list pro zakoupenou l\u00e1tku\/sm\u011bs<\/h2>\n<p style=\"text-align: justify;\">To neznamen\u00e1, \u017ee nemus\u00edte zav\u00e1d\u011bt (a sd\u011blovat dal\u0161\u00edm \u010dlen\u016fm dodavatelsk\u00e9ho \u0159et\u011bzce) opat\u0159en\u00ed k \u0159\u00edzen\u00ed rizik, kter\u00e1 dodavatel jinak poskytuje (v p\u00edsemn\u00e9m prohl\u00e1\u0161en\u00ed, v technick\u00e9m listu, ve specifikac\u00edch atd.).<\/p>\n<p style=\"text-align: justify;\">Skute\u010dnost, \u017ee jste neobdr\u017eeli bezpe\u010dnostn\u00ed list, pravd\u011bpodobn\u011b znamen\u00e1, \u017ee l\u00e1tka nebo sm\u011bs nen\u00ed pova\u017eov\u00e1na za nebezpe\u010dnou.<\/p>\n<p style=\"text-align: justify;\">Nicm\u00e9n\u011b byste m\u011bli dodavatele kontaktovat a po\u017e\u00e1dat o bezpe\u010dnostn\u00ed list (v n\u011bkter\u00fdch p\u0159\u00edpadech legislativa umo\u017e\u0148uje dodavatel\u016fm poskytnout bezpe\u010dnostn\u00ed list pouze na vy\u017e\u00e1d\u00e1n\u00ed).<\/p>\n<p>&nbsp;<\/p>\n<h2 style=\"text-align: justify;\">\u00dakoly k proveden\u00ed po obdr\u017een\u00ed bezpe\u010dnostn\u00edho listu<\/h2>\n<p style=\"text-align: justify;\">Je t\u0159eba zkontrolovat, zda bezpe\u010dnostn\u00ed list obsahuje registra\u010dn\u00ed \u010d\u00edslo REACH.<\/p>\n<p style=\"text-align: justify;\">Pokud je registra\u010dn\u00ed \u010d\u00edslo uvedeno v bezpe\u010dnostn\u00edm listu, m\u00e1te jako n\u00e1sledn\u00fd u\u017eivatel 12 m\u011bs\u00edc\u016f na spln\u011bn\u00ed po\u017eadavk\u016f REACH stanoven\u00fdch pro n\u00e1sledn\u00e9 u\u017eivatele.<\/p>\n<p style=\"text-align: justify;\">Pokud l\u00e1tka dosud nebyla registrov\u00e1na a nebylo vyd\u00e1no registra\u010dn\u00ed \u010d\u00edslo, je t\u0159eba \u0159\u00eddit se pokyny uveden\u00fdmi v bezpe\u010dnostn\u00edm listu.<\/p>\n<p style=\"text-align: justify;\">Je t\u0159eba zkontrolovat informace o nebezpe\u010dnosti a o \u0159\u00edzen\u00ed rizik. Rovn\u011b\u017e je nutn\u00e9 zkontrolovat zaveden\u00ed opat\u0159en\u00ed k \u0159\u00edzen\u00ed rizik a to, zda n\u011bkter\u00e1 l\u00e1tka p\u0159\u00edtomn\u00e1 samostatn\u011b nebo jako sou\u010d\u00e1st sm\u011bsi nepodl\u00e9h\u00e1 povolen\u00ed nebo omezen\u00ed.<\/p>\n<p style=\"text-align: justify;\">Pokud dodavatel nepodporuje ur\u010dit\u00e1 pou\u017eit\u00ed s c\u00edlem chr\u00e1nit lidsk\u00e9 zdrav\u00ed nebo \u017eivotn\u00ed prost\u0159ed\u00ed, mus\u00ed to uv\u00e9st v odd\u00edlu 16 bezpe\u010dnostn\u00edho listu nebo mezi informacemi poskytnut\u00fdmi v souladu s \u010dl\u00e1nkem 32. Pokud takov\u00e9 nedoporu\u010den\u00ed nen\u00ed od\u016fvodn\u011bno, m\u00e1 n\u00e1sledn\u00fd u\u017eivatel pr\u00e1vo po\u017eadovat dal\u0161\u00ed informace nebo od\u016fvodn\u011bn\u00ed.<\/p>\n<p>&nbsp;<\/p>\n<h3 style=\"text-align: justify;\">\u00dakol k proveden\u00ed v p\u0159\u00edpad\u011b nedoporu\u010den\u00fdch pou\u017eit\u00ed<\/h3>\n<ul>\n<li style=\"text-align: justify;\">Mus\u00edte ukon\u010dit pou\u017e\u00edv\u00e1n\u00ed l\u00e1tky nebo sm\u011bsi.<\/li>\n<li style=\"text-align: justify;\">Bezpe\u010dn\u00e9 pou\u017eit\u00ed lze prok\u00e1zat vytvo\u0159en\u00edm zpr\u00e1vy o chemick\u00e9 bezpe\u010dnosti n\u00e1sledn\u00e9ho u\u017eivatele. Za t\u00edmto \u00fa\u010delem je t\u0159eba posoudit pou\u017eit\u00ed l\u00e1tky nebo sm\u011bsi podrobn\u011bji ne\u017e dodavatel a p\u0159\u00edpadn\u011b upravit podm\u00ednky pou\u017eit\u00ed.<\/li>\n<\/ul>\n<p>&nbsp;<\/p>\n<h3 style=\"text-align: justify;\">\u00dakoly n\u00e1sledn\u00fdch u\u017eivatel\u016f vyr\u00e1b\u011bj\u00edc\u00edch sm\u011bsi ve vztahu k bezpe\u010dnostn\u00edm list\u016fm<\/h3>\n<p style=\"text-align: justify;\">Po proveden\u00ed <a href=\"https:\/\/www.msds-europe.com\/cs\/sestaveni-vytvoreni-bezpecnostniho-listu\/\">klasifikace<\/a> budete schopni ur\u010dit, zda byste m\u011bli z\u00e1kazn\u00edk\u016fm poskytnout bezpe\u010dnostn\u00ed list k p\u0159\u00edslu\u0161n\u00e9 sm\u011bsi.<\/p>\n<p>&nbsp;<\/p>\n<h2 style=\"text-align: justify;\">Bezpe\u010dnostn\u00ed list mus\u00ed b\u00fdt poskytnut profesion\u00e1ln\u00edm u\u017eivatel\u016fm v n\u00e1sleduj\u00edc\u00edch p\u0159\u00edpadech<\/h2>\n<ul>\n<li style=\"text-align: justify;\">Pokud je l\u00e1tka nebo sm\u011bs klasifikov\u00e1na jako nebezpe\u010dn\u00e1<\/li>\n<li style=\"text-align: justify;\">Pokud je l\u00e1tka perzistentn\u00ed, bioakumulativn\u00ed a toxick\u00e1 (PBT) nebo vysoce perzistentn\u00ed a vysoce bioakumulativn\u00ed (vPvB) v souladu s krit\u00e9rii uveden\u00fdmi v p\u0159\u00edloze XIII<\/li>\n<li style=\"text-align: justify;\">Pokud je l\u00e1tka uvedena na kandid\u00e1tsk\u00e9m seznamu podle \u010dl\u00e1nku 59 odst. 1<\/li>\n<\/ul>\n<p>&nbsp;<\/p>\n<h3 style=\"text-align: justify;\">Pokud sm\u011bs nen\u00ed pova\u017eov\u00e1na za nebezpe\u010dnou, z\u00e1kazn\u00edk m\u016f\u017ee po\u017eadovat bezpe\u010dnostn\u00ed list v n\u00e1sleduj\u00edc\u00edch p\u0159\u00edpadech<\/h3>\n<ul>\n<li style=\"text-align: justify;\">Obsahuje nebezpe\u010dnou l\u00e1tku v koncentraci \u2265 1 % hmotnostn\u011b pro neplynn\u00e9 sm\u011bsi.<\/li>\n<li style=\"text-align: justify;\">Obsahuje nebezpe\u010dnou l\u00e1tku v koncentraci \u2265 0,2 % objemov\u011b pro plynn\u00e9 sm\u011bsi.<\/li>\n<li style=\"text-align: justify;\">Obsahuje v individu\u00e1ln\u00ed koncentraci \u2265 0,1 % hmotnostn\u011b (pro neplynn\u00e9 sm\u011bsi) alespo\u0148 jednu l\u00e1tku klasifikovanou jako: karcinogenn\u00ed (kategorie 2); toxickou pro reprodukci (kategorie 1A, 1B nebo 2); senzibilizuj\u00edc\u00ed k\u016f\u017ei (kategorie 1); senzibilizuj\u00edc\u00ed d\u00fdchac\u00ed cesty (kategorie 1); s \u00fa\u010dinky na laktaci nebo prost\u0159ednictv\u00edm laktace; nebo l\u00e1tku spl\u0148uj\u00edc\u00ed krit\u00e9ria PBT nebo vPvB podle p\u0159\u00edlohy XIII.<\/li>\n<li style=\"text-align: justify;\">Pokud obsahuje l\u00e1tku uvedenou na kandid\u00e1tsk\u00e9m seznamu podle \u010dl\u00e1nku 59 odst. 1.<\/li>\n<li style=\"text-align: justify;\">Obsahuje l\u00e1tku, pro kterou existuj\u00ed evropsk\u00e9 limitn\u00ed hodnoty expozice na pracovi\u0161ti.<\/li>\n<\/ul>\n<p>&nbsp;<\/p>\n<p style=\"text-align: justify;\">V p\u0159\u00edpadech, kdy nejsou spln\u011bny v\u00fd\u0161e uveden\u00e9 v\u00fdjimky \u2013 a tud\u00ed\u017e nen\u00ed nutn\u00e9 sestavovat bezpe\u010dnostn\u00ed list \u2013 mus\u00ed dodavatel\u00e9 poskytnout n\u00e1sleduj\u00edc\u00ed informace v\u0161em sv\u00fdm n\u00e1sledn\u00fdm u\u017eivatel\u016fm a distributor\u016fm (\u010dl\u00e1nek 32 REACH):<\/p>\n<ul>\n<li style=\"text-align: justify;\">Pokud l\u00e1tka podl\u00e9h\u00e1 povolen\u00ed, podrobnosti o ud\u011blen\u00e9m povolen\u00ed nebo, pokud bylo povolen\u00ed zam\u00edtnuto, p\u0159\u00edslu\u0161n\u00e9 informace o omezen\u00edch.<\/li>\n<li style=\"text-align: justify;\">Jak\u00e9koli relevantn\u00ed informace o l\u00e1tce, kter\u00e9 jsou nezbytn\u00e9 pro identifikaci a uplatn\u011bn\u00ed vhodn\u00fdch opat\u0159en\u00ed k \u0159\u00edzen\u00ed rizik.<\/li>\n<li style=\"text-align: justify;\">Registra\u010dn\u00ed \u010d\u00edslo\/\u010d\u00edsla, pokud jsou k dispozici, pro v\u0161echny l\u00e1tky, pro kter\u00e9 jsou poskytov\u00e1ny informace podle v\u00fd\u0161e uveden\u00fdch bod\u016f.<\/li>\n<\/ul>\n<p>&nbsp;<\/p>\n<p style=\"text-align: justify;\">Bezpe\u010dnostn\u00ed list se nevy\u017eaduje pro nebezpe\u010dn\u00e9 l\u00e1tky nebo sm\u011bsi ur\u010den\u00e9 pro spot\u0159ebitelsk\u00e9 pou\u017eit\u00ed, pokud jsou poskytnuty dostate\u010dn\u00e9 informace, kter\u00e9 u\u017eivatel\u016fm umo\u017en\u00ed p\u0159ijmout nezbytn\u00e1 opat\u0159en\u00ed k ochran\u011b lidsk\u00e9ho zdrav\u00ed, bezpe\u010dnosti a \u017eivotn\u00edho prost\u0159ed\u00ed, leda\u017ee o n\u011bj n\u00e1sledn\u00fd u\u017eivatel nebo distributor v\u00fdslovn\u011b po\u017e\u00e1d\u00e1.<\/p>\n<p style=\"text-align: justify;\">N\u00e1\u0161 \u010dl\u00e1nek o obsahu a form\u00e1tov\u00fdch prvc\u00edch bezpe\u010dnostn\u00edho listu naleznete <a href=\"https:\/\/www.msds-europe.com\/cs\/bl-clp-cerven-2017\/\">zde<\/a>.<\/p>\n<p>&nbsp;<\/p>\n<h3 style=\"text-align: justify;\"><span style=\"color: #333333;\">Nab\u00edzen\u00e9 slu\u017eby<\/span><\/h3>\n<ul>\n<li style=\"text-align: justify;\"><a href=\"https:\/\/www.msds-europe.com\/cs\/preklad-bezpecnostniho-listu\/\">P\u0159eklad bezpe\u010dnostn\u00edch list\u016f<\/a><\/li>\n<li style=\"text-align: justify;\"><a href=\"https:\/\/www.msds-europe.com\/cs\/bezpecnostni-list-revize-aktualizace\/\">Revize a aktualizace bezpe\u010dnostn\u00edch list\u016f<\/a><\/li>\n<li style=\"text-align: justify;\"><a href=\"https:\/\/www.msds-europe.com\/cs\/cs-vytvoreni-bezpecnostniho-listu\/\">Sestaven\u00ed a vytvo\u0159en\u00ed bezpe\u010dnostn\u00edho listu<\/a><\/li>\n<\/ul>\n<p>&nbsp;<\/p>\n<h3><span style=\"color: #333333;\">Rychl\u00e9 ot\u00e1zky a odpov\u011bdi<\/span><\/h3>\n<p style=\"text-align: justify;\"><div class=\"su-spoiler su-spoiler-style-fancy su-spoiler-icon-chevron su-spoiler-closed\" data-scroll-offset=\"0\" data-anchor-in-url=\"no\"><div class=\"su-spoiler-title\" tabindex=\"0\" role=\"button\"><span class=\"su-spoiler-icon\"><\/span>Pro\u010d je bezpe\u010dnostn\u00ed list d\u016fle\u017eit\u00fdm komunika\u010dn\u00edm n\u00e1strojem v dodavatelsk\u00e9m \u0159et\u011bzci?<\/div><div class=\"su-spoiler-content su-u-clearfix su-u-trim\">\nProto\u017ee jednotn\u011b sd\u011bluje rizika a nezbytn\u00e1 opat\u0159en\u00ed k \u0159\u00edzen\u00ed rizik v\u0161em \u00fa\u010dastn\u00edk\u016fm, \u010d\u00edm\u017e jim pom\u00e1h\u00e1 splnit jejich pr\u00e1vn\u00ed povinnosti.<br \/>\n<\/div><\/div>\n<p style=\"text-align: justify;\"><div class=\"su-spoiler su-spoiler-style-fancy su-spoiler-icon-chevron su-spoiler-closed\" data-scroll-offset=\"0\" data-anchor-in-url=\"no\"><div class=\"su-spoiler-title\" tabindex=\"0\" role=\"button\"><span class=\"su-spoiler-icon\"><\/span>Co je t\u0159eba ud\u011blat, pokud sc\u00e9n\u00e1\u0159 expozice nepokr\u00fdv\u00e1 zam\u00fd\u0161len\u00e9 pou\u017eit\u00ed?<\/div><div class=\"su-spoiler-content su-u-clearfix su-u-trim\">\nKontaktovat dodavatele kv\u016fli roz\u0161\u00ed\u0159en\u00ed; jinak mus\u00ed n\u00e1sledn\u00fd u\u017eivatel vypracovat vlastn\u00ed zpr\u00e1vu o chemick\u00e9 bezpe\u010dnosti n\u00e1sledn\u00e9ho u\u017eivatele.<br \/>\n<\/div><\/div>\n<p style=\"text-align: justify;\"><div class=\"su-spoiler su-spoiler-style-fancy su-spoiler-icon-chevron su-spoiler-closed\" data-scroll-offset=\"0\" data-anchor-in-url=\"no\"><div class=\"su-spoiler-title\" tabindex=\"0\" role=\"button\"><span class=\"su-spoiler-icon\"><\/span>Co je nutn\u00e9 zkontrolovat po obdr\u017een\u00ed bezpe\u010dnostn\u00edho listu a jak\u00e1 lh\u016fta plat\u00ed pro spln\u011bn\u00ed povinnost\u00ed?<\/div><div class=\"su-spoiler-content su-u-clearfix su-u-trim\">\nZkontrolovat registra\u010dn\u00ed \u010d\u00edslo REACH, informace o nebezpe\u010dnosti\/opat\u0159en\u00edch k \u0159\u00edzen\u00ed rizik a p\u0159\u00edpadn\u00e9 povinnosti povolen\u00ed nebo omezen\u00ed; pokud je uvedeno registra\u010dn\u00ed \u010d\u00edslo, maj\u00ed n\u00e1sledn\u00ed u\u017eivatel\u00e9 12 m\u011bs\u00edc\u016f na spln\u011bn\u00ed povinnost\u00ed podle REACH.<br \/>\n<\/div><\/div>\n<p style=\"text-align: justify;\"><div class=\"su-spoiler su-spoiler-style-fancy su-spoiler-icon-chevron su-spoiler-closed\" data-scroll-offset=\"0\" data-anchor-in-url=\"no\"><div class=\"su-spoiler-title\" tabindex=\"0\" role=\"button\"><span class=\"su-spoiler-icon\"><\/span>Kdy je povinn\u00e9 poskytnout bezpe\u010dnostn\u00ed list a lze jej po\u017eadovat i v p\u0159\u00edpad\u011b, \u017ee sm\u011bs nen\u00ed nebezpe\u010dn\u00e1?<\/div><div class=\"su-spoiler-content su-u-clearfix su-u-trim\">\nJe povinn\u00fd pro nebezpe\u010dn\u00e9 l\u00e1tky\/sm\u011bsi, PBT\/vPvB nebo l\u00e1tky uveden\u00e9 na kandid\u00e1tsk\u00e9m seznamu; pro neklasifikovan\u00e9 sm\u011bsi jej lze p\u0159esto po\u017eadovat, pokud obsahuj\u00ed ur\u010dit\u00e9 mno\u017estv\u00ed nebezpe\u010dn\u00fdch l\u00e1tek (nap\u0159. v neplynn\u00fdch\/plynn\u00fdch sm\u011bs\u00edch), l\u00e1tky PBT\/vPvB, kandid\u00e1tsk\u00e9 nebo l\u00e1tky s evropsk\u00fdmi limitn\u00edmi hodnotami expozice na pracovi\u0161ti.<br \/>\n<\/div><\/div>\n<p>&nbsp;<\/p>\n","protected":false},"excerpt":{"rendered":"<p>Znalostn\u00ed b\u00e1ze o bezpe\u010dnostn\u00edch listech \u2013 O bezpe\u010dnostn\u00edm listu pro n\u00e1sledn\u00e9 u\u017eivatele &nbsp; Bezpe\u010dnostn\u00ed list jako komunika\u010dn\u00ed n\u00e1stroj Bezpe\u010dnostn\u00ed listy jsou d\u016fle\u017eit\u00fdm komunika\u010dn\u00edm n\u00e1strojem v dodavatelsk\u00e9m \u0159et\u011bzci. Pom\u00e1haj\u00ed v\u0161em \u010dlen\u016fm dodavatelsk\u00e9ho \u0159et\u011bzce plnit jejich odpov\u011bdnosti souvisej\u00edc\u00ed s \u0159\u00edzen\u00edm rizik vypl\u00fdvaj\u00edc\u00edch z pou\u017e\u00edv\u00e1n\u00ed l\u00e1tek a sm\u011bs\u00ed. N\u00e1sledn\u00ed u\u017eivatel\u00e9 jsou prost\u0159ednictv\u00edm bezpe\u010dnostn\u00edho&#8230;<\/p>\n","protected":false},"author":2,"featured_media":0,"parent":0,"menu_order":0,"comment_status":"closed","ping_status":"closed","template":"","meta":{"_acf_changed":false,"footnotes":""},"tags":[244,358],"class_list":["post-34591","page","type-page","status-publish","hentry","tag-bezpecnostni-list-cs","tag-zakladna-vedomosti-pro-bezpecnostni-listy-cs"],"acf":[],"yoast_head":"<!-- This site is optimized with the Yoast SEO plugin v27.2 - https:\/\/yoast.com\/product\/yoast-seo-wordpress\/ -->\n<title>U\u017eite\u010dn\u00e9 informace pro dal\u0161\u00ed u\u017eivatele o bezpe\u010dnostn\u00edch listech<\/title>\n<meta name=\"description\" content=\"\u00dakoly dal\u0161\u00edch u\u017eivatel\u016f v souvislosti s obdr\u017een\u00fdm bezpe\u010dnostn\u00edm listem. Co d\u011blat, pokud BL nedostanete, a jak\u00e9 povinnosti vypl\u00fdvaj\u00ed SDS.\" \/>\n<meta name=\"robots\" content=\"index, follow, max-snippet:-1, max-image-preview:large, max-video-preview:-1\" \/>\n<link rel=\"canonical\" href=\"https:\/\/www.msds-europe.com\/cs\/informace-o-bds-pro-dalsi-uzivatele\/\" \/>\n<meta property=\"og:locale\" content=\"cs_CZ\" \/>\n<meta property=\"og:type\" content=\"article\" \/>\n<meta property=\"og:title\" content=\"U\u017eite\u010dn\u00e9 informace pro dal\u0161\u00ed u\u017eivatele o bezpe\u010dnostn\u00edch listech\" \/>\n<meta property=\"og:description\" content=\"\u00dakoly dal\u0161\u00edch u\u017eivatel\u016f v souvislosti s obdr\u017een\u00fdm bezpe\u010dnostn\u00edm listem. Co d\u011blat, pokud BL nedostanete, a jak\u00e9 povinnosti vypl\u00fdvaj\u00ed SDS.\" \/>\n<meta property=\"og:url\" content=\"https:\/\/www.msds-europe.com\/cs\/informace-o-bds-pro-dalsi-uzivatele\/\" \/>\n<meta property=\"og:site_name\" content=\"MSDS Europe\" \/>\n<meta property=\"article:publisher\" content=\"https:\/\/www.facebook.com\/toxinfokft\/\" \/>\n<meta property=\"article:modified_time\" content=\"2026-04-22T12:24:19+00:00\" \/>\n<meta name=\"twitter:card\" content=\"summary_large_image\" \/>\n<meta name=\"twitter:site\" content=\"@ToxInfoKft\" \/>\n<meta name=\"twitter:label1\" content=\"Odhadovan\u00e1 doba \u010dten\u00ed\" \/>\n\t<meta name=\"twitter:data1\" content=\"4 minuty\" \/>\n<script type=\"application\/ld+json\" class=\"yoast-schema-graph\">{\"@context\":\"https:\/\/schema.org\",\"@graph\":[{\"@type\":\"WebPage\",\"@id\":\"https:\/\/www.msds-europe.com\/cs\/informace-o-bds-pro-dalsi-uzivatele\/\",\"url\":\"https:\/\/www.msds-europe.com\/cs\/informace-o-bds-pro-dalsi-uzivatele\/\",\"name\":\"U\u017eite\u010dn\u00e9 informace pro dal\u0161\u00ed u\u017eivatele o bezpe\u010dnostn\u00edch listech\",\"isPartOf\":{\"@id\":\"https:\/\/www.msds-europe.com\/es\/#website\"},\"datePublished\":\"2025-09-01T12:11:23+00:00\",\"dateModified\":\"2026-04-22T12:24:19+00:00\",\"description\":\"\u00dakoly dal\u0161\u00edch u\u017eivatel\u016f v souvislosti s obdr\u017een\u00fdm bezpe\u010dnostn\u00edm listem. Co d\u011blat, pokud BL nedostanete, a jak\u00e9 povinnosti vypl\u00fdvaj\u00ed SDS.\",\"breadcrumb\":{\"@id\":\"https:\/\/www.msds-europe.com\/cs\/informace-o-bds-pro-dalsi-uzivatele\/#breadcrumb\"},\"inLanguage\":\"cs\",\"potentialAction\":[{\"@type\":\"ReadAction\",\"target\":[\"https:\/\/www.msds-europe.com\/cs\/informace-o-bds-pro-dalsi-uzivatele\/\"]}]},{\"@type\":\"BreadcrumbList\",\"@id\":\"https:\/\/www.msds-europe.com\/cs\/informace-o-bds-pro-dalsi-uzivatele\/#breadcrumb\",\"itemListElement\":[{\"@type\":\"ListItem\",\"position\":1,\"name\":\"F\u0151oldal\",\"item\":\"https:\/\/www.msds-europe.com\/cs\/\"},{\"@type\":\"ListItem\",\"position\":2,\"name\":\"U\u017eite\u010dn\u00e9 informace pro dal\u0161\u00ed u\u017eivatele o bezpe\u010dnostn\u00edch listech\"}]},{\"@type\":\"WebSite\",\"@id\":\"https:\/\/www.msds-europe.com\/es\/#website\",\"url\":\"https:\/\/www.msds-europe.com\/es\/\",\"name\":\"MSDS Europe\",\"description\":\"\",\"publisher\":{\"@id\":\"https:\/\/www.msds-europe.com\/es\/#organization\"},\"potentialAction\":[{\"@type\":\"SearchAction\",\"target\":{\"@type\":\"EntryPoint\",\"urlTemplate\":\"https:\/\/www.msds-europe.com\/es\/?s={search_term_string}\"},\"query-input\":{\"@type\":\"PropertyValueSpecification\",\"valueRequired\":true,\"valueName\":\"search_term_string\"}}],\"inLanguage\":\"cs\"},{\"@type\":\"Organization\",\"@id\":\"https:\/\/www.msds-europe.com\/es\/#organization\",\"name\":\"MSDS-Europe International branch of ToxInfo\",\"url\":\"https:\/\/www.msds-europe.com\/es\/\",\"logo\":{\"@type\":\"ImageObject\",\"inLanguage\":\"cs\",\"@id\":\"https:\/\/www.msds-europe.com\/es\/#\/schema\/logo\/image\/\",\"url\":\"https:\/\/www.msds-europe.com\/wp-content\/uploads\/2021\/04\/msds-europe-logo.jpg\",\"contentUrl\":\"https:\/\/www.msds-europe.com\/wp-content\/uploads\/2021\/04\/msds-europe-logo.jpg\",\"width\":2296,\"height\":1067,\"caption\":\"MSDS-Europe International branch of ToxInfo\"},\"image\":{\"@id\":\"https:\/\/www.msds-europe.com\/es\/#\/schema\/logo\/image\/\"},\"sameAs\":[\"https:\/\/www.facebook.com\/toxinfokft\/\",\"https:\/\/x.com\/ToxInfoKft\"]}]}<\/script>\n<!-- \/ Yoast SEO plugin. -->","yoast_head_json":{"title":"U\u017eite\u010dn\u00e9 informace pro dal\u0161\u00ed u\u017eivatele o bezpe\u010dnostn\u00edch listech","description":"\u00dakoly dal\u0161\u00edch u\u017eivatel\u016f v souvislosti s obdr\u017een\u00fdm bezpe\u010dnostn\u00edm listem. Co d\u011blat, pokud BL nedostanete, a jak\u00e9 povinnosti vypl\u00fdvaj\u00ed SDS.","robots":{"index":"index","follow":"follow","max-snippet":"max-snippet:-1","max-image-preview":"max-image-preview:large","max-video-preview":"max-video-preview:-1"},"canonical":"https:\/\/www.msds-europe.com\/cs\/informace-o-bds-pro-dalsi-uzivatele\/","og_locale":"cs_CZ","og_type":"article","og_title":"U\u017eite\u010dn\u00e9 informace pro dal\u0161\u00ed u\u017eivatele o bezpe\u010dnostn\u00edch listech","og_description":"\u00dakoly dal\u0161\u00edch u\u017eivatel\u016f v souvislosti s obdr\u017een\u00fdm bezpe\u010dnostn\u00edm listem. Co d\u011blat, pokud BL nedostanete, a jak\u00e9 povinnosti vypl\u00fdvaj\u00ed SDS.","og_url":"https:\/\/www.msds-europe.com\/cs\/informace-o-bds-pro-dalsi-uzivatele\/","og_site_name":"MSDS Europe","article_publisher":"https:\/\/www.facebook.com\/toxinfokft\/","article_modified_time":"2026-04-22T12:24:19+00:00","twitter_card":"summary_large_image","twitter_site":"@ToxInfoKft","twitter_misc":{"Odhadovan\u00e1 doba \u010dten\u00ed":"4 minuty"},"schema":{"@context":"https:\/\/schema.org","@graph":[{"@type":"WebPage","@id":"https:\/\/www.msds-europe.com\/cs\/informace-o-bds-pro-dalsi-uzivatele\/","url":"https:\/\/www.msds-europe.com\/cs\/informace-o-bds-pro-dalsi-uzivatele\/","name":"U\u017eite\u010dn\u00e9 informace pro dal\u0161\u00ed u\u017eivatele o bezpe\u010dnostn\u00edch listech","isPartOf":{"@id":"https:\/\/www.msds-europe.com\/es\/#website"},"datePublished":"2025-09-01T12:11:23+00:00","dateModified":"2026-04-22T12:24:19+00:00","description":"\u00dakoly dal\u0161\u00edch u\u017eivatel\u016f v souvislosti s obdr\u017een\u00fdm bezpe\u010dnostn\u00edm listem. Co d\u011blat, pokud BL nedostanete, a jak\u00e9 povinnosti vypl\u00fdvaj\u00ed SDS.","breadcrumb":{"@id":"https:\/\/www.msds-europe.com\/cs\/informace-o-bds-pro-dalsi-uzivatele\/#breadcrumb"},"inLanguage":"cs","potentialAction":[{"@type":"ReadAction","target":["https:\/\/www.msds-europe.com\/cs\/informace-o-bds-pro-dalsi-uzivatele\/"]}]},{"@type":"BreadcrumbList","@id":"https:\/\/www.msds-europe.com\/cs\/informace-o-bds-pro-dalsi-uzivatele\/#breadcrumb","itemListElement":[{"@type":"ListItem","position":1,"name":"F\u0151oldal","item":"https:\/\/www.msds-europe.com\/cs\/"},{"@type":"ListItem","position":2,"name":"U\u017eite\u010dn\u00e9 informace pro dal\u0161\u00ed u\u017eivatele o bezpe\u010dnostn\u00edch listech"}]},{"@type":"WebSite","@id":"https:\/\/www.msds-europe.com\/es\/#website","url":"https:\/\/www.msds-europe.com\/es\/","name":"MSDS Europe","description":"","publisher":{"@id":"https:\/\/www.msds-europe.com\/es\/#organization"},"potentialAction":[{"@type":"SearchAction","target":{"@type":"EntryPoint","urlTemplate":"https:\/\/www.msds-europe.com\/es\/?s={search_term_string}"},"query-input":{"@type":"PropertyValueSpecification","valueRequired":true,"valueName":"search_term_string"}}],"inLanguage":"cs"},{"@type":"Organization","@id":"https:\/\/www.msds-europe.com\/es\/#organization","name":"MSDS-Europe International branch of ToxInfo","url":"https:\/\/www.msds-europe.com\/es\/","logo":{"@type":"ImageObject","inLanguage":"cs","@id":"https:\/\/www.msds-europe.com\/es\/#\/schema\/logo\/image\/","url":"https:\/\/www.msds-europe.com\/wp-content\/uploads\/2021\/04\/msds-europe-logo.jpg","contentUrl":"https:\/\/www.msds-europe.com\/wp-content\/uploads\/2021\/04\/msds-europe-logo.jpg","width":2296,"height":1067,"caption":"MSDS-Europe International branch of ToxInfo"},"image":{"@id":"https:\/\/www.msds-europe.com\/es\/#\/schema\/logo\/image\/"},"sameAs":["https:\/\/www.facebook.com\/toxinfokft\/","https:\/\/x.com\/ToxInfoKft"]}]}},"_links":{"self":[{"href":"https:\/\/www.msds-europe.com\/cs\/wp-json\/wp\/v2\/pages\/34591","targetHints":{"allow":["GET"]}}],"collection":[{"href":"https:\/\/www.msds-europe.com\/cs\/wp-json\/wp\/v2\/pages"}],"about":[{"href":"https:\/\/www.msds-europe.com\/cs\/wp-json\/wp\/v2\/types\/page"}],"author":[{"embeddable":true,"href":"https:\/\/www.msds-europe.com\/cs\/wp-json\/wp\/v2\/users\/2"}],"replies":[{"embeddable":true,"href":"https:\/\/www.msds-europe.com\/cs\/wp-json\/wp\/v2\/comments?post=34591"}],"version-history":[{"count":8,"href":"https:\/\/www.msds-europe.com\/cs\/wp-json\/wp\/v2\/pages\/34591\/revisions"}],"predecessor-version":[{"id":39007,"href":"https:\/\/www.msds-europe.com\/cs\/wp-json\/wp\/v2\/pages\/34591\/revisions\/39007"}],"wp:attachment":[{"href":"https:\/\/www.msds-europe.com\/cs\/wp-json\/wp\/v2\/media?parent=34591"}],"wp:term":[{"taxonomy":"post_tag","embeddable":true,"href":"https:\/\/www.msds-europe.com\/cs\/wp-json\/wp\/v2\/tags?post=34591"}],"curies":[{"name":"wp","href":"https:\/\/api.w.org\/{rel}","templated":true}]}}