{"id":34539,"date":"2025-08-29T13:23:04","date_gmt":"2025-08-29T13:23:04","guid":{"rendered":"https:\/\/www.msds-europe.com\/?page_id=34539"},"modified":"2026-03-03T11:27:04","modified_gmt":"2026-03-03T11:27:04","slug":"bl-clp-cerven-2017","status":"publish","type":"page","link":"https:\/\/www.msds-europe.com\/cs\/bl-clp-cerven-2017\/","title":{"rendered":"Dopad na\u0159\u00edzen\u00ed CLP na bezpe\u010dnostn\u00ed listy"},"content":{"rendered":"<p style=\"text-align: right;\"><em><a href=\"https:\/\/www.msds-europe.com\/\">MSDS-Europe<\/a> \u2013 <a href=\"https:\/\/www.msds-europe.com\/cs\/zakladna-vedomostibezpecnostni-listy\/\">Datab\u00e1ze znalost\u00ed k bezpe\u010dnostn\u00edm list\u016fm<\/a> \u2013 Dopad na\u0159\u00edzen\u00ed CLP na bezpe\u010dnostn\u00ed listy<\/em><\/p>\n<p>&nbsp;<\/p>\n<p style=\"text-align: justify;\"><strong>Se vstupem na\u0159\u00edzen\u00ed CLP v platnost se zm\u011bnily po\u017eadavky na bezpe\u010dnostn\u00ed listy a nov\u00fd syst\u00e9m ozna\u010dov\u00e1n\u00ed nahradil d\u0159\u00edv\u011bj\u0161\u00ed syst\u00e9m DPD\/DSD.<\/strong> <strong>Na rozd\u00edl od p\u0159edchoz\u00ed legislativy pou\u017e\u00edv\u00e1 syst\u00e9m klasifikace podle CLP t\u0159\u00eddy nebezpe\u010dnosti a dv\u011b v\u00fdstra\u017en\u00e1 slova \u2013 \u201eNebezpe\u010d\u00ed\u201c a \u201eVarov\u00e1n\u00ed\u201c.<\/strong><\/p>\n<p style=\"text-align: justify;\"><strong>Aktu\u00e1ln\u00ed po\u017eadavky na obsah a form\u00e1t bezpe\u010dnostn\u00edch list\u016f stanov\u00ed na\u0159\u00edzen\u00ed Komise (EU) 2020\/878, kter\u00e9 od 1. ledna 2023 nahradilo na\u0159\u00edzen\u00ed Komise (EU) 2015\/830.<\/strong><\/p>\n<p style=\"text-align: justify;\"><strong>Zaveden\u00ed CLP ukl\u00e1d\u00e1 v\u011bt\u0161\u00ed povinnosti spole\u010dnostem nakl\u00e1daj\u00edc\u00edm s chemik\u00e1liemi, proto je rozumn\u00e9 se na zm\u011bny p\u0159ipravit v\u010das.<\/strong><\/p>\n<p>&nbsp;<\/p>\n<ul>\n<li style=\"text-align: justify;\">Dopad legislativn\u00edch zm\u011bn na bezpe\u010dnostn\u00ed listy<\/li>\n<li style=\"text-align: justify;\">Z\u00e1kon o chemick\u00e9 bezpe\u010dnosti \u2013 klasifikace DSD\/DPD<\/li>\n<li style=\"text-align: justify;\">REACH a jeho vliv na bezpe\u010dnostn\u00ed listy<\/li>\n<li style=\"text-align: justify;\">CLP \u2013 zaveden\u00ed GHS do pr\u00e1va EU<\/li>\n<li style=\"text-align: justify;\">Dopad na\u0159\u00edzen\u00ed Komise (EU) \u010d. 453\/2010<\/li>\n<li style=\"text-align: justify;\">Sou\u010dasnost a bl\u00edzk\u00e1 budoucnost \u2013 na\u0159\u00edzen\u00ed Komise (EU) 2020\/878<\/li>\n<li style=\"text-align: justify;\">Term\u00edny<\/li>\n<li style=\"text-align: justify;\">Budoucnost\u2026<\/li>\n<\/ul>\n<p style=\"text-align: justify;\"><strong>31. kv\u011btna 2017<\/strong> znamenal konec p\u0159echodn\u00e9ho obdob\u00ed pro sm\u011bsi ji\u017e uveden\u00e9 na trh.<\/p>\n<p style=\"text-align: justify;\">Podle \u010dl\u00e1nku 62 na\u0159\u00edzen\u00ed (ES) \u010d. 1272\/2008 m\u016f\u017ee b\u00fdt ka\u017ed\u00e1 sm\u011bs uvedena na trh pouze s etiketami a obaly v souladu s CLP a s bezpe\u010dnostn\u00edm listem obsahuj\u00edc\u00edm spr\u00e1vnou klasifikaci.<\/p>\n<p style=\"text-align: justify;\">Zaveden\u00ed CLP uzav\u0159elo dlouh\u00fd p\u0159echodn\u00fd proces a p\u0159ineslo (a bude i nad\u00e1le p\u0159in\u00e1\u0161et) v\u00fdznamn\u00e9 \u00fakoly pro spole\u010dnosti pracuj\u00edc\u00ed s chemick\u00fdmi l\u00e1tkami a sm\u011bsmi.<\/p>\n<p>&nbsp;<\/p>\n<h2 style=\"text-align: justify;\">Dopad legislativn\u00edch zm\u011bn na bezpe\u010dnostn\u00ed listy<\/h2>\n<p style=\"text-align: justify;\">V posledn\u00edch dvou desetilet\u00edch zaznamenalo Ma\u010farsko a dal\u0161\u00ed \u010dlensk\u00e9 st\u00e1ty EU rychle se vyv\u00edjej\u00edc\u00ed legislativn\u00ed prost\u0159ed\u00ed v oblasti chemick\u00e9 bezpe\u010dnosti. Po\u017eadavky na obsah a form\u00e1t bezpe\u010dnostn\u00edch list\u016f se v\u00fdrazn\u011b zm\u011bnily jak pro l\u00e1tky, tak pro sm\u011bsi.<\/p>\n<p style=\"text-align: justify;\">Bezpe\u010dnostn\u00ed listy mus\u00ed b\u00fdt v\u017edy v souladu s platnou legislativou \u2013 co\u017e nen\u00ed mal\u00fd \u00fakol vzhledem k po\u017eadovan\u00e9 odbornosti.<\/p>\n<p style=\"text-align: justify;\">Spole\u010dnost ToxInfo Kft. ji\u017e v\u00edce ne\u017e 24 let pom\u00e1h\u00e1 partner\u016fm plnit tyto povinnosti a z\u00edskala p\u0159\u00edm\u00fd vhled do legislativn\u00edch zm\u011bn v oblasti chemick\u00e9 bezpe\u010dnosti.<\/p>\n<p style=\"text-align: justify;\">Tento \u010dl\u00e1nek shrnuje kl\u00ed\u010dov\u00e9 zm\u011bny minulosti a bl\u00edzk\u00e9 budoucnosti a symbolicky se lou\u010d\u00ed se zn\u00e1m\u00fdmi oran\u017eov\u00fdmi symboly nebezpe\u010dnosti.<\/p>\n<p>&nbsp;<\/p>\n<h3 style=\"text-align: justify;\">Z\u00e1kon o chemick\u00e9 bezpe\u010dnosti \u2013 klasifikace DSD\/DPD<\/h3>\n<p style=\"text-align: justify;\">Konkr\u00e9tn\u011b sm\u011brnice 67\/548\/EHS o nebezpe\u010dn\u00fdch l\u00e1tk\u00e1ch (DSD) a sm\u011brnice 1999\/45\/ES o nebezpe\u010dn\u00fdch p\u0159\u00edpravc\u00edch (DPD), kter\u00e9 byly v Ma\u010farsku provedeny do <a href=\"https:\/\/www.msds-europe.com\/cs\/regulacni-zmeny-v-oblasti-chemicke-bezpecnosti\/\">z\u00e1kona \u010d. XXV z roku 2000<\/a> a jeho <a href=\"https:\/\/www.msds-europe.com\/cs\/regulacni-zmeny-v-oblasti-chemicke-bezpecnosti\/\">prov\u00e1d\u011bc\u00ed vyhl\u00e1\u0161ky 44\/2000<\/a>.<\/p>\n<p style=\"text-align: justify;\">Byl to prvn\u00ed syst\u00e9m klasifikace a ozna\u010dov\u00e1n\u00ed v souladu s EU v Ma\u010farsku. Je\u0161t\u011b p\u0159ed vstupem do EU zem\u011b p\u0159ijala jednotn\u00e9 ozna\u010dov\u00e1n\u00ed Unie.<\/p>\n<p style=\"text-align: justify;\">Bezpe\u010dnostn\u00ed listy a etikety obsahovaly R-v\u011bty, S-v\u011bty a \u010dern\u00e9 symboly nebezpe\u010dnosti na oran\u017eov\u00e9m pozad\u00ed.<\/p>\n<p style=\"text-align: justify;\">Navzdory pozd\u011bj\u0161\u00edm zm\u011bn\u00e1m se klasifikace DPD mohla na bezpe\u010dnostn\u00edch listech objevovat a\u017e do 1. \u010dervna 2017.<\/p>\n<p>&nbsp;<\/p>\n<h3 style=\"text-align: justify;\">REACH a jeho vliv na bezpe\u010dnostn\u00ed listy<\/h3>\n<p style=\"text-align: justify;\">Na\u0159\u00edzen\u00ed EU REACH (registrace, hodnocen\u00ed a povolov\u00e1n\u00ed chemick\u00fdch l\u00e1tek) nahradilo t\u00e9m\u011b\u0159 40 sm\u011brnic jedin\u00fdm pr\u00e1vn\u00edm aktem pokr\u00fdvaj\u00edc\u00edm v\u0161echny akt\u00e9ry dodavatelsk\u00e9ho \u0159et\u011bzce. Vstoupilo v platnost 1. \u010dervna 2007 a p\u0159\u00edloha II stanovila form\u00e1t a obsah bezpe\u010dnostn\u00edho listu.<\/p>\n<p style=\"text-align: justify;\">Pl\u00e1ny na celounijn\u00ed zaveden\u00ed GHS (Glob\u00e1ln\u011b harmonizovan\u00fd syst\u00e9m klasifikace a ozna\u010dov\u00e1n\u00ed chemick\u00fdch l\u00e1tek) byly ji\u017e v pohybu.<\/p>\n<p>&nbsp;<\/p>\n<h3 style=\"text-align: justify;\">CLP \u2013 zaveden\u00ed GHS do pr\u00e1va EU<\/h3>\n<p style=\"text-align: justify;\">Dal\u0161\u00edm miln\u00edkem bylo na\u0159\u00edzen\u00ed (ES) \u010d. 1272\/2008 (CLP), evropsk\u00e1 implementace GHS.<\/p>\n<p style=\"text-align: justify;\">CLP zavedlo nov\u00fd syst\u00e9m ozna\u010dov\u00e1n\u00ed l\u00e1tek a sm\u011bs\u00ed, co\u017e si vy\u017e\u00e1dalo kompletn\u00ed p\u0159epracov\u00e1n\u00ed bezpe\u010dnostn\u00edch list\u016f v kr\u00e1tk\u00fdch lh\u016ft\u00e1ch.<\/p>\n<p style=\"text-align: justify;\">Tradi\u010dn\u00ed symboly byly nahrazeny koso\u010dtvercov\u00fdmi <a href=\"https:\/\/www.msds-europe.com\/cs\/vystrazne-symbol-nebezpecnosti\/\">piktogramy nebezpe\u010dnosti<\/a> s \u010derven\u00fdmi okraji. CLP zavedlo tak\u00e9 t\u0159\u00eddy a kategorie nebezpe\u010dnosti a dv\u011b v\u00fdstra\u017en\u00e1 slova \u2013 \u201eNebezpe\u010d\u00ed\u201c a \u201eVarov\u00e1n\u00ed\u201c.<\/p>\n<p style=\"text-align: justify;\">R- a S-v\u011bty byly nahrazeny <a href=\"https:\/\/www.msds-europe.com\/cs\/standardni-vety-o-nebezpecnosti-h\/\">H-v\u011btami<\/a> a <a href=\"https:\/\/www.msds-europe.com\/cs\/pokyny-pro-bezpecne-zachazeni\/\">P-v\u011btami<\/a>; v\u011bty EUH byly ponech\u00e1ny tam, kde GHS nem\u011blo ekvivalent.<\/p>\n<p>&nbsp;<\/p>\n<h3 style=\"text-align: justify;\">Dopad na\u0159\u00edzen\u00ed Komise (EU) \u010d. 453\/2010<\/h3>\n<p style=\"text-align: justify;\">Na\u0159\u00edzen\u00ed Komise (EU) \u010d. 453\/2010 zm\u011bnilo p\u0159\u00edlohu II REACH a u\u010dinilo pravidla CLP pro klasifikaci a prvky ozna\u010den\u00ed z\u00e1vazn\u00fdmi pro obsah bezpe\u010dnostn\u00edch list\u016f.<\/p>\n<p style=\"text-align: justify;\">Od 1. prosince 2010 musely l\u00e1tky dodr\u017eovat CLP; pro sm\u011bsi byla lh\u016fta 1. \u010dervna 2015 s prodlou\u017een\u00fdm p\u0159echodn\u00fdm obdob\u00edm a\u017e do 1. \u010dervna 2017 pro n\u011bkter\u00e9 sm\u011bsi ji\u017e uveden\u00e9 na trh.<\/p>\n<p style=\"text-align: justify;\">Po 1. \u010dervnu 2015 se CLP stalo povinn\u00fdm pro nov\u00e9 sm\u011bsi uv\u00e1d\u011bn\u00e9 na trh, ale pro ur\u010dit\u00e9 sm\u011bsi uveden\u00e9 na trh p\u0159ed t\u00edmto datem platilo p\u0159echodn\u00e9 obdob\u00ed a\u017e do 1. \u010dervna 2017.<\/p>\n<p>&nbsp;<\/p>\n<h3 style=\"text-align: justify;\">Sou\u010dasnost a bl\u00edzk\u00e1 budoucnost \u2013 na\u0159\u00edzen\u00ed Komise (EU) 2020\/878<\/h3>\n<p style=\"text-align: justify;\">Po ur\u010ditou dobu p\u0159edstavovalo r\u00e1mec pro obsah a form\u00e1t bezpe\u010dnostn\u00edch list\u016f <a href=\"https:\/\/www.msds-europe.com\/cs\/regulacni-zmeny-v-oblasti-chemicke-bezpecnosti\/\">na\u0159\u00edzen\u00ed Komise (EU) 2015\/830<\/a>, kter\u00e9 konsolidovalo d\u0159\u00edv\u011bj\u0161\u00ed zm\u011bny p\u0159\u00edlohy II na\u0159\u00edzen\u00ed REACH.<\/p>\n<p style=\"text-align: justify;\"><strong>Na\u0159\u00edzen\u00ed Komise (EU) 2020\/878 vstoupilo v platnost 1. ledna 2021 a od 1. ledna 2023 nahradilo na\u0159\u00edzen\u00ed Komise (EU) 2015\/830.<\/strong><\/p>\n<p style=\"text-align: justify;\"><a href=\"https:\/\/www.msds-europe.com\/cs\/sestaveni-vytvoreni-bezpecnostniho-listu\/\">Vytvo\u0159it nov\u00fd bezpe\u010dnostn\u00ed list<\/a> nebo <a href=\"https:\/\/www.msds-europe.com\/cs\/bezpecnostni-list-revize-aktualizace\/\">aktualizovat st\u00e1vaj\u00edc\u00ed bezpe\u010dnostn\u00ed list<\/a> v souladu s <a href=\"https:\/\/www.msds-europe.com\/cs\/regulacni-zmeny-v-oblasti-chemicke-bezpecnosti\/\">na\u0159\u00edzen\u00edm (EU) 2020\/878<\/a>.<\/p>\n<p class=\"title_1\" style=\"text-align: right;\"><a href=\"https:\/\/www.msds-europe.com\/cs\/obsahove-a-formalni-prvky-bezpecnostniho-listu\/\"><em>Dal\u0161\u00ed podrobnosti o obsahu a form\u00e1tu bezpe\u010dnostn\u00edho listu podle (EU) 2020\/878<\/em><\/a><\/p>\n<p>&nbsp;<\/p>\n<h2 style=\"text-align: justify;\">TERM\u00cdNY<\/h2>\n<p style=\"text-align: justify;\"><strong>Do 1. \u010dervna 2017:<\/strong><\/p>\n<p style=\"text-align: justify;\">Sm\u011bsi klasifikovan\u00e9 podle DPD p\u0159ed 1. \u010dervnem 2015 mohly b\u00fdt dod\u00e1v\u00e1ny s ozna\u010den\u00edm DPD do 1. \u010dervna 2017; pot\u00e9 ji\u017e bylo ozna\u010den\u00ed DPD nep\u0159\u00edpustn\u00e9.<\/p>\n<p style=\"text-align: justify;\"><strong>Po 31. kv\u011btnu 2017:<\/strong> <em>1. \u010dervna 2017 \u2013 sbohem ozna\u010den\u00ed DPD<\/em><\/p>\n<p style=\"text-align: justify;\">D\u016fle\u017eit\u00e9: po 31. kv\u011btnu 2017 neexistovalo \u017e\u00e1dn\u00e9 dal\u0161\u00ed p\u0159echodn\u00e9 obdob\u00ed \u2013 v\u00fdrobky ozna\u010den\u00e9 DPD ji\u017e nebyly povoleny.<\/p>\n<p style=\"text-align: justify;\">P\u0159ipravte se v\u010das: prove\u010fte audit z\u00e1sob, st\u00e1hn\u011bte v\u00fdrobky ozna\u010den\u00e9 DPD nebo je p\u0159e\u0161t\u00edtkujte intern\u011b.<\/p>\n<p style=\"text-align: justify;\">Ozna\u010den\u00ed mus\u00ed v\u017edy odpov\u00eddat bezpe\u010dnostn\u00edmu listu; aktualizace bezpe\u010dnostn\u00edho listu je \u010dasto prvn\u00edm krokem ka\u017ed\u00e9ho p\u0159echodu.<\/p>\n<p style=\"text-align: right;\"><em>FAQs \u2013 <a href=\"https:\/\/www.msds-europe.com\/cs\/nejcastejsi-dotazy-odpovedi-chemicka-bezpecnost\/\">\u010casto kladen\u00e9 ot\u00e1zky o chemick\u00e9 bezpe\u010dnosti<\/a><\/em><\/p>\n<p>&nbsp;<\/p>\n<h2 style=\"text-align: justify;\">Budoucnost\u2026<\/h2>\n<p style=\"text-align: justify;\">DPD sice po mnoha letech zmizelo, ale bezpe\u010dnostn\u00ed listy se budou nad\u00e1le vyv\u00edjet. Krom\u011b snah o glob\u00e1ln\u00ed harmonizaci budou i nad\u00e1le hr\u00e1t roli m\u00edstn\u00ed pravidla a specifick\u00e9 po\u017eadavky jednotliv\u00fdch zem\u00ed.<\/p>\n<p style=\"text-align: justify;\">Bohu\u017eel pracovn\u00ed z\u00e1t\u011b\u017e pro spole\u010dnosti nakl\u00e1daj\u00edc\u00ed s chemik\u00e1liemi pravd\u011bpodobn\u011b neklesne.<\/p>\n<p>&nbsp;<\/p>\n<h4><span style=\"color: #333333;\">Doporu\u010den\u00ed slu\u017eeb<\/span><\/h4>\n<ul>\n<li>Revize a aktualizace bezpe\u010dnostn\u00edch list\u016f podle po\u017eadavk\u016f <a href=\"https:\/\/www.msds-europe.com\/cs\/bezpecnostni-list-revize-aktualizace\/\">REACH\/CLP<\/a><\/li>\n<li>P\u0159\u00edprava <a href=\"https:\/\/www.msds-europe.com\/cs\/vytvoreni-navrhu-etikety\/\">n\u00e1vrh\u016f etiket podle CLP<\/a><\/li>\n<li><a href=\"https:\/\/www.msds-europe.com\/cs\/zadost-cenovou-nabidku-bezpecnostni-list\/\">Poradenstv\u00ed<\/a> k souladu s CLP<\/li>\n<\/ul>\n<p>&nbsp;<\/p>\n<h4><span style=\"color: #333333;\">U\u017eite\u010dn\u00e9 \u010dl\u00e1nky<\/span><\/h4>\n<ul>\n<li><a title=\"Preventivn\u00ed P-v\u011bty\" href=\"https:\/\/www.msds-europe.com\/cs\/pokyny-pro-bezpecne-zachazeni\/\">Pokyny pro bezpe\u010dn\u00e9 zach\u00e1zen\u00ed (P-v\u011bty)<\/a><\/li>\n<li><a title=\"Standardn\u00ed v\u011bty o nebezpe\u010dnosti (H-v\u011bty)\" href=\"https:\/\/www.msds-europe.com\/cs\/standardni-vety-o-nebezpecnosti-h\/\">Standardn\u00ed v\u011bty o nebezpe\u010dnosti (H-v\u011bty)<\/a><\/li>\n<li><a href=\"https:\/\/www.biztonsagiadatlap.hu\/veszelypiktogram\">Piktogramy nebezpe\u010dnosti<\/a><\/li>\n<li><a title=\"Obsahov\u00e9 a form\u00e1ln\u00ed prvky bezpe\u010dnostn\u00edho listu\" href=\"https:\/\/www.msds-europe.com\/cs\/obsahove-a-formalni-prvky-bezpecnostniho-listu\/\">Obsahov\u00e9 a form\u00e1ln\u00ed prvky bezpe\u010dnostn\u00edho listu<\/a><\/li>\n<li><a title=\"Sestaven\u00ed bezpe\u010dnostn\u00edho listu\" href=\"https:\/\/www.msds-europe.com\/cs\/sestaveni-vytvoreni-bezpecnostniho-listu\/\">Sestaven\u00ed bezpe\u010dnostn\u00edho listu<\/a><\/li>\n<li><a href=\"https:\/\/www.msds-europe.com\/cs\/sds-zkratky-akronymy\/\">Zkratky a akronymy v bezpe\u010dnostn\u00edch listech<\/a><\/li>\n<li>FAQs \u2013 <a href=\"https:\/\/www.msds-europe.com\/cs\/nejcastejsi-dotazy-odpovedi-chemicka-bezpecnost\/\">\u010casto kladen\u00e9 ot\u00e1zky o chemick\u00e9 bezpe\u010dnosti<\/a><\/li>\n<\/ul>\n<p>&nbsp;<\/p>\n<h4><span data-teams=\"true\">Rychl\u00e9 ot\u00e1zky a odpov\u011bdi<\/span><\/h4>\n<div class=\"su-spoiler su-spoiler-style-fancy su-spoiler-icon-chevron su-spoiler-closed\" data-scroll-offset=\"0\" data-anchor-in-url=\"no\"><div class=\"su-spoiler-title\" tabindex=\"0\" role=\"button\"><span class=\"su-spoiler-icon\"><\/span>Od kdy je povinn\u00e9 pou\u017e\u00edvat klasifikaci a ozna\u010dov\u00e1n\u00ed podle CLP pro sm\u011bsi?<\/div><div class=\"su-spoiler-content su-u-clearfix su-u-trim\">\n<p style=\"text-align: justify;\">Od 1. \u010dervna 2015 mus\u00ed b\u00fdt sm\u011bsi uv\u00e1d\u011bn\u00e9 na trh klasifikov\u00e1ny a ozna\u010dov\u00e1ny podle CLP. Pro n\u011bkter\u00e9 sm\u011bsi uveden\u00e9 na trh p\u0159ed 1. \u010dervnem 2015 platilo p\u0159echodn\u00e9 obdob\u00ed do 1. \u010dervna 2017.<\/p>\n<\/div><\/div>\n<div class=\"su-spoiler su-spoiler-style-fancy su-spoiler-icon-chevron su-spoiler-closed\" data-scroll-offset=\"0\" data-anchor-in-url=\"no\"><div class=\"su-spoiler-title\" tabindex=\"0\" role=\"button\"><span class=\"su-spoiler-icon\"><\/span>Jak\u00fd je rozd\u00edl mezi syst\u00e9my DPD\/DSD a CLP, pokud jde o bezpe\u010dnostn\u00ed listy?<\/div><div class=\"su-spoiler-content su-u-clearfix su-u-trim\">\n<p style=\"text-align: justify;\">Syst\u00e9m CLP zavedl glob\u00e1ln\u011b harmonizovan\u00e9 piktogramy nebezpe\u010dnosti, standardn\u00ed v\u011bty o nebezpe\u010dnosti (H-v\u011bty), pokyny pro bezpe\u010dn\u00e9 zach\u00e1zen\u00ed (P-v\u011bty) a dv\u011b v\u00fdstra\u017en\u00e1 slova, \u010d\u00edm\u017e nahradil d\u0159\u00edv\u011bj\u0161\u00ed sch\u00e9ma DPD\/DSD.<\/p>\n<\/div><\/div>\n<div class=\"su-spoiler su-spoiler-style-fancy su-spoiler-icon-chevron su-spoiler-closed\" data-scroll-offset=\"0\" data-anchor-in-url=\"no\"><div class=\"su-spoiler-title\" tabindex=\"0\" role=\"button\"><span class=\"su-spoiler-icon\"><\/span>Jak na\u0159\u00edzen\u00ed (EU) 2020\/878 ovliv\u0148uje obsah bezpe\u010dnostn\u00edch list\u016f?<\/div><div class=\"su-spoiler-content su-u-clearfix su-u-trim\">\n<p style=\"text-align: justify;\">Na\u0159\u00edzen\u00ed (EU) 2020\/878 stanovuje aktualizovan\u00e9 po\u017eadavky na strukturu a obsah bezpe\u010dnostn\u00edch list\u016f a je povinn\u00e9 pro bezpe\u010dnostn\u00ed listy uv\u00e1d\u011bn\u00e9 do souladu s p\u0159\u00edlohou II na\u0159\u00edzen\u00ed REACH od 1. ledna 2023.<\/p>\n<\/div><\/div>\n","protected":false},"excerpt":{"rendered":"<p>MSDS-Europe \u2013 Datab\u00e1ze znalost\u00ed k bezpe\u010dnostn\u00edm list\u016fm \u2013 Dopad na\u0159\u00edzen\u00ed CLP na bezpe\u010dnostn\u00ed listy &nbsp; Se vstupem na\u0159\u00edzen\u00ed CLP v platnost se zm\u011bnily po\u017eadavky na bezpe\u010dnostn\u00ed listy a nov\u00fd syst\u00e9m ozna\u010dov\u00e1n\u00ed nahradil d\u0159\u00edv\u011bj\u0161\u00ed syst\u00e9m DPD\/DSD. Na rozd\u00edl od p\u0159edchoz\u00ed legislativy pou\u017e\u00edv\u00e1 syst\u00e9m klasifikace podle CLP t\u0159\u00eddy nebezpe\u010dnosti a dv\u011b v\u00fdstra\u017en\u00e1&#8230;<\/p>\n","protected":false},"author":2,"featured_media":0,"parent":0,"menu_order":0,"comment_status":"closed","ping_status":"closed","template":"","meta":{"_acf_changed":false,"footnotes":""},"tags":[],"class_list":["post-34539","page","type-page","status-publish","hentry"],"acf":[],"yoast_head":"<!-- This site is optimized with the Yoast SEO plugin v27.2 - https:\/\/yoast.com\/product\/yoast-seo-wordpress\/ -->\n<title>Dopad na\u0159\u00edzen\u00ed CLP na bezpe\u010dnostn\u00ed listy<\/title>\n<meta name=\"description\" content=\"Shrnut\u00ed legislativn\u00edch zm\u011bn ovliv\u0148uj\u00edc\u00edch po\u017eadavky na formu a obsah bezpe\u010dnostn\u00edch list\u016f pro sm\u011bsi. MSDS-Europe\" \/>\n<meta name=\"robots\" content=\"index, follow, max-snippet:-1, max-image-preview:large, max-video-preview:-1\" \/>\n<link rel=\"canonical\" href=\"https:\/\/www.msds-europe.com\/cs\/bl-clp-cerven-2017\/\" \/>\n<meta property=\"og:locale\" content=\"cs_CZ\" \/>\n<meta property=\"og:type\" content=\"article\" \/>\n<meta property=\"og:title\" content=\"Dopad na\u0159\u00edzen\u00ed CLP na bezpe\u010dnostn\u00ed listy\" \/>\n<meta property=\"og:description\" content=\"Shrnut\u00ed legislativn\u00edch zm\u011bn ovliv\u0148uj\u00edc\u00edch po\u017eadavky na formu a obsah bezpe\u010dnostn\u00edch list\u016f pro sm\u011bsi. MSDS-Europe\" \/>\n<meta property=\"og:url\" content=\"https:\/\/www.msds-europe.com\/cs\/bl-clp-cerven-2017\/\" \/>\n<meta property=\"og:site_name\" content=\"MSDS Europe\" \/>\n<meta property=\"article:publisher\" content=\"https:\/\/www.facebook.com\/toxinfokft\/\" \/>\n<meta property=\"article:modified_time\" content=\"2026-03-03T11:27:04+00:00\" \/>\n<meta name=\"twitter:card\" content=\"summary_large_image\" \/>\n<meta name=\"twitter:site\" content=\"@ToxInfoKft\" \/>\n<meta name=\"twitter:label1\" content=\"Odhadovan\u00e1 doba \u010dten\u00ed\" \/>\n\t<meta name=\"twitter:data1\" content=\"4 minuty\" \/>\n<script type=\"application\/ld+json\" class=\"yoast-schema-graph\">{\"@context\":\"https:\/\/schema.org\",\"@graph\":[{\"@type\":\"WebPage\",\"@id\":\"https:\/\/www.msds-europe.com\/cs\/bl-clp-cerven-2017\/\",\"url\":\"https:\/\/www.msds-europe.com\/cs\/bl-clp-cerven-2017\/\",\"name\":\"Dopad na\u0159\u00edzen\u00ed CLP na bezpe\u010dnostn\u00ed listy\",\"isPartOf\":{\"@id\":\"https:\/\/www.msds-europe.com\/es\/#website\"},\"datePublished\":\"2025-08-29T13:23:04+00:00\",\"dateModified\":\"2026-03-03T11:27:04+00:00\",\"description\":\"Shrnut\u00ed legislativn\u00edch zm\u011bn ovliv\u0148uj\u00edc\u00edch po\u017eadavky na formu a obsah bezpe\u010dnostn\u00edch list\u016f pro sm\u011bsi. MSDS-Europe\",\"breadcrumb\":{\"@id\":\"https:\/\/www.msds-europe.com\/cs\/bl-clp-cerven-2017\/#breadcrumb\"},\"inLanguage\":\"cs\",\"potentialAction\":[{\"@type\":\"ReadAction\",\"target\":[\"https:\/\/www.msds-europe.com\/cs\/bl-clp-cerven-2017\/\"]}]},{\"@type\":\"BreadcrumbList\",\"@id\":\"https:\/\/www.msds-europe.com\/cs\/bl-clp-cerven-2017\/#breadcrumb\",\"itemListElement\":[{\"@type\":\"ListItem\",\"position\":1,\"name\":\"F\u0151oldal\",\"item\":\"https:\/\/www.msds-europe.com\/cs\/\"},{\"@type\":\"ListItem\",\"position\":2,\"name\":\"Dopad na\u0159\u00edzen\u00ed CLP na bezpe\u010dnostn\u00ed listy\"}]},{\"@type\":\"WebSite\",\"@id\":\"https:\/\/www.msds-europe.com\/es\/#website\",\"url\":\"https:\/\/www.msds-europe.com\/es\/\",\"name\":\"MSDS Europe\",\"description\":\"\",\"publisher\":{\"@id\":\"https:\/\/www.msds-europe.com\/es\/#organization\"},\"potentialAction\":[{\"@type\":\"SearchAction\",\"target\":{\"@type\":\"EntryPoint\",\"urlTemplate\":\"https:\/\/www.msds-europe.com\/es\/?s={search_term_string}\"},\"query-input\":{\"@type\":\"PropertyValueSpecification\",\"valueRequired\":true,\"valueName\":\"search_term_string\"}}],\"inLanguage\":\"cs\"},{\"@type\":\"Organization\",\"@id\":\"https:\/\/www.msds-europe.com\/es\/#organization\",\"name\":\"MSDS-Europe International branch of ToxInfo\",\"url\":\"https:\/\/www.msds-europe.com\/es\/\",\"logo\":{\"@type\":\"ImageObject\",\"inLanguage\":\"cs\",\"@id\":\"https:\/\/www.msds-europe.com\/es\/#\/schema\/logo\/image\/\",\"url\":\"https:\/\/www.msds-europe.com\/wp-content\/uploads\/2021\/04\/msds-europe-logo.jpg\",\"contentUrl\":\"https:\/\/www.msds-europe.com\/wp-content\/uploads\/2021\/04\/msds-europe-logo.jpg\",\"width\":2296,\"height\":1067,\"caption\":\"MSDS-Europe International branch of ToxInfo\"},\"image\":{\"@id\":\"https:\/\/www.msds-europe.com\/es\/#\/schema\/logo\/image\/\"},\"sameAs\":[\"https:\/\/www.facebook.com\/toxinfokft\/\",\"https:\/\/x.com\/ToxInfoKft\"]}]}<\/script>\n<!-- \/ Yoast SEO plugin. -->","yoast_head_json":{"title":"Dopad na\u0159\u00edzen\u00ed CLP na bezpe\u010dnostn\u00ed listy","description":"Shrnut\u00ed legislativn\u00edch zm\u011bn ovliv\u0148uj\u00edc\u00edch po\u017eadavky na formu a obsah bezpe\u010dnostn\u00edch list\u016f pro sm\u011bsi. MSDS-Europe","robots":{"index":"index","follow":"follow","max-snippet":"max-snippet:-1","max-image-preview":"max-image-preview:large","max-video-preview":"max-video-preview:-1"},"canonical":"https:\/\/www.msds-europe.com\/cs\/bl-clp-cerven-2017\/","og_locale":"cs_CZ","og_type":"article","og_title":"Dopad na\u0159\u00edzen\u00ed CLP na bezpe\u010dnostn\u00ed listy","og_description":"Shrnut\u00ed legislativn\u00edch zm\u011bn ovliv\u0148uj\u00edc\u00edch po\u017eadavky na formu a obsah bezpe\u010dnostn\u00edch list\u016f pro sm\u011bsi. MSDS-Europe","og_url":"https:\/\/www.msds-europe.com\/cs\/bl-clp-cerven-2017\/","og_site_name":"MSDS Europe","article_publisher":"https:\/\/www.facebook.com\/toxinfokft\/","article_modified_time":"2026-03-03T11:27:04+00:00","twitter_card":"summary_large_image","twitter_site":"@ToxInfoKft","twitter_misc":{"Odhadovan\u00e1 doba \u010dten\u00ed":"4 minuty"},"schema":{"@context":"https:\/\/schema.org","@graph":[{"@type":"WebPage","@id":"https:\/\/www.msds-europe.com\/cs\/bl-clp-cerven-2017\/","url":"https:\/\/www.msds-europe.com\/cs\/bl-clp-cerven-2017\/","name":"Dopad na\u0159\u00edzen\u00ed CLP na bezpe\u010dnostn\u00ed listy","isPartOf":{"@id":"https:\/\/www.msds-europe.com\/es\/#website"},"datePublished":"2025-08-29T13:23:04+00:00","dateModified":"2026-03-03T11:27:04+00:00","description":"Shrnut\u00ed legislativn\u00edch zm\u011bn ovliv\u0148uj\u00edc\u00edch po\u017eadavky na formu a obsah bezpe\u010dnostn\u00edch list\u016f pro sm\u011bsi. MSDS-Europe","breadcrumb":{"@id":"https:\/\/www.msds-europe.com\/cs\/bl-clp-cerven-2017\/#breadcrumb"},"inLanguage":"cs","potentialAction":[{"@type":"ReadAction","target":["https:\/\/www.msds-europe.com\/cs\/bl-clp-cerven-2017\/"]}]},{"@type":"BreadcrumbList","@id":"https:\/\/www.msds-europe.com\/cs\/bl-clp-cerven-2017\/#breadcrumb","itemListElement":[{"@type":"ListItem","position":1,"name":"F\u0151oldal","item":"https:\/\/www.msds-europe.com\/cs\/"},{"@type":"ListItem","position":2,"name":"Dopad na\u0159\u00edzen\u00ed CLP na bezpe\u010dnostn\u00ed listy"}]},{"@type":"WebSite","@id":"https:\/\/www.msds-europe.com\/es\/#website","url":"https:\/\/www.msds-europe.com\/es\/","name":"MSDS Europe","description":"","publisher":{"@id":"https:\/\/www.msds-europe.com\/es\/#organization"},"potentialAction":[{"@type":"SearchAction","target":{"@type":"EntryPoint","urlTemplate":"https:\/\/www.msds-europe.com\/es\/?s={search_term_string}"},"query-input":{"@type":"PropertyValueSpecification","valueRequired":true,"valueName":"search_term_string"}}],"inLanguage":"cs"},{"@type":"Organization","@id":"https:\/\/www.msds-europe.com\/es\/#organization","name":"MSDS-Europe International branch of ToxInfo","url":"https:\/\/www.msds-europe.com\/es\/","logo":{"@type":"ImageObject","inLanguage":"cs","@id":"https:\/\/www.msds-europe.com\/es\/#\/schema\/logo\/image\/","url":"https:\/\/www.msds-europe.com\/wp-content\/uploads\/2021\/04\/msds-europe-logo.jpg","contentUrl":"https:\/\/www.msds-europe.com\/wp-content\/uploads\/2021\/04\/msds-europe-logo.jpg","width":2296,"height":1067,"caption":"MSDS-Europe International branch of ToxInfo"},"image":{"@id":"https:\/\/www.msds-europe.com\/es\/#\/schema\/logo\/image\/"},"sameAs":["https:\/\/www.facebook.com\/toxinfokft\/","https:\/\/x.com\/ToxInfoKft"]}]}},"_links":{"self":[{"href":"https:\/\/www.msds-europe.com\/cs\/wp-json\/wp\/v2\/pages\/34539","targetHints":{"allow":["GET"]}}],"collection":[{"href":"https:\/\/www.msds-europe.com\/cs\/wp-json\/wp\/v2\/pages"}],"about":[{"href":"https:\/\/www.msds-europe.com\/cs\/wp-json\/wp\/v2\/types\/page"}],"author":[{"embeddable":true,"href":"https:\/\/www.msds-europe.com\/cs\/wp-json\/wp\/v2\/users\/2"}],"replies":[{"embeddable":true,"href":"https:\/\/www.msds-europe.com\/cs\/wp-json\/wp\/v2\/comments?post=34539"}],"version-history":[{"count":5,"href":"https:\/\/www.msds-europe.com\/cs\/wp-json\/wp\/v2\/pages\/34539\/revisions"}],"predecessor-version":[{"id":37939,"href":"https:\/\/www.msds-europe.com\/cs\/wp-json\/wp\/v2\/pages\/34539\/revisions\/37939"}],"wp:attachment":[{"href":"https:\/\/www.msds-europe.com\/cs\/wp-json\/wp\/v2\/media?parent=34539"}],"wp:term":[{"taxonomy":"post_tag","embeddable":true,"href":"https:\/\/www.msds-europe.com\/cs\/wp-json\/wp\/v2\/tags?post=34539"}],"curies":[{"name":"wp","href":"https:\/\/api.w.org\/{rel}","templated":true}]}}