{"id":34406,"date":"2025-08-15T13:06:52","date_gmt":"2025-08-15T13:06:52","guid":{"rendered":"https:\/\/www.msds-europe.com\/?page_id=34406"},"modified":"2026-02-25T09:58:32","modified_gmt":"2026-02-25T09:58:32","slug":"kontrola-sds-bezpecnostni-listy","status":"publish","type":"page","link":"https:\/\/www.msds-europe.com\/cs\/kontrola-sds-bezpecnostni-listy\/","title":{"rendered":"Kontrola SDS: co mus\u00edme bezpodm\u00edne\u010dn\u011b zkontrolovat v bezpe\u010dnostn\u00edch listech"},"content":{"rendered":"<p style=\"text-align: right;\"><em><a href=\"https:\/\/www.msds-europe.com\/cs\/\">MSDS-Europe<\/a> \u2013 Co mus\u00edme bezpodm\u00edne\u010dn\u011b zkontrolovat v bezpe\u010dnostn\u00edch listech<\/em><\/p>\n<p style=\"text-align: justify;\">Ne\u017e uvedeme hlavn\u00ed body, kter\u00e9 je t\u0159eba zkontrolovat v obdr\u017een\u00e9m bezpe\u010dnostn\u00edm listu (SDS), zveme v\u00e1s k p\u0159e\u010dten\u00ed na\u0161eho \u010dl\u00e1nku o <a href=\"https:\/\/www.msds-europe.com\/conditions-under-which-a-safety-data-sheet-must-be-supplied\/\">pravidlech pro poskytov\u00e1n\u00ed SDS<\/a>.<\/p>\n<h5><strong>Prvn\u00ed krok:<\/strong><\/h5>\n<p style=\"text-align: justify;\">Nejprve m\u016f\u017eeme (a mus\u00edme) zkontrolovat <a href=\"https:\/\/www.msds-europe.com\/sds-preparing-introduction\/\">jazyk<\/a> poskytnut\u00e9ho SDS. M\u016f\u017ee to zn\u00edt p\u0159ekvapiv\u011b, ale dodavatel chemick\u00e9ho v\u00fdrobku nemus\u00ed v\u017edy dodat bezpe\u010dnostn\u00ed list v na\u0161em n\u00e1rodn\u00edm jazyce.<\/p>\n<p style=\"text-align: justify;\">Firmy, kter\u00e9 maj\u00ed software pro p\u0159eklad SDS, \u010dasto ochotn\u011b dodaj\u00ed dokument v jazyce kupuj\u00edc\u00edho, i kdy\u017e jim to pr\u00e1vn\u00ed p\u0159edpisy v\u00fdslovn\u011b neukl\u00e1daj\u00ed. Je v\u0161ak t\u0159eba d\u00e1vat pozor na <a href=\"https:\/\/www.msds-europe.com\/cs\/softwaru-vytvareni-bezpecnostnich-listu\/\">SDS generovan\u00e9 softwarem<\/a>, proto\u017ee ty b\u00fdvaj\u00ed technicky problematick\u00e9. Ani doslovn\u00fd lidsk\u00fd p\u0159eklad nemus\u00ed b\u00fdt automaticky vyhovuj\u00edc\u00ed \u2013 pouze mal\u00e1 \u010d\u00e1st procesu <a href=\"https:\/\/www.msds-europe.com\/cs\/pracovni-postup-vytvoreni-a-prekladu-bezpecnostniho-listu\/\">vytv\u00e1\u0159en\u00ed\/p\u0159ekladu SDS<\/a> je \u010dist\u011b jazykov\u00e1 slu\u017eba; v\u017edy je nutn\u00e9 ov\u011b\u0159it pr\u00e1vn\u00ed po\u017eadavky a obsah (nap\u0159. klasifikaci).<\/p>\n<h5><strong>Druh\u00fd krok:<\/strong><\/h5>\n<p style=\"text-align: justify;\">D\u00e1le je t\u0159eba zjistit, zda je list \u201eaktu\u00e1ln\u00ed\u201c \u2013 \u010dasto myln\u011b ozna\u010dovan\u00fd jako datum platnosti. Z pr\u00e1vn\u00edho hlediska neexistuje form\u00e1ln\u00ed \u201edatum vypr\u0161en\u00ed platnosti\u201c, ale existuj\u00ed <a href=\"https:\/\/www.msds-europe.com\/safety-data-sheet-validity-period\/\">pravidla pro aktualizaci SDS<\/a>, kter\u00e1 je t\u0159eba zn\u00e1t.<\/p>\n<h5><strong>Dal\u0161\u00ed kroky:<\/strong><\/h5>\n<p style=\"text-align: justify;\">Dal\u0161\u00ed kontroly souladu z\u00e1vis\u00ed do zna\u010dn\u00e9 m\u00edry na \u010dinnosti spole\u010dnosti a druhu pou\u017e\u00edvan\u00fdch l\u00e1tek\/sm\u011bs\u00ed. Jako distributor, kter\u00fd se z\u00e1sobuje na dom\u00e1c\u00edm trhu, riskujete p\u0159i pou\u017eit\u00ed nevyhovuj\u00edc\u00edho SDS zejm\u00e9na odm\u00edtnut\u00ed v\u00fdrobku z\u00e1kazn\u00edkem a ztr\u00e1tu pod\u00edlu na trhu.<\/p>\n<p style=\"text-align: justify;\">Pokud naopak nakupujeme chemickou l\u00e1tku nebo sm\u011bs v jin\u00e9 zemi EHP, na\u0161e spole\u010dnost odpov\u00edd\u00e1 za <a href=\"https:\/\/www.msds-europe.com\/cs\/ufi-sluzby\/\">ozn\u00e1men\u00ed PCN<\/a> a ozna\u010dov\u00e1n\u00ed, kter\u00e9 nebudeme moci spr\u00e1vn\u011b prov\u00e9st, pokud se budeme op\u00edrat o chybn\u00fd SDS.<\/p>\n<p style=\"text-align: justify;\">N\u00e1sledn\u00ed u\u017eivatel\u00e9 maj\u00ed pravd\u011bpodobn\u011b nejv\u00edce \u00fakol\u016f souvisej\u00edc\u00edch s obdr\u017een\u00fdmi SDS. Viz n\u00e1\u0161 p\u0159ehled <a href=\"https:\/\/www.msds-europe.com\/downstream-user-reach-communication-obligations\/\">z\u00e1kladn\u00edch informac\u00ed pro n\u00e1sledn\u00e9 u\u017eivatele<\/a> t\u00fdkaj\u00edc\u00edch se povinnost\u00ed ohledn\u011b SDS.<\/p>\n<p style=\"text-align: justify;\">Je t\u0159eba poznamenat, \u017ee n\u00e1sledn\u00ed u\u017eivatel\u00e9 ji\u017e maj\u00ed povinnost ov\u011b\u0159ovat obsah SDS, co\u017e m\u016f\u017ee b\u00fdt kontrolov\u00e1no org\u00e1nem b\u011bhem inspekce na m\u00edst\u011b. Zvl\u00e1\u0161tn\u00ed opat\u0159en\u00ed jsou nutn\u00e1 zejm\u00e9na tehdy, pokud SDS obsahuje <a href=\"https:\/\/www.msds-europe.com\/checking-implementing-exposure-scenario\/\">expozi\u010dn\u00ed sc\u00e9n\u00e1\u0159<\/a>.<\/p>\n<p>&nbsp;<\/p>\n<p><strong>Doporu\u010den\u00e9 slu\u017eby:<\/strong><\/p>\n<ul>\n<li><a href=\"https:\/\/www.msds-europe.com\/cs\/preklad-bezpecnostniho-listu\/\">P\u0159eklady SDS<\/a><\/li>\n<li><a href=\"https:\/\/www.msds-europe.com\/cs\/bezpecnostni-list-revize-aktualizace\/\">Revize SDS<\/a><\/li>\n<li><a href=\"https:\/\/www.msds-europe.com\/cs\/sestaveni-vytvoreni-bezpecnostniho-listu\/\">Zpracov\u00e1n\u00ed a tvorba bezpe\u010dnostn\u00edch list\u016f<\/a><\/li>\n<li>Tvorba <a href=\"https:\/\/www.msds-europe.com\/cs\/vytvoreni-navrhu-etikety\/\">n\u00e1vrh\u016f etiket CLP<\/a><\/li>\n<li><a href=\"https:\/\/www.msds-europe.com\/cs\/ufi-sluzby\/\">Ozn\u00e1men\u00ed PCN pro nebezpe\u010dn\u00e9 sm\u011bsi<\/a><\/li>\n<\/ul>\n<p>&nbsp;<\/p>\n<p><strong>U\u017eite\u010dn\u00e9 \u010dl\u00e1nky:<\/strong><\/p>\n<ul>\n<li><a href=\"https:\/\/www.msds-europe.com\/compass-to-chemical-safety\/\">Kompas chemick\u00e9 bezpe\u010dnosti<\/a><\/li>\n<li><a href=\"https:\/\/www.msds-europe.com\/cs\/nejcastejsi-dotazy-odpovedi-chemicka-bezpecnost\/\">FAQ \u2013 Ot\u00e1zky a odpov\u011bdi k chemick\u00e9 bezpe\u010dnosti<\/a><\/li>\n<li><a href=\"https:\/\/www.msds-europe.com\/cs\/regulacni-zmeny-v-oblasti-chemicke-bezpecnosti\/\">Sledov\u00e1n\u00ed zm\u011bn pr\u00e1vn\u00edch p\u0159edpis\u016f<\/a><\/li>\n<\/ul>\n<p>&nbsp;<\/p>\n<h4>Rychl\u00e9 ot\u00e1zky a odpov\u011bdi<\/h4>\n<div class=\"su-spoiler su-spoiler-style-fancy su-spoiler-icon-chevron su-spoiler-closed\" data-scroll-offset=\"0\" data-anchor-in-url=\"no\"><div class=\"su-spoiler-title\" tabindex=\"0\" role=\"button\"><span class=\"su-spoiler-icon\"><\/span>Jak\u00e9 jsou t\u0159i hlavn\u00ed body ke kontrole v SDS od zahrani\u010dn\u00edho dodavatele?<\/div><div class=\"su-spoiler-content su-u-clearfix su-u-trim\">\n<p>Jazyk dokumentu, form\u00e1t v 16 odd\u00edlech a p\u0159\u00edtomnost nov\u00fdch obsahov\u00fdch po\u017eadavk\u016f podle na\u0159\u00edzen\u00ed (EU) 2020\/878.<\/p>\n<\/div><\/div>\n<div class=\"su-spoiler su-spoiler-style-fancy su-spoiler-icon-chevron su-spoiler-closed\" data-scroll-offset=\"0\" data-anchor-in-url=\"no\"><div class=\"su-spoiler-title\" tabindex=\"0\" role=\"button\"><span class=\"su-spoiler-icon\"><\/span>Co d\u011blat, pokud dovezen\u00fd SDS nen\u00ed v souladu s na\u0159\u00edzen\u00edm (EU) 2020\/878 nebo obsahuje zastaral\u00e9 \u00fadaje?<\/div><div class=\"su-spoiler-content su-u-clearfix su-u-trim\">\n<p>Spole\u010dnost uv\u00e1d\u011bj\u00edc\u00ed v\u00fdrobek na trh jej mus\u00ed aktualizovat nebo vypracovat nov\u00fd SDS, aby jej mohla leg\u00e1ln\u011b uv\u00e1d\u011bt na trh v \u010dlensk\u00e9m st\u00e1t\u011b EU.<\/p>\n<\/div><\/div>\n<div class=\"su-spoiler su-spoiler-style-fancy su-spoiler-icon-chevron su-spoiler-closed\" data-scroll-offset=\"0\" data-anchor-in-url=\"no\"><div class=\"su-spoiler-title\" tabindex=\"0\" role=\"button\"><span class=\"su-spoiler-icon\"><\/span>Kdo je pr\u00e1vn\u011b odpov\u011bdn\u00fd za chyby v SDS znovu pou\u017eit\u00fdch v EU?<\/div><div class=\"su-spoiler-content su-u-clearfix su-u-trim\">\n<p>Subjekt uv\u00e1d\u011bj\u00edc\u00ed v\u00fdrobek na trh v EU (nap\u0159. dovozce nebo distributor odpov\u011bdn\u00fd za uveden\u00ed na trh); org\u00e1ny jej mohou sankcionovat, i kdy\u017e chybn\u00fd SDS poch\u00e1z\u00ed od dodavatele mimo EU.<\/p>\n<\/div><\/div>\n","protected":false},"excerpt":{"rendered":"<p>MSDS-Europe \u2013 Co mus\u00edme bezpodm\u00edne\u010dn\u011b zkontrolovat v bezpe\u010dnostn\u00edch listech Ne\u017e uvedeme hlavn\u00ed body, kter\u00e9 je t\u0159eba zkontrolovat v obdr\u017een\u00e9m bezpe\u010dnostn\u00edm listu (SDS), zveme v\u00e1s k p\u0159e\u010dten\u00ed na\u0161eho \u010dl\u00e1nku o pravidlech pro poskytov\u00e1n\u00ed SDS. Prvn\u00ed krok: Nejprve m\u016f\u017eeme (a mus\u00edme) zkontrolovat jazyk poskytnut\u00e9ho SDS. M\u016f\u017ee to zn\u00edt p\u0159ekvapiv\u011b, ale dodavatel chemick\u00e9ho&#8230;<\/p>\n","protected":false},"author":2,"featured_media":0,"parent":0,"menu_order":0,"comment_status":"closed","ping_status":"closed","template":"","meta":{"_acf_changed":false,"footnotes":""},"tags":[],"class_list":["post-34406","page","type-page","status-publish","hentry"],"acf":[],"yoast_head":"<!-- This site is optimized with the Yoast SEO plugin v27.2 - https:\/\/yoast.com\/product\/yoast-seo-wordpress\/ -->\n<title>Co mus\u00edme bezpodm\u00edne\u010dn\u011b zkontrolovat v bezpe\u010dnostn\u00edch listech<\/title>\n<meta name=\"description\" content=\"Jak pozn\u00e1m, \u017ee jsem od sv\u00e9ho dodavatele obdr\u017eel shodn\u00fd SDS? Na\u0161e kontrola SDS uv\u00e1d\u00ed konkr\u00e9tn\u00ed kontroln\u00ed body, kter\u00e9 zajist\u00ed bezpe\u010dn\u00e9 p\u0159evzet\u00ed zbo\u017e\u00ed.\" \/>\n<meta name=\"robots\" content=\"index, follow, max-snippet:-1, max-image-preview:large, max-video-preview:-1\" \/>\n<link rel=\"canonical\" href=\"https:\/\/www.msds-europe.com\/cs\/kontrola-sds-bezpecnostni-listy\/\" \/>\n<meta property=\"og:locale\" content=\"cs_CZ\" \/>\n<meta property=\"og:type\" content=\"article\" \/>\n<meta property=\"og:title\" content=\"Co mus\u00edme bezpodm\u00edne\u010dn\u011b zkontrolovat v bezpe\u010dnostn\u00edch listech\" \/>\n<meta property=\"og:description\" content=\"Jak pozn\u00e1m, \u017ee jsem od sv\u00e9ho dodavatele obdr\u017eel shodn\u00fd SDS? Na\u0161e kontrola SDS uv\u00e1d\u00ed konkr\u00e9tn\u00ed kontroln\u00ed body, kter\u00e9 zajist\u00ed bezpe\u010dn\u00e9 p\u0159evzet\u00ed zbo\u017e\u00ed.\" \/>\n<meta property=\"og:url\" content=\"https:\/\/www.msds-europe.com\/cs\/kontrola-sds-bezpecnostni-listy\/\" \/>\n<meta property=\"og:site_name\" content=\"MSDS Europe\" \/>\n<meta property=\"article:publisher\" content=\"https:\/\/www.facebook.com\/toxinfokft\/\" \/>\n<meta property=\"article:modified_time\" content=\"2026-02-25T09:58:32+00:00\" \/>\n<meta name=\"twitter:card\" content=\"summary_large_image\" \/>\n<meta name=\"twitter:site\" content=\"@ToxInfoKft\" \/>\n<meta name=\"twitter:label1\" content=\"Odhadovan\u00e1 doba \u010dten\u00ed\" \/>\n\t<meta name=\"twitter:data1\" content=\"2 minuty\" \/>\n<script type=\"application\/ld+json\" class=\"yoast-schema-graph\">{\"@context\":\"https:\/\/schema.org\",\"@graph\":[{\"@type\":\"WebPage\",\"@id\":\"https:\/\/www.msds-europe.com\/cs\/kontrola-sds-bezpecnostni-listy\/\",\"url\":\"https:\/\/www.msds-europe.com\/cs\/kontrola-sds-bezpecnostni-listy\/\",\"name\":\"Co mus\u00edme bezpodm\u00edne\u010dn\u011b zkontrolovat v bezpe\u010dnostn\u00edch listech\",\"isPartOf\":{\"@id\":\"https:\/\/www.msds-europe.com\/es\/#website\"},\"datePublished\":\"2025-08-15T13:06:52+00:00\",\"dateModified\":\"2026-02-25T09:58:32+00:00\",\"description\":\"Jak pozn\u00e1m, \u017ee jsem od sv\u00e9ho dodavatele obdr\u017eel shodn\u00fd SDS? Na\u0161e kontrola SDS uv\u00e1d\u00ed konkr\u00e9tn\u00ed kontroln\u00ed body, kter\u00e9 zajist\u00ed bezpe\u010dn\u00e9 p\u0159evzet\u00ed zbo\u017e\u00ed.\",\"breadcrumb\":{\"@id\":\"https:\/\/www.msds-europe.com\/cs\/kontrola-sds-bezpecnostni-listy\/#breadcrumb\"},\"inLanguage\":\"cs\",\"potentialAction\":[{\"@type\":\"ReadAction\",\"target\":[\"https:\/\/www.msds-europe.com\/cs\/kontrola-sds-bezpecnostni-listy\/\"]}]},{\"@type\":\"BreadcrumbList\",\"@id\":\"https:\/\/www.msds-europe.com\/cs\/kontrola-sds-bezpecnostni-listy\/#breadcrumb\",\"itemListElement\":[{\"@type\":\"ListItem\",\"position\":1,\"name\":\"F\u0151oldal\",\"item\":\"https:\/\/www.msds-europe.com\/cs\/\"},{\"@type\":\"ListItem\",\"position\":2,\"name\":\"Kontrola SDS: co mus\u00edme bezpodm\u00edne\u010dn\u011b zkontrolovat v bezpe\u010dnostn\u00edch listech\"}]},{\"@type\":\"WebSite\",\"@id\":\"https:\/\/www.msds-europe.com\/es\/#website\",\"url\":\"https:\/\/www.msds-europe.com\/es\/\",\"name\":\"MSDS Europe\",\"description\":\"\",\"publisher\":{\"@id\":\"https:\/\/www.msds-europe.com\/es\/#organization\"},\"potentialAction\":[{\"@type\":\"SearchAction\",\"target\":{\"@type\":\"EntryPoint\",\"urlTemplate\":\"https:\/\/www.msds-europe.com\/es\/?s={search_term_string}\"},\"query-input\":{\"@type\":\"PropertyValueSpecification\",\"valueRequired\":true,\"valueName\":\"search_term_string\"}}],\"inLanguage\":\"cs\"},{\"@type\":\"Organization\",\"@id\":\"https:\/\/www.msds-europe.com\/es\/#organization\",\"name\":\"MSDS-Europe International branch of ToxInfo\",\"url\":\"https:\/\/www.msds-europe.com\/es\/\",\"logo\":{\"@type\":\"ImageObject\",\"inLanguage\":\"cs\",\"@id\":\"https:\/\/www.msds-europe.com\/es\/#\/schema\/logo\/image\/\",\"url\":\"https:\/\/www.msds-europe.com\/wp-content\/uploads\/2021\/04\/msds-europe-logo.jpg\",\"contentUrl\":\"https:\/\/www.msds-europe.com\/wp-content\/uploads\/2021\/04\/msds-europe-logo.jpg\",\"width\":2296,\"height\":1067,\"caption\":\"MSDS-Europe International branch of ToxInfo\"},\"image\":{\"@id\":\"https:\/\/www.msds-europe.com\/es\/#\/schema\/logo\/image\/\"},\"sameAs\":[\"https:\/\/www.facebook.com\/toxinfokft\/\",\"https:\/\/x.com\/ToxInfoKft\"]}]}<\/script>\n<!-- \/ Yoast SEO plugin. -->","yoast_head_json":{"title":"Co mus\u00edme bezpodm\u00edne\u010dn\u011b zkontrolovat v bezpe\u010dnostn\u00edch listech","description":"Jak pozn\u00e1m, \u017ee jsem od sv\u00e9ho dodavatele obdr\u017eel shodn\u00fd SDS? Na\u0161e kontrola SDS uv\u00e1d\u00ed konkr\u00e9tn\u00ed kontroln\u00ed body, kter\u00e9 zajist\u00ed bezpe\u010dn\u00e9 p\u0159evzet\u00ed zbo\u017e\u00ed.","robots":{"index":"index","follow":"follow","max-snippet":"max-snippet:-1","max-image-preview":"max-image-preview:large","max-video-preview":"max-video-preview:-1"},"canonical":"https:\/\/www.msds-europe.com\/cs\/kontrola-sds-bezpecnostni-listy\/","og_locale":"cs_CZ","og_type":"article","og_title":"Co mus\u00edme bezpodm\u00edne\u010dn\u011b zkontrolovat v bezpe\u010dnostn\u00edch listech","og_description":"Jak pozn\u00e1m, \u017ee jsem od sv\u00e9ho dodavatele obdr\u017eel shodn\u00fd SDS? Na\u0161e kontrola SDS uv\u00e1d\u00ed konkr\u00e9tn\u00ed kontroln\u00ed body, kter\u00e9 zajist\u00ed bezpe\u010dn\u00e9 p\u0159evzet\u00ed zbo\u017e\u00ed.","og_url":"https:\/\/www.msds-europe.com\/cs\/kontrola-sds-bezpecnostni-listy\/","og_site_name":"MSDS Europe","article_publisher":"https:\/\/www.facebook.com\/toxinfokft\/","article_modified_time":"2026-02-25T09:58:32+00:00","twitter_card":"summary_large_image","twitter_site":"@ToxInfoKft","twitter_misc":{"Odhadovan\u00e1 doba \u010dten\u00ed":"2 minuty"},"schema":{"@context":"https:\/\/schema.org","@graph":[{"@type":"WebPage","@id":"https:\/\/www.msds-europe.com\/cs\/kontrola-sds-bezpecnostni-listy\/","url":"https:\/\/www.msds-europe.com\/cs\/kontrola-sds-bezpecnostni-listy\/","name":"Co mus\u00edme bezpodm\u00edne\u010dn\u011b zkontrolovat v bezpe\u010dnostn\u00edch listech","isPartOf":{"@id":"https:\/\/www.msds-europe.com\/es\/#website"},"datePublished":"2025-08-15T13:06:52+00:00","dateModified":"2026-02-25T09:58:32+00:00","description":"Jak pozn\u00e1m, \u017ee jsem od sv\u00e9ho dodavatele obdr\u017eel shodn\u00fd SDS? Na\u0161e kontrola SDS uv\u00e1d\u00ed konkr\u00e9tn\u00ed kontroln\u00ed body, kter\u00e9 zajist\u00ed bezpe\u010dn\u00e9 p\u0159evzet\u00ed zbo\u017e\u00ed.","breadcrumb":{"@id":"https:\/\/www.msds-europe.com\/cs\/kontrola-sds-bezpecnostni-listy\/#breadcrumb"},"inLanguage":"cs","potentialAction":[{"@type":"ReadAction","target":["https:\/\/www.msds-europe.com\/cs\/kontrola-sds-bezpecnostni-listy\/"]}]},{"@type":"BreadcrumbList","@id":"https:\/\/www.msds-europe.com\/cs\/kontrola-sds-bezpecnostni-listy\/#breadcrumb","itemListElement":[{"@type":"ListItem","position":1,"name":"F\u0151oldal","item":"https:\/\/www.msds-europe.com\/cs\/"},{"@type":"ListItem","position":2,"name":"Kontrola SDS: co mus\u00edme bezpodm\u00edne\u010dn\u011b zkontrolovat v bezpe\u010dnostn\u00edch listech"}]},{"@type":"WebSite","@id":"https:\/\/www.msds-europe.com\/es\/#website","url":"https:\/\/www.msds-europe.com\/es\/","name":"MSDS Europe","description":"","publisher":{"@id":"https:\/\/www.msds-europe.com\/es\/#organization"},"potentialAction":[{"@type":"SearchAction","target":{"@type":"EntryPoint","urlTemplate":"https:\/\/www.msds-europe.com\/es\/?s={search_term_string}"},"query-input":{"@type":"PropertyValueSpecification","valueRequired":true,"valueName":"search_term_string"}}],"inLanguage":"cs"},{"@type":"Organization","@id":"https:\/\/www.msds-europe.com\/es\/#organization","name":"MSDS-Europe International branch of ToxInfo","url":"https:\/\/www.msds-europe.com\/es\/","logo":{"@type":"ImageObject","inLanguage":"cs","@id":"https:\/\/www.msds-europe.com\/es\/#\/schema\/logo\/image\/","url":"https:\/\/www.msds-europe.com\/wp-content\/uploads\/2021\/04\/msds-europe-logo.jpg","contentUrl":"https:\/\/www.msds-europe.com\/wp-content\/uploads\/2021\/04\/msds-europe-logo.jpg","width":2296,"height":1067,"caption":"MSDS-Europe International branch of ToxInfo"},"image":{"@id":"https:\/\/www.msds-europe.com\/es\/#\/schema\/logo\/image\/"},"sameAs":["https:\/\/www.facebook.com\/toxinfokft\/","https:\/\/x.com\/ToxInfoKft"]}]}},"_links":{"self":[{"href":"https:\/\/www.msds-europe.com\/cs\/wp-json\/wp\/v2\/pages\/34406","targetHints":{"allow":["GET"]}}],"collection":[{"href":"https:\/\/www.msds-europe.com\/cs\/wp-json\/wp\/v2\/pages"}],"about":[{"href":"https:\/\/www.msds-europe.com\/cs\/wp-json\/wp\/v2\/types\/page"}],"author":[{"embeddable":true,"href":"https:\/\/www.msds-europe.com\/cs\/wp-json\/wp\/v2\/users\/2"}],"replies":[{"embeddable":true,"href":"https:\/\/www.msds-europe.com\/cs\/wp-json\/wp\/v2\/comments?post=34406"}],"version-history":[{"count":6,"href":"https:\/\/www.msds-europe.com\/cs\/wp-json\/wp\/v2\/pages\/34406\/revisions"}],"predecessor-version":[{"id":37810,"href":"https:\/\/www.msds-europe.com\/cs\/wp-json\/wp\/v2\/pages\/34406\/revisions\/37810"}],"wp:attachment":[{"href":"https:\/\/www.msds-europe.com\/cs\/wp-json\/wp\/v2\/media?parent=34406"}],"wp:term":[{"taxonomy":"post_tag","embeddable":true,"href":"https:\/\/www.msds-europe.com\/cs\/wp-json\/wp\/v2\/tags?post=34406"}],"curies":[{"name":"wp","href":"https:\/\/api.w.org\/{rel}","templated":true}]}}