{"id":34368,"date":"2025-08-15T12:29:28","date_gmt":"2025-08-15T12:29:28","guid":{"rendered":"https:\/\/www.msds-europe.com\/?page_id=34368"},"modified":"2026-02-20T09:02:31","modified_gmt":"2026-02-20T09:02:31","slug":"doba-platnosti-karty-bezpecnostnich-udaju","status":"publish","type":"page","link":"https:\/\/www.msds-europe.com\/cs\/doba-platnosti-karty-bezpecnostnich-udaju\/","title":{"rendered":"Doba platnosti karty bezpe\u010dnostn\u00edch \u00fadaj\u016f"},"content":{"rendered":"<p style=\"text-align: right;\"><em><a href=\"https:\/\/www.msds-europe.com\/cs\/zakladna-vedomostibezpecnostni-listy\/\">Datab\u00e1ze znalost\u00ed karty bezpe\u010dnostn\u00edch \u00fadaj\u016f<\/a> \u2013 Doba platnosti karet bezpe\u010dnostn\u00edch \u00fadaj\u016f<\/em><\/p>\n<p style=\"text-align: justify;\"><strong>Revize nebo aktualizace KB\u00da je nezbytn\u00e1 k zaji\u0161t\u011bn\u00ed toho, aby informace obsa\u017een\u00e9 v dokumentu byly p\u0159esn\u00e9 a aktu\u00e1ln\u00ed.<\/strong><\/p>\n<p>&nbsp;<\/p>\n<ul>\n<li><a href=\"#validity\">Doba platnosti<\/a><\/li>\n<li><a href=\"#necessary\">Revize karty bezpe\u010dnostn\u00edch \u00fadaj\u016f je nezbytn\u00e1<\/a><\/li>\n<li><a href=\"#rules\">Pravidla pro revidovan\u00e9 (aktualizovan\u00e9) karty bezpe\u010dnostn\u00edch \u00fadaj\u016f<\/a><\/li>\n<li><a href=\"#responsible\">Zam\u011bstnavatel\u00e9 a v\u00fdrobci nesou odpov\u011bdnost<\/a><\/li>\n<li><a href=\"#conclusion\">Z\u00e1v\u011br<\/a><\/li>\n<\/ul>\n<p>&nbsp;<\/p>\n<p><a name=\"validity\"><\/a><\/p>\n<h2 style=\"text-align: justify;\">Doba platnosti<\/h2>\n<p style=\"text-align: justify;\"><strong>Jak dlouho lze pova\u017eovat kartu bezpe\u010dnostn\u00edch \u00fadaj\u016f za platnou?<\/strong><\/p>\n<p style=\"text-align: justify;\">Karty bezpe\u010dnostn\u00edch \u00fadaj\u016f v EU nemaj\u00ed \u201edobu platnosti\u201c ani \u201edatum vypr\u0161en\u00ed\u201c.<\/p>\n<p style=\"text-align: justify;\">Doba platnosti <a href=\"https:\/\/www.msds-europe.com\/cs\/definice-bezpecnostniho-listu\/\">karty bezpe\u010dnostn\u00edch \u00fadaj\u016f<\/a> nen\u00ed stanovena na z\u00e1klad\u011b data vyd\u00e1n\u00ed nebo data revize. Platnost (shoda) karty bezpe\u010dnostn\u00edch \u00fadaj\u016f z\u00e1vis\u00ed na tom, zda odpov\u00edd\u00e1 p\u0159\u00edslu\u0161n\u00fdm platn\u00fdm pr\u00e1vn\u00edm p\u0159edpis\u016fm.<\/p>\n<p style=\"text-align: justify;\">Po <strong>1. lednu 2021<\/strong> mus\u00ed b\u00fdt ka\u017ed\u00e1 karta bezpe\u010dnostn\u00edch \u00fadaj\u016f vyd\u00e1na nebo revidov\u00e1na v souladu s v\u011bcn\u00fdmi a form\u00e1ln\u00edmi po\u017eadavky <a href=\"https:\/\/www.msds-europe.com\/cs\/regulacni-zmeny-v-oblasti-chemicke-bezpecnosti\/\">na\u0159\u00edzen\u00ed (EU) \u010d. 2020\/878<\/a>.<\/p>\n<p style=\"text-align: justify;\">To v\u0161ak neznamen\u00e1, \u017ee pouze karty bezpe\u010dnostn\u00edch \u00fadaj\u016f s datem revize <strong>1. ledna 2021<\/strong> jsou platn\u00e9.<\/p>\n<p style=\"text-align: justify;\">Karty bezpe\u010dnostn\u00edch \u00fadaj\u016f, kter\u00e9 nejsou v souladu s <strong>na\u0159\u00edzen\u00edm (EU) 2020\/878<\/strong> (ale jsou v souladu s na\u0159\u00edzen\u00edm (EU) \u010d. 2015\/830), lze pou\u017e\u00edvat a\u017e do <strong>31. prosince 2022<\/strong>.<\/p>\n<p style=\"text-align: right;\"><a href=\"https:\/\/www.msds-europe.com\/cs\/obsahove-a-formalni-prvky-bezpecnostniho-listu\/\"><em>St\u00e1hnout vzor karty bezpe\u010dnostn\u00edch \u00fadaj\u016f (EU) 2020\/878<\/em><\/a><\/p>\n<p>&nbsp;<\/p>\n<p><a name=\"necessary\"><\/a><\/p>\n<h2 style=\"text-align: justify;\">Revize karty bezpe\u010dnostn\u00edch \u00fadaj\u016f je nezbytn\u00e1<\/h2>\n<p style=\"text-align: justify;\"><a href=\"https:\/\/www.msds-europe.com\/cs\/bezpecnostni-list-revize-aktualizace\/\">Revize a aktualizace karet bezpe\u010dnostn\u00edch \u00fadaj\u016f<\/a> nen\u00ed p\u0159edem stanovena (neexistuje po\u017eadavek, aby se KB\u00da revidovaly ro\u010dn\u011b \/ ka\u017ed\u00e9 dva roky nebo ka\u017ed\u00fdch p\u011bt let).<\/p>\n<p style=\"text-align: justify;\">Revize je vy\u017eadov\u00e1na v\u017edy, kdy\u017e jsou k dispozici nov\u00e9 informace o v\u00fdrobku.<\/p>\n<p style=\"text-align: justify;\">Karta bezpe\u010dnostn\u00edch \u00fadaj\u016f mus\u00ed b\u00fdt bez prodlen\u00ed revidov\u00e1na v souladu s \u010dl\u00e1nkem 31 odst. 9 na\u0159\u00edzen\u00ed REACH, pokud:<\/p>\n<ul>\n<li style=\"text-align: justify;\">Jsou k dispozici nov\u00e9 informace, kter\u00e9 mohou ovlivnit opat\u0159en\u00ed pro \u0159\u00edzen\u00ed rizik<\/li>\n<li style=\"text-align: justify;\">Jsou k dispozici nov\u00e9 informace o nebezpe\u010dnosti (nap\u0159. nov\u00e1 klasifikace podle CLP)<\/li>\n<li style=\"text-align: justify;\">Bylo ud\u011bleno nebo zam\u00edtnuto povolen\u00ed (za\u0159azen\u00ed do p\u0159\u00edlohy XIV na\u0159\u00edzen\u00ed REACH jako l\u00e1tka podl\u00e9haj\u00edc\u00ed povolen\u00ed)<\/li>\n<li style=\"text-align: justify;\">Bylo ulo\u017eeno omezen\u00ed pro l\u00e1tku (p\u0159\u00edloha XVII)<\/li>\n<\/ul>\n<p>&nbsp;<\/p>\n<p><a name=\"rules\"><\/a><\/p>\n<h2 style=\"text-align: justify;\">Pravidla pro revidovan\u00e9 (aktualizovan\u00e9) karty bezpe\u010dnostn\u00edch \u00fadaj\u016f<\/h2>\n<p style=\"text-align: justify;\">Revidovan\u00e1 karta bezpe\u010dnostn\u00edch \u00fadaj\u016f mus\u00ed b\u00fdt bez vy\u017e\u00e1d\u00e1n\u00ed a bezplatn\u011b, v pap\u00edrov\u00e9 nebo elektronick\u00e9 form\u011b, zasl\u00e1na v\u0161em p\u0159\u00edjemc\u016fm, kter\u00fdm byla l\u00e1tka nebo sm\u011bs dod\u00e1na b\u011bhem p\u0159edchoz\u00edch 12 m\u011bs\u00edc\u016f. Revidovan\u00e1 karta mus\u00ed obsahovat datum posledn\u00ed aktualizace.<\/p>\n<p style=\"text-align: justify;\">Datum vyd\u00e1n\u00ed karty bezpe\u010dnostn\u00edch \u00fadaj\u016f mus\u00ed b\u00fdt uvedeno na <a href=\"https:\/\/www.msds-europe.com\/cs\/obsahove-a-formalni-prvky-bezpecnostniho-listu\/\">prvn\u00ed stran\u011b<\/a>.<br \/>\nP\u0159i poskytnut\u00ed nov\u00e9 revidovan\u00e9 verze p\u0159\u00edjemc\u016fm je t\u0159eba upozornit na zm\u011bny uveden\u00e9 v odd\u00edle 16 KB\u00da (pokud nejsou uvedeny jinde).<br \/>\nNa prvn\u00ed stran\u011b revidovan\u00e9 karty bezpe\u010dnostn\u00edch \u00fadaj\u016f mus\u00ed b\u00fdt uvedeno datum sestaven\u00ed ozna\u010den\u00e9 jako \u201eRevize: (datum)\u201c, stejn\u011b jako \u010d\u00edslo verze, \u010d\u00edslo revize, datum nahrazen\u00ed nebo jin\u00fd \u00fadaj o tom, kterou verzi nahrazuje.<\/p>\n<p>&nbsp;<\/p>\n<p><a name=\"responsible\"><\/a><\/p>\n<h2>Zam\u011bstnavatel\u00e9 a v\u00fdrobci nesou odpov\u011bdnost<\/h2>\n<p style=\"text-align: justify;\">Zam\u011bstnavatel\u00e9 a v\u00fdrobci jsou odpov\u011bdn\u00ed za to, aby KB\u00da jejich v\u00fdrobk\u016f byly aktu\u00e1ln\u00ed a p\u0159esn\u00e9. To zahrnuje revizi nebo aktualizaci KB\u00da podle pot\u0159eby a poskytov\u00e1n\u00ed zam\u011bstnanc\u016fm nejaktu\u00e1ln\u011bj\u0161\u00edch informac\u00ed o nebezpe\u010d\u00edch spojen\u00fdch s v\u00fdrobkem. Opomenut\u00ed v\u010dasn\u00e9 aktualizace KB\u00da m\u016f\u017ee v\u00e9st k nesouladu s pr\u00e1vn\u00edmi po\u017eadavky a potenci\u00e1ln\u00edm bezpe\u010dnostn\u00edm rizik\u016fm pro zam\u011bstnance a spot\u0159ebitele.<\/p>\n<p>&nbsp;<\/p>\n<p><a name=\"conclusion\"><\/a><\/p>\n<h2>Z\u00e1v\u011br<\/h2>\n<p style=\"text-align: justify;\">Revize nebo aktualizace KB\u00da je nezbytn\u00fdm aspektem zaji\u0161t\u011bn\u00ed bezpe\u010dnosti pracovn\u00edk\u016f, spot\u0159ebitel\u016f a \u017eivotn\u00edho prost\u0159ed\u00ed. Zam\u011bstnavatel\u00e9 a v\u00fdrobci mus\u00ed up\u0159ednostnit bezpe\u010dnost sv\u00fdch zam\u011bstnanc\u016f a ve\u0159ejnosti t\u00edm, \u017ee zajist\u00ed, aby jejich v\u00fdrobky byly doprov\u00e1zeny p\u0159esn\u00fdmi a aktu\u00e1ln\u00edmi KB\u00da a aby byly pravideln\u011b revidov\u00e1ny nebo aktualizov\u00e1ny, p\u0159\u00edpadn\u011b p\u0159i z\u00edsk\u00e1n\u00ed nov\u00fdch informac\u00ed.<\/p>\n<p>&nbsp;<\/p>\n<p>&nbsp;<\/p>\n<h3 style=\"text-align: justify;\"><span style=\"color: #333333;\">Nab\u00edzen\u00e9 slu\u017eby<\/span><\/h3>\n<ul>\n<li style=\"text-align: justify;\"><a href=\"https:\/\/www.msds-europe.com\/cs\/bezpecnostni-list-revize-aktualizace\/\">Revize a aktualizace karet bezpe\u010dnostn\u00edch \u00fadaj\u016f<\/a> podle platn\u00fdch p\u0159edpis\u016f<\/li>\n<li><a href=\"https:\/\/www.msds-europe.com\/cs\/vytvoreni-navrhu-etikety\/\">Sestaven\u00ed etikety<\/a><\/li>\n<\/ul>\n<p>&nbsp;<\/p>\n<h3><span style=\"color: #333333;\">Doporu\u010den\u00e9 \u010dl\u00e1nky<\/span><\/h3>\n<ul>\n<li><a href=\"https:\/\/www.msds-europe.com\/cs\/pracovni-postup-vytvoreni-a-prekladu-bezpecnostniho-listu\/\">Podm\u00ednky, za kter\u00fdch mus\u00ed b\u00fdt poskytnuta karta bezpe\u010dnostn\u00edch \u00fadaj\u016f<\/a><\/li>\n<li><a href=\"https:\/\/www.msds-europe.com\/cs\/obsahove-a-formalni-prvky-bezpecnostniho-listu\/\">Obsahov\u00e9 a form\u00e1ln\u00ed n\u00e1le\u017eitosti karty bezpe\u010dnostn\u00edch \u00fadaj\u016f<\/a><\/li>\n<\/ul>\n<p>&nbsp;<\/p>\n<h3><span style=\"color: #333333;\">\u010casto kladen\u00e9 ot\u00e1zky a odpov\u011bdi<\/span><\/h3>\n<p style=\"text-align: justify;\"><div class=\"su-spoiler su-spoiler-style-fancy su-spoiler-icon-chevron su-spoiler-closed\" data-scroll-offset=\"0\" data-anchor-in-url=\"no\"><div class=\"su-spoiler-title\" tabindex=\"0\" role=\"button\"><span class=\"su-spoiler-icon\"><\/span>Kdy je nutn\u00e9 okam\u017eit\u011b aktualizovat kartu bezpe\u010dnostn\u00edch \u00fadaj\u016f?<\/div><div class=\"su-spoiler-content su-u-clearfix su-u-trim\">\nJakmile jsou k dispozici nov\u00e9 informace, kter\u00e9 ovliv\u0148uj\u00ed opat\u0159en\u00ed pro \u0159\u00edzen\u00ed rizik, klasifikaci nebezpe\u010dnosti nebo rozhodnut\u00ed o povolen\u00ed\/omezen\u00ed l\u00e1tky.<br \/>\n<\/div><\/div>\n<p style=\"text-align: justify;\"><div class=\"su-spoiler su-spoiler-style-fancy su-spoiler-icon-chevron su-spoiler-closed\" data-scroll-offset=\"0\" data-anchor-in-url=\"no\"><div class=\"su-spoiler-title\" tabindex=\"0\" role=\"button\"><span class=\"su-spoiler-icon\"><\/span>Co \u010din\u00ed kartu bezpe\u010dnostn\u00edch \u00fadaj\u016f \u201eplatnou\u201c, pokud nem\u00e1 datum vypr\u0161en\u00ed?<\/div><div class=\"su-spoiler-content su-u-clearfix su-u-trim\">\nJej\u00ed obsah a form\u00e1t jsou v souladu s platnou legislativou, v sou\u010dasnosti s na\u0159\u00edzen\u00edm (EU) 2020\/878.<br \/>\n<\/div><\/div>\n<p style=\"text-align: justify;\"><div class=\"su-spoiler su-spoiler-style-fancy su-spoiler-icon-chevron su-spoiler-closed\" data-scroll-offset=\"0\" data-anchor-in-url=\"no\"><div class=\"su-spoiler-title\" tabindex=\"0\" role=\"button\"><span class=\"su-spoiler-icon\"><\/span>Komu a v jak\u00e9 lh\u016ft\u011b mus\u00ed b\u00fdt zasl\u00e1na aktualizovan\u00e1 karta bezpe\u010dnostn\u00edch \u00fadaj\u016f?<\/div><div class=\"su-spoiler-content su-u-clearfix su-u-trim\">\nV\u0161em p\u0159\u00edjemc\u016fm, kter\u00fdm byla l\u00e1tka nebo sm\u011bs dod\u00e1na v p\u0159edchoz\u00edch 12 m\u011bs\u00edc\u00edch, bezplatn\u011b a bez vy\u017e\u00e1d\u00e1n\u00ed, v pap\u00edrov\u00e9 nebo elektronick\u00e9 podob\u011b.<br \/>\n<\/div><\/div>\n<p>&nbsp;<\/p>\n","protected":false},"excerpt":{"rendered":"<p>Datab\u00e1ze znalost\u00ed karty bezpe\u010dnostn\u00edch \u00fadaj\u016f \u2013 Doba platnosti karet bezpe\u010dnostn\u00edch \u00fadaj\u016f Revize nebo aktualizace KB\u00da je nezbytn\u00e1 k zaji\u0161t\u011bn\u00ed toho, aby informace obsa\u017een\u00e9 v dokumentu byly p\u0159esn\u00e9 a aktu\u00e1ln\u00ed. &nbsp; Doba platnosti Revize karty bezpe\u010dnostn\u00edch \u00fadaj\u016f je nezbytn\u00e1 Pravidla pro revidovan\u00e9 (aktualizovan\u00e9) karty bezpe\u010dnostn\u00edch \u00fadaj\u016f Zam\u011bstnavatel\u00e9 a v\u00fdrobci nesou odpov\u011bdnost&#8230;<\/p>\n","protected":false},"author":2,"featured_media":0,"parent":0,"menu_order":0,"comment_status":"closed","ping_status":"closed","template":"","meta":{"_acf_changed":false,"footnotes":""},"tags":[244,358],"class_list":["post-34368","page","type-page","status-publish","hentry","tag-bezpecnostni-list-cs","tag-zakladna-vedomosti-pro-bezpecnostni-listy-cs"],"acf":[],"yoast_head":"<!-- This site is optimized with the Yoast SEO plugin v27.2 - https:\/\/yoast.com\/product\/yoast-seo-wordpress\/ -->\n<title>Doba platnosti karty bezpe\u010dnostn\u00edch \u00fadaj\u016f<\/title>\n<meta name=\"description\" content=\"Jak\u00e1 je doba platnosti karty bezpe\u010dnostn\u00edch \u00fadaj\u016f? N\u00e1\u0161 odborn\u00edk odpov\u00edd\u00e1: v EU neexistuje \u017e\u00e1dn\u00e1 doba platnosti, ale\u2026\" \/>\n<meta name=\"robots\" content=\"index, follow, max-snippet:-1, max-image-preview:large, max-video-preview:-1\" \/>\n<link rel=\"canonical\" href=\"https:\/\/www.msds-europe.com\/cs\/doba-platnosti-karty-bezpecnostnich-udaju\/\" \/>\n<meta property=\"og:locale\" content=\"cs_CZ\" \/>\n<meta property=\"og:type\" content=\"article\" \/>\n<meta property=\"og:title\" content=\"Doba platnosti karty bezpe\u010dnostn\u00edch \u00fadaj\u016f\" \/>\n<meta property=\"og:description\" content=\"Jak\u00e1 je doba platnosti karty bezpe\u010dnostn\u00edch \u00fadaj\u016f? N\u00e1\u0161 odborn\u00edk odpov\u00edd\u00e1: v EU neexistuje \u017e\u00e1dn\u00e1 doba platnosti, ale\u2026\" \/>\n<meta property=\"og:url\" content=\"https:\/\/www.msds-europe.com\/cs\/doba-platnosti-karty-bezpecnostnich-udaju\/\" \/>\n<meta property=\"og:site_name\" content=\"MSDS Europe\" \/>\n<meta property=\"article:publisher\" content=\"https:\/\/www.facebook.com\/toxinfokft\/\" \/>\n<meta property=\"article:modified_time\" content=\"2026-02-20T09:02:31+00:00\" \/>\n<meta name=\"twitter:card\" content=\"summary_large_image\" \/>\n<meta name=\"twitter:site\" content=\"@ToxInfoKft\" \/>\n<meta name=\"twitter:label1\" content=\"Odhadovan\u00e1 doba \u010dten\u00ed\" \/>\n\t<meta name=\"twitter:data1\" content=\"3 minuty\" \/>\n<script type=\"application\/ld+json\" class=\"yoast-schema-graph\">{\"@context\":\"https:\/\/schema.org\",\"@graph\":[{\"@type\":\"WebPage\",\"@id\":\"https:\/\/www.msds-europe.com\/cs\/doba-platnosti-karty-bezpecnostnich-udaju\/\",\"url\":\"https:\/\/www.msds-europe.com\/cs\/doba-platnosti-karty-bezpecnostnich-udaju\/\",\"name\":\"Doba platnosti karty bezpe\u010dnostn\u00edch \u00fadaj\u016f\",\"isPartOf\":{\"@id\":\"https:\/\/www.msds-europe.com\/es\/#website\"},\"datePublished\":\"2025-08-15T12:29:28+00:00\",\"dateModified\":\"2026-02-20T09:02:31+00:00\",\"description\":\"Jak\u00e1 je doba platnosti karty bezpe\u010dnostn\u00edch \u00fadaj\u016f? N\u00e1\u0161 odborn\u00edk odpov\u00edd\u00e1: v EU neexistuje \u017e\u00e1dn\u00e1 doba platnosti, ale\u2026\",\"breadcrumb\":{\"@id\":\"https:\/\/www.msds-europe.com\/cs\/doba-platnosti-karty-bezpecnostnich-udaju\/#breadcrumb\"},\"inLanguage\":\"cs\",\"potentialAction\":[{\"@type\":\"ReadAction\",\"target\":[\"https:\/\/www.msds-europe.com\/cs\/doba-platnosti-karty-bezpecnostnich-udaju\/\"]}]},{\"@type\":\"BreadcrumbList\",\"@id\":\"https:\/\/www.msds-europe.com\/cs\/doba-platnosti-karty-bezpecnostnich-udaju\/#breadcrumb\",\"itemListElement\":[{\"@type\":\"ListItem\",\"position\":1,\"name\":\"F\u0151oldal\",\"item\":\"https:\/\/www.msds-europe.com\/cs\/\"},{\"@type\":\"ListItem\",\"position\":2,\"name\":\"Doba platnosti karty bezpe\u010dnostn\u00edch \u00fadaj\u016f\"}]},{\"@type\":\"WebSite\",\"@id\":\"https:\/\/www.msds-europe.com\/es\/#website\",\"url\":\"https:\/\/www.msds-europe.com\/es\/\",\"name\":\"MSDS Europe\",\"description\":\"\",\"publisher\":{\"@id\":\"https:\/\/www.msds-europe.com\/es\/#organization\"},\"potentialAction\":[{\"@type\":\"SearchAction\",\"target\":{\"@type\":\"EntryPoint\",\"urlTemplate\":\"https:\/\/www.msds-europe.com\/es\/?s={search_term_string}\"},\"query-input\":{\"@type\":\"PropertyValueSpecification\",\"valueRequired\":true,\"valueName\":\"search_term_string\"}}],\"inLanguage\":\"cs\"},{\"@type\":\"Organization\",\"@id\":\"https:\/\/www.msds-europe.com\/es\/#organization\",\"name\":\"MSDS-Europe International branch of ToxInfo\",\"url\":\"https:\/\/www.msds-europe.com\/es\/\",\"logo\":{\"@type\":\"ImageObject\",\"inLanguage\":\"cs\",\"@id\":\"https:\/\/www.msds-europe.com\/es\/#\/schema\/logo\/image\/\",\"url\":\"https:\/\/www.msds-europe.com\/wp-content\/uploads\/2021\/04\/msds-europe-logo.jpg\",\"contentUrl\":\"https:\/\/www.msds-europe.com\/wp-content\/uploads\/2021\/04\/msds-europe-logo.jpg\",\"width\":2296,\"height\":1067,\"caption\":\"MSDS-Europe International branch of ToxInfo\"},\"image\":{\"@id\":\"https:\/\/www.msds-europe.com\/es\/#\/schema\/logo\/image\/\"},\"sameAs\":[\"https:\/\/www.facebook.com\/toxinfokft\/\",\"https:\/\/x.com\/ToxInfoKft\"]}]}<\/script>\n<!-- \/ Yoast SEO plugin. -->","yoast_head_json":{"title":"Doba platnosti karty bezpe\u010dnostn\u00edch \u00fadaj\u016f","description":"Jak\u00e1 je doba platnosti karty bezpe\u010dnostn\u00edch \u00fadaj\u016f? N\u00e1\u0161 odborn\u00edk odpov\u00edd\u00e1: v EU neexistuje \u017e\u00e1dn\u00e1 doba platnosti, ale\u2026","robots":{"index":"index","follow":"follow","max-snippet":"max-snippet:-1","max-image-preview":"max-image-preview:large","max-video-preview":"max-video-preview:-1"},"canonical":"https:\/\/www.msds-europe.com\/cs\/doba-platnosti-karty-bezpecnostnich-udaju\/","og_locale":"cs_CZ","og_type":"article","og_title":"Doba platnosti karty bezpe\u010dnostn\u00edch \u00fadaj\u016f","og_description":"Jak\u00e1 je doba platnosti karty bezpe\u010dnostn\u00edch \u00fadaj\u016f? N\u00e1\u0161 odborn\u00edk odpov\u00edd\u00e1: v EU neexistuje \u017e\u00e1dn\u00e1 doba platnosti, ale\u2026","og_url":"https:\/\/www.msds-europe.com\/cs\/doba-platnosti-karty-bezpecnostnich-udaju\/","og_site_name":"MSDS Europe","article_publisher":"https:\/\/www.facebook.com\/toxinfokft\/","article_modified_time":"2026-02-20T09:02:31+00:00","twitter_card":"summary_large_image","twitter_site":"@ToxInfoKft","twitter_misc":{"Odhadovan\u00e1 doba \u010dten\u00ed":"3 minuty"},"schema":{"@context":"https:\/\/schema.org","@graph":[{"@type":"WebPage","@id":"https:\/\/www.msds-europe.com\/cs\/doba-platnosti-karty-bezpecnostnich-udaju\/","url":"https:\/\/www.msds-europe.com\/cs\/doba-platnosti-karty-bezpecnostnich-udaju\/","name":"Doba platnosti karty bezpe\u010dnostn\u00edch \u00fadaj\u016f","isPartOf":{"@id":"https:\/\/www.msds-europe.com\/es\/#website"},"datePublished":"2025-08-15T12:29:28+00:00","dateModified":"2026-02-20T09:02:31+00:00","description":"Jak\u00e1 je doba platnosti karty bezpe\u010dnostn\u00edch \u00fadaj\u016f? N\u00e1\u0161 odborn\u00edk odpov\u00edd\u00e1: v EU neexistuje \u017e\u00e1dn\u00e1 doba platnosti, ale\u2026","breadcrumb":{"@id":"https:\/\/www.msds-europe.com\/cs\/doba-platnosti-karty-bezpecnostnich-udaju\/#breadcrumb"},"inLanguage":"cs","potentialAction":[{"@type":"ReadAction","target":["https:\/\/www.msds-europe.com\/cs\/doba-platnosti-karty-bezpecnostnich-udaju\/"]}]},{"@type":"BreadcrumbList","@id":"https:\/\/www.msds-europe.com\/cs\/doba-platnosti-karty-bezpecnostnich-udaju\/#breadcrumb","itemListElement":[{"@type":"ListItem","position":1,"name":"F\u0151oldal","item":"https:\/\/www.msds-europe.com\/cs\/"},{"@type":"ListItem","position":2,"name":"Doba platnosti karty bezpe\u010dnostn\u00edch \u00fadaj\u016f"}]},{"@type":"WebSite","@id":"https:\/\/www.msds-europe.com\/es\/#website","url":"https:\/\/www.msds-europe.com\/es\/","name":"MSDS Europe","description":"","publisher":{"@id":"https:\/\/www.msds-europe.com\/es\/#organization"},"potentialAction":[{"@type":"SearchAction","target":{"@type":"EntryPoint","urlTemplate":"https:\/\/www.msds-europe.com\/es\/?s={search_term_string}"},"query-input":{"@type":"PropertyValueSpecification","valueRequired":true,"valueName":"search_term_string"}}],"inLanguage":"cs"},{"@type":"Organization","@id":"https:\/\/www.msds-europe.com\/es\/#organization","name":"MSDS-Europe International branch of ToxInfo","url":"https:\/\/www.msds-europe.com\/es\/","logo":{"@type":"ImageObject","inLanguage":"cs","@id":"https:\/\/www.msds-europe.com\/es\/#\/schema\/logo\/image\/","url":"https:\/\/www.msds-europe.com\/wp-content\/uploads\/2021\/04\/msds-europe-logo.jpg","contentUrl":"https:\/\/www.msds-europe.com\/wp-content\/uploads\/2021\/04\/msds-europe-logo.jpg","width":2296,"height":1067,"caption":"MSDS-Europe International branch of ToxInfo"},"image":{"@id":"https:\/\/www.msds-europe.com\/es\/#\/schema\/logo\/image\/"},"sameAs":["https:\/\/www.facebook.com\/toxinfokft\/","https:\/\/x.com\/ToxInfoKft"]}]}},"_links":{"self":[{"href":"https:\/\/www.msds-europe.com\/cs\/wp-json\/wp\/v2\/pages\/34368","targetHints":{"allow":["GET"]}}],"collection":[{"href":"https:\/\/www.msds-europe.com\/cs\/wp-json\/wp\/v2\/pages"}],"about":[{"href":"https:\/\/www.msds-europe.com\/cs\/wp-json\/wp\/v2\/types\/page"}],"author":[{"embeddable":true,"href":"https:\/\/www.msds-europe.com\/cs\/wp-json\/wp\/v2\/users\/2"}],"replies":[{"embeddable":true,"href":"https:\/\/www.msds-europe.com\/cs\/wp-json\/wp\/v2\/comments?post=34368"}],"version-history":[{"count":4,"href":"https:\/\/www.msds-europe.com\/cs\/wp-json\/wp\/v2\/pages\/34368\/revisions"}],"predecessor-version":[{"id":37239,"href":"https:\/\/www.msds-europe.com\/cs\/wp-json\/wp\/v2\/pages\/34368\/revisions\/37239"}],"wp:attachment":[{"href":"https:\/\/www.msds-europe.com\/cs\/wp-json\/wp\/v2\/media?parent=34368"}],"wp:term":[{"taxonomy":"post_tag","embeddable":true,"href":"https:\/\/www.msds-europe.com\/cs\/wp-json\/wp\/v2\/tags?post=34368"}],"curies":[{"name":"wp","href":"https:\/\/api.w.org\/{rel}","templated":true}]}}