{"id":34333,"date":"2025-08-15T11:47:55","date_gmt":"2025-08-15T11:47:55","guid":{"rendered":"https:\/\/www.msds-europe.com\/?page_id=34333"},"modified":"2026-02-24T20:10:22","modified_gmt":"2026-02-24T20:10:22","slug":"rejstrik-chyb-sds","status":"publish","type":"page","link":"https:\/\/www.msds-europe.com\/cs\/rejstrik-chyb-sds\/","title":{"rendered":"Pro\u010d m\u016fj partner odm\u00edtl bezpe\u010dnostn\u00ed list?"},"content":{"rendered":"<p style=\"text-align: right;\"><em><a href=\"https:\/\/www.msds-europe.com\/cs\/\">MSDS-Europe<\/a> \u2013 Pro\u010d m\u016fj partner odm\u00edtl bezpe\u010dnostn\u00ed list?<\/em><\/p>\n<p>&nbsp;<\/p>\n<p style=\"text-align: justify;\"><a href=\"https:\/\/www.msds-europe.com\/cs\/obsahove-a-formalni-prvky-bezpecnostniho-listu\/\">Bezpe\u010dnostn\u00ed list<\/a> (SDS) je kl\u00ed\u010dov\u00fdm dokumentem v oblasti chemick\u00e9 bezpe\u010dnosti. Na\u0161i obchodn\u00ed partne\u0159i maj\u00ed opr\u00e1vn\u011bn\u00e9 o\u010dek\u00e1v\u00e1n\u00ed, \u017ee obdr\u017een\u00fd SDS bude pln\u011b v souladu s pr\u00e1vn\u00edmi po\u017eadavky. Pokud partner n\u00e1\u0161 SDS odm\u00edtne, b\u00fdv\u00e1 d\u016fvodem obvykle nesoulad s p\u0159edpisy. N\u00ed\u017ee uv\u00e1d\u00edme nej\u010dast\u011bj\u0161\u00ed p\u0159\u00ed\u010diny a praktick\u00fd kontroln\u00ed seznam, jak odm\u00edtnut\u00ed SDS p\u0159edej\u00edt.<\/p>\n<h3 style=\"text-align: justify;\"><strong>Nej\u010dast\u011bj\u0161\u00ed d\u016fvody odm\u00edtnut\u00ed SDS<\/strong><\/h3>\n<h4 style=\"text-align: justify;\"><span style=\"color: #000000;\"><strong>SDS v nespr\u00e1vn\u00e9m jazyce<\/strong><\/span><\/h4>\n<p style=\"text-align: justify;\">Jedn\u00edm z nej\u010dast\u011bj\u0161\u00edch d\u016fvod\u016f je, \u017ee bezpe\u010dnostn\u00ed list nen\u00ed vypracov\u00e1n v jazyce po\u017eadovan\u00e9m p\u0159\u00edjemcem nebo \u00fa\u0159ady. Na\u0159\u00edzen\u00ed REACH ukl\u00e1d\u00e1 povinnost, aby SDS byl poskytnut v \u00fa\u0159edn\u00edm jazyce \u010dlensk\u00e9ho st\u00e1tu, ve kter\u00e9m je v\u00fdrobek uv\u00e1d\u011bn na trh. Nap\u0159\u00edklad v Ma\u010farsku je <strong>povinn\u00fd SDS v ma\u010far\u0161tin\u011b<\/strong> a partner nen\u00ed povinen akceptovat dokument v jin\u00e9m jazyce.<\/p>\n<h4 style=\"text-align: justify;\"><span style=\"color: #000000;\"><strong>Ne\u00fapln\u00fd nebo zastaral\u00fd form\u00e1t SDS<\/strong><\/span><\/h4>\n<p style=\"text-align: justify;\">M\u016f\u017ee se st\u00e1t, \u017ee SDS je v po\u017eadovan\u00e9m jazyce, ale po form\u00e1ln\u00ed nebo obsahov\u00e9 str\u00e1nce nen\u00ed \u00fapln\u00fd. V minulosti se hovo\u0159ilo o \u201e<em>kontrole souladu podle 830<\/em>\u201c ve vztahu k na\u0159\u00edzen\u00ed <strong>(EU) 2015\/830<\/strong>, kter\u00e9 stanovovalo strukturu 16 odd\u00edl\u016f a podrobn\u00e9 po\u017eadavky na obsah.<\/p>\n<p style=\"text-align: justify;\">V posledn\u00edch letech v\u0161ak vstoupilo v platnost nov\u00e9 evropsk\u00e9 na\u0159\u00edzen\u00ed: <a href=\"https:\/\/www.msds-europe.com\/cs\/sds-priprava-nejlepsi-praxe\/\">na\u0159\u00edzen\u00ed (EU) 2020\/878<\/a> nahradilo p\u0159edchoz\u00ed pravidla. Od 1. ledna 2023 jsou <strong>v EU p\u0159ij\u00edm\u00e1ny pouze SDS v souladu s po\u017eadavky na\u0159\u00edzen\u00ed (EU) 2020\/878<\/strong>. To znamen\u00e1, \u017ee v\u0161echny d\u0159\u00edv\u011bj\u0161\u00ed bezpe\u010dnostn\u00ed listy musely b\u00fdt do konce roku 2022 aktualizov\u00e1ny.<\/p>\n<p style=\"text-align: justify;\">\u201eSoulad s 2020\/878\u201c znamen\u00e1, \u017ee SDS obsahuje tak\u00e9 nov\u00e9 povinn\u00e9 informace \u2013 nap\u0159. nanoformy, vlastnosti naru\u0161uj\u00edc\u00ed \u010dinnost endokrinn\u00edho syst\u00e9mu, hodnoty ATE a faktory M. SDS vytvo\u0159en\u00fd podle star\u0161\u00edho vzoru bude velmi pravd\u011bpodobn\u011b odm\u00edtnut.<\/p>\n<h4 style=\"text-align: justify;\"><span style=\"color: #000000;\"><strong>Pr\u00e1vo z\u00e1kazn\u00edka na vyhovuj\u00edc\u00ed SDS<\/strong><\/span><\/h4>\n<p style=\"text-align: justify;\">N\u00e1\u0161 partner \u2013 jako <em>p\u0159\u00edjemce<\/em> nebezpe\u010dn\u00e9 l\u00e1tky nebo sm\u011bsi \u2013 m\u00e1 pr\u00e1vo a povinnost obdr\u017eet spr\u00e1vn\u00fd a aktu\u00e1ln\u00ed bezpe\u010dnostn\u00ed list. Ma\u010farsk\u00e9 pr\u00e1vn\u00ed p\u0159edpisy to rovn\u011b\u017e stanov\u00ed: vyhl\u00e1\u0161ka 25\/2000. (IX. 30.) E\u00fcM\u2013SZCSM ukl\u00e1d\u00e1 spole\u010dnostem v Ma\u010farsku povinnost z\u00edskat od dodavatele SDS v souladu s pr\u00e1vn\u00edmi p\u0159edpisy. Bez tohoto dokumentu si z\u00e1kazn\u00edk nem\u016f\u017ee splnit vlastn\u00ed povinnosti v oblasti chemick\u00e9 bezpe\u010dnosti, a proto je opr\u00e1vn\u011bn odm\u00edtnout ne\u00fapln\u00fd nebo zastaral\u00fd SDS a po\u017eadovat jeho aktualizovanou verzi.<\/p>\n<h3 style=\"text-align: justify;\"><strong>Praktick\u00fd kontroln\u00ed seznam souladu<\/strong><\/h3>\n<p style=\"text-align: justify;\">N\u00e1sleduj\u00edc\u00ed kontroln\u00ed seznam pom\u00e1h\u00e1 dodavatel\u016fm a distributor\u016fm ov\u011b\u0159it, zda bezpe\u010dnostn\u00ed list spl\u0148uje po\u017eadavky je\u0161t\u011b p\u0159ed jeho p\u0159ed\u00e1n\u00edm partnerovi:<\/p>\n<ul style=\"text-align: justify;\">\n<li><strong>Spr\u00e1vn\u00fd jazyk:<\/strong> ujist\u011bte se, \u017ee SDS je vypracov\u00e1n v \u00fa\u0159edn\u00edm jazyce zem\u011b, kde je v\u00fdrobek uv\u00e1d\u011bn na trh.<\/li>\n<li><strong>Spr\u00e1vn\u00e1 klasifikace a ozna\u010den\u00ed:<\/strong> ov\u011b\u0159te, \u017ee klasifikace nebezpe\u010dnosti uveden\u00e1 v SDS odpov\u00edd\u00e1 na\u0159\u00edzen\u00ed CLP. Mus\u00ed b\u00fdt uvedeny v\u0161echny povinn\u00e9 <em>H-v\u011bty a P-v\u011bty<\/em> a po\u017eadovan\u00e9 <em>v\u00fdstra\u017en\u00e9 symboly \/ piktogramy<\/em>.<\/li>\n<li><strong>Aktu\u00e1ln\u00ed verze:<\/strong> SDS mus\u00ed obsahovat datum vyd\u00e1n\u00ed a \u010d\u00edslo verze a b\u00fdt v souladu s aktu\u00e1ln\u00edm form\u00e1tem podle na\u0159\u00edzen\u00ed (EU) 2020\/878. Pokud byla posledn\u00ed aktualizace provedena p\u0159ed rokem 2023, je nutn\u00e1 revize pro dopln\u011bn\u00ed nov\u00fdch povinn\u00fdch prvk\u016f (nap\u0159. vlastnost\u00ed naru\u0161uj\u00edc\u00edch \u010dinnost endokrinn\u00edho syst\u00e9mu).<\/li>\n<li><strong>P\u0159\u00edlohy:<\/strong> zkontrolujte, zda jsou p\u0159ilo\u017eeny v\u0161echny po\u017eadovan\u00e9 p\u0159\u00edlohy (nap\u0159. sc\u00e9n\u00e1\u0159e expozice, pokud jsou relevantn\u00ed).<\/li>\n<\/ul>\n<h3 style=\"text-align: justify;\"><strong>Oprava \u010dast\u00fdch chyb<\/strong><\/h3>\n<p style=\"text-align: justify;\">Pokud p\u0159i kontrole zjist\u00edte, \u017ee bezpe\u010dnostn\u00ed list nespl\u0148uje po\u017eadavky, je t\u0159eba jej co nejd\u0159\u00edve opravit. Pokud je probl\u00e9m v jazyce, v\u011bt\u0161inou je nutn\u00e9 vypracovat SDS v m\u00edstn\u00edm jazyce. Doporu\u010duje se vyu\u017e\u00edt kvalifikovan\u00e9ho p\u0159ekladatele a zajistit kontrolu p\u0159ekladu odborn\u00edkem na chemickou bezpe\u010dnost, proto\u017ee pr\u00e1vn\u00ed soulad vy\u017eaduje jak jazykovou, tak technickou p\u0159esnost.<\/p>\n<p style=\"text-align: justify;\">Pokud je form\u00e1t nebo obsah SDS zastaral\u00fd, mus\u00ed b\u00fdt aktualizov\u00e1n podle platn\u00fdch pr\u00e1vn\u00edch p\u0159edpis\u016f. To zahrnuje dopln\u011bn\u00ed nov\u00fdch povinn\u00fdch \u00fadaj\u016f a p\u0159\u00edpadn\u011b zm\u011bnu klasifikace.<\/p>\n<p style=\"text-align: justify;\">Tento \u00fakol nen\u00ed jednoduch\u00fd, proto\u017ee <a href=\"https:\/\/www.msds-europe.com\/cs\/sds-priprava-nejlepsi-praxe\/\">zaji\u0161t\u011bn\u00ed souladu SDS<\/a> je slo\u017eit\u00e1 a neust\u00e1le se vyv\u00edjej\u00edc\u00ed oblast a v\u011bt\u0161ina firem nem\u00e1 dostatek intern\u00edch zdroj\u016f, aby jej zvl\u00e1dla samostatn\u011b. Veden\u00ed intern\u00edho <strong>rejst\u0159\u00edku chyb SDS<\/strong> m\u016f\u017ee pomoci p\u0159edch\u00e1zet opakuj\u00edc\u00edm se probl\u00e9m\u016fm a zlep\u0161ovat kvalitu dokument\u016f.<\/p>\n<h3 style=\"background: white; margin: 0cm 0cm 15.0pt 0cm;\"><span style=\"font-size: 18.0pt; font-family: 'Arial',sans-serif; color: #e67817;\">M\u00e1te dal\u0161\u00ed ot\u00e1zky?<\/span><\/h3>\n<p style=\"background: white; margin: 0cm 0cm 15.0pt 0cm; font-size: 11.5pt; font-family: 'Arial',sans-serif; color: black;\">Kontaktujte na\u0161e <a href=\"https:\/\/www.msds-europe.com\/cs\/zakaznicke-sluzby\/\">z\u00e1kaznick\u00e9 odd\u011blen\u00ed<\/a> nebo se obra\u0165te na <a href=\"https:\/\/www.msds-europe.com\/cs\/online-konzultace\/\">na\u0161eho online experta<\/a>.<\/p>\n<a href=\"https:\/\/www.msds-europe.com\/cs\/zakaznicke-sluzby\/\" class=\"su-button su-button-style-default\" style=\"color:#ef552d;background-color:#fefefe;border-color:#cccccc;border-radius:6px\" target=\"_self\"><span style=\"color:#ef552d;padding:0px 18px;font-size:14px;line-height:28px;border-color:#ffffff;border-radius:6px;text-shadow:none\"> Z\u00e1kaznick\u00e9 odd\u011blen\u00ed<\/span><\/a> <a href=\"https:\/\/www.msds-europe.com\/cs\/online-konzultace\/\" class=\"su-button su-button-style-default\" style=\"color:#ffffff;background-color:#ef552d;border-color:#c04424;border-radius:6px\" target=\"_self\"><span style=\"color:#ffffff;padding:0px 18px;font-size:14px;line-height:28px;border-color:#f4886c;border-radius:6px;text-shadow:0px 0px 2px #ffffff\"> Polo\u017eit dotaz<\/span><\/a>\n<p>&nbsp;<\/p>\n<p>\u00a0<\/p>\n<p><strong><span style=\"color: #333333;\">Doporu\u010den\u00e9 slu\u017eby:<\/span><\/strong><\/p>\n<ul>\n<li><a href=\"https:\/\/www.msds-europe.com\/cs\/preklad-bezpecnostniho-listu\/\">P\u0159eklady SDS<\/a><\/li>\n<li><a href=\"https:\/\/www.msds-europe.com\/cs\/sestaveni-vytvoreni-bezpecnostniho-listu\/\">Vypracov\u00e1n\u00ed a sestaven\u00ed bezpe\u010dnostn\u00edch list\u016f (SDS)<\/a><\/li>\n<li><a href=\"https:\/\/www.msds-europe.com\/cs\/vytvoreni-navrhu-etikety\/\">Vytv\u00e1\u0159en\u00ed n\u00e1vrh\u016f \u0161t\u00edtk\u016f CLP<\/a><\/li>\n<li><a href=\"https:\/\/www.msds-europe.com\/cs\/ufi-sluzby\/\">Pod\u00e1n\u00ed PCN pro nebezpe\u010dn\u00e9 sm\u011bsi<\/a><\/li>\n<\/ul>\n<p>&nbsp;<\/p>\n<p><strong>U\u017eite\u010dn\u00e9 \u010dl\u00e1nky:<\/strong><\/p>\n<ul>\n<li><a href=\"https:\/\/www.msds-europe.com\/cs\/nejcastejsi-dotazy-odpovedi-chemicka-bezpecnost\/\">Kompas chemick\u00e9 bezpe\u010dnosti<\/a><\/li>\n<li><a href=\"https:\/\/www.msds-europe.com\/cs\/nejcastejsi-dotazy-odpovedi-chemicka-bezpecnost\/\">FAQ \u2013 Ot\u00e1zky a odpov\u011bdi v oblasti chemick\u00e9 bezpe\u010dnosti<\/a><\/li>\n<li><a href=\"https:\/\/www.msds-europe.com\/cs\/regulacni-zmeny-v-oblasti-chemicke-bezpecnosti\/\">Sledov\u00e1n\u00ed legislativn\u00edch zm\u011bn<\/a><\/li>\n<\/ul>\n<p>&nbsp;<\/p>\n<h4>Rychl\u00e9 ot\u00e1zky a odpov\u011bdi<\/h4>\n<div class=\"su-spoiler su-spoiler-style-fancy su-spoiler-icon-chevron su-spoiler-closed\" data-scroll-offset=\"0\" data-anchor-in-url=\"no\"><div class=\"su-spoiler-title\" tabindex=\"0\" role=\"button\"><span class=\"su-spoiler-icon\"><\/span>Jak zjistit, zda je SDS ji\u017e v nov\u00e9m form\u00e1tu EU?<\/div><div class=\"su-spoiler-content su-u-clearfix su-u-trim\">\n<p>Zkontrolujte datum vyd\u00e1n\u00ed SDS: pokud byla vypracov\u00e1na p\u0159ed 1. lednem 2023, je velmi pravd\u011bpodobn\u00e9, \u017ee je\u0161t\u011b neobsahuje nov\u00e9 prvky po\u017eadovan\u00e9 na\u0159\u00edzen\u00edm (EU) 2020\/878 (nap\u0159. nanoformy, vlastnosti naru\u0161uj\u00edc\u00ed \u010dinnost endokrinn\u00edho syst\u00e9mu) a vy\u017eaduje aktualizaci.<\/p>\n<\/div><\/div>\n<div class=\"su-spoiler su-spoiler-style-fancy su-spoiler-icon-chevron su-spoiler-closed\" data-scroll-offset=\"0\" data-anchor-in-url=\"no\"><div class=\"su-spoiler-title\" tabindex=\"0\" role=\"button\"><span class=\"su-spoiler-icon\"><\/span>Co d\u011blat, pokud zjist\u00edte, \u017ee SDS nen\u00ed dostate\u010dn\u011b p\u0159esn\u00fd?<\/div><div class=\"su-spoiler-content su-u-clearfix su-u-trim\">\n<p>Po\u017e\u00e1dejte o opravu SDS za pomoci profesion\u00e1ln\u00edho p\u0159ekladatele a odborn\u00edka na chemickou bezpe\u010dnost \u2013 pr\u00e1vn\u00ed soulad vy\u017eaduje jak jazykovou, tak technickou p\u0159esnost.<\/p>\n<\/div><\/div>\n","protected":false},"excerpt":{"rendered":"<p>MSDS-Europe \u2013 Pro\u010d m\u016fj partner odm\u00edtl bezpe\u010dnostn\u00ed list? &nbsp; Bezpe\u010dnostn\u00ed list (SDS) je kl\u00ed\u010dov\u00fdm dokumentem v oblasti chemick\u00e9 bezpe\u010dnosti. Na\u0161i obchodn\u00ed partne\u0159i maj\u00ed opr\u00e1vn\u011bn\u00e9 o\u010dek\u00e1v\u00e1n\u00ed, \u017ee obdr\u017een\u00fd SDS bude pln\u011b v souladu s pr\u00e1vn\u00edmi po\u017eadavky. Pokud partner n\u00e1\u0161 SDS odm\u00edtne, b\u00fdv\u00e1 d\u016fvodem obvykle nesoulad s p\u0159edpisy. N\u00ed\u017ee uv\u00e1d\u00edme nej\u010dast\u011bj\u0161\u00ed p\u0159\u00ed\u010diny&#8230;<\/p>\n","protected":false},"author":2,"featured_media":0,"parent":0,"menu_order":0,"comment_status":"closed","ping_status":"closed","template":"","meta":{"_acf_changed":false,"footnotes":""},"tags":[],"class_list":["post-34333","page","type-page","status-publish","hentry"],"acf":[],"yoast_head":"<!-- This site is optimized with the Yoast SEO plugin v27.2 - https:\/\/yoast.com\/product\/yoast-seo-wordpress\/ -->\n<title>Pro\u010d m\u016fj partner odm\u00edtl bezpe\u010dnostn\u00ed list? - MSDS Europe<\/title>\n<meta name=\"description\" content=\"Seznam chyb a kontroln\u00ed seznam souladu pro SDS k zaji\u0161t\u011bn\u00ed spln\u011bn\u00ed pr\u00e1vn\u00edch po\u017eadavk\u016f.\" \/>\n<meta name=\"robots\" content=\"index, follow, max-snippet:-1, max-image-preview:large, max-video-preview:-1\" \/>\n<link rel=\"canonical\" href=\"https:\/\/www.msds-europe.com\/cs\/rejstrik-chyb-sds\/\" \/>\n<meta property=\"og:locale\" content=\"cs_CZ\" \/>\n<meta property=\"og:type\" content=\"article\" \/>\n<meta property=\"og:title\" content=\"Pro\u010d m\u016fj partner odm\u00edtl bezpe\u010dnostn\u00ed list? - MSDS Europe\" \/>\n<meta property=\"og:description\" content=\"Seznam chyb a kontroln\u00ed seznam souladu pro SDS k zaji\u0161t\u011bn\u00ed spln\u011bn\u00ed pr\u00e1vn\u00edch po\u017eadavk\u016f.\" \/>\n<meta property=\"og:url\" content=\"https:\/\/www.msds-europe.com\/cs\/rejstrik-chyb-sds\/\" \/>\n<meta property=\"og:site_name\" content=\"MSDS Europe\" \/>\n<meta property=\"article:publisher\" content=\"https:\/\/www.facebook.com\/toxinfokft\/\" \/>\n<meta property=\"article:modified_time\" content=\"2026-02-24T20:10:22+00:00\" \/>\n<meta name=\"twitter:card\" content=\"summary_large_image\" \/>\n<meta name=\"twitter:site\" content=\"@ToxInfoKft\" \/>\n<meta name=\"twitter:label1\" content=\"Odhadovan\u00e1 doba \u010dten\u00ed\" \/>\n\t<meta name=\"twitter:data1\" content=\"4 minuty\" \/>\n<script type=\"application\/ld+json\" class=\"yoast-schema-graph\">{\"@context\":\"https:\/\/schema.org\",\"@graph\":[{\"@type\":\"WebPage\",\"@id\":\"https:\/\/www.msds-europe.com\/cs\/rejstrik-chyb-sds\/\",\"url\":\"https:\/\/www.msds-europe.com\/cs\/rejstrik-chyb-sds\/\",\"name\":\"Pro\u010d m\u016fj partner odm\u00edtl bezpe\u010dnostn\u00ed list? - MSDS Europe\",\"isPartOf\":{\"@id\":\"https:\/\/www.msds-europe.com\/es\/#website\"},\"datePublished\":\"2025-08-15T11:47:55+00:00\",\"dateModified\":\"2026-02-24T20:10:22+00:00\",\"description\":\"Seznam chyb a kontroln\u00ed seznam souladu pro SDS k zaji\u0161t\u011bn\u00ed spln\u011bn\u00ed pr\u00e1vn\u00edch po\u017eadavk\u016f.\",\"breadcrumb\":{\"@id\":\"https:\/\/www.msds-europe.com\/cs\/rejstrik-chyb-sds\/#breadcrumb\"},\"inLanguage\":\"cs\",\"potentialAction\":[{\"@type\":\"ReadAction\",\"target\":[\"https:\/\/www.msds-europe.com\/cs\/rejstrik-chyb-sds\/\"]}]},{\"@type\":\"BreadcrumbList\",\"@id\":\"https:\/\/www.msds-europe.com\/cs\/rejstrik-chyb-sds\/#breadcrumb\",\"itemListElement\":[{\"@type\":\"ListItem\",\"position\":1,\"name\":\"F\u0151oldal\",\"item\":\"https:\/\/www.msds-europe.com\/cs\/\"},{\"@type\":\"ListItem\",\"position\":2,\"name\":\"Pro\u010d m\u016fj partner odm\u00edtl bezpe\u010dnostn\u00ed list?\"}]},{\"@type\":\"WebSite\",\"@id\":\"https:\/\/www.msds-europe.com\/es\/#website\",\"url\":\"https:\/\/www.msds-europe.com\/es\/\",\"name\":\"MSDS Europe\",\"description\":\"\",\"publisher\":{\"@id\":\"https:\/\/www.msds-europe.com\/es\/#organization\"},\"potentialAction\":[{\"@type\":\"SearchAction\",\"target\":{\"@type\":\"EntryPoint\",\"urlTemplate\":\"https:\/\/www.msds-europe.com\/es\/?s={search_term_string}\"},\"query-input\":{\"@type\":\"PropertyValueSpecification\",\"valueRequired\":true,\"valueName\":\"search_term_string\"}}],\"inLanguage\":\"cs\"},{\"@type\":\"Organization\",\"@id\":\"https:\/\/www.msds-europe.com\/es\/#organization\",\"name\":\"MSDS-Europe International branch of ToxInfo\",\"url\":\"https:\/\/www.msds-europe.com\/es\/\",\"logo\":{\"@type\":\"ImageObject\",\"inLanguage\":\"cs\",\"@id\":\"https:\/\/www.msds-europe.com\/es\/#\/schema\/logo\/image\/\",\"url\":\"https:\/\/www.msds-europe.com\/wp-content\/uploads\/2021\/04\/msds-europe-logo.jpg\",\"contentUrl\":\"https:\/\/www.msds-europe.com\/wp-content\/uploads\/2021\/04\/msds-europe-logo.jpg\",\"width\":2296,\"height\":1067,\"caption\":\"MSDS-Europe International branch of ToxInfo\"},\"image\":{\"@id\":\"https:\/\/www.msds-europe.com\/es\/#\/schema\/logo\/image\/\"},\"sameAs\":[\"https:\/\/www.facebook.com\/toxinfokft\/\",\"https:\/\/x.com\/ToxInfoKft\"]}]}<\/script>\n<!-- \/ Yoast SEO plugin. -->","yoast_head_json":{"title":"Pro\u010d m\u016fj partner odm\u00edtl bezpe\u010dnostn\u00ed list? - MSDS Europe","description":"Seznam chyb a kontroln\u00ed seznam souladu pro SDS k zaji\u0161t\u011bn\u00ed spln\u011bn\u00ed pr\u00e1vn\u00edch po\u017eadavk\u016f.","robots":{"index":"index","follow":"follow","max-snippet":"max-snippet:-1","max-image-preview":"max-image-preview:large","max-video-preview":"max-video-preview:-1"},"canonical":"https:\/\/www.msds-europe.com\/cs\/rejstrik-chyb-sds\/","og_locale":"cs_CZ","og_type":"article","og_title":"Pro\u010d m\u016fj partner odm\u00edtl bezpe\u010dnostn\u00ed list? - MSDS Europe","og_description":"Seznam chyb a kontroln\u00ed seznam souladu pro SDS k zaji\u0161t\u011bn\u00ed spln\u011bn\u00ed pr\u00e1vn\u00edch po\u017eadavk\u016f.","og_url":"https:\/\/www.msds-europe.com\/cs\/rejstrik-chyb-sds\/","og_site_name":"MSDS Europe","article_publisher":"https:\/\/www.facebook.com\/toxinfokft\/","article_modified_time":"2026-02-24T20:10:22+00:00","twitter_card":"summary_large_image","twitter_site":"@ToxInfoKft","twitter_misc":{"Odhadovan\u00e1 doba \u010dten\u00ed":"4 minuty"},"schema":{"@context":"https:\/\/schema.org","@graph":[{"@type":"WebPage","@id":"https:\/\/www.msds-europe.com\/cs\/rejstrik-chyb-sds\/","url":"https:\/\/www.msds-europe.com\/cs\/rejstrik-chyb-sds\/","name":"Pro\u010d m\u016fj partner odm\u00edtl bezpe\u010dnostn\u00ed list? - MSDS Europe","isPartOf":{"@id":"https:\/\/www.msds-europe.com\/es\/#website"},"datePublished":"2025-08-15T11:47:55+00:00","dateModified":"2026-02-24T20:10:22+00:00","description":"Seznam chyb a kontroln\u00ed seznam souladu pro SDS k zaji\u0161t\u011bn\u00ed spln\u011bn\u00ed pr\u00e1vn\u00edch po\u017eadavk\u016f.","breadcrumb":{"@id":"https:\/\/www.msds-europe.com\/cs\/rejstrik-chyb-sds\/#breadcrumb"},"inLanguage":"cs","potentialAction":[{"@type":"ReadAction","target":["https:\/\/www.msds-europe.com\/cs\/rejstrik-chyb-sds\/"]}]},{"@type":"BreadcrumbList","@id":"https:\/\/www.msds-europe.com\/cs\/rejstrik-chyb-sds\/#breadcrumb","itemListElement":[{"@type":"ListItem","position":1,"name":"F\u0151oldal","item":"https:\/\/www.msds-europe.com\/cs\/"},{"@type":"ListItem","position":2,"name":"Pro\u010d m\u016fj partner odm\u00edtl bezpe\u010dnostn\u00ed list?"}]},{"@type":"WebSite","@id":"https:\/\/www.msds-europe.com\/es\/#website","url":"https:\/\/www.msds-europe.com\/es\/","name":"MSDS Europe","description":"","publisher":{"@id":"https:\/\/www.msds-europe.com\/es\/#organization"},"potentialAction":[{"@type":"SearchAction","target":{"@type":"EntryPoint","urlTemplate":"https:\/\/www.msds-europe.com\/es\/?s={search_term_string}"},"query-input":{"@type":"PropertyValueSpecification","valueRequired":true,"valueName":"search_term_string"}}],"inLanguage":"cs"},{"@type":"Organization","@id":"https:\/\/www.msds-europe.com\/es\/#organization","name":"MSDS-Europe International branch of ToxInfo","url":"https:\/\/www.msds-europe.com\/es\/","logo":{"@type":"ImageObject","inLanguage":"cs","@id":"https:\/\/www.msds-europe.com\/es\/#\/schema\/logo\/image\/","url":"https:\/\/www.msds-europe.com\/wp-content\/uploads\/2021\/04\/msds-europe-logo.jpg","contentUrl":"https:\/\/www.msds-europe.com\/wp-content\/uploads\/2021\/04\/msds-europe-logo.jpg","width":2296,"height":1067,"caption":"MSDS-Europe International branch of ToxInfo"},"image":{"@id":"https:\/\/www.msds-europe.com\/es\/#\/schema\/logo\/image\/"},"sameAs":["https:\/\/www.facebook.com\/toxinfokft\/","https:\/\/x.com\/ToxInfoKft"]}]}},"_links":{"self":[{"href":"https:\/\/www.msds-europe.com\/cs\/wp-json\/wp\/v2\/pages\/34333","targetHints":{"allow":["GET"]}}],"collection":[{"href":"https:\/\/www.msds-europe.com\/cs\/wp-json\/wp\/v2\/pages"}],"about":[{"href":"https:\/\/www.msds-europe.com\/cs\/wp-json\/wp\/v2\/types\/page"}],"author":[{"embeddable":true,"href":"https:\/\/www.msds-europe.com\/cs\/wp-json\/wp\/v2\/users\/2"}],"replies":[{"embeddable":true,"href":"https:\/\/www.msds-europe.com\/cs\/wp-json\/wp\/v2\/comments?post=34333"}],"version-history":[{"count":6,"href":"https:\/\/www.msds-europe.com\/cs\/wp-json\/wp\/v2\/pages\/34333\/revisions"}],"predecessor-version":[{"id":37780,"href":"https:\/\/www.msds-europe.com\/cs\/wp-json\/wp\/v2\/pages\/34333\/revisions\/37780"}],"wp:attachment":[{"href":"https:\/\/www.msds-europe.com\/cs\/wp-json\/wp\/v2\/media?parent=34333"}],"wp:term":[{"taxonomy":"post_tag","embeddable":true,"href":"https:\/\/www.msds-europe.com\/cs\/wp-json\/wp\/v2\/tags?post=34333"}],"curies":[{"name":"wp","href":"https:\/\/api.w.org\/{rel}","templated":true}]}}