{"id":34273,"date":"2025-08-15T10:51:51","date_gmt":"2025-08-15T10:51:51","guid":{"rendered":"https:\/\/www.msds-europe.com\/?page_id=34273"},"modified":"2026-02-24T11:46:15","modified_gmt":"2026-02-24T11:46:15","slug":"definice-bezpecnostniho-listu","status":"publish","type":"page","link":"https:\/\/www.msds-europe.com\/cs\/definice-bezpecnostniho-listu\/","title":{"rendered":"Definice bezpe\u010dnostn\u00edho listu"},"content":{"rendered":"<p style=\"text-align: right;\"><em><a href=\"https:\/\/www.msds-europe.com\/cs\/zakladna-vedomostibezpecnostni-listy\/\">Datab\u00e1ze znalost\u00ed o bezpe\u010dnostn\u00edch listech<\/a> \u2013 Definice bezpe\u010dnostn\u00edho listu<\/em><\/p>\n<p>&nbsp;<\/p>\n<p style=\"text-align: justify;\"><strong>Bezpe\u010dnostn\u00ed list (BL; anglicky SDS) je dokument, kter\u00fd poskytuje komplexn\u00ed informace o slo\u017een\u00ed, fyzik\u00e1ln\u00edch a chemick\u00fdch vlastnostech, \u00fa\u010dinc\u00edch na zdrav\u00ed a dopadech na \u017eivotn\u00ed prost\u0159ed\u00ed l\u00e1tky nebo sm\u011bsi. Obsahuje tak\u00e9 pokyny pro bezpe\u010dn\u00e9 zach\u00e1zen\u00ed, pou\u017eit\u00ed, skladov\u00e1n\u00ed a likvidaci v\u00fdrobku.<\/strong><\/p>\n<p>&nbsp;<\/p>\n<ul>\n<li><a href=\"#definition-sds\">Definice bezpe\u010dnostn\u00edho listu<\/a><\/li>\n<li><a href=\"#purpose-Importance-sds\">\u00da\u010del a v\u00fdznam bezpe\u010dnostn\u00edch list\u016f<\/a><\/li>\n<li><a href=\"#SDS-content-format\">Obsah a form\u00e1t bezpe\u010dnostn\u00edho listu<\/a><\/li>\n<li><a href=\"#sections-SDS\">16 odd\u00edl\u016f bezpe\u010dnostn\u00edho listu<\/a><\/li>\n<li><a href=\"#translation-sds\">P\u0159eklad bezpe\u010dnostn\u00edho listu<\/a><\/li>\n<li><a href=\"#revision-sds\">Revize a aktualizace bezpe\u010dnostn\u00edch list\u016f<\/a><\/li>\n<li><a href=\"#compilation-sds\">Sestaven\u00ed a vytvo\u0159en\u00ed bezpe\u010dnostn\u00edho listu<\/a><\/li>\n<li><a href=\"#conclusion\">Z\u00e1v\u011br<\/a><\/li>\n<\/ul>\n<p style=\"text-align: right;\"><a href=\"https:\/\/www.msds-europe.com\/cs\/online-konzultace\/\" class=\"su-button su-button-style-default\" style=\"color:#ffffff;background-color:#ef552d;border-color:#c04424;border-radius:6px\" target=\"_self\"><span style=\"color:#ffffff;padding:0px 18px;font-size:14px;line-height:28px;border-color:#f4886c;border-radius:6px;text-shadow:0px 0px 2px #ffffff\"> Zeptejte se na\u0161eho odborn\u00edka na chemickou bezpe\u010dnost!<\/span><\/a>\n<p><a name=\"definition-sds\"><\/a><\/p>\n<h2>Definice bezpe\u010dnostn\u00edho listu<\/h2>\n<p style=\"text-align: justify;\">Bezpe\u010dnostn\u00ed list (BL; anglicky SDS) je dokument, kter\u00fd poskytuje komplexn\u00ed informace o slo\u017een\u00ed, fyzik\u00e1ln\u00edch a chemick\u00fdch vlastnostech, \u00fa\u010dinc\u00edch na zdrav\u00ed a dopadech na \u017eivotn\u00ed prost\u0159ed\u00ed l\u00e1tky nebo sm\u011bsi. Obsahuje tak\u00e9 pokyny pro bezpe\u010dn\u00e9 zach\u00e1zen\u00ed, pou\u017eit\u00ed, skladov\u00e1n\u00ed a likvidaci v\u00fdrobku.<\/p>\n<p style=\"text-align: justify;\">\u00da\u010delem bezpe\u010dnostn\u00edho listu je poskytnout pracovn\u00edk\u016fm a zam\u011bstnavatel\u016fm pot\u0159ebn\u00e9 informace pro bezpe\u010dn\u00e9 zach\u00e1zen\u00ed, pou\u017e\u00edv\u00e1n\u00ed a likvidaci l\u00e1tky nebo sm\u011bsi. V mnoha zem\u00edch je pro ur\u010dit\u00e9 v\u00fdrobky z\u00e1konn\u00fdm po\u017eadavkem m\u00edt bezpe\u010dnostn\u00ed list.<\/p>\n<p style=\"text-align: justify;\">Obsah a form\u00e1t bezpe\u010dnostn\u00edch list\u016f jsou regulov\u00e1ny pr\u00e1vn\u00edmi p\u0159edpisy (nap\u0159. na\u0159\u00edzen\u00edm REACH a na\u0159\u00edzen\u00edm CLP), aby byla zaji\u0161t\u011bna jednotnost a p\u0159esnost.<\/p>\n<p style=\"text-align: justify;\">P\u0159i shroma\u017e\u010fov\u00e1n\u00ed \u00fadaj\u016f pro bezpe\u010dnostn\u00ed list se proto vyplat\u00ed op\u00edrat se o <a href=\"https:\/\/www.msds-europe.com\/cs\/sds-informacni-zdroje-databaze\/\">kl\u00ed\u010dov\u00e9 informa\u010dn\u00ed zdroje a datab\u00e1ze pro bezpe\u010dnostn\u00ed listy<\/a>, nam\u00edsto n\u00e1hodn\u00fdch dokument\u016f nalezen\u00fdch na internetu.<\/p>\n<p>&nbsp;<\/p>\n<p><a name=\"purpose-Importance-sds\"><\/a><\/p>\n<h3>\u00da\u010del a v\u00fdznam bezpe\u010dnostn\u00edch list\u016f<\/h3>\n<p style=\"text-align: justify;\">Hlavn\u00edm \u00fa\u010delem bezpe\u010dnostn\u00edho listu je poskytnout pracovn\u00edk\u016fm a zam\u011bstnavatel\u016fm pot\u0159ebn\u00e9 informace pro bezpe\u010dn\u00e9 zach\u00e1zen\u00ed, pou\u017e\u00edv\u00e1n\u00ed a likvidaci l\u00e1tky nebo sm\u011bsi. To zahrnuje identifikaci potenci\u00e1ln\u00edch nebezpe\u010d\u00ed a rizik spojen\u00fdch s v\u00fdrobkem a poskytnut\u00ed pokyn\u016f, jak tato rizika kontrolovat nebo zm\u00edrnit. Bezpe\u010dnostn\u00ed list tak\u00e9 slou\u017e\u00ed jako zdroj informac\u00ed pro z\u00e1chrann\u00e9 slo\u017eky v p\u0159\u00edpad\u011b n\u00e1hodn\u00e9ho \u00faniku nebo expozice.<\/p>\n<p style=\"text-align: justify;\">V\u00fdznam bezpe\u010dnostn\u00edch list\u016f spo\u010d\u00edv\u00e1 v jejich schopnosti poskytovat z\u00e1sadn\u00ed informace pro bezpe\u010dn\u00e9 pou\u017e\u00edv\u00e1n\u00ed a manipulaci s nebezpe\u010dn\u00fdmi l\u00e1tkami a sm\u011bsmi. Tyto informace pom\u00e1haj\u00ed chr\u00e1nit pracovn\u00edky, \u017eivotn\u00ed prost\u0159ed\u00ed i \u0161irokou ve\u0159ejnost p\u0159ed mo\u017en\u00fdm po\u0161kozen\u00edm.<\/p>\n<p>&nbsp;<\/p>\n<p><a name=\"SDS-content-format\"><\/a><\/p>\n<h3>Obsah a form\u00e1t bezpe\u010dnostn\u00edho listu<\/h3>\n<p style=\"text-align: justify;\">Obsah a form\u00e1t bezpe\u010dnostn\u00edch list\u016f jsou v EU stanoveny p\u0159\u00edlohou II na\u0159\u00edzen\u00ed REACH (ve zn\u011bn\u00ed na\u0159\u00edzen\u00ed Komise (EU) 2020\/878). Evropsk\u00e1 unie nap\u0159\u00edklad vy\u017eaduje, aby bezpe\u010dnostn\u00ed listy obsahovaly 16 odd\u00edl\u016f pokr\u00fdvaj\u00edc\u00edch konkr\u00e9tn\u00ed informace t\u00fdkaj\u00edc\u00ed se l\u00e1tky nebo sm\u011bsi.<\/p>\n<p style=\"text-align: justify;\">Form\u00e1t bezpe\u010dnostn\u00edho listu by m\u011bl b\u00fdt jednotn\u00fd a snadno \u010diteln\u00fd, s jasn\u00fdmi nadpisy a podnadpisy, kter\u00e9 u\u017eivateli usnadn\u00ed orientaci.<\/p>\n<p>&nbsp;<\/p>\n<p><a name=\"sections-SDS\"><\/a><\/p>\n<h3>16 odd\u00edl\u016f bezpe\u010dnostn\u00edho listu<\/h3>\n<p style=\"text-align: justify;\">Bezpe\u010dnostn\u00ed list m\u00e1 v EU povinn\u00e9 \u010dlen\u011bn\u00ed do 16 odd\u00edl\u016f.<\/p>\n<p style=\"text-align: justify;\"><em>V\u00edce informac\u00ed: <a href=\"https:\/\/www.msds-europe.com\/cs\/obsahove-a-formalni-prvky-bezpecnostniho-listu\/\">Obsahov\u00e9 a form\u00e1ln\u00ed prvky bezpe\u010dnostn\u00edho listu podle na\u0159\u00edzen\u00ed (EU) 2020\/878<\/a><\/em><\/p>\n<p>&nbsp;<\/p>\n<p><a name=\"translation-sds\"><\/a><\/p>\n<h3>P\u0159eklad bezpe\u010dnostn\u00edho listu<\/h3>\n<p style=\"text-align: justify;\">Pokud je v\u00fdrobek prod\u00e1v\u00e1n v zemi, kde se pou\u017e\u00edv\u00e1 jin\u00fd jazyk, m\u016f\u017ee b\u00fdt nutn\u00e9 bezpe\u010dnostn\u00ed list p\u0159elo\u017eit do \u00fa\u0159edn\u00edho jazyka c\u00edlov\u00e9 zem\u011b. Tento proces se naz\u00fdv\u00e1 <a href=\"https:\/\/www.msds-europe.com\/cs\/preklad-bezpecnostniho-listu\/\">p\u0159eklad bezpe\u010dnostn\u00edho listu<\/a>. Je d\u016fle\u017eit\u00e9, aby p\u0159elo\u017een\u00fd bezpe\u010dnostn\u00ed list obsahoval stejn\u00e9 informace jako origin\u00e1l a spl\u0148oval legislativn\u00ed po\u017eadavky dan\u00e9 zem\u011b.<\/p>\n<p>&nbsp;<\/p>\n<p><a name=\"revision-sds\"><\/a><\/p>\n<h3>Revize a aktualizace bezpe\u010dnostn\u00edch list\u016f<\/h3>\n<p style=\"text-align: justify;\">Informace v bezpe\u010dnostn\u00edm listu mohou vy\u017eadovat revizi nebo aktualizaci v d\u016fsledku zm\u011bn ve slo\u017een\u00ed l\u00e1tky nebo sm\u011bsi nebo v d\u016fsledku zm\u011bn legislativn\u00edch po\u017eadavk\u016f. <a href=\"https:\/\/www.msds-europe.com\/cs\/bezpecnostni-list-revize-aktualizace\/\">Revize nebo aktualizace bezpe\u010dnostn\u00edho listu<\/a> je d\u016fle\u017eit\u00e1, aby bylo zaji\u0161t\u011bno, \u017ee poskytovan\u00e9 informace jsou p\u0159esn\u00e9 a aktu\u00e1ln\u00ed.<\/p>\n<p>&nbsp;<\/p>\n<p><a name=\"compilation-sds\"><\/a><\/p>\n<h3>Sestaven\u00ed a vytvo\u0159en\u00ed bezpe\u010dnostn\u00edho listu<\/h3>\n<p style=\"text-align: justify;\"><a href=\"https:\/\/www.msds-europe.com\/cs\/sestaveni-vytvoreni-bezpecnostniho-listu\/\">Sestaven\u00ed a vytvo\u0159en\u00ed bezpe\u010dnostn\u00edho listu<\/a> je slo\u017eit\u00fd proces, kter\u00fd vy\u017eaduje podrobnou znalost l\u00e1tky nebo sm\u011bsi, jej\u00edch vlastnost\u00ed a potenci\u00e1ln\u00edch nebezpe\u010d\u00ed. Tento proces zahrnuje shroma\u017e\u010fov\u00e1n\u00ed a vyhodnocov\u00e1n\u00ed \u00fadaj\u016f, klasifikaci l\u00e1tky nebo sm\u011bsi podle legislativn\u00edch po\u017eadavk\u016f a uspo\u0159\u00e1d\u00e1n\u00ed informac\u00ed do povinn\u00fdch 16 odd\u00edl\u016f bezpe\u010dnostn\u00edho listu.<\/p>\n<p>&nbsp;<\/p>\n<p><a name=\"conclusion\"><\/a><\/p>\n<h2>Z\u00e1v\u011br<\/h2>\n<p style=\"text-align: justify;\">Shrnuto, bezpe\u010dnostn\u00ed list je z\u00e1sadn\u00ed dokument, kter\u00fd poskytuje kl\u00ed\u010dov\u00e9 informace o bezpe\u010dn\u00e9 manipulaci, pou\u017e\u00edv\u00e1n\u00ed a likvidaci l\u00e1tek a sm\u011bs\u00ed. Jeho obsah je regulov\u00e1n, aby byla zaji\u0161t\u011bna shoda s <a href=\"https:\/\/www.msds-europe.com\/chemical-safety-regulatory-changes\/\">legislativn\u00edmi<\/a> normami a udr\u017eov\u00e1na bezpe\u010dnost u\u017eivatel\u016f, \u017eivotn\u00edho prost\u0159ed\u00ed a pracovi\u0161t\u011b. Je d\u016fle\u017eit\u00e9, aby pracovn\u00edci a zam\u011bstnavatel\u00e9 rozum\u011bli informac\u00edm uveden\u00fdm v bezpe\u010dnostn\u00edch listech, aby chr\u00e1nili sebe i ostatn\u00ed p\u0159ed potenci\u00e1ln\u00edmi riziky spojen\u00fdmi s v\u00fdrobkem.<\/p>\n<p>&nbsp;<\/p>\n<h4>Bezplatn\u00e1 online konzultace<\/h4>\n<p style=\"text-align: justify;\">Pokud jste na na\u0161ich str\u00e1nk\u00e1ch nena\u0161li pot\u0159ebn\u00e9 informace, polo\u017ete sv\u00e9 dotazy t\u00fdkaj\u00edc\u00ed se bezpe\u010dnostn\u00edch list\u016f p\u0159\u00edmo na\u0161emu odborn\u00edkovi.<\/p>\n<p style=\"text-align: justify;\">Pro zasl\u00e1n\u00ed dotaz\u016f pou\u017eijte n\u00e1sleduj\u00edc\u00ed formul\u00e1\u0159:<\/p>\n<a href=\"https:\/\/www.msds-europe.com\/cs\/online-konzultace\/&lt;br%20\/&gt;\" class=\"su-button su-button-style-default\" style=\"color:#ffffff;background-color:#ef552d;border-color:#c04424;border-radius:6px\" target=\"_self\"><span style=\"color:#ffffff;padding:0px 18px;font-size:14px;line-height:28px;border-color:#f4886c;border-radius:6px;text-shadow:0px 0px 2px #ffffff\"> Zeptejte se na\u0161eho odborn\u00edka na chemickou bezpe\u010dnost!<\/span><\/a>\n<h4 style=\"text-align: justify;\"><span style=\"color: #333333;\">Nab\u00edzen\u00e9 slu\u017eby<\/span><\/h4>\n<ul>\n<li style=\"text-align: justify;\"><a href=\"https:\/\/www.msds-europe.com\/cs\/preklad-bezpecnostniho-listu\/\">P\u0159eklad bezpe\u010dnostn\u00edho listu<\/a><\/li>\n<li style=\"text-align: justify;\"><a href=\"https:\/\/www.msds-europe.com\/cs\/bezpecnostni-list-revize-aktualizace\/\">Revize a aktualizace bezpe\u010dnostn\u00edch list\u016f<\/a><\/li>\n<li style=\"text-align: justify;\"><a href=\"https:\/\/www.msds-europe.com\/cs\/sestaveni-vytvoreni-bezpecnostniho-listu\/\">Sestaven\u00ed a vytvo\u0159en\u00ed bezpe\u010dnostn\u00edho listu<\/a><\/li>\n<li style=\"text-align: justify;\"><a href=\"https:\/\/www.msds-europe.com\/cs\/vytvoreni-navrhu-etikety\/\">Vytvo\u0159en\u00ed n\u00e1vrhu ozna\u010den\u00ed<\/a><\/li>\n<\/ul>\n<p>&nbsp;<\/p>\n<h4><span style=\"color: #333333;\">Doporu\u010den\u00e9 \u010dl\u00e1nky<\/span><\/h4>\n<ul>\n<li><a href=\"https:\/\/www.msds-europe.com\/conditions-under-which-a-safety-data-sheet-must-be-supplied\/\">Podm\u00ednky, za kter\u00fdch mus\u00ed b\u00fdt poskytnut bezpe\u010dnostn\u00ed list<\/a><\/li>\n<li><a href=\"https:\/\/www.msds-europe.com\/cs\/doba-platnosti-karty-bezpecnostnich-udaju\/\">Doba platnosti bezpe\u010dnostn\u00edho listu<\/a><\/li>\n<li><a href=\"https:\/\/www.msds-europe.com\/cs\/sds-zkratky-akronymy\/\">Zkratky a akronymy v bezpe\u010dnostn\u00edch listech<\/a><\/li>\n<li style=\"text-align: justify;\">P\u0159\u00edprava bezpe\u010dnostn\u00edch list\u016f (SDS): <a href=\"https:\/\/www.msds-europe.com\/cs\/sds-priprava-uvod\/\">\u00davod a legislativn\u00ed pozad\u00ed<\/a> \u2013 <a href=\"https:\/\/www.msds-europe.com\/cs\/odpovednosti-sestaveni-procesu\/\">Odpov\u011bdnosti a proces sestavov\u00e1n\u00ed bezpe\u010dnostn\u00edho listu<\/a> \u2013 <a href=\"https:\/\/www.msds-europe.com\/cs\/sds-priprava-prvnich-8-oddilu\/\">Prvn\u00edch 8 odd\u00edl\u016f bezpe\u010dnostn\u00edho listu podrobn\u011b<\/a> \u2013 <a href=\"https:\/\/www.msds-europe.com\/cs\/sds-priprava-9-16-oddilu\/\">Zb\u00fdvaj\u00edc\u00ed odd\u00edly bezpe\u010dnostn\u00edho listu (9\u201316)<\/a> \u2013 <a href=\"https:\/\/www.msds-europe.com\/cs\/sds-priprava-nejlepsi-praxe\/\">Speci\u00e1ln\u00ed p\u0159\u00edpady a osv\u011bd\u010den\u00e9 postupy<\/a><\/li>\n<\/ul>\n<p>&nbsp;<\/p>\n<h4><span style=\"color: #333333;\">Rychl\u00e9 ot\u00e1zky a odpov\u011bdi<\/span><\/h4>\n<div class=\"su-spoiler su-spoiler-style-fancy su-spoiler-icon-chevron su-spoiler-closed\" data-scroll-offset=\"0\" data-anchor-in-url=\"no\"><div class=\"su-spoiler-title\" tabindex=\"0\" role=\"button\"><span class=\"su-spoiler-icon\"><\/span>Co je bezpe\u010dnostn\u00ed list (SDS)?<\/div><div class=\"su-spoiler-content su-u-clearfix su-u-trim\">\n<p style=\"text-align: justify;\">Dokument, kter\u00fd poskytuje podrobn\u00e9 informace o slo\u017een\u00ed l\u00e1tky nebo sm\u011bsi, jej\u00edch fyzik\u00e1ln\u00edch a chemick\u00fdch vlastnostech, \u00fa\u010dinc\u00edch na zdrav\u00ed a \u017eivotn\u00ed prost\u0159ed\u00ed a pokyny pro bezpe\u010dn\u00e9 zach\u00e1zen\u00ed, pou\u017eit\u00ed, skladov\u00e1n\u00ed a likvidaci.<\/p>\n<\/div><\/div>\n<div class=\"su-spoiler su-spoiler-style-fancy su-spoiler-icon-chevron su-spoiler-closed\" data-scroll-offset=\"0\" data-anchor-in-url=\"no\"><div class=\"su-spoiler-title\" tabindex=\"0\" role=\"button\"><span class=\"su-spoiler-icon\"><\/span>Jak\u00fd je \u00fa\u010del bezpe\u010dnostn\u00edho listu na pracovi\u0161ti a v nouzov\u00fdch situac\u00edch?<\/div><div class=\"su-spoiler-content su-u-clearfix su-u-trim\">\n<p style=\"text-align: justify;\">Poskytuje pracovn\u00edk\u016fm a zam\u011bstnavatel\u016fm pot\u0159ebn\u00e9 informace pro bezpe\u010dn\u00e9 zach\u00e1zen\u00ed, pou\u017e\u00edv\u00e1n\u00ed a likvidaci a slou\u017e\u00ed jako zdroj informac\u00ed pro z\u00e1chrann\u00e9 slo\u017eky v p\u0159\u00edpad\u011b nouze.<\/p>\n<\/div><\/div>\n<div class=\"su-spoiler su-spoiler-style-fancy su-spoiler-icon-chevron su-spoiler-closed\" data-scroll-offset=\"0\" data-anchor-in-url=\"no\"><div class=\"su-spoiler-title\" tabindex=\"0\" role=\"button\"><span class=\"su-spoiler-icon\"><\/span>Je bezpe\u010dnostn\u00ed list pr\u00e1vn\u011b regulov\u00e1n a kolik odd\u00edl\u016f m\u00e1 v EU?<\/div><div class=\"su-spoiler-content su-u-clearfix su-u-trim\">\n<p style=\"text-align: justify;\">Ano. V EU mus\u00ed b\u00fdt bezpe\u010dnostn\u00ed list poskytov\u00e1n ve standardizovan\u00e9m form\u00e1tu obsahuj\u00edc\u00edm 16 odd\u00edl\u016f, podle p\u0159\u00edlohy II na\u0159\u00edzen\u00ed REACH ve zn\u011bn\u00ed na\u0159\u00edzen\u00ed (EU) 2020\/878.<\/p>\n<\/div><\/div>\n<div class=\"su-spoiler su-spoiler-style-fancy su-spoiler-icon-chevron su-spoiler-closed\" data-scroll-offset=\"0\" data-anchor-in-url=\"no\"><div class=\"su-spoiler-title\" tabindex=\"0\" role=\"button\"><span class=\"su-spoiler-icon\"><\/span>Kdy mus\u00ed b\u00fdt bezpe\u010dnostn\u00ed list p\u0159elo\u017een nebo aktualizov\u00e1n?<\/div><div class=\"su-spoiler-content su-u-clearfix su-u-trim\">\n<p style=\"text-align: justify;\">Mus\u00ed b\u00fdt p\u0159elo\u017een do \u00fa\u0159edn\u00edho jazyka c\u00edlov\u00e9 zem\u011b a aktualizov\u00e1n p\u0159i zm\u011bn\u011b slo\u017een\u00ed nebo p\u0159i zm\u011bn\u011b relevantn\u00edch legislativn\u00edch po\u017eadavk\u016f.<\/p>\n<\/div><\/div>\n","protected":false},"excerpt":{"rendered":"<p>Datab\u00e1ze znalost\u00ed o bezpe\u010dnostn\u00edch listech \u2013 Definice bezpe\u010dnostn\u00edho listu &nbsp; Bezpe\u010dnostn\u00ed list (BL; anglicky SDS) je dokument, kter\u00fd poskytuje komplexn\u00ed informace o slo\u017een\u00ed, fyzik\u00e1ln\u00edch a chemick\u00fdch vlastnostech, \u00fa\u010dinc\u00edch na zdrav\u00ed a dopadech na \u017eivotn\u00ed prost\u0159ed\u00ed l\u00e1tky nebo sm\u011bsi. Obsahuje tak\u00e9 pokyny pro bezpe\u010dn\u00e9 zach\u00e1zen\u00ed, pou\u017eit\u00ed, skladov\u00e1n\u00ed a likvidaci v\u00fdrobku. &nbsp;&#8230;<\/p>\n","protected":false},"author":2,"featured_media":0,"parent":0,"menu_order":0,"comment_status":"closed","ping_status":"closed","template":"","meta":{"_acf_changed":false,"footnotes":""},"tags":[244,358],"class_list":["post-34273","page","type-page","status-publish","hentry","tag-bezpecnostni-list-cs","tag-zakladna-vedomosti-pro-bezpecnostni-listy-cs"],"acf":[],"yoast_head":"<!-- This site is optimized with the Yoast SEO plugin v27.2 - https:\/\/yoast.com\/product\/yoast-seo-wordpress\/ -->\n<title>Definice bezpe\u010dnostn\u00edho listu<\/title>\n<meta name=\"description\" content=\"P\u0159esn\u00e1 definice bezpe\u010dnostn\u00edho listu. Definice SDS v \u0161ir\u0161\u00edm smyslu zahrnuje tak\u00e9 po\u017eadavky na formu a obsah.\" \/>\n<meta name=\"robots\" content=\"index, follow, max-snippet:-1, max-image-preview:large, max-video-preview:-1\" \/>\n<link rel=\"canonical\" href=\"https:\/\/www.msds-europe.com\/cs\/definice-bezpecnostniho-listu\/\" \/>\n<meta property=\"og:locale\" content=\"cs_CZ\" \/>\n<meta property=\"og:type\" content=\"article\" \/>\n<meta property=\"og:title\" content=\"Definice bezpe\u010dnostn\u00edho listu\" \/>\n<meta property=\"og:description\" content=\"P\u0159esn\u00e1 definice bezpe\u010dnostn\u00edho listu. Definice SDS v \u0161ir\u0161\u00edm smyslu zahrnuje tak\u00e9 po\u017eadavky na formu a obsah.\" \/>\n<meta property=\"og:url\" content=\"https:\/\/www.msds-europe.com\/cs\/definice-bezpecnostniho-listu\/\" \/>\n<meta property=\"og:site_name\" content=\"MSDS Europe\" \/>\n<meta property=\"article:publisher\" content=\"https:\/\/www.facebook.com\/toxinfokft\/\" \/>\n<meta property=\"article:modified_time\" content=\"2026-02-24T11:46:15+00:00\" \/>\n<meta name=\"twitter:card\" content=\"summary_large_image\" \/>\n<meta name=\"twitter:site\" content=\"@ToxInfoKft\" \/>\n<meta name=\"twitter:label1\" content=\"Odhadovan\u00e1 doba \u010dten\u00ed\" \/>\n\t<meta name=\"twitter:data1\" content=\"4 minuty\" \/>\n<script type=\"application\/ld+json\" class=\"yoast-schema-graph\">{\"@context\":\"https:\/\/schema.org\",\"@graph\":[{\"@type\":\"WebPage\",\"@id\":\"https:\/\/www.msds-europe.com\/cs\/definice-bezpecnostniho-listu\/\",\"url\":\"https:\/\/www.msds-europe.com\/cs\/definice-bezpecnostniho-listu\/\",\"name\":\"Definice bezpe\u010dnostn\u00edho listu\",\"isPartOf\":{\"@id\":\"https:\/\/www.msds-europe.com\/es\/#website\"},\"datePublished\":\"2025-08-15T10:51:51+00:00\",\"dateModified\":\"2026-02-24T11:46:15+00:00\",\"description\":\"P\u0159esn\u00e1 definice bezpe\u010dnostn\u00edho listu. Definice SDS v \u0161ir\u0161\u00edm smyslu zahrnuje tak\u00e9 po\u017eadavky na formu a obsah.\",\"breadcrumb\":{\"@id\":\"https:\/\/www.msds-europe.com\/cs\/definice-bezpecnostniho-listu\/#breadcrumb\"},\"inLanguage\":\"cs\",\"potentialAction\":[{\"@type\":\"ReadAction\",\"target\":[\"https:\/\/www.msds-europe.com\/cs\/definice-bezpecnostniho-listu\/\"]}]},{\"@type\":\"BreadcrumbList\",\"@id\":\"https:\/\/www.msds-europe.com\/cs\/definice-bezpecnostniho-listu\/#breadcrumb\",\"itemListElement\":[{\"@type\":\"ListItem\",\"position\":1,\"name\":\"F\u0151oldal\",\"item\":\"https:\/\/www.msds-europe.com\/cs\/\"},{\"@type\":\"ListItem\",\"position\":2,\"name\":\"Definice bezpe\u010dnostn\u00edho listu\"}]},{\"@type\":\"WebSite\",\"@id\":\"https:\/\/www.msds-europe.com\/es\/#website\",\"url\":\"https:\/\/www.msds-europe.com\/es\/\",\"name\":\"MSDS Europe\",\"description\":\"\",\"publisher\":{\"@id\":\"https:\/\/www.msds-europe.com\/es\/#organization\"},\"potentialAction\":[{\"@type\":\"SearchAction\",\"target\":{\"@type\":\"EntryPoint\",\"urlTemplate\":\"https:\/\/www.msds-europe.com\/es\/?s={search_term_string}\"},\"query-input\":{\"@type\":\"PropertyValueSpecification\",\"valueRequired\":true,\"valueName\":\"search_term_string\"}}],\"inLanguage\":\"cs\"},{\"@type\":\"Organization\",\"@id\":\"https:\/\/www.msds-europe.com\/es\/#organization\",\"name\":\"MSDS-Europe International branch of ToxInfo\",\"url\":\"https:\/\/www.msds-europe.com\/es\/\",\"logo\":{\"@type\":\"ImageObject\",\"inLanguage\":\"cs\",\"@id\":\"https:\/\/www.msds-europe.com\/es\/#\/schema\/logo\/image\/\",\"url\":\"https:\/\/www.msds-europe.com\/wp-content\/uploads\/2021\/04\/msds-europe-logo.jpg\",\"contentUrl\":\"https:\/\/www.msds-europe.com\/wp-content\/uploads\/2021\/04\/msds-europe-logo.jpg\",\"width\":2296,\"height\":1067,\"caption\":\"MSDS-Europe International branch of ToxInfo\"},\"image\":{\"@id\":\"https:\/\/www.msds-europe.com\/es\/#\/schema\/logo\/image\/\"},\"sameAs\":[\"https:\/\/www.facebook.com\/toxinfokft\/\",\"https:\/\/x.com\/ToxInfoKft\"]}]}<\/script>\n<!-- \/ Yoast SEO plugin. -->","yoast_head_json":{"title":"Definice bezpe\u010dnostn\u00edho listu","description":"P\u0159esn\u00e1 definice bezpe\u010dnostn\u00edho listu. Definice SDS v \u0161ir\u0161\u00edm smyslu zahrnuje tak\u00e9 po\u017eadavky na formu a obsah.","robots":{"index":"index","follow":"follow","max-snippet":"max-snippet:-1","max-image-preview":"max-image-preview:large","max-video-preview":"max-video-preview:-1"},"canonical":"https:\/\/www.msds-europe.com\/cs\/definice-bezpecnostniho-listu\/","og_locale":"cs_CZ","og_type":"article","og_title":"Definice bezpe\u010dnostn\u00edho listu","og_description":"P\u0159esn\u00e1 definice bezpe\u010dnostn\u00edho listu. Definice SDS v \u0161ir\u0161\u00edm smyslu zahrnuje tak\u00e9 po\u017eadavky na formu a obsah.","og_url":"https:\/\/www.msds-europe.com\/cs\/definice-bezpecnostniho-listu\/","og_site_name":"MSDS Europe","article_publisher":"https:\/\/www.facebook.com\/toxinfokft\/","article_modified_time":"2026-02-24T11:46:15+00:00","twitter_card":"summary_large_image","twitter_site":"@ToxInfoKft","twitter_misc":{"Odhadovan\u00e1 doba \u010dten\u00ed":"4 minuty"},"schema":{"@context":"https:\/\/schema.org","@graph":[{"@type":"WebPage","@id":"https:\/\/www.msds-europe.com\/cs\/definice-bezpecnostniho-listu\/","url":"https:\/\/www.msds-europe.com\/cs\/definice-bezpecnostniho-listu\/","name":"Definice bezpe\u010dnostn\u00edho listu","isPartOf":{"@id":"https:\/\/www.msds-europe.com\/es\/#website"},"datePublished":"2025-08-15T10:51:51+00:00","dateModified":"2026-02-24T11:46:15+00:00","description":"P\u0159esn\u00e1 definice bezpe\u010dnostn\u00edho listu. Definice SDS v \u0161ir\u0161\u00edm smyslu zahrnuje tak\u00e9 po\u017eadavky na formu a obsah.","breadcrumb":{"@id":"https:\/\/www.msds-europe.com\/cs\/definice-bezpecnostniho-listu\/#breadcrumb"},"inLanguage":"cs","potentialAction":[{"@type":"ReadAction","target":["https:\/\/www.msds-europe.com\/cs\/definice-bezpecnostniho-listu\/"]}]},{"@type":"BreadcrumbList","@id":"https:\/\/www.msds-europe.com\/cs\/definice-bezpecnostniho-listu\/#breadcrumb","itemListElement":[{"@type":"ListItem","position":1,"name":"F\u0151oldal","item":"https:\/\/www.msds-europe.com\/cs\/"},{"@type":"ListItem","position":2,"name":"Definice bezpe\u010dnostn\u00edho listu"}]},{"@type":"WebSite","@id":"https:\/\/www.msds-europe.com\/es\/#website","url":"https:\/\/www.msds-europe.com\/es\/","name":"MSDS Europe","description":"","publisher":{"@id":"https:\/\/www.msds-europe.com\/es\/#organization"},"potentialAction":[{"@type":"SearchAction","target":{"@type":"EntryPoint","urlTemplate":"https:\/\/www.msds-europe.com\/es\/?s={search_term_string}"},"query-input":{"@type":"PropertyValueSpecification","valueRequired":true,"valueName":"search_term_string"}}],"inLanguage":"cs"},{"@type":"Organization","@id":"https:\/\/www.msds-europe.com\/es\/#organization","name":"MSDS-Europe International branch of ToxInfo","url":"https:\/\/www.msds-europe.com\/es\/","logo":{"@type":"ImageObject","inLanguage":"cs","@id":"https:\/\/www.msds-europe.com\/es\/#\/schema\/logo\/image\/","url":"https:\/\/www.msds-europe.com\/wp-content\/uploads\/2021\/04\/msds-europe-logo.jpg","contentUrl":"https:\/\/www.msds-europe.com\/wp-content\/uploads\/2021\/04\/msds-europe-logo.jpg","width":2296,"height":1067,"caption":"MSDS-Europe International branch of ToxInfo"},"image":{"@id":"https:\/\/www.msds-europe.com\/es\/#\/schema\/logo\/image\/"},"sameAs":["https:\/\/www.facebook.com\/toxinfokft\/","https:\/\/x.com\/ToxInfoKft"]}]}},"_links":{"self":[{"href":"https:\/\/www.msds-europe.com\/cs\/wp-json\/wp\/v2\/pages\/34273","targetHints":{"allow":["GET"]}}],"collection":[{"href":"https:\/\/www.msds-europe.com\/cs\/wp-json\/wp\/v2\/pages"}],"about":[{"href":"https:\/\/www.msds-europe.com\/cs\/wp-json\/wp\/v2\/types\/page"}],"author":[{"embeddable":true,"href":"https:\/\/www.msds-europe.com\/cs\/wp-json\/wp\/v2\/users\/2"}],"replies":[{"embeddable":true,"href":"https:\/\/www.msds-europe.com\/cs\/wp-json\/wp\/v2\/comments?post=34273"}],"version-history":[{"count":7,"href":"https:\/\/www.msds-europe.com\/cs\/wp-json\/wp\/v2\/pages\/34273\/revisions"}],"predecessor-version":[{"id":37710,"href":"https:\/\/www.msds-europe.com\/cs\/wp-json\/wp\/v2\/pages\/34273\/revisions\/37710"}],"wp:attachment":[{"href":"https:\/\/www.msds-europe.com\/cs\/wp-json\/wp\/v2\/media?parent=34273"}],"wp:term":[{"taxonomy":"post_tag","embeddable":true,"href":"https:\/\/www.msds-europe.com\/cs\/wp-json\/wp\/v2\/tags?post=34273"}],"curies":[{"name":"wp","href":"https:\/\/api.w.org\/{rel}","templated":true}]}}