{"id":33886,"date":"2025-06-30T12:52:55","date_gmt":"2025-06-30T12:52:55","guid":{"rendered":"https:\/\/www.msds-europe.com\/?page_id=33886"},"modified":"2026-02-18T07:54:11","modified_gmt":"2026-02-18T07:54:11","slug":"prvky-oznaceni-bezpecnostniho-listu","status":"publish","type":"page","link":"https:\/\/www.msds-europe.com\/cs\/prvky-oznaceni-bezpecnostniho-listu\/","title":{"rendered":"Prvky ozna\u010den\u00ed bezpe\u010dnostn\u00edho listu"},"content":{"rendered":"<p style=\"text-align: right;\"><em><a href=\"https:\/\/www.msds-europe.com\/cs\/zakladna-vedomostibezpecnostni-listy\/\">Datab\u00e1ze znalost\u00ed k bezpe\u010dnostn\u00edm list\u016fm<\/a> \u2013 Prvky ozna\u010den\u00ed bezpe\u010dnostn\u00edho listu<\/em><\/p>\n<p>&nbsp;<\/p>\n<p style=\"text-align: justify;\">V souladu s p\u0159\u00edlohou II na\u0159\u00edzen\u00ed (EU) \u010d. 2015\/830 (28. kv\u011btna 2015) jsou v odd\u00edle 2.2 bezpe\u010dnostn\u00edho listu vy\u017eadov\u00e1ny n\u00e1sleduj\u00edc\u00ed prvky ozna\u010den\u00ed:<\/p>\n<ul>\n<li style=\"text-align: justify;\"><a href=\"https:\/\/www.msds-europe.com\/cs\/vystrazne-symbol-nebezpecnosti\/\">V\u00fdstra\u017en\u00e9 symboly nebezpe\u010dnosti<\/a><\/li>\n<li style=\"text-align: justify;\">v\u00fdstra\u017en\u00e9 slovo(a)<\/li>\n<li style=\"text-align: justify;\"><a href=\"https:\/\/www.msds-europe.com\/cs\/standardni-vety-o-nebezpecnosti-h\/\">v\u00fdstra\u017en\u00e1 v\u011bta o nebezpe\u010dnosti<\/a> a <a href=\"https:\/\/www.msds-europe.com\/cs\/pokyny-pro-bezpecne-zachazeni\/\">pokyn pro bezpe\u010dn\u00e9 zach\u00e1zen\u00ed<\/a><\/li>\n<li style=\"text-align: justify;\">doplnkov\u00e9 informace<\/li>\n<\/ul>\n<p style=\"text-align: justify;\">Barevn\u00fd piktogram stanoven\u00fd v <a href=\"https:\/\/www.msds-europe.com\/cs\/regulacni-zmeny-v-oblasti-chemicke-bezpecnosti\/\">na\u0159\u00edzen\u00ed<\/a> (ES) \u010d. 1272\/2008 lze nahradit \u010dernob\u00edlou grafikou \u00fapln\u00e9ho piktogramu nebezpe\u010d\u00ed nebo pouze symbolem.<\/p>\n<p style=\"text-align: justify;\">Prohl\u00e1\u0161en\u00ed typu \u201enetoxick\u00fd\u201c, \u201ene\u0161kodn\u00fd\u201c, \u201enepolutantn\u00ed\u201c, \u201eekologick\u00fd\u201c \u010di jin\u00e1 tvrzen\u00ed nazna\u010duj\u00edc\u00ed, \u017ee l\u00e1tka nebo sm\u011bs nen\u00ed nebezpe\u010dn\u00e1, nebo jak\u00e1koli jin\u00e1 tvrzen\u00ed odporuj\u00edc\u00ed klasifikaci dan\u00e9 l\u00e1tky nebo sm\u011bsi, se nesm\u00ed objevit na etiket\u011b ani na obalu jak\u00e9koli l\u00e1tky \u010di sm\u011bsi.<\/p>\n<p style=\"text-align: right;\">[su_button\u00a0url=&#8220;https:\/\/www.msds-europe.com\/cs\/online-konzultace\/&#8220;\u00a0background=&#8220;#ef552d&#8220;\u00a0color=&#8220;#ffffff&#8220;\u00a0text_shadow=&#8220;0px\u00a00px\u00a02px #ffffff&#8220;\u00a0size=&#8220;4&#8243;\u00a0style=&#8220;flat&#8220;\u00a0radius=&#8220;5&#8243;]Zeptejte\u00a0se\u00a0na\u0161eho\u00a0odborn\u00edka\u00a0na\u00a0chemickou\u00a0bezpe\u010dnost![\/su_button]\n<h2 style=\"text-align: justify;\">Povinn\u00e9 prvky ozna\u010den\u00ed bezpe\u010dnostn\u00edho listu podle na\u0159\u00edzen\u00ed CLP<\/h2>\n<p style=\"text-align: justify;\">Podle \u010dl\u00e1nku 17 na\u0159\u00edzen\u00ed (ES) \u010d. 1272\/2008 o klasifikaci, ozna\u010dov\u00e1n\u00ed a balen\u00ed l\u00e1tek a sm\u011bs\u00ed mus\u00ed m\u00edt l\u00e1tka nebo sm\u011bs klasifikovan\u00e1 jako nebezpe\u010dn\u00e1 a dod\u00e1van\u00e1 v obalu etiketu obsahuj\u00edc\u00ed tyto prvky:<\/p>\n<ol>\n<li style=\"text-align: justify;\">N\u00e1zev, adresa a telefonn\u00ed \u010d\u00edslo dodavatele(\u016f)<\/li>\n<li style=\"text-align: justify;\">Jmenovit\u00e9 mno\u017estv\u00ed l\u00e1tky nebo sm\u011bsi v obalu ur\u010den\u00e9m pro \u0161irokou ve\u0159ejnost, nen\u00ed-li tato informace uvedena jinde na obalu<\/li>\n<li style=\"text-align: justify;\">Identifik\u00e1tory produktu (n\u00e1zev a identifika\u010dn\u00ed \u010d\u00edslo l\u00e1tky, n\u00e1zev sm\u011bsi a identita v\u0161ech l\u00e1tek ve sm\u011bsi, kter\u00e9 p\u0159isp\u00edvaj\u00ed ke klasifikaci sm\u011bsi z hlediska akutn\u00ed toxicity, \u017e\u00edravosti pro k\u016f\u017ei nebo v\u00e1\u017en\u00e9ho po\u0161kozen\u00ed o\u010d\u00ed, mutagenity z\u00e1rode\u010dn\u00fdch bun\u011bk, karcinogenity, toxicity pro reprodukci, respira\u010dn\u00ed nebo ko\u017en\u00ed senzibilizace, specifick\u00e9 toxicity pro c\u00edlov\u00e9 org\u00e1ny (STOT) nebo nebezpe\u010d\u00ed p\u0159i aspiraci)<\/li>\n<li style=\"text-align: justify;\">Je-li to relevantn\u00ed, piktogramy nebezpe\u010d\u00ed<\/li>\n<li style=\"text-align: justify;\">Je-li to relevantn\u00ed, v\u00fdstra\u017en\u00e1 slova (Nebezpe\u010d\u00ed nebo Varov\u00e1n\u00ed)<\/li>\n<li style=\"text-align: justify;\">Je-li to relevantn\u00ed, v\u00fdstra\u017en\u00e9 v\u011bty o nebezpe\u010dnosti (v\u011bt y H)<\/li>\n<li style=\"text-align: justify;\">Je-li to relevantn\u00ed, odpov\u00eddaj\u00edc\u00ed pokyny pro bezpe\u010dn\u00e9 zach\u00e1zen\u00ed (v\u011bty P)<\/li>\n<li style=\"text-align: justify;\">Je-li to relevantn\u00ed, \u010d\u00e1st pro doplnkov\u00e9 informace<\/li>\n<\/ol>\n<p>&nbsp;<\/p>\n<h2 style=\"text-align: justify;\">\u010c\u00e1st pro doplnkov\u00e9 informace<\/h2>\n<p style=\"text-align: justify;\">Prvky ozna\u010den\u00ed vypl\u00fdvaj\u00edc\u00ed z po\u017eadavk\u016f jin\u00fdch pr\u00e1vn\u00edch akt\u016f EU mus\u00ed b\u00fdt uvedeny v \u010d\u00e1sti pro doplnkov\u00e9 informace na etiket\u011b.<\/p>\n<p>&nbsp;<\/p>\n<h2 style=\"text-align: justify;\">Jazyk etikety<\/h2>\n<p style=\"text-align: justify;\">Etiketa mus\u00ed b\u00fdt vyhotovena v \u00fa\u0159edn\u00edm(\u00fdch) jazyce(j\u00edch) \u010dlensk\u00e9ho st\u00e1tu (\u010dlensk\u00fdch st\u00e1t\u016f), ve kter\u00e9m (kter\u00fdch) je l\u00e1tka nebo sm\u011bs uvedena na trh, pokud dot\u010den\u00fd(\u00e9) \u010dlensk\u00fd(\u00e9) st\u00e1t(y) nestanov\u00ed jinak.<\/p>\n<p style=\"text-align: justify;\">Dodavatel\u00e9 mohou na sv\u00fdch etiket\u00e1ch pou\u017e\u00edt v\u00edce jazyk\u016f, ne\u017e vy\u017eaduj\u00ed \u010dlensk\u00e9 st\u00e1ty, pokud ve v\u0161ech pou\u017eit\u00fdch jazyc\u00edch budou uvedeny toto\u017en\u00e9 \u00fadaje.<\/p>\n<p>&nbsp;<\/p>\n<h3 style=\"text-align: justify;\"><span style=\"color: #333333;\">Nab\u00edzen\u00e9 slu\u017eby<\/span><\/h3>\n<ul>\n<li style=\"text-align: justify;\"><a href=\"https:\/\/www.msds-europe.com\/cs\/vytvoreni-navrhu-etikety\/\">Vypracov\u00e1n\u00ed n\u00e1vrhu etikety<\/a><\/li>\n<li><a href=\"https:\/\/www.msds-europe.com\/cs\/preklad-bezpecnostniho-listu\/\">P\u0159eklad bezpe\u010dnostn\u00edho listu<\/a><\/li>\n<\/ul>\n<p>&nbsp;<\/p>\n<h3><span style=\"color: #333333;\">Doporu\u010den\u00fd(\u00e9) \u010dl\u00e1nek\/\u010dl\u00e1nky<\/span><\/h3>\n<ul>\n<li><a href=\"https:\/\/www.msds-europe.com\/cs\/stitek-clp-oznacovani-v-praxi\/\">Ozna\u010dov\u00e1n\u00ed CLP v praxi<\/a><\/li>\n<\/ul>\n<p>&nbsp;<\/p>\n<h3><span style=\"color: #333333;\">Rychl\u00e9 ot\u00e1zky a odpov\u011bdi<\/span><\/h3>\n<div class=\"su-spoiler su-spoiler-style-fancy su-spoiler-icon-chevron su-spoiler-closed\" data-scroll-offset=\"0\" data-anchor-in-url=\"no\"><div class=\"su-spoiler-title\" tabindex=\"0\" role=\"button\"><span class=\"su-spoiler-icon\"><\/span>Jak\u00e9 prvky ozna\u010den\u00ed mus\u00ed b\u00fdt uvedeny v odd\u00edle 2.2 BL podle na\u0159\u00edzen\u00ed (EU) 2020\/878?<\/div><div class=\"su-spoiler-content su-u-clearfix su-u-trim\">\n<p style=\"text-align: justify;\">Odd\u00edl 2.2 mus\u00ed obsahovat p\u0159\u00edslu\u0161n\u00e9 piktogramy nebezpe\u010d\u00ed, v\u00fdstra\u017en\u00e1 slova, v\u00fdstra\u017en\u00e9 v\u011bty o nebezpe\u010dnosti a pokyny pro bezpe\u010dn\u00e9 zach\u00e1zen\u00ed a rovn\u011b\u017e v\u0161echny po\u017eadovan\u00e9 doplnkov\u00e9 informace.<\/p>\n<\/div><\/div>\n<div class=\"su-spoiler su-spoiler-style-fancy su-spoiler-icon-chevron su-spoiler-closed\" data-scroll-offset=\"0\" data-anchor-in-url=\"no\"><div class=\"su-spoiler-title\" tabindex=\"0\" role=\"button\"><span class=\"su-spoiler-icon\"><\/span>Je v BEZPE\u010cNOSTN\u00cdM LISTU p\u0159\u00edpustn\u00e9 pou\u017e\u00edt \u010dernob\u00edl\u00e9 piktogramy nebezpe\u010d\u00ed?<\/div><div class=\"su-spoiler-content su-u-clearfix su-u-trim\">\n<p style=\"text-align: justify;\">Ano. Na\u0159\u00edzen\u00ed CLP umo\u017e\u0148uje nahradit barevn\u00fd piktogram jeho \u010dernob\u00edlou verz\u00ed nebo pouze symbolem, pokud je uveden v bezpe\u010dnostn\u00edm listu.<\/p>\n<\/div><\/div>\n<div class=\"su-spoiler su-spoiler-style-fancy su-spoiler-icon-chevron su-spoiler-closed\" data-scroll-offset=\"0\" data-anchor-in-url=\"no\"><div class=\"su-spoiler-title\" tabindex=\"0\" role=\"button\"><span class=\"su-spoiler-icon\"><\/span>N\u00e1zev spoileru<\/div><div class=\"su-spoiler-content su-u-clearfix su-u-trim\">\n<p style=\"text-align: justify;\">Ne. Na\u0159\u00edzen\u00ed CLP zakazuje jak\u00e9koli formulace (nap\u0159. \u201enetoxick\u00fd\u201c, \u201eeco-friendly\u201c), kter\u00e9 odporuj\u00ed skute\u010dn\u00e9 klasifikaci nebezpe\u010dnosti v\u00fdrobku.<\/p>\n<\/div><\/div>\n","protected":false},"excerpt":{"rendered":"<p>Datab\u00e1ze znalost\u00ed k bezpe\u010dnostn\u00edm list\u016fm \u2013 Prvky ozna\u010den\u00ed bezpe\u010dnostn\u00edho listu &nbsp; V souladu s p\u0159\u00edlohou II na\u0159\u00edzen\u00ed (EU) \u010d. 2015\/830 (28. kv\u011btna 2015) jsou v odd\u00edle 2.2 bezpe\u010dnostn\u00edho listu vy\u017eadov\u00e1ny n\u00e1sleduj\u00edc\u00ed prvky ozna\u010den\u00ed: V\u00fdstra\u017en\u00e9 symboly nebezpe\u010dnosti v\u00fdstra\u017en\u00e9 slovo(a) v\u00fdstra\u017en\u00e1 v\u011bta o nebezpe\u010dnosti a pokyn pro bezpe\u010dn\u00e9 zach\u00e1zen\u00ed doplnkov\u00e9 informace Barevn\u00fd&#8230;<\/p>\n","protected":false},"author":2,"featured_media":0,"parent":0,"menu_order":0,"comment_status":"closed","ping_status":"closed","template":"","meta":{"_acf_changed":false,"footnotes":""},"tags":[244,358,407,296],"class_list":["post-33886","page","type-page","status-publish","hentry","tag-bezpecnostni-list-cs","tag-zakladna-vedomosti-pro-bezpecnostni-listy-cs","tag-znaceni-clp","tag-znaceni-clp-cs"],"acf":[],"yoast_head":"<!-- This site is optimized with the Yoast SEO plugin v27.2 - https:\/\/yoast.com\/product\/yoast-seo-wordpress\/ -->\n<title>Prvky ozna\u010den\u00ed bezpe\u010dnostn\u00edho listu<\/title>\n<meta name=\"description\" content=\"Prvky ozna\u010den\u00ed bezpe\u010dnostn\u00edho listu podle na\u0159\u00edzen\u00ed (ES) \u010d. 1272\/2008 a na\u0159\u00edzen\u00ed (EU) 2015\/830. MSDS-Europe\" \/>\n<meta name=\"robots\" content=\"index, follow, max-snippet:-1, max-image-preview:large, max-video-preview:-1\" \/>\n<link rel=\"canonical\" href=\"https:\/\/www.msds-europe.com\/cs\/prvky-oznaceni-bezpecnostniho-listu\/\" \/>\n<meta property=\"og:locale\" content=\"cs_CZ\" \/>\n<meta property=\"og:type\" content=\"article\" \/>\n<meta property=\"og:title\" content=\"Prvky ozna\u010den\u00ed bezpe\u010dnostn\u00edho listu\" \/>\n<meta property=\"og:description\" content=\"Prvky ozna\u010den\u00ed bezpe\u010dnostn\u00edho listu podle na\u0159\u00edzen\u00ed (ES) \u010d. 1272\/2008 a na\u0159\u00edzen\u00ed (EU) 2015\/830. MSDS-Europe\" \/>\n<meta property=\"og:url\" content=\"https:\/\/www.msds-europe.com\/cs\/prvky-oznaceni-bezpecnostniho-listu\/\" \/>\n<meta property=\"og:site_name\" content=\"MSDS Europe\" \/>\n<meta property=\"article:publisher\" content=\"https:\/\/www.facebook.com\/toxinfokft\/\" \/>\n<meta property=\"article:modified_time\" content=\"2026-02-18T07:54:11+00:00\" \/>\n<meta name=\"twitter:card\" content=\"summary_large_image\" \/>\n<meta name=\"twitter:site\" content=\"@ToxInfoKft\" \/>\n<meta name=\"twitter:label1\" content=\"Odhadovan\u00e1 doba \u010dten\u00ed\" \/>\n\t<meta name=\"twitter:data1\" content=\"3 minuty\" \/>\n<script type=\"application\/ld+json\" class=\"yoast-schema-graph\">{\"@context\":\"https:\/\/schema.org\",\"@graph\":[{\"@type\":\"WebPage\",\"@id\":\"https:\/\/www.msds-europe.com\/cs\/prvky-oznaceni-bezpecnostniho-listu\/\",\"url\":\"https:\/\/www.msds-europe.com\/cs\/prvky-oznaceni-bezpecnostniho-listu\/\",\"name\":\"Prvky ozna\u010den\u00ed bezpe\u010dnostn\u00edho listu\",\"isPartOf\":{\"@id\":\"https:\/\/www.msds-europe.com\/es\/#website\"},\"datePublished\":\"2025-06-30T12:52:55+00:00\",\"dateModified\":\"2026-02-18T07:54:11+00:00\",\"description\":\"Prvky ozna\u010den\u00ed bezpe\u010dnostn\u00edho listu podle na\u0159\u00edzen\u00ed (ES) \u010d. 1272\/2008 a na\u0159\u00edzen\u00ed (EU) 2015\/830. MSDS-Europe\",\"breadcrumb\":{\"@id\":\"https:\/\/www.msds-europe.com\/cs\/prvky-oznaceni-bezpecnostniho-listu\/#breadcrumb\"},\"inLanguage\":\"cs\",\"potentialAction\":[{\"@type\":\"ReadAction\",\"target\":[\"https:\/\/www.msds-europe.com\/cs\/prvky-oznaceni-bezpecnostniho-listu\/\"]}]},{\"@type\":\"BreadcrumbList\",\"@id\":\"https:\/\/www.msds-europe.com\/cs\/prvky-oznaceni-bezpecnostniho-listu\/#breadcrumb\",\"itemListElement\":[{\"@type\":\"ListItem\",\"position\":1,\"name\":\"F\u0151oldal\",\"item\":\"https:\/\/www.msds-europe.com\/cs\/\"},{\"@type\":\"ListItem\",\"position\":2,\"name\":\"Prvky ozna\u010den\u00ed bezpe\u010dnostn\u00edho listu\"}]},{\"@type\":\"WebSite\",\"@id\":\"https:\/\/www.msds-europe.com\/es\/#website\",\"url\":\"https:\/\/www.msds-europe.com\/es\/\",\"name\":\"MSDS Europe\",\"description\":\"\",\"publisher\":{\"@id\":\"https:\/\/www.msds-europe.com\/es\/#organization\"},\"potentialAction\":[{\"@type\":\"SearchAction\",\"target\":{\"@type\":\"EntryPoint\",\"urlTemplate\":\"https:\/\/www.msds-europe.com\/es\/?s={search_term_string}\"},\"query-input\":{\"@type\":\"PropertyValueSpecification\",\"valueRequired\":true,\"valueName\":\"search_term_string\"}}],\"inLanguage\":\"cs\"},{\"@type\":\"Organization\",\"@id\":\"https:\/\/www.msds-europe.com\/es\/#organization\",\"name\":\"MSDS-Europe International branch of ToxInfo\",\"url\":\"https:\/\/www.msds-europe.com\/es\/\",\"logo\":{\"@type\":\"ImageObject\",\"inLanguage\":\"cs\",\"@id\":\"https:\/\/www.msds-europe.com\/es\/#\/schema\/logo\/image\/\",\"url\":\"https:\/\/www.msds-europe.com\/wp-content\/uploads\/2021\/04\/msds-europe-logo.jpg\",\"contentUrl\":\"https:\/\/www.msds-europe.com\/wp-content\/uploads\/2021\/04\/msds-europe-logo.jpg\",\"width\":2296,\"height\":1067,\"caption\":\"MSDS-Europe International branch of ToxInfo\"},\"image\":{\"@id\":\"https:\/\/www.msds-europe.com\/es\/#\/schema\/logo\/image\/\"},\"sameAs\":[\"https:\/\/www.facebook.com\/toxinfokft\/\",\"https:\/\/x.com\/ToxInfoKft\"]}]}<\/script>\n<!-- \/ Yoast SEO plugin. -->","yoast_head_json":{"title":"Prvky ozna\u010den\u00ed bezpe\u010dnostn\u00edho listu","description":"Prvky ozna\u010den\u00ed bezpe\u010dnostn\u00edho listu podle na\u0159\u00edzen\u00ed (ES) \u010d. 1272\/2008 a na\u0159\u00edzen\u00ed (EU) 2015\/830. MSDS-Europe","robots":{"index":"index","follow":"follow","max-snippet":"max-snippet:-1","max-image-preview":"max-image-preview:large","max-video-preview":"max-video-preview:-1"},"canonical":"https:\/\/www.msds-europe.com\/cs\/prvky-oznaceni-bezpecnostniho-listu\/","og_locale":"cs_CZ","og_type":"article","og_title":"Prvky ozna\u010den\u00ed bezpe\u010dnostn\u00edho listu","og_description":"Prvky ozna\u010den\u00ed bezpe\u010dnostn\u00edho listu podle na\u0159\u00edzen\u00ed (ES) \u010d. 1272\/2008 a na\u0159\u00edzen\u00ed (EU) 2015\/830. MSDS-Europe","og_url":"https:\/\/www.msds-europe.com\/cs\/prvky-oznaceni-bezpecnostniho-listu\/","og_site_name":"MSDS Europe","article_publisher":"https:\/\/www.facebook.com\/toxinfokft\/","article_modified_time":"2026-02-18T07:54:11+00:00","twitter_card":"summary_large_image","twitter_site":"@ToxInfoKft","twitter_misc":{"Odhadovan\u00e1 doba \u010dten\u00ed":"3 minuty"},"schema":{"@context":"https:\/\/schema.org","@graph":[{"@type":"WebPage","@id":"https:\/\/www.msds-europe.com\/cs\/prvky-oznaceni-bezpecnostniho-listu\/","url":"https:\/\/www.msds-europe.com\/cs\/prvky-oznaceni-bezpecnostniho-listu\/","name":"Prvky ozna\u010den\u00ed bezpe\u010dnostn\u00edho listu","isPartOf":{"@id":"https:\/\/www.msds-europe.com\/es\/#website"},"datePublished":"2025-06-30T12:52:55+00:00","dateModified":"2026-02-18T07:54:11+00:00","description":"Prvky ozna\u010den\u00ed bezpe\u010dnostn\u00edho listu podle na\u0159\u00edzen\u00ed (ES) \u010d. 1272\/2008 a na\u0159\u00edzen\u00ed (EU) 2015\/830. MSDS-Europe","breadcrumb":{"@id":"https:\/\/www.msds-europe.com\/cs\/prvky-oznaceni-bezpecnostniho-listu\/#breadcrumb"},"inLanguage":"cs","potentialAction":[{"@type":"ReadAction","target":["https:\/\/www.msds-europe.com\/cs\/prvky-oznaceni-bezpecnostniho-listu\/"]}]},{"@type":"BreadcrumbList","@id":"https:\/\/www.msds-europe.com\/cs\/prvky-oznaceni-bezpecnostniho-listu\/#breadcrumb","itemListElement":[{"@type":"ListItem","position":1,"name":"F\u0151oldal","item":"https:\/\/www.msds-europe.com\/cs\/"},{"@type":"ListItem","position":2,"name":"Prvky ozna\u010den\u00ed bezpe\u010dnostn\u00edho listu"}]},{"@type":"WebSite","@id":"https:\/\/www.msds-europe.com\/es\/#website","url":"https:\/\/www.msds-europe.com\/es\/","name":"MSDS Europe","description":"","publisher":{"@id":"https:\/\/www.msds-europe.com\/es\/#organization"},"potentialAction":[{"@type":"SearchAction","target":{"@type":"EntryPoint","urlTemplate":"https:\/\/www.msds-europe.com\/es\/?s={search_term_string}"},"query-input":{"@type":"PropertyValueSpecification","valueRequired":true,"valueName":"search_term_string"}}],"inLanguage":"cs"},{"@type":"Organization","@id":"https:\/\/www.msds-europe.com\/es\/#organization","name":"MSDS-Europe International branch of ToxInfo","url":"https:\/\/www.msds-europe.com\/es\/","logo":{"@type":"ImageObject","inLanguage":"cs","@id":"https:\/\/www.msds-europe.com\/es\/#\/schema\/logo\/image\/","url":"https:\/\/www.msds-europe.com\/wp-content\/uploads\/2021\/04\/msds-europe-logo.jpg","contentUrl":"https:\/\/www.msds-europe.com\/wp-content\/uploads\/2021\/04\/msds-europe-logo.jpg","width":2296,"height":1067,"caption":"MSDS-Europe International branch of ToxInfo"},"image":{"@id":"https:\/\/www.msds-europe.com\/es\/#\/schema\/logo\/image\/"},"sameAs":["https:\/\/www.facebook.com\/toxinfokft\/","https:\/\/x.com\/ToxInfoKft"]}]}},"_links":{"self":[{"href":"https:\/\/www.msds-europe.com\/cs\/wp-json\/wp\/v2\/pages\/33886","targetHints":{"allow":["GET"]}}],"collection":[{"href":"https:\/\/www.msds-europe.com\/cs\/wp-json\/wp\/v2\/pages"}],"about":[{"href":"https:\/\/www.msds-europe.com\/cs\/wp-json\/wp\/v2\/types\/page"}],"author":[{"embeddable":true,"href":"https:\/\/www.msds-europe.com\/cs\/wp-json\/wp\/v2\/users\/2"}],"replies":[{"embeddable":true,"href":"https:\/\/www.msds-europe.com\/cs\/wp-json\/wp\/v2\/comments?post=33886"}],"version-history":[{"count":7,"href":"https:\/\/www.msds-europe.com\/cs\/wp-json\/wp\/v2\/pages\/33886\/revisions"}],"predecessor-version":[{"id":36918,"href":"https:\/\/www.msds-europe.com\/cs\/wp-json\/wp\/v2\/pages\/33886\/revisions\/36918"}],"wp:attachment":[{"href":"https:\/\/www.msds-europe.com\/cs\/wp-json\/wp\/v2\/media?parent=33886"}],"wp:term":[{"taxonomy":"post_tag","embeddable":true,"href":"https:\/\/www.msds-europe.com\/cs\/wp-json\/wp\/v2\/tags?post=33886"}],"curies":[{"name":"wp","href":"https:\/\/api.w.org\/{rel}","templated":true}]}}