{"id":33013,"date":"2025-06-02T13:46:32","date_gmt":"2025-06-02T13:46:32","guid":{"rendered":"https:\/\/www.msds-europe.com\/?page_id=33013"},"modified":"2026-02-25T11:14:58","modified_gmt":"2026-02-25T11:14:58","slug":"sds-priprava-uvod","status":"publish","type":"page","link":"https:\/\/www.msds-europe.com\/cs\/sds-priprava-uvod\/","title":{"rendered":"P\u0159\u00edprava bezpe\u010dnostn\u00edch list\u016f (SDS) \u2013 \u010c\u00e1st 1"},"content":{"rendered":"<h2><span style=\"color: #333333;\">\u00davod a legislativn\u00ed pozad\u00ed<\/span><\/h2>\n<p style=\"text-align: right;\"><em><a href=\"https:\/\/www.msds-europe.com\/cs\/\">MSDS-Europe<\/a> \u2013 <a href=\"https:\/\/www.msds-europe.com\/cs\/zakladna-vedomostibezpecnostni-listy\/\">Znalostn\u00ed b\u00e1ze bezpe\u010dnostn\u00edch list\u016f<\/a> \u2013 P\u0159\u00edprava bezpe\u010dnostn\u00edch list\u016f (SDS) \u2013 \u010c\u00e1st 1: \u00davod a legislativn\u00ed pozad\u00ed<\/em><\/p>\n<p>&nbsp;<\/p>\n<p style=\"text-align: justify;\">V na\u0161em p\u011btid\u00edln\u00e9m seri\u00e1lu prov\u00e1d\u00edme \u010dten\u00e1\u0159e krok za krokem procesem sestavov\u00e1n\u00ed bezpe\u010dnostn\u00edch list\u016f (SDS). Vysv\u011btlujeme, co je bezpe\u010dnostn\u00ed list, pro\u010d je d\u016fle\u017eit\u00fd a jak\u00e9 legislativn\u00ed po\u017eadavky se na n\u011bj vztahuj\u00ed (nap\u0159. na\u0159\u00edzen\u00ed REACH a CLP).<\/p>\n<p style=\"text-align: justify;\">Zab\u00fdv\u00e1me se tak\u00e9 praktick\u00fdmi ot\u00e1zkami: pro kter\u00e9 nebezpe\u010dn\u00e9 l\u00e1tky a sm\u011bsi je bezpe\u010dnostn\u00ed list povinn\u00fd, kdo je odpov\u011bdn\u00fd za jeho sestaven\u00ed, jak\u00e9 informace mus\u00ed obsahovat a kdy je nutn\u00e9 jej aktualizovat.<\/p>\n<p style=\"text-align: justify;\"><em>U\u017e v \u00favodn\u00ed f\u00e1zi pl\u00e1nov\u00e1n\u00ed je vhodn\u00e9 stanovit, na kter\u00e9 <a href=\"https:\/\/www.msds-europe.com\/cs\/sds-informacni-zdroje-databaze\/\">informa\u010dn\u00ed zdroje a datab\u00e1ze doporu\u010den\u00e9 pro p\u0159\u00edpravu SDS<\/a> se bude autor bezpe\u010dnostn\u00edho listu systematicky odkazovat.<\/em><\/p>\n<p style=\"text-align: justify;\"><em>(Tato p\u0159\u00edru\u010dka je zalo\u017eena na ofici\u00e1ln\u00edm dokumentu vydan\u00e9m 7. dubna 2021, kter\u00fd je dostupn\u00fd zde: <a href=\"https:\/\/www.echa.europa.eu\/en\/web\/guest\/guidance-documents\/guidance-on-reach\">Pokyny pro sestavov\u00e1n\u00ed bezpe\u010dnostn\u00edch list\u016f<\/a> \u2013 ECHA, 2021.)<\/em><\/p>\n<p>&nbsp;<\/p>\n<h3 style=\"text-align: justify;\">Co je bezpe\u010dnostn\u00ed list (SDS)?<\/h3>\n<p style=\"text-align: justify;\"><a href=\"https:\/\/www.msds-europe.com\/cs\/preklad-bezpecnostniho-listu\/\">Bezpe\u010dnostn\u00ed list<\/a> je dokument, kter\u00fd poskytuje podrobn\u00e9 informace o vlastnostech, nebezpe\u010d\u00edch a bezpe\u010dn\u00e9m pou\u017e\u00edv\u00e1n\u00ed nebezpe\u010dn\u00e9 l\u00e1tky nebo sm\u011bsi.<\/p>\n<p style=\"text-align: justify;\">\u00da\u010delem bezpe\u010dnostn\u00edho listu je <a href=\"https:\/\/www.msds-europe.com\/cs\/informace-o-bds-pro-dalsi-uzivatele\/\">poskytnout n\u00e1sledn\u00fdm u\u017eivatel\u016fm<\/a> (pr\u016fmyslov\u00fdm nebo profesion\u00e1ln\u00edm u\u017eivatel\u016fm, pracovn\u00edk\u016fm) i org\u00e1n\u016fm \u00fadaje nezbytn\u00e9 pro bezpe\u010dn\u00e9 zach\u00e1zen\u00ed s produktem. Ka\u017ed\u00e1 chemick\u00e1 l\u00e1tka nebo sm\u011bs klasifikovan\u00e1 jako nebezpe\u010dn\u00e1 <a href=\"https:\/\/www.msds-europe.com\/conditions-under-which-a-safety-data-sheet-must-be-supplied\/\">mus\u00ed m\u00edt bezpe\u010dnostn\u00ed list<\/a> podle p\u0159\u00edslu\u0161n\u00fdch p\u0159edpis\u016f EU (a v n\u011bkter\u00fdch dal\u0161\u00edch p\u0159\u00edpadech stanoven\u00fdch t\u011bmito p\u0159edpisy).<\/p>\n<p style=\"text-align: justify;\">Standardizovan\u00e9 <a href=\"https:\/\/www.msds-europe.com\/cs\/obsahove-a-formalni-prvky-bezpecnostniho-listu\/\">\u010dlen\u011bn\u00ed do 16 odd\u00edl\u016f<\/a> zaji\u0161\u0165uje, \u017ee d\u016fle\u017eit\u00e9 informace t\u00fdkaj\u00edc\u00ed se produktu jsou prezentov\u00e1ny p\u0159ehledn\u011b a uspo\u0159\u00e1dan\u011b.<\/p>\n<p style=\"text-align: justify;\">T\u011bchto <strong>16 odd\u00edl\u016f pokr\u00fdv\u00e1 mimo jin\u00e9<\/strong>:<\/p>\n<ul>\n<li style=\"text-align: justify;\">identifikaci produktu,<\/li>\n<li style=\"text-align: justify;\">klasifikaci nebezpe\u010dnosti,<\/li>\n<li style=\"text-align: justify;\">slo\u017een\u00ed,<\/li>\n<li style=\"text-align: justify;\">opat\u0159en\u00ed prvn\u00ed pomoci,<\/li>\n<li style=\"text-align: justify;\">opat\u0159en\u00ed pro ha\u0161en\u00ed po\u017e\u00e1ru a opat\u0159en\u00ed v p\u0159\u00edpad\u011b n\u00e1hodn\u00e9ho \u00faniku,<\/li>\n<li style=\"text-align: justify;\">zach\u00e1zen\u00ed a skladov\u00e1n\u00ed,<\/li>\n<li style=\"text-align: justify;\">\u00fa\u010dinky na lidsk\u00e9 zdrav\u00ed a \u017eivotn\u00ed prost\u0159ed\u00ed,<\/li>\n<li style=\"text-align: justify;\">nakl\u00e1d\u00e1n\u00ed s odpady.<\/li>\n<\/ul>\n<p style=\"text-align: justify;\"><a href=\"https:\/\/www.msds-europe.com\/cs\/sestaveni-vytvoreni-bezpecnostniho-listu\/\">Dob\u0159e p\u0159ipraven\u00fd bezpe\u010dnostn\u00ed list<\/a> pom\u00e1h\u00e1 p\u0159edch\u00e1zet nehod\u00e1m a po\u0161kozen\u00ed zdrav\u00ed a z\u00e1rove\u0148 podporuje dodr\u017eov\u00e1n\u00ed p\u0159edpis\u016f.<\/p>\n<p>&nbsp;<\/p>\n<h3 style=\"text-align: justify;\">Pr\u00e1vn\u00ed r\u00e1mec: na\u0159\u00edzen\u00ed REACH a CLP<\/h3>\n<p style=\"text-align: justify;\">Po\u017eadavky na bezpe\u010dnostn\u00ed listy jsou prim\u00e1rn\u011b definov\u00e1ny evropsk\u00fdm chemick\u00fdm na\u0159\u00edzen\u00edm <strong>REACH (na\u0159\u00edzen\u00ed (ES) \u010d. 1907\/2006)<\/strong>.<\/p>\n<p style=\"text-align: justify;\"><strong>\u010cl\u00e1nek 31 na\u0159\u00edzen\u00ed REACH<\/strong> stanov\u00ed, v jak\u00fdch p\u0159\u00edpadech mus\u00ed b\u00fdt bezpe\u010dnostn\u00ed list poskytnut, a podrobn\u00e9 po\u017eadavky na jeho obsah jsou uvedeny v p\u0159\u00edloze II na\u0159\u00edzen\u00ed REACH. P\u0159\u00edloha II je <a href=\"https:\/\/www.msds-europe.com\/cs\/regulacni-zmeny-v-oblasti-chemicke-bezpecnosti\/\">pravideln\u011b aktualizov\u00e1na<\/a>; naposledy byly po\u017eadavky na obsah bezpe\u010dnostn\u00edch list\u016f aktualizov\u00e1ny na\u0159\u00edzen\u00edm Komise (EU) 2020\/878 (nap\u0159\u00edklad zaveden\u00edm povinnosti uv\u00e1d\u011bt informace o vlastnostech naru\u0161uj\u00edc\u00edch endokrinn\u00ed syst\u00e9m). Ofici\u00e1ln\u00ed pokyny, na nich\u017e je tento seri\u00e1l \u010dl\u00e1nk\u016f zalo\u017een, tyto aktu\u00e1ln\u00ed po\u017eadavky rovn\u011b\u017e zahrnuj\u00ed a poskytuj\u00ed praktick\u00e9 rady pro jejich implementaci.<\/p>\n<p style=\"text-align: right;\"><a href=\"https:\/\/www.msds-europe.com\/cs\/sds-jazykove-pozadavky\/\"><em>Jazyk bezpe\u010dnostn\u00edho listu v EU<\/em><\/a><\/p>\n<p style=\"text-align: justify;\">\u00dazce souvisej\u00edc\u00edm t\u00e9matem je <strong>na\u0159\u00edzen\u00ed CLP<\/strong> (na\u0159\u00edzen\u00ed (ES) \u010d. 1272\/2008), kter\u00e9 se zab\u00fdv\u00e1 klasifikac\u00ed, ozna\u010dov\u00e1n\u00edm a balen\u00edm chemick\u00fdch l\u00e1tek a sm\u011bs\u00ed.<\/p>\n<p style=\"text-align: justify;\"><strong>Odd\u00edl 2 bezpe\u010dnostn\u00edho listu<\/strong> mus\u00ed obsahovat klasifikaci a <a href=\"https:\/\/www.msds-europe.com\/cs\/prvky-oznaceni-bezpecnostniho-listu\/\">prvky ozna\u010den\u00ed<\/a> podle <a href=\"https:\/\/www.msds-europe.com\/cs\/regulacni-zmeny-v-oblasti-chemicke-bezpecnosti\/\">na\u0159\u00edzen\u00ed CLP<\/a>. Proto sestaven\u00ed bezpe\u010dnostn\u00edho listu vy\u017eaduje znalost t\u0159\u00edd a kategori\u00ed nebezpe\u010dnosti dle CLP, <a href=\"https:\/\/www.msds-europe.com\/cs\/vystrazne-symbol-nebezpecnosti\/\">piktogram\u016f nebezpe\u010dnosti<\/a>, <a href=\"https:\/\/www.msds-europe.com\/cs\/standardni-vety-o-nebezpecnosti-h\/\">H-v\u011bt<\/a> a <a href=\"https:\/\/www.msds-europe.com\/cs\/pokyny-pro-bezpecne-zachazeni\/\">P-v\u011bt<\/a>.<\/p>\n<p style=\"text-align: justify;\">Spole\u010dn\u011b zaji\u0161\u0165uj\u00ed na\u0159\u00edzen\u00ed REACH a CLP to, aby informace t\u00fdkaj\u00edc\u00ed se nebezpe\u010dn\u00fdch l\u00e1tek byly p\u0159ed\u00e1v\u00e1ny jednotn\u00fdm zp\u016fsobem v\u0161em, kdo s produktem pracuj\u00ed.<\/p>\n<p>&nbsp;<\/p>\n<p style=\"text-align: justify;\"><strong><em><span style=\"color: #333333;\">Dal\u0161\u00ed \u010d\u00e1sti:<\/span><\/em><\/strong><\/p>\n<ul>\n<li style=\"text-align: justify;\"><a href=\"https:\/\/www.msds-europe.com\/cs\/odpovednosti-sestaveni-procesu\/\"><em>\u010c\u00e1st 2: Odpov\u011bdnosti a proces sestaven\u00ed SDS<\/em><\/a><\/li>\n<li style=\"text-align: justify;\"><a href=\"https:\/\/www.msds-europe.com\/cs\/sds-priprava-prvnich-8-oddilu\/\"><em>\u010c\u00e1st 3: Prvn\u00edch 8 odd\u00edl\u016f SDS podrobn\u011b<\/em><\/a><\/li>\n<li style=\"text-align: justify;\"><a href=\"https:\/\/www.msds-europe.com\/cs\/sds-priprava-9-16-oddilu\/\"><em>\u010c\u00e1st 4: Zb\u00fdvaj\u00edc\u00ed odd\u00edly SDS (9\u201316)<\/em><\/a><\/li>\n<li style=\"text-align: justify;\"><a href=\"https:\/\/www.msds-europe.com\/cs\/sds-priprava-nejlepsi-praxe\/\"><em>\u010c\u00e1st 5: Zvl\u00e1\u0161tn\u00ed p\u0159\u00edpady a osv\u011bd\u010den\u00e9 postupy<\/em><\/a><\/li>\n<\/ul>\n<p>&nbsp;<\/p>\n<h4>Bezplatn\u00e1 online konzultace<\/h4>\n<p style=\"text-align: justify;\">Pokud jste na na\u0161em webu nena\u0161li po\u017eadovan\u00e9 informace, jednodu\u0161e polo\u017ete sv\u00e9 ot\u00e1zky t\u00fdkaj\u00edc\u00ed se bezpe\u010dnostn\u00edch list\u016f p\u0159\u00edmo na\u0161emu odborn\u00edkovi.<\/p>\n<p style=\"text-align: justify;\">Pro odesl\u00e1n\u00ed dotaz\u016f pros\u00edm pou\u017eijte n\u00e1sleduj\u00edc\u00ed formul\u00e1\u0159:<\/p>\n<p style=\"text-align: justify;\"><a href=\"https:\/\/www.msds-europe.com\/cs\/online-konzultace\/\" class=\"su-button su-button-style-default\" style=\"color:#ffffff;background-color:#ef552d;border-color:#c04424;border-radius:6px\" target=\"_self\"><span style=\"color:#ffffff;padding:0px 18px;font-size:14px;line-height:28px;border-color:#f4886c;border-radius:6px;text-shadow:0px 0px 2px #ffffff\"> Zeptejte se na\u0161eho odborn\u00edka na chemickou bezpe\u010dnost!<\/span><\/a>\n<p>&nbsp;<\/p>\n<h4 style=\"text-align: justify;\"><span style=\"color: #333333;\">Dal\u0161\u00ed souvisej\u00edc\u00ed slu\u017eby<\/span><\/h4>\n<p style=\"text-align: justify;\">Slu\u017eby v oblasti SDS:<\/p>\n<p style=\"text-align: justify;\"><a href=\"https:\/\/www.msds-europe.com\/cs\/preklad-bezpecnostniho-listu\/\">P\u0159eklad bezpe\u010dnostn\u00edch list\u016f<\/a>, <a href=\"https:\/\/www.msds-europe.com\/cs\/bezpecnostni-list-revize-aktualizace\/\">Aktualizace bezpe\u010dnostn\u00edch list\u016f<\/a>, <a href=\"https:\/\/www.msds-europe.com\/cs\/sestaveni-vytvoreni-bezpecnostniho-listu\/\">Vytvo\u0159en\u00ed bezpe\u010dnostn\u00edho listu<\/a><\/p>\n<p style=\"text-align: justify;\">Slu\u017eby ozn\u00e1men\u00ed PCN:<\/p>\n<p style=\"text-align: justify;\"><a href=\"https:\/\/www.msds-europe.com\/cs\/ufi-sluzby\/\">Ozn\u00e1men\u00ed sm\u011bs\u00ed prost\u0159ednictv\u00edm port\u00e1lu PCN<\/a>, <a href=\"https:\/\/www.msds-europe.com\/cs\/ufi-sluzby\/\">slu\u017eba aktualizace ozn\u00e1men\u00ed PCN<\/a>, <a href=\"https:\/\/www.msds-europe.com\/cs\/ufi-sluzby\/#sluzba-vygenerovani-ufi-kodu\">slu\u017eba generov\u00e1n\u00ed k\u00f3d\u016f UFI<\/a><\/p>\n<p>&nbsp;<\/p>\n<h4><span style=\"color: #333333;\">Nejnov\u011bj\u0161\u00ed \u010dl\u00e1nky<\/span><\/h4>\n<ul>\n<li style=\"text-align: justify;\"><a href=\"https:\/\/www.msds-europe.com\/frequently-asked-questions-and-answers-in-chemical-safety\/#purpose-safety-data-sheet\">Jak\u00fd je \u00fa\u010del bezpe\u010dnostn\u00edho listu?<\/a><\/li>\n<li style=\"text-align: justify;\"><a href=\"https:\/\/www.msds-europe.com\/frequently-asked-questions-and-answers-in-chemical-safety\/#require-safety-data-sheet\">Vy\u017eaduj\u00ed v\u0161echny chemick\u00e9 produkty bezpe\u010dnostn\u00ed list?<\/a><\/li>\n<li style=\"text-align: justify;\"><a href=\"https:\/\/www.msds-europe.com\/frequently-asked-questions-and-answers-in-chemical-safety\/#who-can-create-sds\">Kdo m\u016f\u017ee vytvo\u0159it bezpe\u010dnostn\u00ed list?<\/a><\/li>\n<\/ul>\n<p>&nbsp;<\/p>\n<h4><span style=\"color: #333333;\">Doporu\u010den\u00e9 \u010dl\u00e1nky<\/span><\/h4>\n<ul>\n<li><a href=\"https:\/\/www.msds-europe.com\/cs\/podminky-za-kterych-mus%c3%ad-byt-poskytnut-bezpecnostni-list\/\">Podm\u00ednky, za kter\u00fdch mus\u00ed b\u00fdt bezpe\u010dnostn\u00ed list poskytnut<\/a><\/li>\n<li><a href=\"https:\/\/www.msds-europe.com\/cs\/ufi-sluzby\/\">U\u017eite\u010dn\u00e9 informace o ozn\u00e1men\u00ed PCN<\/a><\/li>\n<li><a href=\"https:\/\/www.msds-europe.com\/cs\/informace-o-bds-pro-dalsi-uzivatele\/\">U\u017eite\u010dn\u00e9 informace pro n\u00e1sledn\u00e9 u\u017eivatele o bezpe\u010dnostn\u00edch listech<\/a><\/li>\n<\/ul>\n<p>&nbsp;<\/p>\n<h4><span style=\"color: #333333;\">U\u017eite\u010dn\u00e9 odborn\u00e9 materi\u00e1ly<\/span><\/h4>\n<p><a href=\"https:\/\/www.msds-europe.com\/cs\/zakladna-vedomostibezpecnostni-listy\/\">Znalostn\u00ed b\u00e1ze o bezpe\u010dnostn\u00edch listech<\/a><\/p>\n<p style=\"text-align: justify;\">Znalostn\u00ed b\u00e1ze o bezpe\u010dnostn\u00edch listech poskytuje pomoc p\u0159i v\u00fdkladu bezpe\u010dnostn\u00edch list\u016f a souvisej\u00edc\u00edch pr\u00e1vn\u00edch p\u0159edpis\u016f.<\/p>\n<p><a href=\"https:\/\/www.msds-europe.com\/compass-to-chemical-safety\/\">Kompas pro chemickou bezpe\u010dnost<\/a><\/p>\n<p style=\"text-align: justify;\">\u201ePopul\u00e1rn\u011bj\u0161\u00ed\u201c obsah souvisej\u00edc\u00ed s p\u0159edpisy v oblasti chemick\u00e9 bezpe\u010dnosti, kter\u00fd pom\u00e1h\u00e1 pochopit povinnosti a p\u0159ipravit se na n\u011b.<\/p>\n<p>&nbsp;<br \/>\n&nbsp;<\/p>\n","protected":false},"excerpt":{"rendered":"<p>\u00davod a legislativn\u00ed pozad\u00ed MSDS-Europe \u2013 Znalostn\u00ed b\u00e1ze bezpe\u010dnostn\u00edch list\u016f \u2013 P\u0159\u00edprava bezpe\u010dnostn\u00edch list\u016f (SDS) \u2013 \u010c\u00e1st 1: \u00davod a legislativn\u00ed pozad\u00ed &nbsp; V na\u0161em p\u011btid\u00edln\u00e9m seri\u00e1lu prov\u00e1d\u00edme \u010dten\u00e1\u0159e krok za krokem procesem sestavov\u00e1n\u00ed bezpe\u010dnostn\u00edch list\u016f (SDS). Vysv\u011btlujeme, co je bezpe\u010dnostn\u00ed list, pro\u010d je d\u016fle\u017eit\u00fd a jak\u00e9 legislativn\u00ed po\u017eadavky se&#8230;<\/p>\n","protected":false},"author":2,"featured_media":0,"parent":0,"menu_order":0,"comment_status":"closed","ping_status":"closed","template":"","meta":{"_acf_changed":false,"footnotes":""},"tags":[244,358],"class_list":["post-33013","page","type-page","status-publish","hentry","tag-bezpecnostni-list-cs","tag-zakladna-vedomosti-pro-bezpecnostni-listy-cs"],"acf":[],"yoast_head":"<!-- This site is optimized with the Yoast SEO plugin v27.2 - https:\/\/yoast.com\/product\/yoast-seo-wordpress\/ -->\n<title>P\u0159\u00edprava SDS \u2013 \u010c\u00e1st 1: \u00davod a legislativn\u00ed pozad\u00ed<\/title>\n<meta name=\"description\" content=\"\u00davod SDS, jeho v\u00fdznam a pr\u00e1vn\u00ed pozad\u00ed p\u0159\u00edpravy bezpe\u010dnostn\u00edho listu, v\u010detn\u011b na\u0159\u00edzen\u00ed REACH a CLP.\" \/>\n<meta name=\"robots\" content=\"index, follow, max-snippet:-1, max-image-preview:large, max-video-preview:-1\" \/>\n<link rel=\"canonical\" href=\"https:\/\/www.msds-europe.com\/cs\/sds-priprava-uvod\/\" \/>\n<meta property=\"og:locale\" content=\"cs_CZ\" \/>\n<meta property=\"og:type\" content=\"article\" \/>\n<meta property=\"og:title\" content=\"P\u0159\u00edprava SDS \u2013 \u010c\u00e1st 1: \u00davod a legislativn\u00ed pozad\u00ed\" \/>\n<meta property=\"og:description\" content=\"\u00davod SDS, jeho v\u00fdznam a pr\u00e1vn\u00ed pozad\u00ed p\u0159\u00edpravy bezpe\u010dnostn\u00edho listu, v\u010detn\u011b na\u0159\u00edzen\u00ed REACH a CLP.\" \/>\n<meta property=\"og:url\" content=\"https:\/\/www.msds-europe.com\/cs\/sds-priprava-uvod\/\" \/>\n<meta property=\"og:site_name\" content=\"MSDS Europe\" \/>\n<meta property=\"article:publisher\" content=\"https:\/\/www.facebook.com\/toxinfokft\/\" \/>\n<meta property=\"article:modified_time\" content=\"2026-02-25T11:14:58+00:00\" \/>\n<meta name=\"twitter:card\" content=\"summary_large_image\" \/>\n<meta name=\"twitter:site\" content=\"@ToxInfoKft\" \/>\n<meta name=\"twitter:label1\" content=\"Odhadovan\u00e1 doba \u010dten\u00ed\" \/>\n\t<meta name=\"twitter:data1\" content=\"3 minuty\" \/>\n<script type=\"application\/ld+json\" class=\"yoast-schema-graph\">{\"@context\":\"https:\/\/schema.org\",\"@graph\":[{\"@type\":\"WebPage\",\"@id\":\"https:\/\/www.msds-europe.com\/cs\/sds-priprava-uvod\/\",\"url\":\"https:\/\/www.msds-europe.com\/cs\/sds-priprava-uvod\/\",\"name\":\"P\u0159\u00edprava SDS \u2013 \u010c\u00e1st 1: \u00davod a legislativn\u00ed pozad\u00ed\",\"isPartOf\":{\"@id\":\"https:\/\/www.msds-europe.com\/es\/#website\"},\"datePublished\":\"2025-06-02T13:46:32+00:00\",\"dateModified\":\"2026-02-25T11:14:58+00:00\",\"description\":\"\u00davod SDS, jeho v\u00fdznam a pr\u00e1vn\u00ed pozad\u00ed p\u0159\u00edpravy bezpe\u010dnostn\u00edho listu, v\u010detn\u011b na\u0159\u00edzen\u00ed REACH a CLP.\",\"breadcrumb\":{\"@id\":\"https:\/\/www.msds-europe.com\/cs\/sds-priprava-uvod\/#breadcrumb\"},\"inLanguage\":\"cs\",\"potentialAction\":[{\"@type\":\"ReadAction\",\"target\":[\"https:\/\/www.msds-europe.com\/cs\/sds-priprava-uvod\/\"]}]},{\"@type\":\"BreadcrumbList\",\"@id\":\"https:\/\/www.msds-europe.com\/cs\/sds-priprava-uvod\/#breadcrumb\",\"itemListElement\":[{\"@type\":\"ListItem\",\"position\":1,\"name\":\"F\u0151oldal\",\"item\":\"https:\/\/www.msds-europe.com\/cs\/\"},{\"@type\":\"ListItem\",\"position\":2,\"name\":\"P\u0159\u00edprava bezpe\u010dnostn\u00edch list\u016f (SDS) \u2013 \u010c\u00e1st 1\"}]},{\"@type\":\"WebSite\",\"@id\":\"https:\/\/www.msds-europe.com\/es\/#website\",\"url\":\"https:\/\/www.msds-europe.com\/es\/\",\"name\":\"MSDS Europe\",\"description\":\"\",\"publisher\":{\"@id\":\"https:\/\/www.msds-europe.com\/es\/#organization\"},\"potentialAction\":[{\"@type\":\"SearchAction\",\"target\":{\"@type\":\"EntryPoint\",\"urlTemplate\":\"https:\/\/www.msds-europe.com\/es\/?s={search_term_string}\"},\"query-input\":{\"@type\":\"PropertyValueSpecification\",\"valueRequired\":true,\"valueName\":\"search_term_string\"}}],\"inLanguage\":\"cs\"},{\"@type\":\"Organization\",\"@id\":\"https:\/\/www.msds-europe.com\/es\/#organization\",\"name\":\"MSDS-Europe International branch of ToxInfo\",\"url\":\"https:\/\/www.msds-europe.com\/es\/\",\"logo\":{\"@type\":\"ImageObject\",\"inLanguage\":\"cs\",\"@id\":\"https:\/\/www.msds-europe.com\/es\/#\/schema\/logo\/image\/\",\"url\":\"https:\/\/www.msds-europe.com\/wp-content\/uploads\/2021\/04\/msds-europe-logo.jpg\",\"contentUrl\":\"https:\/\/www.msds-europe.com\/wp-content\/uploads\/2021\/04\/msds-europe-logo.jpg\",\"width\":2296,\"height\":1067,\"caption\":\"MSDS-Europe International branch of ToxInfo\"},\"image\":{\"@id\":\"https:\/\/www.msds-europe.com\/es\/#\/schema\/logo\/image\/\"},\"sameAs\":[\"https:\/\/www.facebook.com\/toxinfokft\/\",\"https:\/\/x.com\/ToxInfoKft\"]}]}<\/script>\n<!-- \/ Yoast SEO plugin. -->","yoast_head_json":{"title":"P\u0159\u00edprava SDS \u2013 \u010c\u00e1st 1: \u00davod a legislativn\u00ed pozad\u00ed","description":"\u00davod SDS, jeho v\u00fdznam a pr\u00e1vn\u00ed pozad\u00ed p\u0159\u00edpravy bezpe\u010dnostn\u00edho listu, v\u010detn\u011b na\u0159\u00edzen\u00ed REACH a CLP.","robots":{"index":"index","follow":"follow","max-snippet":"max-snippet:-1","max-image-preview":"max-image-preview:large","max-video-preview":"max-video-preview:-1"},"canonical":"https:\/\/www.msds-europe.com\/cs\/sds-priprava-uvod\/","og_locale":"cs_CZ","og_type":"article","og_title":"P\u0159\u00edprava SDS \u2013 \u010c\u00e1st 1: \u00davod a legislativn\u00ed pozad\u00ed","og_description":"\u00davod SDS, jeho v\u00fdznam a pr\u00e1vn\u00ed pozad\u00ed p\u0159\u00edpravy bezpe\u010dnostn\u00edho listu, v\u010detn\u011b na\u0159\u00edzen\u00ed REACH a CLP.","og_url":"https:\/\/www.msds-europe.com\/cs\/sds-priprava-uvod\/","og_site_name":"MSDS Europe","article_publisher":"https:\/\/www.facebook.com\/toxinfokft\/","article_modified_time":"2026-02-25T11:14:58+00:00","twitter_card":"summary_large_image","twitter_site":"@ToxInfoKft","twitter_misc":{"Odhadovan\u00e1 doba \u010dten\u00ed":"3 minuty"},"schema":{"@context":"https:\/\/schema.org","@graph":[{"@type":"WebPage","@id":"https:\/\/www.msds-europe.com\/cs\/sds-priprava-uvod\/","url":"https:\/\/www.msds-europe.com\/cs\/sds-priprava-uvod\/","name":"P\u0159\u00edprava SDS \u2013 \u010c\u00e1st 1: \u00davod a legislativn\u00ed pozad\u00ed","isPartOf":{"@id":"https:\/\/www.msds-europe.com\/es\/#website"},"datePublished":"2025-06-02T13:46:32+00:00","dateModified":"2026-02-25T11:14:58+00:00","description":"\u00davod SDS, jeho v\u00fdznam a pr\u00e1vn\u00ed pozad\u00ed p\u0159\u00edpravy bezpe\u010dnostn\u00edho listu, v\u010detn\u011b na\u0159\u00edzen\u00ed REACH a CLP.","breadcrumb":{"@id":"https:\/\/www.msds-europe.com\/cs\/sds-priprava-uvod\/#breadcrumb"},"inLanguage":"cs","potentialAction":[{"@type":"ReadAction","target":["https:\/\/www.msds-europe.com\/cs\/sds-priprava-uvod\/"]}]},{"@type":"BreadcrumbList","@id":"https:\/\/www.msds-europe.com\/cs\/sds-priprava-uvod\/#breadcrumb","itemListElement":[{"@type":"ListItem","position":1,"name":"F\u0151oldal","item":"https:\/\/www.msds-europe.com\/cs\/"},{"@type":"ListItem","position":2,"name":"P\u0159\u00edprava bezpe\u010dnostn\u00edch list\u016f (SDS) \u2013 \u010c\u00e1st 1"}]},{"@type":"WebSite","@id":"https:\/\/www.msds-europe.com\/es\/#website","url":"https:\/\/www.msds-europe.com\/es\/","name":"MSDS Europe","description":"","publisher":{"@id":"https:\/\/www.msds-europe.com\/es\/#organization"},"potentialAction":[{"@type":"SearchAction","target":{"@type":"EntryPoint","urlTemplate":"https:\/\/www.msds-europe.com\/es\/?s={search_term_string}"},"query-input":{"@type":"PropertyValueSpecification","valueRequired":true,"valueName":"search_term_string"}}],"inLanguage":"cs"},{"@type":"Organization","@id":"https:\/\/www.msds-europe.com\/es\/#organization","name":"MSDS-Europe International branch of ToxInfo","url":"https:\/\/www.msds-europe.com\/es\/","logo":{"@type":"ImageObject","inLanguage":"cs","@id":"https:\/\/www.msds-europe.com\/es\/#\/schema\/logo\/image\/","url":"https:\/\/www.msds-europe.com\/wp-content\/uploads\/2021\/04\/msds-europe-logo.jpg","contentUrl":"https:\/\/www.msds-europe.com\/wp-content\/uploads\/2021\/04\/msds-europe-logo.jpg","width":2296,"height":1067,"caption":"MSDS-Europe International branch of ToxInfo"},"image":{"@id":"https:\/\/www.msds-europe.com\/es\/#\/schema\/logo\/image\/"},"sameAs":["https:\/\/www.facebook.com\/toxinfokft\/","https:\/\/x.com\/ToxInfoKft"]}]}},"_links":{"self":[{"href":"https:\/\/www.msds-europe.com\/cs\/wp-json\/wp\/v2\/pages\/33013","targetHints":{"allow":["GET"]}}],"collection":[{"href":"https:\/\/www.msds-europe.com\/cs\/wp-json\/wp\/v2\/pages"}],"about":[{"href":"https:\/\/www.msds-europe.com\/cs\/wp-json\/wp\/v2\/types\/page"}],"author":[{"embeddable":true,"href":"https:\/\/www.msds-europe.com\/cs\/wp-json\/wp\/v2\/users\/2"}],"replies":[{"embeddable":true,"href":"https:\/\/www.msds-europe.com\/cs\/wp-json\/wp\/v2\/comments?post=33013"}],"version-history":[{"count":10,"href":"https:\/\/www.msds-europe.com\/cs\/wp-json\/wp\/v2\/pages\/33013\/revisions"}],"predecessor-version":[{"id":37839,"href":"https:\/\/www.msds-europe.com\/cs\/wp-json\/wp\/v2\/pages\/33013\/revisions\/37839"}],"wp:attachment":[{"href":"https:\/\/www.msds-europe.com\/cs\/wp-json\/wp\/v2\/media?parent=33013"}],"wp:term":[{"taxonomy":"post_tag","embeddable":true,"href":"https:\/\/www.msds-europe.com\/cs\/wp-json\/wp\/v2\/tags?post=33013"}],"curies":[{"name":"wp","href":"https:\/\/api.w.org\/{rel}","templated":true}]}}