{"id":31671,"date":"2025-04-26T14:32:45","date_gmt":"2025-04-26T14:32:45","guid":{"rendered":"https:\/\/www.msds-europe.com\/?page_id=31671"},"modified":"2026-02-23T07:51:16","modified_gmt":"2026-02-23T07:51:16","slug":"sds-zkratky-akronymy","status":"publish","type":"page","link":"https:\/\/www.msds-europe.com\/cs\/sds-zkratky-akronymy\/","title":{"rendered":"Zkratky a akronymy v bezpe\u010dnostn\u00edch listech"},"content":{"rendered":"<p>&nbsp;<\/p>\n<p style=\"text-align: right;\"><em><a href=\"https:\/\/www.msds-europe.com\/cs\/\">MSDS-Europe<\/a> &#8211; <a href=\"https:\/\/www.msds-europe.com\/cs\/zakladna-vedomostibezpecnostni-listy\/\">Z\u00e1kladna v\u011bdomost\u00ed pro bezpe\u010dnostn\u00ed listy<\/a> \u2013 Zkratky a akronymy v bezpe\u010dnostn\u00edch listech<\/em><\/p>\n<p>&nbsp;<\/p>\n<p style=\"text-align: justify;\">V odd\u00edlu 16 bezpe\u010dnostn\u00edho listu (Dal\u0161\u00ed informace) mus\u00ed b\u00fdt uvedeno vysv\u011btlen\u00ed a \u00fapln\u00e9 zn\u011bn\u00ed v\u0161ech zkratek a akronym\u016f pou\u017eit\u00fdch v dokumentu.<\/p>\n<p>&nbsp;<\/p>\n<h2 style=\"text-align: justify;\">Nej\u010dast\u011bj\u0161\u00ed zkratky a akronymy v bezpe\u010dnostn\u00edch listech:<\/h2>\n<p style=\"text-align: right;\"><a href=\"https:\/\/www.msds-europe.com\/sds-abbreviations-explained\/\">EN<\/a>\u00a0\u00a0I\u00a0\u00a0<a href=\"https:\/\/www.msds-europe.com\/de\/sdb-abkuerzungen-erklaerung\/\">DE<\/a>\u00a0\u00a0I\u00a0\u00a0<a href=\"https:\/\/www.msds-europe.com\/fr\/fds-abreviations-explication\/\">FR<\/a>\u00a0\u00a0I\u00a0\u00a0<a href=\"https:\/\/www.msds-europe.com\/es\/fds-abreviaturas-explicacion\/\">ES<\/a>\u00a0\u00a0I\u00a0\u00a0<a href=\"https:\/\/www.msds-europe.com\/it\/sds-abbreviazioni-spiegazione\/\">IT<\/a>\u00a0\u00a0I\u00a0\u00a0<a href=\"https:\/\/www.msds-europe.com\/pl\/karta-charakterystyki-skroty-obja%c5%9bnienia\/\">PL<\/a>\u00a0\u00a0I\u00a0\u00a0<strong>CS<\/strong>\u00a0\u00a0I\u00a0\u00a0<a href=\"https:\/\/www.msds-europe.com\/ro\/fds-abrevieri-explicatii\/\">RO<\/a>\u00a0\u00a0I\u00a0\u00a0<a href=\"https:\/\/www.msds-europe.com\/sl\/sds-kratice-okrajsave\/\">SL<\/a>\u00a0\u00a0I\u00a0\u00a0<a href=\"https:\/\/www.msds-europe.com\/sk\/sds-skratky-akronymy\/\">SK<\/a>\u00a0\u00a0I\u00a0\u00a0<a href=\"https:\/\/www.biztonsagiadatlap.hu\/roviditesek-mozaikszavak-biztonsagi-adatlapokban\/\">HU<\/a><\/p>\n<p>&nbsp;<\/p>\n<p style=\"text-align: justify;\"><strong>ADN:<\/strong> Evropsk\u00e1 dohoda o mezin\u00e1rodn\u00ed p\u0159eprav\u011b nebezpe\u010dn\u00fdch v\u011bc\u00ed po vnitrozemsk\u00fdch vodn\u00edch cest\u00e1ch.<\/p>\n<p style=\"text-align: justify;\"><strong>ADR:<\/strong> Evropsk\u00e1 dohoda o mezin\u00e1rodn\u00ed silni\u010dn\u00ed p\u0159eprav\u011b nebezpe\u010dn\u00fdch v\u011bc\u00ed.<\/p>\n<p style=\"text-align: justify;\"><strong>ATE:<\/strong> Odhadovan\u00e1 akutn\u00ed toxicita.<\/p>\n<p style=\"text-align: justify;\"><strong>AOX:<\/strong> Adsorbovateln\u00e9 organicky v\u00e1zan\u00e9 halogeny.<\/p>\n<p style=\"text-align: justify;\"><strong>BCF:<\/strong> Biokoncentra\u010dn\u00ed faktor.<\/p>\n<p style=\"text-align: justify;\"><strong>BOD:<\/strong> Biochemick\u00e1 spot\u0159eba kysl\u00edku.<\/p>\n<p style=\"text-align: justify;\"><strong>\u010c\u00edslo CAS:<\/strong> \u010c\u00edslo Chemical Abstracts Service.<\/p>\n<p style=\"text-align: justify;\"><strong>CLP:<\/strong> Na\u0159\u00edzen\u00ed (ES) \u010d. 1272\/2008 o klasifikaci, ozna\u010dov\u00e1n\u00ed a balen\u00ed l\u00e1tek a sm\u011bs\u00ed.<\/p>\n<p style=\"text-align: justify;\"><strong>CMR:<\/strong> Karcinogenn\u00ed, mutagenn\u00ed a reprotoxick\u00e9 \u00fa\u010dinky.<\/p>\n<p style=\"text-align: justify;\"><strong>COD:<\/strong> Chemick\u00e1 spot\u0159eba kysl\u00edku.<\/p>\n<p style=\"text-align: justify;\"><strong>CSA:<\/strong> Posouzen\u00ed chemick\u00e9 bezpe\u010dnosti.<\/p>\n<p style=\"text-align: justify;\"><strong>CSR:<\/strong> Zpr\u00e1va o chemick\u00e9 bezpe\u010dnosti.<\/p>\n<p style=\"text-align: justify;\"><strong>DNEL:<\/strong> Odvozen\u00e1 \u00farove\u0148, p\u0159i kter\u00e9 nedoch\u00e1z\u00ed k nep\u0159\u00edzniv\u00fdm \u00fa\u010dink\u016fm.<\/p>\n<p style=\"text-align: justify;\"><strong>ECHA:<\/strong> Evropsk\u00e1 agentura pro chemick\u00e9 l\u00e1tky.<\/p>\n<p style=\"text-align: justify;\"><strong>EC:<\/strong> Evropsk\u00e9 spole\u010denstv\u00ed (ES).<\/p>\n<p style=\"text-align: justify;\"><strong>\u010c\u00edslo ES:<\/strong> \u010c\u00edsla EINECS a ELINCS (viz tak\u00e9 EINECS a ELINCS).<\/p>\n<p style=\"text-align: justify;\"><strong>EEC:<\/strong> Evropsk\u00e9 hospod\u00e1\u0159sk\u00e9 spole\u010denstv\u00ed (EHS).<\/p>\n<p style=\"text-align: justify;\"><strong>EEA:<\/strong> Evropsk\u00fd hospod\u00e1\u0159sk\u00fd prostor (EU + Island, Lichten\u0161tejnsko a Norsko).<\/p>\n<p style=\"text-align: justify;\"><strong>EINECS:<\/strong> Evropsk\u00fd seznam existuj\u00edc\u00edch obchodovan\u00fdch chemick\u00fdch l\u00e1tek.<\/p>\n<p style=\"text-align: justify;\"><strong>ELINCS:<\/strong> Evropsk\u00fd seznam ozn\u00e1men\u00fdch chemick\u00fdch l\u00e1tek.<\/p>\n<p style=\"text-align: justify;\"><strong>EN:<\/strong> Evropsk\u00e1 norma.<\/p>\n<p style=\"text-align: justify;\"><strong>EU:<\/strong> Evropsk\u00e1 unie.<\/p>\n<p style=\"text-align: justify;\"><strong>EuPCS:<\/strong> <a href=\"https:\/\/www.msds-europe.com\/cs\/eupcs-identifikovana-pouziti-pcn\/\">Evropsk\u00fd syst\u00e9m kategorizace v\u00fdrobk\u016f<\/a>.<\/p>\n<p style=\"text-align: justify;\"><strong>EWC:<\/strong> Evropsk\u00fd katalog odpad\u016f (nahrazeno LoW \u2013 viz n\u00ed\u017ee).<\/p>\n<p style=\"text-align: justify;\"><strong>GHS:<\/strong> Glob\u00e1ln\u011b harmonizovan\u00fd syst\u00e9m klasifikace a ozna\u010dov\u00e1n\u00ed chemick\u00fdch l\u00e1tek.<\/p>\n<p style=\"text-align: justify;\"><strong>IATA:<\/strong> Mezin\u00e1rodn\u00ed asociace leteck\u00fdch dopravc\u016f.<\/p>\n<p style=\"text-align: justify;\"><strong>ICAO-TI:<\/strong> Technick\u00e9 pokyny pro bezpe\u010dnou leteckou p\u0159epravu nebezpe\u010dn\u00e9ho zbo\u017e\u00ed.<\/p>\n<p style=\"text-align: justify;\"><strong>IMDG:<\/strong> Mezin\u00e1rodn\u00ed n\u00e1mo\u0159n\u00ed kodex pro p\u0159epravu nebezpe\u010dn\u00e9ho zbo\u017e\u00ed.<\/p>\n<p style=\"text-align: justify;\"><strong>IMO:<\/strong> Mezin\u00e1rodn\u00ed n\u00e1mo\u0159n\u00ed organizace.<\/p>\n<p style=\"text-align: justify;\"><strong>IMSBC:<\/strong> Mezin\u00e1rodn\u00ed n\u00e1mo\u0159n\u00ed kodex pro p\u0159epravu pevn\u00fdch hromadn\u00fdch n\u00e1klad\u016f.<\/p>\n<p style=\"text-align: justify;\"><strong>IUCLID:<\/strong> Mezin\u00e1rodn\u00ed jednotn\u00e1 chemick\u00e1 informa\u010dn\u00ed datab\u00e1ze.<\/p>\n<p style=\"text-align: justify;\"><strong>IUPAC:<\/strong> Mezin\u00e1rodn\u00ed unie pro \u010distou a u\u017eitou chemii.<\/p>\n<p style=\"text-align: justify;\"><strong>Kow:<\/strong> Rozd\u011blovac\u00ed koeficient n-oktanol\/voda.<\/p>\n<p style=\"text-align: justify;\"><strong>LC50:<\/strong> Smrteln\u00e1 koncentrace vedouc\u00ed k 50% \u00famrtnosti.<\/p>\n<p style=\"text-align: justify;\"><strong>LD50:<\/strong> Smrteln\u00e1 d\u00e1vka vedouc\u00ed k 50% \u00famrtnosti (st\u0159edn\u00ed smrteln\u00e1 d\u00e1vka).<\/p>\n<p style=\"text-align: justify;\"><strong>LoW:<\/strong> Seznam odpad\u016f.<\/p>\n<p style=\"text-align: justify;\"><strong>LOEC:<\/strong> Nejni\u017e\u0161\u00ed koncentrace s pozorovan\u00fdm \u00fa\u010dinkem.<\/p>\n<p style=\"text-align: justify;\"><strong>LOEL:<\/strong> Nejni\u017e\u0161\u00ed d\u00e1vka s pozorovan\u00fdm \u00fa\u010dinkem.<\/p>\n<p style=\"text-align: justify;\"><strong>NOEC:<\/strong> Koncentrace bez pozorovan\u00fdch \u00fa\u010dink\u016f.<\/p>\n<p style=\"text-align: justify;\"><strong>NOEL:<\/strong> \u00darove\u0148 bez pozorovan\u00fdch \u00fa\u010dink\u016f.<\/p>\n<p style=\"text-align: justify;\"><strong>NOAEC:<\/strong> Koncentrace bez pozorovan\u00e9ho nep\u0159\u00edzniv\u00e9ho \u00fa\u010dinku.<\/p>\n<p style=\"text-align: justify;\"><strong>NOAEL:<\/strong> Hodnota d\u00e1vky bez pozorovan\u00e9ho nep\u0159\u00edzniv\u00e9ho \u00fa\u010dinku.<\/p>\n<p style=\"text-align: justify;\"><strong>OECD:<\/strong> Organizace pro hospod\u00e1\u0159skou spolupr\u00e1ci a rozvoj.<\/p>\n<p style=\"text-align: justify;\"><strong>OSHA:<\/strong> \u00da\u0159ad pro bezpe\u010dnost a ochranu zdrav\u00ed p\u0159i pr\u00e1ci.<\/p>\n<p style=\"text-align: justify;\"><strong>PBT:<\/strong> Perzistentn\u00ed, bioakumulativn\u00ed a toxick\u00fd.<\/p>\n<p style=\"text-align: justify;\"><strong>PNEC:<\/strong> Odhadovan\u00e1 koncentrace, p\u0159i kter\u00e9 nedoch\u00e1z\u00ed k nep\u0159\u00edzniv\u00fdm \u00fa\u010dink\u016fm.<\/p>\n<p style=\"text-align: justify;\"><strong>QSAR:<\/strong> Kvantitativn\u00ed vztahy mezi strukturou a aktivitou.<\/p>\n<p style=\"text-align: justify;\"><strong>REACH:<\/strong> Na\u0159\u00edzen\u00ed (ES) \u010d. 1907\/2006 o registraci, hodnocen\u00ed, povolov\u00e1n\u00ed a omezov\u00e1n\u00ed chemick\u00fdch l\u00e1tek (REACH).<\/p>\n<p style=\"text-align: justify;\"><strong>RID:<\/strong> \u0158\u00e1d pro mezin\u00e1rodn\u00ed \u017eelezni\u010dn\u00ed p\u0159epravu nebezpe\u010dn\u00fdch v\u011bc\u00ed.<\/p>\n<p style=\"text-align: justify;\"><strong>SCBA:<\/strong> Samostatn\u00fd d\u00fdchac\u00ed p\u0159\u00edstroj.<\/p>\n<p style=\"text-align: justify;\"><strong>SDS:<\/strong> Bezpe\u010dnostn\u00ed list.<\/p>\n<p style=\"text-align: justify;\"><strong>STOT:<\/strong> Toxicita pro specifick\u00e9 c\u00edlov\u00e9 org\u00e1ny.<\/p>\n<p style=\"text-align: justify;\"><strong>SVHC:<\/strong> L\u00e1tky vzbuzuj\u00edc\u00ed velmi velk\u00e9 obavy (SVHC).<\/p>\n<p style=\"text-align: justify;\"><strong>UN:<\/strong> Organizace spojen\u00fdch n\u00e1rod\u016f.<\/p>\n<p style=\"text-align: justify;\"><strong>UVCB:<\/strong> Chemick\u00e9 l\u00e1tky s nezn\u00e1m\u00fdm nebo prom\u011bnliv\u00fdm slo\u017een\u00edm, komplexn\u00edmi reak\u010dn\u00edmi produkty a biologick\u00fdm materi\u00e1lem.<\/p>\n<p style=\"text-align: justify;\"><strong>VOC:<\/strong> T\u011bkav\u00e9 organick\u00e9 slou\u010deniny.<\/p>\n<p style=\"text-align: justify;\"><strong>vPvB:<\/strong> Velmi perzistentn\u00ed a velmi bioakumulativn\u00ed.<\/p>\n<p>&nbsp;<\/p>\n<h4><span style=\"color: #333333;\">Nab\u00edzen\u00e9 slu\u017eby<\/span><\/h4>\n<ul>\n<li><a href=\"https:\/\/www.msds-europe.com\/cs\/preklad-bezpecnostniho-listu\/\">P\u0159eklad bezpe\u010dnostn\u00edho listu<\/a><\/li>\n<li><a href=\"https:\/\/www.msds-europe.com\/cs\/bezpecnostni-list-revize-aktualizace\/\">Revize a aktualizace bezpe\u010dnostn\u00edch list\u016f<\/a><\/li>\n<li><a href=\"https:\/\/www.msds-europe.com\/cs\/sestaveni-vytvoreni-bezpecnostniho-listu\/\">Sestaven\u00ed a vytvo\u0159en\u00ed bezpe\u010dnostn\u00edho listu<\/a><\/li>\n<li><a href=\"https:\/\/www.msds-europe.com\/cs\/ufi-sluzby\/#oznamovani-smesi-portalu-pcn\">Oznamov\u00e1n\u00ed sm\u011bs\u00ed prost\u0159ednictv\u00edm port\u00e1lu PCN<\/a><\/li>\n<\/ul>\n<p>&nbsp;<\/p>\n<h4><span style=\"color: #333333;\">U\u017eite\u010dn\u00e9 informace<\/span><\/h4>\n<ul>\n<li><a href=\"https:\/\/www.msds-europe.com\/cs\/obsahove-a-formalni-prvky-bezpecnostniho-listu\/\">Obsahov\u00e9 a form\u00e1ln\u00ed prvky bezpe\u010dnostn\u00edho listu<\/a><\/li>\n<li><a href=\"https:\/\/www.msds-europe.com\/cs\/standardni-vety-o-nebezpecnosti-h\/\">Standardn\u00ed v\u011bty o nebezpe\u010dnosti<\/a><\/li>\n<li><a href=\"https:\/\/www.msds-europe.com\/cs\/pokyny-pro-bezpecne-zachazeni\/\">Pokyny pro bezpe\u010dn\u00e9 zach\u00e1zen\u00ed<\/a><\/li>\n<\/ul>\n<p>&nbsp;<\/p>\n","protected":false},"excerpt":{"rendered":"<p>&nbsp; MSDS-Europe &#8211; Z\u00e1kladna v\u011bdomost\u00ed pro bezpe\u010dnostn\u00ed listy \u2013 Zkratky a akronymy v bezpe\u010dnostn\u00edch listech &nbsp; V odd\u00edlu 16 bezpe\u010dnostn\u00edho listu (Dal\u0161\u00ed informace) mus\u00ed b\u00fdt uvedeno vysv\u011btlen\u00ed a \u00fapln\u00e9 zn\u011bn\u00ed v\u0161ech zkratek a akronym\u016f pou\u017eit\u00fdch v dokumentu. &nbsp; Nej\u010dast\u011bj\u0161\u00ed zkratky a akronymy v bezpe\u010dnostn\u00edch listech: EN\u00a0\u00a0I\u00a0\u00a0DE\u00a0\u00a0I\u00a0\u00a0FR\u00a0\u00a0I\u00a0\u00a0ES\u00a0\u00a0I\u00a0\u00a0IT\u00a0\u00a0I\u00a0\u00a0PL\u00a0\u00a0I\u00a0\u00a0CS\u00a0\u00a0I\u00a0\u00a0RO\u00a0\u00a0I\u00a0\u00a0SL\u00a0\u00a0I\u00a0\u00a0SK\u00a0\u00a0I\u00a0\u00a0HU &nbsp; ADN: Evropsk\u00e1 dohoda&#8230;<\/p>\n","protected":false},"author":2,"featured_media":0,"parent":0,"menu_order":0,"comment_status":"closed","ping_status":"closed","template":"","meta":{"_acf_changed":false,"footnotes":""},"tags":[244,358],"class_list":["post-31671","page","type-page","status-publish","hentry","tag-bezpecnostni-list-cs","tag-zakladna-vedomosti-pro-bezpecnostni-listy-cs"],"acf":[],"yoast_head":"<!-- This site is optimized with the Yoast SEO plugin v27.2 - https:\/\/yoast.com\/product\/yoast-seo-wordpress\/ -->\n<title>Zkratky a akronymy v bezpe\u010dnostn\u00edch listech<\/title>\n<meta name=\"description\" content=\"Odborn\u00fd pr\u016fvodce nej\u010dast\u011bj\u0161\u00edmi zkratkami a akronymy pou\u017e\u00edvan\u00fdmi v bezpe\u010dnostn\u00edch listech (SDS) s jasn\u00fdmi definicemi a vysv\u011btlen\u00edmi.\" \/>\n<meta name=\"robots\" content=\"index, follow, max-snippet:-1, max-image-preview:large, max-video-preview:-1\" \/>\n<link rel=\"canonical\" href=\"https:\/\/www.msds-europe.com\/cs\/sds-zkratky-akronymy\/\" \/>\n<meta property=\"og:locale\" content=\"cs_CZ\" \/>\n<meta property=\"og:type\" content=\"article\" \/>\n<meta property=\"og:title\" content=\"Zkratky a akronymy v bezpe\u010dnostn\u00edch listech\" \/>\n<meta property=\"og:description\" content=\"Odborn\u00fd pr\u016fvodce nej\u010dast\u011bj\u0161\u00edmi zkratkami a akronymy pou\u017e\u00edvan\u00fdmi v bezpe\u010dnostn\u00edch listech (SDS) s jasn\u00fdmi definicemi a vysv\u011btlen\u00edmi.\" \/>\n<meta property=\"og:url\" content=\"https:\/\/www.msds-europe.com\/cs\/sds-zkratky-akronymy\/\" \/>\n<meta property=\"og:site_name\" content=\"MSDS Europe\" \/>\n<meta property=\"article:publisher\" content=\"https:\/\/www.facebook.com\/toxinfokft\/\" \/>\n<meta property=\"article:modified_time\" content=\"2026-02-23T07:51:16+00:00\" \/>\n<meta name=\"twitter:card\" content=\"summary_large_image\" \/>\n<meta name=\"twitter:site\" content=\"@ToxInfoKft\" \/>\n<meta name=\"twitter:label1\" content=\"Odhadovan\u00e1 doba \u010dten\u00ed\" \/>\n\t<meta name=\"twitter:data1\" content=\"3 minuty\" \/>\n<script type=\"application\/ld+json\" class=\"yoast-schema-graph\">{\"@context\":\"https:\/\/schema.org\",\"@graph\":[{\"@type\":\"WebPage\",\"@id\":\"https:\/\/www.msds-europe.com\/cs\/sds-zkratky-akronymy\/\",\"url\":\"https:\/\/www.msds-europe.com\/cs\/sds-zkratky-akronymy\/\",\"name\":\"Zkratky a akronymy v bezpe\u010dnostn\u00edch listech\",\"isPartOf\":{\"@id\":\"https:\/\/www.msds-europe.com\/es\/#website\"},\"datePublished\":\"2025-04-26T14:32:45+00:00\",\"dateModified\":\"2026-02-23T07:51:16+00:00\",\"description\":\"Odborn\u00fd pr\u016fvodce nej\u010dast\u011bj\u0161\u00edmi zkratkami a akronymy pou\u017e\u00edvan\u00fdmi v bezpe\u010dnostn\u00edch listech (SDS) s jasn\u00fdmi definicemi a vysv\u011btlen\u00edmi.\",\"breadcrumb\":{\"@id\":\"https:\/\/www.msds-europe.com\/cs\/sds-zkratky-akronymy\/#breadcrumb\"},\"inLanguage\":\"cs\",\"potentialAction\":[{\"@type\":\"ReadAction\",\"target\":[\"https:\/\/www.msds-europe.com\/cs\/sds-zkratky-akronymy\/\"]}]},{\"@type\":\"BreadcrumbList\",\"@id\":\"https:\/\/www.msds-europe.com\/cs\/sds-zkratky-akronymy\/#breadcrumb\",\"itemListElement\":[{\"@type\":\"ListItem\",\"position\":1,\"name\":\"F\u0151oldal\",\"item\":\"https:\/\/www.msds-europe.com\/cs\/\"},{\"@type\":\"ListItem\",\"position\":2,\"name\":\"Zkratky a akronymy v bezpe\u010dnostn\u00edch listech\"}]},{\"@type\":\"WebSite\",\"@id\":\"https:\/\/www.msds-europe.com\/es\/#website\",\"url\":\"https:\/\/www.msds-europe.com\/es\/\",\"name\":\"MSDS Europe\",\"description\":\"\",\"publisher\":{\"@id\":\"https:\/\/www.msds-europe.com\/es\/#organization\"},\"potentialAction\":[{\"@type\":\"SearchAction\",\"target\":{\"@type\":\"EntryPoint\",\"urlTemplate\":\"https:\/\/www.msds-europe.com\/es\/?s={search_term_string}\"},\"query-input\":{\"@type\":\"PropertyValueSpecification\",\"valueRequired\":true,\"valueName\":\"search_term_string\"}}],\"inLanguage\":\"cs\"},{\"@type\":\"Organization\",\"@id\":\"https:\/\/www.msds-europe.com\/es\/#organization\",\"name\":\"MSDS-Europe International branch of ToxInfo\",\"url\":\"https:\/\/www.msds-europe.com\/es\/\",\"logo\":{\"@type\":\"ImageObject\",\"inLanguage\":\"cs\",\"@id\":\"https:\/\/www.msds-europe.com\/es\/#\/schema\/logo\/image\/\",\"url\":\"https:\/\/www.msds-europe.com\/wp-content\/uploads\/2021\/04\/msds-europe-logo.jpg\",\"contentUrl\":\"https:\/\/www.msds-europe.com\/wp-content\/uploads\/2021\/04\/msds-europe-logo.jpg\",\"width\":2296,\"height\":1067,\"caption\":\"MSDS-Europe International branch of ToxInfo\"},\"image\":{\"@id\":\"https:\/\/www.msds-europe.com\/es\/#\/schema\/logo\/image\/\"},\"sameAs\":[\"https:\/\/www.facebook.com\/toxinfokft\/\",\"https:\/\/x.com\/ToxInfoKft\"]}]}<\/script>\n<!-- \/ Yoast SEO plugin. -->","yoast_head_json":{"title":"Zkratky a akronymy v bezpe\u010dnostn\u00edch listech","description":"Odborn\u00fd pr\u016fvodce nej\u010dast\u011bj\u0161\u00edmi zkratkami a akronymy pou\u017e\u00edvan\u00fdmi v bezpe\u010dnostn\u00edch listech (SDS) s jasn\u00fdmi definicemi a vysv\u011btlen\u00edmi.","robots":{"index":"index","follow":"follow","max-snippet":"max-snippet:-1","max-image-preview":"max-image-preview:large","max-video-preview":"max-video-preview:-1"},"canonical":"https:\/\/www.msds-europe.com\/cs\/sds-zkratky-akronymy\/","og_locale":"cs_CZ","og_type":"article","og_title":"Zkratky a akronymy v bezpe\u010dnostn\u00edch listech","og_description":"Odborn\u00fd pr\u016fvodce nej\u010dast\u011bj\u0161\u00edmi zkratkami a akronymy pou\u017e\u00edvan\u00fdmi v bezpe\u010dnostn\u00edch listech (SDS) s jasn\u00fdmi definicemi a vysv\u011btlen\u00edmi.","og_url":"https:\/\/www.msds-europe.com\/cs\/sds-zkratky-akronymy\/","og_site_name":"MSDS Europe","article_publisher":"https:\/\/www.facebook.com\/toxinfokft\/","article_modified_time":"2026-02-23T07:51:16+00:00","twitter_card":"summary_large_image","twitter_site":"@ToxInfoKft","twitter_misc":{"Odhadovan\u00e1 doba \u010dten\u00ed":"3 minuty"},"schema":{"@context":"https:\/\/schema.org","@graph":[{"@type":"WebPage","@id":"https:\/\/www.msds-europe.com\/cs\/sds-zkratky-akronymy\/","url":"https:\/\/www.msds-europe.com\/cs\/sds-zkratky-akronymy\/","name":"Zkratky a akronymy v bezpe\u010dnostn\u00edch listech","isPartOf":{"@id":"https:\/\/www.msds-europe.com\/es\/#website"},"datePublished":"2025-04-26T14:32:45+00:00","dateModified":"2026-02-23T07:51:16+00:00","description":"Odborn\u00fd pr\u016fvodce nej\u010dast\u011bj\u0161\u00edmi zkratkami a akronymy pou\u017e\u00edvan\u00fdmi v bezpe\u010dnostn\u00edch listech (SDS) s jasn\u00fdmi definicemi a vysv\u011btlen\u00edmi.","breadcrumb":{"@id":"https:\/\/www.msds-europe.com\/cs\/sds-zkratky-akronymy\/#breadcrumb"},"inLanguage":"cs","potentialAction":[{"@type":"ReadAction","target":["https:\/\/www.msds-europe.com\/cs\/sds-zkratky-akronymy\/"]}]},{"@type":"BreadcrumbList","@id":"https:\/\/www.msds-europe.com\/cs\/sds-zkratky-akronymy\/#breadcrumb","itemListElement":[{"@type":"ListItem","position":1,"name":"F\u0151oldal","item":"https:\/\/www.msds-europe.com\/cs\/"},{"@type":"ListItem","position":2,"name":"Zkratky a akronymy v bezpe\u010dnostn\u00edch listech"}]},{"@type":"WebSite","@id":"https:\/\/www.msds-europe.com\/es\/#website","url":"https:\/\/www.msds-europe.com\/es\/","name":"MSDS Europe","description":"","publisher":{"@id":"https:\/\/www.msds-europe.com\/es\/#organization"},"potentialAction":[{"@type":"SearchAction","target":{"@type":"EntryPoint","urlTemplate":"https:\/\/www.msds-europe.com\/es\/?s={search_term_string}"},"query-input":{"@type":"PropertyValueSpecification","valueRequired":true,"valueName":"search_term_string"}}],"inLanguage":"cs"},{"@type":"Organization","@id":"https:\/\/www.msds-europe.com\/es\/#organization","name":"MSDS-Europe International branch of ToxInfo","url":"https:\/\/www.msds-europe.com\/es\/","logo":{"@type":"ImageObject","inLanguage":"cs","@id":"https:\/\/www.msds-europe.com\/es\/#\/schema\/logo\/image\/","url":"https:\/\/www.msds-europe.com\/wp-content\/uploads\/2021\/04\/msds-europe-logo.jpg","contentUrl":"https:\/\/www.msds-europe.com\/wp-content\/uploads\/2021\/04\/msds-europe-logo.jpg","width":2296,"height":1067,"caption":"MSDS-Europe International branch of ToxInfo"},"image":{"@id":"https:\/\/www.msds-europe.com\/es\/#\/schema\/logo\/image\/"},"sameAs":["https:\/\/www.facebook.com\/toxinfokft\/","https:\/\/x.com\/ToxInfoKft"]}]}},"_links":{"self":[{"href":"https:\/\/www.msds-europe.com\/cs\/wp-json\/wp\/v2\/pages\/31671","targetHints":{"allow":["GET"]}}],"collection":[{"href":"https:\/\/www.msds-europe.com\/cs\/wp-json\/wp\/v2\/pages"}],"about":[{"href":"https:\/\/www.msds-europe.com\/cs\/wp-json\/wp\/v2\/types\/page"}],"author":[{"embeddable":true,"href":"https:\/\/www.msds-europe.com\/cs\/wp-json\/wp\/v2\/users\/2"}],"replies":[{"embeddable":true,"href":"https:\/\/www.msds-europe.com\/cs\/wp-json\/wp\/v2\/comments?post=31671"}],"version-history":[{"count":8,"href":"https:\/\/www.msds-europe.com\/cs\/wp-json\/wp\/v2\/pages\/31671\/revisions"}],"predecessor-version":[{"id":37396,"href":"https:\/\/www.msds-europe.com\/cs\/wp-json\/wp\/v2\/pages\/31671\/revisions\/37396"}],"wp:attachment":[{"href":"https:\/\/www.msds-europe.com\/cs\/wp-json\/wp\/v2\/media?parent=31671"}],"wp:term":[{"taxonomy":"post_tag","embeddable":true,"href":"https:\/\/www.msds-europe.com\/cs\/wp-json\/wp\/v2\/tags?post=31671"}],"curies":[{"name":"wp","href":"https:\/\/api.w.org\/{rel}","templated":true}]}}