{"id":24805,"date":"2021-03-03T10:26:03","date_gmt":"2021-03-03T10:26:03","guid":{"rendered":"https:\/\/www.msds-europe.com\/?page_id=24805"},"modified":"2026-02-18T14:16:30","modified_gmt":"2026-02-18T14:16:30","slug":"program-zakaznicke-podpory-spolecnosti","status":"publish","type":"page","link":"https:\/\/www.msds-europe.com\/cs\/program-zakaznicke-podpory-spolecnosti\/","title":{"rendered":"Program z\u00e1kaznick\u00e9 podpory spole\u010dnosti MSDS-Europe"},"content":{"rendered":"<p style=\"text-align: justify;\"><em>proto\u017ee chemick\u00e1 bezpe\u010dnost je zalo\u017eena na d\u016fv\u011b\u0159e\u2026<\/em><\/p>\n<p style=\"text-align: right;\"><em><a href=\"https:\/\/www.msds-europe.com\/cs\/\">MSDS-Europe<\/a> \u2013 Program z\u00e1kaznick\u00e9 podpory spole\u010dnosti MSDS-Europe<\/em><\/p>\n<p><img decoding=\"async\" class=\"alignnone size-medium wp-image-24808 alignright\" src=\"https:\/\/www.msds-europe.com\/wp-content\/uploads\/2021\/03\/Program-zakaznicke-podpory-spolecnosti-MSDS-Europe-300x268.jpg\" alt=\"\" width=\"300\" height=\"268\" srcset=\"https:\/\/www.msds-europe.com\/wp-content\/uploads\/2021\/03\/Program-zakaznicke-podpory-spolecnosti-MSDS-Europe-300x268.jpg 300w, https:\/\/www.msds-europe.com\/wp-content\/uploads\/2021\/03\/Program-zakaznicke-podpory-spolecnosti-MSDS-Europe.jpg 586w\" sizes=\"(max-width: 300px) 100vw, 300px\" \/><\/p>\n<p>&nbsp;<\/p>\n<h2 style=\"text-align: justify;\"><span style=\"color: #333333;\">C\u00edl na\u0161eho programu z\u00e1kaznick\u00e9 podpory<\/span><\/h2>\n<p style=\"text-align: justify;\">V\u011b\u0159\u00edme, \u017ee vysoce kvalitn\u00edch slu\u017eeb v oblasti chemick\u00e9 bezpe\u010dnosti lze dos\u00e1hnout pouze d\u00edky \u00fazk\u00e9mu kontaktu a dobr\u00e9 komunikaci. V n\u00e1vaznosti na n\u00e1\u0161 p\u0159\u00edstup zam\u011b\u0159en\u00fd na z\u00e1kazn\u00edka, kter\u00fd v\u017edy definoval firemn\u00ed kulturu spole\u010dnosti MSDS-Europe, jsme vytvo\u0159ili program z\u00e1kaznick\u00e9 podpory, abychom zajistili, \u017ee se v\u0161ichni na\u0161i z\u00e1kazn\u00edci budou moci spolehnout na dlouhodob\u00e9 v\u00fdhody, kter\u00e9 nab\u00edz\u00edme. Podpora ze strany poskytovatele slu\u017eeb nekon\u010d\u00ed dokon\u010den\u00edm objedn\u00e1vky.<\/p>\n<p>&nbsp;<\/p>\n<h2 style=\"text-align: justify;\">Status kl\u00ed\u010dov\u00e9ho klienta<\/h2>\n<p style=\"text-align: justify;\">Ur\u010den\u00edm osobn\u00ed kontaktn\u00ed osoby zefektiv\u0148ujeme na\u0161i budouc\u00ed spolupr\u00e1ci a poskytujeme v\u00e1m kvalitn\u011bj\u0161\u00ed asistenci v oblasti chemick\u00e9 bezpe\u010dnosti.<\/p>\n<p>&nbsp;<\/p>\n<h3 style=\"text-align: justify;\">V\u00fdhody osobn\u00ed kontaktn\u00ed osoby<\/h3>\n<ul>\n<li style=\"text-align: justify;\">V p\u0159\u00edpad\u011b odborn\u00e9ho dotazu v\u00e1m osobn\u00ed kontaktn\u00ed osoba poskytne odpov\u011b\u010f.<\/li>\n<li style=\"text-align: justify;\">Cel\u00fd proces objedn\u00e1vky vy\u0159izuje jedna osoba, kter\u00e1 v\u00e1s m\u016f\u017ee kdykoli informovat o aktu\u00e1ln\u00edm stavu.<\/li>\n<li style=\"text-align: justify;\">Va\u0161e kontaktn\u00ed osoba v\u00e1m m\u016f\u017ee poskytnout personalizovan\u00e1 doporu\u010den\u00ed.<\/li>\n<li style=\"text-align: justify;\">Pln\u011bn\u00ed objedn\u00e1vek je p\u0159izp\u016fsobeno va\u0161im po\u017eadavk\u016fm.<\/li>\n<li style=\"text-align: justify;\">Administrativn\u00ed pomoc i p\u0159i p\u0159\u00edprav\u011b objedn\u00e1vky (nap\u0159. porovn\u00e1n\u00ed st\u00e1vaj\u00edc\u00edch bezpe\u010dnostn\u00edch list\u016f a n\u00e1vrh\u016f \u0161t\u00edtk\u016f s produktov\u00fdm portfoliem).<\/li>\n<\/ul>\n<p>&nbsp;<\/p>\n<h3 style=\"text-align: justify;\">Odlo\u017een\u00e1 platba<\/h3>\n<ul>\n<li style=\"text-align: justify;\">Nam\u00edsto proforma faktury sta\u010d\u00ed zaplatit a\u017e po dokon\u010den\u00ed objedn\u00e1vky.<\/li>\n<li style=\"text-align: justify;\">Individu\u00e1ln\u00ed splatnost faktury.<\/li>\n<\/ul>\n<p>&nbsp;<\/p>\n<h3 style=\"text-align: justify;\">Garantovan\u00e9 ceny<\/h3>\n<ul>\n<li style=\"text-align: justify;\">Na po\u017e\u00e1d\u00e1n\u00ed na\u0161im kl\u00ed\u010dov\u00fdm klient\u016fm garantujeme ceny v r\u00e1mcov\u00e9 smlouv\u011b, co\u017e zaji\u0161\u0165uje nem\u011bnn\u00e9 ceny a mno\u017estevn\u00ed slevy po cel\u00fd rok.<\/li>\n<\/ul>\n<p>&nbsp;<\/p>\n<h3 style=\"text-align: justify;\">Rychl\u00fd proces objedn\u00e1v\u00e1n\u00ed<\/h3>\n<ul>\n<li style=\"text-align: justify;\">Nam\u00edsto vypl\u0148ov\u00e1n\u00ed obvykl\u00e9ho objedn\u00e1vkov\u00e9ho formul\u00e1\u0159e posta\u010d\u00ed u produkt\u016f poskytnout pouze odborn\u011b relevantn\u00ed a z\u00e1kladn\u00ed \u00fadaje, kter\u00e9 jsou nezbytn\u00e9 k dokon\u010den\u00ed dan\u00e9 objedn\u00e1vky.<\/li>\n<\/ul>\n<p>&nbsp;<\/p>\n<p style=\"text-align: justify;\"><strong>Podm\u00ednky statusu kl\u00ed\u010dov\u00e9ho klienta<\/strong><\/p>\n<p style=\"text-align: justify;\">Bez ohledu na hodnotu zak\u00e1zky v\u00e1m p\u0159i druh\u00e9 objedn\u00e1vce ur\u010d\u00edme osobn\u00ed kontaktn\u00ed osobu. Va\u0161e kontaktn\u00ed osoba v\u00e1s bude kontaktovat a v budoucnu s n\u00ed budete moci \u0159e\u0161it sv\u00e9 z\u00e1le\u017eitosti t\u00fdkaj\u00edc\u00ed se chemick\u00e9 bezpe\u010dnosti.<\/p>\n<p>&nbsp;<\/p>\n<h2 style=\"text-align: justify;\">Mno\u017estevn\u00ed slevy, m\u00e1te-li dlouhodob\u00e9 pl\u00e1ny<\/h2>\n<p style=\"text-align: justify;\"><em>Dlouhodob\u00e1 spolupr\u00e1ce k zaji\u0161t\u011bn\u00ed chemick\u00e9 bezpe\u010dnosti\u2026<\/em><\/p>\n<p style=\"text-align: justify;\">P\u0159i p\u0159\u00edprav\u011b nebo p\u0159ekladu bezpe\u010dnostn\u00edch list\u016f nab\u00edz\u00edme mno\u017estevn\u00ed slevy nejen v p\u0159\u00edpad\u011b jedn\u00e9 soub\u011b\u017en\u00e9 objedn\u00e1vky, ale po uzav\u0159en\u00ed smlouvy tak\u00e9 na bezpe\u010dnostn\u00ed listy objednan\u00e9 v m\u011bs\u00ed\u010dn\u00edch nebo \u010dtvrtletn\u00edch intervalech.<\/p>\n<p style=\"text-align: right;\"><a href=\"https:\/\/www.msds-europe.com\/cs\/bezpecnostni-listy-smluvni-ujednani\/\"><em>Dal\u0161\u00ed informace<\/em><\/a><\/p>\n<p>&nbsp;<\/p>\n","protected":false},"excerpt":{"rendered":"<p>proto\u017ee chemick\u00e1 bezpe\u010dnost je zalo\u017eena na d\u016fv\u011b\u0159e\u2026 MSDS-Europe \u2013 Program z\u00e1kaznick\u00e9 podpory spole\u010dnosti MSDS-Europe &nbsp; C\u00edl na\u0161eho programu z\u00e1kaznick\u00e9 podpory V\u011b\u0159\u00edme, \u017ee vysoce kvalitn\u00edch slu\u017eeb v oblasti chemick\u00e9 bezpe\u010dnosti lze dos\u00e1hnout pouze d\u00edky \u00fazk\u00e9mu kontaktu a dobr\u00e9 komunikaci. V n\u00e1vaznosti na n\u00e1\u0161 p\u0159\u00edstup zam\u011b\u0159en\u00fd na z\u00e1kazn\u00edka, kter\u00fd v\u017edy definoval firemn\u00ed&#8230;<\/p>\n","protected":false},"author":2,"featured_media":0,"parent":0,"menu_order":0,"comment_status":"closed","ping_status":"closed","template":"","meta":{"_acf_changed":false,"footnotes":""},"tags":[],"class_list":["post-24805","page","type-page","status-publish","hentry"],"acf":[],"yoast_head":"<!-- This site is optimized with the Yoast SEO plugin v27.2 - https:\/\/yoast.com\/product\/yoast-seo-wordpress\/ -->\n<title>Program z\u00e1kaznick\u00e9 podpory spole\u010dnosti MSDS-Europe<\/title>\n<meta name=\"description\" content=\"Z\u00e1kaznick\u00e1 podpora spole\u010dnosti MSDS-Europe, k zaji\u0161t\u011bn\u00ed nejvy\u0161\u0161\u00ed kvality slu\u017eeb pro na\u0161e z\u00e1kazn\u00edky. Zjist\u011bte o tom v\u00edce!\" \/>\n<meta name=\"robots\" content=\"index, follow, max-snippet:-1, max-image-preview:large, max-video-preview:-1\" \/>\n<link rel=\"canonical\" href=\"https:\/\/www.msds-europe.com\/cs\/program-zakaznicke-podpory-spolecnosti\/\" \/>\n<meta property=\"og:locale\" content=\"cs_CZ\" \/>\n<meta property=\"og:type\" content=\"article\" \/>\n<meta property=\"og:title\" content=\"Program z\u00e1kaznick\u00e9 podpory spole\u010dnosti MSDS-Europe\" \/>\n<meta property=\"og:description\" content=\"Z\u00e1kaznick\u00e1 podpora spole\u010dnosti MSDS-Europe, k zaji\u0161t\u011bn\u00ed nejvy\u0161\u0161\u00ed kvality slu\u017eeb pro na\u0161e z\u00e1kazn\u00edky. Zjist\u011bte o tom v\u00edce!\" \/>\n<meta property=\"og:url\" content=\"https:\/\/www.msds-europe.com\/cs\/program-zakaznicke-podpory-spolecnosti\/\" \/>\n<meta property=\"og:site_name\" content=\"MSDS Europe\" \/>\n<meta property=\"article:publisher\" content=\"https:\/\/www.facebook.com\/toxinfokft\/\" \/>\n<meta property=\"article:modified_time\" content=\"2026-02-18T14:16:30+00:00\" \/>\n<meta property=\"og:image\" content=\"https:\/\/www.msds-europe.com\/wp-content\/uploads\/2021\/03\/Program-zakaznicke-podpory-spolecnosti-MSDS-Europe-300x268.jpg\" \/>\n<meta name=\"twitter:card\" content=\"summary_large_image\" \/>\n<meta name=\"twitter:site\" content=\"@ToxInfoKft\" \/>\n<meta name=\"twitter:label1\" content=\"Odhadovan\u00e1 doba \u010dten\u00ed\" \/>\n\t<meta name=\"twitter:data1\" content=\"2 minuty\" \/>\n<script type=\"application\/ld+json\" class=\"yoast-schema-graph\">{\"@context\":\"https:\/\/schema.org\",\"@graph\":[{\"@type\":\"WebPage\",\"@id\":\"https:\/\/www.msds-europe.com\/cs\/program-zakaznicke-podpory-spolecnosti\/\",\"url\":\"https:\/\/www.msds-europe.com\/cs\/program-zakaznicke-podpory-spolecnosti\/\",\"name\":\"Program z\u00e1kaznick\u00e9 podpory spole\u010dnosti MSDS-Europe\",\"isPartOf\":{\"@id\":\"https:\/\/www.msds-europe.com\/es\/#website\"},\"primaryImageOfPage\":{\"@id\":\"https:\/\/www.msds-europe.com\/cs\/program-zakaznicke-podpory-spolecnosti\/#primaryimage\"},\"image\":{\"@id\":\"https:\/\/www.msds-europe.com\/cs\/program-zakaznicke-podpory-spolecnosti\/#primaryimage\"},\"thumbnailUrl\":\"https:\/\/www.msds-europe.com\/wp-content\/uploads\/2021\/03\/Program-zakaznicke-podpory-spolecnosti-MSDS-Europe-300x268.jpg\",\"datePublished\":\"2021-03-03T10:26:03+00:00\",\"dateModified\":\"2026-02-18T14:16:30+00:00\",\"description\":\"Z\u00e1kaznick\u00e1 podpora spole\u010dnosti MSDS-Europe, k zaji\u0161t\u011bn\u00ed nejvy\u0161\u0161\u00ed kvality slu\u017eeb pro na\u0161e z\u00e1kazn\u00edky. Zjist\u011bte o tom v\u00edce!\",\"breadcrumb\":{\"@id\":\"https:\/\/www.msds-europe.com\/cs\/program-zakaznicke-podpory-spolecnosti\/#breadcrumb\"},\"inLanguage\":\"cs\",\"potentialAction\":[{\"@type\":\"ReadAction\",\"target\":[\"https:\/\/www.msds-europe.com\/cs\/program-zakaznicke-podpory-spolecnosti\/\"]}]},{\"@type\":\"ImageObject\",\"inLanguage\":\"cs\",\"@id\":\"https:\/\/www.msds-europe.com\/cs\/program-zakaznicke-podpory-spolecnosti\/#primaryimage\",\"url\":\"https:\/\/www.msds-europe.com\/wp-content\/uploads\/2021\/03\/Program-zakaznicke-podpory-spolecnosti-MSDS-Europe-300x268.jpg\",\"contentUrl\":\"https:\/\/www.msds-europe.com\/wp-content\/uploads\/2021\/03\/Program-zakaznicke-podpory-spolecnosti-MSDS-Europe-300x268.jpg\"},{\"@type\":\"BreadcrumbList\",\"@id\":\"https:\/\/www.msds-europe.com\/cs\/program-zakaznicke-podpory-spolecnosti\/#breadcrumb\",\"itemListElement\":[{\"@type\":\"ListItem\",\"position\":1,\"name\":\"F\u0151oldal\",\"item\":\"https:\/\/www.msds-europe.com\/cs\/\"},{\"@type\":\"ListItem\",\"position\":2,\"name\":\"Program z\u00e1kaznick\u00e9 podpory spole\u010dnosti MSDS-Europe\"}]},{\"@type\":\"WebSite\",\"@id\":\"https:\/\/www.msds-europe.com\/es\/#website\",\"url\":\"https:\/\/www.msds-europe.com\/es\/\",\"name\":\"MSDS Europe\",\"description\":\"\",\"publisher\":{\"@id\":\"https:\/\/www.msds-europe.com\/es\/#organization\"},\"potentialAction\":[{\"@type\":\"SearchAction\",\"target\":{\"@type\":\"EntryPoint\",\"urlTemplate\":\"https:\/\/www.msds-europe.com\/es\/?s={search_term_string}\"},\"query-input\":{\"@type\":\"PropertyValueSpecification\",\"valueRequired\":true,\"valueName\":\"search_term_string\"}}],\"inLanguage\":\"cs\"},{\"@type\":\"Organization\",\"@id\":\"https:\/\/www.msds-europe.com\/es\/#organization\",\"name\":\"MSDS-Europe International branch of ToxInfo\",\"url\":\"https:\/\/www.msds-europe.com\/es\/\",\"logo\":{\"@type\":\"ImageObject\",\"inLanguage\":\"cs\",\"@id\":\"https:\/\/www.msds-europe.com\/es\/#\/schema\/logo\/image\/\",\"url\":\"https:\/\/www.msds-europe.com\/wp-content\/uploads\/2021\/04\/msds-europe-logo.jpg\",\"contentUrl\":\"https:\/\/www.msds-europe.com\/wp-content\/uploads\/2021\/04\/msds-europe-logo.jpg\",\"width\":2296,\"height\":1067,\"caption\":\"MSDS-Europe International branch of ToxInfo\"},\"image\":{\"@id\":\"https:\/\/www.msds-europe.com\/es\/#\/schema\/logo\/image\/\"},\"sameAs\":[\"https:\/\/www.facebook.com\/toxinfokft\/\",\"https:\/\/x.com\/ToxInfoKft\"]}]}<\/script>\n<!-- \/ Yoast SEO plugin. -->","yoast_head_json":{"title":"Program z\u00e1kaznick\u00e9 podpory spole\u010dnosti MSDS-Europe","description":"Z\u00e1kaznick\u00e1 podpora spole\u010dnosti MSDS-Europe, k zaji\u0161t\u011bn\u00ed nejvy\u0161\u0161\u00ed kvality slu\u017eeb pro na\u0161e z\u00e1kazn\u00edky. Zjist\u011bte o tom v\u00edce!","robots":{"index":"index","follow":"follow","max-snippet":"max-snippet:-1","max-image-preview":"max-image-preview:large","max-video-preview":"max-video-preview:-1"},"canonical":"https:\/\/www.msds-europe.com\/cs\/program-zakaznicke-podpory-spolecnosti\/","og_locale":"cs_CZ","og_type":"article","og_title":"Program z\u00e1kaznick\u00e9 podpory spole\u010dnosti MSDS-Europe","og_description":"Z\u00e1kaznick\u00e1 podpora spole\u010dnosti MSDS-Europe, k zaji\u0161t\u011bn\u00ed nejvy\u0161\u0161\u00ed kvality slu\u017eeb pro na\u0161e z\u00e1kazn\u00edky. Zjist\u011bte o tom v\u00edce!","og_url":"https:\/\/www.msds-europe.com\/cs\/program-zakaznicke-podpory-spolecnosti\/","og_site_name":"MSDS Europe","article_publisher":"https:\/\/www.facebook.com\/toxinfokft\/","article_modified_time":"2026-02-18T14:16:30+00:00","og_image":[{"url":"https:\/\/www.msds-europe.com\/wp-content\/uploads\/2021\/03\/Program-zakaznicke-podpory-spolecnosti-MSDS-Europe-300x268.jpg","type":"","width":"","height":""}],"twitter_card":"summary_large_image","twitter_site":"@ToxInfoKft","twitter_misc":{"Odhadovan\u00e1 doba \u010dten\u00ed":"2 minuty"},"schema":{"@context":"https:\/\/schema.org","@graph":[{"@type":"WebPage","@id":"https:\/\/www.msds-europe.com\/cs\/program-zakaznicke-podpory-spolecnosti\/","url":"https:\/\/www.msds-europe.com\/cs\/program-zakaznicke-podpory-spolecnosti\/","name":"Program z\u00e1kaznick\u00e9 podpory spole\u010dnosti MSDS-Europe","isPartOf":{"@id":"https:\/\/www.msds-europe.com\/es\/#website"},"primaryImageOfPage":{"@id":"https:\/\/www.msds-europe.com\/cs\/program-zakaznicke-podpory-spolecnosti\/#primaryimage"},"image":{"@id":"https:\/\/www.msds-europe.com\/cs\/program-zakaznicke-podpory-spolecnosti\/#primaryimage"},"thumbnailUrl":"https:\/\/www.msds-europe.com\/wp-content\/uploads\/2021\/03\/Program-zakaznicke-podpory-spolecnosti-MSDS-Europe-300x268.jpg","datePublished":"2021-03-03T10:26:03+00:00","dateModified":"2026-02-18T14:16:30+00:00","description":"Z\u00e1kaznick\u00e1 podpora spole\u010dnosti MSDS-Europe, k zaji\u0161t\u011bn\u00ed nejvy\u0161\u0161\u00ed kvality slu\u017eeb pro na\u0161e z\u00e1kazn\u00edky. Zjist\u011bte o tom v\u00edce!","breadcrumb":{"@id":"https:\/\/www.msds-europe.com\/cs\/program-zakaznicke-podpory-spolecnosti\/#breadcrumb"},"inLanguage":"cs","potentialAction":[{"@type":"ReadAction","target":["https:\/\/www.msds-europe.com\/cs\/program-zakaznicke-podpory-spolecnosti\/"]}]},{"@type":"ImageObject","inLanguage":"cs","@id":"https:\/\/www.msds-europe.com\/cs\/program-zakaznicke-podpory-spolecnosti\/#primaryimage","url":"https:\/\/www.msds-europe.com\/wp-content\/uploads\/2021\/03\/Program-zakaznicke-podpory-spolecnosti-MSDS-Europe-300x268.jpg","contentUrl":"https:\/\/www.msds-europe.com\/wp-content\/uploads\/2021\/03\/Program-zakaznicke-podpory-spolecnosti-MSDS-Europe-300x268.jpg"},{"@type":"BreadcrumbList","@id":"https:\/\/www.msds-europe.com\/cs\/program-zakaznicke-podpory-spolecnosti\/#breadcrumb","itemListElement":[{"@type":"ListItem","position":1,"name":"F\u0151oldal","item":"https:\/\/www.msds-europe.com\/cs\/"},{"@type":"ListItem","position":2,"name":"Program z\u00e1kaznick\u00e9 podpory spole\u010dnosti MSDS-Europe"}]},{"@type":"WebSite","@id":"https:\/\/www.msds-europe.com\/es\/#website","url":"https:\/\/www.msds-europe.com\/es\/","name":"MSDS Europe","description":"","publisher":{"@id":"https:\/\/www.msds-europe.com\/es\/#organization"},"potentialAction":[{"@type":"SearchAction","target":{"@type":"EntryPoint","urlTemplate":"https:\/\/www.msds-europe.com\/es\/?s={search_term_string}"},"query-input":{"@type":"PropertyValueSpecification","valueRequired":true,"valueName":"search_term_string"}}],"inLanguage":"cs"},{"@type":"Organization","@id":"https:\/\/www.msds-europe.com\/es\/#organization","name":"MSDS-Europe International branch of ToxInfo","url":"https:\/\/www.msds-europe.com\/es\/","logo":{"@type":"ImageObject","inLanguage":"cs","@id":"https:\/\/www.msds-europe.com\/es\/#\/schema\/logo\/image\/","url":"https:\/\/www.msds-europe.com\/wp-content\/uploads\/2021\/04\/msds-europe-logo.jpg","contentUrl":"https:\/\/www.msds-europe.com\/wp-content\/uploads\/2021\/04\/msds-europe-logo.jpg","width":2296,"height":1067,"caption":"MSDS-Europe International branch of ToxInfo"},"image":{"@id":"https:\/\/www.msds-europe.com\/es\/#\/schema\/logo\/image\/"},"sameAs":["https:\/\/www.facebook.com\/toxinfokft\/","https:\/\/x.com\/ToxInfoKft"]}]}},"_links":{"self":[{"href":"https:\/\/www.msds-europe.com\/cs\/wp-json\/wp\/v2\/pages\/24805","targetHints":{"allow":["GET"]}}],"collection":[{"href":"https:\/\/www.msds-europe.com\/cs\/wp-json\/wp\/v2\/pages"}],"about":[{"href":"https:\/\/www.msds-europe.com\/cs\/wp-json\/wp\/v2\/types\/page"}],"author":[{"embeddable":true,"href":"https:\/\/www.msds-europe.com\/cs\/wp-json\/wp\/v2\/users\/2"}],"replies":[{"embeddable":true,"href":"https:\/\/www.msds-europe.com\/cs\/wp-json\/wp\/v2\/comments?post=24805"}],"version-history":[{"count":7,"href":"https:\/\/www.msds-europe.com\/cs\/wp-json\/wp\/v2\/pages\/24805\/revisions"}],"predecessor-version":[{"id":37123,"href":"https:\/\/www.msds-europe.com\/cs\/wp-json\/wp\/v2\/pages\/24805\/revisions\/37123"}],"wp:attachment":[{"href":"https:\/\/www.msds-europe.com\/cs\/wp-json\/wp\/v2\/media?parent=24805"}],"wp:term":[{"taxonomy":"post_tag","embeddable":true,"href":"https:\/\/www.msds-europe.com\/cs\/wp-json\/wp\/v2\/tags?post=24805"}],"curies":[{"name":"wp","href":"https:\/\/api.w.org\/{rel}","templated":true}]}}