{"id":24755,"date":"2021-03-03T08:16:51","date_gmt":"2021-03-03T08:16:51","guid":{"rendered":"https:\/\/www.msds-europe.com\/?page_id=24755"},"modified":"2026-02-25T09:07:34","modified_gmt":"2026-02-25T09:07:34","slug":"stitek-clp-oznacovani-v-praxi","status":"publish","type":"page","link":"https:\/\/www.msds-europe.com\/cs\/stitek-clp-oznacovani-v-praxi\/","title":{"rendered":"\u0160t\u00edtek CLP, ozna\u010dov\u00e1n\u00ed v praxi"},"content":{"rendered":"<p style=\"text-align: right;\"><em><a href=\"https:\/\/www.msds-europe.com\/cs\/zakladna-vedomostibezpecnostni-listy\/\">Datab\u00e1ze znalost\u00ed o bezpe\u010dnostn\u00edch listech<\/a> \u2013 Ozna\u010dov\u00e1n\u00ed podle CLP v praxi<\/em><\/p>\n<p>&nbsp;<\/p>\n<p style=\"text-align: justify;\">L\u00e1tky a sm\u011bsi podl\u00e9haj\u00edc\u00ed chemick\u00e9 legislativ\u011b musej\u00ed b\u00fdt ozna\u010deny v souladu s <a href=\"https:\/\/www.msds-europe.com\/cs\/regulacni-zmeny-v-oblasti-chemicke-bezpecnosti\/\"><strong>na\u0159\u00edzen\u00edm (ES) \u010d. 1272\/2008<\/strong><\/a> (CLP).<\/p>\n<p>&nbsp;<\/p>\n<h2 style=\"text-align: justify;\">Povinnost ozna\u010dov\u00e1n\u00ed<\/h2>\n<ul>\n<li>pokud je samotn\u00e1 l\u00e1tka nebo sm\u011bs klasifikov\u00e1na jako nebezpe\u010dn\u00e1 podle CLP,<\/li>\n<li>pokud se jedn\u00e1 o v\u00fdbu\u0161n\u00fd v\u00fdrobek,<\/li>\n<li>pokud jde o sm\u011bs neklasifikovanou jako nebezpe\u010dn\u00e1, kter\u00e1 v\u0161ak obsahuje jednu \u010di v\u00edce nebezpe\u010dn\u00fdch l\u00e1tek nad koncentracemi uveden\u00fdmi v \u010d\u00e1sti 2 p\u0159\u00edlohy II k na\u0159\u00edzen\u00ed CLP.<\/li>\n<\/ul>\n<p style=\"text-align: justify;\"><em>V\u00fdjimky z n\u011bkter\u00fdch prvk\u016f ozna\u010den\u00ed pro balen\u00ed do 125 ml (bod 1.5.2 p\u0159\u00edlohy I na\u0159\u00edzen\u00ed (ES) \u010d. 1272\/2008)<\/em><\/p>\n<p>&nbsp;<\/p>\n<h2 style=\"text-align: justify;\">Zdroje informac\u00ed pro tvorbu \u0161t\u00edtku podle CLP<\/h2>\n<p style=\"text-align: justify;\"><strong>Jako dovozce<\/strong><\/p>\n<p style=\"text-align: justify;\">\u0160t\u00edtek by m\u011bl vych\u00e1zet z hlavy III na\u0159\u00edzen\u00ed (ES) \u010d. 1272\/2008.<\/p>\n<p style=\"text-align: justify;\"><strong>Jako distributor<\/strong><\/p>\n<p style=\"text-align: justify;\">\u0160t\u00edtek by m\u011bl b\u00fdt vytvo\u0159en podle odd\u00edlu 2.2 bezpe\u010dnostn\u00edho listu.<\/p>\n<p style=\"text-align: justify;\"><strong>Jako prodejce<\/strong><\/p>\n<p style=\"text-align: justify;\">Obvykle nem\u00e1te povinnost vytv\u00e1\u0159et nov\u00fd \u0161t\u00edtek; zasahujete pouze tehdy, pokud je \u0161t\u00edtek po\u0161kozen\u00fd nebo ne\u010diteln\u00fd.<\/p>\n<p>&nbsp;<\/p>\n<h2 style=\"text-align: justify;\">Obecn\u00e9 aspekty ozna\u010dov\u00e1n\u00ed<\/h2>\n<ul>\n<li>princip \u201ekomunikace nebezpe\u010dnosti prost\u0159ednictv\u00edm ozna\u010den\u00ed\u201c<\/li>\n<li>jazyk \u0161t\u00edtku<\/li>\n<li>\u201edopl\u0148uj\u00edc\u00ed informace\u201c na \u0161t\u00edtku<\/li>\n<li>pravidla \u010ditelnosti a viditelnosti<\/li>\n<li>pravidla uspo\u0159\u00e1d\u00e1n\u00ed<\/li>\n<\/ul>\n<p>&nbsp;<\/p>\n<h2 style=\"text-align: justify;\">Prvky \u0161t\u00edtku nebezpe\u010dn\u00fdch v\u00fdrobk\u016f<\/h2>\n<ul>\n<li>jm\u00e9no, adresa a telefonn\u00ed \u010d\u00edslo dodavatele\/dodavatel\u016f,<\/li>\n<li>jmenovit\u00e9 mno\u017estv\u00ed (pro \u0161irokou ve\u0159ejnost),<\/li>\n<li>identifik\u00e1tory v\u00fdrobku.<\/li>\n<\/ul>\n<p style=\"text-align: justify;\">Je-li to relevantn\u00ed:<\/p>\n<ul>\n<li style=\"text-align: justify;\"><a href=\"https:\/\/www.msds-europe.com\/cs\/vystrazne-symbol-nebezpecnosti\/\">Piktogramy nebezpe\u010dnosti<\/a><\/li>\n<li style=\"text-align: justify;\">v\u00fdstra\u017en\u00e9 slovo<\/li>\n<li style=\"text-align: justify;\"><a href=\"https:\/\/www.msds-europe.com\/cs\/standardni-vety-o-nebezpecnosti-h\/\">Standardn\u00ed v\u011bty o nebezpe\u010dnosti (H-v\u011bty)<\/a><\/li>\n<li style=\"text-align: justify;\"><a href=\"https:\/\/www.msds-europe.com\/cs\/pokyny-pro-bezpecne-zachazeni\/\">Pokyny pro bezpe\u010dn\u00e9 zach\u00e1zen\u00ed (P-v\u011bty)<\/a>*<\/li>\n<\/ul>\n<p style=\"text-align: justify;\">* V p\u0159\u00edpad\u011b pou\u017eit\u00ed spot\u0159ebiteli tak\u00e9 P-v\u011bty t\u00fdkaj\u00edc\u00ed se odstra\u0148ov\u00e1n\u00ed l\u00e1tky \u010di sm\u011bsi a jej\u00edho obalu jako odpadu.<\/p>\n<ul>\n<li style=\"text-align: justify;\">sekce dopl\u0148uj\u00edc\u00edch informac\u00ed (povinn\u00e9 i nepovinn\u00e9 prvky)<\/li>\n<\/ul>\n<p>&nbsp;<\/p>\n<p style=\"text-align: justify;\"><strong>Povinn\u00e1 sekce dopl\u0148uj\u00edc\u00edch informac\u00ed na \u0161t\u00edtku<\/strong><\/p>\n<ul>\n<li style=\"text-align: justify;\"><a href=\"https:\/\/www.msds-europe.com\/h-statements\/\">V\u011bty EUH<\/a> (uveden\u00e9 v odd\u00edlech 1.1 a 1.2 p\u0159\u00edlohy II a v odd\u00edlu 2 p\u0159\u00edlohy III) pro l\u00e1tky a sm\u011bsi klasifikovan\u00e9 z d\u016fvodu fyzik\u00e1ln\u00ed nebezpe\u010dnosti, nebezpe\u010dnosti pro zdrav\u00ed nebo nebezpe\u010dnosti pro \u017eivotn\u00ed prost\u0159ed\u00ed,<\/li>\n<li style=\"text-align: justify;\">v\u011bty H pro p\u0159\u00edslu\u0161n\u00e9 l\u00e1tky v p\u0159\u00edloze I,<\/li>\n<li style=\"text-align: justify;\">informace o zvl\u00e1\u0161tn\u00edch opat\u0159en\u00edch,<\/li>\n<li style=\"text-align: justify;\">v\u011bta EUH401 u p\u0159\u00edpravk\u016f na ochranu rostlin,<\/li>\n<li style=\"text-align: justify;\">prvky \u0161t\u00edtku vypl\u00fdvaj\u00edc\u00ed z dal\u0161\u00edch p\u0159edpis\u016f \u2013 povrchov\u011b aktivn\u00ed l\u00e1tky a parf\u00e9my (detergenty), po\u017eadavky na ho\u0159lavost aerosol\u016f nebo obsah VOC podle sm\u011brnice 2004\/42\/ES (<a href=\"https:\/\/www.msds-europe.com\/cs\/clp-online-reklama-2028\/\">Nov\u00e1 pravidla CLP pro e-shopy: ozna\u010dov\u00e1n\u00ed a reklama<\/a>),<\/li>\n<li style=\"text-align: justify;\">sm\u011bsi s individu\u00e1ln\u00edmi v\u011btami EUH:<\/li>\n<\/ul>\n<p style=\"text-align: justify; padding-left: 60px;\">Sm\u011bsi obsahuj\u00edc\u00ed olovo<\/p>\n<p style=\"text-align: justify; padding-left: 60px;\">Sm\u011bsi obsahuj\u00edc\u00ed kyanoakryl\u00e1t<\/p>\n<p style=\"text-align: justify; padding-left: 60px;\">Cement a cementov\u00e9 sm\u011bsi<\/p>\n<p style=\"text-align: justify; padding-left: 60px;\">Sm\u011bsi obsahuj\u00edc\u00ed izokyan\u00e1ty<\/p>\n<p style=\"text-align: justify; padding-left: 60px;\">Sm\u011bsi obsahuj\u00edc\u00ed epoxidov\u00e9 slo\u017eky s pr\u016fm\u011brnou mol\u00e1rn\u00ed hmotnost\u00ed \u2264 700<\/p>\n<p style=\"text-align: justify; padding-left: 60px;\">Sm\u011bsi obsahuj\u00edc\u00ed aktivn\u00ed chl\u00f3r<\/p>\n<p style=\"text-align: justify; padding-left: 60px;\">Sm\u011bsi obsahuj\u00edc\u00ed kadmium (slitiny) ur\u010den\u00e9 k p\u00e1jen\u00ed<\/p>\n<p style=\"text-align: justify; padding-left: 60px;\">Sm\u011bsi neklasifikovan\u00e9 jako senzibilizuj\u00edc\u00ed, ale obsahuj\u00edc\u00ed alespo\u0148 jednu senzibilizuj\u00edc\u00ed l\u00e1tku<\/p>\n<p style=\"text-align: justify; padding-left: 60px;\">Kapaln\u00e9 sm\u011bsi obsahuj\u00edc\u00ed halogenovan\u00e9 uhlovod\u00edky<\/p>\n<p style=\"text-align: justify; padding-left: 60px;\">Sm\u011bsi neur\u010den\u00e9 pro b\u011b\u017enou ve\u0159ejnost obsahuj\u00edc\u00ed ur\u010dit\u00e9 l\u00e1tky v minim\u00e1ln\u00ed koncentraci<\/p>\n<p style=\"text-align: justify; padding-left: 60px;\">Aerosoly<\/p>\n<p>&nbsp;<\/p>\n<h2 style=\"text-align: justify;\">Minim\u00e1ln\u00ed rozm\u011bry \u0161t\u00edtk\u016f a piktogram\u016f<\/h2>\n<p style=\"text-align: justify;\">Podle na\u0159\u00edzen\u00ed Komise (EU) \u010d. 286\/2011:<\/p>\n<p style=\"text-align: justify;\">Objem; Rozm\u011bry \u0161t\u00edtku (mm); Rozm\u011bry ka\u017ed\u00e9ho <a href=\"https:\/\/www.msds-europe.com\/cs\/vystrazne-symbol-nebezpecnosti\/\">piktogramu<\/a> (mm)<\/p>\n<p style=\"text-align: justify;\">&lt; 3 litry; 52 \u00d7 74; 10 \u00d7 10 (min.), 16 \u00d7 16 (opt.)<\/p>\n<p style=\"text-align: justify;\">3 \u2013 50 litr\u016f; 74 \u00d7 105; 23 \u00d7 23<\/p>\n<p style=\"text-align: justify;\">50 \u2013 500 litr\u016f; 105 \u00d7 148; 32 \u00d7 32<\/p>\n<p style=\"text-align: justify;\">nad 500 litr\u016f; 148 \u00d7 210; 46 \u00d7 46<\/p>\n<p>&nbsp;<\/p>\n<h2 style=\"text-align: justify;\">Speci\u00e1ln\u00ed pokyny k ozna\u010dov\u00e1n\u00ed<\/h2>\n<ul>\n<li style=\"text-align: justify;\">P\u0159enosn\u00e9 lahve s plynem (odd\u00edl 1.3.1 p\u0159\u00edlohy I k CLP)<\/li>\n<li style=\"text-align: justify;\">N\u00e1doby na propan, butan nebo zkapaln\u011bn\u00fd ropn\u00fd plyn (odd\u00edl 1.3.2 p\u0159\u00edlohy I k CLP)<\/li>\n<li style=\"text-align: justify;\">Aerosoly a n\u00e1doby s uzav\u0159en\u00fdm rozpra\u0161ova\u010dem obsahuj\u00edc\u00ed l\u00e1tky \u010di sm\u011bsi s rizikem aspirace (odd\u00edl 1.3.3 p\u0159\u00edlohy I k CLP)<\/li>\n<li style=\"text-align: justify;\">Kovy v masivn\u00ed form\u011b, slitiny, sm\u011bsi obsahuj\u00edc\u00ed polymery nebo elastomery (odd\u00edl 1.3.4 p\u0159\u00edlohy I k CLP)<\/li>\n<li style=\"text-align: justify;\">V\u00fdbu\u0161niny ur\u010den\u00e9 k explozivn\u00edmu \u010di pyrotechnick\u00e9mu efektu (odd\u00edl 1.3.5 p\u0159\u00edlohy I k CLP)<\/li>\n<\/ul>\n<p>&nbsp;<\/p>\n<h3 style=\"text-align: justify;\"><span style=\"color: #333333;\">Nab\u00edzen\u00e9 slu\u017eby<\/span><\/h3>\n<ul>\n<li style=\"text-align: justify;\"><a href=\"https:\/\/www.msds-europe.com\/cs\/vytvoreni-navrhu-etikety\/\">Vytvo\u0159en\u00ed n\u00e1vrhu \u0161t\u00edtku podle CLP<\/a> pro nebezpe\u010dn\u00e9 l\u00e1tky a sm\u011bsi<\/li>\n<li>Na\u0161e slu\u017eby spojen\u00e9 s <a href=\"https:\/\/www.msds-europe.com\/cs\/ufi-sluzby\/\">generov\u00e1n\u00edm UFI<\/a> a ozn\u00e1men\u00edm PCN<\/li>\n<li><a href=\"https:\/\/www.msds-europe.com\/cs\/preklad-bezpecnostniho-listu\/\">P\u0159eklad bezpe\u010dnostn\u00edho listu<\/a> v souladu s p\u0159edpisy chemick\u00e9 bezpe\u010dnosti<\/li>\n<\/ul>\n<p>&nbsp;<\/p>\n<h3><span style=\"color: #333333;\">Doporu\u010den\u00e9 \u010dl\u00e1nky<\/span><\/h3>\n<ul>\n<li><a href=\"https:\/\/www.msds-europe.com\/cs\/prvky-oznaceni-bezpecnostniho-listu\/\">Prvky ozna\u010den\u00ed v bezpe\u010dnostn\u00edm listu<\/a><\/li>\n<li><a href=\"https:\/\/www.msds-europe.com\/cs\/standardni-vety-o-nebezpecnosti-h\/\">Standardn\u00ed v\u011bty o nebezpe\u010dnosti (H-v\u011bty)<\/a><\/li>\n<li><a href=\"https:\/\/www.msds-europe.com\/cs\/pokyny-pro-bezpecne-zachazeni\/\">Pokyny pro bezpe\u010dn\u00e9 zach\u00e1zen\u00ed (P-v\u011bty)<\/a><\/li>\n<li><a href=\"https:\/\/www.msds-europe.com\/cs\/vystrazne-symbol-nebezpecnosti\/\">Piktogramy nebezpe\u010dnosti<\/a><\/li>\n<\/ul>\n<p>&nbsp;<\/p>\n<h3>Rychl\u00e9 ot\u00e1zky a odpov\u011bdi<\/h3>\n<div class=\"su-spoiler su-spoiler-style-fancy su-spoiler-icon-chevron su-spoiler-closed\" data-scroll-offset=\"0\" data-anchor-in-url=\"no\"><div class=\"su-spoiler-title\" tabindex=\"0\" role=\"button\"><span class=\"su-spoiler-icon\"><\/span>Jak na\u0159\u00edzen\u00ed 2020\/878 ovliv\u0148uje obsah bezpe\u010dnostn\u00edch list\u016f?<\/div><div class=\"su-spoiler-content su-u-clearfix su-u-trim\">\n<p style=\"text-align: justify;\">Na\u0159\u00edzen\u00ed 2020\/878 zavedlo aktualizovan\u00e9 po\u017eadavky na strukturu a obsah bezpe\u010dnostn\u00edch list\u016f; od 1. ledna 2023 mus\u00ed b\u00fdt na trhu pouze bezpe\u010dnostn\u00ed listy spl\u0148uj\u00edc\u00ed tyto po\u017eadavky.<\/p>\n<\/div><\/div>\n<div class=\"su-spoiler su-spoiler-style-fancy su-spoiler-icon-chevron su-spoiler-closed\" data-scroll-offset=\"0\" data-anchor-in-url=\"no\"><div class=\"su-spoiler-title\" tabindex=\"0\" role=\"button\"><span class=\"su-spoiler-icon\"><\/span>Kdy je \u0161t\u00edtek podle CLP na v\u00fdrobku povinn\u00fd?<\/div><div class=\"su-spoiler-content su-u-clearfix su-u-trim\">\n<p style=\"text-align: justify;\">\u0160t\u00edtek je povinn\u00fd, pokud je l\u00e1tka nebo sm\u011bs klasifikov\u00e1na jako nebezpe\u010dn\u00e1 podle CLP, pokud se jedn\u00e1 o v\u00fdbu\u0161n\u00fd v\u00fdrobek, nebo pokud jde o sm\u011bs neklasifikovanou jako nebezpe\u010dnou, kter\u00e1 v\u0161ak obsahuje nebezpe\u010dnou l\u00e1tku nad stanoven\u00fdm limitem a vztahuj\u00ed se na ni dopl\u0148uj\u00edc\u00ed po\u017eadavky podle CLP.<\/p>\n<\/div><\/div>\n<div class=\"su-spoiler su-spoiler-style-fancy su-spoiler-icon-chevron su-spoiler-closed\" data-scroll-offset=\"0\" data-anchor-in-url=\"no\"><div class=\"su-spoiler-title\" tabindex=\"0\" role=\"button\"><span class=\"su-spoiler-icon\"><\/span>Jak\u00e1 je minim\u00e1ln\u00ed velikost \u0161t\u00edtku a piktogramu pro balen\u00ed 3\u201350 L?<\/div><div class=\"su-spoiler-content su-u-clearfix su-u-trim\">\n<p style=\"text-align: justify;\">Pro tento objemov\u00fd rozsah mus\u00ed m\u00edt \u0161t\u00edtek alespo\u0148 74 \u00d7 105 mm a ka\u017ed\u00fd piktogram alespo\u0148 23 \u00d7 23 mm.<\/p>\n<\/div><\/div>\n<div class=\"su-spoiler su-spoiler-style-fancy su-spoiler-icon-chevron su-spoiler-closed\" data-scroll-offset=\"0\" data-anchor-in-url=\"no\"><div class=\"su-spoiler-title\" tabindex=\"0\" role=\"button\"><span class=\"su-spoiler-icon\"><\/span>Kde a v jak\u00e9m form\u00e1tu mus\u00ed b\u00fdt uveden k\u00f3d UFI?<\/div><div class=\"su-spoiler-content su-u-clearfix su-u-trim\">\n<p style=\"text-align: justify;\">K\u00f3d ve form\u00e1tu \u201eUFI: xxxx-xxxx-xxxx-xxxx\u201c mus\u00ed b\u00fdt jasn\u011b viditeln\u00fd, \u010diteln\u00fd a nesmazateln\u00fd na \u0161t\u00edtku vnit\u0159n\u00edho obalu; pokud je m\u00edsto omezen\u00e9, m\u016f\u017ee b\u00fdt uveden vedle \u0161t\u00edtku na vn\u011bj\u0161\u00edm obalu.<\/p>\n<\/div><\/div>\n","protected":false},"excerpt":{"rendered":"<p>Datab\u00e1ze znalost\u00ed o bezpe\u010dnostn\u00edch listech \u2013 Ozna\u010dov\u00e1n\u00ed podle CLP v praxi &nbsp; L\u00e1tky a sm\u011bsi podl\u00e9haj\u00edc\u00ed chemick\u00e9 legislativ\u011b musej\u00ed b\u00fdt ozna\u010deny v souladu s na\u0159\u00edzen\u00edm (ES) \u010d. 1272\/2008 (CLP). &nbsp; Povinnost ozna\u010dov\u00e1n\u00ed pokud je samotn\u00e1 l\u00e1tka nebo sm\u011bs klasifikov\u00e1na jako nebezpe\u010dn\u00e1 podle CLP, pokud se jedn\u00e1 o v\u00fdbu\u0161n\u00fd v\u00fdrobek, pokud&#8230;<\/p>\n","protected":false},"author":2,"featured_media":0,"parent":0,"menu_order":0,"comment_status":"closed","ping_status":"closed","template":"","meta":{"_acf_changed":false,"footnotes":""},"tags":[244,358,296],"class_list":["post-24755","page","type-page","status-publish","hentry","tag-bezpecnostni-list-cs","tag-zakladna-vedomosti-pro-bezpecnostni-listy-cs","tag-znaceni-clp-cs"],"acf":[],"yoast_head":"<!-- This site is optimized with the Yoast SEO plugin v27.2 - https:\/\/yoast.com\/product\/yoast-seo-wordpress\/ -->\n<title>\u0160t\u00edtek CLP, ozna\u010dov\u00e1n\u00ed v praxi<\/title>\n<meta name=\"description\" content=\"Asistence p\u0159i praktick\u00e9 implementaci ozna\u010dov\u00e1n\u00ed v souladu s na\u0159\u00edzen\u00edm CLP. Rozm\u011bry \u0161t\u00edtku CLP atd. MSDS-Europe\" \/>\n<meta name=\"robots\" content=\"index, follow, max-snippet:-1, max-image-preview:large, max-video-preview:-1\" \/>\n<link rel=\"canonical\" href=\"https:\/\/www.msds-europe.com\/cs\/stitek-clp-oznacovani-v-praxi\/\" \/>\n<meta property=\"og:locale\" content=\"cs_CZ\" \/>\n<meta property=\"og:type\" content=\"article\" \/>\n<meta property=\"og:title\" content=\"\u0160t\u00edtek CLP, ozna\u010dov\u00e1n\u00ed v praxi\" \/>\n<meta property=\"og:description\" content=\"Asistence p\u0159i praktick\u00e9 implementaci ozna\u010dov\u00e1n\u00ed v souladu s na\u0159\u00edzen\u00edm CLP. Rozm\u011bry \u0161t\u00edtku CLP atd. MSDS-Europe\" \/>\n<meta property=\"og:url\" content=\"https:\/\/www.msds-europe.com\/cs\/stitek-clp-oznacovani-v-praxi\/\" \/>\n<meta property=\"og:site_name\" content=\"MSDS Europe\" \/>\n<meta property=\"article:publisher\" content=\"https:\/\/www.facebook.com\/toxinfokft\/\" \/>\n<meta property=\"article:modified_time\" content=\"2026-02-25T09:07:34+00:00\" \/>\n<meta name=\"twitter:card\" content=\"summary_large_image\" \/>\n<meta name=\"twitter:site\" content=\"@ToxInfoKft\" \/>\n<meta name=\"twitter:label1\" content=\"Odhadovan\u00e1 doba \u010dten\u00ed\" \/>\n\t<meta name=\"twitter:data1\" content=\"3 minuty\" \/>\n<script type=\"application\/ld+json\" class=\"yoast-schema-graph\">{\"@context\":\"https:\/\/schema.org\",\"@graph\":[{\"@type\":\"WebPage\",\"@id\":\"https:\/\/www.msds-europe.com\/cs\/stitek-clp-oznacovani-v-praxi\/\",\"url\":\"https:\/\/www.msds-europe.com\/cs\/stitek-clp-oznacovani-v-praxi\/\",\"name\":\"\u0160t\u00edtek CLP, ozna\u010dov\u00e1n\u00ed v praxi\",\"isPartOf\":{\"@id\":\"https:\/\/www.msds-europe.com\/es\/#website\"},\"datePublished\":\"2021-03-03T08:16:51+00:00\",\"dateModified\":\"2026-02-25T09:07:34+00:00\",\"description\":\"Asistence p\u0159i praktick\u00e9 implementaci ozna\u010dov\u00e1n\u00ed v souladu s na\u0159\u00edzen\u00edm CLP. Rozm\u011bry \u0161t\u00edtku CLP atd. MSDS-Europe\",\"breadcrumb\":{\"@id\":\"https:\/\/www.msds-europe.com\/cs\/stitek-clp-oznacovani-v-praxi\/#breadcrumb\"},\"inLanguage\":\"cs\",\"potentialAction\":[{\"@type\":\"ReadAction\",\"target\":[\"https:\/\/www.msds-europe.com\/cs\/stitek-clp-oznacovani-v-praxi\/\"]}]},{\"@type\":\"BreadcrumbList\",\"@id\":\"https:\/\/www.msds-europe.com\/cs\/stitek-clp-oznacovani-v-praxi\/#breadcrumb\",\"itemListElement\":[{\"@type\":\"ListItem\",\"position\":1,\"name\":\"F\u0151oldal\",\"item\":\"https:\/\/www.msds-europe.com\/cs\/\"},{\"@type\":\"ListItem\",\"position\":2,\"name\":\"\u0160t\u00edtek CLP, ozna\u010dov\u00e1n\u00ed v praxi\"}]},{\"@type\":\"WebSite\",\"@id\":\"https:\/\/www.msds-europe.com\/es\/#website\",\"url\":\"https:\/\/www.msds-europe.com\/es\/\",\"name\":\"MSDS Europe\",\"description\":\"\",\"publisher\":{\"@id\":\"https:\/\/www.msds-europe.com\/es\/#organization\"},\"potentialAction\":[{\"@type\":\"SearchAction\",\"target\":{\"@type\":\"EntryPoint\",\"urlTemplate\":\"https:\/\/www.msds-europe.com\/es\/?s={search_term_string}\"},\"query-input\":{\"@type\":\"PropertyValueSpecification\",\"valueRequired\":true,\"valueName\":\"search_term_string\"}}],\"inLanguage\":\"cs\"},{\"@type\":\"Organization\",\"@id\":\"https:\/\/www.msds-europe.com\/es\/#organization\",\"name\":\"MSDS-Europe International branch of ToxInfo\",\"url\":\"https:\/\/www.msds-europe.com\/es\/\",\"logo\":{\"@type\":\"ImageObject\",\"inLanguage\":\"cs\",\"@id\":\"https:\/\/www.msds-europe.com\/es\/#\/schema\/logo\/image\/\",\"url\":\"https:\/\/www.msds-europe.com\/wp-content\/uploads\/2021\/04\/msds-europe-logo.jpg\",\"contentUrl\":\"https:\/\/www.msds-europe.com\/wp-content\/uploads\/2021\/04\/msds-europe-logo.jpg\",\"width\":2296,\"height\":1067,\"caption\":\"MSDS-Europe International branch of ToxInfo\"},\"image\":{\"@id\":\"https:\/\/www.msds-europe.com\/es\/#\/schema\/logo\/image\/\"},\"sameAs\":[\"https:\/\/www.facebook.com\/toxinfokft\/\",\"https:\/\/x.com\/ToxInfoKft\"]}]}<\/script>\n<!-- \/ Yoast SEO plugin. -->","yoast_head_json":{"title":"\u0160t\u00edtek CLP, ozna\u010dov\u00e1n\u00ed v praxi","description":"Asistence p\u0159i praktick\u00e9 implementaci ozna\u010dov\u00e1n\u00ed v souladu s na\u0159\u00edzen\u00edm CLP. Rozm\u011bry \u0161t\u00edtku CLP atd. MSDS-Europe","robots":{"index":"index","follow":"follow","max-snippet":"max-snippet:-1","max-image-preview":"max-image-preview:large","max-video-preview":"max-video-preview:-1"},"canonical":"https:\/\/www.msds-europe.com\/cs\/stitek-clp-oznacovani-v-praxi\/","og_locale":"cs_CZ","og_type":"article","og_title":"\u0160t\u00edtek CLP, ozna\u010dov\u00e1n\u00ed v praxi","og_description":"Asistence p\u0159i praktick\u00e9 implementaci ozna\u010dov\u00e1n\u00ed v souladu s na\u0159\u00edzen\u00edm CLP. Rozm\u011bry \u0161t\u00edtku CLP atd. MSDS-Europe","og_url":"https:\/\/www.msds-europe.com\/cs\/stitek-clp-oznacovani-v-praxi\/","og_site_name":"MSDS Europe","article_publisher":"https:\/\/www.facebook.com\/toxinfokft\/","article_modified_time":"2026-02-25T09:07:34+00:00","twitter_card":"summary_large_image","twitter_site":"@ToxInfoKft","twitter_misc":{"Odhadovan\u00e1 doba \u010dten\u00ed":"3 minuty"},"schema":{"@context":"https:\/\/schema.org","@graph":[{"@type":"WebPage","@id":"https:\/\/www.msds-europe.com\/cs\/stitek-clp-oznacovani-v-praxi\/","url":"https:\/\/www.msds-europe.com\/cs\/stitek-clp-oznacovani-v-praxi\/","name":"\u0160t\u00edtek CLP, ozna\u010dov\u00e1n\u00ed v praxi","isPartOf":{"@id":"https:\/\/www.msds-europe.com\/es\/#website"},"datePublished":"2021-03-03T08:16:51+00:00","dateModified":"2026-02-25T09:07:34+00:00","description":"Asistence p\u0159i praktick\u00e9 implementaci ozna\u010dov\u00e1n\u00ed v souladu s na\u0159\u00edzen\u00edm CLP. Rozm\u011bry \u0161t\u00edtku CLP atd. MSDS-Europe","breadcrumb":{"@id":"https:\/\/www.msds-europe.com\/cs\/stitek-clp-oznacovani-v-praxi\/#breadcrumb"},"inLanguage":"cs","potentialAction":[{"@type":"ReadAction","target":["https:\/\/www.msds-europe.com\/cs\/stitek-clp-oznacovani-v-praxi\/"]}]},{"@type":"BreadcrumbList","@id":"https:\/\/www.msds-europe.com\/cs\/stitek-clp-oznacovani-v-praxi\/#breadcrumb","itemListElement":[{"@type":"ListItem","position":1,"name":"F\u0151oldal","item":"https:\/\/www.msds-europe.com\/cs\/"},{"@type":"ListItem","position":2,"name":"\u0160t\u00edtek CLP, ozna\u010dov\u00e1n\u00ed v praxi"}]},{"@type":"WebSite","@id":"https:\/\/www.msds-europe.com\/es\/#website","url":"https:\/\/www.msds-europe.com\/es\/","name":"MSDS Europe","description":"","publisher":{"@id":"https:\/\/www.msds-europe.com\/es\/#organization"},"potentialAction":[{"@type":"SearchAction","target":{"@type":"EntryPoint","urlTemplate":"https:\/\/www.msds-europe.com\/es\/?s={search_term_string}"},"query-input":{"@type":"PropertyValueSpecification","valueRequired":true,"valueName":"search_term_string"}}],"inLanguage":"cs"},{"@type":"Organization","@id":"https:\/\/www.msds-europe.com\/es\/#organization","name":"MSDS-Europe International branch of ToxInfo","url":"https:\/\/www.msds-europe.com\/es\/","logo":{"@type":"ImageObject","inLanguage":"cs","@id":"https:\/\/www.msds-europe.com\/es\/#\/schema\/logo\/image\/","url":"https:\/\/www.msds-europe.com\/wp-content\/uploads\/2021\/04\/msds-europe-logo.jpg","contentUrl":"https:\/\/www.msds-europe.com\/wp-content\/uploads\/2021\/04\/msds-europe-logo.jpg","width":2296,"height":1067,"caption":"MSDS-Europe International branch of ToxInfo"},"image":{"@id":"https:\/\/www.msds-europe.com\/es\/#\/schema\/logo\/image\/"},"sameAs":["https:\/\/www.facebook.com\/toxinfokft\/","https:\/\/x.com\/ToxInfoKft"]}]}},"_links":{"self":[{"href":"https:\/\/www.msds-europe.com\/cs\/wp-json\/wp\/v2\/pages\/24755","targetHints":{"allow":["GET"]}}],"collection":[{"href":"https:\/\/www.msds-europe.com\/cs\/wp-json\/wp\/v2\/pages"}],"about":[{"href":"https:\/\/www.msds-europe.com\/cs\/wp-json\/wp\/v2\/types\/page"}],"author":[{"embeddable":true,"href":"https:\/\/www.msds-europe.com\/cs\/wp-json\/wp\/v2\/users\/2"}],"replies":[{"embeddable":true,"href":"https:\/\/www.msds-europe.com\/cs\/wp-json\/wp\/v2\/comments?post=24755"}],"version-history":[{"count":8,"href":"https:\/\/www.msds-europe.com\/cs\/wp-json\/wp\/v2\/pages\/24755\/revisions"}],"predecessor-version":[{"id":37795,"href":"https:\/\/www.msds-europe.com\/cs\/wp-json\/wp\/v2\/pages\/24755\/revisions\/37795"}],"wp:attachment":[{"href":"https:\/\/www.msds-europe.com\/cs\/wp-json\/wp\/v2\/media?parent=24755"}],"wp:term":[{"taxonomy":"post_tag","embeddable":true,"href":"https:\/\/www.msds-europe.com\/cs\/wp-json\/wp\/v2\/tags?post=24755"}],"curies":[{"name":"wp","href":"https:\/\/api.w.org\/{rel}","templated":true}]}}